{"id":9952,"date":"2024-12-22T06:54:12","date_gmt":"2024-12-22T05:54:12","guid":{"rendered":"https:\/\/auren.com\/ar\/eventos-pasados\/"},"modified":"2024-12-22T06:54:55","modified_gmt":"2024-12-22T05:54:55","slug":"past-events","status":"publish","type":"page","link":"https:\/\/aurenweb-stg.servidortemporal.net\/ar\/en\/past-events\/","title":{"rendered":"Past Events"},"content":{"rendered":"<section id=\"Header-block_a0355010bae1bd82b15016fd511382b3\" class=\"Header\">\r\n\r\n    <div class=\"hero\">\r\n                <div class=\"container\">\r\n            <div class=\"hero_header\">\r\n                                \r\n                <div class=\"hero_header_title\">\r\n                    <h1 class=''>Past events<\/h1>\n                <\/div>\r\n\r\n                                \r\n            <\/div>\r\n        <\/div>\r\n        \r\n                <picture>\r\n            <source srcset=\"https:\/\/aurenweb-stg.servidortemporal.net\/ar\/wp-content\/uploads\/2024\/12\/bg-hero-events-list.webp\"\r\n                media=\"(min-width: 1200px)\" \/>\r\n            <img loading=\"lazy\" decoding=\"async\" class=\"hero_bg\"\r\n                <img loading=\"lazy\" decoding=\"async\" width=\"640\" height=\"383\" src=\"https:\/\/aurenweb-stg.servidortemporal.net\/ar\/wp-content\/uploads\/2024\/12\/bg-hero-events-list-1024x612.webp\" class=\"hero_bg\" alt=\"\" srcset=\"https:\/\/aurenweb-stg.servidortemporal.net\/ar\/wp-content\/uploads\/2024\/12\/bg-hero-events-list-1024x612.webp 1024w, https:\/\/aurenweb-stg.servidortemporal.net\/ar\/wp-content\/uploads\/2024\/12\/bg-hero-events-list-300x179.webp 300w, https:\/\/aurenweb-stg.servidortemporal.net\/ar\/wp-content\/uploads\/2024\/12\/bg-hero-events-list-768x459.webp 768w, https:\/\/aurenweb-stg.servidortemporal.net\/ar\/wp-content\/uploads\/2024\/12\/bg-hero-events-list.webp 1300w\" sizes=\"auto, (max-width: 640px) 100vw, 640px\" \/>>\r\n        <\/picture>\r\n        \r\n                        <p class=\"hero_scroll\"><strong>Explore More<\/strong> Scroll down<\/p>\r\n                    <\/div>\r\n\r\n<\/section>\n\n\r\n<section id=\"Breadcrumbs-block_4402a714c07a0a69f65b9f12cb8fabd9\" class=\"Breadcrumbs\">\r\n            \r\n        <nav class=\"breads\" aria-label=\"Breadcrumb\">\r\n            <ul class=\"container\">\r\n            <li><span aria-current='page'>Home<\/span><\/li><li><span aria-current='page'>Events<\/span><\/li><li><span aria-current='page'>Past Events<\/span><\/li>            <\/ul>\r\n        <\/nav>\r\n\r\n                                                                                     \r\n    \r\n<\/section>\r\n\n\n\n\n\r\n<section id=\"ContactForm-block_4e77d879a71d2979111e9bb20fd3cb98\" class=\"ContactForm\">\r\n\r\n    <div class=\"subscribe\">\r\n        <div class=\"container\">\r\n            <div class=\"subscribe_header\" style=\"background-image: url('https:\/\/aurenweb-stg.servidortemporal.net\/ar\/wp-content\/uploads\/2024\/12\/bg-hero-events-list-1024x612.webp')\">\r\n                <div class=\"subscribe_header_title\">\r\n                    <p>Don\u2019t miss our updates. Subscribe!<\/p>\n                <\/div>\r\n                <div class=\"subscribe_header_kicker\">\r\n                    <span>BLOG<\/span>\r\n                <\/div>\r\n            <\/div>\r\n            <div class=\"subscribe_text\">\r\n                \n<div class=\"wpcf7 no-js\" id=\"wpcf7-f17437-o1\" lang=\"en-US\" dir=\"ltr\" data-wpcf7-id=\"17437\">\n<div class=\"screen-reader-response\"><p role=\"status\" aria-live=\"polite\" aria-atomic=\"true\"><\/p> <ul><\/ul><\/div>\n<form action=\"\/ar\/en\/wp-json\/wp\/v2\/pages\/9952#wpcf7-f17437-o1\" method=\"post\" class=\"wpcf7-form init\" aria-label=\"Contact form\" novalidate=\"novalidate\" data-status=\"init\">\n<div style=\"display: none;\">\n<input type=\"hidden\" name=\"_wpcf7\" value=\"17437\" \/>\n<input type=\"hidden\" name=\"_wpcf7_version\" value=\"6.0.1\" \/>\n<input type=\"hidden\" name=\"_wpcf7_locale\" value=\"en_US\" \/>\n<input type=\"hidden\" name=\"_wpcf7_unit_tag\" value=\"wpcf7-f17437-o1\" \/>\n<input type=\"hidden\" name=\"_wpcf7_container_post\" value=\"0\" \/>\n<input type=\"hidden\" name=\"_wpcf7_posted_data_hash\" value=\"\" \/>\n<\/div>\n<div class=\"subscribe_field subscribe_field-placeholder\">\n\t<p><span class=\"wpcf7-form-control-wrap\" data-name=\"your-name\"><input size=\"40\" maxlength=\"400\" class=\"wpcf7-form-control wpcf7-text wpcf7-validates-as-required\" id=\"your-name\" autocomplete=\"name\" aria-required=\"true\" aria-invalid=\"false\" value=\"\" type=\"text\" name=\"your-name\" \/><\/span><label for=\"your-name\">Nombre completo<span>*<\/span><\/label>\n\t<\/p>\n<\/div>\n<div class=\"subscribe_field subscribe_field-placeholder\">\n\t<p><span class=\"wpcf7-form-control-wrap\" data-name=\"your-email\"><input size=\"40\" maxlength=\"400\" class=\"wpcf7-form-control wpcf7-email wpcf7-validates-as-required wpcf7-text wpcf7-validates-as-email\" id=\"your-email\" autocomplete=\"email\" aria-required=\"true\" aria-invalid=\"false\" value=\"\" type=\"email\" name=\"your-email\" \/><\/span><label for=\"your-email\">Email<span>*<\/span><\/label>\n\t<\/p>\n<\/div>\n<div class=\"subscribe_field subscribe_field-select\">\n\t<p><label for=\"services\">Servicios<\/label><span class=\"wpcf7-form-control-wrap\" data-name=\"select-713\"><select class=\"wpcf7-form-control wpcf7-select\" id=\"your-services\" aria-invalid=\"false\" name=\"select-713\"><option value=\"\"><\/option><option value=\"Opci\u00f3n 1\">Opci\u00f3n 1<\/option><option value=\"Opci\u00f3n 2\">Opci\u00f3n 2<\/option><option value=\"Opci\u00f3n 3\">Opci\u00f3n 3<\/option><\/select><\/span>\n\t<\/p>\n<\/div>\n<div class=\"subscribe_field subscribe_field-check\">\n\t<p><span class=\"wpcf7-form-control-wrap\" data-name=\"acceptance-216\"><span class=\"wpcf7-form-control wpcf7-acceptance optional\"><span class=\"wpcf7-list-item\"><label><input type=\"checkbox\" name=\"acceptance-216\" value=\"1\" aria-invalid=\"false\" \/><span class=\"wpcf7-list-item-label\">He le\u00eddo y acepto la Pol\u00edtica Privacidad y Seguridad Informaci\u00f3n y el Aviso legal <span>*<\/span><\/span><\/label><\/span><\/span><\/span>\n\t<\/p>\n<\/div>\n<div class=\"subscribe_note\">\n\t<p>Le informamos que su direcci\u00f3n de correo electr\u00f3nico es necesaria para atender su solicitud de suscripci\u00f3n. Por el hecho de marcar la casilla que indica \u201cHe le\u00eddo y acepto la Pol\u00edtica de Privacidad\u201d y hacer clic en el bot\u00f3n \u201cSUSCRIBIR\u201d usted est\u00e1 prestando su consentimiento expreso e inequ\u00edvoco para que tratemos sus datos con el objeto de suscribirle al Blog de Auren. Sus datos no ser\u00e1n cedidos a terceros ajenos al Grupo Auren y ser\u00e1n conservados mientras usted no manifieste su voluntad de no continuar suscrito al referido blog. En cualquier caso, podr\u00e1 ejercitar sus derechos de acceso, rectificaci\u00f3n, supresi\u00f3n, portabilidad, limitaci\u00f3n y oposici\u00f3n al tratamiento de sus datos personales. Para m\u00e1s informaci\u00f3n puede consultar nuestra Pol\u00edtica Privacidad y Seguridad Informaci\u00f3n.\n\t<\/p>\n<\/div>\n<p><button type=\"submit\" class=\"wpcf7-form-control wpcf7-submit button button-primary button-icon\">Suscribirse ahora<\/button>\n<\/p><div class=\"wpcf7-response-output\" aria-hidden=\"true\"><\/div>\n<\/form>\n<\/div>\n            <\/div>\r\n        <\/div>\r\n    <\/div>\r\n\r\n<\/section>","protected":false},"excerpt":{"rendered":"","protected":false},"author":2,"featured_media":0,"parent":0,"menu_order":0,"comment_status":"closed","ping_status":"closed","template":"","meta":{"_acf_changed":false,"footnotes":""},"class_list":["post-9952","page","type-page","status-publish","hentry"],"acf":[],"_links":{"self":[{"href":"https:\/\/aurenweb-stg.servidortemporal.net\/ar\/en\/wp-json\/wp\/v2\/pages\/9952","targetHints":{"allow":["GET"]}}],"collection":[{"href":"https:\/\/aurenweb-stg.servidortemporal.net\/ar\/en\/wp-json\/wp\/v2\/pages"}],"about":[{"href":"https:\/\/aurenweb-stg.servidortemporal.net\/ar\/en\/wp-json\/wp\/v2\/types\/page"}],"author":[{"embeddable":true,"href":"https:\/\/aurenweb-stg.servidortemporal.net\/ar\/en\/wp-json\/wp\/v2\/users\/2"}],"replies":[{"embeddable":true,"href":"https:\/\/aurenweb-stg.servidortemporal.net\/ar\/en\/wp-json\/wp\/v2\/comments?post=9952"}],"version-history":[{"count":1,"href":"https:\/\/aurenweb-stg.servidortemporal.net\/ar\/en\/wp-json\/wp\/v2\/pages\/9952\/revisions"}],"predecessor-version":[{"id":9954,"href":"https:\/\/aurenweb-stg.servidortemporal.net\/ar\/en\/wp-json\/wp\/v2\/pages\/9952\/revisions\/9954"}],"wp:attachment":[{"href":"https:\/\/aurenweb-stg.servidortemporal.net\/ar\/en\/wp-json\/wp\/v2\/media?parent=9952"}],"curies":[{"name":"wp","href":"https:\/\/api.w.org\/{rel}","templated":true}]}}