{"id":10043,"date":"2024-12-22T07:41:40","date_gmt":"2024-12-22T06:41:40","guid":{"rendered":"https:\/\/auren.com\/ar\/carrera-profesional\/"},"modified":"2025-01-21T13:48:52","modified_gmt":"2025-01-21T12:48:52","slug":"carreiras","status":"publish","type":"page","link":"https:\/\/aurenweb-stg.servidortemporal.net\/ar\/pt-pt\/carreiras\/","title":{"rendered":"Carreiras"},"content":{"rendered":"<section id=\"Header-block_12c11494c68d4c09e7c26a3706223b23\" class=\"Header\">\r\n\r\n    <div class=\"hero\">\r\n                <div class=\"container\">\r\n            <div class=\"hero_header\">\r\n                                \r\n                <div class=\"hero_header_title\">\r\n                    <h1 class='' style=\"text-align: right;\">CARREIRA<\/h1>\n                <\/div>\r\n\r\n                                                \r\n                <div class=\"hero_header_subtitle\">\r\n                    <p style=\"text-align: right;\">AUREN N\u00c3O SER\u00c1 UM MERO TRAMPOLIM NA SUA CARREIRA PROFISSIONAL.<\/p>\n                <\/div>\r\n\r\n                                \r\n            <\/div>\r\n        <\/div>\r\n        \r\n                <picture>\r\n            <source srcset=\"https:\/\/aurenweb-stg.servidortemporal.net\/ar\/wp-content\/uploads\/2024\/12\/bg-hero-careers-d.webp\"\r\n                media=\"(min-width: 1200px)\" \/>\r\n            <img loading=\"lazy\" decoding=\"async\" class=\"hero_bg\"\r\n                <img loading=\"lazy\" decoding=\"async\" width=\"640\" height=\"383\" src=\"https:\/\/aurenweb-stg.servidortemporal.net\/ar\/wp-content\/uploads\/2024\/12\/bg-hero-careers-d-1024x612.webp\" class=\"hero_bg\" alt=\"\" srcset=\"https:\/\/aurenweb-stg.servidortemporal.net\/ar\/wp-content\/uploads\/2024\/12\/bg-hero-careers-d-1024x612.webp 1024w, https:\/\/aurenweb-stg.servidortemporal.net\/ar\/wp-content\/uploads\/2024\/12\/bg-hero-careers-d-300x179.webp 300w, https:\/\/aurenweb-stg.servidortemporal.net\/ar\/wp-content\/uploads\/2024\/12\/bg-hero-careers-d-768x459.webp 768w, https:\/\/aurenweb-stg.servidortemporal.net\/ar\/wp-content\/uploads\/2024\/12\/bg-hero-careers-d.webp 1200w\" sizes=\"auto, (max-width: 640px) 100vw, 640px\" \/>>\r\n        <\/picture>\r\n        \r\n                        <p class=\"hero_scroll\"><strong>Explore mais<\/strong> Deslocar para baixo<\/p>\r\n                    <\/div>\r\n\r\n<\/section>\n\n\r\n<section id=\"Breadcrumbs-block_5c44a5f8d08dcc7c2208f555e5f34913\" class=\"Breadcrumbs\">\r\n    \r\n        <nav class=\"breads\" aria-label=\"Breadcrumb\">\r\n            <ul class=\"container\">\r\n                <li><a href=\"https:\/\/aurenweb-stg.servidortemporal.net\/ar\/pt-pt\/\">Home<\/a><\/li>\r\n                <li><span aria-current=\"page\">Carreiras<\/span><\/li>            <\/ul>\r\n        <\/nav>\r\n\r\n                                                                                     \r\n    \r\n<\/section>\r\n\n\n\r\n<section id=\"ImageText-block_68fb6dddc7976af3f844c4693218a435\" class=\"ImageText\">\r\n\r\n    <section class=\"info \">\r\n        <div class=\"container\">\r\n            <div class=\"info_text\">\r\n                <div class=\"info_title\">\r\n                    <h2 class=''>OPORTUNIDADES DE CARREIRA<\/h2>\n                <\/div>\r\n                <div class=\"info_description\">\r\n                    <p>Procura uma experi\u00eancia profissional que tenha um impacto duradouro na sua carreira? Comece a sua viagem com a Auren, onde ir\u00e1 adquirir compet\u00eancias valiosas e trabalhar com especialistas experientes. Esta oportunidade ajud\u00e1-lo-\u00e1 a crescer e a ter sucesso em qualquer empreendimento futuro, dando-lhe uma base s\u00f3lida para o sucesso ao longo da vida. D\u00ea o primeiro passo para uma carreira gratificante na Auren.<\/p>\n                <\/div>\r\n            <\/div>\r\n            <div class=\"info_media\">\r\n                <div class=\"info_media_item info_media_item-1\">\r\n                    <div class=\"info_media_item_text\"><span class=\"title\"><\/span><\/div>\r\n                    <div class=\"info_media_item_text_claim\"><\/div>\r\n                    <span class=\"info_media_item_bg\">\r\n                                                    <img loading=\"lazy\" decoding=\"async\" width=\"640\" height=\"412\" src=\"https:\/\/aurenweb-stg.servidortemporal.net\/ar\/wp-content\/uploads\/2024\/12\/example-info-1-mask.webp\" class=\"attachment-large size-large\" alt=\"\" srcset=\"https:\/\/aurenweb-stg.servidortemporal.net\/ar\/wp-content\/uploads\/2024\/12\/example-info-1-mask.webp 902w, https:\/\/aurenweb-stg.servidortemporal.net\/ar\/wp-content\/uploads\/2024\/12\/example-info-1-mask-300x193.webp 300w, https:\/\/aurenweb-stg.servidortemporal.net\/ar\/wp-content\/uploads\/2024\/12\/example-info-1-mask-768x494.webp 768w\" sizes=\"auto, (max-width: 640px) 100vw, 640px\" \/>                                            <\/span>\r\n                                                        <\/div>\r\n                <div class=\"info_media_claim\">\r\n                    <p>IMPULSIONAR A SUA CARREIRA<\/p>\n                <\/div>\r\n                <div class=\"info_media_item info_media_item-2\">\r\n                    <div class=\"info_media_item_text\"><span class=\"title\"><\/span><\/div>\r\n                    <div class=\"info_media_item_text_claim\"><\/div>\r\n                    <span class=\"info_media_item_bg\">\r\n                                                    <img loading=\"lazy\" decoding=\"async\" width=\"640\" height=\"412\" src=\"https:\/\/aurenweb-stg.servidortemporal.net\/ar\/wp-content\/uploads\/2024\/12\/example-info-2-mask.webp\" class=\"attachment-large size-large\" alt=\"\" srcset=\"https:\/\/aurenweb-stg.servidortemporal.net\/ar\/wp-content\/uploads\/2024\/12\/example-info-2-mask.webp 902w, https:\/\/aurenweb-stg.servidortemporal.net\/ar\/wp-content\/uploads\/2024\/12\/example-info-2-mask-300x193.webp 300w, https:\/\/aurenweb-stg.servidortemporal.net\/ar\/wp-content\/uploads\/2024\/12\/example-info-2-mask-768x494.webp 768w\" sizes=\"auto, (max-width: 640px) 100vw, 640px\" \/>                                            <\/span>\r\n                                                        <\/div>\r\n            <\/div>\r\n        <\/div>\r\n    <\/section>\r\n\r\n<\/section>\r\n\r\n\n\n\r\n<section id=\"JoinUs-block_499a9f651a6290cccef137846aac1e6b\" class=\"JoinUs\">\r\n\r\n    <section class=\"joinus\">\r\n        <div class=\"container\">\r\n            <div class=\"joinus_content\">\r\n                <div class=\"joinus_data\">\r\n                    <div class=\"joinus_data_title\">\r\n                        <p class=''>RAZ\u00d5ES PARA SE JUNTAR A N\u00d3S<\/p>\n                    <\/div>\r\n                    <ul class=\"joinus_data_list\">\r\n                                                    <li class=\"joinus_data_list_item\">\r\n                                <div class=\"joinus_data_list_item_title\">\r\n                                    <p><strong>CRESCIMENTO<\/strong><br \/>\nDIN\u00c2MICO<\/p>\n                                <\/div>\r\n                                <div class=\"joinus_data_list_item_text\">\r\n                                    <p>Melhore as suas compet\u00eancias e ganhe experi\u00eancia valiosa num ambiente de apoio.<\/p>\n                                <\/div>\r\n                            <\/li>\r\n                                                    <li class=\"joinus_data_list_item\">\r\n                                <div class=\"joinus_data_list_item_title\">\r\n                                    <p><strong>COLABORA\u00c7\u00c3O<br \/>\n<\/strong>DIVERSA<\/p>\n                                <\/div>\r\n                                <div class=\"joinus_data_list_item_text\">\r\n                                    <p>Trabalhar em projectos multidisciplinares com uma equipa diversificada e talentosa.<\/p>\n                                <\/div>\r\n                            <\/li>\r\n                                                    <li class=\"joinus_data_list_item\">\r\n                                <div class=\"joinus_data_list_item_title\">\r\n                                    <p><strong>FOCO<\/strong><br \/>\nSUSTENTABILIDADE<\/p>\n                                <\/div>\r\n                                <div class=\"joinus_data_list_item_text\">\r\n                                    <p>Junte-se a uma empresa empenhada em criar um impacto social e ambiental positivo.<\/p>\n                                <\/div>\r\n                            <\/li>\r\n                                            <\/ul>\r\n                <\/div>\r\n                <div class=\"joinus_cta\">\r\n                    <div class=\"joinus_cta_title\">\r\n                        <p class=''>Fa\u00e7a de Auren um elemento-chave da sua carreira profissional<\/p>\n                    <\/div>\r\n                                            <a class=\"button button-icon button-contrast-red\" href=\"#\" target=\"#\">Envie o seu CV agora<\/a>\r\n                                    <\/div>\r\n            <\/div>\r\n        <\/div>\r\n    <\/section>\r\n\r\n<\/section>\n\n","protected":false},"excerpt":{"rendered":"","protected":false},"author":2,"featured_media":0,"parent":0,"menu_order":0,"comment_status":"closed","ping_status":"closed","template":"","meta":{"_acf_changed":false,"footnotes":""},"class_list":["post-10043","page","type-page","status-publish","hentry"],"acf":[],"_links":{"self":[{"href":"https:\/\/aurenweb-stg.servidortemporal.net\/ar\/pt-pt\/wp-json\/wp\/v2\/pages\/10043","targetHints":{"allow":["GET"]}}],"collection":[{"href":"https:\/\/aurenweb-stg.servidortemporal.net\/ar\/pt-pt\/wp-json\/wp\/v2\/pages"}],"about":[{"href":"https:\/\/aurenweb-stg.servidortemporal.net\/ar\/pt-pt\/wp-json\/wp\/v2\/types\/page"}],"author":[{"embeddable":true,"href":"https:\/\/aurenweb-stg.servidortemporal.net\/ar\/pt-pt\/wp-json\/wp\/v2\/users\/2"}],"replies":[{"embeddable":true,"href":"https:\/\/aurenweb-stg.servidortemporal.net\/ar\/pt-pt\/wp-json\/wp\/v2\/comments?post=10043"}],"version-history":[{"count":5,"href":"https:\/\/aurenweb-stg.servidortemporal.net\/ar\/pt-pt\/wp-json\/wp\/v2\/pages\/10043\/revisions"}],"predecessor-version":[{"id":26061,"href":"https:\/\/aurenweb-stg.servidortemporal.net\/ar\/pt-pt\/wp-json\/wp\/v2\/pages\/10043\/revisions\/26061"}],"wp:attachment":[{"href":"https:\/\/aurenweb-stg.servidortemporal.net\/ar\/pt-pt\/wp-json\/wp\/v2\/media?parent=10043"}],"curies":[{"name":"wp","href":"https:\/\/api.w.org\/{rel}","templated":true}]}}