{"id":10127,"date":"2024-12-22T08:36:31","date_gmt":"2024-12-22T07:36:31","guid":{"rendered":"https:\/\/auren.com\/ar\/conoce-auren\/proposito-vision-y-valores\/"},"modified":"2024-12-22T08:44:12","modified_gmt":"2024-12-22T07:44:12","slug":"objetivo-visao-e-valores","status":"publish","type":"page","link":"https:\/\/aurenweb-stg.servidortemporal.net\/ar\/pt-pt\/sobre-nos-auren\/objetivo-visao-e-valores\/","title":{"rendered":"Objetivo, vis\u00e3o e valores"},"content":{"rendered":"<section id=\"Header-block_15dc59c6e3e04d99cbd4705ae6ace500\" class=\"Header\">\r\n\r\n    <div class=\"hero\">\r\n                <div class=\"container\">\r\n            <div class=\"hero_header\">\r\n                                \r\n                <div class=\"hero_header_title\">\r\n                    <p class=''>Objetivo, vis\u00e3o<\/p>\n                <\/div>\r\n\r\n                                                \r\n                <div class=\"hero_header_title\">\r\n                    <p class='' style=\"text-align: right;\"><strong>e valores<\/strong><\/p>\n                <\/div>\r\n\r\n                                                \r\n                <div class=\"hero_header_subtitle\">\r\n                    <p style=\"text-align: right;\">A honestidade, a transpar\u00eancia e o cuidado com as pessoas s\u00e3o pilares fundamentais da nossa cultura.<\/p>\n                <\/div>\r\n\r\n                                \r\n            <\/div>\r\n        <\/div>\r\n        \r\n                <picture>\r\n            <source srcset=\"https:\/\/aurenweb-stg.servidortemporal.net\/ar\/wp-content\/uploads\/2024\/11\/bg-hero-aboutus-values-d.webp\"\r\n                media=\"(min-width: 1200px)\" \/>\r\n            <img loading=\"lazy\" decoding=\"async\" class=\"hero_bg\"\r\n                <img loading=\"lazy\" decoding=\"async\" width=\"640\" height=\"383\" src=\"https:\/\/aurenweb-stg.servidortemporal.net\/ar\/wp-content\/uploads\/2024\/11\/bg-hero-aboutus-values-d-1024x612.webp\" class=\"hero_bg\" alt=\"\" srcset=\"https:\/\/aurenweb-stg.servidortemporal.net\/ar\/wp-content\/uploads\/2024\/11\/bg-hero-aboutus-values-d-1024x612.webp 1024w, https:\/\/aurenweb-stg.servidortemporal.net\/ar\/wp-content\/uploads\/2024\/11\/bg-hero-aboutus-values-d-300x179.webp 300w, https:\/\/aurenweb-stg.servidortemporal.net\/ar\/wp-content\/uploads\/2024\/11\/bg-hero-aboutus-values-d-768x459.webp 768w, https:\/\/aurenweb-stg.servidortemporal.net\/ar\/wp-content\/uploads\/2024\/11\/bg-hero-aboutus-values-d.webp 1200w\" sizes=\"auto, (max-width: 640px) 100vw, 640px\" \/>>\r\n        <\/picture>\r\n        \r\n                        <p class=\"hero_scroll\"><strong>Explore mais<\/strong> Deslocar para baixo<\/p>\r\n                    <\/div>\r\n\r\n<\/section>\n\n\r\n<section id=\"Breadcrumbs-block_4f530b0822257f7a8bf2020dff3f2672\" class=\"Breadcrumbs\">\r\n    \r\n        <nav class=\"breads\" aria-label=\"Breadcrumb\">\r\n            <ul class=\"container\">\r\n                <li><a href=\"https:\/\/aurenweb-stg.servidortemporal.net\/ar\/pt-pt\/\">Home<\/a><\/li>\r\n                <li><span aria-current=\"page\">Objetivo, vis\u00e3o e valores<\/span><\/li>            <\/ul>\r\n        <\/nav>\r\n\r\n                                                                                     \r\n    \r\n<\/section>\r\n\n\n<div id=\"TitleSubtitleText-block_0b8f61806d67bfcdae14fb9d7b2b4874\" class=\"TitleSubtitleText\">\n\n    <section class=\"headlines v2\">\n        <div class=\"container\">\n                        <div class=\"headlines_title\">\n                <p class=''>Experi\u00eancia, Integridade, Sustentabilidade<\/p>\n            <\/div>\n                                    <div class=\"headlines_content\">\n                                <div class=\"headlines_subtitle\">\n                    <p>Os nossos valores<\/p>\n                <\/div>\n                                                <div class=\"headlines_description\">\n                    <p>Acreditamos que os servi\u00e7os profissionais podem ser prestados com consci\u00eancia, humanidade e envolvimento. Distinguimo-nos pela proximidade, profissionalismo, adaptabilidade e esp\u00edrito empreendedor. Somos empreendedores ao servi\u00e7o dos empreendedores, sempre focados em ajudar os nossos clientes a alcan\u00e7ar o seu sucesso.<\/p>\n                <\/div>\n                                            <\/div>\n                    <\/div>\n    <\/section>\n\n<\/div>\n\n\n\r\n<section id=\"Goals-block_8f65603269827f9e4c3ff27b360411ff\" class=\"Goals\">\r\n\r\n    \r\n    <section class=\"goals\">\r\n        <div class=\"container\">\r\n            <div class=\"goals_content\">\r\n                <ul class=\"goals_list \">\r\n                    \r\n            <li class=\"goals_list_item\">\r\n                <div class=\"goals_list_item_title\">\r\n                    <h3>Proximidade<\/h3>\r\n                <\/div>\r\n                <div class=\"goals_list_item_text\">\r\n                    <p>Estamos pr\u00f3ximos dos nossos clientes e estamos pr\u00f3ximos deles. Comprometemo-nos proactivamente com eles. Caracterizamo-nos pela flexibilidade e disponibilidade permanente.<\/p>\n\r\n                <\/div>\r\n            <\/li>\r\n        \r\n            <li class=\"goals_list_item\">\r\n                <div class=\"goals_list_item_title\">\r\n                    <h3>Qualidade<\/h3>\r\n                <\/div>\r\n                <div class=\"goals_list_item_text\">\r\n                    <p>A experi\u00eancia e a especializa\u00e7\u00e3o dos nossos profissionais, bem como uma atitude de escuta ativa e uma metodologia de trabalho eficaz, garantem a nossa excel\u00eancia.<\/p>\n\r\n                <\/div>\r\n            <\/li>\r\n        \r\n            <li class=\"goals_list_item\">\r\n                <div class=\"goals_list_item_title\">\r\n                    <h3>Inova\u00e7\u00e3o<\/h3>\r\n                <\/div>\r\n                <div class=\"goals_list_item_text\">\r\n                    <p>O modelo de neg\u00f3cio da Auren, baseado no crescimento constante, garante a inova\u00e7\u00e3o na presta\u00e7\u00e3o dos seus servi\u00e7os para cobrir todos os projectos dos nossos clientes. Sabemos que o mundo est\u00e1 em constante mudan\u00e7a e adaptamo-nos \u00e0 sua evolu\u00e7\u00e3o.<\/p>\n\r\n                <\/div>\r\n            <\/li>\r\n        \r\n            <li class=\"goals_list_item\">\r\n                <div class=\"goals_list_item_title\">\r\n                    <h3>\u00c9tica profissional<\/h3>\r\n                <\/div>\r\n                <div class=\"goals_list_item_text\">\r\n                    <p>Todas as nossas ac\u00e7\u00f5es s\u00e3o regidas pela objetividade, transpar\u00eancia e confidencialidade. O c\u00f3digo de conduta representa um compromisso e uma garantia da honestidade que faz parte da cultura da Auren.<\/p>\n\r\n                <\/div>\r\n            <\/li>\r\n        \r\n            <li class=\"goals_list_item\">\r\n                <div class=\"goals_list_item_title\">\r\n                    <h3>Empreendedorismo<\/h3>\r\n                <\/div>\r\n                <div class=\"goals_list_item_text\">\r\n                    <p>Somos empres\u00e1rios ao servi\u00e7o dos empres\u00e1rios. Ajudamos todo o tipo de clientes. Com equipas especializadas em diferentes sectores e tipos de organiza\u00e7\u00f5es, abordamos cada desafio de uma perspetiva multidisciplinar.<\/p>\n\r\n                <\/div>\r\n            <\/li>\r\n        \r\n            <li class=\"goals_list_item\">\r\n                <div class=\"goals_list_item_title\">\r\n                    <h3>Solu\u00e7\u00f5es \u00e0 medida<\/h3>\r\n                <\/div>\r\n                <div class=\"goals_list_item_text\">\r\n                    <p>Trazemos valor diferencial aos nossos clientes, oferecendo solu\u00e7\u00f5es personalizadas que optimizam as suas opera\u00e7\u00f5es e promovem o seu crescimento sustent\u00e1vel.<\/p>\n\r\n                <\/div>\r\n            <\/li>\r\n                        <\/ul>\r\n                <div class=\"goals_media\">\r\n                    <img decoding=\"async\" class=\"goals_media_image\" src=\"https:\/\/aurenweb-stg.servidortemporal.net\/ar\/wp-content\/uploads\/2024\/12\/example-goals.webp\" alt=\"\">                <\/div>\r\n            <\/div>\r\n        <\/div>\r\n    <\/section>\r\n\r\n        \r\n<\/section>\r\n\r\n\n\n<div id=\"TitleSubtitleText-block_89383b08d04e5b0c8ef1a74e4e7cd9f5\" class=\"TitleSubtitleText\">\n\n    <section class=\"headlines v1\">\n        <div class=\"container\">\n                        <div class=\"headlines_title\">\n                <p class=''>Inova\u00e7\u00e3o, cultura humanista e sustentabilidade.<\/p>\n            <\/div>\n                                    <div class=\"headlines_content\">\n                                                <div class=\"headlines_description\">\n                    <p>A nossa vis\u00e3o \u00e9 ser um l\u00edder global em servi\u00e7os profissionais, impulsionando o sucesso empresarial e promovendo o desenvolvimento sustent\u00e1vel. Esfor\u00e7amo-nos por ser um parceiro de confian\u00e7a para as organiza\u00e7\u00f5es que procuram solu\u00e7\u00f5es inovadoras num mundo em r\u00e1pida mudan\u00e7a. Atrav\u00e9s do nosso compromisso com a \u00e9tica e a responsabilidade social, pretendemos criar um impacto positivo duradouro.<\/p>\n                <\/div>\n                                            <\/div>\n                    <\/div>\n    <\/section>\n\n<\/div>\n\n\n\r\n<section id=\"AccordionCards-block_fa8440751611115c833ab7be8c1fd349\" class=\"AccordionCards\">\r\n\r\n    \r\n    <section class=\"vision\">\r\n        <div class=\"container\"><ul class=\"vision_accordion\">\r\n            <li class=\"vision_accordion_item active\">\r\n                <div class=\"vision_accordion_item_title\">\r\n                    <p>Objetivo<\/p>\r\n                <\/div>\r\n                <div class=\"vision_accordion_item_text\">\r\n                    <p><p>Atrav\u00e9s do nosso conhecimento, paix\u00e3o e valores, contribu\u00edmos para o desenvolvimento sustent\u00e1vel das pessoas, das organiza\u00e7\u00f5es e da sociedade.<\/p>\n<\/p>\r\n                <\/div>\r\n                <div class=\"vision_accordion_item_image\">\r\n                    <picture>\r\n                        <source srcset=\"https:\/\/aurenweb-stg.servidortemporal.net\/ar\/wp-content\/uploads\/2024\/12\/bg-vision-1.webp\" media=\"(min-width: 1200px)\" \/>\r\n                        <img loading=\"lazy\" decoding=\"async\" width=\"692\" height=\"506\" src=\"https:\/\/aurenweb-stg.servidortemporal.net\/ar\/wp-content\/uploads\/2024\/12\/bg-vision-1.webp\" class=\"attachment-full size-full\" alt=\"\" srcset=\"https:\/\/aurenweb-stg.servidortemporal.net\/ar\/wp-content\/uploads\/2024\/12\/bg-vision-1.webp 692w, https:\/\/aurenweb-stg.servidortemporal.net\/ar\/wp-content\/uploads\/2024\/12\/bg-vision-1-300x219.webp 300w\" sizes=\"auto, (max-width: 692px) 100vw, 692px\" \/>\r\n                    <\/picture>\r\n                <\/div>\r\n            <\/li>\r\n        \r\n            <li class=\"vision_accordion_item \">\r\n                <div class=\"vision_accordion_item_title\">\r\n                    <p>Vis\u00e3o<\/p>\r\n                <\/div>\r\n                <div class=\"vision_accordion_item_text\">\r\n                    <p><p>Ser uma empresa internacional de servi\u00e7os profissionais com uma cultura humanista, reconhecida como o melhor parceiro para todos os tipos de empresas e indiv\u00edduos.<\/p>\n<\/p>\r\n                <\/div>\r\n                <div class=\"vision_accordion_item_image\">\r\n                    <picture>\r\n                        <source srcset=\"https:\/\/aurenweb-stg.servidortemporal.net\/ar\/wp-content\/uploads\/2024\/12\/bg-vision-2.webp\" media=\"(min-width: 1200px)\" \/>\r\n                        <img loading=\"lazy\" decoding=\"async\" width=\"692\" height=\"506\" src=\"https:\/\/aurenweb-stg.servidortemporal.net\/ar\/wp-content\/uploads\/2024\/12\/bg-vision-2.webp\" class=\"attachment-full size-full\" alt=\"\" srcset=\"https:\/\/aurenweb-stg.servidortemporal.net\/ar\/wp-content\/uploads\/2024\/12\/bg-vision-2.webp 692w, https:\/\/aurenweb-stg.servidortemporal.net\/ar\/wp-content\/uploads\/2024\/12\/bg-vision-2-300x219.webp 300w\" sizes=\"auto, (max-width: 692px) 100vw, 692px\" \/>\r\n                    <\/picture>\r\n                <\/div>\r\n            <\/li>\r\n        \r\n            <li class=\"vision_accordion_item \">\r\n                <div class=\"vision_accordion_item_title\">\r\n                    <p>Miss\u00e3o<\/p>\r\n                <\/div>\r\n                <div class=\"vision_accordion_item_text\">\r\n                    <p><p>Fornecer solu\u00e7\u00f5es empresariais inovadoras que criem valor para os nossos clientes a n\u00edvel mundial, com base na nossa experi\u00eancia. Estamos comprometidos com a sociedade e com a nossa equipa para os ajudar a atingir os seus objectivos pessoais e a encontrar o seu bem-estar.<\/p>\n<\/p>\r\n                <\/div>\r\n                <div class=\"vision_accordion_item_image\">\r\n                    <picture>\r\n                        <source srcset=\"https:\/\/aurenweb-stg.servidortemporal.net\/ar\/wp-content\/uploads\/2024\/12\/bg-vision-3.webp\" media=\"(min-width: 1200px)\" \/>\r\n                        <img loading=\"lazy\" decoding=\"async\" width=\"692\" height=\"506\" src=\"https:\/\/aurenweb-stg.servidortemporal.net\/ar\/wp-content\/uploads\/2024\/12\/bg-vision-3.webp\" class=\"attachment-full size-full\" alt=\"\" srcset=\"https:\/\/aurenweb-stg.servidortemporal.net\/ar\/wp-content\/uploads\/2024\/12\/bg-vision-3.webp 692w, https:\/\/aurenweb-stg.servidortemporal.net\/ar\/wp-content\/uploads\/2024\/12\/bg-vision-3-300x219.webp 300w\" sizes=\"auto, (max-width: 692px) 100vw, 692px\" \/>\r\n                    <\/picture>\r\n                <\/div>\r\n            <\/li>\r\n        <\/ul><\/div>\r\n    <\/section>\r\n\r\n        \r\n<\/section>\r\n\r\n\n\n\r\n<section id=\"Collaborators-block_6e2f64baad9fdf2d5125967941b731bf\" class=\"Collaborators\">\r\n\r\n    \r\n    <section class=\"collaborators\">\r\n        <div class=\"container\">\r\n            <div class=\"collaborators_content\">\r\n                                <div class=\"collaborators_title\">\r\n                    <h4 class=''>Recomendado com orgulho<\/h4>\n                <\/div>\r\n                \r\n                                <div class=\"collaborators_description\">\r\n                    <p>Somos a pedra angular do trabalho que efectuamos. Atrav\u00e9s de uma colabora\u00e7\u00e3o cont\u00ednua, criamos rela\u00e7\u00f5es eficientes e ben\u00e9ficas. Cada cliente com quem trabalhamos, independentemente da sua dimens\u00e3o, sector ou atividade, \u00e9 \u00fanico e igualmente importante.<\/p>\n<p>Trabalhamos para compreender as suas necessidades, criar confian\u00e7a, fornecer solu\u00e7\u00f5es e ajud\u00e1-los a criar o valor de que necessitam para ter sucesso.<\/p>\n<p>Uma recomenda\u00e7\u00e3o de um cliente \u00e9 a nossa maior conquista. \u00c9 por isso que todos os dias nos esfor\u00e7amos por satisfazer e cumprir os nossos mais de 20.000 clientes em todo o mundo.<\/p>\n                <\/div>\r\n                            <\/div>\r\n            <div class=\"collaborators_media\">\r\n                <span class=\"collaborators_media_item\"><img decoding=\"async\" src=\"https:\/\/aurenweb-stg.servidortemporal.net\/ar\/wp-content\/uploads\/2024\/12\/example-logo-forum.svg\" class=\"attachment-full size-full\" alt=\"\" \/><\/span><span class=\"collaborators_media_item\"><img decoding=\"async\" src=\"https:\/\/aurenweb-stg.servidortemporal.net\/ar\/wp-content\/uploads\/2024\/12\/example-logo-goals.svg\" class=\"attachment-full size-full\" alt=\"\" \/><\/span><span class=\"collaborators_media_item\"><img decoding=\"async\" src=\"https:\/\/aurenweb-stg.servidortemporal.net\/ar\/wp-content\/uploads\/2024\/12\/example-logo-antea.svg\" class=\"attachment-full size-full\" alt=\"\" \/><\/span><span class=\"collaborators_media_item\"><img decoding=\"async\" src=\"https:\/\/aurenweb-stg.servidortemporal.net\/ar\/wp-content\/uploads\/2024\/12\/example-logo-legal.svg\" class=\"attachment-full size-full\" alt=\"\" \/><\/span>            <\/div>\r\n        <\/div>\r\n    <\/section>\r\n\r\n        \r\n<\/section>\r\n\r\n","protected":false},"excerpt":{"rendered":"","protected":false},"author":2,"featured_media":0,"parent":10066,"menu_order":0,"comment_status":"closed","ping_status":"closed","template":"","meta":{"_acf_changed":false,"footnotes":""},"class_list":["post-10127","page","type-page","status-publish","hentry"],"acf":[],"_links":{"self":[{"href":"https:\/\/aurenweb-stg.servidortemporal.net\/ar\/pt-pt\/wp-json\/wp\/v2\/pages\/10127","targetHints":{"allow":["GET"]}}],"collection":[{"href":"https:\/\/aurenweb-stg.servidortemporal.net\/ar\/pt-pt\/wp-json\/wp\/v2\/pages"}],"about":[{"href":"https:\/\/aurenweb-stg.servidortemporal.net\/ar\/pt-pt\/wp-json\/wp\/v2\/types\/page"}],"author":[{"embeddable":true,"href":"https:\/\/aurenweb-stg.servidortemporal.net\/ar\/pt-pt\/wp-json\/wp\/v2\/users\/2"}],"replies":[{"embeddable":true,"href":"https:\/\/aurenweb-stg.servidortemporal.net\/ar\/pt-pt\/wp-json\/wp\/v2\/comments?post=10127"}],"version-history":[{"count":1,"href":"https:\/\/aurenweb-stg.servidortemporal.net\/ar\/pt-pt\/wp-json\/wp\/v2\/pages\/10127\/revisions"}],"predecessor-version":[{"id":10131,"href":"https:\/\/aurenweb-stg.servidortemporal.net\/ar\/pt-pt\/wp-json\/wp\/v2\/pages\/10127\/revisions\/10131"}],"up":[{"embeddable":true,"href":"https:\/\/aurenweb-stg.servidortemporal.net\/ar\/pt-pt\/wp-json\/wp\/v2\/pages\/10066"}],"wp:attachment":[{"href":"https:\/\/aurenweb-stg.servidortemporal.net\/ar\/pt-pt\/wp-json\/wp\/v2\/media?parent=10127"}],"curies":[{"name":"wp","href":"https:\/\/api.w.org\/{rel}","templated":true}]}}