{"id":10183,"date":"2024-12-22T09:12:12","date_gmt":"2024-12-22T08:12:12","guid":{"rendered":"https:\/\/auren.com\/ar\/conoce-auren\/nuestros-expertos\/"},"modified":"2024-12-22T09:16:04","modified_gmt":"2024-12-22T08:16:04","slug":"os-nossos-especialistas","status":"publish","type":"page","link":"https:\/\/aurenweb-stg.servidortemporal.net\/ar\/pt-pt\/sobre-nos-auren\/os-nossos-especialistas\/","title":{"rendered":"Os nossos especialistas"},"content":{"rendered":"<section id=\"Header-block_d4d740fa12055ed96d8e8e7c35484eb0\" class=\"Header\">\r\n\r\n    <div class=\"hero\">\r\n                <div class=\"container\">\r\n            <div class=\"hero_header\">\r\n                                \r\n                <div class=\"hero_header_title\">\r\n                    <p class='' style=\"text-align: right;\">OS NOSSOS <strong>ESPECIALISTAS<\/strong><\/p>\n                <\/div>\r\n\r\n                                                \r\n                <div class=\"hero_header_subtitle\">\r\n                    <p style=\"text-align: right;\">CONFIAN\u00c7A NA CONSTRU\u00c7\u00c3O<\/p>\n                <\/div>\r\n\r\n                                \r\n            <\/div>\r\n        <\/div>\r\n        \r\n                <picture>\r\n            <source srcset=\"https:\/\/aurenweb-stg.servidortemporal.net\/ar\/wp-content\/uploads\/2024\/12\/bg-hero-aboutus-experts-d.webp\"\r\n                media=\"(min-width: 1200px)\" \/>\r\n            <img loading=\"lazy\" decoding=\"async\" class=\"hero_bg\"\r\n                <img loading=\"lazy\" decoding=\"async\" width=\"640\" height=\"383\" src=\"https:\/\/aurenweb-stg.servidortemporal.net\/ar\/wp-content\/uploads\/2024\/12\/bg-hero-aboutus-experts-d-1024x612.webp\" class=\"hero_bg\" alt=\"\" srcset=\"https:\/\/aurenweb-stg.servidortemporal.net\/ar\/wp-content\/uploads\/2024\/12\/bg-hero-aboutus-experts-d-1024x612.webp 1024w, https:\/\/aurenweb-stg.servidortemporal.net\/ar\/wp-content\/uploads\/2024\/12\/bg-hero-aboutus-experts-d-300x179.webp 300w, https:\/\/aurenweb-stg.servidortemporal.net\/ar\/wp-content\/uploads\/2024\/12\/bg-hero-aboutus-experts-d-768x459.webp 768w, https:\/\/aurenweb-stg.servidortemporal.net\/ar\/wp-content\/uploads\/2024\/12\/bg-hero-aboutus-experts-d.webp 1200w\" sizes=\"auto, (max-width: 640px) 100vw, 640px\" \/>>\r\n        <\/picture>\r\n        \r\n                        <p class=\"hero_scroll\"><strong>Explore mais<\/strong> Deslocar para baixo<\/p>\r\n                    <\/div>\r\n\r\n<\/section>\n\n\r\n<section id=\"Breadcrumbs-block_6576f93b9c1c1191c541a3bc632998cc\" class=\"Breadcrumbs\">\r\n    \r\n        <nav class=\"breads\" aria-label=\"Breadcrumb\">\r\n            <ul class=\"container\">\r\n                <li><a href=\"https:\/\/aurenweb-stg.servidortemporal.net\/ar\/pt-pt\/\">Home<\/a><\/li>\r\n                <li><span aria-current=\"page\">Os nossos especialistas<\/span><\/li>            <\/ul>\r\n        <\/nav>\r\n\r\n                                                                                     \r\n    \r\n<\/section>\r\n\n\n\r\n<section id=\"ImageText-block_0dcee9f4bc13a9cf511660a757f5cce7\" class=\"ImageText\">\r\n\r\n    <section class=\"info \">\r\n        <div class=\"container\">\r\n            <div class=\"info_text\">\r\n                <div class=\"info_title\">\r\n                    <p class=''>A NOSSA EQUIPA<\/p>\n                <\/div>\r\n                <div class=\"info_description\">\r\n                    <p>Os profissionais da Auren s\u00e3o a pedra angular do sucesso da empresa. A sua experi\u00eancia, dedica\u00e7\u00e3o e paix\u00e3o impulsionam a miss\u00e3o da empresa de prestar servi\u00e7os de classe mundial em v\u00e1rias disciplinas. A equipa da Auren n\u00e3o \u00e9 apenas dotada de profundos conhecimentos t\u00e9cnicos, mas tamb\u00e9m incorpora um forte empenho em fornecer solu\u00e7\u00f5es personalizadas e inovadoras a cada cliente. Esta combina\u00e7\u00e3o de talento humano e conhecimentos t\u00e9cnicos \u00e9 o que distingue a Auren no competitivo mundo da consultoria.<\/p>\n                <\/div>\r\n            <\/div>\r\n            <div class=\"info_media\">\r\n                <div class=\"info_media_item info_media_item-1\">\r\n                    <div class=\"info_media_item_text\"><span class=\"title\"><\/span><\/div>\r\n                    <div class=\"info_media_item_text_claim\"><\/div>\r\n                    <span class=\"info_media_item_bg\">\r\n                                                    <img loading=\"lazy\" decoding=\"async\" width=\"640\" height=\"366\" src=\"https:\/\/aurenweb-stg.servidortemporal.net\/ar\/wp-content\/uploads\/2024\/12\/international-auren-media-banner-3-1024x585.webp\" class=\"attachment-large size-large\" alt=\"\" srcset=\"https:\/\/aurenweb-stg.servidortemporal.net\/ar\/wp-content\/uploads\/2024\/12\/international-auren-media-banner-3-1024x585.webp 1024w, https:\/\/aurenweb-stg.servidortemporal.net\/ar\/wp-content\/uploads\/2024\/12\/international-auren-media-banner-3-300x171.webp 300w, https:\/\/aurenweb-stg.servidortemporal.net\/ar\/wp-content\/uploads\/2024\/12\/international-auren-media-banner-3-768x439.webp 768w, https:\/\/aurenweb-stg.servidortemporal.net\/ar\/wp-content\/uploads\/2024\/12\/international-auren-media-banner-3-1536x878.webp 1536w, https:\/\/aurenweb-stg.servidortemporal.net\/ar\/wp-content\/uploads\/2024\/12\/international-auren-media-banner-3-2048x1171.webp 2048w\" sizes=\"auto, (max-width: 640px) 100vw, 640px\" \/>                                            <\/span>\r\n                                                        <\/div>\r\n                <div class=\"info_media_claim\">\r\n                    <p>Profissionais de Auren<\/p>\n                <\/div>\r\n                <div class=\"info_media_item info_media_item-2\">\r\n                    <div class=\"info_media_item_text\"><span class=\"title\"><\/span><\/div>\r\n                    <div class=\"info_media_item_text_claim\"><\/div>\r\n                    <span class=\"info_media_item_bg\">\r\n                                                    <img loading=\"lazy\" decoding=\"async\" width=\"640\" height=\"354\" src=\"https:\/\/aurenweb-stg.servidortemporal.net\/ar\/wp-content\/uploads\/2024\/12\/image-text-6-1-1024x567.webp\" class=\"attachment-large size-large\" alt=\"\" srcset=\"https:\/\/aurenweb-stg.servidortemporal.net\/ar\/wp-content\/uploads\/2024\/12\/image-text-6-1-1024x567.webp 1024w, https:\/\/aurenweb-stg.servidortemporal.net\/ar\/wp-content\/uploads\/2024\/12\/image-text-6-1-300x166.webp 300w, https:\/\/aurenweb-stg.servidortemporal.net\/ar\/wp-content\/uploads\/2024\/12\/image-text-6-1-768x425.webp 768w, https:\/\/aurenweb-stg.servidortemporal.net\/ar\/wp-content\/uploads\/2024\/12\/image-text-6-1-1536x851.webp 1536w, https:\/\/aurenweb-stg.servidortemporal.net\/ar\/wp-content\/uploads\/2024\/12\/image-text-6-1-2048x1134.webp 2048w\" sizes=\"auto, (max-width: 640px) 100vw, 640px\" \/>                                            <\/span>\r\n                                                        <\/div>\r\n            <\/div>\r\n        <\/div>\r\n    <\/section>\r\n\r\n<\/section>\r\n\r\n\n\n<div id=\"TitleSubtitleText-block_bb771327bf5d7f50f91485db72e3b87b\" class=\"TitleSubtitleText\">\n\n    <section class=\"headlines v1\">\n        <div class=\"container\">\n                        <div class=\"headlines_title\">\n                <h3 class=''>PROFISSIONAIS<\/h3>\n            <\/div>\n                                    <div class=\"headlines_content\">\n                                                <div class=\"headlines_description\">\n                    <p>Os nossos profissionais s\u00e3o o maior ativo da empresa e a sua compet\u00eancia humana e t\u00e9cnica \u00e9 o motor do sucesso da Auren. A sua dedica\u00e7\u00e3o e inova\u00e7\u00e3o permitem-nos obter resultados excepcionais de forma consistente. Este empenhamento \u00e9 o motor do nosso crescimento e garante a satisfa\u00e7\u00e3o dos nossos clientes com os mais elevados padr\u00f5es de qualidade.<\/p>\n                <\/div>\n                                            <\/div>\n                    <\/div>\n    <\/section>\n\n<\/div>\n\n\n<div id=\"Professionals-block_1307d87f9e2d32814d1d9adb8b955363\" class=\"Professionals\">\n<div class=\"filters\">\n    <div class=\"container\">\n        <div class=\"filters_nav\">\n            <a class=\"filters_nav_button\" href=\"#\">Filtro<\/a>\n            <div class=\"filters_nav_content filters_nav_content-large\">\n                <div class=\"filers_and_search\">\n                    <div class=\"filters_nav_tags\"><\/div>\n                    <div id=\"search-btn\" class=\"filters_nav_tags close-modal\">\n                        <div class=\"filters_nav_tags_item close\">Search<\/div>\n                    <\/div>\n                <\/div>\n\n                <div class=\"filters_nav_list\"><p class=\"filters_nav_list_title\"><img decoding=\"async\" src=\"https:\/\/aurenweb-stg.servidortemporal.net\/ar\/wp-content\/themes\/auren\/assets\/images\/ico-offices.svg\" alt=\"\"><span>Offices<\/span><\/p><div class=\"filters_checks\"><label class=\"filters_nav_list_item\"><input class=\"filters_nav_list_check\" type=\"checkbox\" data-term=\"all\" data-taxonomy=\"office\"><span class=\"filters_nav_list_text\">TODOS<\/span><\/label><label class=\"filters_nav_list_item\"><input class=\"filters_nav_list_check\" type=\"checkbox\" data-term=\"23278\" data-taxonomy=\"office\"><span class=\"filters_nav_list_text\">Auren Carrasco<\/span><\/label><\/div><\/div><div class=\"filters_nav_list\"><p class=\"filters_nav_list_title\"><img decoding=\"async\" src=\"https:\/\/aurenweb-stg.servidortemporal.net\/ar\/wp-content\/themes\/auren\/assets\/images\/ico-services.svg\" alt=\"\"><span>Services<\/span><\/p><div class=\"filters_checks\"><label class=\"filters_nav_list_item\"><input class=\"filters_nav_list_check\" type=\"checkbox\" data-term=\"all\" data-taxonomy=\"service\"><span class=\"filters_nav_list_text\">TODOS<\/span><\/label><label class=\"filters_nav_list_item\"><input class=\"filters_nav_list_check\" type=\"checkbox\" data-term=\"2442\" data-taxonomy=\"service\"><span class=\"filters_nav_list_text\">Auditoria<\/span><\/label><label class=\"filters_nav_list_item\"><input class=\"filters_nav_list_check\" type=\"checkbox\" data-term=\"2595\" data-taxonomy=\"service\"><span class=\"filters_nav_list_text\">BPO<\/span><\/label><label class=\"filters_nav_list_item\"><input class=\"filters_nav_list_check\" type=\"checkbox\" data-term=\"2546\" data-taxonomy=\"service\"><span class=\"filters_nav_list_text\">Consultoria<\/span><\/label><label class=\"filters_nav_list_item\"><input class=\"filters_nav_list_check\" type=\"checkbox\" data-term=\"2588\" data-taxonomy=\"service\"><span class=\"filters_nav_list_text\">Cont\u00e1beis e Administrativos<\/span><\/label><label class=\"filters_nav_list_item\"><input class=\"filters_nav_list_check\" type=\"checkbox\" data-term=\"2564\" data-taxonomy=\"service\"><span class=\"filters_nav_list_text\">Finan\u00e7as Corporativas<\/span><\/label><label class=\"filters_nav_list_item\"><input class=\"filters_nav_list_check\" type=\"checkbox\" data-term=\"2471\" data-taxonomy=\"service\"><span class=\"filters_nav_list_text\">Impostos<\/span><\/label><label class=\"filters_nav_list_item\"><input class=\"filters_nav_list_check\" type=\"checkbox\" data-term=\"2511\" data-taxonomy=\"service\"><span class=\"filters_nav_list_text\">Jur\u00eddico<\/span><\/label><label class=\"filters_nav_list_item\"><input class=\"filters_nav_list_check\" type=\"checkbox\" data-term=\"2508\" data-taxonomy=\"service\"><span class=\"filters_nav_list_text\">Pre\u00e7os de transfer\u00eancia<\/span><\/label><label class=\"filters_nav_list_item\"><input class=\"filters_nav_list_check\" type=\"checkbox\" data-term=\"2592\" data-taxonomy=\"service\"><span class=\"filters_nav_list_text\">Trabalhista e Previdenci\u00e1ria<\/span><\/label><\/div><\/div>                <div class=\"modal-loading\" aria-hidden=\"true\">\n                    <div class=\"spinner\" role=\"status\" aria-label=\"Loading Professionals...\"><\/div>\n                    <p class=\"loading-text\">Loading Professionals&#8230;<\/p>\n                <\/div>\n            <\/div>\n        <\/div>\n    <\/div>\n<\/div>\n\n    <section class=\"ProfessionalsDistributive experts\">\n        <div class=\"container\">\n            <div class=\"professionals\"><\/div>\n            <div class=\"experts_pagination\"><\/div>\n\n                    <\/div>\n    <\/section>\n\n\n<\/div>\n\n\n\n\r\n<section id=\"ParentPostsListDisplay-block_7cee4a2646a8dcbfa9f7b8ba5137d674\" class=\"ParentPostsListDisplay\">\r\n    \r\n        <section class=\"transformation\" id=\"transformation\">\r\n            <div class=\"container\">\r\n                                <div class=\"transformation_title\">\r\n                    <p>OS NOSSOS SERVI\u00c7OS<\/p>\n                <\/div>\r\n                \r\n                                <div class=\"transformation_description\">\r\n                    <p>A multidisciplinaridade e a experi\u00eancia na partilha de projectos entre diferentes especialistas conferem \u00e0s nossas ac\u00e7\u00f5es um elevado valor operativo, oferecendo servi\u00e7os numa perspetiva global e orientada para a qualidade. Abaixo est\u00e1 um resumo dos nossos servi\u00e7os profissionais.<\/p>\n                <\/div>\r\n                \r\n                <div class=\"transformation_content\">\r\n                    <ul class='transformation_list'><li class=\"transformation_list_item transformation_list_item-1\" data-position=\"1\">\r\n                <a class=\"transformation_list_item_link\" href=\"#\">Auditoria<\/a>\r\n                <div class=\"transformation_list_item_text\">\r\n                    <p>Oferecemos um servi\u00e7o de qualidade atrav\u00e9s de um processo de inova\u00e7\u00e3o cont\u00ednua<\/p>\r\n                    <a class='button button-primary' href='https:\/\/aurenweb-stg.servidortemporal.net\/ar\/pt-pt\/servi\u00e7os\/auditoria\/'>Saber mais<\/a>\r\n                <\/div>\r\n            <\/li><li class=\"transformation_list_item transformation_list_item-2\" data-position=\"2\">\r\n                <a class=\"transformation_list_item_link\" href=\"#\">Impostos<\/a>\r\n                <div class=\"transformation_list_item_text\">\r\n                    <p>Garantimos tranquilidade para as empresas no complexo ambiente de regulamenta\u00e7\u00f5es fiscais.<\/p>\r\n                    <a class='button button-primary' href='https:\/\/aurenweb-stg.servidortemporal.net\/ar\/pt-pt\/servi\u00e7os\/impostos\/'>Saber mais<\/a>\r\n                <\/div>\r\n            <\/li><li class=\"transformation_list_item transformation_list_item-3\" data-position=\"3\">\r\n                <a class=\"transformation_list_item_link\" href=\"#\">Jur\u00eddico<\/a>\r\n                <div class=\"transformation_list_item_text\">\r\n                    <p>Especializados em direito com enfoque estrat\u00e9gico e orientado para as necessidades empresariais.<\/p>\r\n                    <a class='button button-primary' href='https:\/\/aurenweb-stg.servidortemporal.net\/ar\/pt-pt\/servi\u00e7os\/juridico\/'>Saber mais<\/a>\r\n                <\/div>\r\n            <\/li><li class=\"transformation_list_item transformation_list_item-4\" data-position=\"4\">\r\n                <a class=\"transformation_list_item_link\" href=\"#\">Consultoria<\/a>\r\n                <div class=\"transformation_list_item_text\">\r\n                    <p>Solu\u00e7\u00f5es 360\u00b0 que agregam valor ao seu neg\u00f3cio<\/p>\r\n                    <a class='button button-primary' href='https:\/\/aurenweb-stg.servidortemporal.net\/ar\/pt-pt\/servi\u00e7os\/consultoria\/'>Saber mais<\/a>\r\n                <\/div>\r\n            <\/li><li class=\"transformation_list_item transformation_list_item-5\" data-position=\"5\">\r\n                <a class=\"transformation_list_item_link\" href=\"#\">Finan\u00e7as Corporativas<\/a>\r\n                <div class=\"transformation_list_item_text\">\r\n                    <p>Apoiamos as empresas em quest\u00f5es de assessoria financeira e opera\u00e7\u00f5es corporativas.<\/p>\r\n                    <a class='button button-primary' href='https:\/\/aurenweb-stg.servidortemporal.net\/ar\/pt-pt\/servi\u00e7os\/financas-corporativas\/'>Saber mais<\/a>\r\n                <\/div>\r\n            <\/li><li class=\"transformation_list_item transformation_list_item-6\" data-position=\"6\">\r\n                <a class=\"transformation_list_item_link\" href=\"#\">Outsourcing<\/a>\r\n                <div class=\"transformation_list_item_text\">\r\n                    <p>Muito mais do que uma terceiriza\u00e7\u00e3o.<\/p>\r\n                    <a class='button button-primary' href='https:\/\/aurenweb-stg.servidortemporal.net\/ar\/pt-pt\/servi\u00e7os\/outsourcing\/'>Saber mais<\/a>\r\n                <\/div>\r\n            <\/li><\/ul>                    <div class=\"transformation_media\">\r\n                        <div class=\"transformation_media_main\">\r\n                            <img loading=\"lazy\" decoding=\"async\" width=\"640\" height=\"644\" src=\"https:\/\/aurenweb-stg.servidortemporal.net\/ar\/wp-content\/uploads\/2024\/11\/example-transformation-media.webp\" class=\"transformation_media_main_bg\" alt=\"\" srcset=\"https:\/\/aurenweb-stg.servidortemporal.net\/ar\/wp-content\/uploads\/2024\/11\/example-transformation-media.webp 1000w, https:\/\/aurenweb-stg.servidortemporal.net\/ar\/wp-content\/uploads\/2024\/11\/example-transformation-media-298x300.webp 298w, https:\/\/aurenweb-stg.servidortemporal.net\/ar\/wp-content\/uploads\/2024\/11\/example-transformation-media-150x150.webp 150w, https:\/\/aurenweb-stg.servidortemporal.net\/ar\/wp-content\/uploads\/2024\/11\/example-transformation-media-768x773.webp 768w\" sizes=\"auto, (max-width: 640px) 100vw, 640px\" \/>                            <a class=\"transformation_media_main_link transformation_media_main_link-1\" href=\"https:\/\/aurenweb-stg.servidortemporal.net\/ar\/pt-pt\/servi\u00e7os\/auditoria\/\">\r\n                <span><\/span> \r\n                <strong>Auditoria<\/strong>\r\n            <\/a><a class=\"transformation_media_main_link transformation_media_main_link-2\" href=\"https:\/\/aurenweb-stg.servidortemporal.net\/ar\/pt-pt\/servi\u00e7os\/impostos\/\">\r\n                <span><\/span> \r\n                <strong>Impostos<\/strong>\r\n            <\/a><a class=\"transformation_media_main_link transformation_media_main_link-3\" href=\"https:\/\/aurenweb-stg.servidortemporal.net\/ar\/pt-pt\/servi\u00e7os\/juridico\/\">\r\n                <span><\/span> \r\n                <strong>Jur\u00eddico<\/strong>\r\n            <\/a><a class=\"transformation_media_main_link transformation_media_main_link-4\" href=\"https:\/\/aurenweb-stg.servidortemporal.net\/ar\/pt-pt\/servi\u00e7os\/consultoria\/\">\r\n                <span><\/span> \r\n                <strong>Consultoria<\/strong>\r\n            <\/a><a class=\"transformation_media_main_link transformation_media_main_link-5\" href=\"https:\/\/aurenweb-stg.servidortemporal.net\/ar\/pt-pt\/servi\u00e7os\/financas-corporativas\/\">\r\n                <span><\/span> \r\n                <strong>Finan\u00e7as Corporativas<\/strong>\r\n            <\/a><a class=\"transformation_media_main_link transformation_media_main_link-6\" href=\"https:\/\/aurenweb-stg.servidortemporal.net\/ar\/pt-pt\/servi\u00e7os\/outsourcing\/\">\r\n                <span><\/span> \r\n                <strong>Outsourcing<\/strong>\r\n            <\/a>                        <\/div>\r\n                        <div class=\"transformation_media_secondary\">\r\n                            <img loading=\"lazy\" decoding=\"async\" width=\"577\" height=\"385\" src=\"https:\/\/aurenweb-stg.servidortemporal.net\/ar\/wp-content\/uploads\/2024\/12\/example-mosaic-1-1.webp\" class=\"transformation_media_secondary_bg transformation_media_secondary_bg-1\" alt=\"\" srcset=\"https:\/\/aurenweb-stg.servidortemporal.net\/ar\/wp-content\/uploads\/2024\/12\/example-mosaic-1-1.webp 577w, https:\/\/aurenweb-stg.servidortemporal.net\/ar\/wp-content\/uploads\/2024\/12\/example-mosaic-1-1-300x200.webp 300w\" sizes=\"auto, (max-width: 577px) 100vw, 577px\" \/><img loading=\"lazy\" decoding=\"async\" width=\"577\" height=\"385\" src=\"https:\/\/aurenweb-stg.servidortemporal.net\/ar\/wp-content\/uploads\/2024\/12\/example-mosaic-2-1.webp\" class=\"transformation_media_secondary_bg transformation_media_secondary_bg-2\" alt=\"\" srcset=\"https:\/\/aurenweb-stg.servidortemporal.net\/ar\/wp-content\/uploads\/2024\/12\/example-mosaic-2-1.webp 577w, https:\/\/aurenweb-stg.servidortemporal.net\/ar\/wp-content\/uploads\/2024\/12\/example-mosaic-2-1-300x200.webp 300w\" sizes=\"auto, (max-width: 577px) 100vw, 577px\" \/><img loading=\"lazy\" decoding=\"async\" width=\"577\" height=\"385\" src=\"https:\/\/aurenweb-stg.servidortemporal.net\/ar\/wp-content\/uploads\/2024\/12\/example-mosaic-3-1.webp\" class=\"transformation_media_secondary_bg transformation_media_secondary_bg-3\" alt=\"\" srcset=\"https:\/\/aurenweb-stg.servidortemporal.net\/ar\/wp-content\/uploads\/2024\/12\/example-mosaic-3-1.webp 577w, https:\/\/aurenweb-stg.servidortemporal.net\/ar\/wp-content\/uploads\/2024\/12\/example-mosaic-3-1-300x200.webp 300w\" sizes=\"auto, (max-width: 577px) 100vw, 577px\" \/><img loading=\"lazy\" decoding=\"async\" width=\"577\" height=\"385\" src=\"https:\/\/aurenweb-stg.servidortemporal.net\/ar\/wp-content\/uploads\/2024\/12\/example-mosaic-4-1.webp\" class=\"transformation_media_secondary_bg transformation_media_secondary_bg-4\" alt=\"\" srcset=\"https:\/\/aurenweb-stg.servidortemporal.net\/ar\/wp-content\/uploads\/2024\/12\/example-mosaic-4-1.webp 577w, https:\/\/aurenweb-stg.servidortemporal.net\/ar\/wp-content\/uploads\/2024\/12\/example-mosaic-4-1-300x200.webp 300w\" sizes=\"auto, (max-width: 577px) 100vw, 577px\" \/><img loading=\"lazy\" decoding=\"async\" width=\"533\" height=\"401\" src=\"https:\/\/aurenweb-stg.servidortemporal.net\/ar\/wp-content\/uploads\/2024\/12\/Rectangle-9-1.webp\" class=\"transformation_media_secondary_bg transformation_media_secondary_bg-5\" alt=\"\" srcset=\"https:\/\/aurenweb-stg.servidortemporal.net\/ar\/wp-content\/uploads\/2024\/12\/Rectangle-9-1.webp 533w, https:\/\/aurenweb-stg.servidortemporal.net\/ar\/wp-content\/uploads\/2024\/12\/Rectangle-9-1-300x226.webp 300w\" sizes=\"auto, (max-width: 533px) 100vw, 533px\" \/><img loading=\"lazy\" decoding=\"async\" width=\"640\" height=\"427\" src=\"https:\/\/aurenweb-stg.servidortemporal.net\/ar\/wp-content\/uploads\/2024\/12\/shutterstock_318507608-1024x683.jpg\" class=\"transformation_media_secondary_bg transformation_media_secondary_bg-6\" alt=\"\" srcset=\"https:\/\/aurenweb-stg.servidortemporal.net\/ar\/wp-content\/uploads\/2024\/12\/shutterstock_318507608-1024x683.jpg 1024w, https:\/\/aurenweb-stg.servidortemporal.net\/ar\/wp-content\/uploads\/2024\/12\/shutterstock_318507608-300x200.jpg 300w, https:\/\/aurenweb-stg.servidortemporal.net\/ar\/wp-content\/uploads\/2024\/12\/shutterstock_318507608-768x512.jpg 768w, https:\/\/aurenweb-stg.servidortemporal.net\/ar\/wp-content\/uploads\/2024\/12\/shutterstock_318507608-1536x1024.jpg 1536w, https:\/\/aurenweb-stg.servidortemporal.net\/ar\/wp-content\/uploads\/2024\/12\/shutterstock_318507608-2048x1365.jpg 2048w\" sizes=\"auto, (max-width: 640px) 100vw, 640px\" \/>                        <\/div>\r\n                    <\/div>\r\n                <\/div>\r\n            <\/div>\r\n        <\/section>\r\n\r\n    <\/section>\r\n\r\n","protected":false},"excerpt":{"rendered":"","protected":false},"author":2,"featured_media":0,"parent":10066,"menu_order":0,"comment_status":"closed","ping_status":"closed","template":"","meta":{"_acf_changed":false,"footnotes":""},"class_list":["post-10183","page","type-page","status-publish","hentry"],"acf":[],"_links":{"self":[{"href":"https:\/\/aurenweb-stg.servidortemporal.net\/ar\/pt-pt\/wp-json\/wp\/v2\/pages\/10183","targetHints":{"allow":["GET"]}}],"collection":[{"href":"https:\/\/aurenweb-stg.servidortemporal.net\/ar\/pt-pt\/wp-json\/wp\/v2\/pages"}],"about":[{"href":"https:\/\/aurenweb-stg.servidortemporal.net\/ar\/pt-pt\/wp-json\/wp\/v2\/types\/page"}],"author":[{"embeddable":true,"href":"https:\/\/aurenweb-stg.servidortemporal.net\/ar\/pt-pt\/wp-json\/wp\/v2\/users\/2"}],"replies":[{"embeddable":true,"href":"https:\/\/aurenweb-stg.servidortemporal.net\/ar\/pt-pt\/wp-json\/wp\/v2\/comments?post=10183"}],"version-history":[{"count":1,"href":"https:\/\/aurenweb-stg.servidortemporal.net\/ar\/pt-pt\/wp-json\/wp\/v2\/pages\/10183\/revisions"}],"predecessor-version":[{"id":10187,"href":"https:\/\/aurenweb-stg.servidortemporal.net\/ar\/pt-pt\/wp-json\/wp\/v2\/pages\/10183\/revisions\/10187"}],"up":[{"embeddable":true,"href":"https:\/\/aurenweb-stg.servidortemporal.net\/ar\/pt-pt\/wp-json\/wp\/v2\/pages\/10066"}],"wp:attachment":[{"href":"https:\/\/aurenweb-stg.servidortemporal.net\/ar\/pt-pt\/wp-json\/wp\/v2\/media?parent=10183"}],"curies":[{"name":"wp","href":"https:\/\/api.w.org\/{rel}","templated":true}]}}