{"id":22585,"date":"2024-12-23T10:32:39","date_gmt":"2024-12-23T09:32:39","guid":{"rendered":"https:\/\/auren.com\/ar\/subscribe\/"},"modified":"2025-01-25T13:56:27","modified_gmt":"2025-01-25T12:56:27","slug":"subscribe","status":"publish","type":"page","link":"https:\/\/aurenweb-stg.servidortemporal.net\/ar\/pt-pt\/subscribe\/","title":{"rendered":"Subscribe"},"content":{"rendered":"<section id=\"SubscribeForm-block_bc7eaba07a6c517b5bb28ad50187b6af\" class=\"subscribe SubscribeForm v2\">\n    \n    <div class=\"container\">\n        <div class=\"subscribe_header\">\n            <div class=\"subscribe_header_title\">\n                <h1>ASSINAR PARA<br \/>\nAS NOSSAS ATUALIZA\u00c7\u00d5ES!<\/h1>\n            <\/div>\n            <div class=\"subscribe_header_kicker\">\n                <p style=\"text-align: right;\">FIQUE LIGADO PARA ATUALIZA\u00c7\u00d5ES EMOCIONANTES<br \/>\nE PR\u00d3XIMOS EVENTOS!<\/p>\n            <\/div>\n        <\/div>\n        <div class=\"subscribe_text\">\n            \n<div class=\"wpcf7 no-js\" id=\"wpcf7-f26390-o1\" lang=\"pt-PT\" dir=\"ltr\" data-wpcf7-id=\"26390\">\n<div class=\"screen-reader-response\"><p role=\"status\" aria-live=\"polite\" aria-atomic=\"true\"><\/p> <ul><\/ul><\/div>\n<form action=\"\/ar\/pt-pt\/wp-json\/wp\/v2\/pages\/22585#wpcf7-f26390-o1\" method=\"post\" class=\"wpcf7-form init\" aria-label=\"Formul\u00e1rio de contacto\" novalidate=\"novalidate\" data-status=\"init\">\n<div style=\"display: none;\">\n<input type=\"hidden\" name=\"_wpcf7\" value=\"26390\" \/>\n<input type=\"hidden\" name=\"_wpcf7_version\" value=\"6.0.1\" \/>\n<input type=\"hidden\" name=\"_wpcf7_locale\" value=\"pt_PT\" \/>\n<input type=\"hidden\" name=\"_wpcf7_unit_tag\" value=\"wpcf7-f26390-o1\" \/>\n<input type=\"hidden\" name=\"_wpcf7_container_post\" value=\"0\" \/>\n<input type=\"hidden\" name=\"_wpcf7_posted_data_hash\" value=\"\" \/>\n<\/div>\n<p><input type=\"hidden\" name=\"token\" id=\"token\" \/>\n<\/p>\n<div class=\"subscribe_field subscribe_field-placeholder\">\n\t<p><span class=\"wpcf7-form-control-wrap\" data-name=\"name\"><input size=\"40\" maxlength=\"400\" class=\"wpcf7-form-control wpcf7-text wpcf7-validates-as-required\" id=\"name\" autocomplete=\"name\" aria-required=\"true\" aria-invalid=\"false\" value=\"\" type=\"text\" name=\"name\" \/><\/span><label for=\"name\">Nome completo<span>*<\/span><\/label>\n\t<\/p>\n<\/div>\n<div class=\"subscribe_field subscribe_field-placeholder\">\n\t<p><span class=\"wpcf7-form-control-wrap\" data-name=\"validate_email\"><input size=\"40\" maxlength=\"400\" class=\"wpcf7-form-control wpcf7-email wpcf7-validates-as-required wpcf7-text wpcf7-validates-as-email\" id=\"validate_email\" autocomplete=\"email\" aria-required=\"true\" aria-invalid=\"false\" value=\"\" type=\"email\" name=\"validate_email\" \/><\/span><label for=\"validate_email\">Email<span>*<\/span><\/label>\n\t<\/p>\n<\/div>\n<div class=\"subscribe_field subscribe_field-select\">\n\t<p><label for=\"services\">Servi\u00e7os<\/label><span class=\"wpcf7-form-control-wrap\" data-name=\"services\"><span class=\"wpcf7-form-control wpcf7-checkbox wpcf7-validates-as-required\"><span class=\"wpcf7-list-item first\"><label><input type=\"checkbox\" name=\"services[]\" value=\"2442\" \/><span class=\"wpcf7-list-item-label\">Auditoria<\/span><\/label><\/span><span class=\"wpcf7-list-item\"><label><input type=\"checkbox\" name=\"services[]\" value=\"2471\" \/><span class=\"wpcf7-list-item-label\">Impostos<\/span><\/label><\/span><span class=\"wpcf7-list-item\"><label><input type=\"checkbox\" name=\"services[]\" value=\"2511\" \/><span class=\"wpcf7-list-item-label\">Jur\u00eddico<\/span><\/label><\/span><span class=\"wpcf7-list-item\"><label><input type=\"checkbox\" name=\"services[]\" value=\"2546\" \/><span class=\"wpcf7-list-item-label\">Consultoria<\/span><\/label><\/span><span class=\"wpcf7-list-item\"><label><input type=\"checkbox\" name=\"services[]\" value=\"2564\" \/><span class=\"wpcf7-list-item-label\">Finan\u00e7as Corporativas<\/span><\/label><\/span><span class=\"wpcf7-list-item last\"><label><input type=\"checkbox\" name=\"services[]\" value=\"2583\" \/><span class=\"wpcf7-list-item-label\">Outsourcing<\/span><\/label><\/span><\/span><\/span>\n\t<\/p>\n<\/div>\n<div class=\"subscribe_field subscribe_field-check\">\n\t<p><span class=\"wpcf7-form-control-wrap\" data-name=\"privacy\"><span class=\"wpcf7-form-control wpcf7-acceptance\"><span class=\"wpcf7-list-item\"><label><input type=\"checkbox\" name=\"privacy\" value=\"1\" aria-invalid=\"false\" \/><span class=\"wpcf7-list-item-label\">Li e aceito o <a href=\"https:\/\/aurenweb-stg.servidortemporal.net\/ar\/pt-pt\/legal-notice\/\">aviso legal<\/a> e o <a href=\"https:\/\/aurenweb-stg.servidortemporal.net\/ar\/pt-pt\/privacy-policy\/\">Pol\u00edtica de Privacidade.<\/a><span>*<\/span><\/span><\/label><\/span><\/span><\/span>\n\t<\/p>\n<\/div>\n<div class=\"subscribe_note\">\n\t<p>Ao marcar a caixa \u201cLi e aceito o aviso legal e a Pol\u00edtica de Privacidade\u201d e clicar no bot\u00e3o \u201cenviar\u201d, voc\u00ea est\u00e1 dando o seu consentimento expresso e inequ\u00edvoco para que seus dados sejam processados pela Auren, a fim de fornecer resposta aos seus enviar mensagem e\/ou gerenciar sua consulta. Os seus dados n\u00e3o ser\u00e3o cedidos a terceiros fora do Grupo Auren e ser\u00e3o conservados enquanto durar a finalidade para a qual foram enviados. Em qualquer caso, poder\u00e1 consultar mais informa\u00e7\u00f5es sobre o exerc\u00edcio dos direitos de acesso, retifica\u00e7\u00e3o, apagamento, portabilidade, limita\u00e7\u00e3o e oposi\u00e7\u00e3o ao tratamento dos seus dados pessoais e sobre o tratamento dos seus dados no nosso<a href=\"https:\/\/aurenweb-stg.servidortemporal.net\/ar\/pt-pt\/privacy-policy\/\">Pol\u00edtica de Privacidade<\/a>.\n\t<\/p>\n<\/div>\n<p><button type=\"submit\" class=\"wpcf7-form-control wpcf7-submit button button-primary button-icon\">Inscrever-se<\/button>\n<\/p><div class=\"wpcf7-response-output\" aria-hidden=\"true\"><\/div>\n<\/form>\n<\/div>\n        <\/div>\n    <\/div>\n\n    \n\n\n\n<\/section>\n","protected":false},"excerpt":{"rendered":"","protected":false},"author":2,"featured_media":0,"parent":0,"menu_order":0,"comment_status":"closed","ping_status":"closed","template":"","meta":{"_acf_changed":false,"footnotes":""},"class_list":["post-22585","page","type-page","status-publish","hentry"],"acf":[],"_links":{"self":[{"href":"https:\/\/aurenweb-stg.servidortemporal.net\/ar\/pt-pt\/wp-json\/wp\/v2\/pages\/22585","targetHints":{"allow":["GET"]}}],"collection":[{"href":"https:\/\/aurenweb-stg.servidortemporal.net\/ar\/pt-pt\/wp-json\/wp\/v2\/pages"}],"about":[{"href":"https:\/\/aurenweb-stg.servidortemporal.net\/ar\/pt-pt\/wp-json\/wp\/v2\/types\/page"}],"author":[{"embeddable":true,"href":"https:\/\/aurenweb-stg.servidortemporal.net\/ar\/pt-pt\/wp-json\/wp\/v2\/users\/2"}],"replies":[{"embeddable":true,"href":"https:\/\/aurenweb-stg.servidortemporal.net\/ar\/pt-pt\/wp-json\/wp\/v2\/comments?post=22585"}],"version-history":[{"count":4,"href":"https:\/\/aurenweb-stg.servidortemporal.net\/ar\/pt-pt\/wp-json\/wp\/v2\/pages\/22585\/revisions"}],"predecessor-version":[{"id":26415,"href":"https:\/\/aurenweb-stg.servidortemporal.net\/ar\/pt-pt\/wp-json\/wp\/v2\/pages\/22585\/revisions\/26415"}],"wp:attachment":[{"href":"https:\/\/aurenweb-stg.servidortemporal.net\/ar\/pt-pt\/wp-json\/wp\/v2\/media?parent=22585"}],"curies":[{"name":"wp","href":"https:\/\/api.w.org\/{rel}","templated":true}]}}