{"id":26035,"date":"2025-01-21T08:42:41","date_gmt":"2025-01-21T07:42:41","guid":{"rendered":"https:\/\/auren.com\/ar\/?page_id=26035"},"modified":"2025-01-24T09:45:32","modified_gmt":"2025-01-24T08:45:32","slug":"descubra-as-ultimas-tendencias","status":"publish","type":"page","link":"https:\/\/aurenweb-stg.servidortemporal.net\/ar\/pt-pt\/tendencias-internacionais\/descubra-as-ultimas-tendencias\/","title":{"rendered":"Descubra as \u00faltimas tend\u00eancias"},"content":{"rendered":"<section id=\"Header-block_6659ca49fee8f2341bc071a3d0e0d2dc\" class=\"Header\">\r\n\r\n    <div class=\"hero\">\r\n                <div class=\"container\">\r\n            <div class=\"hero_header\">\r\n                                \r\n                <div class=\"hero_header_title\">\r\n                    <h1 class=''>DESCOBRIR O<\/h1>\n                <\/div>\r\n\r\n                                                \r\n                <div class=\"hero_header_title\">\r\n                    <h2 class='' style=\"text-align: right;\">TEND\u00caNCIAS MAIS RECENTES<\/h2>\n                <\/div>\r\n\r\n                                                \r\n                <div class=\"hero_header_subtitle\">\r\n                    <p style=\"text-align: right;\">QUE COMP\u00d5EM O SECTOR ACTUALMENTE<\/p>\n                <\/div>\r\n\r\n                                \r\n            <\/div>\r\n        <\/div>\r\n        \r\n                <picture>\r\n            <source srcset=\"https:\/\/aurenweb-stg.servidortemporal.net\/ar\/wp-content\/uploads\/2025\/01\/Rectangle-16-1-1.webp\"\r\n                media=\"(min-width: 1200px)\" \/>\r\n            <img loading=\"lazy\" decoding=\"async\" class=\"hero_bg\"\r\n                <img loading=\"lazy\" decoding=\"async\" width=\"640\" height=\"382\" src=\"https:\/\/aurenweb-stg.servidortemporal.net\/ar\/wp-content\/uploads\/2025\/01\/Rectangle-16-1-1-1024x611.webp\" class=\"hero_bg\" alt=\"\" srcset=\"https:\/\/aurenweb-stg.servidortemporal.net\/ar\/wp-content\/uploads\/2025\/01\/Rectangle-16-1-1-1024x611.webp 1024w, https:\/\/aurenweb-stg.servidortemporal.net\/ar\/wp-content\/uploads\/2025\/01\/Rectangle-16-1-1-300x179.webp 300w, https:\/\/aurenweb-stg.servidortemporal.net\/ar\/wp-content\/uploads\/2025\/01\/Rectangle-16-1-1-768x459.webp 768w, https:\/\/aurenweb-stg.servidortemporal.net\/ar\/wp-content\/uploads\/2025\/01\/Rectangle-16-1-1-1536x917.webp 1536w, https:\/\/aurenweb-stg.servidortemporal.net\/ar\/wp-content\/uploads\/2025\/01\/Rectangle-16-1-1.webp 1916w\" sizes=\"auto, (max-width: 640px) 100vw, 640px\" \/>>\r\n        <\/picture>\r\n        \r\n                        <p class=\"hero_scroll\"><strong>Explore mais<\/strong> Deslocar para baixo<\/p>\r\n                    <\/div>\r\n\r\n<\/section>\n\n\r\n<section id=\"Breadcrumbs-block_6169b52f5475a39e0ce1e6eff43fa451\" class=\"Breadcrumbs\">\r\n    \r\n        <nav class=\"breads\" aria-label=\"Breadcrumb\">\r\n            <ul class=\"container\">\r\n                <li><a href=\"https:\/\/aurenweb-stg.servidortemporal.net\/ar\/pt-pt\/\">Home<\/a><\/li>\r\n                <li><span aria-current=\"page\">Descubra as \u00faltimas tend\u00eancias<\/span><\/li>            <\/ul>\r\n        <\/nav>\r\n\r\n                                                                                     \r\n    \r\n<\/section>\r\n\n\n<div id=\"TitleSubtitleText-block_bc0e40fa0fd39397705ff1aac39fe73e\" class=\"TitleSubtitleText\">\n\n    <section class=\"headlines v1\">\n        <div class=\"container\">\n                        <div class=\"headlines_title\">\n                <h2 class=''>IMPULSIONE O SEU NEG\u00d3CIO COM CONSELHOS DE ESPECIALISTAS<\/h2>\n            <\/div>\n                                    <div class=\"headlines_content\">\n                                                <div class=\"headlines_description\">\n                    <p>Aqui encontrar\u00e1 informa\u00e7\u00f5es sobre diferentes disciplinas que o ajudar\u00e3o na sua atividade e sobre as tend\u00eancias actuais do mercado.<\/p>\n                <\/div>\n                                            <\/div>\n                    <\/div>\n    <\/section>\n\n<\/div>\n\n\n<div id=\"TrendsDistributive-block_bf07153e4a3dff43e3298163abf3eaf1\" class=\"TrendsDistributive\" data-per-page=\"9\" data-type=\"all-global\" data-tags=\"show\">\n\n    \n    <div class=\"categories\">\n        <div class=\"container\">\n            <div class=\"categories_title\">\n                <h3 class=''>TEND\u00caNCIAS<\/h3>\n            <\/div>\n            <div class=\"categories_nav\">\n                <a class=\"categories_nav_button\" href=\"#\">Sort By Category<\/a>\n                <div class=\"categories_nav_content\">\n                    <div class=\"categories_nav_tags\">\n                        <span class=\"categories_nav_tags_item\">Blog<\/span>\n                    <\/div>\n                    <div class=\"categories_nav_list\">\n                        <label class=\"categories_nav_list_item\"><input class=\"categories_nav_list_check\" type=\"checkbox\" data-type=\"post\" data-value=\"all\" checked><span class=\"categories_nav_list_text\">Todas as categorias<\/span><\/label>\n                                            <\/div>\n                <\/div>\n            <\/div>\n        <\/div>\n    <\/div>\n        <div class=\"articles\">\n\n        <div class=\"container\">\n            \n            \n            \n        <\/div>\n    <\/div>\n\n    <div class=\"filters\">\n\n        <div class=\"container\">\n            <div class=\"filters_title\">\n                <h4 class=\"active\">TODOS OS ARTIGOS<\/h4>\n                                <h4 class=\"\">Global News<\/h4>\n                                <h4 class=\"\">Global Blogs<\/h4>\n                                <h4 class=\"\">Global Publications<\/h4>\n                                <h4 class=\"\">Global Videos &amp; Podcasts <\/h4>\n                            <\/div>\n            <div class=\"filters_nav\">\n\n                <div id=\"filters-search-panel\" class=\"filters_search\" role=\"search\" hidden>\n                    <input\n                            type=\"text\"\n                            class=\"filters_search_input\"\n                            placeholder=\"Buscar...\"\n                            value=\"\"\n                            aria-label=\"Buscar\"\n                    \/>\n                    <button type=\"button\" class=\"filters_search_clear\" aria-label=\"Limpiar b\u00fasqueda\"><\/button>\n                <\/div>\n                <button type=\"button\"\n                        class=\"filters_search_toggle\"\n                        aria-expanded=\"false\"\n                        aria-controls=\"filters-search-panel\"\n                        aria-label=\"Abrir buscador\">\n                <\/button>\n                <a class=\"filters_nav_button\" href=\"#\">Ordenar por<\/a>\n\n                <!-- Aqu\u00ed la lupa para buscar -->\n                <div class=\"filters_nav_content\">\n                    <div class=\"filters_nav_list\">\n                        <p class=\"filters_nav_list_title\">TODOS OS ARTIGOS<\/p>\n                        <label class=\"filters_nav_list_item\"><input class=\"filters_nav_list_check\" type=\"checkbox\" data-type=\"new\" checked><span class=\"filters_nav_list_text\">Mais recente<\/span><\/label>\n                        <label class=\"filters_nav_list_item\"><input class=\"filters_nav_list_check\" type=\"checkbox\" data-type=\"old\"><span class=\"filters_nav_list_text\">Mais antigo<\/span><\/label>\n                        <label class=\"filters_nav_list_item\"><input class=\"filters_nav_list_check\" type=\"checkbox\" data-type=\"a-z\"><span class=\"filters_nav_list_text\">A-Z<\/span><\/label>\n                        <label class=\"filters_nav_list_item\"><input class=\"filters_nav_list_check\" type=\"checkbox\" data-type=\"z-a\"><span class=\"filters_nav_list_text\">Z-A<\/span><\/label>\n                    <\/div>\n                <\/div>\n            <\/div>\n        <\/div>\n    <\/div>\n\n    <div class=\"articles\">\n        <div class=\"cards_loading\" hidden aria-hidden=\"true\">\n            <span class=\"spinner\" aria-label=\"Cargando\"><\/span>\n        <\/div>\n        <div class=\"container list\">\n            \n        <\/div>\n    <\/div>\n\n    <\/div>\n","protected":false},"excerpt":{"rendered":"","protected":false},"author":2,"featured_media":0,"parent":26032,"menu_order":0,"comment_status":"closed","ping_status":"closed","template":"","meta":{"_acf_changed":false,"footnotes":""},"class_list":["post-26035","page","type-page","status-publish","hentry"],"acf":[],"_links":{"self":[{"href":"https:\/\/aurenweb-stg.servidortemporal.net\/ar\/pt-pt\/wp-json\/wp\/v2\/pages\/26035","targetHints":{"allow":["GET"]}}],"collection":[{"href":"https:\/\/aurenweb-stg.servidortemporal.net\/ar\/pt-pt\/wp-json\/wp\/v2\/pages"}],"about":[{"href":"https:\/\/aurenweb-stg.servidortemporal.net\/ar\/pt-pt\/wp-json\/wp\/v2\/types\/page"}],"author":[{"embeddable":true,"href":"https:\/\/aurenweb-stg.servidortemporal.net\/ar\/pt-pt\/wp-json\/wp\/v2\/users\/2"}],"replies":[{"embeddable":true,"href":"https:\/\/aurenweb-stg.servidortemporal.net\/ar\/pt-pt\/wp-json\/wp\/v2\/comments?post=26035"}],"version-history":[{"count":2,"href":"https:\/\/aurenweb-stg.servidortemporal.net\/ar\/pt-pt\/wp-json\/wp\/v2\/pages\/26035\/revisions"}],"predecessor-version":[{"id":26228,"href":"https:\/\/aurenweb-stg.servidortemporal.net\/ar\/pt-pt\/wp-json\/wp\/v2\/pages\/26035\/revisions\/26228"}],"up":[{"embeddable":true,"href":"https:\/\/aurenweb-stg.servidortemporal.net\/ar\/pt-pt\/wp-json\/wp\/v2\/pages\/26032"}],"wp:attachment":[{"href":"https:\/\/aurenweb-stg.servidortemporal.net\/ar\/pt-pt\/wp-json\/wp\/v2\/media?parent=26035"}],"curies":[{"name":"wp","href":"https:\/\/api.w.org\/{rel}","templated":true}]}}