{"id":27455,"date":"2025-02-06T11:05:42","date_gmt":"2025-02-06T10:05:42","guid":{"rendered":"https:\/\/auren.com\/ar\/contact-countries\/"},"modified":"2025-02-06T14:09:59","modified_gmt":"2025-02-06T13:09:59","slug":"contato-paises","status":"publish","type":"page","link":"https:\/\/aurenweb-stg.servidortemporal.net\/ar\/pt-pt\/contato-paises\/","title":{"rendered":"Contato paises"},"content":{"rendered":"<section id=\"Header-block_271d2e7fc383fc09c336757d3e99292e\" class=\"Header\">\r\n\r\n    <div class=\"hero\">\r\n                <div class=\"container\">\r\n            <div class=\"hero_header\">\r\n                                \r\n                <div class=\"hero_header_title\">\r\n                    <h1 class=''>CONTATO<\/h1>\n                <\/div>\r\n\r\n                                                \r\n                <div class=\"hero_header_title\">\r\n                    <p class='' style=\"text-align: right;\"><strong>PA\u00cdSES<\/strong><\/p>\n                <\/div>\r\n\r\n                                                \r\n                <div class=\"hero_header_subtitle\">\r\n                    <p>Preencha o formul\u00e1rio para mais informa\u00e7\u00f5es, entraremos em contato o mais breve poss\u00edvel.<\/p>\n                <\/div>\r\n\r\n                                \r\n            <\/div>\r\n        <\/div>\r\n        \r\n                <picture>\r\n            <source srcset=\"https:\/\/aurenweb-stg.servidortemporal.net\/ar\/wp-content\/uploads\/2024\/11\/bg-hero-contact-countries-d.webp\"\r\n                media=\"(min-width: 1200px)\" \/>\r\n            <img loading=\"lazy\" decoding=\"async\" class=\"hero_bg\"\r\n                <img loading=\"lazy\" decoding=\"async\" width=\"640\" height=\"383\" src=\"https:\/\/aurenweb-stg.servidortemporal.net\/ar\/wp-content\/uploads\/2024\/11\/bg-hero-contact-countries-d-1024x612.webp\" class=\"hero_bg\" alt=\"\" srcset=\"https:\/\/aurenweb-stg.servidortemporal.net\/ar\/wp-content\/uploads\/2024\/11\/bg-hero-contact-countries-d-1024x612.webp 1024w, https:\/\/aurenweb-stg.servidortemporal.net\/ar\/wp-content\/uploads\/2024\/11\/bg-hero-contact-countries-d-300x179.webp 300w, https:\/\/aurenweb-stg.servidortemporal.net\/ar\/wp-content\/uploads\/2024\/11\/bg-hero-contact-countries-d-768x459.webp 768w, https:\/\/aurenweb-stg.servidortemporal.net\/ar\/wp-content\/uploads\/2024\/11\/bg-hero-contact-countries-d.webp 1200w\" sizes=\"auto, (max-width: 640px) 100vw, 640px\" \/>>\r\n        <\/picture>\r\n        \r\n                        <p class=\"hero_scroll\"><strong>Explore mais<\/strong> Deslocar para baixo<\/p>\r\n                    <\/div>\r\n\r\n<\/section>\n\n\r\n<section id=\"Breadcrumbs-block_aec17e8cdfcec0efe20b621a36f96a88\" class=\"Breadcrumbs\">\r\n    \r\n        <nav class=\"breads\" aria-label=\"Breadcrumb\">\r\n            <ul class=\"container\">\r\n                <li><a href=\"https:\/\/aurenweb-stg.servidortemporal.net\/ar\/pt-pt\/\">Home<\/a><\/li>\r\n                <li><span aria-current=\"page\">Contato paises<\/span><\/li>            <\/ul>\r\n        <\/nav>\r\n\r\n                                                                                     \r\n    \r\n<\/section>\r\n\n\n\r\n<section id=\"ContactFormCountry-block_b7146ba1ab474ae543441edd23b8d14f\" class=\"ContactFormCountry\">\r\n\r\n    <div class=\"container\">\r\n        <div class=\"row\">\r\n            <div class=\"col-lg-6\">\r\n\r\n                <section class=\"info v3\">\r\n                    <div class=\"container\">\r\n                        <div class=\"info_text\">\r\n                            <div class=\"info_title\">\r\n                                <h3>Temos uma ampla vis\u00e3o de mercado<\/h3>\n                            <\/div>\r\n                        <\/div>\r\n                        <div class=\"info_media\">\r\n                            <div class=\"info_media_title\">\r\n                                                            <\/div>\r\n                            <div class=\"info_media_item info_media_item-1\">\r\n                                <span class=\"info_media_item_bg\"><img loading=\"lazy\" decoding=\"async\" width=\"640\" height=\"381\" src=\"https:\/\/aurenweb-stg.servidortemporal.net\/ar\/wp-content\/uploads\/2025\/01\/image-text-10-scaled-1-1024x610.webp\" class=\"\" alt=\"\" srcset=\"https:\/\/aurenweb-stg.servidortemporal.net\/ar\/wp-content\/uploads\/2025\/01\/image-text-10-scaled-1-1024x610.webp 1024w, https:\/\/aurenweb-stg.servidortemporal.net\/ar\/wp-content\/uploads\/2025\/01\/image-text-10-scaled-1-300x179.webp 300w, https:\/\/aurenweb-stg.servidortemporal.net\/ar\/wp-content\/uploads\/2025\/01\/image-text-10-scaled-1-768x457.webp 768w, https:\/\/aurenweb-stg.servidortemporal.net\/ar\/wp-content\/uploads\/2025\/01\/image-text-10-scaled-1-1536x914.webp 1536w, https:\/\/aurenweb-stg.servidortemporal.net\/ar\/wp-content\/uploads\/2025\/01\/image-text-10-scaled-1-2048x1219.webp 2048w\" sizes=\"auto, (max-width: 640px) 100vw, 640px\" \/><\/span>\r\n                            <\/div>\r\n                            <div class=\"info_media_item info_media_item-2\">\r\n                                <span class=\"info_media_item_bg\"><img loading=\"lazy\" decoding=\"async\" width=\"567\" height=\"389\" src=\"https:\/\/aurenweb-stg.servidortemporal.net\/ar\/wp-content\/uploads\/2025\/01\/international-desk.webp\" class=\"\" alt=\"\" srcset=\"https:\/\/aurenweb-stg.servidortemporal.net\/ar\/wp-content\/uploads\/2025\/01\/international-desk.webp 567w, https:\/\/aurenweb-stg.servidortemporal.net\/ar\/wp-content\/uploads\/2025\/01\/international-desk-300x206.webp 300w\" sizes=\"auto, (max-width: 567px) 100vw, 567px\" \/><\/span>\r\n                            <\/div>\r\n                        <\/div>\r\n                    <\/div>\r\n                <\/section>\r\n\r\n            <\/div>\r\n            <div class=\"col-lg-6\">\r\n\r\n                <section class=\"contact contact-country\">\r\n                    <div class=\"container\">\r\n                        <div class=\"contact_wrapper\">\r\n                            \n<div class=\"wpcf7 no-js\" id=\"wpcf7-f27459-o1\" lang=\"pt-PT\" dir=\"ltr\" data-wpcf7-id=\"27459\">\n<div class=\"screen-reader-response\"><p role=\"status\" aria-live=\"polite\" aria-atomic=\"true\"><\/p> <ul><\/ul><\/div>\n<form action=\"\/ar\/pt-pt\/wp-json\/wp\/v2\/pages\/27455#wpcf7-f27459-o1\" method=\"post\" class=\"wpcf7-form init\" aria-label=\"Formul\u00e1rio de contacto\" novalidate=\"novalidate\" data-status=\"init\">\n<div style=\"display: none;\">\n<input type=\"hidden\" name=\"_wpcf7\" value=\"27459\" \/>\n<input type=\"hidden\" name=\"_wpcf7_version\" value=\"6.0.1\" \/>\n<input type=\"hidden\" name=\"_wpcf7_locale\" value=\"pt_PT\" \/>\n<input type=\"hidden\" name=\"_wpcf7_unit_tag\" value=\"wpcf7-f27459-o1\" \/>\n<input type=\"hidden\" name=\"_wpcf7_container_post\" value=\"0\" \/>\n<input type=\"hidden\" name=\"_wpcf7_posted_data_hash\" value=\"\" \/>\n<\/div>\n<p>[dynamic_hidden your-subject &#8220;contact_country texto=&#8217;Auren Argentina &#8211; Solicitud Contacto Pa\u00edses &#8211; &#8216;&#8221;]<br \/>\n[dynamic_hidden country &#8220;contact_country&#8221;]<br \/>\n[dynamic_hidden email-to &#8220;contact_country_emails&#8221;]<br \/>\n[dynamic_hidden current-language &#8220;current_language&#8221;]<br \/>\n[dynamic_hidden country-name &#8220;country_name&#8221;]\n<\/p>\n<div class=\"contact_field contact_field-placeholder\">\n\t<p><span class=\"wpcf7-form-control-wrap\" data-name=\"your-name\"><input size=\"40\" maxlength=\"400\" class=\"wpcf7-form-control wpcf7-text wpcf7-validates-as-required\" id=\"your-name\" autocomplete=\"name\" aria-required=\"true\" aria-invalid=\"false\" value=\"\" type=\"text\" name=\"your-name\" \/><\/span><label for=\"your-name\">Nome completo<span>*<\/span><\/label>\n\t<\/p>\n<\/div>\n<div class=\"contact_field contact_field-placeholder\">\n\t<p><span class=\"wpcf7-form-control-wrap\" data-name=\"your-company\"><input size=\"40\" maxlength=\"400\" class=\"wpcf7-form-control wpcf7-text wpcf7-validates-as-required\" id=\"your-company\" aria-required=\"true\" aria-invalid=\"false\" value=\"\" type=\"text\" name=\"your-company\" \/><\/span><label for=\"your-company\">Empresa<span>*<\/span><\/label>\n\t<\/p>\n<\/div>\n<div class=\"contact_field contact_field-placeholder\">\n\t<p><span class=\"wpcf7-form-control-wrap\" data-name=\"your-email\"><input size=\"40\" maxlength=\"400\" class=\"wpcf7-form-control wpcf7-email wpcf7-validates-as-required wpcf7-text wpcf7-validates-as-email\" id=\"your-email\" autocomplete=\"email\" aria-required=\"true\" aria-invalid=\"false\" value=\"\" type=\"email\" name=\"your-email\" \/><\/span><label for=\"your-email\">E-mail<span>*<\/span><\/label>\n\t<\/p>\n<\/div>\n<div class=\"contact_field contact_field-placeholder\">\n\t<p><span class=\"wpcf7-form-control-wrap\" data-name=\"your-phone\"><input size=\"40\" maxlength=\"400\" class=\"wpcf7-form-control wpcf7-text wpcf7-validates-as-required\" id=\"your-phone\" aria-required=\"true\" aria-invalid=\"false\" value=\"\" type=\"text\" name=\"your-phone\" \/><\/span><label for=\"your-phone\">Telefone<span>*<\/span><\/label>\n\t<\/p>\n<\/div>\n<div class=\"contact_field contact_field-textarea\">\n\t<p><span class=\"wpcf7-form-control-wrap\" data-name=\"your-message\"><textarea cols=\"40\" rows=\"10\" maxlength=\"2000\" class=\"wpcf7-form-control wpcf7-textarea wpcf7-validates-as-required\" id=\"your-message\" aria-required=\"true\" aria-invalid=\"false\" name=\"your-message\"><\/textarea><\/span><label for=\"your-message\">Mensagem<\/label>\n\t<\/p>\n<\/div>\n<div class=\"contact_field contact_field-check\">\n\t<p><span class=\"wpcf7-form-control-wrap\" data-name=\"acceptance-216\"><span class=\"wpcf7-form-control wpcf7-acceptance\"><span class=\"wpcf7-list-item\"><label><input type=\"checkbox\" name=\"acceptance-216\" value=\"1\" aria-invalid=\"false\" \/><span class=\"wpcf7-list-item-label\">Li e aceito o <a href=\"https:\/\/aurenweb-stg.servidortemporal.net\/ar\/pt-pt\/legal-notice\/\">aviso legal<\/a> e a <a href=\"https:\/\/aurenweb-stg.servidortemporal.net\/ar\/pt-pt\/privacy-policy\/\">pol\u00edtica de privacidade<\/a><span>*<\/span><\/span><\/label><\/span><\/span><\/span>\n\t<\/p>\n<\/div>\n<p><button type=\"submit\" class=\"wpcf7-form-control wpcf7-submit button button-primary button-icon\">Enviar<\/button>\n<\/p><div class=\"wpcf7-response-output\" aria-hidden=\"true\"><\/div>\n<\/form>\n<\/div>\n                                                            <div class=\"contact_note\">\r\n                                    <p>Informamos que os dados assinalados com um asterisco (*) s\u00e3o necess\u00e1rios para poder responder ao seu pedido de informa\u00e7\u00e3o. Ao clicar no bot\u00e3o \u201cenviar\u201d est\u00e1 a dar o seu consentimento expresso e inequ\u00edvoco para que tratemos os seus dados de forma a responder \u00e0 sua mensagem. Os seus dados n\u00e3o ser\u00e3o transferidos para terceiros fora do Grupo Auren e ser\u00e3o eliminados assim que lhe enviarmos a nossa resposta. Em qualquer caso, poder\u00e1 exercer os seus direitos de acesso, retifica\u00e7\u00e3o, elimina\u00e7\u00e3o, portabilidade, limita\u00e7\u00e3o e oposi\u00e7\u00e3o ao tratamento dos seus dados pessoais. Para mais informa\u00e7\u00f5es poder\u00e1 consultar o nosso <a href=\"https:\/\/aurenweb-stg.servidortemporal.net\/ar\/pt-pt\/privacy-policy\/\">P\u00f3litica de Privacidade<\/a>.<\/p>\n                                <\/div>\r\n                                                    <\/div>\r\n                    <\/div>\r\n                <\/section>\r\n\r\n            <\/div>\r\n        <\/div>\r\n    <\/div>\r\n\r\n<\/section>","protected":false},"excerpt":{"rendered":"","protected":false},"author":2,"featured_media":0,"parent":0,"menu_order":0,"comment_status":"closed","ping_status":"closed","template":"","meta":{"_acf_changed":false,"footnotes":""},"class_list":["post-27455","page","type-page","status-publish","hentry"],"acf":[],"_links":{"self":[{"href":"https:\/\/aurenweb-stg.servidortemporal.net\/ar\/pt-pt\/wp-json\/wp\/v2\/pages\/27455","targetHints":{"allow":["GET"]}}],"collection":[{"href":"https:\/\/aurenweb-stg.servidortemporal.net\/ar\/pt-pt\/wp-json\/wp\/v2\/pages"}],"about":[{"href":"https:\/\/aurenweb-stg.servidortemporal.net\/ar\/pt-pt\/wp-json\/wp\/v2\/types\/page"}],"author":[{"embeddable":true,"href":"https:\/\/aurenweb-stg.servidortemporal.net\/ar\/pt-pt\/wp-json\/wp\/v2\/users\/2"}],"replies":[{"embeddable":true,"href":"https:\/\/aurenweb-stg.servidortemporal.net\/ar\/pt-pt\/wp-json\/wp\/v2\/comments?post=27455"}],"version-history":[{"count":3,"href":"https:\/\/aurenweb-stg.servidortemporal.net\/ar\/pt-pt\/wp-json\/wp\/v2\/pages\/27455\/revisions"}],"predecessor-version":[{"id":27466,"href":"https:\/\/aurenweb-stg.servidortemporal.net\/ar\/pt-pt\/wp-json\/wp\/v2\/pages\/27455\/revisions\/27466"}],"wp:attachment":[{"href":"https:\/\/aurenweb-stg.servidortemporal.net\/ar\/pt-pt\/wp-json\/wp\/v2\/media?parent=27455"}],"curies":[{"name":"wp","href":"https:\/\/api.w.org\/{rel}","templated":true}]}}