{"id":10174,"date":"2024-12-22T09:12:12","date_gmt":"2024-12-22T08:12:12","guid":{"rendered":"https:\/\/auren.com\/ar\/?page_id=10174"},"modified":"2025-01-23T18:37:29","modified_gmt":"2025-01-23T17:37:29","slug":"nuestros-expertos","status":"publish","type":"page","link":"https:\/\/aurenweb-stg.servidortemporal.net\/ar\/conocenos-auren\/nuestros-expertos\/","title":{"rendered":"Nuestros especialistas"},"content":{"rendered":"<section id=\"Header-block_9fc526233a5bdce6aca9b757fb142074\" class=\"Header\">\r\n\r\n    <div class=\"hero\">\r\n                <div class=\"container\">\r\n            <div class=\"hero_header\">\r\n                                \r\n                <div class=\"hero_header_title\">\r\n                    <p class='' style=\"text-align: right;\">NUESTROS <strong>ESPECIALISTAS<\/strong><\/p>\n                <\/div>\r\n\r\n                                                \r\n                <div class=\"hero_header_subtitle\">\r\n                    <p style=\"text-align: right;\">GENERAR CONFIANZA<\/p>\n                <\/div>\r\n\r\n                                \r\n            <\/div>\r\n        <\/div>\r\n        \r\n                <picture>\r\n            <source srcset=\"https:\/\/aurenweb-stg.servidortemporal.net\/ar\/wp-content\/uploads\/2024\/12\/bg-hero-aboutus-experts-d.webp\"\r\n                media=\"(min-width: 1200px)\" \/>\r\n            <img loading=\"lazy\" decoding=\"async\" class=\"hero_bg\"\r\n                <img loading=\"lazy\" decoding=\"async\" width=\"640\" height=\"383\" src=\"https:\/\/aurenweb-stg.servidortemporal.net\/ar\/wp-content\/uploads\/2024\/12\/bg-hero-aboutus-experts-d-1024x612.webp\" class=\"hero_bg\" alt=\"\" srcset=\"https:\/\/aurenweb-stg.servidortemporal.net\/ar\/wp-content\/uploads\/2024\/12\/bg-hero-aboutus-experts-d-1024x612.webp 1024w, https:\/\/aurenweb-stg.servidortemporal.net\/ar\/wp-content\/uploads\/2024\/12\/bg-hero-aboutus-experts-d-300x179.webp 300w, https:\/\/aurenweb-stg.servidortemporal.net\/ar\/wp-content\/uploads\/2024\/12\/bg-hero-aboutus-experts-d-768x459.webp 768w, https:\/\/aurenweb-stg.servidortemporal.net\/ar\/wp-content\/uploads\/2024\/12\/bg-hero-aboutus-experts-d.webp 1200w\" sizes=\"auto, (max-width: 640px) 100vw, 640px\" \/>>\r\n        <\/picture>\r\n        \r\n                        <p class=\"hero_scroll\"><strong>Explorar m\u00e1s<\/strong> Despl\u00e1cese hacia abajo<\/p>\r\n                    <\/div>\r\n\r\n<\/section>\n\n\r\n<section id=\"Breadcrumbs-block_8bfe2af3f7bc8f38dd2aff0045ce92d5\" class=\"Breadcrumbs\">\r\n    \r\n        <nav class=\"breads\" aria-label=\"Breadcrumb\">\r\n            <ul class=\"container\">\r\n                <li><a href=\"https:\/\/aurenweb-stg.servidortemporal.net\/ar\">Home<\/a><\/li>\r\n                <li><span aria-current=\"page\">Nuestros especialistas<\/span><\/li>            <\/ul>\r\n        <\/nav>\r\n\r\n                                                                                     \r\n    \r\n<\/section>\r\n\n\n\r\n<section id=\"ImageText-block_5b11c9c6687d04cd89d39ef02d1e56a9\" class=\"ImageText\">\r\n\r\n    <section class=\"info \">\r\n        <div class=\"container\">\r\n            <div class=\"info_text\">\r\n                <div class=\"info_title\">\r\n                    <p class=''>NUESTRO EQUIPO<\/p>\n                <\/div>\r\n                <div class=\"info_description\">\r\n                    <p>Los profesionales de Auren son la clave del \u00e9xito de la empresa. Su experiencia, dedicaci\u00f3n y pasi\u00f3n impulsan la misi\u00f3n de la empresa de ofrecer servicios de primer nivel en m\u00faltiples disciplinas.<\/p>\n<p>El equipo de Auren no s\u00f3lo cuenta con profundos conocimientos t\u00e9cnicos, sino que tambi\u00e9n tiene un firme compromiso para ofrecer soluciones personalizadas e innovadoras a cada cliente. Esta combinaci\u00f3n de talento humano y conocimientos t\u00e9cnicos es lo que diferencia a Auren en el competitivo mundo de la consultor\u00eda.<\/p>\n                <\/div>\r\n            <\/div>\r\n            <div class=\"info_media\">\r\n                <div class=\"info_media_item info_media_item-1\">\r\n                    <div class=\"info_media_item_text\"><span class=\"title\"><\/span><\/div>\r\n                    <div class=\"info_media_item_text_claim\"><\/div>\r\n                    <span class=\"info_media_item_bg\">\r\n                                                    <img loading=\"lazy\" decoding=\"async\" width=\"640\" height=\"366\" src=\"https:\/\/aurenweb-stg.servidortemporal.net\/ar\/wp-content\/uploads\/2024\/12\/international-auren-media-banner-3-1024x585.webp\" class=\"attachment-large size-large\" alt=\"\" srcset=\"https:\/\/aurenweb-stg.servidortemporal.net\/ar\/wp-content\/uploads\/2024\/12\/international-auren-media-banner-3-1024x585.webp 1024w, https:\/\/aurenweb-stg.servidortemporal.net\/ar\/wp-content\/uploads\/2024\/12\/international-auren-media-banner-3-300x171.webp 300w, https:\/\/aurenweb-stg.servidortemporal.net\/ar\/wp-content\/uploads\/2024\/12\/international-auren-media-banner-3-768x439.webp 768w, https:\/\/aurenweb-stg.servidortemporal.net\/ar\/wp-content\/uploads\/2024\/12\/international-auren-media-banner-3-1536x878.webp 1536w, https:\/\/aurenweb-stg.servidortemporal.net\/ar\/wp-content\/uploads\/2024\/12\/international-auren-media-banner-3-2048x1171.webp 2048w\" sizes=\"auto, (max-width: 640px) 100vw, 640px\" \/>                                            <\/span>\r\n                                                        <\/div>\r\n                <div class=\"info_media_claim\">\r\n                    <p>Los profesionales de Auren<\/p>\n                <\/div>\r\n                <div class=\"info_media_item info_media_item-2\">\r\n                    <div class=\"info_media_item_text\"><span class=\"title\"><\/span><\/div>\r\n                    <div class=\"info_media_item_text_claim\"><\/div>\r\n                    <span class=\"info_media_item_bg\">\r\n                                                    <img loading=\"lazy\" decoding=\"async\" width=\"640\" height=\"354\" src=\"https:\/\/aurenweb-stg.servidortemporal.net\/ar\/wp-content\/uploads\/2024\/12\/image-text-6-1-1024x567.webp\" class=\"attachment-large size-large\" alt=\"\" srcset=\"https:\/\/aurenweb-stg.servidortemporal.net\/ar\/wp-content\/uploads\/2024\/12\/image-text-6-1-1024x567.webp 1024w, https:\/\/aurenweb-stg.servidortemporal.net\/ar\/wp-content\/uploads\/2024\/12\/image-text-6-1-300x166.webp 300w, https:\/\/aurenweb-stg.servidortemporal.net\/ar\/wp-content\/uploads\/2024\/12\/image-text-6-1-768x425.webp 768w, https:\/\/aurenweb-stg.servidortemporal.net\/ar\/wp-content\/uploads\/2024\/12\/image-text-6-1-1536x851.webp 1536w, https:\/\/aurenweb-stg.servidortemporal.net\/ar\/wp-content\/uploads\/2024\/12\/image-text-6-1-2048x1134.webp 2048w\" sizes=\"auto, (max-width: 640px) 100vw, 640px\" \/>                                            <\/span>\r\n                                                        <\/div>\r\n            <\/div>\r\n        <\/div>\r\n    <\/section>\r\n\r\n<\/section>\r\n\r\n\n\n<div id=\"TitleSubtitleText-block_188a0faa1b36648ae9c2c99d7292940f\" class=\"TitleSubtitleText\">\n\n    <section class=\"headlines v1\">\n        <div class=\"container\">\n                        <div class=\"headlines_title\">\n                <h3 class=''>PROFESIONALES<\/h3>\n            <\/div>\n                                    <div class=\"headlines_content\">\n                                                <div class=\"headlines_description\">\n                    <p>Nuestros profesionales son el mayor activo de la empresa, y su experiencia humana y t\u00e9cnica impulsan el \u00e9xito de Auren. Su dedicaci\u00f3n e innovaci\u00f3n nos permiten lograr resultados eficientes. Este compromiso es lo que impulsa nuestro crecimiento y garantiza que cumplamos las normas m\u00e1s estrictas para nuestros clientes.<\/p>\n                <\/div>\n                                            <\/div>\n                    <\/div>\n    <\/section>\n\n<\/div>\n\n\n<div id=\"Professionals-block_a6fac9818660211e7c963d4a6791cfa9\" class=\"Professionals\">\n<div class=\"filters\">\n    <div class=\"container\">\n        <div class=\"filters_nav\">\n            <a class=\"filters_nav_button\" href=\"#\">Filtrar<\/a>\n            <div class=\"filters_nav_content filters_nav_content-large\">\n                <div class=\"filers_and_search\">\n                    <div class=\"filters_nav_tags\"><\/div>\n                    <div id=\"search-btn\" class=\"filters_nav_tags close-modal\">\n                        <div class=\"filters_nav_tags_item close\">Search<\/div>\n                    <\/div>\n                <\/div>\n\n                <div class=\"filters_nav_list\"><p class=\"filters_nav_list_title\"><img decoding=\"async\" src=\"https:\/\/aurenweb-stg.servidortemporal.net\/ar\/wp-content\/themes\/auren\/assets\/images\/ico-offices.svg\" alt=\"\"><span>Offices<\/span><\/p><div class=\"filters_checks\"><label class=\"filters_nav_list_item\"><input class=\"filters_nav_list_check\" type=\"checkbox\" data-term=\"all\" data-taxonomy=\"office\"><span class=\"filters_nav_list_text\">TODOS<\/span><\/label><label class=\"filters_nav_list_item\"><input class=\"filters_nav_list_check\" type=\"checkbox\" data-term=\"23277\" data-taxonomy=\"office\"><span class=\"filters_nav_list_text\">Auren Carrasco<\/span><\/label><\/div><\/div><div class=\"filters_nav_list\"><p class=\"filters_nav_list_title\"><img decoding=\"async\" src=\"https:\/\/aurenweb-stg.servidortemporal.net\/ar\/wp-content\/themes\/auren\/assets\/images\/ico-services.svg\" alt=\"\"><span>Services<\/span><\/p><div class=\"filters_checks\"><label class=\"filters_nav_list_item\"><input class=\"filters_nav_list_check\" type=\"checkbox\" data-term=\"all\" data-taxonomy=\"service\"><span class=\"filters_nav_list_text\">TODOS<\/span><\/label><label class=\"filters_nav_list_item\"><input class=\"filters_nav_list_check\" type=\"checkbox\" data-term=\"2403\" data-taxonomy=\"service\"><span class=\"filters_nav_list_text\">Auditor\u00eda<\/span><\/label><label class=\"filters_nav_list_item\"><input class=\"filters_nav_list_check\" type=\"checkbox\" data-term=\"2593\" data-taxonomy=\"service\"><span class=\"filters_nav_list_text\">BPO<\/span><\/label><label class=\"filters_nav_list_item\"><input class=\"filters_nav_list_check\" type=\"checkbox\" data-term=\"2544\" data-taxonomy=\"service\"><span class=\"filters_nav_list_text\">Consultor\u00eda<\/span><\/label><label class=\"filters_nav_list_item\"><input class=\"filters_nav_list_check\" type=\"checkbox\" data-term=\"2585\" data-taxonomy=\"service\"><span class=\"filters_nav_list_text\">Contables y administrativos<\/span><\/label><label class=\"filters_nav_list_item\"><input class=\"filters_nav_list_check\" type=\"checkbox\" data-term=\"2562\" data-taxonomy=\"service\"><span class=\"filters_nav_list_text\">Finanzas Corporativas<\/span><\/label><label class=\"filters_nav_list_item\"><input class=\"filters_nav_list_check\" type=\"checkbox\" data-term=\"2468\" data-taxonomy=\"service\"><span class=\"filters_nav_list_text\">Impuestos<\/span><\/label><label class=\"filters_nav_list_item\"><input class=\"filters_nav_list_check\" type=\"checkbox\" data-term=\"2590\" data-taxonomy=\"service\"><span class=\"filters_nav_list_text\">Laboral y Previsional<\/span><\/label><label class=\"filters_nav_list_item\"><input class=\"filters_nav_list_check\" type=\"checkbox\" data-term=\"2509\" data-taxonomy=\"service\"><span class=\"filters_nav_list_text\">Legales<\/span><\/label><\/div><\/div>                <div class=\"modal-loading\" aria-hidden=\"true\">\n                    <div class=\"spinner\" role=\"status\" aria-label=\"Loading Professionals...\"><\/div>\n                    <p class=\"loading-text\">Loading Professionals&#8230;<\/p>\n                <\/div>\n            <\/div>\n        <\/div>\n    <\/div>\n<\/div>\n\n    <section class=\"ProfessionalsDistributive experts\">\n        <div class=\"container\">\n            <div class=\"professionals\"><\/div>\n            <div class=\"experts_pagination\"><\/div>\n\n                    <\/div>\n    <\/section>\n\n\n<\/div>\n\n\n\n\r\n<section id=\"ParentPostsListDisplay-block_8ce6a4fb995c63f01215c96f41c5538c\" class=\"ParentPostsListDisplay\">\r\n    \r\n        <section class=\"transformation\" id=\"transformation\">\r\n            <div class=\"container\">\r\n                                <div class=\"transformation_title\">\r\n                    <p>NUESTROS SERVICIOS<\/p>\n                <\/div>\r\n                \r\n                                <div class=\"transformation_description\">\r\n                    <p>La multidisciplina y la experiencia en compartir proyectos entre diferentes especialistas proporcionan un valor altamente operativo, ofreciendo servicios desde una perspectiva global y orientada a la calidad.<\/p>\n<p>A continuaci\u00f3n, presentamos un resumen de nuestros servicios profesionales.<\/p>\n                <\/div>\r\n                \r\n                <div class=\"transformation_content\">\r\n                    <ul class='transformation_list'><li class=\"transformation_list_item transformation_list_item-1\" data-position=\"1\">\r\n                <a class=\"transformation_list_item_link\" href=\"#\">Auditor\u00eda<\/a>\r\n                <div class=\"transformation_list_item_text\">\r\n                    <p>Ofrecemos calidad de servicio a trav\u00e9s de un proceso de innovaci\u00f3n continua.<\/p>\r\n                    <a class='button button-primary' href='https:\/\/aurenweb-stg.servidortemporal.net\/ar\/servicios\/auditoria\/'>M\u00e1s informaci\u00f3n<\/a>\r\n                <\/div>\r\n            <\/li><li class=\"transformation_list_item transformation_list_item-2\" data-position=\"2\">\r\n                <a class=\"transformation_list_item_link\" href=\"#\">Impuestos<\/a>\r\n                <div class=\"transformation_list_item_text\">\r\n                    <p>Garantizamos la tranquilidad de las empresas en el complejo entorno de regulaciones fiscales.<\/p>\r\n                    <a class='button button-primary' href='https:\/\/aurenweb-stg.servidortemporal.net\/ar\/servicios\/impuestos\/'>M\u00e1s informaci\u00f3n<\/a>\r\n                <\/div>\r\n            <\/li><li class=\"transformation_list_item transformation_list_item-3\" data-position=\"3\">\r\n                <a class=\"transformation_list_item_link\" href=\"#\">Legales<\/a>\r\n                <div class=\"transformation_list_item_text\">\r\n                    <p>Especializados en derecho con un enfoque estrat\u00e9gico y orientado a las necesidades empresariales.<\/p>\r\n                    <a class='button button-primary' href='https:\/\/aurenweb-stg.servidortemporal.net\/ar\/servicios\/legales\/'>M\u00e1s informaci\u00f3n<\/a>\r\n                <\/div>\r\n            <\/li><li class=\"transformation_list_item transformation_list_item-4\" data-position=\"4\">\r\n                <a class=\"transformation_list_item_link\" href=\"#\">Consultor\u00eda<\/a>\r\n                <div class=\"transformation_list_item_text\">\r\n                    <p>Soluciones 360\u00b0 que agregan valor a tu negocio.<\/p>\r\n                    <a class='button button-primary' href='https:\/\/aurenweb-stg.servidortemporal.net\/ar\/servicios\/consultoria\/'>M\u00e1s informaci\u00f3n<\/a>\r\n                <\/div>\r\n            <\/li><li class=\"transformation_list_item transformation_list_item-5\" data-position=\"5\">\r\n                <a class=\"transformation_list_item_link\" href=\"#\">Finanzas Corporativas<\/a>\r\n                <div class=\"transformation_list_item_text\">\r\n                    <p>Asistimos a las empresas en temas de asesoramiento financiero y operaciones corporativas.<\/p>\r\n                    <a class='button button-primary' href='https:\/\/aurenweb-stg.servidortemporal.net\/ar\/servicios\/finanzas-corporativas\/'>M\u00e1s informaci\u00f3n<\/a>\r\n                <\/div>\r\n            <\/li><li class=\"transformation_list_item transformation_list_item-6\" data-position=\"6\">\r\n                <a class=\"transformation_list_item_link\" href=\"#\">Outsourcing<\/a>\r\n                <div class=\"transformation_list_item_text\">\r\n                    <p>Mucho m\u00e1s que una tercerizaci\u00f3n.<\/p>\r\n                    <a class='button button-primary' href='https:\/\/aurenweb-stg.servidortemporal.net\/ar\/servicios\/outsourcing\/'>M\u00e1s informaci\u00f3n<\/a>\r\n                <\/div>\r\n            <\/li><\/ul>                    <div class=\"transformation_media\">\r\n                        <div class=\"transformation_media_main\">\r\n                            <img loading=\"lazy\" decoding=\"async\" width=\"640\" height=\"644\" src=\"https:\/\/aurenweb-stg.servidortemporal.net\/ar\/wp-content\/uploads\/2024\/11\/example-transformation-media.webp\" class=\"transformation_media_main_bg\" alt=\"\" srcset=\"https:\/\/aurenweb-stg.servidortemporal.net\/ar\/wp-content\/uploads\/2024\/11\/example-transformation-media.webp 1000w, https:\/\/aurenweb-stg.servidortemporal.net\/ar\/wp-content\/uploads\/2024\/11\/example-transformation-media-298x300.webp 298w, https:\/\/aurenweb-stg.servidortemporal.net\/ar\/wp-content\/uploads\/2024\/11\/example-transformation-media-150x150.webp 150w, https:\/\/aurenweb-stg.servidortemporal.net\/ar\/wp-content\/uploads\/2024\/11\/example-transformation-media-768x773.webp 768w\" sizes=\"auto, (max-width: 640px) 100vw, 640px\" \/>                            <a class=\"transformation_media_main_link transformation_media_main_link-1\" href=\"https:\/\/aurenweb-stg.servidortemporal.net\/ar\/servicios\/auditoria\/\">\r\n                <span><\/span> \r\n                <strong>Auditor\u00eda<\/strong>\r\n            <\/a><a class=\"transformation_media_main_link transformation_media_main_link-2\" href=\"https:\/\/aurenweb-stg.servidortemporal.net\/ar\/servicios\/impuestos\/\">\r\n                <span><\/span> \r\n                <strong>Impuestos<\/strong>\r\n            <\/a><a class=\"transformation_media_main_link transformation_media_main_link-3\" href=\"https:\/\/aurenweb-stg.servidortemporal.net\/ar\/servicios\/legales\/\">\r\n                <span><\/span> \r\n                <strong>Legales<\/strong>\r\n            <\/a><a class=\"transformation_media_main_link transformation_media_main_link-4\" href=\"https:\/\/aurenweb-stg.servidortemporal.net\/ar\/servicios\/consultoria\/\">\r\n                <span><\/span> \r\n                <strong>Consultor\u00eda<\/strong>\r\n            <\/a><a class=\"transformation_media_main_link transformation_media_main_link-5\" href=\"https:\/\/aurenweb-stg.servidortemporal.net\/ar\/servicios\/finanzas-corporativas\/\">\r\n                <span><\/span> \r\n                <strong>Finanzas Corporativas<\/strong>\r\n            <\/a><a class=\"transformation_media_main_link transformation_media_main_link-6\" href=\"https:\/\/aurenweb-stg.servidortemporal.net\/ar\/servicios\/outsourcing\/\">\r\n                <span><\/span> \r\n                <strong>Outsourcing<\/strong>\r\n            <\/a>                        <\/div>\r\n                        <div class=\"transformation_media_secondary\">\r\n                            <img loading=\"lazy\" decoding=\"async\" width=\"577\" height=\"385\" src=\"https:\/\/aurenweb-stg.servidortemporal.net\/ar\/wp-content\/uploads\/2024\/12\/example-mosaic-1-1.webp\" class=\"transformation_media_secondary_bg transformation_media_secondary_bg-1\" alt=\"\" srcset=\"https:\/\/aurenweb-stg.servidortemporal.net\/ar\/wp-content\/uploads\/2024\/12\/example-mosaic-1-1.webp 577w, https:\/\/aurenweb-stg.servidortemporal.net\/ar\/wp-content\/uploads\/2024\/12\/example-mosaic-1-1-300x200.webp 300w\" sizes=\"auto, (max-width: 577px) 100vw, 577px\" \/><img loading=\"lazy\" decoding=\"async\" width=\"577\" height=\"385\" src=\"https:\/\/aurenweb-stg.servidortemporal.net\/ar\/wp-content\/uploads\/2024\/12\/example-mosaic-2-1.webp\" class=\"transformation_media_secondary_bg transformation_media_secondary_bg-2\" alt=\"\" srcset=\"https:\/\/aurenweb-stg.servidortemporal.net\/ar\/wp-content\/uploads\/2024\/12\/example-mosaic-2-1.webp 577w, https:\/\/aurenweb-stg.servidortemporal.net\/ar\/wp-content\/uploads\/2024\/12\/example-mosaic-2-1-300x200.webp 300w\" sizes=\"auto, (max-width: 577px) 100vw, 577px\" \/><img loading=\"lazy\" decoding=\"async\" width=\"577\" height=\"385\" src=\"https:\/\/aurenweb-stg.servidortemporal.net\/ar\/wp-content\/uploads\/2024\/12\/example-mosaic-3-1.webp\" class=\"transformation_media_secondary_bg transformation_media_secondary_bg-3\" alt=\"\" srcset=\"https:\/\/aurenweb-stg.servidortemporal.net\/ar\/wp-content\/uploads\/2024\/12\/example-mosaic-3-1.webp 577w, https:\/\/aurenweb-stg.servidortemporal.net\/ar\/wp-content\/uploads\/2024\/12\/example-mosaic-3-1-300x200.webp 300w\" sizes=\"auto, (max-width: 577px) 100vw, 577px\" \/><img loading=\"lazy\" decoding=\"async\" width=\"577\" height=\"385\" src=\"https:\/\/aurenweb-stg.servidortemporal.net\/ar\/wp-content\/uploads\/2024\/12\/example-mosaic-4-1.webp\" class=\"transformation_media_secondary_bg transformation_media_secondary_bg-4\" alt=\"\" srcset=\"https:\/\/aurenweb-stg.servidortemporal.net\/ar\/wp-content\/uploads\/2024\/12\/example-mosaic-4-1.webp 577w, https:\/\/aurenweb-stg.servidortemporal.net\/ar\/wp-content\/uploads\/2024\/12\/example-mosaic-4-1-300x200.webp 300w\" sizes=\"auto, (max-width: 577px) 100vw, 577px\" \/><img loading=\"lazy\" decoding=\"async\" width=\"533\" height=\"401\" src=\"https:\/\/aurenweb-stg.servidortemporal.net\/ar\/wp-content\/uploads\/2024\/12\/Rectangle-9-1.webp\" class=\"transformation_media_secondary_bg transformation_media_secondary_bg-5\" alt=\"\" srcset=\"https:\/\/aurenweb-stg.servidortemporal.net\/ar\/wp-content\/uploads\/2024\/12\/Rectangle-9-1.webp 533w, https:\/\/aurenweb-stg.servidortemporal.net\/ar\/wp-content\/uploads\/2024\/12\/Rectangle-9-1-300x226.webp 300w\" sizes=\"auto, (max-width: 533px) 100vw, 533px\" \/><img loading=\"lazy\" decoding=\"async\" width=\"640\" height=\"427\" src=\"https:\/\/aurenweb-stg.servidortemporal.net\/ar\/wp-content\/uploads\/2024\/12\/shutterstock_318507608-1024x683.jpg\" class=\"transformation_media_secondary_bg transformation_media_secondary_bg-6\" alt=\"\" srcset=\"https:\/\/aurenweb-stg.servidortemporal.net\/ar\/wp-content\/uploads\/2024\/12\/shutterstock_318507608-1024x683.jpg 1024w, https:\/\/aurenweb-stg.servidortemporal.net\/ar\/wp-content\/uploads\/2024\/12\/shutterstock_318507608-300x200.jpg 300w, https:\/\/aurenweb-stg.servidortemporal.net\/ar\/wp-content\/uploads\/2024\/12\/shutterstock_318507608-768x512.jpg 768w, https:\/\/aurenweb-stg.servidortemporal.net\/ar\/wp-content\/uploads\/2024\/12\/shutterstock_318507608-1536x1024.jpg 1536w, https:\/\/aurenweb-stg.servidortemporal.net\/ar\/wp-content\/uploads\/2024\/12\/shutterstock_318507608-2048x1365.jpg 2048w\" sizes=\"auto, (max-width: 640px) 100vw, 640px\" \/>                        <\/div>\r\n                    <\/div>\r\n                <\/div>\r\n            <\/div>\r\n        <\/section>\r\n\r\n    <\/section>\r\n\r\n","protected":false},"excerpt":{"rendered":"","protected":false},"author":2,"featured_media":0,"parent":10048,"menu_order":0,"comment_status":"closed","ping_status":"closed","template":"","meta":{"_acf_changed":false,"footnotes":""},"class_list":["post-10174","page","type-page","status-publish","hentry"],"acf":[],"_links":{"self":[{"href":"https:\/\/aurenweb-stg.servidortemporal.net\/ar\/wp-json\/wp\/v2\/pages\/10174","targetHints":{"allow":["GET"]}}],"collection":[{"href":"https:\/\/aurenweb-stg.servidortemporal.net\/ar\/wp-json\/wp\/v2\/pages"}],"about":[{"href":"https:\/\/aurenweb-stg.servidortemporal.net\/ar\/wp-json\/wp\/v2\/types\/page"}],"author":[{"embeddable":true,"href":"https:\/\/aurenweb-stg.servidortemporal.net\/ar\/wp-json\/wp\/v2\/users\/2"}],"replies":[{"embeddable":true,"href":"https:\/\/aurenweb-stg.servidortemporal.net\/ar\/wp-json\/wp\/v2\/comments?post=10174"}],"version-history":[{"count":6,"href":"https:\/\/aurenweb-stg.servidortemporal.net\/ar\/wp-json\/wp\/v2\/pages\/10174\/revisions"}],"predecessor-version":[{"id":26190,"href":"https:\/\/aurenweb-stg.servidortemporal.net\/ar\/wp-json\/wp\/v2\/pages\/10174\/revisions\/26190"}],"up":[{"embeddable":true,"href":"https:\/\/aurenweb-stg.servidortemporal.net\/ar\/wp-json\/wp\/v2\/pages\/10048"}],"wp:attachment":[{"href":"https:\/\/aurenweb-stg.servidortemporal.net\/ar\/wp-json\/wp\/v2\/media?parent=10174"}],"curies":[{"name":"wp","href":"https:\/\/api.w.org\/{rel}","templated":true}]}}