{"id":10208,"date":"2024-12-22T09:34:21","date_gmt":"2024-12-22T08:34:21","guid":{"rendered":"https:\/\/auren.com\/ar\/?page_id=10208"},"modified":"2025-01-24T14:37:21","modified_gmt":"2025-01-24T13:37:21","slug":"soluciones","status":"publish","type":"page","link":"https:\/\/aurenweb-stg.servidortemporal.net\/ar\/soluciones\/","title":{"rendered":"Soluciones"},"content":{"rendered":"<section id=\"Header-block_47744dca05867db5d49537a76e94c720\" class=\"Header\">\r\n\r\n    <div class=\"hero\">\r\n                <div class=\"container\">\r\n            <div class=\"hero_header\">\r\n                                \r\n                <div class=\"hero_header_title\">\r\n                    <h1 class='' style=\"text-align: right;\"><strong>Te ofrecemos<\/strong><\/h1>\n                <\/div>\r\n\r\n                                                \r\n                <div class=\"hero_header_subtitle\">\r\n                    <p style=\"text-align: right;\">Soluciones a medida<\/p>\n                <\/div>\r\n\r\n                                \r\n            <\/div>\r\n        <\/div>\r\n        \r\n                <picture>\r\n            <source srcset=\"https:\/\/aurenweb-stg.servidortemporal.net\/ar\/wp-content\/uploads\/2024\/11\/bg-hero-solutions-d.webp\"\r\n                media=\"(min-width: 1200px)\" \/>\r\n            <img loading=\"lazy\" decoding=\"async\" class=\"hero_bg\"\r\n                <img loading=\"lazy\" decoding=\"async\" width=\"640\" height=\"379\" src=\"https:\/\/aurenweb-stg.servidortemporal.net\/ar\/wp-content\/uploads\/2024\/11\/bg-hero-solutions-d-1024x607.webp\" class=\"hero_bg\" alt=\"\" srcset=\"https:\/\/aurenweb-stg.servidortemporal.net\/ar\/wp-content\/uploads\/2024\/11\/bg-hero-solutions-d-1024x607.webp 1024w, https:\/\/aurenweb-stg.servidortemporal.net\/ar\/wp-content\/uploads\/2024\/11\/bg-hero-solutions-d-300x178.webp 300w, https:\/\/aurenweb-stg.servidortemporal.net\/ar\/wp-content\/uploads\/2024\/11\/bg-hero-solutions-d-768x455.webp 768w, https:\/\/aurenweb-stg.servidortemporal.net\/ar\/wp-content\/uploads\/2024\/11\/bg-hero-solutions-d.webp 1200w\" sizes=\"auto, (max-width: 640px) 100vw, 640px\" \/>>\r\n        <\/picture>\r\n        \r\n                        <p class=\"hero_scroll\"><strong>Explorar m\u00e1s<\/strong> Despl\u00e1cese hacia abajo<\/p>\r\n                    <\/div>\r\n\r\n<\/section>\n\n\r\n<section id=\"Breadcrumbs-block_e852a058059f81190a0a9ac9390dc030\" class=\"Breadcrumbs\">\r\n    \r\n        <nav class=\"breads\" aria-label=\"Breadcrumb\">\r\n            <ul class=\"container\">\r\n                <li><a href=\"https:\/\/aurenweb-stg.servidortemporal.net\/ar\">Home<\/a><\/li>\r\n                <li><span aria-current=\"page\">Soluciones<\/span><\/li>            <\/ul>\r\n        <\/nav>\r\n\r\n                                                                                     \r\n    \r\n<\/section>\r\n\n\n\r\n<section id=\"ImageText-block_5cdb530b3dfbd39abb3153428c046ec0\" class=\"ImageText\">\r\n\r\n    <section class=\"info \">\r\n        <div class=\"container\">\r\n            <div class=\"info_text\">\r\n                <div class=\"info_title\">\r\n                    <p class=''>Dise\u00f1amos estrategias impulsando el crecimiento<\/p>\n                <\/div>\r\n                <div class=\"info_description\">\r\n                    <p>En Auren, entendemos que cada profesional y sector de una empresa tiene sus propias caracter\u00edsticas y desaf\u00edos, que requieren de una gesti\u00f3n \u00fanica y especializada. Nuestro equipo de especialistas\u00a0 ha dise\u00f1ado soluciones integrales alineadas con los objetivos y enfocadas en las necesidades espec\u00edficas de tu negocio.<br \/>\nTe ayudamos con un servicio 360\u00b0 para acompa\u00f1arte en los desaf\u00edos, impulsando el crecimiento y eficiencia de tu negocio.<\/p>\n                <\/div>\r\n            <\/div>\r\n            <div class=\"info_media\">\r\n                <div class=\"info_media_item info_media_item-1\">\r\n                    <div class=\"info_media_item_text\"><span class=\"title\"><\/span><\/div>\r\n                    <div class=\"info_media_item_text_claim\"><\/div>\r\n                    <span class=\"info_media_item_bg\">\r\n                                                    <img loading=\"lazy\" decoding=\"async\" width=\"574\" height=\"1024\" src=\"https:\/\/aurenweb-stg.servidortemporal.net\/ar\/wp-content\/uploads\/2024\/12\/image-text-13-574x1024.webp\" class=\"attachment-large size-large\" alt=\"\" srcset=\"https:\/\/aurenweb-stg.servidortemporal.net\/ar\/wp-content\/uploads\/2024\/12\/image-text-13-574x1024.webp 574w, https:\/\/aurenweb-stg.servidortemporal.net\/ar\/wp-content\/uploads\/2024\/12\/image-text-13-168x300.webp 168w, https:\/\/aurenweb-stg.servidortemporal.net\/ar\/wp-content\/uploads\/2024\/12\/image-text-13-768x1370.webp 768w, https:\/\/aurenweb-stg.servidortemporal.net\/ar\/wp-content\/uploads\/2024\/12\/image-text-13-861x1536.webp 861w, https:\/\/aurenweb-stg.servidortemporal.net\/ar\/wp-content\/uploads\/2024\/12\/image-text-13-1148x2048.webp 1148w, https:\/\/aurenweb-stg.servidortemporal.net\/ar\/wp-content\/uploads\/2024\/12\/image-text-13-scaled.webp 1435w\" sizes=\"auto, (max-width: 574px) 100vw, 574px\" \/>                                            <\/span>\r\n                                            <img loading=\"lazy\" decoding=\"async\" width=\"168\" height=\"168\" src=\"https:\/\/aurenweb-stg.servidortemporal.net\/ar\/wp-content\/uploads\/2024\/12\/ico-info-media-2-1.webp\" class=\"info_media_item_ico\" alt=\"\" srcset=\"https:\/\/aurenweb-stg.servidortemporal.net\/ar\/wp-content\/uploads\/2024\/12\/ico-info-media-2-1.webp 168w, https:\/\/aurenweb-stg.servidortemporal.net\/ar\/wp-content\/uploads\/2024\/12\/ico-info-media-2-1-150x150.webp 150w\" sizes=\"auto, (max-width: 168px) 100vw, 168px\" \/>                                                        <\/div>\r\n                <div class=\"info_media_claim\">\r\n                    <p>Nuestros profesionales, junto a los m\u00e9todos de trabajo precisos, garantizan la excelencia en cada proyecto.<\/p>\n                <\/div>\r\n                <div class=\"info_media_item info_media_item-2\">\r\n                    <div class=\"info_media_item_text\"><span class=\"title\"><\/span><\/div>\r\n                    <div class=\"info_media_item_text_claim\"><\/div>\r\n                    <span class=\"info_media_item_bg\">\r\n                                                    <img loading=\"lazy\" decoding=\"async\" width=\"640\" height=\"958\" src=\"https:\/\/aurenweb-stg.servidortemporal.net\/ar\/wp-content\/uploads\/2024\/12\/image-text-14-684x1024.webp\" class=\"attachment-large size-large\" alt=\"\" srcset=\"https:\/\/aurenweb-stg.servidortemporal.net\/ar\/wp-content\/uploads\/2024\/12\/image-text-14-684x1024.webp 684w, https:\/\/aurenweb-stg.servidortemporal.net\/ar\/wp-content\/uploads\/2024\/12\/image-text-14-200x300.webp 200w, https:\/\/aurenweb-stg.servidortemporal.net\/ar\/wp-content\/uploads\/2024\/12\/image-text-14-768x1150.webp 768w, https:\/\/aurenweb-stg.servidortemporal.net\/ar\/wp-content\/uploads\/2024\/12\/image-text-14-1025x1536.webp 1025w, https:\/\/aurenweb-stg.servidortemporal.net\/ar\/wp-content\/uploads\/2024\/12\/image-text-14-1367x2048.webp 1367w, https:\/\/aurenweb-stg.servidortemporal.net\/ar\/wp-content\/uploads\/2024\/12\/image-text-14-scaled.webp 1709w\" sizes=\"auto, (max-width: 640px) 100vw, 640px\" \/>                                            <\/span>\r\n                                                        <\/div>\r\n            <\/div>\r\n        <\/div>\r\n    <\/section>\r\n\r\n<\/section>\r\n\r\n\n\n<div id=\"TitleSubtitleText-block_8421b80ccd0cd53800b7efca207f07c4\" class=\"TitleSubtitleText\">\n\n    <section class=\"headlines v3\">\n        <div class=\"container\">\n                        <div class=\"headlines_title\">\n                <p class='' style=\"text-align: right;\">\u00bfQu\u00e9 ofrecemos?<\/p>\n            <\/div>\n                                    <div class=\"headlines_content\">\n                                <div class=\"headlines_subtitle\">\n                    <p>Soluciones innovadoras para cada negocio<\/p>\n                <\/div>\n                                                <div class=\"headlines_description\">\n                    <p>Ofrecemos soluciones 360\u00b0 que aportan valor a tus proyectos.<\/p>\n                <\/div>\n                                            <\/div>\n                    <\/div>\n    <\/section>\n\n<\/div>\n\n\n\r\n<section id=\"ParentPostsListDisplay-block_16bb16153147012392746cb9f6553dc7\" class=\"ParentPostsListDisplay\">\r\n    \r\n        <section class=\"transformation\" id=\"transformation\">\r\n            <div class=\"container\">\r\n                \r\n                \r\n                <div class=\"transformation_content\">\r\n                    <ul class='transformation_list'><li class=\"transformation_list_item transformation_list_item-1\" data-position=\"1\">\r\n                <a class=\"transformation_list_item_link\" href=\"#\">Gesti\u00f3n Contable Digital<\/a>\r\n                <div class=\"transformation_list_item_text\">\r\n                    <p>Simplific\u00e1 la gesti\u00f3n de impuestos y sueldos de tu empresa con soluciones contables 100% online.<\/p>\r\n                    <a class='button button-primary' href='https:\/\/aurenweb-stg.servidortemporal.net\/ar\/soluciones\/gestion-contable-digital\/'>M\u00e1s informaci\u00f3n<\/a>\r\n                <\/div>\r\n            <\/li><li class=\"transformation_list_item transformation_list_item-2\" data-position=\"2\">\r\n                <a class=\"transformation_list_item_link\" href=\"#\">Automatiz\u00e1 tu negocio<\/a>\r\n                <div class=\"transformation_list_item_text\">\r\n                    <p>Optimiz\u00e1 procesos con IA y RPA para reducir costos y errores, mejorando la eficiencia.<\/p>\r\n                    <a class='button button-primary' href='https:\/\/aurenweb-stg.servidortemporal.net\/ar\/soluciones\/automatiza-tu-negocio\/'>M\u00e1s informaci\u00f3n<\/a>\r\n                <\/div>\r\n            <\/li><li class=\"transformation_list_item transformation_list_item-3\" data-position=\"3\">\r\n                <a class=\"transformation_list_item_link\" href=\"#\">Transform\u00e1 tus Activos<\/a>\r\n                <div class=\"transformation_list_item_text\">\r\n                    <p>Tokeniz\u00e1 activos y optimiz\u00e1 decisiones financieras con Power BI, mejorando tu rentabilidad.<\/p>\r\n                    <a class='button button-primary' href='https:\/\/aurenweb-stg.servidortemporal.net\/ar\/soluciones\/transforma-tus-activos\/'>M\u00e1s informaci\u00f3n<\/a>\r\n                <\/div>\r\n            <\/li><li class=\"transformation_list_item transformation_list_item-4\" data-position=\"4\">\r\n                <a class=\"transformation_list_item_link\" href=\"#\">Beneficios para RRHH<\/a>\r\n                <div class=\"transformation_list_item_text\">\r\n                    <p>Ofrec\u00e9 a tu equipo beneficios flexibles, mejorando el compromiso y la satisfacci\u00f3n laboral.<\/p>\r\n                    <a class='button button-primary' href='https:\/\/aurenweb-stg.servidortemporal.net\/ar\/soluciones\/beneficios-para-rrhh\/'>M\u00e1s informaci\u00f3n<\/a>\r\n                <\/div>\r\n            <\/li><\/ul>                    <div class=\"transformation_media\">\r\n                        <div class=\"transformation_media_main\">\r\n                            <img loading=\"lazy\" decoding=\"async\" width=\"640\" height=\"379\" src=\"https:\/\/aurenweb-stg.servidortemporal.net\/ar\/wp-content\/uploads\/2024\/11\/bg-hero-solutions-d-1024x607.webp\" class=\"transformation_media_main_bg\" alt=\"\" srcset=\"https:\/\/aurenweb-stg.servidortemporal.net\/ar\/wp-content\/uploads\/2024\/11\/bg-hero-solutions-d-1024x607.webp 1024w, https:\/\/aurenweb-stg.servidortemporal.net\/ar\/wp-content\/uploads\/2024\/11\/bg-hero-solutions-d-300x178.webp 300w, https:\/\/aurenweb-stg.servidortemporal.net\/ar\/wp-content\/uploads\/2024\/11\/bg-hero-solutions-d-768x455.webp 768w, https:\/\/aurenweb-stg.servidortemporal.net\/ar\/wp-content\/uploads\/2024\/11\/bg-hero-solutions-d.webp 1200w\" sizes=\"auto, (max-width: 640px) 100vw, 640px\" \/>                            <a class=\"transformation_media_main_link transformation_media_main_link-1\" href=\"https:\/\/aurenweb-stg.servidortemporal.net\/ar\/soluciones\/gestion-contable-digital\/\">\r\n                <span><\/span> \r\n                <strong>Gesti\u00f3n Contable Digital<\/strong>\r\n            <\/a><a class=\"transformation_media_main_link transformation_media_main_link-2\" href=\"https:\/\/aurenweb-stg.servidortemporal.net\/ar\/soluciones\/automatiza-tu-negocio\/\">\r\n                <span><\/span> \r\n                <strong>Automatiz\u00e1 tu negocio<\/strong>\r\n            <\/a><a class=\"transformation_media_main_link transformation_media_main_link-3\" href=\"https:\/\/aurenweb-stg.servidortemporal.net\/ar\/soluciones\/transforma-tus-activos\/\">\r\n                <span><\/span> \r\n                <strong>Transform\u00e1 tus Activos<\/strong>\r\n            <\/a><a class=\"transformation_media_main_link transformation_media_main_link-4\" href=\"https:\/\/aurenweb-stg.servidortemporal.net\/ar\/soluciones\/beneficios-para-rrhh\/\">\r\n                <span><\/span> \r\n                <strong>Beneficios para RRHH<\/strong>\r\n            <\/a>                        <\/div>\r\n                        <div class=\"transformation_media_secondary\">\r\n                            <img loading=\"lazy\" decoding=\"async\" width=\"640\" height=\"452\" src=\"https:\/\/aurenweb-stg.servidortemporal.net\/ar\/wp-content\/uploads\/2024\/12\/Rectangle-34625339-1_11zon-1024x723.webp\" class=\"transformation_media_secondary_bg transformation_media_secondary_bg-1\" alt=\"\" srcset=\"https:\/\/aurenweb-stg.servidortemporal.net\/ar\/wp-content\/uploads\/2024\/12\/Rectangle-34625339-1_11zon-1024x723.webp 1024w, https:\/\/aurenweb-stg.servidortemporal.net\/ar\/wp-content\/uploads\/2024\/12\/Rectangle-34625339-1_11zon-300x212.webp 300w, https:\/\/aurenweb-stg.servidortemporal.net\/ar\/wp-content\/uploads\/2024\/12\/Rectangle-34625339-1_11zon-768x542.webp 768w, https:\/\/aurenweb-stg.servidortemporal.net\/ar\/wp-content\/uploads\/2024\/12\/Rectangle-34625339-1_11zon-1536x1084.webp 1536w, https:\/\/aurenweb-stg.servidortemporal.net\/ar\/wp-content\/uploads\/2024\/12\/Rectangle-34625339-1_11zon-2048x1446.webp 2048w\" sizes=\"auto, (max-width: 640px) 100vw, 640px\" \/><img loading=\"lazy\" decoding=\"async\" width=\"640\" height=\"452\" src=\"https:\/\/aurenweb-stg.servidortemporal.net\/ar\/wp-content\/uploads\/2024\/12\/Rectangle-34625342_11zon-1024x723.webp\" class=\"transformation_media_secondary_bg transformation_media_secondary_bg-2\" alt=\"\" srcset=\"https:\/\/aurenweb-stg.servidortemporal.net\/ar\/wp-content\/uploads\/2024\/12\/Rectangle-34625342_11zon-1024x723.webp 1024w, https:\/\/aurenweb-stg.servidortemporal.net\/ar\/wp-content\/uploads\/2024\/12\/Rectangle-34625342_11zon-300x212.webp 300w, https:\/\/aurenweb-stg.servidortemporal.net\/ar\/wp-content\/uploads\/2024\/12\/Rectangle-34625342_11zon-768x542.webp 768w, https:\/\/aurenweb-stg.servidortemporal.net\/ar\/wp-content\/uploads\/2024\/12\/Rectangle-34625342_11zon-1536x1084.webp 1536w, https:\/\/aurenweb-stg.servidortemporal.net\/ar\/wp-content\/uploads\/2024\/12\/Rectangle-34625342_11zon-2048x1446.webp 2048w\" sizes=\"auto, (max-width: 640px) 100vw, 640px\" \/><img loading=\"lazy\" decoding=\"async\" width=\"640\" height=\"452\" src=\"https:\/\/aurenweb-stg.servidortemporal.net\/ar\/wp-content\/uploads\/2024\/12\/Rectangle-34625341_11zon-1024x723.webp\" class=\"transformation_media_secondary_bg transformation_media_secondary_bg-3\" alt=\"\" srcset=\"https:\/\/aurenweb-stg.servidortemporal.net\/ar\/wp-content\/uploads\/2024\/12\/Rectangle-34625341_11zon-1024x723.webp 1024w, https:\/\/aurenweb-stg.servidortemporal.net\/ar\/wp-content\/uploads\/2024\/12\/Rectangle-34625341_11zon-300x212.webp 300w, https:\/\/aurenweb-stg.servidortemporal.net\/ar\/wp-content\/uploads\/2024\/12\/Rectangle-34625341_11zon-768x542.webp 768w, https:\/\/aurenweb-stg.servidortemporal.net\/ar\/wp-content\/uploads\/2024\/12\/Rectangle-34625341_11zon-1536x1084.webp 1536w, https:\/\/aurenweb-stg.servidortemporal.net\/ar\/wp-content\/uploads\/2024\/12\/Rectangle-34625341_11zon-2048x1446.webp 2048w\" sizes=\"auto, (max-width: 640px) 100vw, 640px\" \/><img loading=\"lazy\" decoding=\"async\" width=\"640\" height=\"452\" src=\"https:\/\/aurenweb-stg.servidortemporal.net\/ar\/wp-content\/uploads\/2024\/12\/Rectangle-34625343_11zon-1024x723.webp\" class=\"transformation_media_secondary_bg transformation_media_secondary_bg-4\" alt=\"\" srcset=\"https:\/\/aurenweb-stg.servidortemporal.net\/ar\/wp-content\/uploads\/2024\/12\/Rectangle-34625343_11zon-1024x723.webp 1024w, https:\/\/aurenweb-stg.servidortemporal.net\/ar\/wp-content\/uploads\/2024\/12\/Rectangle-34625343_11zon-300x212.webp 300w, https:\/\/aurenweb-stg.servidortemporal.net\/ar\/wp-content\/uploads\/2024\/12\/Rectangle-34625343_11zon-768x542.webp 768w, https:\/\/aurenweb-stg.servidortemporal.net\/ar\/wp-content\/uploads\/2024\/12\/Rectangle-34625343_11zon-1536x1084.webp 1536w, https:\/\/aurenweb-stg.servidortemporal.net\/ar\/wp-content\/uploads\/2024\/12\/Rectangle-34625343_11zon-2048x1446.webp 2048w\" sizes=\"auto, (max-width: 640px) 100vw, 640px\" \/>                        <\/div>\r\n                    <\/div>\r\n                <\/div>\r\n            <\/div>\r\n        <\/section>\r\n\r\n    <\/section>\r\n\r\n\n\n<section id=\"IndustriesList-block_7e80980e45e3853fd56ffdb30b7d6ed7\" class=\"IndustriesList\">\r\n\r\n    <section class=\"offers bg\">\r\n        <div class=\"container\">\r\n            <div class=\"offers_wrapper\">\r\n                <div class=\"offers_title\">\r\n                    <h3 class=''>Tu visi\u00f3n, nuestra experiencia.<\/h3>\n                <\/div>\r\n                <div class=\"offers_text\">\r\n                    <div class=\"offers_subtitle\">\r\n                        <p>Tu visi\u00f3n, nuestra experiencia.<\/p>\n                    <\/div>    \r\n                    <div class=\"offers_description\">\r\n                        <p>En Auren, entendemos que cada\u00a0 profesional y \u00e1rea de una empresa tiene sus propias caracter\u00edsticas y desaf\u00edos, que requieren de una gesti\u00f3n integral y especializada. Nuestro equipo de especialistas ha dise\u00f1ado soluciones a medida enfocadas a atender las necesidades espec\u00edficas de cada una de las \u00e1reas de la empresa.<\/p>\n<p>Te ayudamos con un servicio 360\u00b0\u00a0 para acompa\u00f1arte en los desaf\u00edos de tu negocio y brindarte soluciones integrales adaptadas a tus necesidades. Implementamos estrategias efectivas que garantizan resultados tangibles. Soluciones para impulsar tu crecimiento y llevar tu negocio al siguiente nivel.<\/p>\n                    <\/div>\r\n                                            <a class=\"button button-icon\" href=\"https:\/\/aurenweb-dev.servidortemporal.net\/devel\/solution\/industries\/\" target=\"\">Explore nuestra oferta<\/a>\r\n                                    <\/div>\r\n                            <\/div>\r\n        <\/div>\r\n    <\/section>\r\n    \r\n<\/section>\r\n\r\n\n\n<section id=\"ImageTextV2-block_95fcd041dea52507658d3db152bea12c\" class=\"ImageTextV2\">\r\n\r\n    <div class=\"upcoming v2\">\r\n        <div class=\"container\">\r\n            <div class=\"upcoming_text\">\r\n                <div class=\"upcoming_title\">\r\n                    <div class=\"upcoming_title\">\n<h3 class=''>\u00bfListo para trabajar con nosotros?<\/h3>\n<\/div>\n                <\/div>\r\n                <div class=\"upcoming_kicker\">\r\n                    <div class=\"upcoming_text\">\n<div class=\"upcoming_kicker\">\n<p>CONECTATE AHORA<\/p>\n<\/div>\n<\/div>\n                <\/div>\r\n            <\/div>\r\n            <div class=\"upcoming_media\">\r\n                <a class=\"button button-primary button-icon\" href=\"https:\/\/aurenweb-stg.servidortemporal.net\/ar\/contacto\/\" target=\"\">P\u00f3ngase en contacto<\/a>\r\n                <span class=\"upcoming_media_bg\"><img loading=\"lazy\" decoding=\"async\" width=\"640\" height=\"419\" src=\"https:\/\/aurenweb-stg.servidortemporal.net\/ar\/wp-content\/uploads\/2024\/12\/bg-upcoming-media-v2-1.webp\" class=\"\" alt=\"\" srcset=\"https:\/\/aurenweb-stg.servidortemporal.net\/ar\/wp-content\/uploads\/2024\/12\/bg-upcoming-media-v2-1.webp 684w, https:\/\/aurenweb-stg.servidortemporal.net\/ar\/wp-content\/uploads\/2024\/12\/bg-upcoming-media-v2-1-300x196.webp 300w\" sizes=\"auto, (max-width: 640px) 100vw, 640px\" \/><\/span>\r\n            <\/div>\r\n        <\/div>\r\n    <\/div>\r\n\r\n<\/section>\r\n","protected":false},"excerpt":{"rendered":"","protected":false},"author":2,"featured_media":0,"parent":0,"menu_order":0,"comment_status":"closed","ping_status":"closed","template":"","meta":{"_acf_changed":false,"footnotes":""},"class_list":["post-10208","page","type-page","status-publish","hentry"],"acf":[],"_links":{"self":[{"href":"https:\/\/aurenweb-stg.servidortemporal.net\/ar\/wp-json\/wp\/v2\/pages\/10208","targetHints":{"allow":["GET"]}}],"collection":[{"href":"https:\/\/aurenweb-stg.servidortemporal.net\/ar\/wp-json\/wp\/v2\/pages"}],"about":[{"href":"https:\/\/aurenweb-stg.servidortemporal.net\/ar\/wp-json\/wp\/v2\/types\/page"}],"author":[{"embeddable":true,"href":"https:\/\/aurenweb-stg.servidortemporal.net\/ar\/wp-json\/wp\/v2\/users\/2"}],"replies":[{"embeddable":true,"href":"https:\/\/aurenweb-stg.servidortemporal.net\/ar\/wp-json\/wp\/v2\/comments?post=10208"}],"version-history":[{"count":22,"href":"https:\/\/aurenweb-stg.servidortemporal.net\/ar\/wp-json\/wp\/v2\/pages\/10208\/revisions"}],"predecessor-version":[{"id":26300,"href":"https:\/\/aurenweb-stg.servidortemporal.net\/ar\/wp-json\/wp\/v2\/pages\/10208\/revisions\/26300"}],"wp:attachment":[{"href":"https:\/\/aurenweb-stg.servidortemporal.net\/ar\/wp-json\/wp\/v2\/media?parent=10208"}],"curies":[{"name":"wp","href":"https:\/\/api.w.org\/{rel}","templated":true}]}}