{"id":22581,"date":"2024-12-23T10:32:39","date_gmt":"2024-12-23T09:32:39","guid":{"rendered":"https:\/\/auren.com\/ar\/?page_id=22581"},"modified":"2025-01-25T14:00:23","modified_gmt":"2025-01-25T13:00:23","slug":"subscribe","status":"publish","type":"page","link":"https:\/\/aurenweb-stg.servidortemporal.net\/ar\/subscribe\/","title":{"rendered":"Subscribe"},"content":{"rendered":"<section id=\"SubscribeForm-block_ce56b176ca0a10796950136cf03d34b0\" class=\"subscribe SubscribeForm v2\">\n    \n    <div class=\"container\">\n        <div class=\"subscribe_header\">\n            <div class=\"subscribe_header_title\">\n                <h1>SUSCR\u00cdBETE A<br \/>\n\u00a1NUESTRAS ACTUALIZACIONES!<\/h1>\n            <\/div>\n            <div class=\"subscribe_header_kicker\">\n                <p style=\"text-align: right;\">MANT\u00c9NGASE ATENTO A LAS ACTUALIZACIONES INTERESANTES<br \/>\n\u00a1Y PR\u00d3XIMOS EVENTOS!<\/p>\n            <\/div>\n        <\/div>\n        <div class=\"subscribe_text\">\n            \n<div class=\"wpcf7 no-js\" id=\"wpcf7-f26388-o1\" lang=\"es-ES\" dir=\"ltr\" data-wpcf7-id=\"26388\">\n<div class=\"screen-reader-response\"><p role=\"status\" aria-live=\"polite\" aria-atomic=\"true\"><\/p> <ul><\/ul><\/div>\n<form action=\"\/ar\/wp-json\/wp\/v2\/pages\/22581#wpcf7-f26388-o1\" method=\"post\" class=\"wpcf7-form init\" aria-label=\"Formulario de contacto\" novalidate=\"novalidate\" data-status=\"init\">\n<div style=\"display: none;\">\n<input type=\"hidden\" name=\"_wpcf7\" value=\"26388\" \/>\n<input type=\"hidden\" name=\"_wpcf7_version\" value=\"6.0.1\" \/>\n<input type=\"hidden\" name=\"_wpcf7_locale\" value=\"es_ES\" \/>\n<input type=\"hidden\" name=\"_wpcf7_unit_tag\" value=\"wpcf7-f26388-o1\" \/>\n<input type=\"hidden\" name=\"_wpcf7_container_post\" value=\"0\" \/>\n<input type=\"hidden\" name=\"_wpcf7_posted_data_hash\" value=\"\" \/>\n<\/div>\n<p><input type=\"hidden\" name=\"token\" id=\"token\" \/>\n<\/p>\n<div class=\"subscribe_field subscribe_field-placeholder\">\n\t<p><span class=\"wpcf7-form-control-wrap\" data-name=\"name\"><input size=\"40\" maxlength=\"400\" class=\"wpcf7-form-control wpcf7-text wpcf7-validates-as-required\" id=\"name\" autocomplete=\"name\" aria-required=\"true\" aria-invalid=\"false\" value=\"\" type=\"text\" name=\"name\" \/><\/span><label for=\"name\">Nombre completo<span>*<\/span><\/label>\n\t<\/p>\n<\/div>\n<div class=\"subscribe_field subscribe_field-placeholder\">\n\t<p><span class=\"wpcf7-form-control-wrap\" data-name=\"validate_email\"><input size=\"40\" maxlength=\"400\" class=\"wpcf7-form-control wpcf7-email wpcf7-validates-as-required wpcf7-text wpcf7-validates-as-email\" id=\"validate_email\" autocomplete=\"email\" aria-required=\"true\" aria-invalid=\"false\" value=\"\" type=\"email\" name=\"validate_email\" \/><\/span><label for=\"validate_email\">Email<span>*<\/span><\/label>\n\t<\/p>\n<\/div>\n<div class=\"subscribe_field subscribe_field-select\">\n\t<p><label for=\"services\">Servicios<\/label><span class=\"wpcf7-form-control-wrap\" data-name=\"services\"><span class=\"wpcf7-form-control wpcf7-checkbox wpcf7-validates-as-required\"><span class=\"wpcf7-list-item first\"><label><input type=\"checkbox\" name=\"services[]\" value=\"2403\" \/><span class=\"wpcf7-list-item-label\">Auditor\u00eda<\/span><\/label><\/span><span class=\"wpcf7-list-item\"><label><input type=\"checkbox\" name=\"services[]\" value=\"2468\" \/><span class=\"wpcf7-list-item-label\">Impuestos<\/span><\/label><\/span><span class=\"wpcf7-list-item\"><label><input type=\"checkbox\" name=\"services[]\" value=\"2509\" \/><span class=\"wpcf7-list-item-label\">Legales<\/span><\/label><\/span><span class=\"wpcf7-list-item\"><label><input type=\"checkbox\" name=\"services[]\" value=\"2544\" \/><span class=\"wpcf7-list-item-label\">Consultor\u00eda<\/span><\/label><\/span><span class=\"wpcf7-list-item\"><label><input type=\"checkbox\" name=\"services[]\" value=\"2562\" \/><span class=\"wpcf7-list-item-label\">Finanzas Corporativas<\/span><\/label><\/span><span class=\"wpcf7-list-item last\"><label><input type=\"checkbox\" name=\"services[]\" value=\"2582\" \/><span class=\"wpcf7-list-item-label\">Outsourcing<\/span><\/label><\/span><\/span><\/span>\n\t<\/p>\n<\/div>\n<div class=\"subscribe_field subscribe_field-check\">\n\t<p><span class=\"wpcf7-form-control-wrap\" data-name=\"privacy\"><span class=\"wpcf7-form-control wpcf7-acceptance\"><span class=\"wpcf7-list-item\"><label><input type=\"checkbox\" name=\"privacy\" value=\"1\" aria-invalid=\"false\" \/><span class=\"wpcf7-list-item-label\">He le\u00eddo y acepto el\u00a0\u00a0<a href=\"https:\/\/aurenweb-stg.servidortemporal.net\/ar\/aviso-legal\/\">aviso legal<\/a>\u00a0y la\u00a0<a href=\"ttps:\/\/aurenweb-stg.servidortemporal.net\/ar\/politica-de-privacidad\/\">Pol\u00edtica de Privacidad.<\/a><span>*<\/span><\/span><\/label><\/span><\/span><\/span>\n\t<\/p>\n<\/div>\n<div class=\"subscribe_note\">\n\t<p>Mediante la marcaci\u00f3n de la casilla \u201cHe le\u00eddo y acepto el aviso legal y la Pol\u00edtica de Privacidad\u201d y haciendo clic en el bot\u00f3n \u201cenviar\u201d usted est\u00e1 prestando su consentimiento expreso e inequ\u00edvoco para que sus datos sean tratados por Auren con el objeto de dar respuesta a su mensaje y\/o gestionar su consulta. Sus datos no ser\u00e1n cedidos terceros ajenos al Grupo Auren y ser\u00e1n conservados mientras dure la finalidad para la que fueron remitidos. En cualquier caso, podr\u00e1 consultar m\u00e1s informaci\u00f3n acerca del ejercicio de los derechos de acceso, rectificaci\u00f3n, supresi\u00f3n, portabilidad, limitaci\u00f3n y oposici\u00f3n al tratamiento de sus datos personales y sobre el tratamiento de sus datos en nuestra\u202f<a href=\"https:\/\/aurenweb-stg.servidortemporal.net\/ar\/politica-de-privacidad\/\">Pol\u00edtica de Privacidad<\/a>.\n\t<\/p>\n<\/div>\n<div>\n\t<p><button type=\"submit\" class=\"wpcf7-form-control wpcf7-submit button button-primary button-icon\">Suscribirse<\/button>\n\t<\/p>\n<\/div><div class=\"wpcf7-response-output\" aria-hidden=\"true\"><\/div>\n<\/form>\n<\/div>\n        <\/div>\n    <\/div>\n\n    \n\n\n\n<\/section>\n","protected":false},"excerpt":{"rendered":"","protected":false},"author":2,"featured_media":0,"parent":0,"menu_order":0,"comment_status":"closed","ping_status":"closed","template":"","meta":{"_acf_changed":false,"footnotes":""},"class_list":["post-22581","page","type-page","status-publish","hentry"],"acf":[],"_links":{"self":[{"href":"https:\/\/aurenweb-stg.servidortemporal.net\/ar\/wp-json\/wp\/v2\/pages\/22581","targetHints":{"allow":["GET"]}}],"collection":[{"href":"https:\/\/aurenweb-stg.servidortemporal.net\/ar\/wp-json\/wp\/v2\/pages"}],"about":[{"href":"https:\/\/aurenweb-stg.servidortemporal.net\/ar\/wp-json\/wp\/v2\/types\/page"}],"author":[{"embeddable":true,"href":"https:\/\/aurenweb-stg.servidortemporal.net\/ar\/wp-json\/wp\/v2\/users\/2"}],"replies":[{"embeddable":true,"href":"https:\/\/aurenweb-stg.servidortemporal.net\/ar\/wp-json\/wp\/v2\/comments?post=22581"}],"version-history":[{"count":6,"href":"https:\/\/aurenweb-stg.servidortemporal.net\/ar\/wp-json\/wp\/v2\/pages\/22581\/revisions"}],"predecessor-version":[{"id":26417,"href":"https:\/\/aurenweb-stg.servidortemporal.net\/ar\/wp-json\/wp\/v2\/pages\/22581\/revisions\/26417"}],"wp:attachment":[{"href":"https:\/\/aurenweb-stg.servidortemporal.net\/ar\/wp-json\/wp\/v2\/media?parent=22581"}],"curies":[{"name":"wp","href":"https:\/\/api.w.org\/{rel}","templated":true}]}}