{"id":25959,"date":"2025-01-21T08:35:03","date_gmt":"2025-01-21T07:35:03","guid":{"rendered":"https:\/\/auren.com\/ar\/?page_id=25959"},"modified":"2025-01-30T16:24:47","modified_gmt":"2025-01-30T15:24:47","slug":"videos-podcast","status":"publish","type":"page","link":"https:\/\/aurenweb-stg.servidortemporal.net\/ar\/tendencias-internacional\/videos-podcast\/","title":{"rendered":"Videos &amp; Podcast"},"content":{"rendered":"<section id=\"Header-block_7025a3d1f24ed433d53e3616d36a3e94\" class=\"Header\">\r\n\r\n    <div class=\"hero\">\r\n                <div class=\"container\">\r\n            <div class=\"hero_header\">\r\n                                \r\n                <div class=\"hero_header_title\">\r\n                    <h1 class='' style=\"text-align: right;\">Auren Media<\/h1>\n                <\/div>\r\n\r\n                                                \r\n                <div class=\"hero_header_subtitle\">\r\n                    <p>Descubra las \u00faltimas noticias y publicaciones de Auren International.<\/p>\n                <\/div>\r\n\r\n                                \r\n            <\/div>\r\n        <\/div>\r\n        \r\n                <picture>\r\n            <source srcset=\"https:\/\/aurenweb-stg.servidortemporal.net\/ar\/wp-content\/uploads\/2025\/01\/Videos.webp\"\r\n                media=\"(min-width: 1200px)\" \/>\r\n            <img loading=\"lazy\" decoding=\"async\" class=\"hero_bg\"\r\n                <img loading=\"lazy\" decoding=\"async\" width=\"640\" height=\"386\" src=\"https:\/\/aurenweb-stg.servidortemporal.net\/ar\/wp-content\/uploads\/2025\/01\/Videos-1024x617.webp\" class=\"hero_bg\" alt=\"\" srcset=\"https:\/\/aurenweb-stg.servidortemporal.net\/ar\/wp-content\/uploads\/2025\/01\/Videos-1024x617.webp 1024w, https:\/\/aurenweb-stg.servidortemporal.net\/ar\/wp-content\/uploads\/2025\/01\/Videos-300x181.webp 300w, https:\/\/aurenweb-stg.servidortemporal.net\/ar\/wp-content\/uploads\/2025\/01\/Videos-768x462.webp 768w, https:\/\/aurenweb-stg.servidortemporal.net\/ar\/wp-content\/uploads\/2025\/01\/Videos-1536x925.webp 1536w, https:\/\/aurenweb-stg.servidortemporal.net\/ar\/wp-content\/uploads\/2025\/01\/Videos.webp 1913w\" sizes=\"auto, (max-width: 640px) 100vw, 640px\" \/>>\r\n        <\/picture>\r\n        \r\n                        <p class=\"hero_scroll\"><strong>Explorar m\u00e1s<\/strong> Despl\u00e1cese hacia abajo<\/p>\r\n                    <\/div>\r\n\r\n<\/section>\n\n\r\n<section id=\"Breadcrumbs-block_a97cc8c9a75dc4d8df76951f915b2adc\" class=\"Breadcrumbs\">\r\n    \r\n        <nav class=\"breads\" aria-label=\"Breadcrumb\">\r\n            <ul class=\"container\">\r\n                <li><a href=\"https:\/\/aurenweb-stg.servidortemporal.net\/ar\">Home<\/a><\/li>\r\n                <li><span aria-current=\"page\">Videos &amp; Podcast<\/span><\/li>            <\/ul>\r\n        <\/nav>\r\n\r\n                                                                                     \r\n    \r\n<\/section>\r\n\n\n<div id=\"TitleSubtitleText-block_bf79f28d0d3ee8daabf5bbb9504d5ef9\" class=\"TitleSubtitleText\">\n\n    <section class=\"headlines v1\">\n        <div class=\"container\">\n                        <div class=\"headlines_title\">\n                <h2 class=''>IMPULS\u00c1 TU NEGOCIO CON NUESTROS ESPECIALISTAS<\/h2>\n            <\/div>\n                                    <div class=\"headlines_content\">\n                                                <div class=\"headlines_description\">\n                    <p>Aqu\u00ed encontrar\u00e1 informaci\u00f3n sobre diferentes disciplinas que le ayudar\u00e1n en su negocio y sobre las tendencias actuales del mercado.<\/p>\n                <\/div>\n                                            <\/div>\n                    <\/div>\n    <\/section>\n\n<\/div>\n\n\n<div id=\"TrendsDistributive-block_08691ec0aa3caf53ccb313532d3d831a\" class=\"TrendsDistributive\" data-per-page=\"9\" data-type=\"global-video-podcast\" data-tags=\"show\">\n\n    \n    <div class=\"categories\">\n        <div class=\"container\">\n            <div class=\"categories_title\">\n                <h2 class=''>CATEGOR\u00cdAS VIDEOS &amp; PODCAST<\/h2>\n            <\/div>\n            <div class=\"categories_nav\">\n                <a class=\"categories_nav_button\" href=\"#\">Sort By Category<\/a>\n                <div class=\"categories_nav_content\">\n                    <div class=\"categories_nav_tags\">\n                        <span class=\"categories_nav_tags_item\">Blog<\/span>\n                    <\/div>\n                    <div class=\"categories_nav_list\">\n                        <label class=\"categories_nav_list_item\"><input class=\"categories_nav_list_check\" type=\"checkbox\" data-type=\"\" data-value=\"all\" checked><span class=\"categories_nav_list_text\">Todas las categorias<\/span><\/label>\n                                            <\/div>\n                <\/div>\n            <\/div>\n        <\/div>\n    <\/div>\n        <div class=\"articles\">\n\n        <div class=\"container\">\n            \n            \n            \n        <\/div>\n    <\/div>\n\n    <div class=\"filters\">\n\n        <div class=\"container\">\n            <div class=\"filters_title\">\n                <h4 class=\"active\">Global Videos &amp; Podcasts <\/h4>\n                            <\/div>\n            <div class=\"filters_nav\">\n\n                <div id=\"filters-search-panel\" class=\"filters_search\" role=\"search\" hidden>\n                    <input\n                            type=\"text\"\n                            class=\"filters_search_input\"\n                            placeholder=\"Buscar...\"\n                            value=\"\"\n                            aria-label=\"Buscar\"\n                    \/>\n                    <button type=\"button\" class=\"filters_search_clear\" aria-label=\"Limpiar b\u00fasqueda\"><\/button>\n                <\/div>\n                <button type=\"button\"\n                        class=\"filters_search_toggle\"\n                        aria-expanded=\"false\"\n                        aria-controls=\"filters-search-panel\"\n                        aria-label=\"Abrir buscador\">\n                <\/button>\n                <a class=\"filters_nav_button\" href=\"#\">Ordenar por<\/a>\n\n                <!-- Aqu\u00ed la lupa para buscar -->\n                <div class=\"filters_nav_content\">\n                    <div class=\"filters_nav_list\">\n                        <p class=\"filters_nav_list_title\">Global Videos &amp; Podcasts <\/p>\n                        <label class=\"filters_nav_list_item\"><input class=\"filters_nav_list_check\" type=\"checkbox\" data-type=\"new\" checked><span class=\"filters_nav_list_text\">M\u00e1s reciente<\/span><\/label>\n                        <label class=\"filters_nav_list_item\"><input class=\"filters_nav_list_check\" type=\"checkbox\" data-type=\"old\"><span class=\"filters_nav_list_text\">M\u00e1s antiguo<\/span><\/label>\n                        <label class=\"filters_nav_list_item\"><input class=\"filters_nav_list_check\" type=\"checkbox\" data-type=\"a-z\"><span class=\"filters_nav_list_text\">A-Z<\/span><\/label>\n                        <label class=\"filters_nav_list_item\"><input class=\"filters_nav_list_check\" type=\"checkbox\" data-type=\"z-a\"><span class=\"filters_nav_list_text\">Z-A<\/span><\/label>\n                    <\/div>\n                <\/div>\n            <\/div>\n        <\/div>\n    <\/div>\n\n    <div class=\"articles\">\n        <div class=\"cards_loading\" hidden aria-hidden=\"true\">\n            <span class=\"spinner\" aria-label=\"Cargando\"><\/span>\n        <\/div>\n        <div class=\"container list\">\n            \n        <\/div>\n    <\/div>\n\n    <\/div>\n\n\n<div id=\"Share-block_2ae58f3e18b013b1a9138fd70c26be5f\" class=\"Share\">\n    <div class=\"sharer\">\n        <div class=\"container center\">\n            <h3 class='sharer_text'>S\u00edganos en nuestras redes sociales internacionales.<\/h3>\n            <nav class=\"sharer_nav\">\n                                                <a class=\"sharer_nav_item share_nav_item_0\" href=\"https:\/\/www.linkedin.com\/company\/aurenargentina\"\n                    target=\"_blank\">Linkedin<\/a>\n                <style>\n                .Share .share_nav_item_0 {\n                    background-image: url(https:\/\/aurenweb-stg.servidortemporal.net\/ar\/wp-content\/uploads\/2025\/01\/linkedin_icon.svg);\n                }\n\n                .Share .share_nav_item_0:hover {\n                    background-image: url(https:\/\/aurenweb-stg.servidortemporal.net\/ar\/wp-content\/uploads\/2025\/01\/linkedin-hover.svg);\n                }\n                <\/style>\n                \n                                                <a class=\"sharer_nav_item share_nav_item_1\" href=\"https:\/\/www.youtube.com\/channel\/UCSCseiHMECB0uMBGF9wtjSw\"\n                    target=\"_blank\">Youtube<\/a>\n                <style>\n                .Share .share_nav_item_1 {\n                    background-image: url(https:\/\/aurenweb-stg.servidortemporal.net\/ar\/wp-content\/uploads\/2024\/12\/ico-youtube-contrast.svg);\n                }\n\n                .Share .share_nav_item_1:hover {\n                    background-image: url(https:\/\/aurenweb-stg.servidortemporal.net\/ar\/wp-content\/uploads\/2024\/12\/ico-youtube.svg);\n                }\n                <\/style>\n                \n                                                <a class=\"sharer_nav_item share_nav_item_2\" href=\"https:\/\/www.facebook.com\/AurenArg\/\"\n                    target=\"_blank\">Facebook<\/a>\n                <style>\n                .Share .share_nav_item_2 {\n                    background-image: url(https:\/\/aurenweb-stg.servidortemporal.net\/ar\/wp-content\/uploads\/2024\/12\/ico-facebook-contrast.svg);\n                }\n\n                .Share .share_nav_item_2:hover {\n                    background-image: url(https:\/\/aurenweb-stg.servidortemporal.net\/ar\/wp-content\/uploads\/2024\/12\/ico-facebook.svg);\n                }\n                <\/style>\n                \n                                                <a class=\"sharer_nav_item share_nav_item_3\" href=\"https:\/\/www.instagram.com\/aurenargentina\/\"\n                    target=\"_blank\">Instagram<\/a>\n                <style>\n                .Share .share_nav_item_3 {\n                    background-image: url(https:\/\/aurenweb-stg.servidortemporal.net\/ar\/wp-content\/uploads\/2024\/12\/ico-instagram-contrast.svg);\n                }\n\n                .Share .share_nav_item_3:hover {\n                    background-image: url(https:\/\/aurenweb-stg.servidortemporal.net\/ar\/wp-content\/uploads\/2024\/12\/ico-instagram.svg);\n                }\n                <\/style>\n                \n                                                <a class=\"sharer_nav_item share_nav_item_4\" href=\"https:\/\/twitter.com\/AUREN_Argentina\"\n                    target=\"_blank\">X<\/a>\n                <style>\n                .Share .share_nav_item_4 {\n                    background-image: url(https:\/\/aurenweb-stg.servidortemporal.net\/ar\/wp-content\/uploads\/2024\/12\/ico-x-contrast.svg);\n                }\n\n                .Share .share_nav_item_4:hover {\n                    background-image: url(https:\/\/aurenweb-stg.servidortemporal.net\/ar\/wp-content\/uploads\/2024\/12\/ico-x.svg);\n                }\n                <\/style>\n                \n                            <\/nav>\n        <\/div>\n    <\/div>\n<\/div>","protected":false},"excerpt":{"rendered":"","protected":false},"author":2,"featured_media":0,"parent":25957,"menu_order":0,"comment_status":"closed","ping_status":"closed","template":"","meta":{"_acf_changed":false,"footnotes":""},"class_list":["post-25959","page","type-page","status-publish","hentry"],"acf":[],"_links":{"self":[{"href":"https:\/\/aurenweb-stg.servidortemporal.net\/ar\/wp-json\/wp\/v2\/pages\/25959","targetHints":{"allow":["GET"]}}],"collection":[{"href":"https:\/\/aurenweb-stg.servidortemporal.net\/ar\/wp-json\/wp\/v2\/pages"}],"about":[{"href":"https:\/\/aurenweb-stg.servidortemporal.net\/ar\/wp-json\/wp\/v2\/types\/page"}],"author":[{"embeddable":true,"href":"https:\/\/aurenweb-stg.servidortemporal.net\/ar\/wp-json\/wp\/v2\/users\/2"}],"replies":[{"embeddable":true,"href":"https:\/\/aurenweb-stg.servidortemporal.net\/ar\/wp-json\/wp\/v2\/comments?post=25959"}],"version-history":[{"count":3,"href":"https:\/\/aurenweb-stg.servidortemporal.net\/ar\/wp-json\/wp\/v2\/pages\/25959\/revisions"}],"predecessor-version":[{"id":27424,"href":"https:\/\/aurenweb-stg.servidortemporal.net\/ar\/wp-json\/wp\/v2\/pages\/25959\/revisions\/27424"}],"up":[{"embeddable":true,"href":"https:\/\/aurenweb-stg.servidortemporal.net\/ar\/wp-json\/wp\/v2\/pages\/25957"}],"wp:attachment":[{"href":"https:\/\/aurenweb-stg.servidortemporal.net\/ar\/wp-json\/wp\/v2\/media?parent=25959"}],"curies":[{"name":"wp","href":"https:\/\/api.w.org\/{rel}","templated":true}]}}