{"id":27448,"date":"2025-02-06T11:05:42","date_gmt":"2025-02-06T10:05:42","guid":{"rendered":"https:\/\/auren.com\/ar\/?page_id=27448"},"modified":"2025-02-06T11:32:26","modified_gmt":"2025-02-06T10:32:26","slug":"contacto-paises","status":"publish","type":"page","link":"https:\/\/aurenweb-stg.servidortemporal.net\/ar\/contacto-paises\/","title":{"rendered":"Contacto Pa\u00edses"},"content":{"rendered":"<section id=\"Header-block_19bdb12468efae080a0c6e98a07227cb\" class=\"Header\">\r\n\r\n    <div class=\"hero\">\r\n                <div class=\"container\">\r\n            <div class=\"hero_header\">\r\n                                \r\n                <div class=\"hero_header_title\">\r\n                    <h1 class=''>CONTACTO<\/h1>\n                <\/div>\r\n\r\n                                                \r\n                <div class=\"hero_header_title\">\r\n                    <p class='' style=\"text-align: right;\"><strong>PA\u00cdSES<\/strong><\/p>\n                <\/div>\r\n\r\n                                                \r\n                <div class=\"hero_header_subtitle\">\r\n                    <p>Complete el formulario para m\u00e1s informaci\u00f3n, nos pondremos en contacto con usted lo antes posible.<\/p>\n                <\/div>\r\n\r\n                                \r\n            <\/div>\r\n        <\/div>\r\n        \r\n                <picture>\r\n            <source srcset=\"https:\/\/aurenweb-stg.servidortemporal.net\/ar\/wp-content\/uploads\/2024\/11\/bg-hero-contact-countries-d.webp\"\r\n                media=\"(min-width: 1200px)\" \/>\r\n            <img loading=\"lazy\" decoding=\"async\" class=\"hero_bg\"\r\n                <img loading=\"lazy\" decoding=\"async\" width=\"640\" height=\"383\" src=\"https:\/\/aurenweb-stg.servidortemporal.net\/ar\/wp-content\/uploads\/2024\/11\/bg-hero-contact-countries-d-1024x612.webp\" class=\"hero_bg\" alt=\"\" srcset=\"https:\/\/aurenweb-stg.servidortemporal.net\/ar\/wp-content\/uploads\/2024\/11\/bg-hero-contact-countries-d-1024x612.webp 1024w, https:\/\/aurenweb-stg.servidortemporal.net\/ar\/wp-content\/uploads\/2024\/11\/bg-hero-contact-countries-d-300x179.webp 300w, https:\/\/aurenweb-stg.servidortemporal.net\/ar\/wp-content\/uploads\/2024\/11\/bg-hero-contact-countries-d-768x459.webp 768w, https:\/\/aurenweb-stg.servidortemporal.net\/ar\/wp-content\/uploads\/2024\/11\/bg-hero-contact-countries-d.webp 1200w\" sizes=\"auto, (max-width: 640px) 100vw, 640px\" \/>>\r\n        <\/picture>\r\n        \r\n                        <p class=\"hero_scroll\"><strong>Explorar m\u00e1s<\/strong> Despl\u00e1cese hacia abajo<\/p>\r\n                    <\/div>\r\n\r\n<\/section>\n\n\r\n<section id=\"Breadcrumbs-block_0ad9025ebabe9d0a9ec92d55fd0bed72\" class=\"Breadcrumbs\">\r\n    \r\n        <nav class=\"breads\" aria-label=\"Breadcrumb\">\r\n            <ul class=\"container\">\r\n                <li><a href=\"https:\/\/aurenweb-stg.servidortemporal.net\/ar\">Home<\/a><\/li>\r\n                <li><span aria-current=\"page\">Contacto Pa\u00edses<\/span><\/li>            <\/ul>\r\n        <\/nav>\r\n\r\n                                                                                     \r\n    \r\n<\/section>\r\n\n\n\r\n<section id=\"ContactFormCountry-block_ecfc85b11fcf61b584e9c9c6570628b3\" class=\"ContactFormCountry\">\r\n\r\n    <div class=\"container\">\r\n        <div class=\"row\">\r\n            <div class=\"col-lg-6\">\r\n\r\n                <section class=\"info v3\">\r\n                    <div class=\"container\">\r\n                        <div class=\"info_text\">\r\n                            <div class=\"info_title\">\r\n                                <div>\n<h3>Disponemos de una amplia visi\u00f3n de mercado<\/h3>\n<\/div>\n                            <\/div>\r\n                        <\/div>\r\n                        <div class=\"info_media\">\r\n                            <div class=\"info_media_title\">\r\n                                                            <\/div>\r\n                            <div class=\"info_media_item info_media_item-1\">\r\n                                <span class=\"info_media_item_bg\"><img loading=\"lazy\" decoding=\"async\" width=\"640\" height=\"381\" src=\"https:\/\/aurenweb-stg.servidortemporal.net\/ar\/wp-content\/uploads\/2025\/01\/image-text-10-scaled-1-1024x610.webp\" class=\"\" alt=\"\" srcset=\"https:\/\/aurenweb-stg.servidortemporal.net\/ar\/wp-content\/uploads\/2025\/01\/image-text-10-scaled-1-1024x610.webp 1024w, https:\/\/aurenweb-stg.servidortemporal.net\/ar\/wp-content\/uploads\/2025\/01\/image-text-10-scaled-1-300x179.webp 300w, https:\/\/aurenweb-stg.servidortemporal.net\/ar\/wp-content\/uploads\/2025\/01\/image-text-10-scaled-1-768x457.webp 768w, https:\/\/aurenweb-stg.servidortemporal.net\/ar\/wp-content\/uploads\/2025\/01\/image-text-10-scaled-1-1536x914.webp 1536w, https:\/\/aurenweb-stg.servidortemporal.net\/ar\/wp-content\/uploads\/2025\/01\/image-text-10-scaled-1-2048x1219.webp 2048w\" sizes=\"auto, (max-width: 640px) 100vw, 640px\" \/><\/span>\r\n                            <\/div>\r\n                            <div class=\"info_media_item info_media_item-2\">\r\n                                <span class=\"info_media_item_bg\"><img loading=\"lazy\" decoding=\"async\" width=\"567\" height=\"389\" src=\"https:\/\/aurenweb-stg.servidortemporal.net\/ar\/wp-content\/uploads\/2025\/01\/international-desk.webp\" class=\"\" alt=\"\" srcset=\"https:\/\/aurenweb-stg.servidortemporal.net\/ar\/wp-content\/uploads\/2025\/01\/international-desk.webp 567w, https:\/\/aurenweb-stg.servidortemporal.net\/ar\/wp-content\/uploads\/2025\/01\/international-desk-300x206.webp 300w\" sizes=\"auto, (max-width: 567px) 100vw, 567px\" \/><\/span>\r\n                            <\/div>\r\n                        <\/div>\r\n                    <\/div>\r\n                <\/section>\r\n\r\n            <\/div>\r\n            <div class=\"col-lg-6\">\r\n\r\n                <section class=\"contact contact-country\">\r\n                    <div class=\"container\">\r\n                        <div class=\"contact_wrapper\">\r\n                            \n<div class=\"wpcf7 no-js\" id=\"wpcf7-f84-o1\" lang=\"es-ES\" dir=\"ltr\" data-wpcf7-id=\"84\">\n<div class=\"screen-reader-response\"><p role=\"status\" aria-live=\"polite\" aria-atomic=\"true\"><\/p> <ul><\/ul><\/div>\n<form action=\"\/ar\/wp-json\/wp\/v2\/pages\/27448#wpcf7-f84-o1\" method=\"post\" class=\"wpcf7-form init\" aria-label=\"Formulario de contacto\" novalidate=\"novalidate\" data-status=\"init\">\n<div style=\"display: none;\">\n<input type=\"hidden\" name=\"_wpcf7\" value=\"84\" \/>\n<input type=\"hidden\" name=\"_wpcf7_version\" value=\"6.0.1\" \/>\n<input type=\"hidden\" name=\"_wpcf7_locale\" value=\"es_ES\" \/>\n<input type=\"hidden\" name=\"_wpcf7_unit_tag\" value=\"wpcf7-f84-o1\" \/>\n<input type=\"hidden\" name=\"_wpcf7_container_post\" value=\"0\" \/>\n<input type=\"hidden\" name=\"_wpcf7_posted_data_hash\" value=\"\" \/>\n<\/div>\n<p>[dynamic_hidden your-subject \u00abcontact_country texto=&#8217;Auren Argentina &#8211; Solicitud Contacto Pa\u00edses &#8211; &#8216;\u00bb]<br \/>\n[dynamic_hidden country \u00abcontact_country\u00bb]<br \/>\n[dynamic_hidden email-to \u00abcontact_country_emails\u00bb]<br \/>\n[dynamic_hidden current-language \u00abcurrent_language\u00bb]<br \/>\n[dynamic_hidden country-name \u00abcountry_name\u00bb]\n<\/p>\n<div class=\"contact_field contact_field-placeholder\">\n\t<p><span class=\"wpcf7-form-control-wrap\" data-name=\"your-name\"><input size=\"40\" maxlength=\"400\" class=\"wpcf7-form-control wpcf7-text wpcf7-validates-as-required\" id=\"your-name\" autocomplete=\"name\" aria-required=\"true\" aria-invalid=\"false\" value=\"\" type=\"text\" name=\"your-name\" \/><\/span><label for=\"your-name\">Nombre completo<span>*<\/span><\/label>\n\t<\/p>\n<\/div>\n<div class=\"contact_field contact_field-placeholder\">\n\t<p><span class=\"wpcf7-form-control-wrap\" data-name=\"your-company\"><input size=\"40\" maxlength=\"400\" class=\"wpcf7-form-control wpcf7-text wpcf7-validates-as-required\" id=\"your-company\" aria-required=\"true\" aria-invalid=\"false\" value=\"\" type=\"text\" name=\"your-company\" \/><\/span><label for=\"your-company\">Empresa<span>*<\/span><\/label>\n\t<\/p>\n<\/div>\n<div class=\"contact_field contact_field-placeholder\">\n\t<p><span class=\"wpcf7-form-control-wrap\" data-name=\"your-email\"><input size=\"40\" maxlength=\"400\" class=\"wpcf7-form-control wpcf7-email wpcf7-validates-as-required wpcf7-text wpcf7-validates-as-email\" id=\"your-email\" autocomplete=\"email\" aria-required=\"true\" aria-invalid=\"false\" value=\"\" type=\"email\" name=\"your-email\" \/><\/span><label for=\"your-email\">Email<span>*<\/span><\/label>\n\t<\/p>\n<\/div>\n<div class=\"contact_field contact_field-placeholder\">\n\t<p><span class=\"wpcf7-form-control-wrap\" data-name=\"your-phone\"><input size=\"40\" maxlength=\"400\" class=\"wpcf7-form-control wpcf7-text wpcf7-validates-as-required\" id=\"your-phone\" aria-required=\"true\" aria-invalid=\"false\" value=\"\" type=\"text\" name=\"your-phone\" \/><\/span><label for=\"your-phone\">Tel\u00e9fono<span>*<\/span><\/label>\n\t<\/p>\n<\/div>\n<div class=\"contact_field contact_field-textarea\">\n\t<p><span class=\"wpcf7-form-control-wrap\" data-name=\"your-message\"><textarea cols=\"40\" rows=\"10\" maxlength=\"2000\" class=\"wpcf7-form-control wpcf7-textarea wpcf7-validates-as-required\" id=\"your-message\" aria-required=\"true\" aria-invalid=\"false\" name=\"your-message\"><\/textarea><\/span><label for=\"your-message\">Mensaje<\/label>\n\t<\/p>\n<\/div>\n<div class=\"contact_field contact_field-check\">\n\t<p><span class=\"wpcf7-form-control-wrap\" data-name=\"acceptance-216\"><span class=\"wpcf7-form-control wpcf7-acceptance\"><span class=\"wpcf7-list-item\"><label><input type=\"checkbox\" name=\"acceptance-216\" value=\"1\" aria-invalid=\"false\" \/><span class=\"wpcf7-list-item-label\">He le\u00eddo y acepto el\u00a0<a href=\"https:\/\/aurenweb-stg.servidortemporal.net\/ar\/aviso-legal\/\">aviso legal<\/a>\u00a0y la\u00a0<a href=\"https:\/\/aurenweb-stg.servidortemporal.net\/ar\/politica-de-privacidad\/\">pol\u00edtica de privacidad<\/a><span>*<\/span><\/span><\/label><\/span><\/span><\/span>\n\t<\/p>\n<\/div>\n<p><button type=\"submit\" class=\"wpcf7-form-control wpcf7-submit button button-primary button-icon\">Enviar<\/button>\n<\/p><div class=\"wpcf7-response-output\" aria-hidden=\"true\"><\/div>\n<\/form>\n<\/div>\n                                                            <div class=\"contact_note\">\r\n                                    <p>Le informamos que los datos marcados con asterisco (*) son necesarios para poder atender su solicitud de informaci\u00f3n. Por el hecho de hacer clic en el bot\u00f3n \u201cenviar\u201d usted est\u00e1 prestando su consentimiento expreso e inequ\u00edvoco para que tratemos sus datos con el objeto de dar respuesta a su mensaje. Sus datos no ser\u00e1n cedidos terceros ajenos al Grupo Auren y ser\u00e1n eliminados una vez le remitamos nuestra respuesta. En cualquier caso, podr\u00e1 ejercitar sus derechos de acceso, rectificaci\u00f3n, supresi\u00f3n, portabilidad, limitaci\u00f3n y oposici\u00f3n al tratamiento de sus datos personales. Para m\u00e1s informaci\u00f3n puede consultar nuestra\u202f<a href=\"https:\/\/aurenweb-stg.servidortemporal.net\/ar\/politica-de-privacidad\/\">Pol\u00edtica de Privacidad.<\/a><\/p>\n                                <\/div>\r\n                                                    <\/div>\r\n                    <\/div>\r\n                <\/section>\r\n\r\n            <\/div>\r\n        <\/div>\r\n    <\/div>\r\n\r\n<\/section>","protected":false},"excerpt":{"rendered":"","protected":false},"author":2,"featured_media":0,"parent":0,"menu_order":0,"comment_status":"closed","ping_status":"closed","template":"","meta":{"_acf_changed":false,"footnotes":""},"class_list":["post-27448","page","type-page","status-publish","hentry"],"acf":[],"_links":{"self":[{"href":"https:\/\/aurenweb-stg.servidortemporal.net\/ar\/wp-json\/wp\/v2\/pages\/27448","targetHints":{"allow":["GET"]}}],"collection":[{"href":"https:\/\/aurenweb-stg.servidortemporal.net\/ar\/wp-json\/wp\/v2\/pages"}],"about":[{"href":"https:\/\/aurenweb-stg.servidortemporal.net\/ar\/wp-json\/wp\/v2\/types\/page"}],"author":[{"embeddable":true,"href":"https:\/\/aurenweb-stg.servidortemporal.net\/ar\/wp-json\/wp\/v2\/users\/2"}],"replies":[{"embeddable":true,"href":"https:\/\/aurenweb-stg.servidortemporal.net\/ar\/wp-json\/wp\/v2\/comments?post=27448"}],"version-history":[{"count":2,"href":"https:\/\/aurenweb-stg.servidortemporal.net\/ar\/wp-json\/wp\/v2\/pages\/27448\/revisions"}],"predecessor-version":[{"id":27458,"href":"https:\/\/aurenweb-stg.servidortemporal.net\/ar\/wp-json\/wp\/v2\/pages\/27448\/revisions\/27458"}],"wp:attachment":[{"href":"https:\/\/aurenweb-stg.servidortemporal.net\/ar\/wp-json\/wp\/v2\/media?parent=27448"}],"curies":[{"name":"wp","href":"https:\/\/api.w.org\/{rel}","templated":true}]}}