{"id":9947,"date":"2024-12-22T06:54:12","date_gmt":"2024-12-22T05:54:12","guid":{"rendered":"https:\/\/auren.com\/ar\/?page_id=9947"},"modified":"2024-12-22T06:54:14","modified_gmt":"2024-12-22T05:54:14","slug":"eventos-pasados","status":"publish","type":"page","link":"https:\/\/aurenweb-stg.servidortemporal.net\/ar\/eventos-pasados\/","title":{"rendered":"Eventos pasados"},"content":{"rendered":"<section id=\"Header-block_1c88894cd4c9e5a8169632b9c8ca2e79\" class=\"Header\">\r\n\r\n    <div class=\"hero\">\r\n                <div class=\"container\">\r\n            <div class=\"hero_header\">\r\n                                \r\n                <div class=\"hero_header_title\">\r\n                    <h1 class=''>Eventos pasados<\/h1>\n                <\/div>\r\n\r\n                                \r\n            <\/div>\r\n        <\/div>\r\n        \r\n                <picture>\r\n            <source srcset=\"https:\/\/aurenweb-stg.servidortemporal.net\/ar\/wp-content\/uploads\/2024\/12\/bg-hero-events-list.webp\"\r\n                media=\"(min-width: 1200px)\" \/>\r\n            <img loading=\"lazy\" decoding=\"async\" class=\"hero_bg\"\r\n                <img loading=\"lazy\" decoding=\"async\" width=\"640\" height=\"383\" src=\"https:\/\/aurenweb-stg.servidortemporal.net\/ar\/wp-content\/uploads\/2024\/12\/bg-hero-events-list-1024x612.webp\" class=\"hero_bg\" alt=\"\" srcset=\"https:\/\/aurenweb-stg.servidortemporal.net\/ar\/wp-content\/uploads\/2024\/12\/bg-hero-events-list-1024x612.webp 1024w, https:\/\/aurenweb-stg.servidortemporal.net\/ar\/wp-content\/uploads\/2024\/12\/bg-hero-events-list-300x179.webp 300w, https:\/\/aurenweb-stg.servidortemporal.net\/ar\/wp-content\/uploads\/2024\/12\/bg-hero-events-list-768x459.webp 768w, https:\/\/aurenweb-stg.servidortemporal.net\/ar\/wp-content\/uploads\/2024\/12\/bg-hero-events-list.webp 1300w\" sizes=\"auto, (max-width: 640px) 100vw, 640px\" \/>>\r\n        <\/picture>\r\n        \r\n                        <p class=\"hero_scroll\"><strong>Explorar m\u00e1s<\/strong> Despl\u00e1cese hacia abajo<\/p>\r\n                    <\/div>\r\n\r\n<\/section>\n\n\r\n<section id=\"Breadcrumbs-block_5156dbf12e1cb49806d8218244d6ebae\" class=\"Breadcrumbs\">\r\n            \r\n        <nav class=\"breads\" aria-label=\"Breadcrumb\">\r\n            <ul class=\"container\">\r\n            <li><span aria-current='page'>Home<\/span><\/li><li><span aria-current='page'>Events<\/span><\/li><li><span aria-current='page'>Eventos pasados<\/span><\/li>            <\/ul>\r\n        <\/nav>\r\n\r\n                                                                                     \r\n    \r\n<\/section>\r\n\n\n<div id=\"PastEvents-block_28e60983d071769883a6be97194898ef\" class=\"PastEvents\">\n\n    <div class=\"events\">\n        <div class=\"container\">\n            \n            <div class=\"events_title\">\n                <h2>Eventos pasados<\/h2>\n            <\/div>\n                        <div class=\"events-list\">\n                <article class=\"event\">\r\n    <div class=\"event_text\">\r\n        <div class=\"event_meta\">\r\n            <div class=\"event_date\">\r\n                <p>03.12.2024<\/p>\r\n            <\/div>\r\n        <\/div>\r\n        <div class=\"event_title\">\r\n            <h3>Desayuno \u00abComex: An\u00e1lisis y balance 2024\u00bb<\/h3>\r\n        <\/div>\r\n        <a class=\"event_button\" href=\"https:\/\/aurenweb-stg.servidortemporal.net\/ar\/eventos\/desayuno-comex-analisis-y-balance-2024\/\">Ver m\u00e1s<\/a>\r\n    <\/div>\r\n    <figure class=\"event_media\">\r\n        <img loading=\"lazy\" decoding=\"async\" width=\"2048\" height=\"2048\" src=\"https:\/\/aurenweb-stg.servidortemporal.net\/ar\/wp-content\/uploads\/2024\/12\/Template-desayuno-COMEX_IG-1080X1080-2048x2048-1.jpg\" class=\"event_media_image wp-post-image\" alt=\"\" srcset=\"https:\/\/aurenweb-stg.servidortemporal.net\/ar\/wp-content\/uploads\/2024\/12\/Template-desayuno-COMEX_IG-1080X1080-2048x2048-1.jpg 2048w, https:\/\/aurenweb-stg.servidortemporal.net\/ar\/wp-content\/uploads\/2024\/12\/Template-desayuno-COMEX_IG-1080X1080-2048x2048-1-300x300.jpg 300w, https:\/\/aurenweb-stg.servidortemporal.net\/ar\/wp-content\/uploads\/2024\/12\/Template-desayuno-COMEX_IG-1080X1080-2048x2048-1-1024x1024.jpg 1024w, https:\/\/aurenweb-stg.servidortemporal.net\/ar\/wp-content\/uploads\/2024\/12\/Template-desayuno-COMEX_IG-1080X1080-2048x2048-1-150x150.jpg 150w, https:\/\/aurenweb-stg.servidortemporal.net\/ar\/wp-content\/uploads\/2024\/12\/Template-desayuno-COMEX_IG-1080X1080-2048x2048-1-768x768.jpg 768w, https:\/\/aurenweb-stg.servidortemporal.net\/ar\/wp-content\/uploads\/2024\/12\/Template-desayuno-COMEX_IG-1080X1080-2048x2048-1-1536x1536.jpg 1536w\" sizes=\"auto, (max-width: 2048px) 100vw, 2048px\" \/>    <\/figure>\r\n<\/article><article class=\"event\">\r\n    <div class=\"event_text\">\r\n        <div class=\"event_meta\">\r\n            <div class=\"event_date\">\r\n                <p>28.11.2024<\/p>\r\n            <\/div>\r\n        <\/div>\r\n        <div class=\"event_title\">\r\n            <h3>Workshop \u00abEl futuro de la gesti\u00f3n administrativa con IA\u00bb<\/h3>\r\n        <\/div>\r\n        <a class=\"event_button\" href=\"https:\/\/aurenweb-stg.servidortemporal.net\/ar\/eventos\/workshop-el-futuro-de-la-gestion-administrativa-con-ia\/\">Ver m\u00e1s<\/a>\r\n    <\/div>\r\n    <figure class=\"event_media\">\r\n        <img loading=\"lazy\" decoding=\"async\" width=\"2048\" height=\"2048\" src=\"https:\/\/aurenweb-stg.servidortemporal.net\/ar\/wp-content\/uploads\/2024\/12\/Template-workshop-28_IG-1080X1080-2048x2048-1.jpg\" class=\"event_media_image wp-post-image\" alt=\"\" srcset=\"https:\/\/aurenweb-stg.servidortemporal.net\/ar\/wp-content\/uploads\/2024\/12\/Template-workshop-28_IG-1080X1080-2048x2048-1.jpg 2048w, https:\/\/aurenweb-stg.servidortemporal.net\/ar\/wp-content\/uploads\/2024\/12\/Template-workshop-28_IG-1080X1080-2048x2048-1-300x300.jpg 300w, https:\/\/aurenweb-stg.servidortemporal.net\/ar\/wp-content\/uploads\/2024\/12\/Template-workshop-28_IG-1080X1080-2048x2048-1-1024x1024.jpg 1024w, https:\/\/aurenweb-stg.servidortemporal.net\/ar\/wp-content\/uploads\/2024\/12\/Template-workshop-28_IG-1080X1080-2048x2048-1-150x150.jpg 150w, https:\/\/aurenweb-stg.servidortemporal.net\/ar\/wp-content\/uploads\/2024\/12\/Template-workshop-28_IG-1080X1080-2048x2048-1-768x768.jpg 768w, https:\/\/aurenweb-stg.servidortemporal.net\/ar\/wp-content\/uploads\/2024\/12\/Template-workshop-28_IG-1080X1080-2048x2048-1-1536x1536.jpg 1536w\" sizes=\"auto, (max-width: 2048px) 100vw, 2048px\" \/>    <\/figure>\r\n<\/article><article class=\"event\">\r\n    <div class=\"event_text\">\r\n        <div class=\"event_meta\">\r\n            <div class=\"event_date\">\r\n                <p>14.11.2024<\/p>\r\n            <\/div>\r\n        <\/div>\r\n        <div class=\"event_title\">\r\n            <h3>Webinar \u00abTrasnform\u00e1 tu actividad con automatizaci\u00f3n\u00bb<\/h3>\r\n        <\/div>\r\n        <a class=\"event_button\" href=\"https:\/\/aurenweb-stg.servidortemporal.net\/ar\/eventos\/webinar-trasnforma-tu-actividad-con-automatizacion\/\">Ver m\u00e1s<\/a>\r\n    <\/div>\r\n    <figure class=\"event_media\">\r\n        <img loading=\"lazy\" decoding=\"async\" width=\"2048\" height=\"1366\" src=\"https:\/\/aurenweb-stg.servidortemporal.net\/ar\/wp-content\/uploads\/2024\/12\/Evento-virtual-Calim_INVITACION-1200X800-2048x1366-1.jpg\" class=\"event_media_image wp-post-image\" alt=\"\" srcset=\"https:\/\/aurenweb-stg.servidortemporal.net\/ar\/wp-content\/uploads\/2024\/12\/Evento-virtual-Calim_INVITACION-1200X800-2048x1366-1.jpg 2048w, https:\/\/aurenweb-stg.servidortemporal.net\/ar\/wp-content\/uploads\/2024\/12\/Evento-virtual-Calim_INVITACION-1200X800-2048x1366-1-300x200.jpg 300w, https:\/\/aurenweb-stg.servidortemporal.net\/ar\/wp-content\/uploads\/2024\/12\/Evento-virtual-Calim_INVITACION-1200X800-2048x1366-1-1024x683.jpg 1024w, https:\/\/aurenweb-stg.servidortemporal.net\/ar\/wp-content\/uploads\/2024\/12\/Evento-virtual-Calim_INVITACION-1200X800-2048x1366-1-768x512.jpg 768w, https:\/\/aurenweb-stg.servidortemporal.net\/ar\/wp-content\/uploads\/2024\/12\/Evento-virtual-Calim_INVITACION-1200X800-2048x1366-1-1536x1025.jpg 1536w\" sizes=\"auto, (max-width: 2048px) 100vw, 2048px\" \/>    <\/figure>\r\n<\/article><article class=\"event\">\r\n    <div class=\"event_text\">\r\n        <div class=\"event_meta\">\r\n            <div class=\"event_date\">\r\n                <p>31.10.2024<\/p>\r\n            <\/div>\r\n        <\/div>\r\n        <div class=\"event_title\">\r\n            <h3>Desayuno Compliance 2.0<\/h3>\r\n        <\/div>\r\n        <a class=\"event_button\" href=\"https:\/\/aurenweb-stg.servidortemporal.net\/ar\/eventos\/desayuno-compliance-2-0\/\">Ver m\u00e1s<\/a>\r\n    <\/div>\r\n    <figure class=\"event_media\">\r\n        <img loading=\"lazy\" decoding=\"async\" width=\"800\" height=\"800\" src=\"https:\/\/aurenweb-stg.servidortemporal.net\/ar\/wp-content\/uploads\/2024\/12\/Evento-Compliance-2.0-26.09_IG-1080X1080.jpg\" class=\"event_media_image wp-post-image\" alt=\"\" srcset=\"https:\/\/aurenweb-stg.servidortemporal.net\/ar\/wp-content\/uploads\/2024\/12\/Evento-Compliance-2.0-26.09_IG-1080X1080.jpg 800w, https:\/\/aurenweb-stg.servidortemporal.net\/ar\/wp-content\/uploads\/2024\/12\/Evento-Compliance-2.0-26.09_IG-1080X1080-300x300.jpg 300w, https:\/\/aurenweb-stg.servidortemporal.net\/ar\/wp-content\/uploads\/2024\/12\/Evento-Compliance-2.0-26.09_IG-1080X1080-150x150.jpg 150w, https:\/\/aurenweb-stg.servidortemporal.net\/ar\/wp-content\/uploads\/2024\/12\/Evento-Compliance-2.0-26.09_IG-1080X1080-768x768.jpg 768w\" sizes=\"auto, (max-width: 800px) 100vw, 800px\" \/>    <\/figure>\r\n<\/article><article class=\"event\">\r\n    <div class=\"event_text\">\r\n        <div class=\"event_meta\">\r\n            <div class=\"event_date\">\r\n                <p>08.10.2024<\/p>\r\n            <\/div>\r\n        <\/div>\r\n        <div class=\"event_title\">\r\n            <h3>Desayuno: \u00abTransform\u00e1 tu actividad con Automatizaci\u00f3n\u00bb<\/h3>\r\n        <\/div>\r\n        <a class=\"event_button\" href=\"https:\/\/aurenweb-stg.servidortemporal.net\/ar\/eventos\/desayuno-transforma-tu-actividad-con-automatizacion\/\">Ver m\u00e1s<\/a>\r\n    <\/div>\r\n    <figure class=\"event_media\">\r\n        <img loading=\"lazy\" decoding=\"async\" width=\"2048\" height=\"2048\" src=\"https:\/\/aurenweb-stg.servidortemporal.net\/ar\/wp-content\/uploads\/2024\/12\/TEMPLA_2-2048x2048-1.png\" class=\"event_media_image wp-post-image\" alt=\"\" srcset=\"https:\/\/aurenweb-stg.servidortemporal.net\/ar\/wp-content\/uploads\/2024\/12\/TEMPLA_2-2048x2048-1.png 2048w, https:\/\/aurenweb-stg.servidortemporal.net\/ar\/wp-content\/uploads\/2024\/12\/TEMPLA_2-2048x2048-1-300x300.png 300w, https:\/\/aurenweb-stg.servidortemporal.net\/ar\/wp-content\/uploads\/2024\/12\/TEMPLA_2-2048x2048-1-1024x1024.png 1024w, https:\/\/aurenweb-stg.servidortemporal.net\/ar\/wp-content\/uploads\/2024\/12\/TEMPLA_2-2048x2048-1-150x150.png 150w, https:\/\/aurenweb-stg.servidortemporal.net\/ar\/wp-content\/uploads\/2024\/12\/TEMPLA_2-2048x2048-1-768x768.png 768w, https:\/\/aurenweb-stg.servidortemporal.net\/ar\/wp-content\/uploads\/2024\/12\/TEMPLA_2-2048x2048-1-1536x1536.png 1536w\" sizes=\"auto, (max-width: 2048px) 100vw, 2048px\" \/>    <\/figure>\r\n<\/article><article class=\"event\">\r\n    <div class=\"event_text\">\r\n        <div class=\"event_meta\">\r\n            <div class=\"event_date\">\r\n                <p>03.10.2024<\/p>\r\n            <\/div>\r\n        <\/div>\r\n        <div class=\"event_title\">\r\n            <h3>Evento H\u00edbrido \u00abPrincipales aspectos a tener en cuenta para hacer negocios entre Argentina y Espa\u00f1a\u00bb<\/h3>\r\n        <\/div>\r\n        <a class=\"event_button\" href=\"https:\/\/aurenweb-stg.servidortemporal.net\/ar\/eventos\/evento-hibrido-principales-aspectos-a-tener-en-cuenta-para-hacer-negocios-entre-argentina-y-espana\/\">Ver m\u00e1s<\/a>\r\n    <\/div>\r\n    <figure class=\"event_media\">\r\n        <img loading=\"lazy\" decoding=\"async\" width=\"1200\" height=\"627\" src=\"https:\/\/aurenweb-stg.servidortemporal.net\/ar\/wp-content\/uploads\/2024\/12\/Evento-Espana-1.jpg\" class=\"event_media_image wp-post-image\" alt=\"\" srcset=\"https:\/\/aurenweb-stg.servidortemporal.net\/ar\/wp-content\/uploads\/2024\/12\/Evento-Espana-1.jpg 1200w, https:\/\/aurenweb-stg.servidortemporal.net\/ar\/wp-content\/uploads\/2024\/12\/Evento-Espana-1-300x157.jpg 300w, https:\/\/aurenweb-stg.servidortemporal.net\/ar\/wp-content\/uploads\/2024\/12\/Evento-Espana-1-1024x535.jpg 1024w, https:\/\/aurenweb-stg.servidortemporal.net\/ar\/wp-content\/uploads\/2024\/12\/Evento-Espana-1-768x401.jpg 768w\" sizes=\"auto, (max-width: 1200px) 100vw, 1200px\" \/>    <\/figure>\r\n<\/article><article class=\"event\">\r\n    <div class=\"event_text\">\r\n        <div class=\"event_meta\">\r\n            <div class=\"event_date\">\r\n                <p>19.09.2024<\/p>\r\n            <\/div>\r\n        <\/div>\r\n        <div class=\"event_title\">\r\n            <h3>Desayuno: \u00abPerspectivas de una normalizaci\u00f3n de la Econom\u00eda\u00bb<\/h3>\r\n        <\/div>\r\n        <a class=\"event_button\" href=\"https:\/\/aurenweb-stg.servidortemporal.net\/ar\/eventos\/desayuno-perspectivas-de-una-normalizacion-de-la-economia\/\">Ver m\u00e1s<\/a>\r\n    <\/div>\r\n    <figure class=\"event_media\">\r\n        <img loading=\"lazy\" decoding=\"async\" width=\"2560\" height=\"1707\" src=\"https:\/\/aurenweb-stg.servidortemporal.net\/ar\/wp-content\/uploads\/2024\/12\/GettyImages-948654712-scaled-1.jpg\" class=\"event_media_image wp-post-image\" alt=\"\" srcset=\"https:\/\/aurenweb-stg.servidortemporal.net\/ar\/wp-content\/uploads\/2024\/12\/GettyImages-948654712-scaled-1.jpg 2560w, https:\/\/aurenweb-stg.servidortemporal.net\/ar\/wp-content\/uploads\/2024\/12\/GettyImages-948654712-scaled-1-300x200.jpg 300w, https:\/\/aurenweb-stg.servidortemporal.net\/ar\/wp-content\/uploads\/2024\/12\/GettyImages-948654712-scaled-1-1024x683.jpg 1024w, https:\/\/aurenweb-stg.servidortemporal.net\/ar\/wp-content\/uploads\/2024\/12\/GettyImages-948654712-scaled-1-768x512.jpg 768w, https:\/\/aurenweb-stg.servidortemporal.net\/ar\/wp-content\/uploads\/2024\/12\/GettyImages-948654712-scaled-1-1536x1024.jpg 1536w, https:\/\/aurenweb-stg.servidortemporal.net\/ar\/wp-content\/uploads\/2024\/12\/GettyImages-948654712-scaled-1-2048x1366.jpg 2048w\" sizes=\"auto, (max-width: 2560px) 100vw, 2560px\" \/>    <\/figure>\r\n<\/article><article class=\"event\">\r\n    <div class=\"event_text\">\r\n        <div class=\"event_meta\">\r\n            <div class=\"event_date\">\r\n                <p>18.09.2024<\/p>\r\n            <\/div>\r\n        <\/div>\r\n        <div class=\"event_title\">\r\n            <h3>Feria de Empleo EAUN 2024<\/h3>\r\n        <\/div>\r\n        <a class=\"event_button\" href=\"https:\/\/aurenweb-stg.servidortemporal.net\/ar\/eventos\/feria-de-empleo-eaun-2024\/\">Ver m\u00e1s<\/a>\r\n    <\/div>\r\n    <figure class=\"event_media\">\r\n        <img loading=\"lazy\" decoding=\"async\" width=\"1080\" height=\"1080\" src=\"https:\/\/aurenweb-stg.servidortemporal.net\/ar\/wp-content\/uploads\/2024\/12\/Feria-de-Empleo-Logos.jpg\" class=\"event_media_image wp-post-image\" alt=\"\" srcset=\"https:\/\/aurenweb-stg.servidortemporal.net\/ar\/wp-content\/uploads\/2024\/12\/Feria-de-Empleo-Logos.jpg 1080w, https:\/\/aurenweb-stg.servidortemporal.net\/ar\/wp-content\/uploads\/2024\/12\/Feria-de-Empleo-Logos-300x300.jpg 300w, https:\/\/aurenweb-stg.servidortemporal.net\/ar\/wp-content\/uploads\/2024\/12\/Feria-de-Empleo-Logos-1024x1024.jpg 1024w, https:\/\/aurenweb-stg.servidortemporal.net\/ar\/wp-content\/uploads\/2024\/12\/Feria-de-Empleo-Logos-150x150.jpg 150w, https:\/\/aurenweb-stg.servidortemporal.net\/ar\/wp-content\/uploads\/2024\/12\/Feria-de-Empleo-Logos-768x768.jpg 768w\" sizes=\"auto, (max-width: 1080px) 100vw, 1080px\" \/>    <\/figure>\r\n<\/article><article class=\"event\">\r\n    <div class=\"event_text\">\r\n        <div class=\"event_meta\">\r\n            <div class=\"event_date\">\r\n                <p>12.09.2024<\/p>\r\n            <\/div>\r\n        <\/div>\r\n        <div class=\"event_title\">\r\n            <h3>Desayuno \u00abIA y el futuro del trabajo en las empresas\u00bb<\/h3>\r\n        <\/div>\r\n        <a class=\"event_button\" href=\"https:\/\/aurenweb-stg.servidortemporal.net\/ar\/eventos\/desayuno-ia-y-el-futuro-del-trabajo-en-las-empresas\/\">Ver m\u00e1s<\/a>\r\n    <\/div>\r\n    <figure class=\"event_media\">\r\n        <img loading=\"lazy\" decoding=\"async\" width=\"2048\" height=\"2048\" src=\"https:\/\/aurenweb-stg.servidortemporal.net\/ar\/wp-content\/uploads\/2024\/12\/Evento.-IA-y-el-futuro-del-trabajo-en-las-empresas.-TheEye_IG-1080X1080-2048x2048-1.jpg\" class=\"event_media_image wp-post-image\" alt=\"\" srcset=\"https:\/\/aurenweb-stg.servidortemporal.net\/ar\/wp-content\/uploads\/2024\/12\/Evento.-IA-y-el-futuro-del-trabajo-en-las-empresas.-TheEye_IG-1080X1080-2048x2048-1.jpg 2048w, https:\/\/aurenweb-stg.servidortemporal.net\/ar\/wp-content\/uploads\/2024\/12\/Evento.-IA-y-el-futuro-del-trabajo-en-las-empresas.-TheEye_IG-1080X1080-2048x2048-1-300x300.jpg 300w, https:\/\/aurenweb-stg.servidortemporal.net\/ar\/wp-content\/uploads\/2024\/12\/Evento.-IA-y-el-futuro-del-trabajo-en-las-empresas.-TheEye_IG-1080X1080-2048x2048-1-1024x1024.jpg 1024w, https:\/\/aurenweb-stg.servidortemporal.net\/ar\/wp-content\/uploads\/2024\/12\/Evento.-IA-y-el-futuro-del-trabajo-en-las-empresas.-TheEye_IG-1080X1080-2048x2048-1-150x150.jpg 150w, https:\/\/aurenweb-stg.servidortemporal.net\/ar\/wp-content\/uploads\/2024\/12\/Evento.-IA-y-el-futuro-del-trabajo-en-las-empresas.-TheEye_IG-1080X1080-2048x2048-1-768x768.jpg 768w, https:\/\/aurenweb-stg.servidortemporal.net\/ar\/wp-content\/uploads\/2024\/12\/Evento.-IA-y-el-futuro-del-trabajo-en-las-empresas.-TheEye_IG-1080X1080-2048x2048-1-1536x1536.jpg 1536w\" sizes=\"auto, (max-width: 2048px) 100vw, 2048px\" \/>    <\/figure>\r\n<\/article>            <\/div>\n\n\n                            <div class=\"events_pagination\">\n                                    <\/div>\n            \n                    <\/div>\n    <\/div>\n\n<\/div>\n\n\n\r\n<section id=\"ContactForm-block_609482d9e0787cc76c261f5bea595e55\" class=\"ContactForm\">\r\n\r\n    <div class=\"subscribe\">\r\n        <div class=\"container\">\r\n            <div class=\"subscribe_header\" style=\"background-image: url('https:\/\/aurenweb-stg.servidortemporal.net\/ar\/wp-content\/uploads\/2024\/12\/bg-hero-events-list-1024x612.webp')\">\r\n                <div class=\"subscribe_header_title\">\r\n                    <p>No te pierdas nuestras actualizaciones. Suscr\u00edbete.<\/p>\n                <\/div>\r\n                <div class=\"subscribe_header_kicker\">\r\n                    <span>BLOG<\/span>\r\n                <\/div>\r\n            <\/div>\r\n            <div class=\"subscribe_text\">\r\n                \n<div class=\"wpcf7 no-js\" id=\"wpcf7-f89-o1\" lang=\"es-ES\" dir=\"ltr\" data-wpcf7-id=\"89\">\n<div class=\"screen-reader-response\"><p role=\"status\" aria-live=\"polite\" aria-atomic=\"true\"><\/p> <ul><\/ul><\/div>\n<form action=\"\/ar\/wp-json\/wp\/v2\/pages\/9947#wpcf7-f89-o1\" method=\"post\" class=\"wpcf7-form init\" aria-label=\"Formulario de contacto\" novalidate=\"novalidate\" data-status=\"init\">\n<div style=\"display: none;\">\n<input type=\"hidden\" name=\"_wpcf7\" value=\"89\" \/>\n<input type=\"hidden\" name=\"_wpcf7_version\" value=\"6.0.1\" \/>\n<input type=\"hidden\" name=\"_wpcf7_locale\" value=\"es_ES\" \/>\n<input type=\"hidden\" name=\"_wpcf7_unit_tag\" value=\"wpcf7-f89-o1\" \/>\n<input type=\"hidden\" name=\"_wpcf7_container_post\" value=\"0\" \/>\n<input type=\"hidden\" name=\"_wpcf7_posted_data_hash\" value=\"\" \/>\n<\/div>\n<div class=\"subscribe_field subscribe_field-placeholder\">\n\t<p><span class=\"wpcf7-form-control-wrap\" data-name=\"your-name\"><input size=\"40\" maxlength=\"400\" class=\"wpcf7-form-control wpcf7-text wpcf7-validates-as-required\" id=\"your-name\" autocomplete=\"name\" aria-required=\"true\" aria-invalid=\"false\" value=\"\" type=\"text\" name=\"your-name\" \/><\/span><label for=\"your-name\">Nombre completo<span>*<\/span><\/label>\n\t<\/p>\n<\/div>\n<div class=\"subscribe_field subscribe_field-placeholder\">\n\t<p><span class=\"wpcf7-form-control-wrap\" data-name=\"your-email\"><input size=\"40\" maxlength=\"400\" class=\"wpcf7-form-control wpcf7-email wpcf7-validates-as-required wpcf7-text wpcf7-validates-as-email\" id=\"your-email\" autocomplete=\"email\" aria-required=\"true\" aria-invalid=\"false\" value=\"\" type=\"email\" name=\"your-email\" \/><\/span><label for=\"your-email\">Email<span>*<\/span><\/label>\n\t<\/p>\n<\/div>\n<div class=\"subscribe_field subscribe_field-select\">\n\t<p><label for=\"services\">Servicios<\/label><span class=\"wpcf7-form-control-wrap\" data-name=\"select-713\"><select class=\"wpcf7-form-control wpcf7-select\" id=\"your-services\" aria-invalid=\"false\" name=\"select-713\"><option value=\"\"><\/option><option value=\"Opci\u00f3n 1\">Opci\u00f3n 1<\/option><option value=\"Opci\u00f3n 2\">Opci\u00f3n 2<\/option><option value=\"Opci\u00f3n 3\">Opci\u00f3n 3<\/option><\/select><\/span>\n\t<\/p>\n<\/div>\n<div class=\"subscribe_field subscribe_field-check\">\n\t<p><span class=\"wpcf7-form-control-wrap\" data-name=\"acceptance-216\"><span class=\"wpcf7-form-control wpcf7-acceptance optional\"><span class=\"wpcf7-list-item\"><label><input type=\"checkbox\" name=\"acceptance-216\" value=\"1\" aria-invalid=\"false\" \/><span class=\"wpcf7-list-item-label\">He le\u00eddo y acepto la Pol\u00edtica Privacidad y Seguridad Informaci\u00f3n y el Aviso legal <span>*<\/span><\/span><\/label><\/span><\/span><\/span>\n\t<\/p>\n<\/div>\n<div class=\"subscribe_note\">\n\t<p>Le informamos que su direcci\u00f3n de correo electr\u00f3nico es necesaria para atender su solicitud de suscripci\u00f3n. Por el hecho de marcar la casilla que indica \u201cHe le\u00eddo y acepto la Pol\u00edtica de Privacidad\u201d y hacer clic en el bot\u00f3n \u201cSUSCRIBIR\u201d usted est\u00e1 prestando su consentimiento expreso e inequ\u00edvoco para que tratemos sus datos con el objeto de suscribirle al Blog de Auren. Sus datos no ser\u00e1n cedidos a terceros ajenos al Grupo Auren y ser\u00e1n conservados mientras usted no manifieste su voluntad de no continuar suscrito al referido blog. En cualquier caso, podr\u00e1 ejercitar sus derechos de acceso, rectificaci\u00f3n, supresi\u00f3n, portabilidad, limitaci\u00f3n y oposici\u00f3n al tratamiento de sus datos personales. Para m\u00e1s informaci\u00f3n puede consultar nuestra Pol\u00edtica Privacidad y Seguridad Informaci\u00f3n.\n\t<\/p>\n<\/div>\n<p><button type=\"submit\" class=\"wpcf7-form-control wpcf7-submit button button-primary button-icon\">Suscribirse ahora<\/button>\n<\/p><div class=\"wpcf7-response-output\" aria-hidden=\"true\"><\/div>\n<\/form>\n<\/div>\n            <\/div>\r\n        <\/div>\r\n    <\/div>\r\n\r\n<\/section>","protected":false},"excerpt":{"rendered":"","protected":false},"author":2,"featured_media":0,"parent":0,"menu_order":0,"comment_status":"closed","ping_status":"closed","template":"","meta":{"_acf_changed":false,"footnotes":""},"class_list":["post-9947","page","type-page","status-publish","hentry"],"acf":[],"_links":{"self":[{"href":"https:\/\/aurenweb-stg.servidortemporal.net\/ar\/wp-json\/wp\/v2\/pages\/9947","targetHints":{"allow":["GET"]}}],"collection":[{"href":"https:\/\/aurenweb-stg.servidortemporal.net\/ar\/wp-json\/wp\/v2\/pages"}],"about":[{"href":"https:\/\/aurenweb-stg.servidortemporal.net\/ar\/wp-json\/wp\/v2\/types\/page"}],"author":[{"embeddable":true,"href":"https:\/\/aurenweb-stg.servidortemporal.net\/ar\/wp-json\/wp\/v2\/users\/2"}],"replies":[{"embeddable":true,"href":"https:\/\/aurenweb-stg.servidortemporal.net\/ar\/wp-json\/wp\/v2\/comments?post=9947"}],"version-history":[{"count":1,"href":"https:\/\/aurenweb-stg.servidortemporal.net\/ar\/wp-json\/wp\/v2\/pages\/9947\/revisions"}],"predecessor-version":[{"id":9951,"href":"https:\/\/aurenweb-stg.servidortemporal.net\/ar\/wp-json\/wp\/v2\/pages\/9947\/revisions\/9951"}],"wp:attachment":[{"href":"https:\/\/aurenweb-stg.servidortemporal.net\/ar\/wp-json\/wp\/v2\/media?parent=9947"}],"curies":[{"name":"wp","href":"https:\/\/api.w.org\/{rel}","templated":true}]}}