{"id":13975,"date":"2025-01-23T19:46:56","date_gmt":"2025-01-23T18:46:56","guid":{"rendered":"https:\/\/aurenweb-stg.servidortemporal.net\/co\/?page_id=13975"},"modified":"2025-01-23T19:46:58","modified_gmt":"2025-01-23T18:46:58","slug":"aviso-legal","status":"publish","type":"page","link":"https:\/\/aurenweb-stg.servidortemporal.net\/co\/aviso-legal\/","title":{"rendered":"Aviso Legal"},"content":{"rendered":"<section id=\"HeaderSlider-block_3114067c35d156731e23e6e4b02d5299\" class=\"Header HeaderSlider\">\r\n\r\n    \r\n    <div class=\"hero-home\">\r\n        <div class=\"hero-home_swiper swiper\" id=\"heroSwiper\">\r\n            <div class=\"swiper-wrapper\">\r\n                \r\n                <div class=\"swiper-slide\" style=\"background-image:url('https:\/\/aurenweb-stg.servidortemporal.net\/co\/wp-content\/uploads\/2025\/01\/Rectangle-16-1-1.webp');\">\r\n                    <div class=\"container\">\r\n                        <div class=\"hero-home_header\">\r\n                            \r\n            <div class=\"hero-home_header_title\">\r\n                <h1>Aviso Legal<\/h1>\n\r\n            <\/div>\r\n                            \r\n                        <\/div>\r\n                    <\/div>\r\n                <\/div>\r\n                            <\/div>\r\n            <div class=\"container\">\r\n                <div class=\"swiper-pagination\"><\/div>\r\n            <\/div>\r\n        <\/div>\r\n\r\n        <br \/>\n<b>Warning<\/b>:  foreach() argument must be of type array|object, bool given in <b>\/app\/common\/themes\/auren\/inc\/functions-blocks-custom.php<\/b> on line <b>103<\/b><br \/>\n<nav class=\"hero-home_nav\"><\/nav>\r\n                <p class=\"hero-home_scroll\"><strong>Explorar m\u00e1s<\/strong> Despl\u00e1cese hacia abajo<\/p>\r\n            <\/div>\r\n\r\n        \r\n<\/section>\r\n\n\n\r\n<section id=\"Breadcrumbs-block_b403e3ce98998fda5f4da19bfcf38359\" class=\"Breadcrumbs\">\r\n    \r\n        <nav class=\"breads\" aria-label=\"Breadcrumb\">\r\n            <ul class=\"container\">\r\n                <li><a href=\"https:\/\/aurenweb-stg.servidortemporal.net\/co\">Home<\/a><\/li>\r\n                <li><span aria-current=\"page\">Aviso Legal<\/span><\/li>            <\/ul>\r\n        <\/nav>\r\n\r\n                                                                                     \r\n    \r\n<\/section>\r\n\n\n<div id=\"ContainerLegals-block_602fc4b4a88a43ba94ca9f888439cfd6\" class=\"ContainerLegals\" style=\"background-image:url(); background-color: \">\r\n    <div class=\"container\">\r\n        <div class=\"acf-innerblocks-container\">\n\n<p>Auren Colombia, se encuentra integrado por Auren Colombia S.A.S. con NIT. 900.733.238-6, Auren Consultores Medell\u00edn S.A.S., con NIT. 900.347.225-5, Auren Auditores y Consultores S.A., con NIT. 830.069.788-3, Auren Asesores Corporativos S.A.S. con NIT. 806.000.527 \u2013 3 y Auren Legal e Impuestos S.A.S. Con NIT 901.613.791 \u2013 7.&nbsp;<\/p>\n\n\n\n<p>&nbsp;<br>El prop\u00f3sito de esta p\u00e1gina web es puramente informativo, y la informaci\u00f3n proporcionada no debe interpretarse como una indicaci\u00f3n, determinaci\u00f3n o recomendaci\u00f3n de resultados futuros. Auren Colombia no asume responsabilidad por decisiones o conclusiones basadas en la informaci\u00f3n proporcionada en la p\u00e1gina web. Las leyes pueden tener efectos diferentes dependiendo de circunstancias espec\u00edficas de cada caso.&nbsp;<\/p>\n\n\n\n<p>&nbsp;<br>Debido a los cambios constantes en las leyes, normativas y riesgos inherentes a la comunicaci\u00f3n electr\u00f3nica, es posible que la informaci\u00f3n en este sitio contenga demoras, omisiones o inexactitudes. Por lo tanto, se entiende que los autores y editores no ofrecen ni se comprometen a ofrecer servicios legales, contables, fiscales u otro tipo de asesoramiento profesional. Esta informaci\u00f3n no reemplaza la consulta con asesores competentes antes de tomar decisiones o medidas.&nbsp;<\/p>\n\n\n\n<p>&nbsp;<br>A pesar de los esfuerzos para asegurar la fiabilidad de la informaci\u00f3n, Auren Colombia no se hace responsable de errores u omisiones ni de los resultados derivados de su uso o interpretaci\u00f3n. Toda la informaci\u00f3n se proporciona \u00abtal como est\u00e1\u00bb, sin garant\u00edas de suficiencia, pertinencia, exactitud o puntualidad, ni garant\u00edas de ning\u00fan tipo, ya sean expresas o impl\u00edcitas, incluyendo garant\u00edas de cumplimiento, comerciabilidad o idoneidad para un fin espec\u00edfico. Ni Auren Colombia ni sus asociados, socios, agentes o empleados ser\u00e1n responsables de decisiones basadas en esta informaci\u00f3n, ni de ning\u00fan da\u00f1o directo o indirecto, incluso si se advierte sobre la posibilidad de tales da\u00f1os.&nbsp;<\/p>\n\n\n\n<p>&nbsp;<br>Auren Colombia no garantiza que el acceso al sitio o el suministro de informaci\u00f3n por parte del usuario, como datos personales o curr\u00edculums, implique obligaciones m\u00e1s all\u00e1 de la protecci\u00f3n de los datos aportados conforme a la normativa vigente, incluyendo la consideraci\u00f3n para entrevistas o comunicaci\u00f3n sobre el manejo de datos personales o procesos de contrataci\u00f3n de persona&nbsp;<\/p>\n\n\n\n<p><strong>A efectos de comunicaci\u00f3n la direcci\u00f3n de todas las anteriores empresas ser\u00e1:<\/strong>\u202f&nbsp;<\/p>\n\n\n\n<figure class=\"wp-block-image size-full\"><img loading=\"lazy\" decoding=\"async\" width=\"758\" height=\"449\" src=\"https:\/\/aurenweb-stg.servidortemporal.net\/co\/wp-content\/uploads\/2025\/01\/image-1.png\" alt=\"\" class=\"wp-image-13978\" srcset=\"https:\/\/aurenweb-stg.servidortemporal.net\/co\/wp-content\/uploads\/2025\/01\/image-1.png 758w, https:\/\/aurenweb-stg.servidortemporal.net\/co\/wp-content\/uploads\/2025\/01\/image-1-300x178.png 300w\" sizes=\"auto, (max-width: 758px) 100vw, 758px\" \/><\/figure>\n\n\n\n<p><strong>CONDICIONES DE USO\u00a0<\/strong><\/p>\n\n\n\n<p><strong>OBJETO Y \u00c1MBITO DE APLICACI\u00d3N\u00a0<\/strong><\/p>\n\n\n\n<p>Las presentes Condiciones de Uso tienen por objeto regular el acceso, la navegaci\u00f3n y la utilizaci\u00f3n de la Web por el Usuario, sin perjuicio del derecho que AUREN se reserva a modificarlas.&nbsp;<\/p>\n\n\n\n<p>El acceso, la navegaci\u00f3n y la utilizaci\u00f3n de los contenidos de la Web por parte del Usuario tras la entrada en vigor de Condiciones modificadas suponen la aceptaci\u00f3n de las mismas.&nbsp;<\/p>\n\n\n\n<p>A efectos de interpretaci\u00f3n, entendemos que una persona pasa a ser Usuario de la Web en el momento en que \u00e9ste acceda, navegue y\/o utilice los contenidos de la Web y acepta las Condiciones de Uso y la Pol\u00edtica de Privacidad establecidas.&nbsp;<\/p>\n\n\n\n<p><strong>RESPONSABILIDADES\u00a0<\/strong><\/p>\n\n\n\n<p>Auren no se hace responsable:&nbsp;<\/p>\n\n\n\n<ol start=\"1\" class=\"wp-block-list\">\n<li>del inadecuado funcionamiento y\/o errores de la Web si ello obedece a labores de mantenimiento, a incidencias, a un defectuoso funcionamiento del terminal o su insuficiente capacidad para soportar los sistemas indispensables para hacer uso del servicio.\u00a0<\/li>\n<\/ol>\n\n\n\n<ol start=\"2\" class=\"wp-block-list\">\n<li>de los virus y\/o dem\u00e1s componentes da\u00f1inos en la Web o en el servidor que la suministra\u00a0<\/li>\n<\/ol>\n\n\n\n<ol start=\"3\" class=\"wp-block-list\">\n<li>los da\u00f1os que se genere al Usuario en caso de imposibilidad de prestar el servicio debido a supuestos de caso fortuito, fuerza mayor u otras causas no imputables a AUREN.\u00a0<\/li>\n<\/ol>\n\n\n\n<ol start=\"4\" class=\"wp-block-list\">\n<li>los perjuicios que cause, a s\u00ed mismo o a un tercero, cualquier persona que infringiera las Condiciones de Uso que AUREN establece en la Web o a trav\u00e9s de la vulneraci\u00f3n de los sistemas de seguridad de la Web.\u00a0<\/li>\n<\/ol>\n\n\n\n<ol start=\"5\" class=\"wp-block-list\">\n<li>de la informaci\u00f3n publicada en su Web, siempre que esta informaci\u00f3n haya sido manipulada o introducida por un tercero.\u00a0<\/li>\n<\/ol>\n\n\n\n<p>Auren declara que ha adoptado todas las medidas necesarias, dentro de sus posibilidades y del estado de la t\u00e9cnica, para garantizar el funcionamiento de la Web y reducir al m\u00ednimo los errores del sistema, tanto desde el punto de vista t\u00e9cnico como legal y organizativo.&nbsp;<\/p>\n\n\n\n<p>Auren adoptar\u00e1 las medidas oportunas para asegurar una respuesta r\u00e1pida, sin responsabilizarse por los retrasos que sean debidos a los servicios de telecomunicaciones.&nbsp;<\/p>\n\n\n\n<p>Asimismo, AUREN no se hace responsable de la informaci\u00f3n almacenada en blogs, comentarios, redes sociales o cualesquiera otros medios que permita a terceros publicar informaci\u00f3n en su Web.&nbsp;<\/p>\n\n\n\n<p><strong>REGLAS DE ACCESO Y USO DE LOS CONTENIDOS\u00a0<\/strong><\/p>\n\n\n\n<p>En particular, y sin que el siguiente listado tenga car\u00e1cter absoluto, queda prohibido:&nbsp;<\/p>\n\n\n\n<ol start=\"1\" class=\"wp-block-list\">\n<li>Obtener los contenidos facilitados en la Web por medios il\u00edcitos, fraudulentos, robo o plagio.\u00a0<\/li>\n<\/ol>\n\n\n\n<ol start=\"2\" class=\"wp-block-list\">\n<li>Utilizar alguno de los servicios y contenidos que AUREN pone a su disposici\u00f3n, con fines il\u00edcitos.\u00a0<\/li>\n<\/ol>\n\n\n\n<ol start=\"3\" class=\"wp-block-list\">\n<li>Realizar cualquier actividad que pudiera da\u00f1ar, sobrecargar, deteriorar o impedir la actividad normal de la Web o en el ordenador de un tercero.\u00a0<\/li>\n<\/ol>\n\n\n\n<ol start=\"4\" class=\"wp-block-list\">\n<li>Usar la Web para la transmisi\u00f3n, instalaci\u00f3n o publicaci\u00f3n de cualquier virus, c\u00f3digo malicioso u otros programas o archivos perjudiciales;\u00a0<\/li>\n<\/ol>\n\n\n\n<ol start=\"5\" class=\"wp-block-list\">\n<li>Acceder sin autorizaci\u00f3n a cualquier secci\u00f3n de la Web, a otros sistemas o redes conectadas, a ning\u00fan servidor de AUREN, ni a los servicios ofrecidos a trav\u00e9s de la Web, por medio de pirateo o falsificaci\u00f3n, extracci\u00f3n de contrase\u00f1as o cualquier otro medio ileg\u00edtimo;\u00a0<\/li>\n<\/ol>\n\n\n\n<p>En el supuesto de que el Usuario causare da\u00f1os a terceros, por hacer uso de cualquier servicio y contenido facilitados a trav\u00e9s de la Web, exonera expresamente a AUREN, de cualquier responsabilidad que le pudiera ser imputada. A tales efectos, el Usuario asumir\u00e1 la responsabilidad exclusiva que pudiera derivarse.&nbsp;<\/p>\n\n\n\n<p>AUREN se reserva el derecho de ejercicio de las acciones legales oportunas en caso de incumplimiento de cualquiera de las anteriores obligaciones por parte del Usuario.&nbsp;<\/p>\n\n\n\n<p><strong>ENLACES A OTRAS P\u00c1GINAS WEB\u00a0<\/strong><\/p>\n\n\n\n<p>AUREN no controla los contenidos, ni las Condiciones de Uso ni la Pol\u00edtica de Privacidad de las Webs de terceros.&nbsp;<\/p>\n\n\n\n<p>Asimismo, AUREN no ser\u00e1 responsable de la disponibilidad de dichas Webs y no suscribe ning\u00fan tipo de publicidad, productos o servicio ofrecidos en las mismas.&nbsp;<\/p>\n\n\n\n<p>El Usuario acepta que AUREN no ser\u00e1 responsable de las p\u00e9rdidas o da\u00f1os en que el Usuario pueda incurrir a consecuencia de la disponibilidad de las mencionadas Webs.&nbsp;<\/p>\n\n\n\n<p>De otro lado, el Usuario que quiera introducir enlaces a la Web de AUREN desde su propia Web estar\u00e1 obligado a cumplir las siguientes condiciones:&nbsp;<\/p>\n\n\n\n<ol start=\"1\" class=\"wp-block-list\">\n<li>Deber\u00e1 obtener una autorizaci\u00f3n previa de AUREN.\u00a0<\/li>\n<\/ol>\n\n\n\n<ol start=\"2\" class=\"wp-block-list\">\n<li>El enlace \u00fanicamente vincular\u00e1 con la Web a trav\u00e9s de su direcci\u00f3n de Internet.\u00a0<\/li>\n<\/ol>\n\n\n\n<ol start=\"3\" class=\"wp-block-list\">\n<li>Desde la Web que realice el enlace no podr\u00e1 efectuarse ning\u00fan tipo de manifestaci\u00f3n falsa o inexacta sobre AUREN.\u00a0<\/li>\n<\/ol>\n\n\n\n<ol start=\"4\" class=\"wp-block-list\">\n<li>La Web que establezca el enlace deber\u00e1 observar la legalidad vigente y no podr\u00e1 enlazar con contenidos il\u00edcitos, nocivos, contrarios a la moral y a las buenas costumbres.\u00a0<\/li>\n<\/ol>\n\n\n\n<p>En todo caso AUREN, se reserva el derecho de prohibir o inutilizar en cualquier momento cualquier hiperenlace a esta Web.&nbsp;<\/p>\n\n\n\n<p><strong>PROPIEDAD INTELECTUAL E INDUSTRIAL\u00a0<\/strong><\/p>\n\n\n\n<p>AUREN es titular o cuenta que las licencias correspondientes sobre los derechos de Propiedad Intelectual e Industrial de los elementos que integran el dise\u00f1o de la Web, como la marca, nombre comercial o signo distintivo. En particular, est\u00e1n protegidos por los derechos de autor, los logos, combinaciones de colores, la selecci\u00f3n y la forma de presentaci\u00f3n, el c\u00f3digo fuente de la Web, los men\u00fas, los botones de navegaci\u00f3n, el c\u00f3digo HTML, los textos, fotograf\u00edas, gr\u00e1ficos, as\u00ed como cualquier otro contenido de la Web relativo a los servicios, contenidos y\/o herramientas facilitadas por AUREN.&nbsp;<\/p>\n\n\n\n<p>En ning\u00fan caso se entender\u00e1 que el acceso, navegaci\u00f3n y utilizaci\u00f3n de la Web por parte del Usuario implica una renuncia, transmisi\u00f3n o cesi\u00f3n total o parcial de dichos derechos por parte de AUREN.&nbsp;<\/p>\n\n\n\n<p>El Usuario podr\u00e1 visualizar, imprimir y copiar los contenidos de esta Web para su uso privado, quedando prohibido su utilizaci\u00f3n con fines comerciales o el ejercicio de los derechos de explotaci\u00f3n: reproducci\u00f3n, distribuci\u00f3n, comunicaci\u00f3n p\u00fablica, puesta de disposici\u00f3n y transformaci\u00f3n, de la totalidad o parte de los contenidos incluidos en la Web, si no se cuenta con la autorizaci\u00f3n previa, expresa y por escrito de AUREN.&nbsp;<\/p>\n\n\n\n<p><strong>SUSPENSI\u00d3N DEL SITIO WEB\u00a0<\/strong><\/p>\n\n\n\n<p>AUREN se reserva el derecho a suspender, modificar, restringir o interrumpir, ya sea temporal o permanentemente, el acceso, navegaci\u00f3n, uso, alojamiento y\/o descarga del contenido y\/o uso de servicios de la Web, con o sin previa notificaci\u00f3n, sin que medie la posibilidad del Usuario de exigir indemnizaci\u00f3n alguna por esta causa.&nbsp;<\/p>\n\n\n\n<p><strong>LEGISLACI\u00d3N JURISDICCI\u00d3N APLICABLE\u00a0<\/strong><\/p>\n\n\n\n<p>Las presentes Condiciones de Uso se rigen por la normativa colombiana vigente que le es de aplicaci\u00f3n.&nbsp;<\/p>\n\n<\/div>\r\n    <\/div>\r\n<\/div>\r\n","protected":false},"excerpt":{"rendered":"","protected":false},"author":2,"featured_media":0,"parent":0,"menu_order":0,"comment_status":"closed","ping_status":"closed","template":"","meta":{"_acf_changed":false,"footnotes":""},"class_list":["post-13975","page","type-page","status-publish","hentry"],"acf":[],"_links":{"self":[{"href":"https:\/\/aurenweb-stg.servidortemporal.net\/co\/wp-json\/wp\/v2\/pages\/13975","targetHints":{"allow":["GET"]}}],"collection":[{"href":"https:\/\/aurenweb-stg.servidortemporal.net\/co\/wp-json\/wp\/v2\/pages"}],"about":[{"href":"https:\/\/aurenweb-stg.servidortemporal.net\/co\/wp-json\/wp\/v2\/types\/page"}],"author":[{"embeddable":true,"href":"https:\/\/aurenweb-stg.servidortemporal.net\/co\/wp-json\/wp\/v2\/users\/2"}],"replies":[{"embeddable":true,"href":"https:\/\/aurenweb-stg.servidortemporal.net\/co\/wp-json\/wp\/v2\/comments?post=13975"}],"version-history":[{"count":1,"href":"https:\/\/aurenweb-stg.servidortemporal.net\/co\/wp-json\/wp\/v2\/pages\/13975\/revisions"}],"predecessor-version":[{"id":13980,"href":"https:\/\/aurenweb-stg.servidortemporal.net\/co\/wp-json\/wp\/v2\/pages\/13975\/revisions\/13980"}],"wp:attachment":[{"href":"https:\/\/aurenweb-stg.servidortemporal.net\/co\/wp-json\/wp\/v2\/media?parent=13975"}],"curies":[{"name":"wp","href":"https:\/\/api.w.org\/{rel}","templated":true}]}}