{"id":8096,"date":"2025-01-02T13:48:45","date_gmt":"2025-01-02T12:48:45","guid":{"rendered":"https:\/\/aurenweb-stg.servidortemporal.net\/co\/?page_id=8096"},"modified":"2025-01-24T13:17:05","modified_gmt":"2025-01-24T12:17:05","slug":"conoce-auren","status":"publish","type":"page","link":"https:\/\/aurenweb-stg.servidortemporal.net\/co\/conoce-auren\/","title":{"rendered":"Conoce Auren"},"content":{"rendered":"<section id=\"Header-block_787ff38644294a9f6ee5b9b4563d346b\" class=\"Header\">\r\n\r\n    <div class=\"hero\">\r\n                <div class=\"container\">\r\n            <div class=\"hero_header\">\r\n                                \r\n                <div class=\"hero_header_title\">\r\n                    <h1 class='' style=\"text-align: right;\"><strong>Conoce Auren<\/strong><\/h1>\n                <\/div>\r\n\r\n                                                \r\n                <div class=\"hero_header_subtitle\">\r\n                    <p style=\"text-align: right;\">Descubre la historia y la esencia de Auren.<\/p>\n                <\/div>\r\n\r\n                                \r\n            <\/div>\r\n        <\/div>\r\n        \r\n                <picture>\r\n            <source srcset=\"https:\/\/aurenweb-stg.servidortemporal.net\/co\/wp-content\/uploads\/2024\/11\/bg-hero-aboutus-d.webp\"\r\n                media=\"(min-width: 1200px)\" \/>\r\n            <img loading=\"lazy\" decoding=\"async\" class=\"hero_bg\"\r\n                <img loading=\"lazy\" decoding=\"async\" width=\"640\" height=\"382\" src=\"https:\/\/aurenweb-stg.servidortemporal.net\/co\/wp-content\/uploads\/2024\/11\/bg-hero-aboutus-d-1024x611.webp\" class=\"hero_bg\" alt=\"\" srcset=\"https:\/\/aurenweb-stg.servidortemporal.net\/co\/wp-content\/uploads\/2024\/11\/bg-hero-aboutus-d-1024x611.webp 1024w, https:\/\/aurenweb-stg.servidortemporal.net\/co\/wp-content\/uploads\/2024\/11\/bg-hero-aboutus-d-300x179.webp 300w, https:\/\/aurenweb-stg.servidortemporal.net\/co\/wp-content\/uploads\/2024\/11\/bg-hero-aboutus-d-768x459.webp 768w, https:\/\/aurenweb-stg.servidortemporal.net\/co\/wp-content\/uploads\/2024\/11\/bg-hero-aboutus-d-1536x917.webp 1536w, https:\/\/aurenweb-stg.servidortemporal.net\/co\/wp-content\/uploads\/2024\/11\/bg-hero-aboutus-d.webp 1916w\" sizes=\"auto, (max-width: 640px) 100vw, 640px\" \/>>\r\n        <\/picture>\r\n        \r\n                        <p class=\"hero_scroll\"><strong>Explorar m\u00e1s<\/strong> Despl\u00e1cese hacia abajo<\/p>\r\n                    <\/div>\r\n\r\n<\/section>\n\n\r\n<section id=\"Breadcrumbs-block_a853129ea48e0c581c55c1115631dbbc\" class=\"Breadcrumbs\">\r\n    \r\n        <nav class=\"breads\" aria-label=\"Breadcrumb\">\r\n            <ul class=\"container\">\r\n                <li><a href=\"https:\/\/aurenweb-stg.servidortemporal.net\/co\">Home<\/a><\/li>\r\n                <li><span aria-current=\"page\">Conoce Auren<\/span><\/li>            <\/ul>\r\n        <\/nav>\r\n\r\n                                                                                     \r\n    \r\n<\/section>\r\n\n\n\r\n<section id=\"ImageText-block_c3d9bc87a3b0ce80371a9a375bc72d9a\" class=\"ImageText\">\r\n\r\n    <section class=\"info \">\r\n        <div class=\"container\">\r\n            <div class=\"info_text\">\r\n                <div class=\"info_title\">\r\n                    <h2 class=''>Experiencia, valores y humanidad.<\/h2>\n                <\/div>\r\n                <div class=\"info_description\">\r\n                    <p>Nuestra cultura humanista y el esp\u00edritu emprendedor inspiran nuestro d\u00eda a d\u00eda. Nos comprometemos con los\u00a0 clientes, con equipos y con toda la sociedad. Somos empresarios al servicio de empresarios. Con equipos estables, construimos relaciones s\u00f3lidas y duraderas con nuestros clientes.<\/p>\n                <\/div>\r\n            <\/div>\r\n            <div class=\"info_media\">\r\n                <div class=\"info_media_item info_media_item-1\">\r\n                    <div class=\"info_media_item_text\"><span class=\"title\"><\/span><\/div>\r\n                    <div class=\"info_media_item_text_claim\"><\/div>\r\n                    <span class=\"info_media_item_bg\">\r\n                                                    <img loading=\"lazy\" decoding=\"async\" width=\"640\" height=\"412\" src=\"https:\/\/aurenweb-stg.servidortemporal.net\/co\/wp-content\/uploads\/2025\/01\/example-info-1-mask.webp\" class=\"attachment-large size-large\" alt=\"\" srcset=\"https:\/\/aurenweb-stg.servidortemporal.net\/co\/wp-content\/uploads\/2025\/01\/example-info-1-mask.webp 902w, https:\/\/aurenweb-stg.servidortemporal.net\/co\/wp-content\/uploads\/2025\/01\/example-info-1-mask-300x193.webp 300w, https:\/\/aurenweb-stg.servidortemporal.net\/co\/wp-content\/uploads\/2025\/01\/example-info-1-mask-768x494.webp 768w\" sizes=\"auto, (max-width: 640px) 100vw, 640px\" \/>                                            <\/span>\r\n                                                        <\/div>\r\n                <div class=\"info_media_claim\">\r\n                    <p>Comprometidos con la calidad, guiados por nuestros valores.<\/p>\n                <\/div>\r\n                <div class=\"info_media_item info_media_item-2\">\r\n                    <div class=\"info_media_item_text\"><span class=\"title\"><\/span><\/div>\r\n                    <div class=\"info_media_item_text_claim\"><\/div>\r\n                    <span class=\"info_media_item_bg\">\r\n                                                    <img loading=\"lazy\" decoding=\"async\" width=\"640\" height=\"412\" src=\"https:\/\/aurenweb-stg.servidortemporal.net\/co\/wp-content\/uploads\/2025\/01\/example-info-2-mask.webp\" class=\"attachment-large size-large\" alt=\"\" srcset=\"https:\/\/aurenweb-stg.servidortemporal.net\/co\/wp-content\/uploads\/2025\/01\/example-info-2-mask.webp 902w, https:\/\/aurenweb-stg.servidortemporal.net\/co\/wp-content\/uploads\/2025\/01\/example-info-2-mask-300x193.webp 300w, https:\/\/aurenweb-stg.servidortemporal.net\/co\/wp-content\/uploads\/2025\/01\/example-info-2-mask-768x494.webp 768w\" sizes=\"auto, (max-width: 640px) 100vw, 640px\" \/>                                            <\/span>\r\n                                                        <\/div>\r\n            <\/div>\r\n        <\/div>\r\n    <\/section>\r\n\r\n<\/section>\r\n\r\n\n\n\r\n<div id=\"CardsCustom-block_368e9fb14373e0c977ae93918fd9183a\" class=\"CardsCustom\">\r\n\r\n    <section class=\"services\">\r\n        <div class=\"container\">\r\n            <div class=\"services_title\">\r\n                <h2 class=''>Servicios profesionales con un enfoque humano.<\/h2>\n            <\/div>\r\n            <div class=\"services_description\">\r\n                <p>Nuestro equipo multidisciplinar de profesionales te ofrece la excelencia en cada proyecto, gracias a su amplia experiencia, enfoque metodol\u00f3gico y gran implicaci\u00f3n. Nuestra presencia internacional, combinada con un profundo conocimiento local, te brinda el apoyo necesario para lograr el \u00e9xito en entornos complejos y cambiantes.<\/p>\n            <\/div>\r\n\r\n            <nav class=\"services_nav\">\r\n                                <a class=\"services_nav_item services_nav_item-0\" href=\"https:\/\/aurenweb-stg.servidortemporal.net\/co\/conoce-auren\/proposito-vision-y-valores\/\">\r\n                    <span class=\"services_nav_item_text\">Prop\u00f3sito, Visi\u00f3n y Valores<\/span>\r\n                    <span class=\"services_nav_item_image\">\r\n                                                    <img loading=\"lazy\" decoding=\"async\" width=\"640\" height=\"475\" src=\"https:\/\/aurenweb-stg.servidortemporal.net\/co\/wp-content\/uploads\/2025\/01\/example-about-service-1-1024x760.webp\" class=\"attachment-large size-large\" alt=\"\" srcset=\"https:\/\/aurenweb-stg.servidortemporal.net\/co\/wp-content\/uploads\/2025\/01\/example-about-service-1-1024x760.webp 1024w, https:\/\/aurenweb-stg.servidortemporal.net\/co\/wp-content\/uploads\/2025\/01\/example-about-service-1-300x223.webp 300w, https:\/\/aurenweb-stg.servidortemporal.net\/co\/wp-content\/uploads\/2025\/01\/example-about-service-1-768x570.webp 768w, https:\/\/aurenweb-stg.servidortemporal.net\/co\/wp-content\/uploads\/2025\/01\/example-about-service-1.webp 1038w\" sizes=\"auto, (max-width: 640px) 100vw, 640px\" \/>                                            <\/span>\r\n                <\/a>\r\n                                <a class=\"services_nav_item services_nav_item-1\" href=\"https:\/\/aurenweb-stg.servidortemporal.net\/co\/conoce-auren\/responsabilidad-corporativa\/\">\r\n                    <span class=\"services_nav_item_text\">Responsabilidad corporativa<\/span>\r\n                    <span class=\"services_nav_item_image\">\r\n                                                    <img loading=\"lazy\" decoding=\"async\" width=\"640\" height=\"475\" src=\"https:\/\/aurenweb-stg.servidortemporal.net\/co\/wp-content\/uploads\/2025\/01\/example-about-service-2-1024x760.webp\" class=\"attachment-large size-large\" alt=\"\" srcset=\"https:\/\/aurenweb-stg.servidortemporal.net\/co\/wp-content\/uploads\/2025\/01\/example-about-service-2-1024x760.webp 1024w, https:\/\/aurenweb-stg.servidortemporal.net\/co\/wp-content\/uploads\/2025\/01\/example-about-service-2-300x223.webp 300w, https:\/\/aurenweb-stg.servidortemporal.net\/co\/wp-content\/uploads\/2025\/01\/example-about-service-2-768x570.webp 768w, https:\/\/aurenweb-stg.servidortemporal.net\/co\/wp-content\/uploads\/2025\/01\/example-about-service-2.webp 1038w\" sizes=\"auto, (max-width: 640px) 100vw, 640px\" \/>                                            <\/span>\r\n                <\/a>\r\n                                <a class=\"services_nav_item services_nav_item-2\" href=\"https:\/\/aurenweb-stg.servidortemporal.net\/co\/conoce-auren\/nuestro-enfoque-global\/\">\r\n                    <span class=\"services_nav_item_text\">Nuestro enfoque global<\/span>\r\n                    <span class=\"services_nav_item_image\">\r\n                                                    <img loading=\"lazy\" decoding=\"async\" width=\"640\" height=\"475\" src=\"https:\/\/aurenweb-stg.servidortemporal.net\/co\/wp-content\/uploads\/2025\/01\/example-about-service-3-1024x760.webp\" class=\"attachment-large size-large\" alt=\"\" srcset=\"https:\/\/aurenweb-stg.servidortemporal.net\/co\/wp-content\/uploads\/2025\/01\/example-about-service-3-1024x760.webp 1024w, https:\/\/aurenweb-stg.servidortemporal.net\/co\/wp-content\/uploads\/2025\/01\/example-about-service-3-300x223.webp 300w, https:\/\/aurenweb-stg.servidortemporal.net\/co\/wp-content\/uploads\/2025\/01\/example-about-service-3-768x570.webp 768w, https:\/\/aurenweb-stg.servidortemporal.net\/co\/wp-content\/uploads\/2025\/01\/example-about-service-3.webp 1038w\" sizes=\"auto, (max-width: 640px) 100vw, 640px\" \/>                                            <\/span>\r\n                <\/a>\r\n                            <\/nav>\r\n        <\/div>\r\n    <\/section>\r\n\r\n<\/div>\r\n\n\n<div id=\"Discover-block_07877f76b8ee42e8351a4c98f5a6c4df\" class=\"Discover\">\r\n\r\n    <section class=\"discover\" id=\"discover\">\r\n        <div class=\"container\">\r\n            <div class=\"discover_wrapper\">\r\n                                <picture>\r\n                    <source srcset=\"https:\/\/aurenweb-stg.servidortemporal.net\/co\/wp-content\/uploads\/2025\/01\/bg-discover-d.webp\" media=\"(min-width: 1200px)\" \/>\r\n                    <img decoding=\"async\" class=\"discover_bg\" src=\"https:\/\/aurenweb-stg.servidortemporal.net\/co\/wp-content\/uploads\/2025\/01\/bg-discover-d.webp\" alt=\"\">\r\n                <\/picture>\r\n                                <div class=\"discover_content\">\r\n                    <div class=\"discover_text\">\r\n                        <div class=\"discover_title\">\r\n                            <h2 class=''>D\u00f3nde estamos<\/h2>\n                        <\/div>\r\n                        <div class=\"discover_description\">\r\n                            <p>Auren es una firma multidisciplinar que ofrece servicios profesionales integrales en auditor\u00eda, asesoramiento legal, consultor\u00eda y corporate.<\/p>\n<p>Con una cultura humanista enfocada en el cuidado de sus equipos y de las personas con las que se relaciona, Auren acompa\u00f1a a sus clientes en todas sus necesidades de negocio en cualquier parte del mundo.<\/p>\n<p>Auren cuenta con m\u00e1s de 2,263 profesionales en 11 pa\u00edses.<\/p>\n<p>Creemos que los servicios profesionales se pueden prestar con conciencia, humanidad e implicaci\u00f3n.<\/p>\n                        <\/div>\r\n                                                <a class=\"button button-contrast-red button-icon\" href=\"https:\/\/aurenweb-stg.servidortemporal.net\/co\/carrera-profesional\/\" target=\"\">Oportunidades profesionales<\/a>\r\n                                            <\/div>\r\n                    <ul class=\"discover_numbers\">\r\n                                                    <li class=\"discover_numbers_item\">\r\n                                <strong><span class=\"js-counterup\" data-end=\"11\" data-speed=\"100\">0<\/span><\/strong>\r\n                                pa\u00edses                            <\/li>\r\n                                                    <li class=\"discover_numbers_item\">\r\n                                M\u00e1s de<strong><span class=\"js-counterup\" data-end=\"2\" data-speed=\"100\">0<\/span>.263<\/strong>\r\n                                profesionales                            <\/li>\r\n                                                    <li class=\"discover_numbers_item\">\r\n                                <strong><span class=\"js-counterup\" data-end=\"62\" data-speed=\"100\">0<\/span><\/strong>\r\n                                oficinas                            <\/li>\r\n                                            <\/ul>\r\n                <\/div>\r\n            <\/div>\r\n        <\/div>\r\n    <\/section>\r\n\r\n<\/div>\r\n\n\n<section id=\"ImageTextV2-block_b0be864ad214588a42dcd5b62891e5ef\" class=\"ImageTextV2\">\r\n\r\n    <div class=\"upcoming v2\">\r\n        <div class=\"container\">\r\n            <div class=\"upcoming_text\">\r\n                <div class=\"upcoming_title\">\r\n                    <h2 class=''>\u00bfPreparado para trabajar con nosotros?<\/h2>\n                <\/div>\r\n                <div class=\"upcoming_kicker\">\r\n                    <p>CONECTEMOS AHORA<\/p>\n                <\/div>\r\n            <\/div>\r\n            <div class=\"upcoming_media\">\r\n                <a class=\"button button-primary button-icon\" href=\"https:\/\/aurenweb-stg.servidortemporal.net\/co\/contacto\/\" target=\"\">Contacto<\/a>\r\n                <span class=\"upcoming_media_bg\"><img loading=\"lazy\" decoding=\"async\" width=\"640\" height=\"419\" src=\"https:\/\/aurenweb-stg.servidortemporal.net\/co\/wp-content\/uploads\/2025\/01\/bg-upcoming-media-v2-1.webp\" class=\"\" alt=\"\" srcset=\"https:\/\/aurenweb-stg.servidortemporal.net\/co\/wp-content\/uploads\/2025\/01\/bg-upcoming-media-v2-1.webp 684w, https:\/\/aurenweb-stg.servidortemporal.net\/co\/wp-content\/uploads\/2025\/01\/bg-upcoming-media-v2-1-300x196.webp 300w\" sizes=\"auto, (max-width: 640px) 100vw, 640px\" \/><\/span>\r\n            <\/div>\r\n        <\/div>\r\n    <\/div>\r\n\r\n<\/section>\r\n","protected":false},"excerpt":{"rendered":"","protected":false},"author":2,"featured_media":0,"parent":0,"menu_order":0,"comment_status":"closed","ping_status":"closed","template":"","meta":{"_acf_changed":false,"footnotes":""},"class_list":["post-8096","page","type-page","status-publish","hentry"],"acf":[],"_links":{"self":[{"href":"https:\/\/aurenweb-stg.servidortemporal.net\/co\/wp-json\/wp\/v2\/pages\/8096","targetHints":{"allow":["GET"]}}],"collection":[{"href":"https:\/\/aurenweb-stg.servidortemporal.net\/co\/wp-json\/wp\/v2\/pages"}],"about":[{"href":"https:\/\/aurenweb-stg.servidortemporal.net\/co\/wp-json\/wp\/v2\/types\/page"}],"author":[{"embeddable":true,"href":"https:\/\/aurenweb-stg.servidortemporal.net\/co\/wp-json\/wp\/v2\/users\/2"}],"replies":[{"embeddable":true,"href":"https:\/\/aurenweb-stg.servidortemporal.net\/co\/wp-json\/wp\/v2\/comments?post=8096"}],"version-history":[{"count":4,"href":"https:\/\/aurenweb-stg.servidortemporal.net\/co\/wp-json\/wp\/v2\/pages\/8096\/revisions"}],"predecessor-version":[{"id":14037,"href":"https:\/\/aurenweb-stg.servidortemporal.net\/co\/wp-json\/wp\/v2\/pages\/8096\/revisions\/14037"}],"wp:attachment":[{"href":"https:\/\/aurenweb-stg.servidortemporal.net\/co\/wp-json\/wp\/v2\/media?parent=8096"}],"curies":[{"name":"wp","href":"https:\/\/api.w.org\/{rel}","templated":true}]}}