{"id":8133,"date":"2025-01-03T13:31:04","date_gmt":"2025-01-03T12:31:04","guid":{"rendered":"https:\/\/aurenweb-stg.servidortemporal.net\/co\/?page_id=8133"},"modified":"2025-01-24T13:20:04","modified_gmt":"2025-01-24T12:20:04","slug":"proposito-vision-y-valores","status":"publish","type":"page","link":"https:\/\/aurenweb-stg.servidortemporal.net\/co\/conoce-auren\/proposito-vision-y-valores\/","title":{"rendered":"Prop\u00f3sito, Visi\u00f3n y Valores"},"content":{"rendered":"<section id=\"Header-block_8247179738b3b12f72bd341219e9d16a\" class=\"Header\">\r\n\r\n    <div class=\"hero\">\r\n                <div class=\"container\">\r\n            <div class=\"hero_header\">\r\n                                \r\n                <div class=\"hero_header_title\">\r\n                    <p class=''>Prop\u00f3sito, Visi\u00f3n<\/p>\n                <\/div>\r\n\r\n                                                \r\n                <div class=\"hero_header_title\">\r\n                    <p class='' style=\"text-align: right;\"><strong>y Valores<\/strong><\/p>\n                <\/div>\r\n\r\n                                                \r\n                <div class=\"hero_header_subtitle\">\r\n                    <p style=\"text-align: right;\">La honestidad, la transparencia y el cuidado de las personas son pilares fundamentales de nuestra cultura de empresa.<\/p>\n                <\/div>\r\n\r\n                                \r\n            <\/div>\r\n        <\/div>\r\n        \r\n                <picture>\r\n            <source srcset=\"https:\/\/aurenweb-stg.servidortemporal.net\/co\/wp-content\/uploads\/2024\/11\/bg-hero-aboutus-values-d.webp\"\r\n                media=\"(min-width: 1200px)\" \/>\r\n            <img loading=\"lazy\" decoding=\"async\" class=\"hero_bg\"\r\n                <img loading=\"lazy\" decoding=\"async\" width=\"640\" height=\"383\" src=\"https:\/\/aurenweb-stg.servidortemporal.net\/co\/wp-content\/uploads\/2024\/11\/bg-hero-aboutus-values-d-1024x612.webp\" class=\"hero_bg\" alt=\"\" srcset=\"https:\/\/aurenweb-stg.servidortemporal.net\/co\/wp-content\/uploads\/2024\/11\/bg-hero-aboutus-values-d-1024x612.webp 1024w, https:\/\/aurenweb-stg.servidortemporal.net\/co\/wp-content\/uploads\/2024\/11\/bg-hero-aboutus-values-d-300x179.webp 300w, https:\/\/aurenweb-stg.servidortemporal.net\/co\/wp-content\/uploads\/2024\/11\/bg-hero-aboutus-values-d-768x459.webp 768w, https:\/\/aurenweb-stg.servidortemporal.net\/co\/wp-content\/uploads\/2024\/11\/bg-hero-aboutus-values-d.webp 1200w\" sizes=\"auto, (max-width: 640px) 100vw, 640px\" \/>>\r\n        <\/picture>\r\n        \r\n                        <p class=\"hero_scroll\"><strong>Explorar m\u00e1s<\/strong> Despl\u00e1cese hacia abajo<\/p>\r\n                    <\/div>\r\n\r\n<\/section>\n\n\r\n<section id=\"Breadcrumbs-block_d9d6d5b9a319ee52cd1214d07404ff11\" class=\"Breadcrumbs\">\r\n    \r\n        <nav class=\"breads\" aria-label=\"Breadcrumb\">\r\n            <ul class=\"container\">\r\n                <li><a href=\"https:\/\/aurenweb-stg.servidortemporal.net\/co\">Home<\/a><\/li>\r\n                <li><span aria-current=\"page\">Prop\u00f3sito, Visi\u00f3n y Valores<\/span><\/li>            <\/ul>\r\n        <\/nav>\r\n\r\n                                                                                     \r\n    \r\n<\/section>\r\n\n\n<div id=\"TitleSubtitleText-block_7eb03774d321bc1f5e4004754b6d643d\" class=\"TitleSubtitleText\">\n\n    <section class=\"headlines v2\">\n        <div class=\"container\">\n                        <div class=\"headlines_title\">\n                <p class=''>Experiencia, Integridad, Sostenibilidad<\/p>\n            <\/div>\n                                    <div class=\"headlines_content\">\n                                <div class=\"headlines_subtitle\">\n                    <p>Nuestros valores<\/p>\n                <\/div>\n                                                <div class=\"headlines_description\">\n                    <p>Defendemos que los servicios profesionales se pueden prestar con conciencia, humanidad e implicaci\u00f3n. Destacamos por nuestra cercan\u00eda, profesionalidad, capacidad de adaptaci\u00f3n y esp\u00edritu emprendedor. Somos empresarios al servicio de empresarios, siempre enfocados en ayudar a nuestros clientes a alcanzar su \u00e9xito.<\/p>\n                <\/div>\n                                            <\/div>\n                    <\/div>\n    <\/section>\n\n<\/div>\n\n\n\r\n<section id=\"Goals-block_7e75c2278ed12f784ba91a147cf38dd6\" class=\"Goals\">\r\n\r\n    \r\n    <section class=\"goals\">\r\n        <div class=\"container\">\r\n            <div class=\"goals_content\">\r\n                <ul class=\"goals_list \">\r\n                    \r\n            <li class=\"goals_list_item\">\r\n                <div class=\"goals_list_item_title\">\r\n                    <h3>Cercan\u00eda<\/h3>\r\n                <\/div>\r\n                <div class=\"goals_list_item_text\">\r\n                    <p>Estamos pr\u00f3ximos a los clientes y somos cercanos. Mantenemos con ellos un compromiso proactivo. Nos caracterizamos por la flexibilidad y disponibilidad permanente.<\/p>\n\r\n                <\/div>\r\n            <\/li>\r\n        \r\n            <li class=\"goals_list_item\">\r\n                <div class=\"goals_list_item_title\">\r\n                    <h3>Calidad<\/h3>\r\n                <\/div>\r\n                <div class=\"goals_list_item_text\">\r\n                    <p>La experiencia y especializaci\u00f3n de nuestros profesionales, as\u00ed como una actitud de escucha activa y una eficaz metodolog\u00eda de trabajo, garantizan nuestra excelencia.<\/p>\n\r\n                <\/div>\r\n            <\/li>\r\n        \r\n            <li class=\"goals_list_item\">\r\n                <div class=\"goals_list_item_title\">\r\n                    <h3>Innovaci\u00f3n<\/h3>\r\n                <\/div>\r\n                <div class=\"goals_list_item_text\">\r\n                    <p>El modelo de negocio de Auren, basado en el crecimiento constante, asegura la innovaci\u00f3n en la prestaci\u00f3n de sus servicios para cubrir todos los proyectos de nuestros clientes. Sabemos que el mundo est\u00e1 en continuo cambio y nos adaptamos a su evoluci\u00f3n.<\/p>\n\r\n                <\/div>\r\n            <\/li>\r\n        \r\n            <li class=\"goals_list_item\">\r\n                <div class=\"goals_list_item_title\">\r\n                    <h3>\u00c9tica profesional<\/h3>\r\n                <\/div>\r\n                <div class=\"goals_list_item_text\">\r\n                    <p>Todas nuestras actuaciones est\u00e1n presididas por la objetividad, la transparencia y la confidencialidad. El c\u00f3digo de conducta representa un compromiso y garant\u00eda de la honestidad de la que parte la cultura de Auren.<\/p>\n\r\n                <\/div>\r\n            <\/li>\r\n        \r\n            <li class=\"goals_list_item\">\r\n                <div class=\"goals_list_item_title\">\r\n                    <h3>Esp\u00edritu emprendedor<\/h3>\r\n                <\/div>\r\n                <div class=\"goals_list_item_text\">\r\n                    <p>Somos empresarios al servicio de empresarios. Ayudamos a todo tipo de clientes. Con equipos especializados en diferentes sectores y tipos de organizaciones, abordamos cada reto desde una perspectiva multidisciplinar.<\/p>\n\r\n                <\/div>\r\n            <\/li>\r\n        \r\n            <li class=\"goals_list_item\">\r\n                <div class=\"goals_list_item_title\">\r\n                    <h3>Soluciones a medida<\/h3>\r\n                <\/div>\r\n                <div class=\"goals_list_item_text\">\r\n                    <p>Aportamos un valor diferencial a nuestros clientes al ofrecer soluciones personalizadas que optimizan sus operaciones y fomentan su crecimiento sostenible.<\/p>\n\r\n                <\/div>\r\n            <\/li>\r\n                        <\/ul>\r\n                <div class=\"goals_media\">\r\n                    <img decoding=\"async\" class=\"goals_media_image\" src=\"https:\/\/aurenweb-stg.servidortemporal.net\/co\/wp-content\/uploads\/2025\/01\/example-goals.webp\" alt=\"\">                <\/div>\r\n            <\/div>\r\n        <\/div>\r\n    <\/section>\r\n\r\n        \r\n<\/section>\r\n\r\n\n\n<div id=\"TitleSubtitleText-block_c85a6da27ba58e11c33a00ddf4190b52\" class=\"TitleSubtitleText\">\n\n    <section class=\"headlines v1\">\n        <div class=\"container\">\n                        <div class=\"headlines_title\">\n                <p class=''>Innovaci\u00f3n, cultura humanista y sostenibilidad.<\/p>\n            <\/div>\n                                    <div class=\"headlines_content\">\n                                                <div class=\"headlines_description\">\n                    <p>Our vision is to be a global leader in professional services, driving business success while fostering sustainable development. We strive to be a trusted partner for organizations seeking innovative solutions in a rapidly changing world. Through our commitment to ethics and social responsibility, we aim to create lasting positive impact.<\/p>\n                <\/div>\n                                            <\/div>\n                    <\/div>\n    <\/section>\n\n<\/div>\n\n\n\r\n<section id=\"AccordionCards-block_21137ae3a247a1baf75fbb7ceb261634\" class=\"AccordionCards\">\r\n\r\n    \r\n    <section class=\"vision\">\r\n        <div class=\"container\"><ul class=\"vision_accordion\">\r\n            <li class=\"vision_accordion_item active\">\r\n                <div class=\"vision_accordion_item_title\">\r\n                    <p>Prop\u00f3sito<\/p>\r\n                <\/div>\r\n                <div class=\"vision_accordion_item_text\">\r\n                    <p><p>A trav\u00e9s de nuestro conocimiento, pasi\u00f3n y valores, contribuimos al desarrollo sostenible de las personas, las organizaciones y la sociedad.<\/p>\n<\/p>\r\n                <\/div>\r\n                <div class=\"vision_accordion_item_image\">\r\n                    <picture>\r\n                        <source srcset=\"https:\/\/aurenweb-stg.servidortemporal.net\/co\/wp-content\/uploads\/2025\/01\/bg-vision-1.webp\" media=\"(min-width: 1200px)\" \/>\r\n                        <img loading=\"lazy\" decoding=\"async\" width=\"692\" height=\"506\" src=\"https:\/\/aurenweb-stg.servidortemporal.net\/co\/wp-content\/uploads\/2025\/01\/bg-vision-1.webp\" class=\"attachment-full size-full\" alt=\"\" srcset=\"https:\/\/aurenweb-stg.servidortemporal.net\/co\/wp-content\/uploads\/2025\/01\/bg-vision-1.webp 692w, https:\/\/aurenweb-stg.servidortemporal.net\/co\/wp-content\/uploads\/2025\/01\/bg-vision-1-300x219.webp 300w\" sizes=\"auto, (max-width: 692px) 100vw, 692px\" \/>\r\n                    <\/picture>\r\n                <\/div>\r\n            <\/li>\r\n        \r\n            <li class=\"vision_accordion_item \">\r\n                <div class=\"vision_accordion_item_title\">\r\n                    <p>Visi\u00f3n<\/p>\r\n                <\/div>\r\n                <div class=\"vision_accordion_item_text\">\r\n                    <p><div>\n<div>Ser una firma de servicios profesionales internacional con una cultura humanista, reconocida como el mejor socio para todo tipo de empresas y personas.<\/div>\n<\/div>\n<\/p>\r\n                <\/div>\r\n                <div class=\"vision_accordion_item_image\">\r\n                    <picture>\r\n                        <source srcset=\"https:\/\/aurenweb-stg.servidortemporal.net\/co\/wp-content\/uploads\/2025\/01\/bg-vision-2.webp\" media=\"(min-width: 1200px)\" \/>\r\n                        <img loading=\"lazy\" decoding=\"async\" width=\"692\" height=\"506\" src=\"https:\/\/aurenweb-stg.servidortemporal.net\/co\/wp-content\/uploads\/2025\/01\/bg-vision-2.webp\" class=\"attachment-full size-full\" alt=\"\" srcset=\"https:\/\/aurenweb-stg.servidortemporal.net\/co\/wp-content\/uploads\/2025\/01\/bg-vision-2.webp 692w, https:\/\/aurenweb-stg.servidortemporal.net\/co\/wp-content\/uploads\/2025\/01\/bg-vision-2-300x219.webp 300w\" sizes=\"auto, (max-width: 692px) 100vw, 692px\" \/>\r\n                    <\/picture>\r\n                <\/div>\r\n            <\/li>\r\n        \r\n            <li class=\"vision_accordion_item \">\r\n                <div class=\"vision_accordion_item_title\">\r\n                    <p>Misi\u00f3n<\/p>\r\n                <\/div>\r\n                <div class=\"vision_accordion_item_text\">\r\n                    <p><div>\n<div>Proporcionar, desde nuestra experiencia, soluciones de negocio innovadoras y 360\u00ba que generen valor para nuestros clientes a nivel global. Estamos comprometidos con la sociedad, y tambi\u00e9n con nuestro propio equipo, para que logre sus objetivos personales y encuentre su bienestar.<\/div>\n<\/div>\n<\/p>\r\n                <\/div>\r\n                <div class=\"vision_accordion_item_image\">\r\n                    <picture>\r\n                        <source srcset=\"https:\/\/aurenweb-stg.servidortemporal.net\/co\/wp-content\/uploads\/2025\/01\/bg-vision-3.webp\" media=\"(min-width: 1200px)\" \/>\r\n                        <img loading=\"lazy\" decoding=\"async\" width=\"692\" height=\"506\" src=\"https:\/\/aurenweb-stg.servidortemporal.net\/co\/wp-content\/uploads\/2025\/01\/bg-vision-3.webp\" class=\"attachment-full size-full\" alt=\"\" srcset=\"https:\/\/aurenweb-stg.servidortemporal.net\/co\/wp-content\/uploads\/2025\/01\/bg-vision-3.webp 692w, https:\/\/aurenweb-stg.servidortemporal.net\/co\/wp-content\/uploads\/2025\/01\/bg-vision-3-300x219.webp 300w\" sizes=\"auto, (max-width: 692px) 100vw, 692px\" \/>\r\n                    <\/picture>\r\n                <\/div>\r\n            <\/li>\r\n        <\/ul><\/div>\r\n    <\/section>\r\n\r\n        \r\n<\/section>\r\n\r\n\n\n\r\n<section id=\"Collaborators-block_84cc967bea009f9eb7cd97d49486f48b\" class=\"Collaborators\">\r\n\r\n    \r\n    <section class=\"collaborators\">\r\n        <div class=\"container\">\r\n            <div class=\"collaborators_content\">\r\n                                <div class=\"collaborators_title\">\r\n                    <h4 class=''>Recomendado con orgullo<\/h4>\n                <\/div>\r\n                \r\n                                <div class=\"collaborators_description\">\r\n                    <p>Somos la piedra angular del trabajo que realizamos. A trav\u00e9s de la colaboraci\u00f3n permanente, creamos relaciones eficientes y beneficiosas. Todos los clientes con los que trabajamos, independientemente de su tama\u00f1o, sector o actividad, son \u00fanicos e igualmente importantes.<\/p>\n<p>Trabajamos para entender sus necesidades, generar confianza, aportar soluciones y ayudarles a crear el valor que necesitan para triunfar.<\/p>\n<p>Que un cliente nos recomiende es nuestro mayor logro. Por eso, cada d\u00eda intentamos satisfacer y cumplir el objetivo de los m\u00e1s de 20.000 clientes que tenemos en todo el mundo.<\/p>\n                <\/div>\r\n                            <\/div>\r\n            <div class=\"collaborators_media\">\r\n                <span class=\"collaborators_media_item\"><img decoding=\"async\" src=\"https:\/\/aurenweb-stg.servidortemporal.net\/co\/wp-content\/uploads\/2025\/01\/example-logo-forum.svg\" class=\"attachment-full size-full\" alt=\"\" \/><\/span><span class=\"collaborators_media_item\"><img decoding=\"async\" src=\"https:\/\/aurenweb-stg.servidortemporal.net\/co\/wp-content\/uploads\/2025\/01\/example-logo-goals.svg\" class=\"attachment-full size-full\" alt=\"\" \/><\/span><span class=\"collaborators_media_item\"><img decoding=\"async\" src=\"https:\/\/aurenweb-stg.servidortemporal.net\/co\/wp-content\/uploads\/2025\/01\/example-logo-antea.svg\" class=\"attachment-full size-full\" alt=\"\" \/><\/span><span class=\"collaborators_media_item\"><img decoding=\"async\" src=\"https:\/\/aurenweb-stg.servidortemporal.net\/co\/wp-content\/uploads\/2025\/01\/example-logo-legal.svg\" class=\"attachment-full size-full\" alt=\"\" \/><\/span>            <\/div>\r\n        <\/div>\r\n    <\/section>\r\n\r\n        \r\n<\/section>\r\n\r\n","protected":false},"excerpt":{"rendered":"","protected":false},"author":2,"featured_media":0,"parent":8096,"menu_order":0,"comment_status":"closed","ping_status":"closed","template":"","meta":{"_acf_changed":false,"footnotes":""},"class_list":["post-8133","page","type-page","status-publish","hentry"],"acf":[],"_links":{"self":[{"href":"https:\/\/aurenweb-stg.servidortemporal.net\/co\/wp-json\/wp\/v2\/pages\/8133","targetHints":{"allow":["GET"]}}],"collection":[{"href":"https:\/\/aurenweb-stg.servidortemporal.net\/co\/wp-json\/wp\/v2\/pages"}],"about":[{"href":"https:\/\/aurenweb-stg.servidortemporal.net\/co\/wp-json\/wp\/v2\/types\/page"}],"author":[{"embeddable":true,"href":"https:\/\/aurenweb-stg.servidortemporal.net\/co\/wp-json\/wp\/v2\/users\/2"}],"replies":[{"embeddable":true,"href":"https:\/\/aurenweb-stg.servidortemporal.net\/co\/wp-json\/wp\/v2\/comments?post=8133"}],"version-history":[{"count":2,"href":"https:\/\/aurenweb-stg.servidortemporal.net\/co\/wp-json\/wp\/v2\/pages\/8133\/revisions"}],"predecessor-version":[{"id":14039,"href":"https:\/\/aurenweb-stg.servidortemporal.net\/co\/wp-json\/wp\/v2\/pages\/8133\/revisions\/14039"}],"up":[{"embeddable":true,"href":"https:\/\/aurenweb-stg.servidortemporal.net\/co\/wp-json\/wp\/v2\/pages\/8096"}],"wp:attachment":[{"href":"https:\/\/aurenweb-stg.servidortemporal.net\/co\/wp-json\/wp\/v2\/media?parent=8133"}],"curies":[{"name":"wp","href":"https:\/\/api.w.org\/{rel}","templated":true}]}}