{"id":8159,"date":"2025-01-03T13:45:52","date_gmt":"2025-01-03T12:45:52","guid":{"rendered":"https:\/\/aurenweb-stg.servidortemporal.net\/co\/?page_id=8159"},"modified":"2025-01-03T13:45:54","modified_gmt":"2025-01-03T12:45:54","slug":"nuestros-expertos","status":"publish","type":"page","link":"https:\/\/aurenweb-stg.servidortemporal.net\/co\/conoce-auren\/nuestros-expertos\/","title":{"rendered":"Nuestros expertos"},"content":{"rendered":"<section id=\"Header-block_f1ef2438535afcf5a4020da8cf5d734d\" class=\"Header\">\r\n\r\n    <div class=\"hero\">\r\n                <div class=\"container\">\r\n            <div class=\"hero_header\">\r\n                                \r\n                <div class=\"hero_header_title\">\r\n                    <p class='' style=\"text-align: right;\">NUESTROS <strong>EXPERTOS<\/strong><\/p>\n                <\/div>\r\n\r\n                                                \r\n                <div class=\"hero_header_subtitle\">\r\n                    <p style=\"text-align: right;\">GENERAR CONFIANZA<\/p>\n                <\/div>\r\n\r\n                                \r\n            <\/div>\r\n        <\/div>\r\n        \r\n                <picture>\r\n            <source srcset=\"https:\/\/aurenweb-stg.servidortemporal.net\/co\/wp-content\/uploads\/2025\/01\/bg-hero-aboutus-experts-d.webp\"\r\n                media=\"(min-width: 1200px)\" \/>\r\n            <img loading=\"lazy\" decoding=\"async\" class=\"hero_bg\"\r\n                <img loading=\"lazy\" decoding=\"async\" width=\"640\" height=\"383\" src=\"https:\/\/aurenweb-stg.servidortemporal.net\/co\/wp-content\/uploads\/2025\/01\/bg-hero-aboutus-experts-d-1024x612.webp\" class=\"hero_bg\" alt=\"\" srcset=\"https:\/\/aurenweb-stg.servidortemporal.net\/co\/wp-content\/uploads\/2025\/01\/bg-hero-aboutus-experts-d-1024x612.webp 1024w, https:\/\/aurenweb-stg.servidortemporal.net\/co\/wp-content\/uploads\/2025\/01\/bg-hero-aboutus-experts-d-300x179.webp 300w, https:\/\/aurenweb-stg.servidortemporal.net\/co\/wp-content\/uploads\/2025\/01\/bg-hero-aboutus-experts-d-768x459.webp 768w, https:\/\/aurenweb-stg.servidortemporal.net\/co\/wp-content\/uploads\/2025\/01\/bg-hero-aboutus-experts-d.webp 1200w\" sizes=\"auto, (max-width: 640px) 100vw, 640px\" \/>>\r\n        <\/picture>\r\n        \r\n                        <p class=\"hero_scroll\"><strong>Explorar m\u00e1s<\/strong> Despl\u00e1cese hacia abajo<\/p>\r\n                    <\/div>\r\n\r\n<\/section>\n\n\r\n<section id=\"Breadcrumbs-block_72d312d59b4a89c446977f625fe6f210\" class=\"Breadcrumbs\">\r\n    \r\n        <nav class=\"breads\" aria-label=\"Breadcrumb\">\r\n            <ul class=\"container\">\r\n                <li><a href=\"https:\/\/aurenweb-stg.servidortemporal.net\/co\">Home<\/a><\/li>\r\n                <li><span aria-current=\"page\">Nuestros expertos<\/span><\/li>            <\/ul>\r\n        <\/nav>\r\n\r\n                                                                                     \r\n    \r\n<\/section>\r\n\n\n\r\n<section id=\"ImageText-block_ba83d9edc2a84858a40d082044d0e6c7\" class=\"ImageText\">\r\n\r\n    <section class=\"info \">\r\n        <div class=\"container\">\r\n            <div class=\"info_text\">\r\n                <div class=\"info_title\">\r\n                    <p class=''>NUESTRO EQUIPO<\/p>\n                <\/div>\r\n                <div class=\"info_description\">\r\n                    <p>Los profesionales de Auren son la piedra angular del \u00e9xito de la empresa. Su experiencia, dedicaci\u00f3n y pasi\u00f3n impulsan la misi\u00f3n de la empresa de ofrecer servicios de primer nivel en m\u00faltiples disciplinas. El equipo de Auren no s\u00f3lo est\u00e1 dotado de profundos conocimientos t\u00e9cnicos, sino que tambi\u00e9n encarna un firme compromiso para ofrecer soluciones personalizadas e innovadoras a cada cliente. Esta combinaci\u00f3n de talento humano y conocimientos t\u00e9cnicos es lo que diferencia a Auren en el competitivo mundo de la consultor\u00eda.<\/p>\n                <\/div>\r\n            <\/div>\r\n            <div class=\"info_media\">\r\n                <div class=\"info_media_item info_media_item-1\">\r\n                    <div class=\"info_media_item_text\"><span class=\"title\"><\/span><\/div>\r\n                    <div class=\"info_media_item_text_claim\"><\/div>\r\n                    <span class=\"info_media_item_bg\">\r\n                                                    <img loading=\"lazy\" decoding=\"async\" width=\"640\" height=\"366\" src=\"https:\/\/aurenweb-stg.servidortemporal.net\/co\/wp-content\/uploads\/2025\/01\/international-auren-media-banner-3-1-1024x585.webp\" class=\"attachment-large size-large\" alt=\"\" srcset=\"https:\/\/aurenweb-stg.servidortemporal.net\/co\/wp-content\/uploads\/2025\/01\/international-auren-media-banner-3-1-1024x585.webp 1024w, https:\/\/aurenweb-stg.servidortemporal.net\/co\/wp-content\/uploads\/2025\/01\/international-auren-media-banner-3-1-300x171.webp 300w, https:\/\/aurenweb-stg.servidortemporal.net\/co\/wp-content\/uploads\/2025\/01\/international-auren-media-banner-3-1-768x439.webp 768w, https:\/\/aurenweb-stg.servidortemporal.net\/co\/wp-content\/uploads\/2025\/01\/international-auren-media-banner-3-1-1536x878.webp 1536w, https:\/\/aurenweb-stg.servidortemporal.net\/co\/wp-content\/uploads\/2025\/01\/international-auren-media-banner-3-1-2048x1171.webp 2048w\" sizes=\"auto, (max-width: 640px) 100vw, 640px\" \/>                                            <\/span>\r\n                                                        <\/div>\r\n                <div class=\"info_media_claim\">\r\n                    <p>Los profesionales de Auren<\/p>\n                <\/div>\r\n                <div class=\"info_media_item info_media_item-2\">\r\n                    <div class=\"info_media_item_text\"><span class=\"title\"><\/span><\/div>\r\n                    <div class=\"info_media_item_text_claim\"><\/div>\r\n                    <span class=\"info_media_item_bg\">\r\n                                                    <img loading=\"lazy\" decoding=\"async\" width=\"640\" height=\"354\" src=\"https:\/\/aurenweb-stg.servidortemporal.net\/co\/wp-content\/uploads\/2025\/01\/image-text-6-1-1024x567.webp\" class=\"attachment-large size-large\" alt=\"\" srcset=\"https:\/\/aurenweb-stg.servidortemporal.net\/co\/wp-content\/uploads\/2025\/01\/image-text-6-1-1024x567.webp 1024w, https:\/\/aurenweb-stg.servidortemporal.net\/co\/wp-content\/uploads\/2025\/01\/image-text-6-1-300x166.webp 300w, https:\/\/aurenweb-stg.servidortemporal.net\/co\/wp-content\/uploads\/2025\/01\/image-text-6-1-768x425.webp 768w, https:\/\/aurenweb-stg.servidortemporal.net\/co\/wp-content\/uploads\/2025\/01\/image-text-6-1-1536x851.webp 1536w, https:\/\/aurenweb-stg.servidortemporal.net\/co\/wp-content\/uploads\/2025\/01\/image-text-6-1-2048x1134.webp 2048w\" sizes=\"auto, (max-width: 640px) 100vw, 640px\" \/>                                            <\/span>\r\n                                                        <\/div>\r\n            <\/div>\r\n        <\/div>\r\n    <\/section>\r\n\r\n<\/section>\r\n\r\n\n\n<div id=\"TitleSubtitleText-block_246542b5d8f84e6ae23ab361535d35e3\" class=\"TitleSubtitleText\">\n\n    <section class=\"headlines v1\">\n        <div class=\"container\">\n                        <div class=\"headlines_title\">\n                <h3 class=''>PROFESIONALES<\/h3>\n            <\/div>\n                                    <div class=\"headlines_content\">\n                                                <div class=\"headlines_description\">\n                    <p>Nuestros profesionales son el mayor activo de la empresa, y su experiencia humana y t\u00e9cnica impulsa el \u00e9xito de Auren. Su dedicaci\u00f3n e innovaci\u00f3n nos permiten ofrecer constantemente resultados excepcionales. Este compromiso es lo que impulsa nuestro crecimiento y garantiza que cumplamos las normas m\u00e1s estrictas para nuestros clientes.<\/p>\n                <\/div>\n                                            <\/div>\n                    <\/div>\n    <\/section>\n\n<\/div>\n\n\n\n\n\r\n<section id=\"ParentPostsListDisplay-block_4f012d0dda684873deef80df86b13f97\" class=\"ParentPostsListDisplay\">\r\n    \r\n        <section class=\"transformation\" id=\"transformation\">\r\n            <div class=\"container\">\r\n                                <div class=\"transformation_title\">\r\n                    <p>NUESTROS SERVICIOS<\/p>\n                <\/div>\r\n                \r\n                                <div class=\"transformation_description\">\r\n                    <p>La multidisciplinariedad y la experiencia en compartir proyectos entre diferentes especialistas confieren a nuestras actuaciones un valor altamente operativo, ofreciendo servicios desde una perspectiva global y orientada a la calidad. A continuaci\u00f3n, presentamos un resumen de nuestros servicios profesionales.<\/p>\n                <\/div>\r\n                \r\n                <div class=\"transformation_content\">\r\n                    <ul class='transformation_list'><li class=\"transformation_list_item transformation_list_item-1\" data-position=\"1\">\r\n                <a class=\"transformation_list_item_link\" href=\"#\">Medio ambiente, cambio clim\u00e1tico, ESG<\/a>\r\n                <div class=\"transformation_list_item_text\">\r\n                    <p>Somos una firma pionera en ofrecer soluciones legales integrales con enfoque global que promuevan el desarrollo sostenible. <\/p>\r\n                    <a class='button button-primary' href='https:\/\/aurenweb-stg.servidortemporal.net\/co\/servicios\/medio-ambiente-cambio-climatico-esg\/'>M\u00e1s informaci\u00f3n<\/a>\r\n                <\/div>\r\n            <\/li><li class=\"transformation_list_item transformation_list_item-2\" data-position=\"2\">\r\n                <a class=\"transformation_list_item_link\" href=\"#\">Auditor\u00eda y Assurance<\/a>\r\n                <div class=\"transformation_list_item_text\">\r\n                    <p>El mundo de la auditor\u00eda est\u00e1 cambiando r\u00e1pidamente. Las tendencias del mercado nos obligan a mantenernos en un proceso constante de innovaci\u00f3n.<\/p>\r\n                    <a class='button button-primary' href='https:\/\/aurenweb-stg.servidortemporal.net\/co\/servicios\/auditoria-y-assurance\/'>M\u00e1s informaci\u00f3n<\/a>\r\n                <\/div>\r\n            <\/li><li class=\"transformation_list_item transformation_list_item-3\" data-position=\"3\">\r\n                <a class=\"transformation_list_item_link\" href=\"#\">Consultor\u00eda<\/a>\r\n                <div class=\"transformation_list_item_text\">\r\n                    <p>Estamos preparados para satisfacer necesidades de mejora de procesos, gesti\u00f3n de personas, tecnolog\u00eda de la informaci\u00f3n, digitalizaci\u00f3n, estrategia y mucho m\u00e1s.<\/p>\r\n                    <a class='button button-primary' href='https:\/\/aurenweb-stg.servidortemporal.net\/co\/servicios\/consultoria\/'>M\u00e1s informaci\u00f3n<\/a>\r\n                <\/div>\r\n            <\/li><li class=\"transformation_list_item transformation_list_item-4\" data-position=\"4\">\r\n                <a class=\"transformation_list_item_link\" href=\"#\">Finanzas Corporativas<\/a>\r\n                <div class=\"transformation_list_item_text\">\r\n                    <p>Asistimos a las empresas en temas de asesoramiento financiero y operaciones corporativas.<\/p>\r\n                    <a class='button button-primary' href='https:\/\/aurenweb-stg.servidortemporal.net\/co\/servicios\/finanzas-corporativas\/'>M\u00e1s informaci\u00f3n<\/a>\r\n                <\/div>\r\n            <\/li><li class=\"transformation_list_item transformation_list_item-5\" data-position=\"5\">\r\n                <a class=\"transformation_list_item_link\" href=\"#\">Outsourcing<\/a>\r\n                <div class=\"transformation_list_item_text\">\r\n                    <p>Auren aporta soluciones y disminuye contingencias para que pueda desarrollar todo su potencial.<\/p>\r\n                    <a class='button button-primary' href='https:\/\/aurenweb-stg.servidortemporal.net\/co\/servicios\/outsourcing\/'>M\u00e1s informaci\u00f3n<\/a>\r\n                <\/div>\r\n            <\/li><li class=\"transformation_list_item transformation_list_item-6\" data-position=\"6\">\r\n                <a class=\"transformation_list_item_link\" href=\"#\">Tax &amp; Legal<\/a>\r\n                <div class=\"transformation_list_item_text\">\r\n                    <p>Nuestros servicios proporcionan al cliente la seguridad necesaria en un entorno de legislaci\u00f3n compleja y cambiante.<\/p>\r\n                    <a class='button button-primary' href='https:\/\/aurenweb-stg.servidortemporal.net\/co\/servicios\/tax-legal\/'>M\u00e1s informaci\u00f3n<\/a>\r\n                <\/div>\r\n            <\/li><\/ul>                    <div class=\"transformation_media\">\r\n                        <div class=\"transformation_media_main\">\r\n                            <img loading=\"lazy\" decoding=\"async\" width=\"640\" height=\"644\" src=\"https:\/\/aurenweb-stg.servidortemporal.net\/co\/wp-content\/uploads\/2024\/11\/example-transformation-media.webp\" class=\"transformation_media_main_bg\" alt=\"\" srcset=\"https:\/\/aurenweb-stg.servidortemporal.net\/co\/wp-content\/uploads\/2024\/11\/example-transformation-media.webp 1000w, https:\/\/aurenweb-stg.servidortemporal.net\/co\/wp-content\/uploads\/2024\/11\/example-transformation-media-298x300.webp 298w, https:\/\/aurenweb-stg.servidortemporal.net\/co\/wp-content\/uploads\/2024\/11\/example-transformation-media-150x150.webp 150w, https:\/\/aurenweb-stg.servidortemporal.net\/co\/wp-content\/uploads\/2024\/11\/example-transformation-media-768x773.webp 768w\" sizes=\"auto, (max-width: 640px) 100vw, 640px\" \/>                            <a class=\"transformation_media_main_link transformation_media_main_link-1\" href=\"https:\/\/aurenweb-stg.servidortemporal.net\/co\/servicios\/medio-ambiente-cambio-climatico-esg\/\">\r\n                <span><\/span> \r\n                <strong>Medio ambiente, cambio clim\u00e1tico, ESG<\/strong>\r\n            <\/a><a class=\"transformation_media_main_link transformation_media_main_link-2\" href=\"https:\/\/aurenweb-stg.servidortemporal.net\/co\/servicios\/auditoria-y-assurance\/\">\r\n                <span><\/span> \r\n                <strong>Auditor\u00eda y Assurance<\/strong>\r\n            <\/a><a class=\"transformation_media_main_link transformation_media_main_link-3\" href=\"https:\/\/aurenweb-stg.servidortemporal.net\/co\/servicios\/consultoria\/\">\r\n                <span><\/span> \r\n                <strong>Consultor\u00eda<\/strong>\r\n            <\/a><a class=\"transformation_media_main_link transformation_media_main_link-4\" href=\"https:\/\/aurenweb-stg.servidortemporal.net\/co\/servicios\/finanzas-corporativas\/\">\r\n                <span><\/span> \r\n                <strong>Finanzas Corporativas<\/strong>\r\n            <\/a><a class=\"transformation_media_main_link transformation_media_main_link-5\" href=\"https:\/\/aurenweb-stg.servidortemporal.net\/co\/servicios\/outsourcing\/\">\r\n                <span><\/span> \r\n                <strong>Outsourcing<\/strong>\r\n            <\/a><a class=\"transformation_media_main_link transformation_media_main_link-6\" href=\"https:\/\/aurenweb-stg.servidortemporal.net\/co\/servicios\/tax-legal\/\">\r\n                <span><\/span> \r\n                <strong>Tax &amp; Legal<\/strong>\r\n            <\/a>                        <\/div>\r\n                        <div class=\"transformation_media_secondary\">\r\n                            <img loading=\"lazy\" decoding=\"async\" width=\"640\" height=\"427\" src=\"https:\/\/aurenweb-stg.servidortemporal.net\/co\/wp-content\/uploads\/2025\/02\/view-realistic-hand-touching-clear-flowing-water-2-1024x683.jpg\" class=\"transformation_media_secondary_bg transformation_media_secondary_bg-1\" alt=\"Somos una firma pionera en ofrecer soluciones legales integrales con enfoque global que promuevan el desarrollo sostenible.\" srcset=\"https:\/\/aurenweb-stg.servidortemporal.net\/co\/wp-content\/uploads\/2025\/02\/view-realistic-hand-touching-clear-flowing-water-2-1024x683.jpg 1024w, https:\/\/aurenweb-stg.servidortemporal.net\/co\/wp-content\/uploads\/2025\/02\/view-realistic-hand-touching-clear-flowing-water-2-300x200.jpg 300w, https:\/\/aurenweb-stg.servidortemporal.net\/co\/wp-content\/uploads\/2025\/02\/view-realistic-hand-touching-clear-flowing-water-2-768x512.jpg 768w, https:\/\/aurenweb-stg.servidortemporal.net\/co\/wp-content\/uploads\/2025\/02\/view-realistic-hand-touching-clear-flowing-water-2-1536x1024.jpg 1536w, https:\/\/aurenweb-stg.servidortemporal.net\/co\/wp-content\/uploads\/2025\/02\/view-realistic-hand-touching-clear-flowing-water-2-2048x1365.jpg 2048w\" sizes=\"auto, (max-width: 640px) 100vw, 640px\" \/><img loading=\"lazy\" decoding=\"async\" width=\"577\" height=\"385\" src=\"https:\/\/aurenweb-stg.servidortemporal.net\/co\/wp-content\/uploads\/2024\/12\/example-mosaic-1.webp\" class=\"transformation_media_secondary_bg transformation_media_secondary_bg-2\" alt=\"\" srcset=\"https:\/\/aurenweb-stg.servidortemporal.net\/co\/wp-content\/uploads\/2024\/12\/example-mosaic-1.webp 577w, https:\/\/aurenweb-stg.servidortemporal.net\/co\/wp-content\/uploads\/2024\/12\/example-mosaic-1-300x200.webp 300w\" sizes=\"auto, (max-width: 577px) 100vw, 577px\" \/><img loading=\"lazy\" decoding=\"async\" width=\"577\" height=\"385\" src=\"https:\/\/aurenweb-stg.servidortemporal.net\/co\/wp-content\/uploads\/2024\/12\/example-mosaic-2.webp\" class=\"transformation_media_secondary_bg transformation_media_secondary_bg-3\" alt=\"\" srcset=\"https:\/\/aurenweb-stg.servidortemporal.net\/co\/wp-content\/uploads\/2024\/12\/example-mosaic-2.webp 577w, https:\/\/aurenweb-stg.servidortemporal.net\/co\/wp-content\/uploads\/2024\/12\/example-mosaic-2-300x200.webp 300w\" sizes=\"auto, (max-width: 577px) 100vw, 577px\" \/><img loading=\"lazy\" decoding=\"async\" width=\"577\" height=\"385\" src=\"https:\/\/aurenweb-stg.servidortemporal.net\/co\/wp-content\/uploads\/2024\/12\/example-mosaic-3.webp\" class=\"transformation_media_secondary_bg transformation_media_secondary_bg-4\" alt=\"\" srcset=\"https:\/\/aurenweb-stg.servidortemporal.net\/co\/wp-content\/uploads\/2024\/12\/example-mosaic-3.webp 577w, https:\/\/aurenweb-stg.servidortemporal.net\/co\/wp-content\/uploads\/2024\/12\/example-mosaic-3-300x200.webp 300w\" sizes=\"auto, (max-width: 577px) 100vw, 577px\" \/><img loading=\"lazy\" decoding=\"async\" width=\"577\" height=\"385\" src=\"https:\/\/aurenweb-stg.servidortemporal.net\/co\/wp-content\/uploads\/2024\/12\/example-mosaic-4.webp\" class=\"transformation_media_secondary_bg transformation_media_secondary_bg-5\" alt=\"\" srcset=\"https:\/\/aurenweb-stg.servidortemporal.net\/co\/wp-content\/uploads\/2024\/12\/example-mosaic-4.webp 577w, https:\/\/aurenweb-stg.servidortemporal.net\/co\/wp-content\/uploads\/2024\/12\/example-mosaic-4-300x200.webp 300w\" sizes=\"auto, (max-width: 577px) 100vw, 577px\" \/><img loading=\"lazy\" decoding=\"async\" width=\"533\" height=\"401\" src=\"https:\/\/aurenweb-stg.servidortemporal.net\/co\/wp-content\/uploads\/2024\/12\/Rectangle-9.webp\" class=\"transformation_media_secondary_bg transformation_media_secondary_bg-6\" alt=\"\" srcset=\"https:\/\/aurenweb-stg.servidortemporal.net\/co\/wp-content\/uploads\/2024\/12\/Rectangle-9.webp 533w, https:\/\/aurenweb-stg.servidortemporal.net\/co\/wp-content\/uploads\/2024\/12\/Rectangle-9-300x226.webp 300w\" sizes=\"auto, (max-width: 533px) 100vw, 533px\" \/>                        <\/div>\r\n                    <\/div>\r\n                <\/div>\r\n            <\/div>\r\n        <\/section>\r\n\r\n    <\/section>\r\n\r\n","protected":false},"excerpt":{"rendered":"","protected":false},"author":2,"featured_media":0,"parent":8096,"menu_order":0,"comment_status":"closed","ping_status":"closed","template":"","meta":{"_acf_changed":false,"footnotes":""},"class_list":["post-8159","page","type-page","status-publish","hentry"],"acf":[],"_links":{"self":[{"href":"https:\/\/aurenweb-stg.servidortemporal.net\/co\/wp-json\/wp\/v2\/pages\/8159","targetHints":{"allow":["GET"]}}],"collection":[{"href":"https:\/\/aurenweb-stg.servidortemporal.net\/co\/wp-json\/wp\/v2\/pages"}],"about":[{"href":"https:\/\/aurenweb-stg.servidortemporal.net\/co\/wp-json\/wp\/v2\/types\/page"}],"author":[{"embeddable":true,"href":"https:\/\/aurenweb-stg.servidortemporal.net\/co\/wp-json\/wp\/v2\/users\/2"}],"replies":[{"embeddable":true,"href":"https:\/\/aurenweb-stg.servidortemporal.net\/co\/wp-json\/wp\/v2\/comments?post=8159"}],"version-history":[{"count":1,"href":"https:\/\/aurenweb-stg.servidortemporal.net\/co\/wp-json\/wp\/v2\/pages\/8159\/revisions"}],"predecessor-version":[{"id":8164,"href":"https:\/\/aurenweb-stg.servidortemporal.net\/co\/wp-json\/wp\/v2\/pages\/8159\/revisions\/8164"}],"up":[{"embeddable":true,"href":"https:\/\/aurenweb-stg.servidortemporal.net\/co\/wp-json\/wp\/v2\/pages\/8096"}],"wp:attachment":[{"href":"https:\/\/aurenweb-stg.servidortemporal.net\/co\/wp-json\/wp\/v2\/media?parent=8159"}],"curies":[{"name":"wp","href":"https:\/\/api.w.org\/{rel}","templated":true}]}}