{"id":8167,"date":"2025-01-03T13:49:51","date_gmt":"2025-01-03T12:49:51","guid":{"rendered":"https:\/\/aurenweb-stg.servidortemporal.net\/co\/?page_id=8167"},"modified":"2025-01-24T13:13:31","modified_gmt":"2025-01-24T12:13:31","slug":"servicios","status":"publish","type":"page","link":"https:\/\/aurenweb-stg.servidortemporal.net\/co\/servicios\/","title":{"rendered":"Servicios"},"content":{"rendered":"<section id=\"Header-block_b318591422edbf5de23730221faa1791\" class=\"Header\">\r\n\r\n    <div class=\"hero\">\r\n                <div class=\"container\">\r\n            <div class=\"hero_header\">\r\n                                \r\n                <div class=\"hero_header_title\">\r\n                    <h2 class=''>Nuestro talento<\/h2>\n                <\/div>\r\n\r\n                                                \r\n                <div class=\"hero_header_title\">\r\n                    <h2 class='' style=\"text-align: right;\"><strong>a tu disposici\u00f3n<\/strong><\/h2>\n                <\/div>\r\n\r\n                                                \r\n                <div class=\"hero_header_subtitle\">\r\n                    <p>\u00bfPor qu\u00e9 elegir nuestros servicios?<\/p>\n                <\/div>\r\n\r\n                                \r\n            <\/div>\r\n        <\/div>\r\n        \r\n                <picture>\r\n            <source srcset=\"https:\/\/aurenweb-stg.servidortemporal.net\/co\/wp-content\/uploads\/2024\/11\/bg-hero-services-d.webp\"\r\n                media=\"(min-width: 1200px)\" \/>\r\n            <img loading=\"lazy\" decoding=\"async\" class=\"hero_bg\"\r\n                <img loading=\"lazy\" decoding=\"async\" width=\"640\" height=\"383\" src=\"https:\/\/aurenweb-stg.servidortemporal.net\/co\/wp-content\/uploads\/2024\/11\/bg-hero-services-d-1024x612.webp\" class=\"hero_bg\" alt=\"\" srcset=\"https:\/\/aurenweb-stg.servidortemporal.net\/co\/wp-content\/uploads\/2024\/11\/bg-hero-services-d-1024x612.webp 1024w, https:\/\/aurenweb-stg.servidortemporal.net\/co\/wp-content\/uploads\/2024\/11\/bg-hero-services-d-300x179.webp 300w, https:\/\/aurenweb-stg.servidortemporal.net\/co\/wp-content\/uploads\/2024\/11\/bg-hero-services-d-768x459.webp 768w, https:\/\/aurenweb-stg.servidortemporal.net\/co\/wp-content\/uploads\/2024\/11\/bg-hero-services-d.webp 1200w\" sizes=\"auto, (max-width: 640px) 100vw, 640px\" \/>>\r\n        <\/picture>\r\n        \r\n                        <p class=\"hero_scroll\"><strong>Explorar m\u00e1s<\/strong> Despl\u00e1cese hacia abajo<\/p>\r\n                    <\/div>\r\n\r\n<\/section>\n\n\r\n<section id=\"Breadcrumbs-block_2303026c8a7f68d708987dc3e66431ca\" class=\"Breadcrumbs\">\r\n    \r\n        <nav class=\"breads\" aria-label=\"Breadcrumb\">\r\n            <ul class=\"container\">\r\n                <li><a href=\"https:\/\/aurenweb-stg.servidortemporal.net\/co\">Home<\/a><\/li>\r\n                <li><span aria-current=\"page\">Servicios<\/span><\/li>            <\/ul>\r\n        <\/nav>\r\n\r\n                                                                                     \r\n    \r\n<\/section>\r\n\n\n\r\n<section id=\"ImageText-block_aba1c86de4a48e3a3437e4014038b586\" class=\"ImageText\">\r\n\r\n    <section class=\"info \">\r\n        <div class=\"container\">\r\n            <div class=\"info_text\">\r\n                <div class=\"info_title\">\r\n                    <p class=''>Nuestros servicios<\/p>\n                <\/div>\r\n                <div class=\"info_description\">\r\n                    <p>Somos una oficina que ofrece asesor\u00eda en materias de impuestos, legales, financieros, contables y de auditor\u00eda, adem\u00e1s de servicios de outsourcing y consultor\u00eda en recursos humanos, contables y financieros a los due\u00f1os y\/o gerentes de \u00e1reas de administraci\u00f3n y finanzas de las compa\u00f1\u00edas en distintas industrias.<\/p>\n<p>Lo que nos caracteriza es la atenci\u00f3n personalizada, cercana y multidisciplinaria, con una mirada estrat\u00e9gica que nos permite entregar la mejor soluci\u00f3n a nuestros clientes.<\/p>\n                <\/div>\r\n            <\/div>\r\n            <div class=\"info_media\">\r\n                <div class=\"info_media_item info_media_item-1\">\r\n                    <div class=\"info_media_item_text\"><span class=\"title\"><\/span>Trabajamos cerca de nuestros clientes\n<\/div>\r\n                    <div class=\"info_media_item_text_claim\"><\/div>\r\n                    <span class=\"info_media_item_bg\">\r\n                                                    <img loading=\"lazy\" decoding=\"async\" width=\"640\" height=\"412\" src=\"https:\/\/aurenweb-stg.servidortemporal.net\/co\/wp-content\/uploads\/2025\/01\/example-info-1-mask.webp\" class=\"attachment-large size-large\" alt=\"\" srcset=\"https:\/\/aurenweb-stg.servidortemporal.net\/co\/wp-content\/uploads\/2025\/01\/example-info-1-mask.webp 902w, https:\/\/aurenweb-stg.servidortemporal.net\/co\/wp-content\/uploads\/2025\/01\/example-info-1-mask-300x193.webp 300w, https:\/\/aurenweb-stg.servidortemporal.net\/co\/wp-content\/uploads\/2025\/01\/example-info-1-mask-768x494.webp 768w\" sizes=\"auto, (max-width: 640px) 100vw, 640px\" \/>                                            <\/span>\r\n                                            <img loading=\"lazy\" decoding=\"async\" width=\"168\" height=\"168\" src=\"https:\/\/aurenweb-stg.servidortemporal.net\/co\/wp-content\/uploads\/2025\/01\/ico-info-media-1.webp\" class=\"info_media_item_ico\" alt=\"\" srcset=\"https:\/\/aurenweb-stg.servidortemporal.net\/co\/wp-content\/uploads\/2025\/01\/ico-info-media-1.webp 168w, https:\/\/aurenweb-stg.servidortemporal.net\/co\/wp-content\/uploads\/2025\/01\/ico-info-media-1-150x150.webp 150w\" sizes=\"auto, (max-width: 168px) 100vw, 168px\" \/>                                                        <\/div>\r\n                <div class=\"info_media_claim\">\r\n                                    <\/div>\r\n                <div class=\"info_media_item info_media_item-2\">\r\n                    <div class=\"info_media_item_text\"><span class=\"title\"><\/span><\/div>\r\n                    <div class=\"info_media_item_text_claim\"><\/div>\r\n                    <span class=\"info_media_item_bg\">\r\n                                                    <img loading=\"lazy\" decoding=\"async\" width=\"640\" height=\"354\" src=\"https:\/\/aurenweb-stg.servidortemporal.net\/co\/wp-content\/uploads\/2025\/01\/image-text-2-1024x567.webp\" class=\"attachment-large size-large\" alt=\"\" srcset=\"https:\/\/aurenweb-stg.servidortemporal.net\/co\/wp-content\/uploads\/2025\/01\/image-text-2-1024x567.webp 1024w, https:\/\/aurenweb-stg.servidortemporal.net\/co\/wp-content\/uploads\/2025\/01\/image-text-2-300x166.webp 300w, https:\/\/aurenweb-stg.servidortemporal.net\/co\/wp-content\/uploads\/2025\/01\/image-text-2-768x425.webp 768w, https:\/\/aurenweb-stg.servidortemporal.net\/co\/wp-content\/uploads\/2025\/01\/image-text-2-1536x851.webp 1536w, https:\/\/aurenweb-stg.servidortemporal.net\/co\/wp-content\/uploads\/2025\/01\/image-text-2.webp 1748w\" sizes=\"auto, (max-width: 640px) 100vw, 640px\" \/>                                            <\/span>\r\n                                                        <\/div>\r\n            <\/div>\r\n        <\/div>\r\n    <\/section>\r\n\r\n<\/section>\r\n\r\n\n\n\r\n<section id=\"ParentPostsListDisplay-block_0b3123578b6579ac8b4258b909d9e0dc\" class=\"ParentPostsListDisplay\">\r\n    \r\n        <section class=\"transformation\" id=\"transformation\">\r\n            <div class=\"container\">\r\n                                <div class=\"transformation_title\">\r\n                    <h3>Impulsando la transformaci\u00f3n<\/h3>\n                <\/div>\r\n                \r\n                                <div class=\"transformation_description\">\r\n                    <p>Sabemos que el mundo est\u00e1 en constante cambio y que debemos avanzar junto a \u00e9l, adapt\u00e1ndonos.<\/p>\n                <\/div>\r\n                \r\n                <div class=\"transformation_content\">\r\n                    <ul class='transformation_list'><li class=\"transformation_list_item transformation_list_item-1\" data-position=\"1\">\r\n                <a class=\"transformation_list_item_link\" href=\"#\">Medio ambiente, cambio clim\u00e1tico, ESG<\/a>\r\n                <div class=\"transformation_list_item_text\">\r\n                    <p>Somos una firma pionera en ofrecer soluciones legales integrales con enfoque global que promuevan el desarrollo sostenible. <\/p>\r\n                    <a class='button button-primary' href='https:\/\/aurenweb-stg.servidortemporal.net\/co\/servicios\/medio-ambiente-cambio-climatico-esg\/'>M\u00e1s informaci\u00f3n<\/a>\r\n                <\/div>\r\n            <\/li><li class=\"transformation_list_item transformation_list_item-2\" data-position=\"2\">\r\n                <a class=\"transformation_list_item_link\" href=\"#\">Auditor\u00eda y Assurance<\/a>\r\n                <div class=\"transformation_list_item_text\">\r\n                    <p>El mundo de la auditor\u00eda est\u00e1 cambiando r\u00e1pidamente. Las tendencias del mercado nos obligan a mantenernos en un proceso constante de innovaci\u00f3n.<\/p>\r\n                    <a class='button button-primary' href='https:\/\/aurenweb-stg.servidortemporal.net\/co\/servicios\/auditoria-y-assurance\/'>M\u00e1s informaci\u00f3n<\/a>\r\n                <\/div>\r\n            <\/li><li class=\"transformation_list_item transformation_list_item-3\" data-position=\"3\">\r\n                <a class=\"transformation_list_item_link\" href=\"#\">Consultor\u00eda<\/a>\r\n                <div class=\"transformation_list_item_text\">\r\n                    <p>Estamos preparados para satisfacer necesidades de mejora de procesos, gesti\u00f3n de personas, tecnolog\u00eda de la informaci\u00f3n, digitalizaci\u00f3n, estrategia y mucho m\u00e1s.<\/p>\r\n                    <a class='button button-primary' href='https:\/\/aurenweb-stg.servidortemporal.net\/co\/servicios\/consultoria\/'>M\u00e1s informaci\u00f3n<\/a>\r\n                <\/div>\r\n            <\/li><li class=\"transformation_list_item transformation_list_item-4\" data-position=\"4\">\r\n                <a class=\"transformation_list_item_link\" href=\"#\">Finanzas Corporativas<\/a>\r\n                <div class=\"transformation_list_item_text\">\r\n                    <p>Asistimos a las empresas en temas de asesoramiento financiero y operaciones corporativas.<\/p>\r\n                    <a class='button button-primary' href='https:\/\/aurenweb-stg.servidortemporal.net\/co\/servicios\/finanzas-corporativas\/'>M\u00e1s informaci\u00f3n<\/a>\r\n                <\/div>\r\n            <\/li><li class=\"transformation_list_item transformation_list_item-5\" data-position=\"5\">\r\n                <a class=\"transformation_list_item_link\" href=\"#\">Outsourcing<\/a>\r\n                <div class=\"transformation_list_item_text\">\r\n                    <p>Auren aporta soluciones y disminuye contingencias para que pueda desarrollar todo su potencial.<\/p>\r\n                    <a class='button button-primary' href='https:\/\/aurenweb-stg.servidortemporal.net\/co\/servicios\/outsourcing\/'>M\u00e1s informaci\u00f3n<\/a>\r\n                <\/div>\r\n            <\/li><li class=\"transformation_list_item transformation_list_item-6\" data-position=\"6\">\r\n                <a class=\"transformation_list_item_link\" href=\"#\">Tax &amp; Legal<\/a>\r\n                <div class=\"transformation_list_item_text\">\r\n                    <p>Nuestros servicios proporcionan al cliente la seguridad necesaria en un entorno de legislaci\u00f3n compleja y cambiante.<\/p>\r\n                    <a class='button button-primary' href='https:\/\/aurenweb-stg.servidortemporal.net\/co\/servicios\/tax-legal\/'>M\u00e1s informaci\u00f3n<\/a>\r\n                <\/div>\r\n            <\/li><\/ul>                    <div class=\"transformation_media\">\r\n                        <div class=\"transformation_media_main\">\r\n                            <img loading=\"lazy\" decoding=\"async\" width=\"640\" height=\"644\" src=\"https:\/\/aurenweb-stg.servidortemporal.net\/co\/wp-content\/uploads\/2024\/11\/example-transformation-media.webp\" class=\"transformation_media_main_bg\" alt=\"\" srcset=\"https:\/\/aurenweb-stg.servidortemporal.net\/co\/wp-content\/uploads\/2024\/11\/example-transformation-media.webp 1000w, https:\/\/aurenweb-stg.servidortemporal.net\/co\/wp-content\/uploads\/2024\/11\/example-transformation-media-298x300.webp 298w, https:\/\/aurenweb-stg.servidortemporal.net\/co\/wp-content\/uploads\/2024\/11\/example-transformation-media-150x150.webp 150w, https:\/\/aurenweb-stg.servidortemporal.net\/co\/wp-content\/uploads\/2024\/11\/example-transformation-media-768x773.webp 768w\" sizes=\"auto, (max-width: 640px) 100vw, 640px\" \/>                            <a class=\"transformation_media_main_link transformation_media_main_link-1\" href=\"https:\/\/aurenweb-stg.servidortemporal.net\/co\/servicios\/medio-ambiente-cambio-climatico-esg\/\">\r\n                <span><\/span> \r\n                <strong>Medio ambiente, cambio clim\u00e1tico, ESG<\/strong>\r\n            <\/a><a class=\"transformation_media_main_link transformation_media_main_link-2\" href=\"https:\/\/aurenweb-stg.servidortemporal.net\/co\/servicios\/auditoria-y-assurance\/\">\r\n                <span><\/span> \r\n                <strong>Auditor\u00eda y Assurance<\/strong>\r\n            <\/a><a class=\"transformation_media_main_link transformation_media_main_link-3\" href=\"https:\/\/aurenweb-stg.servidortemporal.net\/co\/servicios\/consultoria\/\">\r\n                <span><\/span> \r\n                <strong>Consultor\u00eda<\/strong>\r\n            <\/a><a class=\"transformation_media_main_link transformation_media_main_link-4\" href=\"https:\/\/aurenweb-stg.servidortemporal.net\/co\/servicios\/finanzas-corporativas\/\">\r\n                <span><\/span> \r\n                <strong>Finanzas Corporativas<\/strong>\r\n            <\/a><a class=\"transformation_media_main_link transformation_media_main_link-5\" href=\"https:\/\/aurenweb-stg.servidortemporal.net\/co\/servicios\/outsourcing\/\">\r\n                <span><\/span> \r\n                <strong>Outsourcing<\/strong>\r\n            <\/a><a class=\"transformation_media_main_link transformation_media_main_link-6\" href=\"https:\/\/aurenweb-stg.servidortemporal.net\/co\/servicios\/tax-legal\/\">\r\n                <span><\/span> \r\n                <strong>Tax &amp; Legal<\/strong>\r\n            <\/a>                        <\/div>\r\n                        <div class=\"transformation_media_secondary\">\r\n                            <img loading=\"lazy\" decoding=\"async\" width=\"640\" height=\"427\" src=\"https:\/\/aurenweb-stg.servidortemporal.net\/co\/wp-content\/uploads\/2025\/02\/view-realistic-hand-touching-clear-flowing-water-2-1024x683.jpg\" class=\"transformation_media_secondary_bg transformation_media_secondary_bg-1\" alt=\"Somos una firma pionera en ofrecer soluciones legales integrales con enfoque global que promuevan el desarrollo sostenible.\" srcset=\"https:\/\/aurenweb-stg.servidortemporal.net\/co\/wp-content\/uploads\/2025\/02\/view-realistic-hand-touching-clear-flowing-water-2-1024x683.jpg 1024w, https:\/\/aurenweb-stg.servidortemporal.net\/co\/wp-content\/uploads\/2025\/02\/view-realistic-hand-touching-clear-flowing-water-2-300x200.jpg 300w, https:\/\/aurenweb-stg.servidortemporal.net\/co\/wp-content\/uploads\/2025\/02\/view-realistic-hand-touching-clear-flowing-water-2-768x512.jpg 768w, https:\/\/aurenweb-stg.servidortemporal.net\/co\/wp-content\/uploads\/2025\/02\/view-realistic-hand-touching-clear-flowing-water-2-1536x1024.jpg 1536w, https:\/\/aurenweb-stg.servidortemporal.net\/co\/wp-content\/uploads\/2025\/02\/view-realistic-hand-touching-clear-flowing-water-2-2048x1365.jpg 2048w\" sizes=\"auto, (max-width: 640px) 100vw, 640px\" \/><img loading=\"lazy\" decoding=\"async\" width=\"577\" height=\"385\" src=\"https:\/\/aurenweb-stg.servidortemporal.net\/co\/wp-content\/uploads\/2024\/12\/example-mosaic-1.webp\" class=\"transformation_media_secondary_bg transformation_media_secondary_bg-2\" alt=\"\" srcset=\"https:\/\/aurenweb-stg.servidortemporal.net\/co\/wp-content\/uploads\/2024\/12\/example-mosaic-1.webp 577w, https:\/\/aurenweb-stg.servidortemporal.net\/co\/wp-content\/uploads\/2024\/12\/example-mosaic-1-300x200.webp 300w\" sizes=\"auto, (max-width: 577px) 100vw, 577px\" \/><img loading=\"lazy\" decoding=\"async\" width=\"577\" height=\"385\" src=\"https:\/\/aurenweb-stg.servidortemporal.net\/co\/wp-content\/uploads\/2024\/12\/example-mosaic-2.webp\" class=\"transformation_media_secondary_bg transformation_media_secondary_bg-3\" alt=\"\" srcset=\"https:\/\/aurenweb-stg.servidortemporal.net\/co\/wp-content\/uploads\/2024\/12\/example-mosaic-2.webp 577w, https:\/\/aurenweb-stg.servidortemporal.net\/co\/wp-content\/uploads\/2024\/12\/example-mosaic-2-300x200.webp 300w\" sizes=\"auto, (max-width: 577px) 100vw, 577px\" \/><img loading=\"lazy\" decoding=\"async\" width=\"577\" height=\"385\" src=\"https:\/\/aurenweb-stg.servidortemporal.net\/co\/wp-content\/uploads\/2024\/12\/example-mosaic-3.webp\" class=\"transformation_media_secondary_bg transformation_media_secondary_bg-4\" alt=\"\" srcset=\"https:\/\/aurenweb-stg.servidortemporal.net\/co\/wp-content\/uploads\/2024\/12\/example-mosaic-3.webp 577w, https:\/\/aurenweb-stg.servidortemporal.net\/co\/wp-content\/uploads\/2024\/12\/example-mosaic-3-300x200.webp 300w\" sizes=\"auto, (max-width: 577px) 100vw, 577px\" \/><img loading=\"lazy\" decoding=\"async\" width=\"577\" height=\"385\" src=\"https:\/\/aurenweb-stg.servidortemporal.net\/co\/wp-content\/uploads\/2024\/12\/example-mosaic-4.webp\" class=\"transformation_media_secondary_bg transformation_media_secondary_bg-5\" alt=\"\" srcset=\"https:\/\/aurenweb-stg.servidortemporal.net\/co\/wp-content\/uploads\/2024\/12\/example-mosaic-4.webp 577w, https:\/\/aurenweb-stg.servidortemporal.net\/co\/wp-content\/uploads\/2024\/12\/example-mosaic-4-300x200.webp 300w\" sizes=\"auto, (max-width: 577px) 100vw, 577px\" \/><img loading=\"lazy\" decoding=\"async\" width=\"533\" height=\"401\" src=\"https:\/\/aurenweb-stg.servidortemporal.net\/co\/wp-content\/uploads\/2024\/12\/Rectangle-9.webp\" class=\"transformation_media_secondary_bg transformation_media_secondary_bg-6\" alt=\"\" srcset=\"https:\/\/aurenweb-stg.servidortemporal.net\/co\/wp-content\/uploads\/2024\/12\/Rectangle-9.webp 533w, https:\/\/aurenweb-stg.servidortemporal.net\/co\/wp-content\/uploads\/2024\/12\/Rectangle-9-300x226.webp 300w\" sizes=\"auto, (max-width: 533px) 100vw, 533px\" \/>                        <\/div>\r\n                    <\/div>\r\n                <\/div>\r\n            <\/div>\r\n        <\/section>\r\n\r\n    <\/section>\r\n\r\n\n\n<section id=\"ImageTextV2-block_47152f153840c810e904d1f3c1c23f85\" class=\"ImageTextV2\">\r\n\r\n    <div class=\"upcoming v2\">\r\n        <div class=\"container\">\r\n            <div class=\"upcoming_text\">\r\n                <div class=\"upcoming_title\">\r\n                    <div class=\"upcoming_title\">\n<h3 class=''>\u00bfListo para trabajar con nosotros?<\/h3>\n<\/div>\n                <\/div>\r\n                <div class=\"upcoming_kicker\">\r\n                    <div class=\"upcoming_text\">\n<div class=\"upcoming_kicker\">\n<p>CONECTEMOS AHORA<\/p>\n<\/div>\n<\/div>\n                <\/div>\r\n            <\/div>\r\n            <div class=\"upcoming_media\">\r\n                <a class=\"button button-primary button-icon\" href=\"https:\/\/aurenweb-stg.servidortemporal.net\/co\/contacto\/\" target=\"\">Contacto<\/a>\r\n                <span class=\"upcoming_media_bg\"><img loading=\"lazy\" decoding=\"async\" width=\"640\" height=\"419\" src=\"https:\/\/aurenweb-stg.servidortemporal.net\/co\/wp-content\/uploads\/2025\/01\/bg-upcoming-media-v2-1-1.webp\" class=\"\" alt=\"\" srcset=\"https:\/\/aurenweb-stg.servidortemporal.net\/co\/wp-content\/uploads\/2025\/01\/bg-upcoming-media-v2-1-1.webp 684w, https:\/\/aurenweb-stg.servidortemporal.net\/co\/wp-content\/uploads\/2025\/01\/bg-upcoming-media-v2-1-1-300x196.webp 300w\" sizes=\"auto, (max-width: 640px) 100vw, 640px\" \/><\/span>\r\n            <\/div>\r\n        <\/div>\r\n    <\/div>\r\n\r\n<\/section>\r\n","protected":false},"excerpt":{"rendered":"","protected":false},"author":2,"featured_media":0,"parent":0,"menu_order":0,"comment_status":"closed","ping_status":"closed","template":"","meta":{"_acf_changed":false,"footnotes":""},"class_list":["post-8167","page","type-page","status-publish","hentry"],"acf":[],"_links":{"self":[{"href":"https:\/\/aurenweb-stg.servidortemporal.net\/co\/wp-json\/wp\/v2\/pages\/8167","targetHints":{"allow":["GET"]}}],"collection":[{"href":"https:\/\/aurenweb-stg.servidortemporal.net\/co\/wp-json\/wp\/v2\/pages"}],"about":[{"href":"https:\/\/aurenweb-stg.servidortemporal.net\/co\/wp-json\/wp\/v2\/types\/page"}],"author":[{"embeddable":true,"href":"https:\/\/aurenweb-stg.servidortemporal.net\/co\/wp-json\/wp\/v2\/users\/2"}],"replies":[{"embeddable":true,"href":"https:\/\/aurenweb-stg.servidortemporal.net\/co\/wp-json\/wp\/v2\/comments?post=8167"}],"version-history":[{"count":3,"href":"https:\/\/aurenweb-stg.servidortemporal.net\/co\/wp-json\/wp\/v2\/pages\/8167\/revisions"}],"predecessor-version":[{"id":14035,"href":"https:\/\/aurenweb-stg.servidortemporal.net\/co\/wp-json\/wp\/v2\/pages\/8167\/revisions\/14035"}],"wp:attachment":[{"href":"https:\/\/aurenweb-stg.servidortemporal.net\/co\/wp-json\/wp\/v2\/media?parent=8167"}],"curies":[{"name":"wp","href":"https:\/\/api.w.org\/{rel}","templated":true}]}}