{"id":8213,"date":"2025-01-04T08:42:35","date_gmt":"2025-01-04T07:42:35","guid":{"rendered":"https:\/\/aurenweb-stg.servidortemporal.net\/co\/?page_id=8213"},"modified":"2025-01-25T12:52:07","modified_gmt":"2025-01-25T11:52:07","slug":"videos-podcast","status":"publish","type":"page","link":"https:\/\/aurenweb-stg.servidortemporal.net\/co\/tendencias\/videos-podcast\/","title":{"rendered":"Videos &amp; Podcast"},"content":{"rendered":"<section id=\"Header-block_6cbc7d6b7493392b394a0d11201dcf0e\" class=\"Header\">\r\n\r\n    <div class=\"hero\">\r\n                <div class=\"container\">\r\n            <div class=\"hero_header\">\r\n                                \r\n                <div class=\"hero_header_title\">\r\n                    <h1 class=''>TENDENCIAS<\/h1>\n                <\/div>\r\n\r\n                                                \r\n                <div class=\"hero_header_subtitle\">\r\n                    <p>EN NUESTRO BLOG, ENCONTRAR\u00c1 ART\u00cdCULOS DE INTER\u00c9S SOBRE NUESTRAS DIVERSAS \u00c1REAS DE ESPECIALIZACI\u00d3N.<\/p>\n                <\/div>\r\n\r\n                                \r\n            <\/div>\r\n        <\/div>\r\n        \r\n                <picture>\r\n            <source srcset=\"https:\/\/aurenweb-stg.servidortemporal.net\/co\/wp-content\/uploads\/2025\/01\/video-podcast-banner.webp\"\r\n                media=\"(min-width: 1200px)\" \/>\r\n            <img loading=\"lazy\" decoding=\"async\" class=\"hero_bg\"\r\n                <img loading=\"lazy\" decoding=\"async\" width=\"640\" height=\"386\" src=\"https:\/\/aurenweb-stg.servidortemporal.net\/co\/wp-content\/uploads\/2025\/01\/video-podcast-banner-1024x617.webp\" class=\"hero_bg\" alt=\"\" srcset=\"https:\/\/aurenweb-stg.servidortemporal.net\/co\/wp-content\/uploads\/2025\/01\/video-podcast-banner-1024x617.webp 1024w, https:\/\/aurenweb-stg.servidortemporal.net\/co\/wp-content\/uploads\/2025\/01\/video-podcast-banner-300x181.webp 300w, https:\/\/aurenweb-stg.servidortemporal.net\/co\/wp-content\/uploads\/2025\/01\/video-podcast-banner-768x462.webp 768w, https:\/\/aurenweb-stg.servidortemporal.net\/co\/wp-content\/uploads\/2025\/01\/video-podcast-banner-1536x925.webp 1536w, https:\/\/aurenweb-stg.servidortemporal.net\/co\/wp-content\/uploads\/2025\/01\/video-podcast-banner.webp 1913w\" sizes=\"auto, (max-width: 640px) 100vw, 640px\" \/>>\r\n        <\/picture>\r\n        \r\n                        <p class=\"hero_scroll\"><strong>Explorar m\u00e1s<\/strong> Despl\u00e1cese hacia abajo<\/p>\r\n                    <\/div>\r\n\r\n<\/section>\n\n\r\n<section id=\"Breadcrumbs-block_e9108b4a84bcb83382eee8ae52d9b41c\" class=\"Breadcrumbs\">\r\n    \r\n        <nav class=\"breads\" aria-label=\"Breadcrumb\">\r\n            <ul class=\"container\">\r\n                <li><a href=\"https:\/\/aurenweb-stg.servidortemporal.net\/co\">Home<\/a><\/li>\r\n                <li><span aria-current=\"page\">Videos &amp; Podcast<\/span><\/li>            <\/ul>\r\n        <\/nav>\r\n\r\n                                                                                     \r\n    \r\n<\/section>\r\n\n\n<div id=\"TitleSubtitleText-block_e2229333769e6885235c8f089497d813\" class=\"TitleSubtitleText\">\n\n    <section class=\"headlines v1\">\n        <div class=\"container\">\n                        <div class=\"headlines_title\">\n                <h2 class=''>IMPULSE SU NEGOCIO CON CONSEJOS DE EXPERTOS<\/h2>\n            <\/div>\n                                    <div class=\"headlines_content\">\n                                                <div class=\"headlines_description\">\n                    <p>Aqu\u00ed encontrar\u00e1 informaci\u00f3n sobre diferentes disciplinas que le ayudar\u00e1n en su negocio y sobre las tendencias actuales del mercado.<\/p>\n                <\/div>\n                                            <\/div>\n                    <\/div>\n    <\/section>\n\n<\/div>\n\n\n<div id=\"TrendsDistributive-block_53a30fb60040f28a08b0750b8bb48b89\" class=\"TrendsDistributive\" data-per-page=\"9\" data-type=\"video-podcast\" data-tags=\"show\">\n\n    \n    <div class=\"categories\">\n        <div class=\"container\">\n            <div class=\"categories_title\">\n                <h2 class=''>CATEGOR\u00cdAS VIDEOS &amp; PODCAST<\/h2>\n            <\/div>\n            <div class=\"categories_nav\">\n                <a class=\"categories_nav_button\" href=\"#\">Sort By Category<\/a>\n                <div class=\"categories_nav_content\">\n                    <div class=\"categories_nav_tags\">\n                        <span class=\"categories_nav_tags_item\">Blog<\/span>\n                    <\/div>\n                    <div class=\"categories_nav_list\">\n                        <label class=\"categories_nav_list_item\"><input class=\"categories_nav_list_check\" type=\"checkbox\" data-type=\"\" data-value=\"all\" checked><span class=\"categories_nav_list_text\">Todas las categor\u00edas<\/span><\/label>\n                                            <\/div>\n                <\/div>\n            <\/div>\n        <\/div>\n    <\/div>\n        <div class=\"articles\">\n\n        <div class=\"container\">\n            \n            <a class=\"article article-featured active\" data-value=\"all\" href=\"https:\/\/aurenweb-stg.servidortemporal.net\/co\/videos\/servicio-de-auditoria\/\">\r\n    <span class=\"article_text\">\r\n        <span class=\"article_meta\">\r\n\r\n                        \r\n            <span class=\"article_date\">14.12.2021<\/span>\r\n        <\/span>\r\n        <span class=\"article_title\">Servicio de Auditor\u00eda<\/span>\r\n        <span class=\"article_description\"><\/span>\r\n                    <span class=\"article_button\">Ver v\u00eddeo<\/span>\r\n            <\/span>\r\n    <span class=\"article_media\">\r\n                    <\/span>\r\n<\/a>\r\n\n            \n        <\/div>\n    <\/div>\n\n    <div class=\"filters\">\n\n        <div class=\"container\">\n            <div class=\"filters_title\">\n                <h4 class=\"active\">Videos<\/h4>\n                            <\/div>\n            <div class=\"filters_nav\">\n\n                <div id=\"filters-search-panel\" class=\"filters_search\" role=\"search\" hidden>\n                    <input\n                            type=\"text\"\n                            class=\"filters_search_input\"\n                            placeholder=\"Buscar...\"\n                            value=\"\"\n                            aria-label=\"Buscar\"\n                    \/>\n                    <button type=\"button\" class=\"filters_search_clear\" aria-label=\"Limpiar b\u00fasqueda\"><\/button>\n                <\/div>\n                <button type=\"button\"\n                        class=\"filters_search_toggle\"\n                        aria-expanded=\"false\"\n                        aria-controls=\"filters-search-panel\"\n                        aria-label=\"Abrir buscador\">\n                <\/button>\n                <a class=\"filters_nav_button\" href=\"#\">Ordernar por<\/a>\n\n                <!-- Aqu\u00ed la lupa para buscar -->\n                <div class=\"filters_nav_content\">\n                    <div class=\"filters_nav_list\">\n                        <p class=\"filters_nav_list_title\">Videos<\/p>\n                        <label class=\"filters_nav_list_item\"><input class=\"filters_nav_list_check\" type=\"checkbox\" data-type=\"new\" checked><span class=\"filters_nav_list_text\">Recientes<\/span><\/label>\n                        <label class=\"filters_nav_list_item\"><input class=\"filters_nav_list_check\" type=\"checkbox\" data-type=\"old\"><span class=\"filters_nav_list_text\">Antiguos<\/span><\/label>\n                        <label class=\"filters_nav_list_item\"><input class=\"filters_nav_list_check\" type=\"checkbox\" data-type=\"a-z\"><span class=\"filters_nav_list_text\">A-Z<\/span><\/label>\n                        <label class=\"filters_nav_list_item\"><input class=\"filters_nav_list_check\" type=\"checkbox\" data-type=\"z-a\"><span class=\"filters_nav_list_text\">Z-A<\/span><\/label>\n                    <\/div>\n                <\/div>\n            <\/div>\n        <\/div>\n    <\/div>\n\n    <div class=\"articles\">\n        <div class=\"cards_loading\" hidden aria-hidden=\"true\">\n            <span class=\"spinner\" aria-label=\"Cargando\"><\/span>\n        <\/div>\n        <div class=\"container list\">\n            <a href=\"https:\/\/aurenweb-stg.servidortemporal.net\/co\/videos\/servicio-de-auditoria\/\" class=\"article\">\r\n    <div class=\"article_text\">\r\n        <div class=\"article_meta\">\r\n\r\n                                    <div class=\"article_date\">\r\n                <p>14.12.2021<\/p>\r\n            <\/div>\r\n        <\/div>\r\n        <div class=\"article_title\">\r\n            <h3>Servicio de Auditor\u00eda<\/h3>\r\n        <\/div>\r\n        <div class=\"article_description\">\r\n            <p><\/p>\r\n        <\/div>\r\n                    <span class=\"article_button\">Ver v\u00eddeo<\/span>\r\n        \r\n    <\/div>\r\n    <figure class=\"article_media\">\r\n                    <\/figure>\r\n    <\/a>\r\n<a href=\"https:\/\/aurenweb-stg.servidortemporal.net\/co\/videos\/servicio-de-tax-legal-auren-colombia\/\" class=\"article\">\r\n    <div class=\"article_text\">\r\n        <div class=\"article_meta\">\r\n\r\n                                    <div class=\"article_date\">\r\n                <p>14.12.2021<\/p>\r\n            <\/div>\r\n        <\/div>\r\n        <div class=\"article_title\">\r\n            <h3>Servicio de Tax &#038; Legal &#8211; Auren Colombia<\/h3>\r\n        <\/div>\r\n        <div class=\"article_description\">\r\n            <p><\/p>\r\n        <\/div>\r\n                    <span class=\"article_button\">Ver v\u00eddeo<\/span>\r\n        \r\n    <\/div>\r\n    <figure class=\"article_media\">\r\n        <img decoding=\"async\" class=\"article_media_image\" src=\"https:\/\/img.youtube.com\/vi\/f4JYcmh3H9M\/hqdefault.jpg\" title=\"Servicio de Tax &#038; Legal &#8211; Auren Colombia\">            <\/figure>\r\n    <\/a>\r\n<a href=\"https:\/\/aurenweb-stg.servidortemporal.net\/co\/videos\/servicio-de-consultoria-en-auren-colombia\/\" class=\"article\">\r\n    <div class=\"article_text\">\r\n        <div class=\"article_meta\">\r\n\r\n                                    <div class=\"article_date\">\r\n                <p>08.10.2021<\/p>\r\n            <\/div>\r\n        <\/div>\r\n        <div class=\"article_title\">\r\n            <h3>Servicio de consultor\u00eda en Auren Colombia<\/h3>\r\n        <\/div>\r\n        <div class=\"article_description\">\r\n            <p><\/p>\r\n        <\/div>\r\n                    <span class=\"article_button\">Ver v\u00eddeo<\/span>\r\n        \r\n    <\/div>\r\n    <figure class=\"article_media\">\r\n        <img decoding=\"async\" class=\"article_media_image\" src=\"https:\/\/img.youtube.com\/vi\/Kh_GUwT1u0Q\/hqdefault.jpg\" title=\"Servicio de consultor\u00eda en Auren Colombia\">            <\/figure>\r\n    <\/a>\r\n<a href=\"https:\/\/aurenweb-stg.servidortemporal.net\/co\/videos\/auren-colombia\/\" class=\"article\">\r\n    <div class=\"article_text\">\r\n        <div class=\"article_meta\">\r\n\r\n                                    <div class=\"article_date\">\r\n                <p>09.03.2020<\/p>\r\n            <\/div>\r\n        <\/div>\r\n        <div class=\"article_title\">\r\n            <h3>Auren Colombia<\/h3>\r\n        <\/div>\r\n        <div class=\"article_description\">\r\n            <p><\/p>\r\n        <\/div>\r\n                    <span class=\"article_button\">Ver v\u00eddeo<\/span>\r\n        \r\n    <\/div>\r\n    <figure class=\"article_media\">\r\n                    <\/figure>\r\n    <\/a>\r\n<a href=\"https:\/\/aurenweb-stg.servidortemporal.net\/co\/videos\/cual-es-el-limite-a-la-libertad-de-expresion-en-redes-sociales-jose-ignacio-gomez-santano\/\" class=\"article\">\r\n    <div class=\"article_text\">\r\n        <div class=\"article_meta\">\r\n\r\n                                    <div class=\"article_date\">\r\n                <p>05.11.2019<\/p>\r\n            <\/div>\r\n        <\/div>\r\n        <div class=\"article_title\">\r\n            <h3>\u00bfCu\u00e1l es el l\u00edmite a la libertad de expresi\u00f3n en redes sociales? | Jos\u00e9 Ignacio G\u00f3mez Santano<\/h3>\r\n        <\/div>\r\n        <div class=\"article_description\">\r\n            <p><\/p>\r\n        <\/div>\r\n                    <span class=\"article_button\">Ver v\u00eddeo<\/span>\r\n        \r\n    <\/div>\r\n    <figure class=\"article_media\">\r\n                    <\/figure>\r\n    <\/a>\r\n<a href=\"https:\/\/aurenweb-stg.servidortemporal.net\/co\/videos\/mario-alonso-canal-ceo\/\" class=\"article\">\r\n    <div class=\"article_text\">\r\n        <div class=\"article_meta\">\r\n\r\n                                    <div class=\"article_date\">\r\n                <p>05.11.2019<\/p>\r\n            <\/div>\r\n        <\/div>\r\n        <div class=\"article_title\">\r\n            <h3>MARIO ALONSO CANAL CEO<\/h3>\r\n        <\/div>\r\n        <div class=\"article_description\">\r\n            <p><\/p>\r\n        <\/div>\r\n                    <span class=\"article_button\">Ver v\u00eddeo<\/span>\r\n        \r\n    <\/div>\r\n    <figure class=\"article_media\">\r\n                    <\/figure>\r\n    <\/a>\r\n<a href=\"https:\/\/aurenweb-stg.servidortemporal.net\/co\/videos\/auren-te-desea-un-feliz-ano-2016\/\" class=\"article\">\r\n    <div class=\"article_text\">\r\n        <div class=\"article_meta\">\r\n\r\n                                    <div class=\"article_date\">\r\n                <p>05.11.2019<\/p>\r\n            <\/div>\r\n        <\/div>\r\n        <div class=\"article_title\">\r\n            <h3>Auren te desea un Feliz A\u00f1o 2016<\/h3>\r\n        <\/div>\r\n        <div class=\"article_description\">\r\n            <p><\/p>\r\n        <\/div>\r\n                    <span class=\"article_button\">Ver v\u00eddeo<\/span>\r\n        \r\n    <\/div>\r\n    <figure class=\"article_media\">\r\n                    <\/figure>\r\n    <\/a>\r\n<a href=\"https:\/\/aurenweb-stg.servidortemporal.net\/co\/videos\/video-presentacion-governa-altavoz-17\/\" class=\"article\">\r\n    <div class=\"article_text\">\r\n        <div class=\"article_meta\">\r\n\r\n                                    <div class=\"article_date\">\r\n                <p>05.11.2019<\/p>\r\n            <\/div>\r\n        <\/div>\r\n        <div class=\"article_title\">\r\n            <h3>V\u00eddeo presentaci\u00f3n Governa: Altavoz 17<\/h3>\r\n        <\/div>\r\n        <div class=\"article_description\">\r\n            <p><\/p>\r\n        <\/div>\r\n                    <span class=\"article_button\">Ver v\u00eddeo<\/span>\r\n        \r\n    <\/div>\r\n    <figure class=\"article_media\">\r\n                    <\/figure>\r\n    <\/a>\r\n<a href=\"https:\/\/aurenweb-stg.servidortemporal.net\/co\/videos\/nada-es-fortuito\/\" class=\"article\">\r\n    <div class=\"article_text\">\r\n        <div class=\"article_meta\">\r\n\r\n                                    <div class=\"article_date\">\r\n                <p>05.11.2019<\/p>\r\n            <\/div>\r\n        <\/div>\r\n        <div class=\"article_title\">\r\n            <h3>Nada es fortuito<\/h3>\r\n        <\/div>\r\n        <div class=\"article_description\">\r\n            <p><\/p>\r\n        <\/div>\r\n                    <span class=\"article_button\">Ver v\u00eddeo<\/span>\r\n        \r\n    <\/div>\r\n    <figure class=\"article_media\">\r\n                    <\/figure>\r\n    <\/a>\r\n<div class=\"articles_pagination\"><a class=\"articles_pagination_prev disabled\" href=\"#\"><\/a><a class=\"articles_pagination_number current\" data-page=\"1\">1<\/a><a class=\"articles_pagination_number \" data-page=\"2\">2<\/a><a class=\"articles_pagination_next\" data-page=\"2\"><\/a><\/div>\n        <\/div>\n    <\/div>\n\n    <\/div>\n\n\n\r\n<section id=\"ContactForm-block_bcfe8042af19f479d8485f6961adba8a\" class=\"ContactForm\">\r\n\r\n    <div class=\"subscribe\">\r\n        <div class=\"container\">\r\n            <div class=\"subscribe_header\" style=\"background-image: url('https:\/\/aurenweb-stg.servidortemporal.net\/co\/wp-content\/uploads\/2025\/01\/subscribe-image-1024x585.webp')\">\r\n                <div class=\"subscribe_header_title\">\r\n                    <h3>No te pierdas nuestras actualizaciones. Suscr\u00edbete.<\/h3>\n                <\/div>\r\n                <div class=\"subscribe_header_kicker\">\r\n                    <span>BLOG<\/span>\r\n                <\/div>\r\n            <\/div>\r\n            <div class=\"subscribe_text\">\r\n                \n<div class=\"wpcf7 no-js\" id=\"wpcf7-f14078-o1\" lang=\"es-ES\" dir=\"ltr\" data-wpcf7-id=\"14078\">\n<div class=\"screen-reader-response\"><p role=\"status\" aria-live=\"polite\" aria-atomic=\"true\"><\/p> <ul><\/ul><\/div>\n<form action=\"\/co\/wp-json\/wp\/v2\/pages\/8213#wpcf7-f14078-o1\" method=\"post\" class=\"wpcf7-form init\" aria-label=\"Formulario de contacto\" novalidate=\"novalidate\" data-status=\"init\">\n<div style=\"display: none;\">\n<input type=\"hidden\" name=\"_wpcf7\" value=\"14078\" \/>\n<input type=\"hidden\" name=\"_wpcf7_version\" value=\"6.0.2\" \/>\n<input type=\"hidden\" name=\"_wpcf7_locale\" value=\"es_ES\" \/>\n<input type=\"hidden\" name=\"_wpcf7_unit_tag\" value=\"wpcf7-f14078-o1\" \/>\n<input type=\"hidden\" name=\"_wpcf7_container_post\" value=\"0\" \/>\n<input type=\"hidden\" name=\"_wpcf7_posted_data_hash\" value=\"\" \/>\n<\/div>\n<p><input type=\"hidden\" name=\"token\" id=\"token\" \/>\n<\/p>\n<div class=\"subscribe_field subscribe_field-placeholder\">\n\t<p><span class=\"wpcf7-form-control-wrap\" data-name=\"name\"><input size=\"40\" maxlength=\"400\" class=\"wpcf7-form-control wpcf7-text wpcf7-validates-as-required\" id=\"name\" autocomplete=\"name\" aria-required=\"true\" aria-invalid=\"false\" value=\"\" type=\"text\" name=\"name\" \/><\/span><label for=\"name\">Nombre completo<span>*<\/span><\/label>\n\t<\/p>\n<\/div>\n<div class=\"subscribe_field subscribe_field-placeholder\">\n\t<p><span class=\"wpcf7-form-control-wrap\" data-name=\"validate_email\"><input size=\"40\" maxlength=\"400\" class=\"wpcf7-form-control wpcf7-email wpcf7-validates-as-required wpcf7-text wpcf7-validates-as-email\" id=\"validate_email\" autocomplete=\"email\" aria-required=\"true\" aria-invalid=\"false\" value=\"\" type=\"email\" name=\"validate_email\" \/><\/span><label for=\"validate_email\">Email<span>*<\/span><\/label>\n\t<\/p>\n<\/div>\n<div class=\"subscribe_field subscribe_field-select\">\n\t<p><label for=\"services\">Servicios<\/label><span class=\"wpcf7-form-control-wrap\" data-name=\"services\"><span class=\"wpcf7-form-control wpcf7-checkbox wpcf7-validates-as-required\"><span class=\"wpcf7-list-item first\"><label><input type=\"checkbox\" name=\"services[]\" value=\"14106\" \/><span class=\"wpcf7-list-item-label\">Medio ambiente, cambio clim\u00e1tico, ESG<\/span><\/label><\/span><span class=\"wpcf7-list-item\"><label><input type=\"checkbox\" name=\"services[]\" value=\"3671\" \/><span class=\"wpcf7-list-item-label\">Auditor\u00eda y Assurance<\/span><\/label><\/span><span class=\"wpcf7-list-item\"><label><input type=\"checkbox\" name=\"services[]\" value=\"3690\" \/><span class=\"wpcf7-list-item-label\">Consultor\u00eda<\/span><\/label><\/span><span class=\"wpcf7-list-item\"><label><input type=\"checkbox\" name=\"services[]\" value=\"3733\" \/><span class=\"wpcf7-list-item-label\">Finanzas Corporativas<\/span><\/label><\/span><span class=\"wpcf7-list-item\"><label><input type=\"checkbox\" name=\"services[]\" value=\"3760\" \/><span class=\"wpcf7-list-item-label\">Outsourcing<\/span><\/label><\/span><span class=\"wpcf7-list-item last\"><label><input type=\"checkbox\" name=\"services[]\" value=\"3774\" \/><span class=\"wpcf7-list-item-label\">Tax &amp; Legal<\/span><\/label><\/span><\/span><\/span>\n\t<\/p>\n<\/div>\n<div class=\"subscribe_field subscribe_field-check\">\n\t<p><span class=\"wpcf7-form-control-wrap\" data-name=\"privacy\"><span class=\"wpcf7-form-control wpcf7-acceptance\"><span class=\"wpcf7-list-item\"><label><input type=\"checkbox\" name=\"privacy\" value=\"1\" aria-invalid=\"false\" \/><span class=\"wpcf7-list-item-label\">He le\u00eddo y acepto el\u00a0\u00a0<a href=\"https:\/\/aurenweb-stg.servidortemporal.net\/co\/aviso-legal\/\">aviso legal<\/a>\u00a0y la\u00a0<a href=\"https:\/\/aurenweb-stg.servidortemporal.net\/co\/politica-de-privacidad\/\">Pol\u00edtica de Privacidad.<\/a><span>*<\/span><\/span><\/label><\/span><\/span><\/span>\n\t<\/p>\n<\/div>\n<div class=\"subscribe_note\">\n\t<p>Mediante la marcaci\u00f3n de la casilla \u201cHe le\u00eddo y acepto el aviso legal y la Pol\u00edtica de Privacidad\u201d y haciendo clic en el bot\u00f3n \u201cenviar\u201d usted est\u00e1 prestando su consentimiento expreso e inequ\u00edvoco para que sus datos sean tratados por Auren con el objeto de dar respuesta a su mensaje y\/o gestionar su consulta. Sus datos no ser\u00e1n cedidos terceros ajenos al Grupo Auren y ser\u00e1n conservados mientras dure la finalidad para la que fueron remitidos. En cualquier caso, podr\u00e1 consultar m\u00e1s informaci\u00f3n acerca del ejercicio de los derechos de acceso, rectificaci\u00f3n, supresi\u00f3n, portabilidad, limitaci\u00f3n y oposici\u00f3n al tratamiento de sus datos personales y sobre el tratamiento de sus datos en nuestra\u202f<a href=\"https:\/\/aurenweb-stg.servidortemporal.net\/co\/politica-de-privacidad\/\">Pol\u00edtica de Privacidad<\/a>\n\t<\/p>\n<\/div>\n<div>\n\t<p><button type=\"submit\" class=\"wpcf7-form-control wpcf7-submit button button-primary button-icon\">Suscribirse<\/button>\n\t<\/p>\n<\/div><div class=\"wpcf7-response-output\" aria-hidden=\"true\"><\/div>\n<\/form>\n<\/div>\n            <\/div>\r\n        <\/div>\r\n    <\/div>\r\n\r\n<\/section>\n\n<div id=\"Share-block_39116e1b2fdc27376c59f03395dea63b\" class=\"Share\">\n    <div class=\"sharer\">\n        <div class=\"container center\">\n            <h3 class='sharer_text'>S\u00edganos en nuestras redes sociales internacionales.<\/h3>\n            <nav class=\"sharer_nav\">\n                                                <a class=\"sharer_nav_item share_nav_item_0\" href=\"https:\/\/www.linkedin.com\/company\/auren-colombia\"\n                    target=\"_blank\">Linkedin<\/a>\n                <style>\n                .Share .share_nav_item_0 {\n                    background-image: url(https:\/\/aurenweb-stg.servidortemporal.net\/co\/wp-content\/uploads\/2025\/01\/linkedin_icon.svg);\n                }\n\n                .Share .share_nav_item_0:hover {\n                    background-image: url(https:\/\/aurenweb-stg.servidortemporal.net\/co\/wp-content\/uploads\/2025\/01\/linkedin_icon_white.svg);\n                }\n                <\/style>\n                \n                                                <a class=\"sharer_nav_item share_nav_item_1\" href=\"https:\/\/www.youtube.com\/channel\/UCRYoGRMR_k4oVWesdErApmA\"\n                    target=\"_blank\">Youtube<\/a>\n                <style>\n                .Share .share_nav_item_1 {\n                    background-image: url(https:\/\/aurenweb-stg.servidortemporal.net\/co\/wp-content\/uploads\/2025\/01\/ico-youtube-contrast.svg);\n                }\n\n                .Share .share_nav_item_1:hover {\n                    background-image: url(https:\/\/aurenweb-stg.servidortemporal.net\/co\/wp-content\/uploads\/2025\/01\/ico-youtube.svg);\n                }\n                <\/style>\n                \n                                                <a class=\"sharer_nav_item share_nav_item_2\" href=\"https:\/\/www.instagram.com\/aurencolombia\/\"\n                    target=\"_blank\">Instagram<\/a>\n                <style>\n                .Share .share_nav_item_2 {\n                    background-image: url(https:\/\/aurenweb-stg.servidortemporal.net\/co\/wp-content\/uploads\/2025\/01\/ico-instagram-contrast.svg);\n                }\n\n                .Share .share_nav_item_2:hover {\n                    background-image: url(https:\/\/aurenweb-stg.servidortemporal.net\/co\/wp-content\/uploads\/2025\/01\/ico-instagram.svg);\n                }\n                <\/style>\n                \n                                                <a class=\"sharer_nav_item share_nav_item_3\" href=\"https:\/\/twitter.com\/AurenColombia\"\n                    target=\"_blank\">X<\/a>\n                <style>\n                .Share .share_nav_item_3 {\n                    background-image: url(https:\/\/aurenweb-stg.servidortemporal.net\/co\/wp-content\/uploads\/2025\/01\/ico-x-contrast.svg);\n                }\n\n                .Share .share_nav_item_3:hover {\n                    background-image: url(https:\/\/aurenweb-stg.servidortemporal.net\/co\/wp-content\/uploads\/2025\/01\/ico-x.svg);\n                }\n                <\/style>\n                \n                            <\/nav>\n        <\/div>\n    <\/div>\n<\/div>","protected":false},"excerpt":{"rendered":"","protected":false},"author":2,"featured_media":0,"parent":8179,"menu_order":0,"comment_status":"closed","ping_status":"closed","template":"","meta":{"_acf_changed":false,"footnotes":""},"class_list":["post-8213","page","type-page","status-publish","hentry"],"acf":[],"_links":{"self":[{"href":"https:\/\/aurenweb-stg.servidortemporal.net\/co\/wp-json\/wp\/v2\/pages\/8213","targetHints":{"allow":["GET"]}}],"collection":[{"href":"https:\/\/aurenweb-stg.servidortemporal.net\/co\/wp-json\/wp\/v2\/pages"}],"about":[{"href":"https:\/\/aurenweb-stg.servidortemporal.net\/co\/wp-json\/wp\/v2\/types\/page"}],"author":[{"embeddable":true,"href":"https:\/\/aurenweb-stg.servidortemporal.net\/co\/wp-json\/wp\/v2\/users\/2"}],"replies":[{"embeddable":true,"href":"https:\/\/aurenweb-stg.servidortemporal.net\/co\/wp-json\/wp\/v2\/comments?post=8213"}],"version-history":[{"count":2,"href":"https:\/\/aurenweb-stg.servidortemporal.net\/co\/wp-json\/wp\/v2\/pages\/8213\/revisions"}],"predecessor-version":[{"id":14083,"href":"https:\/\/aurenweb-stg.servidortemporal.net\/co\/wp-json\/wp\/v2\/pages\/8213\/revisions\/14083"}],"up":[{"embeddable":true,"href":"https:\/\/aurenweb-stg.servidortemporal.net\/co\/wp-json\/wp\/v2\/pages\/8179"}],"wp:attachment":[{"href":"https:\/\/aurenweb-stg.servidortemporal.net\/co\/wp-json\/wp\/v2\/media?parent=8213"}],"curies":[{"name":"wp","href":"https:\/\/api.w.org\/{rel}","templated":true}]}}