{"id":2483,"date":"2024-12-19T12:58:38","date_gmt":"2024-12-19T11:58:38","guid":{"rendered":"https:\/\/auren.com\/de\/?page_id=2483"},"modified":"2025-01-24T10:14:33","modified_gmt":"2025-01-24T09:14:33","slug":"videos","status":"publish","type":"page","link":"https:\/\/aurenweb-stg.servidortemporal.net\/de\/trends\/videos\/","title":{"rendered":"Videos"},"content":{"rendered":"<section id=\"Header-block_e75d8d202dae5b26329c8def62b08a59\" class=\"Header\">\r\n\r\n    <div class=\"hero\">\r\n                <div class=\"container\">\r\n            <div class=\"hero_header\">\r\n                                \r\n                <div class=\"hero_header_title\">\r\n                    <h1 class=''>TRENDS<\/h1>\n                <\/div>\r\n\r\n                                                \r\n                <div class=\"hero_header_subtitle\">\r\n                    <p>IN UNSEREM BLOG FINDEN SIE INTERESSANTE ARTIKEL ZU UNSEREN VERSCHIEDENEN FACHGEBIETEN.<\/p>\n                <\/div>\r\n\r\n                                \r\n            <\/div>\r\n        <\/div>\r\n        \r\n                <picture>\r\n            <source srcset=\"https:\/\/aurenweb-stg.servidortemporal.net\/de\/wp-content\/uploads\/2024\/12\/video-podcast-banner-1.webp\"\r\n                media=\"(min-width: 1200px)\" \/>\r\n            <img loading=\"lazy\" decoding=\"async\" class=\"hero_bg\"\r\n                <img loading=\"lazy\" decoding=\"async\" width=\"640\" height=\"386\" src=\"https:\/\/aurenweb-stg.servidortemporal.net\/de\/wp-content\/uploads\/2024\/12\/video-podcast-banner-1-1024x617.webp\" class=\"hero_bg\" alt=\"\" srcset=\"https:\/\/aurenweb-stg.servidortemporal.net\/de\/wp-content\/uploads\/2024\/12\/video-podcast-banner-1-1024x617.webp 1024w, https:\/\/aurenweb-stg.servidortemporal.net\/de\/wp-content\/uploads\/2024\/12\/video-podcast-banner-1-300x181.webp 300w, https:\/\/aurenweb-stg.servidortemporal.net\/de\/wp-content\/uploads\/2024\/12\/video-podcast-banner-1-768x462.webp 768w, https:\/\/aurenweb-stg.servidortemporal.net\/de\/wp-content\/uploads\/2024\/12\/video-podcast-banner-1-1536x925.webp 1536w, https:\/\/aurenweb-stg.servidortemporal.net\/de\/wp-content\/uploads\/2024\/12\/video-podcast-banner-1.webp 1913w\" sizes=\"auto, (max-width: 640px) 100vw, 640px\" \/>>\r\n        <\/picture>\r\n        \r\n                        <p class=\"hero_scroll\"><strong>Mehr erfahren<\/strong> Nach unten bl\u00e4ttern<\/p>\r\n                    <\/div>\r\n\r\n<\/section>\n\n\r\n<section id=\"Breadcrumbs-block_f90193d161786d4375b8aea117526601\" class=\"Breadcrumbs\">\r\n    \r\n        <nav class=\"breads\" aria-label=\"Breadcrumb\">\r\n            <ul class=\"container\">\r\n                <li><a href=\"https:\/\/aurenweb-stg.servidortemporal.net\/de\">Home<\/a><\/li>\r\n                <li><span aria-current=\"page\">Videos<\/span><\/li>            <\/ul>\r\n        <\/nav>\r\n\r\n                                                                                     \r\n    \r\n<\/section>\r\n\n\n<div id=\"TrendsDistributive-block_786bce38a044c74f69bff9312f51b648\" class=\"TrendsDistributive\" data-per-page=\"9\" data-type=\"video-podcast\" data-tags=\"hide\">\n\n        <div class=\"articles\">\n\n        <div class=\"container\">\n            \n            \n            \n        <\/div>\n    <\/div>\n\n    <div class=\"filters\">\n\n        <div class=\"container\">\n            <div class=\"filters_title\">\n                <h4 class=\"active\">Videos<\/h4>\n                                <h4 class=\"\">Consulting<\/h4>\n                                <h4 class=\"\">Corporate Finance<\/h4>\n                                <h4 class=\"\">Rechtsberatung<\/h4>\n                                <h4 class=\"\">Steuerberatung<\/h4>\n                                <h4 class=\"\">Wirtschaftspr\u00fcfung<\/h4>\n                            <\/div>\n            <div class=\"filters_nav\">\n\n                <div id=\"filters-search-panel\" class=\"filters_search\" role=\"search\" hidden>\n                    <input\n                            type=\"text\"\n                            class=\"filters_search_input\"\n                            placeholder=\"Suchen...\"\n                            value=\"\"\n                            aria-label=\"Buscar\"\n                    \/>\n                    <button type=\"button\" class=\"filters_search_clear\" aria-label=\"Limpiar b\u00fasqueda\"><\/button>\n                <\/div>\n                <button type=\"button\"\n                        class=\"filters_search_toggle\"\n                        aria-expanded=\"false\"\n                        aria-controls=\"filters-search-panel\"\n                        aria-label=\"Abrir buscador\">\n                <\/button>\n                <a class=\"filters_nav_button\" href=\"#\">Sortieren nach<\/a>\n\n                <!-- Aqu\u00ed la lupa para buscar -->\n                <div class=\"filters_nav_content\">\n                    <div class=\"filters_nav_list\">\n                        <p class=\"filters_nav_list_title\">Videos<\/p>\n                        <label class=\"filters_nav_list_item\"><input class=\"filters_nav_list_check\" type=\"checkbox\" data-type=\"new\" checked><span class=\"filters_nav_list_text\">Neuester<\/span><\/label>\n                        <label class=\"filters_nav_list_item\"><input class=\"filters_nav_list_check\" type=\"checkbox\" data-type=\"old\"><span class=\"filters_nav_list_text\">\u00c4ltester<\/span><\/label>\n                        <label class=\"filters_nav_list_item\"><input class=\"filters_nav_list_check\" type=\"checkbox\" data-type=\"a-z\"><span class=\"filters_nav_list_text\">A-Z<\/span><\/label>\n                        <label class=\"filters_nav_list_item\"><input class=\"filters_nav_list_check\" type=\"checkbox\" data-type=\"z-a\"><span class=\"filters_nav_list_text\">Z-A<\/span><\/label>\n                    <\/div>\n                <\/div>\n            <\/div>\n        <\/div>\n    <\/div>\n\n    <div class=\"articles\">\n        <div class=\"cards_loading\" hidden aria-hidden=\"true\">\n            <span class=\"spinner\" aria-label=\"Cargando\"><\/span>\n        <\/div>\n        <div class=\"container list\">\n            <a href=\"https:\/\/aurenweb-stg.servidortemporal.net\/de\/videos\/drei-jubilaeen-ein-film\/\" class=\"article\">\r\n    <div class=\"article_text\">\r\n        <div class=\"article_meta\">\r\n\r\n                        <div class=\"article_date\">\r\n                <p>25.05.2023<\/p>\r\n            <\/div>\r\n        <\/div>\r\n        <div class=\"article_title\">\r\n            <h3>Drei Jubil\u00e4en &#8211; ein Film<\/h3>\r\n        <\/div>\r\n        <div class=\"article_description\">\r\n            <p><\/p>\r\n        <\/div>\r\n                    <span class=\"article_button\">Zum Video<\/span>\r\n        \r\n    <\/div>\r\n    <figure class=\"article_media\">\r\n        <img decoding=\"async\" class=\"article_media_image\" src=\"https:\/\/img.youtube.com\/vi\/uMVt9XypJ2Y\/hqdefault.jpg\" title=\"Drei Jubil\u00e4en &#8211; ein Film\">            <\/figure>\r\n    <\/a>\r\n<a href=\"https:\/\/aurenweb-stg.servidortemporal.net\/de\/videos\/mario-gojevic-erzaehlt-ueber-auren-muenchen\/\" class=\"article\">\r\n    <div class=\"article_text\">\r\n        <div class=\"article_meta\">\r\n\r\n                        <div class=\"article_date\">\r\n                <p>06.07.2020<\/p>\r\n            <\/div>\r\n        <\/div>\r\n        <div class=\"article_title\">\r\n            <h3>Mario Gojevic erz\u00e4hlt \u00fcber Auren M\u00fcnchen<\/h3>\r\n        <\/div>\r\n        <div class=\"article_description\">\r\n            <p><\/p>\r\n        <\/div>\r\n                    <span class=\"article_button\">Zum Video<\/span>\r\n        \r\n    <\/div>\r\n    <figure class=\"article_media\">\r\n        <img decoding=\"async\" class=\"article_media_image\" src=\"https:\/\/img.youtube.com\/vi\/3RD6bpAFdgw\/hqdefault.jpg\" title=\"Mario Gojevic erz\u00e4hlt \u00fcber Auren M\u00fcnchen\">            <\/figure>\r\n    <\/a>\r\n<a href=\"https:\/\/aurenweb-stg.servidortemporal.net\/de\/videos\/lukas-wyrwich-erzaehlt-ueber-auren-rottenburg\/\" class=\"article\">\r\n    <div class=\"article_text\">\r\n        <div class=\"article_meta\">\r\n\r\n                        <div class=\"article_date\">\r\n                <p>06.07.2020<\/p>\r\n            <\/div>\r\n        <\/div>\r\n        <div class=\"article_title\">\r\n            <h3>Lukas Wyrwich erz\u00e4hlt \u00fcber Auren Rottenburg<\/h3>\r\n        <\/div>\r\n        <div class=\"article_description\">\r\n            <p><\/p>\r\n        <\/div>\r\n                    <span class=\"article_button\">Zum Video<\/span>\r\n        \r\n    <\/div>\r\n    <figure class=\"article_media\">\r\n        <img decoding=\"async\" class=\"article_media_image\" src=\"https:\/\/img.youtube.com\/vi\/Qgywf8oCypA\/hqdefault.jpg\" title=\"Lukas Wyrwich erz\u00e4hlt \u00fcber Auren Rottenburg\">            <\/figure>\r\n    <\/a>\r\n<a href=\"https:\/\/aurenweb-stg.servidortemporal.net\/de\/videos\/oliver-schulz-erzaehlt-ueber-auren-stuttgart\/\" class=\"article\">\r\n    <div class=\"article_text\">\r\n        <div class=\"article_meta\">\r\n\r\n                        <div class=\"article_date\">\r\n                <p>06.07.2020<\/p>\r\n            <\/div>\r\n        <\/div>\r\n        <div class=\"article_title\">\r\n            <h3>Oliver Schulz erz\u00e4hlt \u00fcber Auren Stuttgart<\/h3>\r\n        <\/div>\r\n        <div class=\"article_description\">\r\n            <p><\/p>\r\n        <\/div>\r\n                    <span class=\"article_button\">Zum Video<\/span>\r\n        \r\n    <\/div>\r\n    <figure class=\"article_media\">\r\n        <img decoding=\"async\" class=\"article_media_image\" src=\"https:\/\/img.youtube.com\/vi\/emAVBNwNBYI\/hqdefault.jpg\" title=\"Oliver Schulz erz\u00e4hlt \u00fcber Auren Stuttgart\">            <\/figure>\r\n    <\/a>\r\n<a href=\"https:\/\/aurenweb-stg.servidortemporal.net\/de\/videos\/lothar-schulz-erzaehlt-ueber-auren-deutschland\/\" class=\"article\">\r\n    <div class=\"article_text\">\r\n        <div class=\"article_meta\">\r\n\r\n                        <div class=\"article_date\">\r\n                <p>06.07.2020<\/p>\r\n            <\/div>\r\n        <\/div>\r\n        <div class=\"article_title\">\r\n            <h3>Lothar Schulz erz\u00e4hlt \u00fcber Auren Deutschland<\/h3>\r\n        <\/div>\r\n        <div class=\"article_description\">\r\n            <p><\/p>\r\n        <\/div>\r\n                    <span class=\"article_button\">Zum Video<\/span>\r\n        \r\n    <\/div>\r\n    <figure class=\"article_media\">\r\n        <img decoding=\"async\" class=\"article_media_image\" src=\"https:\/\/img.youtube.com\/vi\/EjrjBgRFk-A\/hqdefault.jpg\" title=\"Lothar Schulz erz\u00e4hlt \u00fcber Auren Deutschland\">            <\/figure>\r\n    <\/a>\r\n<a href=\"https:\/\/aurenweb-stg.servidortemporal.net\/de\/videos\/theresa-wais-erzaehlt-ueber-auren-stuttgart\/\" class=\"article\">\r\n    <div class=\"article_text\">\r\n        <div class=\"article_meta\">\r\n\r\n                        <div class=\"article_date\">\r\n                <p>06.07.2020<\/p>\r\n            <\/div>\r\n        <\/div>\r\n        <div class=\"article_title\">\r\n            <h3>Theresa Wais erz\u00e4hlt \u00fcber Auren Stuttgart<\/h3>\r\n        <\/div>\r\n        <div class=\"article_description\">\r\n            <p><\/p>\r\n        <\/div>\r\n                    <span class=\"article_button\">Zum Video<\/span>\r\n        \r\n    <\/div>\r\n    <figure class=\"article_media\">\r\n        <img decoding=\"async\" class=\"article_media_image\" src=\"https:\/\/img.youtube.com\/vi\/-Jk56Dfb2Mc\/hqdefault.jpg\" title=\"Theresa Wais erz\u00e4hlt \u00fcber Auren Stuttgart\">            <\/figure>\r\n    <\/a>\r\n\n        <\/div>\n    <\/div>\n\n    <\/div>\n\n\n<div id=\"Share-block_8fb33ea131fc78277d447f00aecb31ba\" class=\"Share\">\n    <div class=\"sharer\">\n        <div class=\"container center\">\n            <h3 class='sharer_text'>Folgen Sie uns auf unseren internationalen Social-Media-Kan\u00e4len.<\/h3>\n            <nav class=\"sharer_nav\">\n                                                <a class=\"sharer_nav_item share_nav_item_0\" href=\"https:\/\/de.linkedin.com\/organization-guest\/company\/auren-deutschland?challengeId=AQGS3WPNCqBnjwAAAXMjT7JJGrYFRg013hKhqssTljQn2Uvrh2W-_tc_E7VC-C_lNolY3VawnIGkIIKLuh2W2e7Sd4VJy8FecA&#038;submissionId=7ae7c2c6-8e1d-1f16-76a4-466794338300\"\n                    target=\"_blank\">Linkedin<\/a>\n                <style>\n                .Share .share_nav_item_0 {\n                    background-image: url(https:\/\/aurenweb-stg.servidortemporal.net\/de\/wp-content\/uploads\/2025\/01\/download.svg);\n                }\n\n                .Share .share_nav_item_0:hover {\n                    background-image: url(https:\/\/aurenweb-stg.servidortemporal.net\/de\/wp-content\/uploads\/2025\/01\/download.svg);\n                }\n                <\/style>\n                \n                                                <a class=\"sharer_nav_item share_nav_item_1\" href=\"https:\/\/www.facebook.com\/aurendeutschland\"\n                    target=\"_blank\"><\/a>\n                <style>\n                .Share .share_nav_item_1 {\n                    background-image: url(https:\/\/aurenweb-stg.servidortemporal.net\/de\/wp-content\/uploads\/2026\/02\/Shape.png);\n                }\n\n                .Share .share_nav_item_1:hover {\n                    background-image: url(https:\/\/aurenweb-stg.servidortemporal.net\/de\/wp-content\/uploads\/2026\/02\/Shape.png);\n                }\n                <\/style>\n                \n                                                <a class=\"sharer_nav_item share_nav_item_2\" href=\"https:\/\/twitter.com\/Auren_Global\"\n                    target=\"_blank\"><\/a>\n                <style>\n                .Share .share_nav_item_2 {\n                    background-image: url(https:\/\/aurenweb-stg.servidortemporal.net\/de\/wp-content\/uploads\/2026\/02\/Shape-1.png);\n                }\n\n                .Share .share_nav_item_2:hover {\n                    background-image: url(https:\/\/aurenweb-stg.servidortemporal.net\/de\/wp-content\/uploads\/2026\/02\/Shape-1.png);\n                }\n                <\/style>\n                \n                                                <a class=\"sharer_nav_item share_nav_item_3\" href=\"https:\/\/www.youtube.com\/@aurendeutschland\"\n                    target=\"_blank\"><\/a>\n                <style>\n                .Share .share_nav_item_3 {\n                    background-image: url(https:\/\/aurenweb-stg.servidortemporal.net\/de\/wp-content\/uploads\/2026\/02\/Dribbble-Light-Preview-1.svg);\n                }\n\n                .Share .share_nav_item_3:hover {\n                    background-image: url(https:\/\/aurenweb-stg.servidortemporal.net\/de\/wp-content\/uploads\/2026\/02\/Dribbble-Light-Preview-1.svg);\n                }\n                <\/style>\n                \n                            <\/nav>\n        <\/div>\n    <\/div>\n<\/div>","protected":false},"excerpt":{"rendered":"","protected":false},"author":2,"featured_media":0,"parent":2457,"menu_order":70,"comment_status":"closed","ping_status":"closed","template":"","meta":{"_acf_changed":false,"footnotes":""},"class_list":["post-2483","page","type-page","status-publish","hentry"],"acf":[],"yoast_head":"<!-- This site is optimized with the Yoast SEO plugin v24.3 - https:\/\/yoast.com\/wordpress\/plugins\/seo\/ -->\n<title>Videos - Auren Germany<\/title>\n<meta name=\"robots\" content=\"noindex, follow, max-snippet:-1, max-image-preview:large, max-video-preview:-1\" \/>\n<meta property=\"og:locale\" content=\"de_DE\" \/>\n<meta property=\"og:type\" content=\"article\" \/>\n<meta property=\"og:title\" content=\"Videos - Auren Germany\" \/>\n<meta property=\"og:url\" content=\"https:\/\/aurenweb-stg.servidortemporal.net\/de\/trends\/videos\/\" \/>\n<meta property=\"og:site_name\" content=\"Auren Germany\" \/>\n<meta property=\"article:publisher\" content=\"https:\/\/www.facebook.com\/aurendeutschland\" \/>\n<meta property=\"article:modified_time\" content=\"2025-01-24T09:14:33+00:00\" \/>\n<meta name=\"twitter:card\" content=\"summary_large_image\" \/>\n<script type=\"application\/ld+json\" class=\"yoast-schema-graph\">{\"@context\":\"https:\/\/schema.org\",\"@graph\":[{\"@type\":\"WebPage\",\"@id\":\"https:\/\/aurenweb-stg.servidortemporal.net\/de\/trends\/videos\/\",\"url\":\"https:\/\/aurenweb-stg.servidortemporal.net\/de\/trends\/videos\/\",\"name\":\"Videos - Auren Germany\",\"isPartOf\":{\"@id\":\"https:\/\/aurenweb-stg.servidortemporal.net\/de\/#website\"},\"datePublished\":\"2024-12-19T11:58:38+00:00\",\"dateModified\":\"2025-01-24T09:14:33+00:00\",\"breadcrumb\":{\"@id\":\"https:\/\/aurenweb-stg.servidortemporal.net\/de\/trends\/videos\/#breadcrumb\"},\"inLanguage\":\"de\",\"potentialAction\":[{\"@type\":\"ReadAction\",\"target\":[\"https:\/\/aurenweb-stg.servidortemporal.net\/de\/trends\/videos\/\"]}]},{\"@type\":\"BreadcrumbList\",\"@id\":\"https:\/\/aurenweb-stg.servidortemporal.net\/de\/trends\/videos\/#breadcrumb\",\"itemListElement\":[{\"@type\":\"ListItem\",\"position\":1,\"name\":\"Home\",\"item\":\"https:\/\/aurenweb-stg.servidortemporal.net\/de\/\"},{\"@type\":\"ListItem\",\"position\":2,\"name\":\"Aktuelles\",\"item\":\"https:\/\/aurenweb-stg.servidortemporal.net\/de\/trends\/\"},{\"@type\":\"ListItem\",\"position\":3,\"name\":\"Videos\"}]},{\"@type\":\"WebSite\",\"@id\":\"https:\/\/aurenweb-stg.servidortemporal.net\/de\/#website\",\"url\":\"https:\/\/aurenweb-stg.servidortemporal.net\/de\/\",\"name\":\"Auren\",\"description\":\"\",\"publisher\":{\"@id\":\"https:\/\/aurenweb-stg.servidortemporal.net\/de\/#organization\"},\"alternateName\":\"Auren\",\"potentialAction\":[{\"@type\":\"SearchAction\",\"target\":{\"@type\":\"EntryPoint\",\"urlTemplate\":\"https:\/\/aurenweb-stg.servidortemporal.net\/de\/?s={search_term_string}\"},\"query-input\":{\"@type\":\"PropertyValueSpecification\",\"valueRequired\":true,\"valueName\":\"search_term_string\"}}],\"inLanguage\":\"de\"},{\"@type\":\"Organization\",\"@id\":\"https:\/\/aurenweb-stg.servidortemporal.net\/de\/#organization\",\"name\":\"Auren Deutschland\",\"url\":\"https:\/\/aurenweb-stg.servidortemporal.net\/de\/\",\"logo\":{\"@type\":\"ImageObject\",\"inLanguage\":\"de\",\"@id\":\"https:\/\/aurenweb-stg.servidortemporal.net\/de\/#\/schema\/logo\/image\/\",\"url\":\"https:\/\/aurenweb-stg.servidortemporal.net\/de\/wp-content\/uploads\/2025\/01\/cropped-cropped-favicon-Auren.png\",\"contentUrl\":\"https:\/\/aurenweb-stg.servidortemporal.net\/de\/wp-content\/uploads\/2025\/01\/cropped-cropped-favicon-Auren.png\",\"width\":512,\"height\":512,\"caption\":\"Auren Deutschland\"},\"image\":{\"@id\":\"https:\/\/aurenweb-stg.servidortemporal.net\/de\/#\/schema\/logo\/image\/\"},\"sameAs\":[\"https:\/\/www.facebook.com\/aurendeutschland\",\"https:\/\/de.linkedin.com\/organization-guest\/company\/auren-deutschland\",\"https:\/\/www.youtube.com\/@aurendeutschland\",\"https:\/\/www.instagram.com\/aurendeutschland\/\"]}]}<\/script>\n<!-- \/ Yoast SEO plugin. -->","yoast_head_json":{"title":"Videos - Auren Germany","robots":{"index":"noindex","follow":"follow","max-snippet":"max-snippet:-1","max-image-preview":"max-image-preview:large","max-video-preview":"max-video-preview:-1"},"og_locale":"de_DE","og_type":"article","og_title":"Videos - Auren Germany","og_url":"https:\/\/aurenweb-stg.servidortemporal.net\/de\/trends\/videos\/","og_site_name":"Auren Germany","article_publisher":"https:\/\/www.facebook.com\/aurendeutschland","article_modified_time":"2025-01-24T09:14:33+00:00","twitter_card":"summary_large_image","schema":{"@context":"https:\/\/schema.org","@graph":[{"@type":"WebPage","@id":"https:\/\/aurenweb-stg.servidortemporal.net\/de\/trends\/videos\/","url":"https:\/\/aurenweb-stg.servidortemporal.net\/de\/trends\/videos\/","name":"Videos - Auren Germany","isPartOf":{"@id":"https:\/\/aurenweb-stg.servidortemporal.net\/de\/#website"},"datePublished":"2024-12-19T11:58:38+00:00","dateModified":"2025-01-24T09:14:33+00:00","breadcrumb":{"@id":"https:\/\/aurenweb-stg.servidortemporal.net\/de\/trends\/videos\/#breadcrumb"},"inLanguage":"de","potentialAction":[{"@type":"ReadAction","target":["https:\/\/aurenweb-stg.servidortemporal.net\/de\/trends\/videos\/"]}]},{"@type":"BreadcrumbList","@id":"https:\/\/aurenweb-stg.servidortemporal.net\/de\/trends\/videos\/#breadcrumb","itemListElement":[{"@type":"ListItem","position":1,"name":"Home","item":"https:\/\/aurenweb-stg.servidortemporal.net\/de\/"},{"@type":"ListItem","position":2,"name":"Aktuelles","item":"https:\/\/aurenweb-stg.servidortemporal.net\/de\/trends\/"},{"@type":"ListItem","position":3,"name":"Videos"}]},{"@type":"WebSite","@id":"https:\/\/aurenweb-stg.servidortemporal.net\/de\/#website","url":"https:\/\/aurenweb-stg.servidortemporal.net\/de\/","name":"Auren","description":"","publisher":{"@id":"https:\/\/aurenweb-stg.servidortemporal.net\/de\/#organization"},"alternateName":"Auren","potentialAction":[{"@type":"SearchAction","target":{"@type":"EntryPoint","urlTemplate":"https:\/\/aurenweb-stg.servidortemporal.net\/de\/?s={search_term_string}"},"query-input":{"@type":"PropertyValueSpecification","valueRequired":true,"valueName":"search_term_string"}}],"inLanguage":"de"},{"@type":"Organization","@id":"https:\/\/aurenweb-stg.servidortemporal.net\/de\/#organization","name":"Auren Deutschland","url":"https:\/\/aurenweb-stg.servidortemporal.net\/de\/","logo":{"@type":"ImageObject","inLanguage":"de","@id":"https:\/\/aurenweb-stg.servidortemporal.net\/de\/#\/schema\/logo\/image\/","url":"https:\/\/aurenweb-stg.servidortemporal.net\/de\/wp-content\/uploads\/2025\/01\/cropped-cropped-favicon-Auren.png","contentUrl":"https:\/\/aurenweb-stg.servidortemporal.net\/de\/wp-content\/uploads\/2025\/01\/cropped-cropped-favicon-Auren.png","width":512,"height":512,"caption":"Auren Deutschland"},"image":{"@id":"https:\/\/aurenweb-stg.servidortemporal.net\/de\/#\/schema\/logo\/image\/"},"sameAs":["https:\/\/www.facebook.com\/aurendeutschland","https:\/\/de.linkedin.com\/organization-guest\/company\/auren-deutschland","https:\/\/www.youtube.com\/@aurendeutschland","https:\/\/www.instagram.com\/aurendeutschland\/"]}]}},"_links":{"self":[{"href":"https:\/\/aurenweb-stg.servidortemporal.net\/de\/wp-json\/wp\/v2\/pages\/2483","targetHints":{"allow":["GET"]}}],"collection":[{"href":"https:\/\/aurenweb-stg.servidortemporal.net\/de\/wp-json\/wp\/v2\/pages"}],"about":[{"href":"https:\/\/aurenweb-stg.servidortemporal.net\/de\/wp-json\/wp\/v2\/types\/page"}],"author":[{"embeddable":true,"href":"https:\/\/aurenweb-stg.servidortemporal.net\/de\/wp-json\/wp\/v2\/users\/2"}],"replies":[{"embeddable":true,"href":"https:\/\/aurenweb-stg.servidortemporal.net\/de\/wp-json\/wp\/v2\/comments?post=2483"}],"version-history":[{"count":7,"href":"https:\/\/aurenweb-stg.servidortemporal.net\/de\/wp-json\/wp\/v2\/pages\/2483\/revisions"}],"predecessor-version":[{"id":8803,"href":"https:\/\/aurenweb-stg.servidortemporal.net\/de\/wp-json\/wp\/v2\/pages\/2483\/revisions\/8803"}],"up":[{"embeddable":true,"href":"https:\/\/aurenweb-stg.servidortemporal.net\/de\/wp-json\/wp\/v2\/pages\/2457"}],"wp:attachment":[{"href":"https:\/\/aurenweb-stg.servidortemporal.net\/de\/wp-json\/wp\/v2\/media?parent=2483"}],"curies":[{"name":"wp","href":"https:\/\/api.w.org\/{rel}","templated":true}]}}