{"id":2545,"date":"2024-12-19T15:44:48","date_gmt":"2024-12-19T14:44:48","guid":{"rendered":"https:\/\/auren.com\/de\/?page_id=2545"},"modified":"2025-03-07T15:52:37","modified_gmt":"2025-03-07T14:52:37","slug":"loesungen","status":"publish","type":"page","link":"https:\/\/aurenweb-stg.servidortemporal.net\/de\/loesungen\/","title":{"rendered":"L\u00f6sungen"},"content":{"rendered":"<section id=\"Header-block_e531fbde51ae64fe5641f341fd0345f0\" class=\"Header\">\r\n\r\n    <div class=\"hero\">\r\n                <div class=\"container\">\r\n            <div class=\"hero_header\">\r\n                                \r\n                <div class=\"hero_header_title\">\r\n                    <h1 class='' style=\"text-align: left;\"><strong>Wir bieten Ihnen<\/strong><\/h1>\n                <\/div>\r\n\r\n                                                \r\n                <div class=\"hero_header_subtitle\">\r\n                    <p style=\"text-align: left;\">individuelle L\u00f6sungen<\/p>\n                <\/div>\r\n\r\n                                \r\n            <\/div>\r\n        <\/div>\r\n        \r\n                <picture>\r\n            <source srcset=\"https:\/\/aurenweb-stg.servidortemporal.net\/de\/wp-content\/uploads\/2024\/11\/bg-hero-solutions-d.webp\"\r\n                media=\"(min-width: 1200px)\" \/>\r\n            <img loading=\"lazy\" decoding=\"async\" class=\"hero_bg\"\r\n                <img loading=\"lazy\" decoding=\"async\" width=\"640\" height=\"379\" src=\"https:\/\/aurenweb-stg.servidortemporal.net\/de\/wp-content\/uploads\/2024\/11\/bg-hero-solutions-d-1024x607.webp\" class=\"hero_bg\" alt=\"\" srcset=\"https:\/\/aurenweb-stg.servidortemporal.net\/de\/wp-content\/uploads\/2024\/11\/bg-hero-solutions-d-1024x607.webp 1024w, https:\/\/aurenweb-stg.servidortemporal.net\/de\/wp-content\/uploads\/2024\/11\/bg-hero-solutions-d-300x178.webp 300w, https:\/\/aurenweb-stg.servidortemporal.net\/de\/wp-content\/uploads\/2024\/11\/bg-hero-solutions-d-768x455.webp 768w, https:\/\/aurenweb-stg.servidortemporal.net\/de\/wp-content\/uploads\/2024\/11\/bg-hero-solutions-d.webp 1200w\" sizes=\"auto, (max-width: 640px) 100vw, 640px\" \/>>\r\n        <\/picture>\r\n        \r\n                        <p class=\"hero_scroll\"><strong>Mehr erfahren<\/strong> Nach unten bl\u00e4ttern<\/p>\r\n                    <\/div>\r\n\r\n<\/section>\n\n\r\n<section id=\"Breadcrumbs-block_de341686b62633b33564b2e3a6b907f2\" class=\"Breadcrumbs\">\r\n    \r\n        <nav class=\"breads\" aria-label=\"Breadcrumb\">\r\n            <ul class=\"container\">\r\n                <li><a href=\"https:\/\/aurenweb-stg.servidortemporal.net\/de\">Home<\/a><\/li>\r\n                <li><span aria-current=\"page\">L\u00f6sungen<\/span><\/li>            <\/ul>\r\n        <\/nav>\r\n\r\n                                                                                     \r\n    \r\n<\/section>\r\n\n\n\r\n<section id=\"ImageText-block_532518917a29b7df41687af6041d7150\" class=\"ImageText\">\r\n\r\n    <section class=\"info \">\r\n        <div class=\"container\">\r\n            <div class=\"info_text\">\r\n                <div class=\"info_title\">\r\n                    <p class=''>Ma\u00dfgeschneiderte L\u00f6sungen f\u00fcr Ihr Unternehmen.<\/p>\n                <\/div>\r\n                <div class=\"info_description\">\r\n                    <p>Uns ist bewusst, dass jeder Unternehmensbereich seine eigenen Besonderheiten und Herausforderungen hat, die ma\u00dfgeschneiderte L\u00f6sungen erfordern. Ein Team von Experten aus allen Fachbereichen hat umfassende L\u00f6sungen entwickelt, die gezielt auf diese spezifischen Anforderungen abgestimmt sind. Mit unserem ganzheitlichen Ansatz und unseren All-in-One L\u00f6sungen bieten wir Ihnen eine echte Rundum-Betreuung, um Sie bestm\u00f6glich zu unterst\u00fctzen.<\/p>\n                <\/div>\r\n            <\/div>\r\n            <div class=\"info_media\">\r\n                <div class=\"info_media_item info_media_item-1\">\r\n                    <div class=\"info_media_item_text\"><span class=\"title\"><\/span><\/div>\r\n                    <div class=\"info_media_item_text_claim\"><\/div>\r\n                    <span class=\"info_media_item_bg\">\r\n                                                    <img loading=\"lazy\" decoding=\"async\" width=\"574\" height=\"1024\" src=\"https:\/\/aurenweb-stg.servidortemporal.net\/de\/wp-content\/uploads\/2024\/12\/image-text-13-574x1024.webp\" class=\"attachment-large size-large\" alt=\"\" srcset=\"https:\/\/aurenweb-stg.servidortemporal.net\/de\/wp-content\/uploads\/2024\/12\/image-text-13-574x1024.webp 574w, https:\/\/aurenweb-stg.servidortemporal.net\/de\/wp-content\/uploads\/2024\/12\/image-text-13-168x300.webp 168w, https:\/\/aurenweb-stg.servidortemporal.net\/de\/wp-content\/uploads\/2024\/12\/image-text-13-768x1370.webp 768w, https:\/\/aurenweb-stg.servidortemporal.net\/de\/wp-content\/uploads\/2024\/12\/image-text-13-861x1536.webp 861w, https:\/\/aurenweb-stg.servidortemporal.net\/de\/wp-content\/uploads\/2024\/12\/image-text-13-1148x2048.webp 1148w, https:\/\/aurenweb-stg.servidortemporal.net\/de\/wp-content\/uploads\/2024\/12\/image-text-13-scaled.webp 1435w\" sizes=\"auto, (max-width: 574px) 100vw, 574px\" \/>                                            <\/span>\r\n                                            <img loading=\"lazy\" decoding=\"async\" width=\"168\" height=\"168\" src=\"https:\/\/aurenweb-stg.servidortemporal.net\/de\/wp-content\/uploads\/2024\/12\/ico-info-media-2-1.webp\" class=\"info_media_item_ico\" alt=\"\" srcset=\"https:\/\/aurenweb-stg.servidortemporal.net\/de\/wp-content\/uploads\/2024\/12\/ico-info-media-2-1.webp 168w, https:\/\/aurenweb-stg.servidortemporal.net\/de\/wp-content\/uploads\/2024\/12\/ico-info-media-2-1-150x150.webp 150w\" sizes=\"auto, (max-width: 168px) 100vw, 168px\" \/>                                                        <\/div>\r\n                <div class=\"info_media_claim\">\r\n                                    <\/div>\r\n                <div class=\"info_media_item info_media_item-2\">\r\n                    <div class=\"info_media_item_text\"><span class=\"title\"><\/span><\/div>\r\n                    <div class=\"info_media_item_text_claim\"><\/div>\r\n                    <span class=\"info_media_item_bg\">\r\n                                                    <img loading=\"lazy\" decoding=\"async\" width=\"640\" height=\"958\" src=\"https:\/\/aurenweb-stg.servidortemporal.net\/de\/wp-content\/uploads\/2024\/12\/image-text-14-684x1024.webp\" class=\"attachment-large size-large\" alt=\"\" srcset=\"https:\/\/aurenweb-stg.servidortemporal.net\/de\/wp-content\/uploads\/2024\/12\/image-text-14-684x1024.webp 684w, https:\/\/aurenweb-stg.servidortemporal.net\/de\/wp-content\/uploads\/2024\/12\/image-text-14-200x300.webp 200w, https:\/\/aurenweb-stg.servidortemporal.net\/de\/wp-content\/uploads\/2024\/12\/image-text-14-768x1150.webp 768w, https:\/\/aurenweb-stg.servidortemporal.net\/de\/wp-content\/uploads\/2024\/12\/image-text-14-1025x1536.webp 1025w, https:\/\/aurenweb-stg.servidortemporal.net\/de\/wp-content\/uploads\/2024\/12\/image-text-14-1367x2048.webp 1367w, https:\/\/aurenweb-stg.servidortemporal.net\/de\/wp-content\/uploads\/2024\/12\/image-text-14-scaled.webp 1709w\" sizes=\"auto, (max-width: 640px) 100vw, 640px\" \/>                                            <\/span>\r\n                                                        <\/div>\r\n            <\/div>\r\n        <\/div>\r\n    <\/section>\r\n\r\n<\/section>\r\n\r\n\n\n<div id=\"TitleSubtitleText-block_063d05bd688f630dfd93e8a6cd4bb3ab\" class=\"TitleSubtitleText\">\n\n    <section class=\"headlines v3\">\n        <div class=\"container\">\n                        <div class=\"headlines_title\">\n                <p class='' style=\"text-align: right;\">Unsere Leistungen<\/p>\n            <\/div>\n                                    <div class=\"headlines_content\">\n                                                <div class=\"headlines_description\">\n                    <p style=\"text-align: left;\">Wir bieten Ihnen All-in-One Solutions: umfassende, innovative L\u00f6sungen f\u00fcr alle Unternehmensbereiche aus einer Hand, die echten Mehrwert f\u00fcr Ihr Unternehmen schaffen.<\/p>\n                <\/div>\n                                            <\/div>\n                    <\/div>\n    <\/section>\n\n<\/div>\n\n\n\r\n<section id=\"ParentPostsListDisplay-block_0372cf516f69265cd8c40f2ce3824a23\" class=\"ParentPostsListDisplay\">\r\n    \r\n        <section class=\"transformation\" id=\"transformation\">\r\n            <div class=\"container\">\r\n                \r\n                \r\n                <div class=\"transformation_content\">\r\n                    <ul class='transformation_list'><li class=\"transformation_list_item transformation_list_item-1\" data-position=\"1\">\r\n                <a class=\"transformation_list_item_link\" href=\"#\">International t\u00e4tige Unternehmen\u00a0<\/a>\r\n                <div class=\"transformation_list_item_text\">\r\n                    <p>Unsere Leistungen f\u00fcr international t\u00e4tige Unternehmen bieten Ihnen Unterst\u00fctzung bei allen grenz\u00fcberschreitenden Projekten. Mit einem globalen Netzwerk und international erfahrenen Beratern stellen wir sicher, dass wir Ihr Unternehmen weltweit unterst\u00fctzen k\u00f6nnen.<\/p>\r\n                    <a class='button button-primary' href='https:\/\/aurenweb-stg.servidortemporal.net\/de\/l\u00f6sungen\/international-taetige-unternehmen\/'>Mehr erfahren<\/a>\r\n                <\/div>\r\n            <\/li><li class=\"transformation_list_item transformation_list_item-2\" data-position=\"2\">\r\n                <a class=\"transformation_list_item_link\" href=\"#\">Personalverantwortliche<\/a>\r\n                <div class=\"transformation_list_item_text\">\r\n                    <p>Wir bieten Ihnen umfassende Unterst\u00fctzung bei allen administrativen und rechtlichen HR-Aufgaben. Von der Lohnbuchhaltung bis zur Personalverwaltung entlasten wir Sie in zahlreichen Bereichen der immer komplexer werdenden Personalarbeit.<\/p>\r\n                    <a class='button button-primary' href='https:\/\/aurenweb-stg.servidortemporal.net\/de\/l\u00f6sungen\/personalverantwortliche\/'>Mehr erfahren<\/a>\r\n                <\/div>\r\n            <\/li><li class=\"transformation_list_item transformation_list_item-3\" data-position=\"3\">\r\n                <a class=\"transformation_list_item_link\" href=\"#\">Gr\u00fcnder:innen<\/a>\r\n                <div class=\"transformation_list_item_text\">\r\n                    <p>Wir unterst\u00fctzen Sie von der Idee bis zur erfolgreichen Umsetzung und Weiterentwicklung Ihres Gesch\u00e4ftsplans. Wir begleiten Sie bei der Entwicklung eines soliden Fundaments f\u00fcr Ihr Unternehmen und k\u00fcmmern uns um alle steuerlichen, rechtlichen und betriebswirtschaftlichen Grundlagen.<\/p>\r\n                    <a class='button button-primary' href='https:\/\/aurenweb-stg.servidortemporal.net\/de\/l\u00f6sungen\/gruenderinnen\/'>Mehr erfahren<\/a>\r\n                <\/div>\r\n            <\/li><li class=\"transformation_list_item transformation_list_item-4\" data-position=\"4\">\r\n                <a class=\"transformation_list_item_link\" href=\"#\">K\u00e4ufer und Verk\u00e4ufer von Unternehmen, Investoren &amp; PE<\/a>\r\n                <div class=\"transformation_list_item_text\">\r\n                    <p>Wir bieten umfassende Unterst\u00fctzung entlang des gesamten Transaktionsprozesses und helfen dabei, die richtigen strategischen Entscheidungen zu treffen. Profitieren Sie von unserem interdisziplin\u00e4ren Ansatz und der pers\u00f6nlichen Prozessbegleitung durch einen Ansprechpartner.<\/p>\r\n                    <a class='button button-primary' href='https:\/\/aurenweb-stg.servidortemporal.net\/de\/l\u00f6sungen\/kaeufer-und-verkaeufer-von-unternehmen-investoren-pe\/'>Mehr erfahren<\/a>\r\n                <\/div>\r\n            <\/li><\/ul>                    <div class=\"transformation_media\">\r\n                        <div class=\"transformation_media_main\">\r\n                            <img loading=\"lazy\" decoding=\"async\" width=\"640\" height=\"379\" src=\"https:\/\/aurenweb-stg.servidortemporal.net\/de\/wp-content\/uploads\/2024\/11\/bg-hero-solutions-d-1024x607.webp\" class=\"transformation_media_main_bg\" alt=\"\" srcset=\"https:\/\/aurenweb-stg.servidortemporal.net\/de\/wp-content\/uploads\/2024\/11\/bg-hero-solutions-d-1024x607.webp 1024w, https:\/\/aurenweb-stg.servidortemporal.net\/de\/wp-content\/uploads\/2024\/11\/bg-hero-solutions-d-300x178.webp 300w, https:\/\/aurenweb-stg.servidortemporal.net\/de\/wp-content\/uploads\/2024\/11\/bg-hero-solutions-d-768x455.webp 768w, https:\/\/aurenweb-stg.servidortemporal.net\/de\/wp-content\/uploads\/2024\/11\/bg-hero-solutions-d.webp 1200w\" sizes=\"auto, (max-width: 640px) 100vw, 640px\" \/>                            <a class=\"transformation_media_main_link transformation_media_main_link-1\" href=\"https:\/\/aurenweb-stg.servidortemporal.net\/de\/l\u00f6sungen\/international-taetige-unternehmen\/\">\r\n                <span><\/span> \r\n                <strong>International t\u00e4tige Unternehmen\u00a0<\/strong>\r\n            <\/a><a class=\"transformation_media_main_link transformation_media_main_link-2\" href=\"https:\/\/aurenweb-stg.servidortemporal.net\/de\/l\u00f6sungen\/personalverantwortliche\/\">\r\n                <span><\/span> \r\n                <strong>Personalverantwortliche<\/strong>\r\n            <\/a><a class=\"transformation_media_main_link transformation_media_main_link-3\" href=\"https:\/\/aurenweb-stg.servidortemporal.net\/de\/l\u00f6sungen\/gruenderinnen\/\">\r\n                <span><\/span> \r\n                <strong>Gr\u00fcnder:innen<\/strong>\r\n            <\/a><a class=\"transformation_media_main_link transformation_media_main_link-4\" href=\"https:\/\/aurenweb-stg.servidortemporal.net\/de\/l\u00f6sungen\/kaeufer-und-verkaeufer-von-unternehmen-investoren-pe\/\">\r\n                <span><\/span> \r\n                <strong>K\u00e4ufer und Verk\u00e4ufer von Unternehmen, Investoren &amp; PE<\/strong>\r\n            <\/a>                        <\/div>\r\n                        <div class=\"transformation_media_secondary\">\r\n                            <img loading=\"lazy\" decoding=\"async\" width=\"640\" height=\"452\" src=\"https:\/\/aurenweb-stg.servidortemporal.net\/de\/wp-content\/uploads\/2024\/12\/Rectangle-34625339-1_11zon-1024x723.webp\" class=\"transformation_media_secondary_bg transformation_media_secondary_bg-1\" alt=\"\" srcset=\"https:\/\/aurenweb-stg.servidortemporal.net\/de\/wp-content\/uploads\/2024\/12\/Rectangle-34625339-1_11zon-1024x723.webp 1024w, https:\/\/aurenweb-stg.servidortemporal.net\/de\/wp-content\/uploads\/2024\/12\/Rectangle-34625339-1_11zon-300x212.webp 300w, https:\/\/aurenweb-stg.servidortemporal.net\/de\/wp-content\/uploads\/2024\/12\/Rectangle-34625339-1_11zon-768x542.webp 768w, https:\/\/aurenweb-stg.servidortemporal.net\/de\/wp-content\/uploads\/2024\/12\/Rectangle-34625339-1_11zon-1536x1084.webp 1536w, https:\/\/aurenweb-stg.servidortemporal.net\/de\/wp-content\/uploads\/2024\/12\/Rectangle-34625339-1_11zon-2048x1446.webp 2048w\" sizes=\"auto, (max-width: 640px) 100vw, 640px\" \/><img loading=\"lazy\" decoding=\"async\" width=\"640\" height=\"452\" src=\"https:\/\/aurenweb-stg.servidortemporal.net\/de\/wp-content\/uploads\/2024\/12\/Rectangle-34625342_11zon-1024x723.webp\" class=\"transformation_media_secondary_bg transformation_media_secondary_bg-2\" alt=\"\" srcset=\"https:\/\/aurenweb-stg.servidortemporal.net\/de\/wp-content\/uploads\/2024\/12\/Rectangle-34625342_11zon-1024x723.webp 1024w, https:\/\/aurenweb-stg.servidortemporal.net\/de\/wp-content\/uploads\/2024\/12\/Rectangle-34625342_11zon-300x212.webp 300w, https:\/\/aurenweb-stg.servidortemporal.net\/de\/wp-content\/uploads\/2024\/12\/Rectangle-34625342_11zon-768x542.webp 768w, https:\/\/aurenweb-stg.servidortemporal.net\/de\/wp-content\/uploads\/2024\/12\/Rectangle-34625342_11zon-1536x1084.webp 1536w, https:\/\/aurenweb-stg.servidortemporal.net\/de\/wp-content\/uploads\/2024\/12\/Rectangle-34625342_11zon-2048x1446.webp 2048w\" sizes=\"auto, (max-width: 640px) 100vw, 640px\" \/><img loading=\"lazy\" decoding=\"async\" width=\"640\" height=\"452\" src=\"https:\/\/aurenweb-stg.servidortemporal.net\/de\/wp-content\/uploads\/2024\/12\/Rectangle-34625341_11zon-1024x723.webp\" class=\"transformation_media_secondary_bg transformation_media_secondary_bg-3\" alt=\"\" srcset=\"https:\/\/aurenweb-stg.servidortemporal.net\/de\/wp-content\/uploads\/2024\/12\/Rectangle-34625341_11zon-1024x723.webp 1024w, https:\/\/aurenweb-stg.servidortemporal.net\/de\/wp-content\/uploads\/2024\/12\/Rectangle-34625341_11zon-300x212.webp 300w, https:\/\/aurenweb-stg.servidortemporal.net\/de\/wp-content\/uploads\/2024\/12\/Rectangle-34625341_11zon-768x542.webp 768w, https:\/\/aurenweb-stg.servidortemporal.net\/de\/wp-content\/uploads\/2024\/12\/Rectangle-34625341_11zon-1536x1084.webp 1536w, https:\/\/aurenweb-stg.servidortemporal.net\/de\/wp-content\/uploads\/2024\/12\/Rectangle-34625341_11zon-2048x1446.webp 2048w\" sizes=\"auto, (max-width: 640px) 100vw, 640px\" \/><img loading=\"lazy\" decoding=\"async\" width=\"640\" height=\"452\" src=\"https:\/\/aurenweb-stg.servidortemporal.net\/de\/wp-content\/uploads\/2024\/12\/Rectangle-34625343_11zon-1024x723.webp\" class=\"transformation_media_secondary_bg transformation_media_secondary_bg-4\" alt=\"\" srcset=\"https:\/\/aurenweb-stg.servidortemporal.net\/de\/wp-content\/uploads\/2024\/12\/Rectangle-34625343_11zon-1024x723.webp 1024w, https:\/\/aurenweb-stg.servidortemporal.net\/de\/wp-content\/uploads\/2024\/12\/Rectangle-34625343_11zon-300x212.webp 300w, https:\/\/aurenweb-stg.servidortemporal.net\/de\/wp-content\/uploads\/2024\/12\/Rectangle-34625343_11zon-768x542.webp 768w, https:\/\/aurenweb-stg.servidortemporal.net\/de\/wp-content\/uploads\/2024\/12\/Rectangle-34625343_11zon-1536x1084.webp 1536w, https:\/\/aurenweb-stg.servidortemporal.net\/de\/wp-content\/uploads\/2024\/12\/Rectangle-34625343_11zon-2048x1446.webp 2048w\" sizes=\"auto, (max-width: 640px) 100vw, 640px\" \/>                        <\/div>\r\n                    <\/div>\r\n                <\/div>\r\n            <\/div>\r\n        <\/section>\r\n\r\n    <\/section>\r\n\r\n\n\n<section id=\"ImageTextV2-block_286773787f17049a0a58ef6c23135994\" class=\"ImageTextV2\">\r\n\r\n    <div class=\"upcoming v2\">\r\n        <div class=\"container\">\r\n            <div class=\"upcoming_text\">\r\n                <div class=\"upcoming_title\">\r\n                    <div class=\"upcoming_title\">\n<h3 class=''>Bereit f\u00fcr gemeinsame Erfolge?<\/h3>\n<\/div>\n                <\/div>\r\n                <div class=\"upcoming_kicker\">\r\n                                    <\/div>\r\n            <\/div>\r\n            <div class=\"upcoming_media\">\r\n                <a class=\"button button-primary button-icon\" href=\"https:\/\/aurenweb-stg.servidortemporal.net\/de\/kontakt\/\" target=\"\">Kontakt<\/a>\r\n                <span class=\"upcoming_media_bg\"><img loading=\"lazy\" decoding=\"async\" width=\"640\" height=\"419\" src=\"https:\/\/aurenweb-stg.servidortemporal.net\/de\/wp-content\/uploads\/2024\/12\/bg-upcoming-media-v2-1.webp\" class=\"\" alt=\"\" srcset=\"https:\/\/aurenweb-stg.servidortemporal.net\/de\/wp-content\/uploads\/2024\/12\/bg-upcoming-media-v2-1.webp 684w, https:\/\/aurenweb-stg.servidortemporal.net\/de\/wp-content\/uploads\/2024\/12\/bg-upcoming-media-v2-1-300x196.webp 300w\" sizes=\"auto, (max-width: 640px) 100vw, 640px\" \/><\/span>\r\n            <\/div>\r\n        <\/div>\r\n    <\/div>\r\n\r\n<\/section>\r\n","protected":false},"excerpt":{"rendered":"","protected":false},"author":2,"featured_media":0,"parent":0,"menu_order":65,"comment_status":"closed","ping_status":"closed","template":"","meta":{"_acf_changed":false,"footnotes":""},"class_list":["post-2545","page","type-page","status-publish","hentry"],"acf":[],"yoast_head":"<!-- This site is optimized with the Yoast SEO plugin v24.3 - https:\/\/yoast.com\/wordpress\/plugins\/seo\/ -->\n<title>L\u00f6sungen - Auren Germany<\/title>\n<meta name=\"robots\" content=\"noindex, follow, max-snippet:-1, max-image-preview:large, max-video-preview:-1\" \/>\n<meta property=\"og:locale\" content=\"de_DE\" \/>\n<meta property=\"og:type\" content=\"article\" \/>\n<meta property=\"og:title\" content=\"L\u00f6sungen - Auren Germany\" \/>\n<meta property=\"og:url\" content=\"https:\/\/aurenweb-stg.servidortemporal.net\/de\/loesungen\/\" \/>\n<meta property=\"og:site_name\" content=\"Auren Germany\" \/>\n<meta property=\"article:publisher\" content=\"https:\/\/www.facebook.com\/aurendeutschland\" \/>\n<meta property=\"article:modified_time\" content=\"2025-03-07T14:52:37+00:00\" \/>\n<meta name=\"twitter:card\" content=\"summary_large_image\" \/>\n<script type=\"application\/ld+json\" class=\"yoast-schema-graph\">{\"@context\":\"https:\/\/schema.org\",\"@graph\":[{\"@type\":\"WebPage\",\"@id\":\"https:\/\/aurenweb-stg.servidortemporal.net\/de\/loesungen\/\",\"url\":\"https:\/\/aurenweb-stg.servidortemporal.net\/de\/loesungen\/\",\"name\":\"L\u00f6sungen - Auren Germany\",\"isPartOf\":{\"@id\":\"https:\/\/aurenweb-stg.servidortemporal.net\/de\/#website\"},\"datePublished\":\"2024-12-19T14:44:48+00:00\",\"dateModified\":\"2025-03-07T14:52:37+00:00\",\"breadcrumb\":{\"@id\":\"https:\/\/aurenweb-stg.servidortemporal.net\/de\/loesungen\/#breadcrumb\"},\"inLanguage\":\"de\",\"potentialAction\":[{\"@type\":\"ReadAction\",\"target\":[\"https:\/\/aurenweb-stg.servidortemporal.net\/de\/loesungen\/\"]}]},{\"@type\":\"BreadcrumbList\",\"@id\":\"https:\/\/aurenweb-stg.servidortemporal.net\/de\/loesungen\/#breadcrumb\",\"itemListElement\":[{\"@type\":\"ListItem\",\"position\":1,\"name\":\"Home\",\"item\":\"https:\/\/aurenweb-stg.servidortemporal.net\/de\/\"},{\"@type\":\"ListItem\",\"position\":2,\"name\":\"L\u00f6sungen\"}]},{\"@type\":\"WebSite\",\"@id\":\"https:\/\/aurenweb-stg.servidortemporal.net\/de\/#website\",\"url\":\"https:\/\/aurenweb-stg.servidortemporal.net\/de\/\",\"name\":\"Auren\",\"description\":\"\",\"publisher\":{\"@id\":\"https:\/\/aurenweb-stg.servidortemporal.net\/de\/#organization\"},\"alternateName\":\"Auren\",\"potentialAction\":[{\"@type\":\"SearchAction\",\"target\":{\"@type\":\"EntryPoint\",\"urlTemplate\":\"https:\/\/aurenweb-stg.servidortemporal.net\/de\/?s={search_term_string}\"},\"query-input\":{\"@type\":\"PropertyValueSpecification\",\"valueRequired\":true,\"valueName\":\"search_term_string\"}}],\"inLanguage\":\"de\"},{\"@type\":\"Organization\",\"@id\":\"https:\/\/aurenweb-stg.servidortemporal.net\/de\/#organization\",\"name\":\"Auren Deutschland\",\"url\":\"https:\/\/aurenweb-stg.servidortemporal.net\/de\/\",\"logo\":{\"@type\":\"ImageObject\",\"inLanguage\":\"de\",\"@id\":\"https:\/\/aurenweb-stg.servidortemporal.net\/de\/#\/schema\/logo\/image\/\",\"url\":\"https:\/\/aurenweb-stg.servidortemporal.net\/de\/wp-content\/uploads\/2025\/01\/cropped-cropped-favicon-Auren.png\",\"contentUrl\":\"https:\/\/aurenweb-stg.servidortemporal.net\/de\/wp-content\/uploads\/2025\/01\/cropped-cropped-favicon-Auren.png\",\"width\":512,\"height\":512,\"caption\":\"Auren Deutschland\"},\"image\":{\"@id\":\"https:\/\/aurenweb-stg.servidortemporal.net\/de\/#\/schema\/logo\/image\/\"},\"sameAs\":[\"https:\/\/www.facebook.com\/aurendeutschland\",\"https:\/\/de.linkedin.com\/organization-guest\/company\/auren-deutschland\",\"https:\/\/www.youtube.com\/@aurendeutschland\",\"https:\/\/www.instagram.com\/aurendeutschland\/\"]}]}<\/script>\n<!-- \/ Yoast SEO plugin. -->","yoast_head_json":{"title":"L\u00f6sungen - Auren Germany","robots":{"index":"noindex","follow":"follow","max-snippet":"max-snippet:-1","max-image-preview":"max-image-preview:large","max-video-preview":"max-video-preview:-1"},"og_locale":"de_DE","og_type":"article","og_title":"L\u00f6sungen - Auren Germany","og_url":"https:\/\/aurenweb-stg.servidortemporal.net\/de\/loesungen\/","og_site_name":"Auren Germany","article_publisher":"https:\/\/www.facebook.com\/aurendeutschland","article_modified_time":"2025-03-07T14:52:37+00:00","twitter_card":"summary_large_image","schema":{"@context":"https:\/\/schema.org","@graph":[{"@type":"WebPage","@id":"https:\/\/aurenweb-stg.servidortemporal.net\/de\/loesungen\/","url":"https:\/\/aurenweb-stg.servidortemporal.net\/de\/loesungen\/","name":"L\u00f6sungen - Auren Germany","isPartOf":{"@id":"https:\/\/aurenweb-stg.servidortemporal.net\/de\/#website"},"datePublished":"2024-12-19T14:44:48+00:00","dateModified":"2025-03-07T14:52:37+00:00","breadcrumb":{"@id":"https:\/\/aurenweb-stg.servidortemporal.net\/de\/loesungen\/#breadcrumb"},"inLanguage":"de","potentialAction":[{"@type":"ReadAction","target":["https:\/\/aurenweb-stg.servidortemporal.net\/de\/loesungen\/"]}]},{"@type":"BreadcrumbList","@id":"https:\/\/aurenweb-stg.servidortemporal.net\/de\/loesungen\/#breadcrumb","itemListElement":[{"@type":"ListItem","position":1,"name":"Home","item":"https:\/\/aurenweb-stg.servidortemporal.net\/de\/"},{"@type":"ListItem","position":2,"name":"L\u00f6sungen"}]},{"@type":"WebSite","@id":"https:\/\/aurenweb-stg.servidortemporal.net\/de\/#website","url":"https:\/\/aurenweb-stg.servidortemporal.net\/de\/","name":"Auren","description":"","publisher":{"@id":"https:\/\/aurenweb-stg.servidortemporal.net\/de\/#organization"},"alternateName":"Auren","potentialAction":[{"@type":"SearchAction","target":{"@type":"EntryPoint","urlTemplate":"https:\/\/aurenweb-stg.servidortemporal.net\/de\/?s={search_term_string}"},"query-input":{"@type":"PropertyValueSpecification","valueRequired":true,"valueName":"search_term_string"}}],"inLanguage":"de"},{"@type":"Organization","@id":"https:\/\/aurenweb-stg.servidortemporal.net\/de\/#organization","name":"Auren Deutschland","url":"https:\/\/aurenweb-stg.servidortemporal.net\/de\/","logo":{"@type":"ImageObject","inLanguage":"de","@id":"https:\/\/aurenweb-stg.servidortemporal.net\/de\/#\/schema\/logo\/image\/","url":"https:\/\/aurenweb-stg.servidortemporal.net\/de\/wp-content\/uploads\/2025\/01\/cropped-cropped-favicon-Auren.png","contentUrl":"https:\/\/aurenweb-stg.servidortemporal.net\/de\/wp-content\/uploads\/2025\/01\/cropped-cropped-favicon-Auren.png","width":512,"height":512,"caption":"Auren Deutschland"},"image":{"@id":"https:\/\/aurenweb-stg.servidortemporal.net\/de\/#\/schema\/logo\/image\/"},"sameAs":["https:\/\/www.facebook.com\/aurendeutschland","https:\/\/de.linkedin.com\/organization-guest\/company\/auren-deutschland","https:\/\/www.youtube.com\/@aurendeutschland","https:\/\/www.instagram.com\/aurendeutschland\/"]}]}},"_links":{"self":[{"href":"https:\/\/aurenweb-stg.servidortemporal.net\/de\/wp-json\/wp\/v2\/pages\/2545","targetHints":{"allow":["GET"]}}],"collection":[{"href":"https:\/\/aurenweb-stg.servidortemporal.net\/de\/wp-json\/wp\/v2\/pages"}],"about":[{"href":"https:\/\/aurenweb-stg.servidortemporal.net\/de\/wp-json\/wp\/v2\/types\/page"}],"author":[{"embeddable":true,"href":"https:\/\/aurenweb-stg.servidortemporal.net\/de\/wp-json\/wp\/v2\/users\/2"}],"replies":[{"embeddable":true,"href":"https:\/\/aurenweb-stg.servidortemporal.net\/de\/wp-json\/wp\/v2\/comments?post=2545"}],"version-history":[{"count":7,"href":"https:\/\/aurenweb-stg.servidortemporal.net\/de\/wp-json\/wp\/v2\/pages\/2545\/revisions"}],"predecessor-version":[{"id":75333,"href":"https:\/\/aurenweb-stg.servidortemporal.net\/de\/wp-json\/wp\/v2\/pages\/2545\/revisions\/75333"}],"wp:attachment":[{"href":"https:\/\/aurenweb-stg.servidortemporal.net\/de\/wp-json\/wp\/v2\/media?parent=2545"}],"curies":[{"name":"wp","href":"https:\/\/api.w.org\/{rel}","templated":true}]}}