{"id":2563,"date":"2024-12-19T15:53:07","date_gmt":"2024-12-19T14:53:07","guid":{"rendered":"https:\/\/auren.com\/de\/?page_id=2563"},"modified":"2025-02-18T16:15:17","modified_gmt":"2025-02-18T15:15:17","slug":"leistungen","status":"publish","type":"page","link":"https:\/\/aurenweb-stg.servidortemporal.net\/de\/leistungen\/","title":{"rendered":"Leistungen"},"content":{"rendered":"<section id=\"Header-block_6f0efb5ef594f97127c7737f96bc46d9\" class=\"Header\">\r\n\r\n    <div class=\"hero\">\r\n                <div class=\"container\">\r\n            <div class=\"hero_header\">\r\n                                \r\n                <div class=\"hero_header_title\">\r\n                    <h2 class=''>Unsere Expertise<\/h2>\n                <\/div>\r\n\r\n                                                \r\n                <div class=\"hero_header_title\">\r\n                    <h2 class='' style=\"text-align: right;\"><strong>f\u00fcr Ihren Erfolg<\/strong><\/h2>\n                <\/div>\r\n\r\n                                                \r\n                <div class=\"hero_header_subtitle\">\r\n                    <p>Warum unsere Dienstleistungen die richtige Wahl sind<\/p>\n                <\/div>\r\n\r\n                                \r\n            <\/div>\r\n        <\/div>\r\n        \r\n                <picture>\r\n            <source srcset=\"https:\/\/aurenweb-stg.servidortemporal.net\/de\/wp-content\/uploads\/2024\/11\/bg-hero-services-d.webp\"\r\n                media=\"(min-width: 1200px)\" \/>\r\n            <img loading=\"lazy\" decoding=\"async\" class=\"hero_bg\"\r\n                <img loading=\"lazy\" decoding=\"async\" width=\"640\" height=\"383\" src=\"https:\/\/aurenweb-stg.servidortemporal.net\/de\/wp-content\/uploads\/2024\/11\/bg-hero-services-d-1024x612.webp\" class=\"hero_bg\" alt=\"\" srcset=\"https:\/\/aurenweb-stg.servidortemporal.net\/de\/wp-content\/uploads\/2024\/11\/bg-hero-services-d-1024x612.webp 1024w, https:\/\/aurenweb-stg.servidortemporal.net\/de\/wp-content\/uploads\/2024\/11\/bg-hero-services-d-300x179.webp 300w, https:\/\/aurenweb-stg.servidortemporal.net\/de\/wp-content\/uploads\/2024\/11\/bg-hero-services-d-768x459.webp 768w, https:\/\/aurenweb-stg.servidortemporal.net\/de\/wp-content\/uploads\/2024\/11\/bg-hero-services-d.webp 1200w\" sizes=\"auto, (max-width: 640px) 100vw, 640px\" \/>>\r\n        <\/picture>\r\n        \r\n                        <p class=\"hero_scroll\"><strong>Mehr erfahren<\/strong> Nach unten bl\u00e4ttern<\/p>\r\n                    <\/div>\r\n\r\n<\/section>\n\n\r\n<section id=\"Breadcrumbs-block_233334f2cb694a345639d0550c73ef12\" class=\"Breadcrumbs\">\r\n    \r\n        <nav class=\"breads\" aria-label=\"Breadcrumb\">\r\n            <ul class=\"container\">\r\n                <li><a href=\"https:\/\/aurenweb-stg.servidortemporal.net\/de\">Home<\/a><\/li>\r\n                <li><span aria-current=\"page\">Leistungen<\/span><\/li>            <\/ul>\r\n        <\/nav>\r\n\r\n                                                                                     \r\n    \r\n<\/section>\r\n\n\n\r\n<section id=\"ImageText-block_a6838c8dcd18396f63bfde69eaa70aa5\" class=\"ImageText\">\r\n\r\n    <section class=\"info \">\r\n        <div class=\"container\">\r\n            <div class=\"info_text\">\r\n                <div class=\"info_title\">\r\n                    <p class=''>Unsere Dienstleistungen<\/p>\n                <\/div>\r\n                <div class=\"info_description\">\r\n                    <p>In einem sich stetig wandelnden Markt stehen wir Ihnen zur Seite, um Ihre Herausforderungen zu meistern und Chancen optimal zu nutzen. Unser Team aus erfahrenen Spezialisten mit vielf\u00e4ltigen und sich erg\u00e4nzenden Qualifikationen engagiert sich daf\u00fcr, das nachhaltige Wachstum und den Erfolg Ihres Unternehmens voranzutreiben.<\/p>\n                <\/div>\r\n            <\/div>\r\n            <div class=\"info_media\">\r\n                <div class=\"info_media_item info_media_item-1\">\r\n                    <div class=\"info_media_item_text\"><span class=\"title\"><\/span><\/div>\r\n                    <div class=\"info_media_item_text_claim\"><\/div>\r\n                    <span class=\"info_media_item_bg\">\r\n                                                    <img loading=\"lazy\" decoding=\"async\" width=\"640\" height=\"382\" src=\"https:\/\/aurenweb-stg.servidortemporal.net\/de\/wp-content\/uploads\/2024\/12\/image-text-15-1-1024x611.webp\" class=\"attachment-large size-large\" alt=\"\" srcset=\"https:\/\/aurenweb-stg.servidortemporal.net\/de\/wp-content\/uploads\/2024\/12\/image-text-15-1-1024x611.webp 1024w, https:\/\/aurenweb-stg.servidortemporal.net\/de\/wp-content\/uploads\/2024\/12\/image-text-15-1-300x179.webp 300w, https:\/\/aurenweb-stg.servidortemporal.net\/de\/wp-content\/uploads\/2024\/12\/image-text-15-1-768x459.webp 768w, https:\/\/aurenweb-stg.servidortemporal.net\/de\/wp-content\/uploads\/2024\/12\/image-text-15-1-1536x917.webp 1536w, https:\/\/aurenweb-stg.servidortemporal.net\/de\/wp-content\/uploads\/2024\/12\/image-text-15-1.webp 1916w\" sizes=\"auto, (max-width: 640px) 100vw, 640px\" \/>                                            <\/span>\r\n                                            <img loading=\"lazy\" decoding=\"async\" width=\"168\" height=\"168\" src=\"https:\/\/aurenweb-stg.servidortemporal.net\/de\/wp-content\/uploads\/2024\/12\/ico-info-media-1-1.webp\" class=\"info_media_item_ico\" alt=\"\" srcset=\"https:\/\/aurenweb-stg.servidortemporal.net\/de\/wp-content\/uploads\/2024\/12\/ico-info-media-1-1.webp 168w, https:\/\/aurenweb-stg.servidortemporal.net\/de\/wp-content\/uploads\/2024\/12\/ico-info-media-1-1-150x150.webp 150w\" sizes=\"auto, (max-width: 168px) 100vw, 168px\" \/>                                                        <\/div>\r\n                <div class=\"info_media_claim\">\r\n                                    <\/div>\r\n                <div class=\"info_media_item info_media_item-2\">\r\n                    <div class=\"info_media_item_text\"><span class=\"title\"><\/span><\/div>\r\n                    <div class=\"info_media_item_text_claim\"><\/div>\r\n                    <span class=\"info_media_item_bg\">\r\n                                                    <img loading=\"lazy\" decoding=\"async\" width=\"640\" height=\"354\" src=\"https:\/\/aurenweb-stg.servidortemporal.net\/de\/wp-content\/uploads\/2024\/12\/image-text-2-1-1024x567.webp\" class=\"attachment-large size-large\" alt=\"\" srcset=\"https:\/\/aurenweb-stg.servidortemporal.net\/de\/wp-content\/uploads\/2024\/12\/image-text-2-1-1024x567.webp 1024w, https:\/\/aurenweb-stg.servidortemporal.net\/de\/wp-content\/uploads\/2024\/12\/image-text-2-1-300x166.webp 300w, https:\/\/aurenweb-stg.servidortemporal.net\/de\/wp-content\/uploads\/2024\/12\/image-text-2-1-768x425.webp 768w, https:\/\/aurenweb-stg.servidortemporal.net\/de\/wp-content\/uploads\/2024\/12\/image-text-2-1-1536x851.webp 1536w, https:\/\/aurenweb-stg.servidortemporal.net\/de\/wp-content\/uploads\/2024\/12\/image-text-2-1.webp 1748w\" sizes=\"auto, (max-width: 640px) 100vw, 640px\" \/>                                            <\/span>\r\n                                                        <\/div>\r\n            <\/div>\r\n        <\/div>\r\n    <\/section>\r\n\r\n<\/section>\r\n\r\n\n\n\r\n<section id=\"ParentPostsListDisplay-block_50f14bd677a5d6d27d14879a0f355b06\" class=\"ParentPostsListDisplay\">\r\n    \r\n        <section class=\"transformation\" id=\"transformation\">\r\n            <div class=\"container\">\r\n                                <div class=\"transformation_title\">\r\n                    <h3>Die Zeiten wandeln sich \u2013<\/h3>\n<h3>unsere Partnerschaft bleibt<\/h3>\n                <\/div>\r\n                \r\n                                <div class=\"transformation_description\">\r\n                    <p>Die Welt ist im stetigen Wandel \u2013 wir entwickeln uns mit ihr weiter und reagieren flexibel auf Ver\u00e4nderungen.<\/p>\n                <\/div>\r\n                \r\n                <div class=\"transformation_content\">\r\n                    <ul class='transformation_list'><li class=\"transformation_list_item transformation_list_item-1\" data-position=\"1\">\r\n                <a class=\"transformation_list_item_link\" href=\"#\">Wirtschaftspr\u00fcfung<\/a>\r\n                <div class=\"transformation_list_item_text\">\r\n                    <p>Mit unserer langj\u00e4hrigen Erfahrung und speziellem Fachwissen f\u00fcr den Mittelstand geben wir Ihnen die Sicherheit, die Sie f\u00fcr fundierte Entscheidungen ben\u00f6tigen. Unsere Pr\u00fcfungen erf\u00fcllen die h\u00f6chsten nationalen und internationalen Qualit\u00e4tsstandards und bieten neben der Erf\u00fcllung gesetzlicher Pflichten umfangreiche Mehrwerte.<\/p>\r\n                    <a class='button button-primary' href='https:\/\/aurenweb-stg.servidortemporal.net\/de\/leistungen\/wirtschaftspruefung\/'>Mehr erfahren<\/a>\r\n                <\/div>\r\n            <\/li><li class=\"transformation_list_item transformation_list_item-2\" data-position=\"2\">\r\n                <a class=\"transformation_list_item_link\" href=\"#\">Steuerberatung<\/a>\r\n                <div class=\"transformation_list_item_text\">\r\n                    <p>Individuelle Steuerberatung, speziell angepasst auf Ihre Bed\u00fcrfnisse. Egal ob Sie ein Unternehmen f\u00fchren, als Privatperson steuerliche Fragen haben oder international t\u00e4tig sind.<\/p>\r\n                    <a class='button button-primary' href='https:\/\/aurenweb-stg.servidortemporal.net\/de\/leistungen\/steuerberatung\/'>Mehr erfahren<\/a>\r\n                <\/div>\r\n            <\/li><li class=\"transformation_list_item transformation_list_item-3\" data-position=\"3\">\r\n                <a class=\"transformation_list_item_link\" href=\"#\">Rechtsberatung<\/a>\r\n                <div class=\"transformation_list_item_text\">\r\n                    <p>Wir geben Ihnen die notwendige rechtliche Sicherheit und Verl\u00e4sslichkeit. Ein pers\u00f6nlicher Ansprechpartner begleitet Sie bei der L\u00f6sung komplexer Fragestellungen. Mit einem fach\u00fcbergreifenden Team aus Spezialisten, das Ihnen den R\u00fccken freih\u00e4lt.<\/p>\r\n                    <a class='button button-primary' href='https:\/\/aurenweb-stg.servidortemporal.net\/de\/leistungen\/rechtsberatung\/'>Mehr erfahren<\/a>\r\n                <\/div>\r\n            <\/li><li class=\"transformation_list_item transformation_list_item-4\" data-position=\"4\">\r\n                <a class=\"transformation_list_item_link\" href=\"#\">Consulting<\/a>\r\n                <div class=\"transformation_list_item_text\">\r\n                    <p>Wir bieten effiziente und praxistaugliche L\u00f6sungen f\u00fcr mittelst\u00e4ndische Unternehmen. Nutzen Sie unsere interdisziplin\u00e4re Erfahrung und profitieren Sie von ganzheitlicher Beratung aus einer Hand.<\/p>\r\n                    <a class='button button-primary' href='https:\/\/aurenweb-stg.servidortemporal.net\/de\/leistungen\/consulting\/'>Mehr erfahren<\/a>\r\n                <\/div>\r\n            <\/li><li class=\"transformation_list_item transformation_list_item-5\" data-position=\"5\">\r\n                <a class=\"transformation_list_item_link\" href=\"#\">Corporate Finance<\/a>\r\n                <div class=\"transformation_list_item_text\">\r\n                    <p>Treffen Sie die korrekten strategischen Finanzentscheidung mit der Unterst\u00fctzung unserer fach\u00fcbergreifenden Teams. Wir gehen auf Ihre spezifischen Bed\u00fcrfnisse ein. Vertrauen Sie auf unser tiefes Verst\u00e4ndnis f\u00fcr den Mittelstand.<\/p>\r\n                    <a class='button button-primary' href='https:\/\/aurenweb-stg.servidortemporal.net\/de\/leistungen\/corporate-finance\/'>Mehr erfahren<\/a>\r\n                <\/div>\r\n            <\/li><\/ul>                    <div class=\"transformation_media\">\r\n                        <div class=\"transformation_media_main\">\r\n                            <img loading=\"lazy\" decoding=\"async\" width=\"640\" height=\"644\" src=\"https:\/\/aurenweb-stg.servidortemporal.net\/de\/wp-content\/uploads\/2024\/12\/example-transformation-media-1.webp\" class=\"transformation_media_main_bg\" alt=\"\" srcset=\"https:\/\/aurenweb-stg.servidortemporal.net\/de\/wp-content\/uploads\/2024\/12\/example-transformation-media-1.webp 1000w, https:\/\/aurenweb-stg.servidortemporal.net\/de\/wp-content\/uploads\/2024\/12\/example-transformation-media-1-298x300.webp 298w, https:\/\/aurenweb-stg.servidortemporal.net\/de\/wp-content\/uploads\/2024\/12\/example-transformation-media-1-150x150.webp 150w, https:\/\/aurenweb-stg.servidortemporal.net\/de\/wp-content\/uploads\/2024\/12\/example-transformation-media-1-768x773.webp 768w\" sizes=\"auto, (max-width: 640px) 100vw, 640px\" \/>                            <a class=\"transformation_media_main_link transformation_media_main_link-1\" href=\"https:\/\/aurenweb-stg.servidortemporal.net\/de\/leistungen\/wirtschaftspruefung\/\">\r\n                <span><\/span> \r\n                <strong>Wirtschaftspr\u00fcfung<\/strong>\r\n            <\/a><a class=\"transformation_media_main_link transformation_media_main_link-2\" href=\"https:\/\/aurenweb-stg.servidortemporal.net\/de\/leistungen\/steuerberatung\/\">\r\n                <span><\/span> \r\n                <strong>Steuerberatung<\/strong>\r\n            <\/a><a class=\"transformation_media_main_link transformation_media_main_link-3\" href=\"https:\/\/aurenweb-stg.servidortemporal.net\/de\/leistungen\/rechtsberatung\/\">\r\n                <span><\/span> \r\n                <strong>Rechtsberatung<\/strong>\r\n            <\/a><a class=\"transformation_media_main_link transformation_media_main_link-4\" href=\"https:\/\/aurenweb-stg.servidortemporal.net\/de\/leistungen\/consulting\/\">\r\n                <span><\/span> \r\n                <strong>Consulting<\/strong>\r\n            <\/a><a class=\"transformation_media_main_link transformation_media_main_link-5\" href=\"https:\/\/aurenweb-stg.servidortemporal.net\/de\/leistungen\/corporate-finance\/\">\r\n                <span><\/span> \r\n                <strong>Corporate Finance<\/strong>\r\n            <\/a>                        <\/div>\r\n                        <div class=\"transformation_media_secondary\">\r\n                            <img loading=\"lazy\" decoding=\"async\" width=\"577\" height=\"385\" src=\"https:\/\/aurenweb-stg.servidortemporal.net\/de\/wp-content\/uploads\/2024\/12\/example-mosaic-1-1.webp\" class=\"transformation_media_secondary_bg transformation_media_secondary_bg-1\" alt=\"\" srcset=\"https:\/\/aurenweb-stg.servidortemporal.net\/de\/wp-content\/uploads\/2024\/12\/example-mosaic-1-1.webp 577w, https:\/\/aurenweb-stg.servidortemporal.net\/de\/wp-content\/uploads\/2024\/12\/example-mosaic-1-1-300x200.webp 300w\" sizes=\"auto, (max-width: 577px) 100vw, 577px\" \/><img loading=\"lazy\" decoding=\"async\" width=\"577\" height=\"385\" src=\"https:\/\/aurenweb-stg.servidortemporal.net\/de\/wp-content\/uploads\/2024\/12\/example-mosaic-2-1.webp\" class=\"transformation_media_secondary_bg transformation_media_secondary_bg-2\" alt=\"\" srcset=\"https:\/\/aurenweb-stg.servidortemporal.net\/de\/wp-content\/uploads\/2024\/12\/example-mosaic-2-1.webp 577w, https:\/\/aurenweb-stg.servidortemporal.net\/de\/wp-content\/uploads\/2024\/12\/example-mosaic-2-1-300x200.webp 300w\" sizes=\"auto, (max-width: 577px) 100vw, 577px\" \/><img loading=\"lazy\" decoding=\"async\" width=\"577\" height=\"385\" src=\"https:\/\/aurenweb-stg.servidortemporal.net\/de\/wp-content\/uploads\/2024\/12\/example-mosaic-3-1.webp\" class=\"transformation_media_secondary_bg transformation_media_secondary_bg-3\" alt=\"\" srcset=\"https:\/\/aurenweb-stg.servidortemporal.net\/de\/wp-content\/uploads\/2024\/12\/example-mosaic-3-1.webp 577w, https:\/\/aurenweb-stg.servidortemporal.net\/de\/wp-content\/uploads\/2024\/12\/example-mosaic-3-1-300x200.webp 300w\" sizes=\"auto, (max-width: 577px) 100vw, 577px\" \/><img loading=\"lazy\" decoding=\"async\" width=\"577\" height=\"385\" src=\"https:\/\/aurenweb-stg.servidortemporal.net\/de\/wp-content\/uploads\/2024\/12\/example-mosaic-4-1.webp\" class=\"transformation_media_secondary_bg transformation_media_secondary_bg-4\" alt=\"\" srcset=\"https:\/\/aurenweb-stg.servidortemporal.net\/de\/wp-content\/uploads\/2024\/12\/example-mosaic-4-1.webp 577w, https:\/\/aurenweb-stg.servidortemporal.net\/de\/wp-content\/uploads\/2024\/12\/example-mosaic-4-1-300x200.webp 300w\" sizes=\"auto, (max-width: 577px) 100vw, 577px\" \/><img loading=\"lazy\" decoding=\"async\" width=\"533\" height=\"401\" src=\"https:\/\/aurenweb-stg.servidortemporal.net\/de\/wp-content\/uploads\/2024\/12\/Rectangle-9-1.webp\" class=\"transformation_media_secondary_bg transformation_media_secondary_bg-5\" alt=\"\" srcset=\"https:\/\/aurenweb-stg.servidortemporal.net\/de\/wp-content\/uploads\/2024\/12\/Rectangle-9-1.webp 533w, https:\/\/aurenweb-stg.servidortemporal.net\/de\/wp-content\/uploads\/2024\/12\/Rectangle-9-1-300x226.webp 300w\" sizes=\"auto, (max-width: 533px) 100vw, 533px\" \/>                        <\/div>\r\n                    <\/div>\r\n                <\/div>\r\n            <\/div>\r\n        <\/section>\r\n\r\n    <\/section>\r\n\r\n\n\n<section id=\"ImageTextV2-block_d86fd79de173ad12e523112936c12c31\" class=\"ImageTextV2\">\r\n\r\n    <div class=\"upcoming v2\">\r\n        <div class=\"container\">\r\n            <div class=\"upcoming_text\">\r\n                <div class=\"upcoming_title\">\r\n                    <div class=\"upcoming_title\">\n<h3 class=''>Bereit f\u00fcr gemeinsame Erfolge?<\/h3>\n<\/div>\n                <\/div>\r\n                <div class=\"upcoming_kicker\">\r\n                                    <\/div>\r\n            <\/div>\r\n            <div class=\"upcoming_media\">\r\n                <a class=\"button button-primary button-icon\" href=\"https:\/\/aurenweb-stg.servidortemporal.net\/de\/kontakt\/\" target=\"\">Kontakt<\/a>\r\n                <span class=\"upcoming_media_bg\"><img loading=\"lazy\" decoding=\"async\" width=\"640\" height=\"419\" src=\"https:\/\/aurenweb-stg.servidortemporal.net\/de\/wp-content\/uploads\/2024\/12\/bg-upcoming-media-v2-1.webp\" class=\"\" alt=\"\" srcset=\"https:\/\/aurenweb-stg.servidortemporal.net\/de\/wp-content\/uploads\/2024\/12\/bg-upcoming-media-v2-1.webp 684w, https:\/\/aurenweb-stg.servidortemporal.net\/de\/wp-content\/uploads\/2024\/12\/bg-upcoming-media-v2-1-300x196.webp 300w\" sizes=\"auto, (max-width: 640px) 100vw, 640px\" \/><\/span>\r\n            <\/div>\r\n        <\/div>\r\n    <\/div>\r\n\r\n<\/section>\r\n","protected":false},"excerpt":{"rendered":"","protected":false},"author":2,"featured_media":0,"parent":0,"menu_order":63,"comment_status":"closed","ping_status":"closed","template":"","meta":{"_acf_changed":false,"footnotes":""},"class_list":["post-2563","page","type-page","status-publish","hentry"],"acf":[],"yoast_head":"<!-- This site is optimized with the Yoast SEO plugin v24.3 - https:\/\/yoast.com\/wordpress\/plugins\/seo\/ -->\n<title>Leistungen - Auren Germany<\/title>\n<meta name=\"robots\" content=\"noindex, follow, max-snippet:-1, max-image-preview:large, max-video-preview:-1\" \/>\n<meta property=\"og:locale\" content=\"de_DE\" \/>\n<meta property=\"og:type\" content=\"article\" \/>\n<meta property=\"og:title\" content=\"Leistungen - Auren Germany\" \/>\n<meta property=\"og:url\" content=\"https:\/\/aurenweb-stg.servidortemporal.net\/de\/leistungen\/\" \/>\n<meta property=\"og:site_name\" content=\"Auren Germany\" \/>\n<meta property=\"article:publisher\" content=\"https:\/\/www.facebook.com\/aurendeutschland\" \/>\n<meta property=\"article:modified_time\" content=\"2025-02-18T15:15:17+00:00\" \/>\n<meta name=\"twitter:card\" content=\"summary_large_image\" \/>\n<script type=\"application\/ld+json\" class=\"yoast-schema-graph\">{\"@context\":\"https:\/\/schema.org\",\"@graph\":[{\"@type\":\"WebPage\",\"@id\":\"https:\/\/aurenweb-stg.servidortemporal.net\/de\/leistungen\/\",\"url\":\"https:\/\/aurenweb-stg.servidortemporal.net\/de\/leistungen\/\",\"name\":\"Leistungen - Auren Germany\",\"isPartOf\":{\"@id\":\"https:\/\/aurenweb-stg.servidortemporal.net\/de\/#website\"},\"datePublished\":\"2024-12-19T14:53:07+00:00\",\"dateModified\":\"2025-02-18T15:15:17+00:00\",\"breadcrumb\":{\"@id\":\"https:\/\/aurenweb-stg.servidortemporal.net\/de\/leistungen\/#breadcrumb\"},\"inLanguage\":\"de\",\"potentialAction\":[{\"@type\":\"ReadAction\",\"target\":[\"https:\/\/aurenweb-stg.servidortemporal.net\/de\/leistungen\/\"]}]},{\"@type\":\"BreadcrumbList\",\"@id\":\"https:\/\/aurenweb-stg.servidortemporal.net\/de\/leistungen\/#breadcrumb\",\"itemListElement\":[{\"@type\":\"ListItem\",\"position\":1,\"name\":\"Home\",\"item\":\"https:\/\/aurenweb-stg.servidortemporal.net\/de\/\"},{\"@type\":\"ListItem\",\"position\":2,\"name\":\"Leistungen\"}]},{\"@type\":\"WebSite\",\"@id\":\"https:\/\/aurenweb-stg.servidortemporal.net\/de\/#website\",\"url\":\"https:\/\/aurenweb-stg.servidortemporal.net\/de\/\",\"name\":\"Auren\",\"description\":\"\",\"publisher\":{\"@id\":\"https:\/\/aurenweb-stg.servidortemporal.net\/de\/#organization\"},\"alternateName\":\"Auren\",\"potentialAction\":[{\"@type\":\"SearchAction\",\"target\":{\"@type\":\"EntryPoint\",\"urlTemplate\":\"https:\/\/aurenweb-stg.servidortemporal.net\/de\/?s={search_term_string}\"},\"query-input\":{\"@type\":\"PropertyValueSpecification\",\"valueRequired\":true,\"valueName\":\"search_term_string\"}}],\"inLanguage\":\"de\"},{\"@type\":\"Organization\",\"@id\":\"https:\/\/aurenweb-stg.servidortemporal.net\/de\/#organization\",\"name\":\"Auren Deutschland\",\"url\":\"https:\/\/aurenweb-stg.servidortemporal.net\/de\/\",\"logo\":{\"@type\":\"ImageObject\",\"inLanguage\":\"de\",\"@id\":\"https:\/\/aurenweb-stg.servidortemporal.net\/de\/#\/schema\/logo\/image\/\",\"url\":\"https:\/\/aurenweb-stg.servidortemporal.net\/de\/wp-content\/uploads\/2025\/01\/cropped-cropped-favicon-Auren.png\",\"contentUrl\":\"https:\/\/aurenweb-stg.servidortemporal.net\/de\/wp-content\/uploads\/2025\/01\/cropped-cropped-favicon-Auren.png\",\"width\":512,\"height\":512,\"caption\":\"Auren Deutschland\"},\"image\":{\"@id\":\"https:\/\/aurenweb-stg.servidortemporal.net\/de\/#\/schema\/logo\/image\/\"},\"sameAs\":[\"https:\/\/www.facebook.com\/aurendeutschland\",\"https:\/\/de.linkedin.com\/organization-guest\/company\/auren-deutschland\",\"https:\/\/www.youtube.com\/@aurendeutschland\",\"https:\/\/www.instagram.com\/aurendeutschland\/\"]}]}<\/script>\n<!-- \/ Yoast SEO plugin. -->","yoast_head_json":{"title":"Leistungen - Auren Germany","robots":{"index":"noindex","follow":"follow","max-snippet":"max-snippet:-1","max-image-preview":"max-image-preview:large","max-video-preview":"max-video-preview:-1"},"og_locale":"de_DE","og_type":"article","og_title":"Leistungen - Auren Germany","og_url":"https:\/\/aurenweb-stg.servidortemporal.net\/de\/leistungen\/","og_site_name":"Auren Germany","article_publisher":"https:\/\/www.facebook.com\/aurendeutschland","article_modified_time":"2025-02-18T15:15:17+00:00","twitter_card":"summary_large_image","schema":{"@context":"https:\/\/schema.org","@graph":[{"@type":"WebPage","@id":"https:\/\/aurenweb-stg.servidortemporal.net\/de\/leistungen\/","url":"https:\/\/aurenweb-stg.servidortemporal.net\/de\/leistungen\/","name":"Leistungen - Auren Germany","isPartOf":{"@id":"https:\/\/aurenweb-stg.servidortemporal.net\/de\/#website"},"datePublished":"2024-12-19T14:53:07+00:00","dateModified":"2025-02-18T15:15:17+00:00","breadcrumb":{"@id":"https:\/\/aurenweb-stg.servidortemporal.net\/de\/leistungen\/#breadcrumb"},"inLanguage":"de","potentialAction":[{"@type":"ReadAction","target":["https:\/\/aurenweb-stg.servidortemporal.net\/de\/leistungen\/"]}]},{"@type":"BreadcrumbList","@id":"https:\/\/aurenweb-stg.servidortemporal.net\/de\/leistungen\/#breadcrumb","itemListElement":[{"@type":"ListItem","position":1,"name":"Home","item":"https:\/\/aurenweb-stg.servidortemporal.net\/de\/"},{"@type":"ListItem","position":2,"name":"Leistungen"}]},{"@type":"WebSite","@id":"https:\/\/aurenweb-stg.servidortemporal.net\/de\/#website","url":"https:\/\/aurenweb-stg.servidortemporal.net\/de\/","name":"Auren","description":"","publisher":{"@id":"https:\/\/aurenweb-stg.servidortemporal.net\/de\/#organization"},"alternateName":"Auren","potentialAction":[{"@type":"SearchAction","target":{"@type":"EntryPoint","urlTemplate":"https:\/\/aurenweb-stg.servidortemporal.net\/de\/?s={search_term_string}"},"query-input":{"@type":"PropertyValueSpecification","valueRequired":true,"valueName":"search_term_string"}}],"inLanguage":"de"},{"@type":"Organization","@id":"https:\/\/aurenweb-stg.servidortemporal.net\/de\/#organization","name":"Auren Deutschland","url":"https:\/\/aurenweb-stg.servidortemporal.net\/de\/","logo":{"@type":"ImageObject","inLanguage":"de","@id":"https:\/\/aurenweb-stg.servidortemporal.net\/de\/#\/schema\/logo\/image\/","url":"https:\/\/aurenweb-stg.servidortemporal.net\/de\/wp-content\/uploads\/2025\/01\/cropped-cropped-favicon-Auren.png","contentUrl":"https:\/\/aurenweb-stg.servidortemporal.net\/de\/wp-content\/uploads\/2025\/01\/cropped-cropped-favicon-Auren.png","width":512,"height":512,"caption":"Auren Deutschland"},"image":{"@id":"https:\/\/aurenweb-stg.servidortemporal.net\/de\/#\/schema\/logo\/image\/"},"sameAs":["https:\/\/www.facebook.com\/aurendeutschland","https:\/\/de.linkedin.com\/organization-guest\/company\/auren-deutschland","https:\/\/www.youtube.com\/@aurendeutschland","https:\/\/www.instagram.com\/aurendeutschland\/"]}]}},"_links":{"self":[{"href":"https:\/\/aurenweb-stg.servidortemporal.net\/de\/wp-json\/wp\/v2\/pages\/2563","targetHints":{"allow":["GET"]}}],"collection":[{"href":"https:\/\/aurenweb-stg.servidortemporal.net\/de\/wp-json\/wp\/v2\/pages"}],"about":[{"href":"https:\/\/aurenweb-stg.servidortemporal.net\/de\/wp-json\/wp\/v2\/types\/page"}],"author":[{"embeddable":true,"href":"https:\/\/aurenweb-stg.servidortemporal.net\/de\/wp-json\/wp\/v2\/users\/2"}],"replies":[{"embeddable":true,"href":"https:\/\/aurenweb-stg.servidortemporal.net\/de\/wp-json\/wp\/v2\/comments?post=2563"}],"version-history":[{"count":8,"href":"https:\/\/aurenweb-stg.servidortemporal.net\/de\/wp-json\/wp\/v2\/pages\/2563\/revisions"}],"predecessor-version":[{"id":40668,"href":"https:\/\/aurenweb-stg.servidortemporal.net\/de\/wp-json\/wp\/v2\/pages\/2563\/revisions\/40668"}],"wp:attachment":[{"href":"https:\/\/aurenweb-stg.servidortemporal.net\/de\/wp-json\/wp\/v2\/media?parent=2563"}],"curies":[{"name":"wp","href":"https:\/\/api.w.org\/{rel}","templated":true}]}}