{"id":2615,"date":"2024-12-19T16:58:35","date_gmt":"2024-12-19T15:58:35","guid":{"rendered":"https:\/\/auren.com\/de\/?page_id=2615"},"modified":"2025-01-24T11:35:17","modified_gmt":"2025-01-24T10:35:17","slug":"leitbild-vision-und-werte","status":"publish","type":"page","link":"https:\/\/aurenweb-stg.servidortemporal.net\/de\/lernen-sie-uns-kennen\/leitbild-vision-und-werte\/","title":{"rendered":"Leitbild, Vision und Werte"},"content":{"rendered":"<section id=\"Header-block_adabf3e77e05b2e2a7f583eabd426259\" class=\"Header\">\r\n\r\n    <div class=\"hero\">\r\n                <div class=\"container\">\r\n            <div class=\"hero_header\">\r\n                                \r\n                <div class=\"hero_header_title\">\r\n                    <p class=''>Leitbild, Vision<\/p>\n                <\/div>\r\n\r\n                                                \r\n                <div class=\"hero_header_title\">\r\n                    <p class='' style=\"text-align: left;\"><strong>und Werte<\/strong><\/p>\n                <\/div>\r\n\r\n                                                \r\n                <div class=\"hero_header_subtitle\">\r\n                    <p style=\"text-align: left;\">Vertrauen, Verl\u00e4sslichkeit und Qualit\u00e4t sind zentrale Elemente unserer Unternehmenskultur.<\/p>\n                <\/div>\r\n\r\n                                \r\n            <\/div>\r\n        <\/div>\r\n        \r\n                <picture>\r\n            <source srcset=\"https:\/\/aurenweb-stg.servidortemporal.net\/de\/wp-content\/uploads\/2024\/11\/bg-hero-aboutus-values-d.webp\"\r\n                media=\"(min-width: 1200px)\" \/>\r\n            <img loading=\"lazy\" decoding=\"async\" class=\"hero_bg\"\r\n                <img loading=\"lazy\" decoding=\"async\" width=\"640\" height=\"383\" src=\"https:\/\/aurenweb-stg.servidortemporal.net\/de\/wp-content\/uploads\/2024\/11\/bg-hero-aboutus-values-d-1024x612.webp\" class=\"hero_bg\" alt=\"\" srcset=\"https:\/\/aurenweb-stg.servidortemporal.net\/de\/wp-content\/uploads\/2024\/11\/bg-hero-aboutus-values-d-1024x612.webp 1024w, https:\/\/aurenweb-stg.servidortemporal.net\/de\/wp-content\/uploads\/2024\/11\/bg-hero-aboutus-values-d-300x179.webp 300w, https:\/\/aurenweb-stg.servidortemporal.net\/de\/wp-content\/uploads\/2024\/11\/bg-hero-aboutus-values-d-768x459.webp 768w, https:\/\/aurenweb-stg.servidortemporal.net\/de\/wp-content\/uploads\/2024\/11\/bg-hero-aboutus-values-d.webp 1200w\" sizes=\"auto, (max-width: 640px) 100vw, 640px\" \/>>\r\n        <\/picture>\r\n        \r\n                        <p class=\"hero_scroll\"><strong>Mehr erfahren<\/strong> Nach unten bl\u00e4ttern<\/p>\r\n                    <\/div>\r\n\r\n<\/section>\n\n\r\n<section id=\"Breadcrumbs-block_1d96c407326a0b98084781d65590a2f2\" class=\"Breadcrumbs\">\r\n    \r\n        <nav class=\"breads\" aria-label=\"Breadcrumb\">\r\n            <ul class=\"container\">\r\n                <li><a href=\"https:\/\/aurenweb-stg.servidortemporal.net\/de\">Home<\/a><\/li>\r\n                <li><span aria-current=\"page\">Leitbild, Vision und Werte<\/span><\/li>            <\/ul>\r\n        <\/nav>\r\n\r\n                                                                                     \r\n    \r\n<\/section>\r\n\n\n<div id=\"TitleSubtitleText-block_a50bd97148d57276f31dafaeb54dfb6d\" class=\"TitleSubtitleText\">\n\n    <section class=\"headlines v2\">\n        <div class=\"container\">\n                        <div class=\"headlines_title\">\n                <p class=''>Erfahrung, Verl\u00e4sslichkeit, Individualit\u00e4t<\/p>\n            <\/div>\n                                    <div class=\"headlines_content\">\n                                                <div class=\"headlines_description\">\n                    <p style=\"text-align: left;\">Wir sind davon \u00fcberzeugt, dass professionelle Dienstleistungen mit Verantwortungsbewusstsein, Menschlichkeit und Engagement erbracht werden k\u00f6nnen. Wir zeichnen uns durch Kundenn\u00e4he, Professionalit\u00e4t, Flexibilit\u00e4t und unseren Unternehmergeist aus. Als Unternehmer f\u00fcr Unternehmer liegt unser Fokus darauf, Sie bei der Erreichung Ihrer Ziele zu unterst\u00fctzen.<\/p>\n                <\/div>\n                                            <\/div>\n                    <\/div>\n    <\/section>\n\n<\/div>\n\n\n\r\n<section id=\"Goals-block_d8a8e9c2c14390c48234ee167e7ca40c\" class=\"Goals\">\r\n\r\n    \r\n    <section class=\"goals\">\r\n        <div class=\"container\">\r\n            <div class=\"goals_content\">\r\n                <ul class=\"goals_list \">\r\n                    \r\n            <li class=\"goals_list_item\">\r\n                <div class=\"goals_list_item_title\">\r\n                    <h3>Kundenn\u00e4he<\/h3>\r\n                <\/div>\r\n                <div class=\"goals_list_item_text\">\r\n                    <p>Wir arbeiten eng mit unseren Mandanten zusammen und pflegen eine starke, vertrauensvolle Verbindung. Unser Anspruch: ein proaktiver Ansatz, gepr\u00e4gt durch Flexibilit\u00e4t und verl\u00e4ssliche Erreichbarkeit.<\/p>\n\r\n                <\/div>\r\n            <\/li>\r\n        \r\n            <li class=\"goals_list_item\">\r\n                <div class=\"goals_list_item_title\">\r\n                    <h3>Qualit\u00e4t<\/h3>\r\n                <\/div>\r\n                <div class=\"goals_list_item_text\">\r\n                    <p>Unsere Mandanten sch\u00e4tzen unsere Erfahrung und Fachkompetenz. Neben einer ganzheitlichen Betreuung, tiefem Branchenwissen und einem breiten Leistungsportfolio zeichnet uns auch eine hohe Servicebereitschaft aus. Ihre Zufriedenheit steht bei uns immer an erster Stelle. Daran k\u00f6nnen Sie uns messen.<\/p>\n\r\n                <\/div>\r\n            <\/li>\r\n        \r\n            <li class=\"goals_list_item\">\r\n                <div class=\"goals_list_item_title\">\r\n                    <h3>Innovation<\/h3>\r\n                <\/div>\r\n                <div class=\"goals_list_item_text\">\r\n                    <p>Die Welt ist im st\u00e4ndigen Wandel \u2013 wir entwickeln uns mit ihr weiter: Das Gesch\u00e4ftsmodell von Auren ist auf nachhaltiges Wachstum ausgerichtet und sichert so die kontinuierliche Innovation unserer Dienstleistungen, um Ihre Projektanforderungen optimal zu erf\u00fcllen.<\/p>\n\r\n                <\/div>\r\n            <\/li>\r\n        \r\n            <li class=\"goals_list_item\">\r\n                <div class=\"goals_list_item_title\">\r\n                    <h3>Berufsethik<\/h3>\r\n                <\/div>\r\n                <div class=\"goals_list_item_text\">\r\n                    <p>Auren bietet Sicherheit. Wir stehen unseren Mandanten mit unserem vollen Verantwortungsbewusstsein sowie unserer unbedingten Vertraulichkeit und Unabh\u00e4ngigkeit zur Seite.<\/p>\n\r\n                <\/div>\r\n            <\/li>\r\n        \r\n            <li class=\"goals_list_item\">\r\n                <div class=\"goals_list_item_title\">\r\n                    <h3>Unternehmergeist<\/h3>\r\n                <\/div>\r\n                <div class=\"goals_list_item_text\">\r\n                    <p>Mit spezialisierten Teams und einem multidisziplin\u00e4ren Beratungsangebot aus einer Hand unterst\u00fctzen wir den Mittelstand \u2013 von Unternehmer zu Unternehmer.<\/p>\n\r\n                <\/div>\r\n            <\/li>\r\n        \r\n            <li class=\"goals_list_item\">\r\n                <div class=\"goals_list_item_title\">\r\n                    <h3>Ma\u00dfgeschneiderte L\u00f6sungen<\/h3>\r\n                <\/div>\r\n                <div class=\"goals_list_item_text\">\r\n                    <p>Mit individuellen L\u00f6sungen, die Ihre Prozesse optimieren und nachhaltiges Wachstum f\u00f6rdern, schaffen wir f\u00fcr Sie echten Mehrwert.<\/p>\n\r\n                <\/div>\r\n            <\/li>\r\n                        <\/ul>\r\n                <div class=\"goals_media\">\r\n                    <img decoding=\"async\" class=\"goals_media_image\" src=\"https:\/\/aurenweb-stg.servidortemporal.net\/de\/wp-content\/uploads\/2024\/12\/example-goals.webp\" alt=\"\">                <\/div>\r\n            <\/div>\r\n        <\/div>\r\n    <\/section>\r\n\r\n        \r\n<\/section>\r\n\r\n\n\n<div id=\"TitleSubtitleText-block_3cd656e960094227cdc2f63dab476bb2\" class=\"TitleSubtitleText\">\n\n    <section class=\"headlines v1\">\n        <div class=\"container\">\n                        <div class=\"headlines_title\">\n                <p class=''>LEITBILD, VISION UND WERTE VON AUREN<\/p>\n            <\/div>\n                                <\/div>\n    <\/section>\n\n<\/div>\n\n\n\r\n<section id=\"AccordionCards-block_7f80bf98480ad29ab7f9dc38d313304f\" class=\"AccordionCards\">\r\n\r\n    \r\n    <section class=\"vision\">\r\n        <div class=\"container\"><ul class=\"vision_accordion\">\r\n            <li class=\"vision_accordion_item active\">\r\n                <div class=\"vision_accordion_item_title\">\r\n                    <p>Leitbild<\/p>\r\n                <\/div>\r\n                <div class=\"vision_accordion_item_text\">\r\n                    <p><p>Mit unserem Wissen, unserer Begeisterung und unseren Werten tragen wir zu einer nachhaltigen Entwicklung von Personen und Unternehmen bei.<\/p>\n<\/p>\r\n                <\/div>\r\n                <div class=\"vision_accordion_item_image\">\r\n                    <picture>\r\n                        <source srcset=\"https:\/\/aurenweb-stg.servidortemporal.net\/de\/wp-content\/uploads\/2024\/12\/bg-vision-1.webp\" media=\"(min-width: 1200px)\" \/>\r\n                        <img loading=\"lazy\" decoding=\"async\" width=\"692\" height=\"506\" src=\"https:\/\/aurenweb-stg.servidortemporal.net\/de\/wp-content\/uploads\/2024\/12\/bg-vision-1.webp\" class=\"attachment-full size-full\" alt=\"\" srcset=\"https:\/\/aurenweb-stg.servidortemporal.net\/de\/wp-content\/uploads\/2024\/12\/bg-vision-1.webp 692w, https:\/\/aurenweb-stg.servidortemporal.net\/de\/wp-content\/uploads\/2024\/12\/bg-vision-1-300x219.webp 300w\" sizes=\"auto, (max-width: 692px) 100vw, 692px\" \/>\r\n                    <\/picture>\r\n                <\/div>\r\n            <\/li>\r\n        \r\n            <li class=\"vision_accordion_item \">\r\n                <div class=\"vision_accordion_item_title\">\r\n                    <p>Vision<\/p>\r\n                <\/div>\r\n                <div class=\"vision_accordion_item_text\">\r\n                    <p><p>Unsere Vision ist es, der beste Partner f\u00fcr mittelst\u00e4ndische Unternehmen und Unternehmer zu sein, international integriert aber immer mit einer besonderen Wertsch\u00e4tzung f\u00fcr die Menschen mit denen und f\u00fcr die wir arbeiten.<\/p>\n<\/p>\r\n                <\/div>\r\n                <div class=\"vision_accordion_item_image\">\r\n                    <picture>\r\n                        <source srcset=\"https:\/\/aurenweb-stg.servidortemporal.net\/de\/wp-content\/uploads\/2024\/12\/bg-vision-2.webp\" media=\"(min-width: 1200px)\" \/>\r\n                        <img loading=\"lazy\" decoding=\"async\" width=\"692\" height=\"506\" src=\"https:\/\/aurenweb-stg.servidortemporal.net\/de\/wp-content\/uploads\/2024\/12\/bg-vision-2.webp\" class=\"attachment-full size-full\" alt=\"\" srcset=\"https:\/\/aurenweb-stg.servidortemporal.net\/de\/wp-content\/uploads\/2024\/12\/bg-vision-2.webp 692w, https:\/\/aurenweb-stg.servidortemporal.net\/de\/wp-content\/uploads\/2024\/12\/bg-vision-2-300x219.webp 300w\" sizes=\"auto, (max-width: 692px) 100vw, 692px\" \/>\r\n                    <\/picture>\r\n                <\/div>\r\n            <\/li>\r\n        \r\n            <li class=\"vision_accordion_item \">\r\n                <div class=\"vision_accordion_item_title\">\r\n                    <p>Mission<\/p>\r\n                <\/div>\r\n                <div class=\"vision_accordion_item_text\">\r\n                    <p><p>Wir bieten unseren Mandanten durch innovative und ganzheitliche L\u00f6sungen aus einer Hand echte Mehrwerte und f\u00f6rdern gleichzeitig das Wohl unserer Mitarbeitenden, indem wir sie aktiv bei der Erreichung ihrer Ziele unterst\u00fctzen.<\/p>\n<\/p>\r\n                <\/div>\r\n                <div class=\"vision_accordion_item_image\">\r\n                    <picture>\r\n                        <source srcset=\"https:\/\/aurenweb-stg.servidortemporal.net\/de\/wp-content\/uploads\/2024\/12\/bg-vision-3.webp\" media=\"(min-width: 1200px)\" \/>\r\n                        <img loading=\"lazy\" decoding=\"async\" width=\"692\" height=\"506\" src=\"https:\/\/aurenweb-stg.servidortemporal.net\/de\/wp-content\/uploads\/2024\/12\/bg-vision-3.webp\" class=\"attachment-full size-full\" alt=\"\" srcset=\"https:\/\/aurenweb-stg.servidortemporal.net\/de\/wp-content\/uploads\/2024\/12\/bg-vision-3.webp 692w, https:\/\/aurenweb-stg.servidortemporal.net\/de\/wp-content\/uploads\/2024\/12\/bg-vision-3-300x219.webp 300w\" sizes=\"auto, (max-width: 692px) 100vw, 692px\" \/>\r\n                    <\/picture>\r\n                <\/div>\r\n            <\/li>\r\n        <\/ul><\/div>\r\n    <\/section>\r\n\r\n        \r\n<\/section>\r\n\r\n","protected":false},"excerpt":{"rendered":"","protected":false},"author":2,"featured_media":0,"parent":2599,"menu_order":58,"comment_status":"closed","ping_status":"closed","template":"","meta":{"_acf_changed":false,"footnotes":""},"class_list":["post-2615","page","type-page","status-publish","hentry"],"acf":[],"yoast_head":"<!-- This site is optimized with the Yoast SEO plugin v24.3 - https:\/\/yoast.com\/wordpress\/plugins\/seo\/ -->\n<title>Leitbild, Vision und Werte - Auren Germany<\/title>\n<meta name=\"robots\" content=\"noindex, follow, max-snippet:-1, max-image-preview:large, max-video-preview:-1\" \/>\n<meta property=\"og:locale\" content=\"de_DE\" \/>\n<meta property=\"og:type\" content=\"article\" \/>\n<meta property=\"og:title\" content=\"Leitbild, Vision und Werte - Auren Germany\" \/>\n<meta property=\"og:url\" content=\"https:\/\/aurenweb-stg.servidortemporal.net\/de\/lernen-sie-uns-kennen\/leitbild-vision-und-werte\/\" \/>\n<meta property=\"og:site_name\" content=\"Auren Germany\" \/>\n<meta property=\"article:publisher\" content=\"https:\/\/www.facebook.com\/aurendeutschland\" \/>\n<meta property=\"article:modified_time\" content=\"2025-01-24T10:35:17+00:00\" \/>\n<meta name=\"twitter:card\" content=\"summary_large_image\" \/>\n<script type=\"application\/ld+json\" class=\"yoast-schema-graph\">{\"@context\":\"https:\/\/schema.org\",\"@graph\":[{\"@type\":\"WebPage\",\"@id\":\"https:\/\/aurenweb-stg.servidortemporal.net\/de\/lernen-sie-uns-kennen\/leitbild-vision-und-werte\/\",\"url\":\"https:\/\/aurenweb-stg.servidortemporal.net\/de\/lernen-sie-uns-kennen\/leitbild-vision-und-werte\/\",\"name\":\"Leitbild, Vision und Werte - Auren Germany\",\"isPartOf\":{\"@id\":\"https:\/\/aurenweb-stg.servidortemporal.net\/de\/#website\"},\"datePublished\":\"2024-12-19T15:58:35+00:00\",\"dateModified\":\"2025-01-24T10:35:17+00:00\",\"breadcrumb\":{\"@id\":\"https:\/\/aurenweb-stg.servidortemporal.net\/de\/lernen-sie-uns-kennen\/leitbild-vision-und-werte\/#breadcrumb\"},\"inLanguage\":\"de\",\"potentialAction\":[{\"@type\":\"ReadAction\",\"target\":[\"https:\/\/aurenweb-stg.servidortemporal.net\/de\/lernen-sie-uns-kennen\/leitbild-vision-und-werte\/\"]}]},{\"@type\":\"BreadcrumbList\",\"@id\":\"https:\/\/aurenweb-stg.servidortemporal.net\/de\/lernen-sie-uns-kennen\/leitbild-vision-und-werte\/#breadcrumb\",\"itemListElement\":[{\"@type\":\"ListItem\",\"position\":1,\"name\":\"Home\",\"item\":\"https:\/\/aurenweb-stg.servidortemporal.net\/de\/\"},{\"@type\":\"ListItem\",\"position\":2,\"name\":\"Lernen Sie uns kennen\",\"item\":\"https:\/\/aurenweb-stg.servidortemporal.net\/de\/lernen-sie-uns-kennen\/\"},{\"@type\":\"ListItem\",\"position\":3,\"name\":\"Leitbild, Vision und Werte\"}]},{\"@type\":\"WebSite\",\"@id\":\"https:\/\/aurenweb-stg.servidortemporal.net\/de\/#website\",\"url\":\"https:\/\/aurenweb-stg.servidortemporal.net\/de\/\",\"name\":\"Auren\",\"description\":\"\",\"publisher\":{\"@id\":\"https:\/\/aurenweb-stg.servidortemporal.net\/de\/#organization\"},\"alternateName\":\"Auren\",\"potentialAction\":[{\"@type\":\"SearchAction\",\"target\":{\"@type\":\"EntryPoint\",\"urlTemplate\":\"https:\/\/aurenweb-stg.servidortemporal.net\/de\/?s={search_term_string}\"},\"query-input\":{\"@type\":\"PropertyValueSpecification\",\"valueRequired\":true,\"valueName\":\"search_term_string\"}}],\"inLanguage\":\"de\"},{\"@type\":\"Organization\",\"@id\":\"https:\/\/aurenweb-stg.servidortemporal.net\/de\/#organization\",\"name\":\"Auren Deutschland\",\"url\":\"https:\/\/aurenweb-stg.servidortemporal.net\/de\/\",\"logo\":{\"@type\":\"ImageObject\",\"inLanguage\":\"de\",\"@id\":\"https:\/\/aurenweb-stg.servidortemporal.net\/de\/#\/schema\/logo\/image\/\",\"url\":\"https:\/\/aurenweb-stg.servidortemporal.net\/de\/wp-content\/uploads\/2025\/01\/cropped-cropped-favicon-Auren.png\",\"contentUrl\":\"https:\/\/aurenweb-stg.servidortemporal.net\/de\/wp-content\/uploads\/2025\/01\/cropped-cropped-favicon-Auren.png\",\"width\":512,\"height\":512,\"caption\":\"Auren Deutschland\"},\"image\":{\"@id\":\"https:\/\/aurenweb-stg.servidortemporal.net\/de\/#\/schema\/logo\/image\/\"},\"sameAs\":[\"https:\/\/www.facebook.com\/aurendeutschland\",\"https:\/\/de.linkedin.com\/organization-guest\/company\/auren-deutschland\",\"https:\/\/www.youtube.com\/@aurendeutschland\",\"https:\/\/www.instagram.com\/aurendeutschland\/\"]}]}<\/script>\n<!-- \/ Yoast SEO plugin. -->","yoast_head_json":{"title":"Leitbild, Vision und Werte - Auren Germany","robots":{"index":"noindex","follow":"follow","max-snippet":"max-snippet:-1","max-image-preview":"max-image-preview:large","max-video-preview":"max-video-preview:-1"},"og_locale":"de_DE","og_type":"article","og_title":"Leitbild, Vision und Werte - Auren Germany","og_url":"https:\/\/aurenweb-stg.servidortemporal.net\/de\/lernen-sie-uns-kennen\/leitbild-vision-und-werte\/","og_site_name":"Auren Germany","article_publisher":"https:\/\/www.facebook.com\/aurendeutschland","article_modified_time":"2025-01-24T10:35:17+00:00","twitter_card":"summary_large_image","schema":{"@context":"https:\/\/schema.org","@graph":[{"@type":"WebPage","@id":"https:\/\/aurenweb-stg.servidortemporal.net\/de\/lernen-sie-uns-kennen\/leitbild-vision-und-werte\/","url":"https:\/\/aurenweb-stg.servidortemporal.net\/de\/lernen-sie-uns-kennen\/leitbild-vision-und-werte\/","name":"Leitbild, Vision und Werte - Auren Germany","isPartOf":{"@id":"https:\/\/aurenweb-stg.servidortemporal.net\/de\/#website"},"datePublished":"2024-12-19T15:58:35+00:00","dateModified":"2025-01-24T10:35:17+00:00","breadcrumb":{"@id":"https:\/\/aurenweb-stg.servidortemporal.net\/de\/lernen-sie-uns-kennen\/leitbild-vision-und-werte\/#breadcrumb"},"inLanguage":"de","potentialAction":[{"@type":"ReadAction","target":["https:\/\/aurenweb-stg.servidortemporal.net\/de\/lernen-sie-uns-kennen\/leitbild-vision-und-werte\/"]}]},{"@type":"BreadcrumbList","@id":"https:\/\/aurenweb-stg.servidortemporal.net\/de\/lernen-sie-uns-kennen\/leitbild-vision-und-werte\/#breadcrumb","itemListElement":[{"@type":"ListItem","position":1,"name":"Home","item":"https:\/\/aurenweb-stg.servidortemporal.net\/de\/"},{"@type":"ListItem","position":2,"name":"Lernen Sie uns kennen","item":"https:\/\/aurenweb-stg.servidortemporal.net\/de\/lernen-sie-uns-kennen\/"},{"@type":"ListItem","position":3,"name":"Leitbild, Vision und Werte"}]},{"@type":"WebSite","@id":"https:\/\/aurenweb-stg.servidortemporal.net\/de\/#website","url":"https:\/\/aurenweb-stg.servidortemporal.net\/de\/","name":"Auren","description":"","publisher":{"@id":"https:\/\/aurenweb-stg.servidortemporal.net\/de\/#organization"},"alternateName":"Auren","potentialAction":[{"@type":"SearchAction","target":{"@type":"EntryPoint","urlTemplate":"https:\/\/aurenweb-stg.servidortemporal.net\/de\/?s={search_term_string}"},"query-input":{"@type":"PropertyValueSpecification","valueRequired":true,"valueName":"search_term_string"}}],"inLanguage":"de"},{"@type":"Organization","@id":"https:\/\/aurenweb-stg.servidortemporal.net\/de\/#organization","name":"Auren Deutschland","url":"https:\/\/aurenweb-stg.servidortemporal.net\/de\/","logo":{"@type":"ImageObject","inLanguage":"de","@id":"https:\/\/aurenweb-stg.servidortemporal.net\/de\/#\/schema\/logo\/image\/","url":"https:\/\/aurenweb-stg.servidortemporal.net\/de\/wp-content\/uploads\/2025\/01\/cropped-cropped-favicon-Auren.png","contentUrl":"https:\/\/aurenweb-stg.servidortemporal.net\/de\/wp-content\/uploads\/2025\/01\/cropped-cropped-favicon-Auren.png","width":512,"height":512,"caption":"Auren Deutschland"},"image":{"@id":"https:\/\/aurenweb-stg.servidortemporal.net\/de\/#\/schema\/logo\/image\/"},"sameAs":["https:\/\/www.facebook.com\/aurendeutschland","https:\/\/de.linkedin.com\/organization-guest\/company\/auren-deutschland","https:\/\/www.youtube.com\/@aurendeutschland","https:\/\/www.instagram.com\/aurendeutschland\/"]}]}},"_links":{"self":[{"href":"https:\/\/aurenweb-stg.servidortemporal.net\/de\/wp-json\/wp\/v2\/pages\/2615","targetHints":{"allow":["GET"]}}],"collection":[{"href":"https:\/\/aurenweb-stg.servidortemporal.net\/de\/wp-json\/wp\/v2\/pages"}],"about":[{"href":"https:\/\/aurenweb-stg.servidortemporal.net\/de\/wp-json\/wp\/v2\/types\/page"}],"author":[{"embeddable":true,"href":"https:\/\/aurenweb-stg.servidortemporal.net\/de\/wp-json\/wp\/v2\/users\/2"}],"replies":[{"embeddable":true,"href":"https:\/\/aurenweb-stg.servidortemporal.net\/de\/wp-json\/wp\/v2\/comments?post=2615"}],"version-history":[{"count":7,"href":"https:\/\/aurenweb-stg.servidortemporal.net\/de\/wp-json\/wp\/v2\/pages\/2615\/revisions"}],"predecessor-version":[{"id":8828,"href":"https:\/\/aurenweb-stg.servidortemporal.net\/de\/wp-json\/wp\/v2\/pages\/2615\/revisions\/8828"}],"up":[{"embeddable":true,"href":"https:\/\/aurenweb-stg.servidortemporal.net\/de\/wp-json\/wp\/v2\/pages\/2599"}],"wp:attachment":[{"href":"https:\/\/aurenweb-stg.servidortemporal.net\/de\/wp-json\/wp\/v2\/media?parent=2615"}],"curies":[{"name":"wp","href":"https:\/\/api.w.org\/{rel}","templated":true}]}}