{"id":2633,"date":"2024-12-19T17:16:21","date_gmt":"2024-12-19T16:16:21","guid":{"rendered":"https:\/\/auren.com\/de\/?page_id=2633"},"modified":"2025-01-23T15:25:07","modified_gmt":"2025-01-23T14:25:07","slug":"gesellschaftliche-verantwortung","status":"publish","type":"page","link":"https:\/\/aurenweb-stg.servidortemporal.net\/de\/lernen-sie-uns-kennen\/gesellschaftliche-verantwortung\/","title":{"rendered":"Gesellschaftliche Verantwortung"},"content":{"rendered":"<section id=\"Header-block_acc7e08a95985bf5512d32ccd775a5aa\" class=\"Header\">\r\n\r\n    <div class=\"hero\">\r\n                <div class=\"container\">\r\n            <div class=\"hero_header\">\r\n                                \r\n                <div class=\"hero_header_title\">\r\n                    <p class=''>Gesellschaftliche<\/p>\n                <\/div>\r\n\r\n                                                \r\n                <div class=\"hero_header_title\">\r\n                    <p class='' style=\"text-align: left;\"><strong>Verantwortung<\/strong><\/p>\n                <\/div>\r\n\r\n                                                \r\n                <div class=\"hero_header_subtitle\">\r\n                    <p style=\"text-align: left;\">Wir leisten unseren Beitrag zum Wohl der Gesellschaft.<\/p>\n                <\/div>\r\n\r\n                                \r\n            <\/div>\r\n        <\/div>\r\n        \r\n                <picture>\r\n            <source srcset=\"https:\/\/aurenweb-stg.servidortemporal.net\/de\/wp-content\/uploads\/2024\/11\/bg-hero-aboutus-corporate-d.webp\"\r\n                media=\"(min-width: 1200px)\" \/>\r\n            <img loading=\"lazy\" decoding=\"async\" class=\"hero_bg\"\r\n                <img loading=\"lazy\" decoding=\"async\" width=\"640\" height=\"383\" src=\"https:\/\/aurenweb-stg.servidortemporal.net\/de\/wp-content\/uploads\/2024\/11\/bg-hero-aboutus-corporate-d-1024x612.webp\" class=\"hero_bg\" alt=\"\" srcset=\"https:\/\/aurenweb-stg.servidortemporal.net\/de\/wp-content\/uploads\/2024\/11\/bg-hero-aboutus-corporate-d-1024x612.webp 1024w, https:\/\/aurenweb-stg.servidortemporal.net\/de\/wp-content\/uploads\/2024\/11\/bg-hero-aboutus-corporate-d-300x179.webp 300w, https:\/\/aurenweb-stg.servidortemporal.net\/de\/wp-content\/uploads\/2024\/11\/bg-hero-aboutus-corporate-d-768x459.webp 768w, https:\/\/aurenweb-stg.servidortemporal.net\/de\/wp-content\/uploads\/2024\/11\/bg-hero-aboutus-corporate-d.webp 1200w\" sizes=\"auto, (max-width: 640px) 100vw, 640px\" \/>>\r\n        <\/picture>\r\n        \r\n                        <p class=\"hero_scroll\"><strong>Mehr erfahren<\/strong> Nach unten bl\u00e4ttern<\/p>\r\n                    <\/div>\r\n\r\n<\/section>\n\n\r\n<section id=\"Breadcrumbs-block_28f7d31f18706519f57819d9410fdc23\" class=\"Breadcrumbs\">\r\n    \r\n        <nav class=\"breads\" aria-label=\"Breadcrumb\">\r\n            <ul class=\"container\">\r\n                <li><a href=\"https:\/\/aurenweb-stg.servidortemporal.net\/de\">Home<\/a><\/li>\r\n                <li><span aria-current=\"page\">Gesellschaftliche Verantwortung<\/span><\/li>            <\/ul>\r\n        <\/nav>\r\n\r\n                                                                                     \r\n    \r\n<\/section>\r\n\n\n\r\n<section id=\"ImageText-block_a56cc65f4062206981ec1f815d1b4292\" class=\"ImageText\">\r\n\r\n    <section class=\"info \">\r\n        <div class=\"container\">\r\n            <div class=\"info_text\">\r\n                <div class=\"info_title\">\r\n                    <p class=''>Gemeinsam den positiven Wandel f\u00f6rdern<\/p>\n                <\/div>\r\n                <div class=\"info_description\">\r\n                    <p>Gesellschaftliche Verantwortung ist ein zentraler Bestandteil unserer Unternehmensstrategie und wird bei uns von allen gelebt und getragen.<\/p>\n<p>Verantwortung zu \u00fcbernehmen, bedeutet f\u00fcr uns, positive Impulse in die Gesellschaft zu geben und das Gemeinwesen an unseren Standorten aktiv zu st\u00e4rken. Diesen ganzheitlichen Ansatz von sozialer und gesellschaftlicher Verantwortung verfolgen wir bei Auren seit vielen Jahren mit wachsender Begeisterung.<\/p>\n<p>Wir beschr\u00e4nken uns nicht auf Spenden, sondern gestalten auch eigene soziale Projekte, in denen wir unser Know-how einbringen. Von der Auswahl des F\u00f6rderprojektes \u00fcber die Beschaffung der Mittel bis zur Umsetzung und \u00dcberwachung der Ergebnisse sind wir dabei &#8211; f\u00fcr eine nachhaltige Wirkung in der Gesellschaft.<\/p>\n                <\/div>\r\n            <\/div>\r\n            <div class=\"info_media\">\r\n                <div class=\"info_media_item info_media_item-1\">\r\n                    <div class=\"info_media_item_text\"><span class=\"title\"><\/span><\/div>\r\n                    <div class=\"info_media_item_text_claim\"><\/div>\r\n                    <span class=\"info_media_item_bg\">\r\n                                                    <img loading=\"lazy\" decoding=\"async\" width=\"640\" height=\"366\" src=\"https:\/\/aurenweb-stg.servidortemporal.net\/de\/wp-content\/uploads\/2024\/12\/international-auren-media-banner-1-1024x585.webp\" class=\"attachment-large size-large\" alt=\"\" srcset=\"https:\/\/aurenweb-stg.servidortemporal.net\/de\/wp-content\/uploads\/2024\/12\/international-auren-media-banner-1-1024x585.webp 1024w, https:\/\/aurenweb-stg.servidortemporal.net\/de\/wp-content\/uploads\/2024\/12\/international-auren-media-banner-1-300x171.webp 300w, https:\/\/aurenweb-stg.servidortemporal.net\/de\/wp-content\/uploads\/2024\/12\/international-auren-media-banner-1-768x439.webp 768w, https:\/\/aurenweb-stg.servidortemporal.net\/de\/wp-content\/uploads\/2024\/12\/international-auren-media-banner-1-1536x878.webp 1536w, https:\/\/aurenweb-stg.servidortemporal.net\/de\/wp-content\/uploads\/2024\/12\/international-auren-media-banner-1-2048x1171.webp 2048w\" sizes=\"auto, (max-width: 640px) 100vw, 640px\" \/>                                            <\/span>\r\n                                                        <\/div>\r\n                <div class=\"info_media_claim\">\r\n                                    <\/div>\r\n                <div class=\"info_media_item info_media_item-2\">\r\n                    <div class=\"info_media_item_text\"><span class=\"title\"><\/span><\/div>\r\n                    <div class=\"info_media_item_text_claim\"><\/div>\r\n                    <span class=\"info_media_item_bg\">\r\n                                                    <img loading=\"lazy\" decoding=\"async\" width=\"640\" height=\"354\" src=\"https:\/\/aurenweb-stg.servidortemporal.net\/de\/wp-content\/uploads\/2024\/12\/image-text-5-1-1024x567.webp\" class=\"attachment-large size-large\" alt=\"\" srcset=\"https:\/\/aurenweb-stg.servidortemporal.net\/de\/wp-content\/uploads\/2024\/12\/image-text-5-1-1024x567.webp 1024w, https:\/\/aurenweb-stg.servidortemporal.net\/de\/wp-content\/uploads\/2024\/12\/image-text-5-1-300x166.webp 300w, https:\/\/aurenweb-stg.servidortemporal.net\/de\/wp-content\/uploads\/2024\/12\/image-text-5-1-768x425.webp 768w, https:\/\/aurenweb-stg.servidortemporal.net\/de\/wp-content\/uploads\/2024\/12\/image-text-5-1-1536x851.webp 1536w, https:\/\/aurenweb-stg.servidortemporal.net\/de\/wp-content\/uploads\/2024\/12\/image-text-5-1-2048x1134.webp 2048w\" sizes=\"auto, (max-width: 640px) 100vw, 640px\" \/>                                            <\/span>\r\n                                                        <\/div>\r\n            <\/div>\r\n        <\/div>\r\n    <\/section>\r\n\r\n<\/section>\r\n\r\n\n\n<div id=\"TitleSubtitleText-block_e93e39a614862637db99402810769857\" class=\"TitleSubtitleText\">\n\n    <section class=\"headlines v2\">\n        <div class=\"container\">\n                        <div class=\"headlines_title\">\n                <p class=''>Professionelle Dienstleistungen und pers\u00f6nliche N\u00e4he<\/p>\n            <\/div>\n                                    <div class=\"headlines_content\">\n                                                <div class=\"headlines_description\">\n                    <p>Bei Auren sind wir \u00fcberzeugt, dass Beratungsunternehmen eine wichtige Rolle f\u00fcr den gesellschaftlichen Fortschritt spielen. Wir engagieren uns f\u00fcr eine ethische Wirtschaft und verantwortungsvolle Gesch\u00e4ftspraktiken, die das Wohl der Gesellschaft und den Menschen in den Mittelpunkt stellen.<\/p>\n                <\/div>\n                                            <\/div>\n                    <\/div>\n    <\/section>\n\n<\/div>\n\n\n<div id=\"CoverBanner-block_d51461c580c1d8339fb2b73ca69e9e80\" class=\"CoverBanner\">\n\n    <section class=\"cover\">\n        <div class=\"container\">\n            <div class=\"cover_content\" style=\"background-image:url('https:\/\/aurenweb-stg.servidortemporal.net\/de\/wp-content\/uploads\/2024\/12\/example-cover.webp');\">\n                <div class=\"cover_title\">\n                                    <\/div>\n                <div class=\"cover_subtitle\">\n                    <h3 class=''>Engagiert f\u00fcr die Gesellschaft<\/h3>\n                <\/div>\n                <div class=\"cover_description\">\n                    <p class=''>In unserer t\u00e4glichen Arbeit ber\u00fccksichtigen wir die Bed\u00fcrfnisse unserer Partner, Mitarbeitenden, Mandanten, Dienstleister und Lieferanten. Wir wollen einen positiven Beitrag zur Gesellschaft leisten und das Gemeinwohl st\u00e4rken und engagieren uns daf\u00fcr deutschlandweit.<\/p>\n                <\/div>\n            <\/div>\n        <\/div>\n    <\/section>\n\n<\/div>\n\n\n","protected":false},"excerpt":{"rendered":"","protected":false},"author":2,"featured_media":0,"parent":2599,"menu_order":57,"comment_status":"closed","ping_status":"closed","template":"","meta":{"_acf_changed":false,"footnotes":""},"class_list":["post-2633","page","type-page","status-publish","hentry"],"acf":[],"yoast_head":"<!-- This site is optimized with the Yoast SEO plugin v24.3 - https:\/\/yoast.com\/wordpress\/plugins\/seo\/ -->\n<title>Gesellschaftliche Verantwortung - Auren Germany<\/title>\n<meta name=\"robots\" content=\"noindex, follow, max-snippet:-1, max-image-preview:large, max-video-preview:-1\" \/>\n<meta property=\"og:locale\" content=\"de_DE\" \/>\n<meta property=\"og:type\" content=\"article\" \/>\n<meta property=\"og:title\" content=\"Gesellschaftliche Verantwortung - Auren Germany\" \/>\n<meta property=\"og:url\" content=\"https:\/\/aurenweb-stg.servidortemporal.net\/de\/lernen-sie-uns-kennen\/gesellschaftliche-verantwortung\/\" \/>\n<meta property=\"og:site_name\" content=\"Auren Germany\" \/>\n<meta property=\"article:publisher\" content=\"https:\/\/www.facebook.com\/aurendeutschland\" \/>\n<meta property=\"article:modified_time\" content=\"2025-01-23T14:25:07+00:00\" \/>\n<meta name=\"twitter:card\" content=\"summary_large_image\" \/>\n<script type=\"application\/ld+json\" class=\"yoast-schema-graph\">{\"@context\":\"https:\/\/schema.org\",\"@graph\":[{\"@type\":\"WebPage\",\"@id\":\"https:\/\/aurenweb-stg.servidortemporal.net\/de\/lernen-sie-uns-kennen\/gesellschaftliche-verantwortung\/\",\"url\":\"https:\/\/aurenweb-stg.servidortemporal.net\/de\/lernen-sie-uns-kennen\/gesellschaftliche-verantwortung\/\",\"name\":\"Gesellschaftliche Verantwortung - Auren Germany\",\"isPartOf\":{\"@id\":\"https:\/\/aurenweb-stg.servidortemporal.net\/de\/#website\"},\"datePublished\":\"2024-12-19T16:16:21+00:00\",\"dateModified\":\"2025-01-23T14:25:07+00:00\",\"breadcrumb\":{\"@id\":\"https:\/\/aurenweb-stg.servidortemporal.net\/de\/lernen-sie-uns-kennen\/gesellschaftliche-verantwortung\/#breadcrumb\"},\"inLanguage\":\"de\",\"potentialAction\":[{\"@type\":\"ReadAction\",\"target\":[\"https:\/\/aurenweb-stg.servidortemporal.net\/de\/lernen-sie-uns-kennen\/gesellschaftliche-verantwortung\/\"]}]},{\"@type\":\"BreadcrumbList\",\"@id\":\"https:\/\/aurenweb-stg.servidortemporal.net\/de\/lernen-sie-uns-kennen\/gesellschaftliche-verantwortung\/#breadcrumb\",\"itemListElement\":[{\"@type\":\"ListItem\",\"position\":1,\"name\":\"Home\",\"item\":\"https:\/\/aurenweb-stg.servidortemporal.net\/de\/\"},{\"@type\":\"ListItem\",\"position\":2,\"name\":\"Lernen Sie uns kennen\",\"item\":\"https:\/\/aurenweb-stg.servidortemporal.net\/de\/lernen-sie-uns-kennen\/\"},{\"@type\":\"ListItem\",\"position\":3,\"name\":\"Gesellschaftliche Verantwortung\"}]},{\"@type\":\"WebSite\",\"@id\":\"https:\/\/aurenweb-stg.servidortemporal.net\/de\/#website\",\"url\":\"https:\/\/aurenweb-stg.servidortemporal.net\/de\/\",\"name\":\"Auren\",\"description\":\"\",\"publisher\":{\"@id\":\"https:\/\/aurenweb-stg.servidortemporal.net\/de\/#organization\"},\"alternateName\":\"Auren\",\"potentialAction\":[{\"@type\":\"SearchAction\",\"target\":{\"@type\":\"EntryPoint\",\"urlTemplate\":\"https:\/\/aurenweb-stg.servidortemporal.net\/de\/?s={search_term_string}\"},\"query-input\":{\"@type\":\"PropertyValueSpecification\",\"valueRequired\":true,\"valueName\":\"search_term_string\"}}],\"inLanguage\":\"de\"},{\"@type\":\"Organization\",\"@id\":\"https:\/\/aurenweb-stg.servidortemporal.net\/de\/#organization\",\"name\":\"Auren Deutschland\",\"url\":\"https:\/\/aurenweb-stg.servidortemporal.net\/de\/\",\"logo\":{\"@type\":\"ImageObject\",\"inLanguage\":\"de\",\"@id\":\"https:\/\/aurenweb-stg.servidortemporal.net\/de\/#\/schema\/logo\/image\/\",\"url\":\"https:\/\/aurenweb-stg.servidortemporal.net\/de\/wp-content\/uploads\/2025\/01\/cropped-cropped-favicon-Auren.png\",\"contentUrl\":\"https:\/\/aurenweb-stg.servidortemporal.net\/de\/wp-content\/uploads\/2025\/01\/cropped-cropped-favicon-Auren.png\",\"width\":512,\"height\":512,\"caption\":\"Auren Deutschland\"},\"image\":{\"@id\":\"https:\/\/aurenweb-stg.servidortemporal.net\/de\/#\/schema\/logo\/image\/\"},\"sameAs\":[\"https:\/\/www.facebook.com\/aurendeutschland\",\"https:\/\/de.linkedin.com\/organization-guest\/company\/auren-deutschland\",\"https:\/\/www.youtube.com\/@aurendeutschland\",\"https:\/\/www.instagram.com\/aurendeutschland\/\"]}]}<\/script>\n<!-- \/ Yoast SEO plugin. -->","yoast_head_json":{"title":"Gesellschaftliche Verantwortung - Auren Germany","robots":{"index":"noindex","follow":"follow","max-snippet":"max-snippet:-1","max-image-preview":"max-image-preview:large","max-video-preview":"max-video-preview:-1"},"og_locale":"de_DE","og_type":"article","og_title":"Gesellschaftliche Verantwortung - Auren Germany","og_url":"https:\/\/aurenweb-stg.servidortemporal.net\/de\/lernen-sie-uns-kennen\/gesellschaftliche-verantwortung\/","og_site_name":"Auren Germany","article_publisher":"https:\/\/www.facebook.com\/aurendeutschland","article_modified_time":"2025-01-23T14:25:07+00:00","twitter_card":"summary_large_image","schema":{"@context":"https:\/\/schema.org","@graph":[{"@type":"WebPage","@id":"https:\/\/aurenweb-stg.servidortemporal.net\/de\/lernen-sie-uns-kennen\/gesellschaftliche-verantwortung\/","url":"https:\/\/aurenweb-stg.servidortemporal.net\/de\/lernen-sie-uns-kennen\/gesellschaftliche-verantwortung\/","name":"Gesellschaftliche Verantwortung - Auren Germany","isPartOf":{"@id":"https:\/\/aurenweb-stg.servidortemporal.net\/de\/#website"},"datePublished":"2024-12-19T16:16:21+00:00","dateModified":"2025-01-23T14:25:07+00:00","breadcrumb":{"@id":"https:\/\/aurenweb-stg.servidortemporal.net\/de\/lernen-sie-uns-kennen\/gesellschaftliche-verantwortung\/#breadcrumb"},"inLanguage":"de","potentialAction":[{"@type":"ReadAction","target":["https:\/\/aurenweb-stg.servidortemporal.net\/de\/lernen-sie-uns-kennen\/gesellschaftliche-verantwortung\/"]}]},{"@type":"BreadcrumbList","@id":"https:\/\/aurenweb-stg.servidortemporal.net\/de\/lernen-sie-uns-kennen\/gesellschaftliche-verantwortung\/#breadcrumb","itemListElement":[{"@type":"ListItem","position":1,"name":"Home","item":"https:\/\/aurenweb-stg.servidortemporal.net\/de\/"},{"@type":"ListItem","position":2,"name":"Lernen Sie uns kennen","item":"https:\/\/aurenweb-stg.servidortemporal.net\/de\/lernen-sie-uns-kennen\/"},{"@type":"ListItem","position":3,"name":"Gesellschaftliche Verantwortung"}]},{"@type":"WebSite","@id":"https:\/\/aurenweb-stg.servidortemporal.net\/de\/#website","url":"https:\/\/aurenweb-stg.servidortemporal.net\/de\/","name":"Auren","description":"","publisher":{"@id":"https:\/\/aurenweb-stg.servidortemporal.net\/de\/#organization"},"alternateName":"Auren","potentialAction":[{"@type":"SearchAction","target":{"@type":"EntryPoint","urlTemplate":"https:\/\/aurenweb-stg.servidortemporal.net\/de\/?s={search_term_string}"},"query-input":{"@type":"PropertyValueSpecification","valueRequired":true,"valueName":"search_term_string"}}],"inLanguage":"de"},{"@type":"Organization","@id":"https:\/\/aurenweb-stg.servidortemporal.net\/de\/#organization","name":"Auren Deutschland","url":"https:\/\/aurenweb-stg.servidortemporal.net\/de\/","logo":{"@type":"ImageObject","inLanguage":"de","@id":"https:\/\/aurenweb-stg.servidortemporal.net\/de\/#\/schema\/logo\/image\/","url":"https:\/\/aurenweb-stg.servidortemporal.net\/de\/wp-content\/uploads\/2025\/01\/cropped-cropped-favicon-Auren.png","contentUrl":"https:\/\/aurenweb-stg.servidortemporal.net\/de\/wp-content\/uploads\/2025\/01\/cropped-cropped-favicon-Auren.png","width":512,"height":512,"caption":"Auren Deutschland"},"image":{"@id":"https:\/\/aurenweb-stg.servidortemporal.net\/de\/#\/schema\/logo\/image\/"},"sameAs":["https:\/\/www.facebook.com\/aurendeutschland","https:\/\/de.linkedin.com\/organization-guest\/company\/auren-deutschland","https:\/\/www.youtube.com\/@aurendeutschland","https:\/\/www.instagram.com\/aurendeutschland\/"]}]}},"_links":{"self":[{"href":"https:\/\/aurenweb-stg.servidortemporal.net\/de\/wp-json\/wp\/v2\/pages\/2633","targetHints":{"allow":["GET"]}}],"collection":[{"href":"https:\/\/aurenweb-stg.servidortemporal.net\/de\/wp-json\/wp\/v2\/pages"}],"about":[{"href":"https:\/\/aurenweb-stg.servidortemporal.net\/de\/wp-json\/wp\/v2\/types\/page"}],"author":[{"embeddable":true,"href":"https:\/\/aurenweb-stg.servidortemporal.net\/de\/wp-json\/wp\/v2\/users\/2"}],"replies":[{"embeddable":true,"href":"https:\/\/aurenweb-stg.servidortemporal.net\/de\/wp-json\/wp\/v2\/comments?post=2633"}],"version-history":[{"count":3,"href":"https:\/\/aurenweb-stg.servidortemporal.net\/de\/wp-json\/wp\/v2\/pages\/2633\/revisions"}],"predecessor-version":[{"id":8716,"href":"https:\/\/aurenweb-stg.servidortemporal.net\/de\/wp-json\/wp\/v2\/pages\/2633\/revisions\/8716"}],"up":[{"embeddable":true,"href":"https:\/\/aurenweb-stg.servidortemporal.net\/de\/wp-json\/wp\/v2\/pages\/2599"}],"wp:attachment":[{"href":"https:\/\/aurenweb-stg.servidortemporal.net\/de\/wp-json\/wp\/v2\/media?parent=2633"}],"curies":[{"name":"wp","href":"https:\/\/api.w.org\/{rel}","templated":true}]}}