{"id":75241,"date":"2025-03-12T09:50:51","date_gmt":"2025-03-12T08:50:51","guid":{"rendered":"https:\/\/auren.com\/de\/?page_id=75241"},"modified":"2025-03-14T15:02:34","modified_gmt":"2025-03-14T14:02:34","slug":"all-in-one-loesungen","status":"publish","type":"page","link":"https:\/\/aurenweb-stg.servidortemporal.net\/de\/all-in-one-loesungen\/","title":{"rendered":"All-in-One L\u00f6sungen"},"content":{"rendered":"<section id=\"Header-block_5e8ea0beb7c12cf00f4697e2a1e8a511\" class=\"Header\">\r\n\r\n    <div class=\"hero\">\r\n                <div class=\"container\">\r\n            <div class=\"hero_header\">\r\n                                \r\n                <div class=\"hero_header_title\">\r\n                    <h1 class='' style=\"text-align: left;\"><strong>All-in-One L\u00f6sungen<\/strong><\/h1>\n                <\/div>\r\n\r\n                                                \r\n                <div class=\"hero_header_subtitle\">\r\n                    <p>Ganzheitliche Betreuung trifft auf umfassendes Fachwissen<\/p>\n                <\/div>\r\n\r\n                                \r\n            <\/div>\r\n        <\/div>\r\n        \r\n                <picture>\r\n            <source srcset=\"https:\/\/aurenweb-stg.servidortemporal.net\/de\/wp-content\/uploads\/2025\/03\/All-in-One-Loesungen.webp\"\r\n                media=\"(min-width: 1200px)\" \/>\r\n            <img loading=\"lazy\" decoding=\"async\" class=\"hero_bg\"\r\n                <img loading=\"lazy\" decoding=\"async\" width=\"640\" height=\"379\" src=\"https:\/\/aurenweb-stg.servidortemporal.net\/de\/wp-content\/uploads\/2025\/03\/All-in-One-Loesungen-1024x607.webp\" class=\"hero_bg\" alt=\"All-in-One-L\u00f6sungen\" srcset=\"https:\/\/aurenweb-stg.servidortemporal.net\/de\/wp-content\/uploads\/2025\/03\/All-in-One-Loesungen-1024x607.webp 1024w, https:\/\/aurenweb-stg.servidortemporal.net\/de\/wp-content\/uploads\/2025\/03\/All-in-One-Loesungen-300x178.webp 300w, https:\/\/aurenweb-stg.servidortemporal.net\/de\/wp-content\/uploads\/2025\/03\/All-in-One-Loesungen-768x455.webp 768w, https:\/\/aurenweb-stg.servidortemporal.net\/de\/wp-content\/uploads\/2025\/03\/All-in-One-Loesungen-1536x911.webp 1536w, https:\/\/aurenweb-stg.servidortemporal.net\/de\/wp-content\/uploads\/2025\/03\/All-in-One-Loesungen-2048x1214.webp 2048w\" sizes=\"auto, (max-width: 640px) 100vw, 640px\" \/>>\r\n        <\/picture>\r\n        \r\n                        <p class=\"hero_scroll\"><strong>Mehr erfahren<\/strong> Nach unten bl\u00e4ttern<\/p>\r\n                    <\/div>\r\n\r\n<\/section>\n\n\r\n<section id=\"Breadcrumbs-block_fb24703e7411d2a0652da2886fb61691\" class=\"Breadcrumbs\">\r\n    \r\n        <nav class=\"breads\" aria-label=\"Breadcrumb\">\r\n            <ul class=\"container\">\r\n                <li><a href=\"https:\/\/aurenweb-stg.servidortemporal.net\/de\">Home<\/a><\/li>\r\n                <li><span aria-current=\"page\">All-in-One L\u00f6sungen<\/span><\/li>            <\/ul>\r\n        <\/nav>\r\n\r\n                                                                                     \r\n    \r\n<\/section>\r\n\n\n\r\n<section id=\"ImageText-block_c3102e7e0422285d288b676bcb480537\" class=\"ImageText\">\r\n\r\n    <section class=\"info \">\r\n        <div class=\"container\">\r\n            <div class=\"info_text\">\r\n                <div class=\"info_title\">\r\n                    <p class=''>Ganzheitliche Beratung f\u00fcr den Mittelstand<\/p>\n                <\/div>\r\n                <div class=\"info_description\">\r\n                    <p data-start=\"71\" data-end=\"427\">Jedes Unternehmen steht vor individuellen Herausforderungen, die ma\u00dfgeschneiderte und interdisziplin\u00e4re L\u00f6sungen erfordern. Mit unseren All-in-One L\u00f6sungen bieten wir Ihnen eine umfassende Betreuung, die alle relevanten Unternehmensbereiche abdeckt.<\/p>\n<p data-start=\"429\" data-end=\"783\">Unser ganzheitlicher Ansatz stellt sicher, dass Sie nicht nur einzelne Leistungen erhalten, sondern eine abgestimmte Gesamtl\u00f6sung, die Ihr Unternehmen nachhaltig st\u00e4rkt. Ein pers\u00f6nlicher Ansprechpartner koordiniert alle Fachbereiche und begleitet Sie individuell, sodass Sie jederzeit eine verl\u00e4ssliche und kompetente Betreuung aus einer Hand genie\u00dfen.<\/p>\n<p data-start=\"785\" data-end=\"1125\" data-is-last-node=\"\" data-is-only-node=\"\">Dank unserer langj\u00e4hrigen Erfahrung und tiefgehenden Expertise im Mittelstand verstehen wir die spezifischen Anforderungen Ihres Unternehmens genau. Wir setzen auf langfristige Partnerschaften und ein vertrauensvolles Miteinander, um gemeinsam nachhaltige L\u00f6sungen zu entwickeln, die Ihr Unternehmen heute und in Zukunft erfolgreich machen.<\/p>\n                <\/div>\r\n            <\/div>\r\n            <div class=\"info_media\">\r\n                <div class=\"info_media_item info_media_item-1\">\r\n                    <div class=\"info_media_item_text\"><span class=\"title\"><\/span><\/div>\r\n                    <div class=\"info_media_item_text_claim\"><\/div>\r\n                    <span class=\"info_media_item_bg\">\r\n                                                    <img loading=\"lazy\" decoding=\"async\" width=\"574\" height=\"1024\" src=\"https:\/\/aurenweb-stg.servidortemporal.net\/de\/wp-content\/uploads\/2024\/12\/image-text-13-574x1024.webp\" class=\"attachment-large size-large\" alt=\"\" srcset=\"https:\/\/aurenweb-stg.servidortemporal.net\/de\/wp-content\/uploads\/2024\/12\/image-text-13-574x1024.webp 574w, https:\/\/aurenweb-stg.servidortemporal.net\/de\/wp-content\/uploads\/2024\/12\/image-text-13-168x300.webp 168w, https:\/\/aurenweb-stg.servidortemporal.net\/de\/wp-content\/uploads\/2024\/12\/image-text-13-768x1370.webp 768w, https:\/\/aurenweb-stg.servidortemporal.net\/de\/wp-content\/uploads\/2024\/12\/image-text-13-861x1536.webp 861w, https:\/\/aurenweb-stg.servidortemporal.net\/de\/wp-content\/uploads\/2024\/12\/image-text-13-1148x2048.webp 1148w, https:\/\/aurenweb-stg.servidortemporal.net\/de\/wp-content\/uploads\/2024\/12\/image-text-13-scaled.webp 1435w\" sizes=\"auto, (max-width: 574px) 100vw, 574px\" \/>                                            <\/span>\r\n                                            <img loading=\"lazy\" decoding=\"async\" width=\"168\" height=\"168\" src=\"https:\/\/aurenweb-stg.servidortemporal.net\/de\/wp-content\/uploads\/2024\/12\/ico-info-media-2-1.webp\" class=\"info_media_item_ico\" alt=\"\" srcset=\"https:\/\/aurenweb-stg.servidortemporal.net\/de\/wp-content\/uploads\/2024\/12\/ico-info-media-2-1.webp 168w, https:\/\/aurenweb-stg.servidortemporal.net\/de\/wp-content\/uploads\/2024\/12\/ico-info-media-2-1-150x150.webp 150w\" sizes=\"auto, (max-width: 168px) 100vw, 168px\" \/>                                                        <\/div>\r\n                <div class=\"info_media_claim\">\r\n                                    <\/div>\r\n                <div class=\"info_media_item info_media_item-2\">\r\n                    <div class=\"info_media_item_text\"><span class=\"title\"><\/span><\/div>\r\n                    <div class=\"info_media_item_text_claim\"><\/div>\r\n                    <span class=\"info_media_item_bg\">\r\n                                                    <img loading=\"lazy\" decoding=\"async\" width=\"640\" height=\"533\" src=\"https:\/\/aurenweb-stg.servidortemporal.net\/de\/wp-content\/uploads\/2025\/03\/All-in-One-Bild-1-1024x853.webp\" class=\"attachment-large size-large\" alt=\"\" srcset=\"https:\/\/aurenweb-stg.servidortemporal.net\/de\/wp-content\/uploads\/2025\/03\/All-in-One-Bild-1-1024x853.webp 1024w, https:\/\/aurenweb-stg.servidortemporal.net\/de\/wp-content\/uploads\/2025\/03\/All-in-One-Bild-1-300x250.webp 300w, https:\/\/aurenweb-stg.servidortemporal.net\/de\/wp-content\/uploads\/2025\/03\/All-in-One-Bild-1-768x640.webp 768w, https:\/\/aurenweb-stg.servidortemporal.net\/de\/wp-content\/uploads\/2025\/03\/All-in-One-Bild-1.webp 1200w\" sizes=\"auto, (max-width: 640px) 100vw, 640px\" \/>                                            <\/span>\r\n                                                        <\/div>\r\n            <\/div>\r\n        <\/div>\r\n    <\/section>\r\n\r\n<\/section>\r\n\r\n\n\n<div id=\"TitleSubtitleText-block_857773794f9906be683f2870a9ddbad1\" class=\"TitleSubtitleText\">\n\n    <section class=\"headlines v3\">\n        <div class=\"container\">\n                        <div class=\"headlines_title\">\n                <p class='' style=\"text-align: right;\">Unsere Leistungen<\/p>\n            <\/div>\n                                    <div class=\"headlines_content\">\n                                                <div class=\"headlines_description\">\n                    <p style=\"text-align: left;\">Unsere All-in-One L\u00f6sungen: umfassende, innovative L\u00f6sungen aus einer Hand, die echten Mehrwert f\u00fcr Ihr Unternehmen schaffen.<\/p>\n                <\/div>\n                                            <\/div>\n                    <\/div>\n    <\/section>\n\n<\/div>\n\n\n<section id=\"ChildPostsListDisplay-block_d31b12365915ef48585b7ac82d1207dd\" class=\"ChildPostsListDisplay\">\r\n\r\n    \r\n        \r\n        <section class=\"headlines\">\r\n            <div class=\"container\">\r\n                \r\n                            <\/div>\r\n        <\/section>\r\n\r\n        <section class=\"accordion\">\r\n            <div class=\"container\">\r\n                                                    <div class=\"accordion_item\">\r\n                        <a class=\"accordion_item_header\" href=\"#\">Global Mobility Services<\/a>\r\n                        <div class=\"accordion_item_content align-items-center\">\r\n                            <div class=\"accordion_item_content_text w-100\"  style=\"max-width:unset!important\" >\r\n                                <p data-start=\"0\" data-end=\"427\">Unsere Global Mobility Services bieten Unternehmen eine umfassende Unterst\u00fctzung bei der internationalen Entsendung von Mitarbeitenden und stellen sicher, dass alle globalen Compliance- und Risikomanagement-Vorgaben eingehalten werden. Wir begleiten Sie durch den gesamten Prozess \u2013 von der Erstellung rechtssicherer Vertr\u00e4ge \u00fcber die Beantragung von Visa bis hin zur steuerlichen und sozialversicherungsrechtlichen Beratung.<\/p>\n                                                                    <a class=\"button button-primary button-icon\" href=\"https:\/\/aurenweb-stg.servidortemporal.net\/de\/all-in-one-loesungen\/global-mobility-services\/\">\r\n                                        Mehr Informationen                                    <\/a>\r\n                                                            <\/div>\r\n                                                    <\/div>\r\n                    <\/div>\r\n                                    <div class=\"accordion_item\">\r\n                        <a class=\"accordion_item_header\" href=\"#\">Inbound Services<\/a>\r\n                        <div class=\"accordion_item_content align-items-center\">\r\n                            <div class=\"accordion_item_content_text w-100\"  style=\"max-width:unset!important\" >\r\n                                <p>Der Markteintritt in Deutschland bringt komplexe rechtliche, steuerliche und administrative Herausforderungen mit sich. Unsere Inbound Services unterst\u00fctzen multinationale Unternehmen bei der effizienten Gr\u00fcndung, Strukturierung und Optimierung ihrer deutschen Tochtergesellschaft.<\/p>\n                                                                    <a class=\"button button-primary button-icon\" href=\"https:\/\/aurenweb-stg.servidortemporal.net\/de\/all-in-one-loesungen\/inbound-services\/\">\r\n                                        Mehr Informationen                                    <\/a>\r\n                                                            <\/div>\r\n                                                    <\/div>\r\n                    <\/div>\r\n                                    <div class=\"accordion_item\">\r\n                        <a class=\"accordion_item_header\" href=\"#\">Integrated Deal Advisory Services<\/a>\r\n                        <div class=\"accordion_item_content align-items-center\">\r\n                            <div class=\"accordion_item_content_text w-100\"  style=\"max-width:unset!important\" >\r\n                                <p>Unternehmenstransaktionen sind vielschichtig und setzen eine enge Koordination zwischen Finanz-, Steuer- und Rechtsexperten voraus. Unsere Integrated Deal Advisory Services unterst\u00fctzen Sie in jedem Schritt des M&amp;A-Prozesses \u2013 von der Identifikation potenzieller K\u00e4ufer oder \u00dcbernahmeziele \u00fcber die Due Diligence und Vertragsverhandlungen bis hin zur erfolgreichen Integration nach dem Abschluss.<\/p>\n                                                                    <a class=\"button button-primary button-icon\" href=\"https:\/\/aurenweb-stg.servidortemporal.net\/de\/all-in-one-loesungen\/integrated-deal-advisory-services\/\">\r\n                                        Mehr Informationen                                    <\/a>\r\n                                                            <\/div>\r\n                                                    <\/div>\r\n                    <\/div>\r\n                                    <div class=\"accordion_item\">\r\n                        <a class=\"accordion_item_header\" href=\"#\">International Desks<\/a>\r\n                        <div class=\"accordion_item_content align-items-center\">\r\n                            <div class=\"accordion_item_content_text w-100\"  style=\"max-width:unset!important\" >\r\n                                <p>Unsere International Desks begleiten Unternehmen bei ihrem Eintritt in internationale M\u00e4rkte und der Expansion ins Ausland. Mit umfassendem kulturellen Verst\u00e4ndnis und fundierter Expertise in grenz\u00fcberschreitenden Projekten bieten wir ma\u00dfgeschneiderte Unterst\u00fctzung in rechtlichen, steuerlichen, wirtschaftlichen und finanziellen Angelegenheiten.<\/p>\n                                                                    <a class=\"button button-primary button-icon\" href=\"https:\/\/aurenweb-stg.servidortemporal.net\/de\/all-in-one-loesungen\/international-desks\/\">\r\n                                        Mehr Informationen                                    <\/a>\r\n                                                            <\/div>\r\n                                                    <\/div>\r\n                    <\/div>\r\n                                    <div class=\"accordion_item\">\r\n                        <a class=\"accordion_item_header\" href=\"#\">Personalwesen<\/a>\r\n                        <div class=\"accordion_item_content align-items-center\">\r\n                            <div class=\"accordion_item_content_text w-100\"  style=\"max-width:unset!important\" >\r\n                                <p>Die Anforderungen im Personalmanagement werden immer anspruchsvoller \u2013 von arbeitsrechtlichen Vorgaben \u00fcber Lohn- und Gehaltsabrechnung bis hin zur strategischen Personalplanung. Wir bieten Ihnen eine umfassende Betreuung aus einer Hand und stehen Ihnen genau dort zur Seite, wo Sie Unterst\u00fctzung ben\u00f6tigen.<\/p>\n                                                                    <a class=\"button button-primary button-icon\" href=\"https:\/\/aurenweb-stg.servidortemporal.net\/de\/all-in-one-loesungen\/personalwesen\/\">\r\n                                        Mehr Informationen                                    <\/a>\r\n                                                            <\/div>\r\n                                                    <\/div>\r\n                    <\/div>\r\n                            <\/div>\r\n        <\/section>\r\n\r\n    \r\n<\/section>\r\n\n\n<section id=\"ImageTextV2-block_96ca6ff06bbd42533e0be767235d740c\" class=\"ImageTextV2\">\r\n\r\n    <div class=\"upcoming v2\">\r\n        <div class=\"container\">\r\n            <div class=\"upcoming_text\">\r\n                <div class=\"upcoming_title\">\r\n                    <div class=\"upcoming_title\">\n<h3 class=''>Bereit f\u00fcr gemeinsame Erfolge?<\/h3>\n<\/div>\n                <\/div>\r\n                <div class=\"upcoming_kicker\">\r\n                                    <\/div>\r\n            <\/div>\r\n            <div class=\"upcoming_media\">\r\n                <a class=\"button button-primary button-icon\" href=\"https:\/\/aurenweb-stg.servidortemporal.net\/de\/kontakt\/\" target=\"\">Kontakt<\/a>\r\n                <span class=\"upcoming_media_bg\"><img loading=\"lazy\" decoding=\"async\" width=\"640\" height=\"419\" src=\"https:\/\/aurenweb-stg.servidortemporal.net\/de\/wp-content\/uploads\/2024\/12\/bg-upcoming-media-v2-1.webp\" class=\"\" alt=\"\" srcset=\"https:\/\/aurenweb-stg.servidortemporal.net\/de\/wp-content\/uploads\/2024\/12\/bg-upcoming-media-v2-1.webp 684w, https:\/\/aurenweb-stg.servidortemporal.net\/de\/wp-content\/uploads\/2024\/12\/bg-upcoming-media-v2-1-300x196.webp 300w\" sizes=\"auto, (max-width: 640px) 100vw, 640px\" \/><\/span>\r\n            <\/div>\r\n        <\/div>\r\n    <\/div>\r\n\r\n<\/section>\r\n","protected":false},"excerpt":{"rendered":"","protected":false},"author":3,"featured_media":0,"parent":0,"menu_order":0,"comment_status":"closed","ping_status":"closed","template":"","meta":{"_acf_changed":false,"footnotes":""},"class_list":["post-75241","page","type-page","status-publish","hentry"],"acf":[],"yoast_head":"<!-- This site is optimized with the Yoast SEO plugin v24.3 - https:\/\/yoast.com\/wordpress\/plugins\/seo\/ -->\n<title>All-in-One L\u00f6sungen - Auren Germany<\/title>\n<meta name=\"robots\" content=\"noindex, follow, max-snippet:-1, max-image-preview:large, max-video-preview:-1\" \/>\n<meta property=\"og:locale\" content=\"de_DE\" \/>\n<meta property=\"og:type\" content=\"article\" \/>\n<meta property=\"og:title\" content=\"All-in-One L\u00f6sungen - Auren Germany\" \/>\n<meta property=\"og:url\" content=\"https:\/\/aurenweb-stg.servidortemporal.net\/de\/all-in-one-loesungen\/\" \/>\n<meta property=\"og:site_name\" content=\"Auren Germany\" \/>\n<meta property=\"article:publisher\" content=\"https:\/\/www.facebook.com\/aurendeutschland\" \/>\n<meta property=\"article:modified_time\" content=\"2025-03-14T14:02:34+00:00\" \/>\n<meta name=\"twitter:card\" content=\"summary_large_image\" \/>\n<script type=\"application\/ld+json\" class=\"yoast-schema-graph\">{\"@context\":\"https:\/\/schema.org\",\"@graph\":[{\"@type\":\"WebPage\",\"@id\":\"https:\/\/aurenweb-stg.servidortemporal.net\/de\/all-in-one-loesungen\/\",\"url\":\"https:\/\/aurenweb-stg.servidortemporal.net\/de\/all-in-one-loesungen\/\",\"name\":\"All-in-One L\u00f6sungen - Auren Germany\",\"isPartOf\":{\"@id\":\"https:\/\/aurenweb-stg.servidortemporal.net\/de\/#website\"},\"datePublished\":\"2025-03-12T08:50:51+00:00\",\"dateModified\":\"2025-03-14T14:02:34+00:00\",\"breadcrumb\":{\"@id\":\"https:\/\/aurenweb-stg.servidortemporal.net\/de\/all-in-one-loesungen\/#breadcrumb\"},\"inLanguage\":\"de\",\"potentialAction\":[{\"@type\":\"ReadAction\",\"target\":[\"https:\/\/aurenweb-stg.servidortemporal.net\/de\/all-in-one-loesungen\/\"]}]},{\"@type\":\"BreadcrumbList\",\"@id\":\"https:\/\/aurenweb-stg.servidortemporal.net\/de\/all-in-one-loesungen\/#breadcrumb\",\"itemListElement\":[{\"@type\":\"ListItem\",\"position\":1,\"name\":\"Home\",\"item\":\"https:\/\/aurenweb-stg.servidortemporal.net\/de\/\"},{\"@type\":\"ListItem\",\"position\":2,\"name\":\"All-in-One L\u00f6sungen\"}]},{\"@type\":\"WebSite\",\"@id\":\"https:\/\/aurenweb-stg.servidortemporal.net\/de\/#website\",\"url\":\"https:\/\/aurenweb-stg.servidortemporal.net\/de\/\",\"name\":\"Auren\",\"description\":\"\",\"publisher\":{\"@id\":\"https:\/\/aurenweb-stg.servidortemporal.net\/de\/#organization\"},\"alternateName\":\"Auren\",\"potentialAction\":[{\"@type\":\"SearchAction\",\"target\":{\"@type\":\"EntryPoint\",\"urlTemplate\":\"https:\/\/aurenweb-stg.servidortemporal.net\/de\/?s={search_term_string}\"},\"query-input\":{\"@type\":\"PropertyValueSpecification\",\"valueRequired\":true,\"valueName\":\"search_term_string\"}}],\"inLanguage\":\"de\"},{\"@type\":\"Organization\",\"@id\":\"https:\/\/aurenweb-stg.servidortemporal.net\/de\/#organization\",\"name\":\"Auren Deutschland\",\"url\":\"https:\/\/aurenweb-stg.servidortemporal.net\/de\/\",\"logo\":{\"@type\":\"ImageObject\",\"inLanguage\":\"de\",\"@id\":\"https:\/\/aurenweb-stg.servidortemporal.net\/de\/#\/schema\/logo\/image\/\",\"url\":\"https:\/\/aurenweb-stg.servidortemporal.net\/de\/wp-content\/uploads\/2025\/01\/cropped-cropped-favicon-Auren.png\",\"contentUrl\":\"https:\/\/aurenweb-stg.servidortemporal.net\/de\/wp-content\/uploads\/2025\/01\/cropped-cropped-favicon-Auren.png\",\"width\":512,\"height\":512,\"caption\":\"Auren Deutschland\"},\"image\":{\"@id\":\"https:\/\/aurenweb-stg.servidortemporal.net\/de\/#\/schema\/logo\/image\/\"},\"sameAs\":[\"https:\/\/www.facebook.com\/aurendeutschland\",\"https:\/\/de.linkedin.com\/organization-guest\/company\/auren-deutschland\",\"https:\/\/www.youtube.com\/@aurendeutschland\",\"https:\/\/www.instagram.com\/aurendeutschland\/\"]}]}<\/script>\n<!-- \/ Yoast SEO plugin. -->","yoast_head_json":{"title":"All-in-One L\u00f6sungen - Auren Germany","robots":{"index":"noindex","follow":"follow","max-snippet":"max-snippet:-1","max-image-preview":"max-image-preview:large","max-video-preview":"max-video-preview:-1"},"og_locale":"de_DE","og_type":"article","og_title":"All-in-One L\u00f6sungen - Auren Germany","og_url":"https:\/\/aurenweb-stg.servidortemporal.net\/de\/all-in-one-loesungen\/","og_site_name":"Auren Germany","article_publisher":"https:\/\/www.facebook.com\/aurendeutschland","article_modified_time":"2025-03-14T14:02:34+00:00","twitter_card":"summary_large_image","schema":{"@context":"https:\/\/schema.org","@graph":[{"@type":"WebPage","@id":"https:\/\/aurenweb-stg.servidortemporal.net\/de\/all-in-one-loesungen\/","url":"https:\/\/aurenweb-stg.servidortemporal.net\/de\/all-in-one-loesungen\/","name":"All-in-One L\u00f6sungen - Auren Germany","isPartOf":{"@id":"https:\/\/aurenweb-stg.servidortemporal.net\/de\/#website"},"datePublished":"2025-03-12T08:50:51+00:00","dateModified":"2025-03-14T14:02:34+00:00","breadcrumb":{"@id":"https:\/\/aurenweb-stg.servidortemporal.net\/de\/all-in-one-loesungen\/#breadcrumb"},"inLanguage":"de","potentialAction":[{"@type":"ReadAction","target":["https:\/\/aurenweb-stg.servidortemporal.net\/de\/all-in-one-loesungen\/"]}]},{"@type":"BreadcrumbList","@id":"https:\/\/aurenweb-stg.servidortemporal.net\/de\/all-in-one-loesungen\/#breadcrumb","itemListElement":[{"@type":"ListItem","position":1,"name":"Home","item":"https:\/\/aurenweb-stg.servidortemporal.net\/de\/"},{"@type":"ListItem","position":2,"name":"All-in-One L\u00f6sungen"}]},{"@type":"WebSite","@id":"https:\/\/aurenweb-stg.servidortemporal.net\/de\/#website","url":"https:\/\/aurenweb-stg.servidortemporal.net\/de\/","name":"Auren","description":"","publisher":{"@id":"https:\/\/aurenweb-stg.servidortemporal.net\/de\/#organization"},"alternateName":"Auren","potentialAction":[{"@type":"SearchAction","target":{"@type":"EntryPoint","urlTemplate":"https:\/\/aurenweb-stg.servidortemporal.net\/de\/?s={search_term_string}"},"query-input":{"@type":"PropertyValueSpecification","valueRequired":true,"valueName":"search_term_string"}}],"inLanguage":"de"},{"@type":"Organization","@id":"https:\/\/aurenweb-stg.servidortemporal.net\/de\/#organization","name":"Auren Deutschland","url":"https:\/\/aurenweb-stg.servidortemporal.net\/de\/","logo":{"@type":"ImageObject","inLanguage":"de","@id":"https:\/\/aurenweb-stg.servidortemporal.net\/de\/#\/schema\/logo\/image\/","url":"https:\/\/aurenweb-stg.servidortemporal.net\/de\/wp-content\/uploads\/2025\/01\/cropped-cropped-favicon-Auren.png","contentUrl":"https:\/\/aurenweb-stg.servidortemporal.net\/de\/wp-content\/uploads\/2025\/01\/cropped-cropped-favicon-Auren.png","width":512,"height":512,"caption":"Auren Deutschland"},"image":{"@id":"https:\/\/aurenweb-stg.servidortemporal.net\/de\/#\/schema\/logo\/image\/"},"sameAs":["https:\/\/www.facebook.com\/aurendeutschland","https:\/\/de.linkedin.com\/organization-guest\/company\/auren-deutschland","https:\/\/www.youtube.com\/@aurendeutschland","https:\/\/www.instagram.com\/aurendeutschland\/"]}]}},"_links":{"self":[{"href":"https:\/\/aurenweb-stg.servidortemporal.net\/de\/wp-json\/wp\/v2\/pages\/75241","targetHints":{"allow":["GET"]}}],"collection":[{"href":"https:\/\/aurenweb-stg.servidortemporal.net\/de\/wp-json\/wp\/v2\/pages"}],"about":[{"href":"https:\/\/aurenweb-stg.servidortemporal.net\/de\/wp-json\/wp\/v2\/types\/page"}],"author":[{"embeddable":true,"href":"https:\/\/aurenweb-stg.servidortemporal.net\/de\/wp-json\/wp\/v2\/users\/3"}],"replies":[{"embeddable":true,"href":"https:\/\/aurenweb-stg.servidortemporal.net\/de\/wp-json\/wp\/v2\/comments?post=75241"}],"version-history":[{"count":10,"href":"https:\/\/aurenweb-stg.servidortemporal.net\/de\/wp-json\/wp\/v2\/pages\/75241\/revisions"}],"predecessor-version":[{"id":629370,"href":"https:\/\/aurenweb-stg.servidortemporal.net\/de\/wp-json\/wp\/v2\/pages\/75241\/revisions\/629370"}],"wp:attachment":[{"href":"https:\/\/aurenweb-stg.servidortemporal.net\/de\/wp-json\/wp\/v2\/media?parent=75241"}],"curies":[{"name":"wp","href":"https:\/\/api.w.org\/{rel}","templated":true}]}}