{"id":85184,"date":"2025-03-13T08:53:36","date_gmt":"2025-03-13T07:53:36","guid":{"rendered":"https:\/\/auren.com\/de\/?page_id=85184"},"modified":"2025-03-18T14:18:39","modified_gmt":"2025-03-18T13:18:39","slug":"global-mobility-services","status":"publish","type":"page","link":"https:\/\/aurenweb-stg.servidortemporal.net\/de\/all-in-one-loesungen\/global-mobility-services\/","title":{"rendered":"Global Mobility Services"},"content":{"rendered":"<section id=\"Header-block_dcca4ff920f30e2414b3185a2b4ab168\" class=\"Header\">\r\n\r\n    <div class=\"hero\">\r\n                <div class=\"container\">\r\n            <div class=\"hero_header\">\r\n                                \r\n                <div class=\"hero_header_title\">\r\n                    <p class=''>Global Mobility Services<\/p>\n                <\/div>\r\n\r\n                                                \r\n                <div class=\"hero_header_subtitle\">\r\n                                    <\/div>\r\n\r\n                                \r\n            <\/div>\r\n        <\/div>\r\n        \r\n                <picture>\r\n            <source srcset=\"https:\/\/aurenweb-stg.servidortemporal.net\/de\/wp-content\/uploads\/2025\/03\/All-in-One-Loesungen.webp\"\r\n                media=\"(min-width: 1200px)\" \/>\r\n            <img loading=\"lazy\" decoding=\"async\" class=\"hero_bg\"\r\n                <img loading=\"lazy\" decoding=\"async\" width=\"640\" height=\"379\" src=\"https:\/\/aurenweb-stg.servidortemporal.net\/de\/wp-content\/uploads\/2025\/03\/All-in-One-Loesungen-1024x607.webp\" class=\"hero_bg\" alt=\"All-in-One-L\u00f6sungen\" srcset=\"https:\/\/aurenweb-stg.servidortemporal.net\/de\/wp-content\/uploads\/2025\/03\/All-in-One-Loesungen-1024x607.webp 1024w, https:\/\/aurenweb-stg.servidortemporal.net\/de\/wp-content\/uploads\/2025\/03\/All-in-One-Loesungen-300x178.webp 300w, https:\/\/aurenweb-stg.servidortemporal.net\/de\/wp-content\/uploads\/2025\/03\/All-in-One-Loesungen-768x455.webp 768w, https:\/\/aurenweb-stg.servidortemporal.net\/de\/wp-content\/uploads\/2025\/03\/All-in-One-Loesungen-1536x911.webp 1536w, https:\/\/aurenweb-stg.servidortemporal.net\/de\/wp-content\/uploads\/2025\/03\/All-in-One-Loesungen-2048x1214.webp 2048w\" sizes=\"auto, (max-width: 640px) 100vw, 640px\" \/>>\r\n        <\/picture>\r\n        \r\n                        <p class=\"hero_scroll\"><strong>Mehr erfahren<\/strong> Nach unten bl\u00e4ttern<\/p>\r\n                    <\/div>\r\n\r\n<\/section>\n\n\r\n<section id=\"Breadcrumbs-block_2a4da2fd3a275fe94b2582b247f425b5\" class=\"Breadcrumbs\">\r\n    \r\n        <nav class=\"breads\" aria-label=\"Breadcrumb\">\r\n            <ul class=\"container\">\r\n                <li><a href=\"https:\/\/aurenweb-stg.servidortemporal.net\/de\">Home<\/a><\/li>\r\n                <li><span aria-current=\"page\">Global Mobility Services<\/span><\/li>            <\/ul>\r\n        <\/nav>\r\n\r\n                                                                                     \r\n    \r\n<\/section>\r\n\n\n\r\n<section id=\"ImageText-block_e10ebb4972656f570c8a21e2ad44d780\" class=\"ImageText\">\r\n\r\n    <section class=\"info \">\r\n        <div class=\"container\">\r\n            <div class=\"info_text\">\r\n                <div class=\"info_title\">\r\n                    <p class=''>Ganzheitliche Betreuung bei weltweiten Entsendungen<\/p>\n                <\/div>\r\n                <div class=\"info_description\">\r\n                    <p>Global Mobility Services (GMS) sind Dienstleistungen, die Unternehmen dabei unterst\u00fctzen, die Entsendung von Mitarbeitenden ins In- und Ausland zu realisieren, zu verwalten und dabei die internationalen rechtlichen Anforderungen zu erf\u00fcllen.<\/p>\n<p>Unser Service richtet sich an Unternehmen mit l\u00e4nder\u00fcbergreifenden Personaleins\u00e4tzen. Wir unterst\u00fctzen Sie im gesamten Prozess Ihrer internationalen Entsendungen. Unsere Dienstleistungen umfassen von der Vertragserstellung, Visathemen sowie sozialversicherungsrechtliche und steuerrechtliche Angelegenheiten auch eine ganzheitliche Beratung in den beteiligten L\u00e4ndern.<\/p>\n                <\/div>\r\n            <\/div>\r\n            <div class=\"info_media\">\r\n                <div class=\"info_media_item info_media_item-1\">\r\n                    <div class=\"info_media_item_text\"><span class=\"title\"><\/span><\/div>\r\n                    <div class=\"info_media_item_text_claim\"><\/div>\r\n                    <span class=\"info_media_item_bg\">\r\n                                                    <img loading=\"lazy\" decoding=\"async\" width=\"574\" height=\"1024\" src=\"https:\/\/aurenweb-stg.servidortemporal.net\/de\/wp-content\/uploads\/2024\/12\/image-text-13-574x1024.webp\" class=\"attachment-large size-large\" alt=\"\" srcset=\"https:\/\/aurenweb-stg.servidortemporal.net\/de\/wp-content\/uploads\/2024\/12\/image-text-13-574x1024.webp 574w, https:\/\/aurenweb-stg.servidortemporal.net\/de\/wp-content\/uploads\/2024\/12\/image-text-13-168x300.webp 168w, https:\/\/aurenweb-stg.servidortemporal.net\/de\/wp-content\/uploads\/2024\/12\/image-text-13-768x1370.webp 768w, https:\/\/aurenweb-stg.servidortemporal.net\/de\/wp-content\/uploads\/2024\/12\/image-text-13-861x1536.webp 861w, https:\/\/aurenweb-stg.servidortemporal.net\/de\/wp-content\/uploads\/2024\/12\/image-text-13-1148x2048.webp 1148w, https:\/\/aurenweb-stg.servidortemporal.net\/de\/wp-content\/uploads\/2024\/12\/image-text-13-scaled.webp 1435w\" sizes=\"auto, (max-width: 574px) 100vw, 574px\" \/>                                            <\/span>\r\n                                            <img loading=\"lazy\" decoding=\"async\" width=\"168\" height=\"168\" src=\"https:\/\/aurenweb-stg.servidortemporal.net\/de\/wp-content\/uploads\/2024\/12\/ico-info-media-2-1.webp\" class=\"info_media_item_ico\" alt=\"\" srcset=\"https:\/\/aurenweb-stg.servidortemporal.net\/de\/wp-content\/uploads\/2024\/12\/ico-info-media-2-1.webp 168w, https:\/\/aurenweb-stg.servidortemporal.net\/de\/wp-content\/uploads\/2024\/12\/ico-info-media-2-1-150x150.webp 150w\" sizes=\"auto, (max-width: 168px) 100vw, 168px\" \/>                                                        <\/div>\r\n                <div class=\"info_media_claim\">\r\n                                    <\/div>\r\n                <div class=\"info_media_item info_media_item-2\">\r\n                    <div class=\"info_media_item_text\"><span class=\"title\"><\/span><\/div>\r\n                    <div class=\"info_media_item_text_claim\"><\/div>\r\n                    <span class=\"info_media_item_bg\">\r\n                                                    <img loading=\"lazy\" decoding=\"async\" width=\"640\" height=\"533\" src=\"https:\/\/aurenweb-stg.servidortemporal.net\/de\/wp-content\/uploads\/2025\/03\/All-in-One-Bild-1-1024x853.webp\" class=\"attachment-large size-large\" alt=\"\" srcset=\"https:\/\/aurenweb-stg.servidortemporal.net\/de\/wp-content\/uploads\/2025\/03\/All-in-One-Bild-1-1024x853.webp 1024w, https:\/\/aurenweb-stg.servidortemporal.net\/de\/wp-content\/uploads\/2025\/03\/All-in-One-Bild-1-300x250.webp 300w, https:\/\/aurenweb-stg.servidortemporal.net\/de\/wp-content\/uploads\/2025\/03\/All-in-One-Bild-1-768x640.webp 768w, https:\/\/aurenweb-stg.servidortemporal.net\/de\/wp-content\/uploads\/2025\/03\/All-in-One-Bild-1.webp 1200w\" sizes=\"auto, (max-width: 640px) 100vw, 640px\" \/>                                            <\/span>\r\n                                                        <\/div>\r\n            <\/div>\r\n        <\/div>\r\n    <\/section>\r\n\r\n<\/section>\r\n\r\n\n\n<section id=\"Catalog-block_ab8843554adae71cffe85cf4285bfcbd\" class=\"Catalog\">\r\n\r\n    <section class=\"catalog\">\r\n        <div class=\"container\">\r\n            <div class=\"catalog_wrapper\">\r\n                <div class=\"catalog_content\">\r\n                    <div class=\"catalog_title\">\r\n                        <p class=''>Ihre Vorteile<\/p>\n                    <\/div>\r\n                    <div class=\"catalog_text\">\r\n                        <ol>\n<li>Ganzheitliche Betreuung<\/li>\n<li>Pers\u00f6nliche Betreuung aus einer Hand durch einen Ansprechpartner<\/li>\n<li>Umfassendes Fachwissen f\u00fcr den Mittelstand<\/li>\n<li>Nachhaltige Partnerschaften und langfristiges Vertrauen<\/li>\n<\/ol>\n                    <\/div>\r\n                <\/div>\r\n                <div class=\"catalog_media\">\r\n                    <img loading=\"lazy\" decoding=\"async\" width=\"640\" height=\"360\" src=\"https:\/\/aurenweb-stg.servidortemporal.net\/de\/wp-content\/uploads\/2025\/03\/abstract-background-design-rough-warm-alphabet-red-color-1024x576.webp\" class=\"catalog_media_image\" alt=\"\" srcset=\"https:\/\/aurenweb-stg.servidortemporal.net\/de\/wp-content\/uploads\/2025\/03\/abstract-background-design-rough-warm-alphabet-red-color-1024x576.webp 1024w, https:\/\/aurenweb-stg.servidortemporal.net\/de\/wp-content\/uploads\/2025\/03\/abstract-background-design-rough-warm-alphabet-red-color-300x169.webp 300w, https:\/\/aurenweb-stg.servidortemporal.net\/de\/wp-content\/uploads\/2025\/03\/abstract-background-design-rough-warm-alphabet-red-color-768x432.webp 768w, https:\/\/aurenweb-stg.servidortemporal.net\/de\/wp-content\/uploads\/2025\/03\/abstract-background-design-rough-warm-alphabet-red-color-1536x864.webp 1536w, https:\/\/aurenweb-stg.servidortemporal.net\/de\/wp-content\/uploads\/2025\/03\/abstract-background-design-rough-warm-alphabet-red-color-2048x1152.webp 2048w\" sizes=\"auto, (max-width: 640px) 100vw, 640px\" \/>                <\/div>\r\n            <\/div>\r\n        <\/div>\r\n    <\/section>\r\n    \r\n<\/section>\r\n\n\n<div id=\"TitleSubtitleText-block_d5bd366fdb4b4b0387f6b91beb67f006\" class=\"TitleSubtitleText\">\n\n    <section class=\"headlines v1\">\n        <div class=\"container\">\n                        <div class=\"headlines_title\">\n                <p class=''>Unsere Leistungsbereiche<\/p>\n            <\/div>\n                                <\/div>\n    <\/section>\n\n<\/div>\n\n\n<div id=\"Accordion-block_4d92d1891d2f94b10de6a24610f063ec\" class=\"Accordion\">\n\n    <section class=\"accordion v2\">\n        <div class=\"container\">\n                        <div class=\"accordion_item\">\n                <a class=\"accordion_item_header\" href=\"#\">Sozialversicherung<\/a>\n                <div class=\"accordion_item_content\">\n                    <div class=\"accordion_item_content_text\">\n                        <p>Wir k\u00fcmmern uns um die Kl\u00e4rung des Versicherungsschutzes Ihrer Mitarbeitenden im Einsatz- und Heimatland und unterst\u00fctzen Sie bei der Pr\u00fcfung und Durchf\u00fchrung notwendiger Antr\u00e4ge und Meldungen. Dabei haben wir stets alle sozialversicherungsrechtlichen Besonderheiten im Blick.<\/p>\n                    <\/div>\n                <\/div>\n            <\/div>\n                        <div class=\"accordion_item\">\n                <a class=\"accordion_item_header\" href=\"#\">Lohn<\/a>\n                <div class=\"accordion_item_content\">\n                    <div class=\"accordion_item_content_text\">\n                        <p>Wir f\u00fchren die laufende Lohn und Gehaltsabrechnung zuverl\u00e4ssig f\u00fcr Sie durch. Profitieren Sie von ma\u00dfgeschneiderten Analysen und Gesamtkostenberichten nach Ihren Anforderungen und nutzen Sie unseren bequemen Versand von Abrechnungen \u2013 oder greifen Sie direkt auf die Informationen \u00fcber unsere sichere Cloud-L\u00f6sung zu.<\/p>\n                    <\/div>\n                <\/div>\n            <\/div>\n                        <div class=\"accordion_item\">\n                <a class=\"accordion_item_header\" href=\"#\">Arbeitsrecht<\/a>\n                <div class=\"accordion_item_content\">\n                    <div class=\"accordion_item_content_text\">\n                        <p>Wir erstellen die notwendigen Arbeitsvertr\u00e4ge und Zusatzvereinbarungen, beraten Sie zu Arbeits- und Besch\u00e4ftigungsbedingungen im Einklang mit den im Aufnahmestaat geltenden Vorschriften und entwickeln f\u00fcr Sie ma\u00dfgeschneiderte Entsenderichtlinien.<\/p>\n                    <\/div>\n                <\/div>\n            <\/div>\n                        <div class=\"accordion_item\">\n                <a class=\"accordion_item_header\" href=\"#\">Steuer<\/a>\n                <div class=\"accordion_item_content\">\n                    <div class=\"accordion_item_content_text\">\n                        <p>Wir beraten Sie umfassend zu den steuerlichen Vorschriften bei internationalen Personaleins\u00e4tzen und stehen Ihnen im In- und Ausland mit Hilfe unserer Netzwerkpartner zur Seite. Unser 360 Grad Beratungsansatz sorgt f\u00fcr einen reibungslosen Ablauf Ihrer Aktivit\u00e4ten und bietet Unterst\u00fctzung, um all Ihre Herausforderungen effektiv zu bew\u00e4ltigen.<\/p>\n                    <\/div>\n                <\/div>\n            <\/div>\n                        <div class=\"accordion_item\">\n                <a class=\"accordion_item_header\" href=\"#\">Immigration<\/a>\n                <div class=\"accordion_item_content\">\n                    <div class=\"accordion_item_content_text\">\n                        <p>Wir beantragen das Visum und die Aufenthaltserlaubnis f\u00fcr Ihre Mitarbeiter im In- oder Ausland. Hand in Hand mit unseren internationalen Partnern f\u00fchren wir Sie Schritt f\u00fcr Schritt durch den komplexen Gesamtprozess.<\/p>\n                    <\/div>\n                <\/div>\n            <\/div>\n                    <\/div>\n    <\/section>\n\n<\/div>\n\n\n\n<h2 class=\"wp-block-heading has-text-align-center\"><br><br>Downloads<\/h2>\n\n\n\r\n<section id=\"Files-block_20b40be3904477be9a8616f0492cadda\" class=\"Files aligncenter\">\r\n    <div class=\"container\">\r\n        <div class=\"fileCtn\">\r\n                            <div class=\"file\">\r\n                                                                <div class=\"logo\">\r\n                            <img decoding=\"async\" src=\"https:\/\/aurenweb-stg.servidortemporal.net\/de\/wp-content\/themes\/auren\/assets\/icons\/ico-file-document.webp\" alt=\"logo\">\r\n                        <\/div>\r\n                                        <div class=\"title\"><p>Global Mobility Services Flyer<\/p>\n<\/div>\r\n                    <!--<div class=\"subtitle\"><\/div>-->\r\n                                            <a class=\"button button-primary link\" href=\"https:\/\/aurenweb-stg.servidortemporal.net\/de\/wp-content\/uploads\/2024\/12\/Auren-Global-Mobility-Services-Flyer.pdf\" target=\"_blank\">Download<\/a>\r\n                                    <\/div>\r\n                            <div class=\"file\">\r\n                                                                <div class=\"logo\">\r\n                            <img decoding=\"async\" src=\"https:\/\/aurenweb-stg.servidortemporal.net\/de\/wp-content\/themes\/auren\/assets\/icons\/ico-file-document.webp\" alt=\"logo\">\r\n                        <\/div>\r\n                                        <div class=\"title\"><p>Global Mobility Services Brosch\u00fcre<\/p>\n<\/div>\r\n                    <!--<div class=\"subtitle\"><\/div>-->\r\n                                            <a class=\"button button-primary link\" href=\"https:\/\/aurenweb-stg.servidortemporal.net\/de\/wp-content\/uploads\/2025\/03\/Global-Mobility-Services-Auren-Deutschland.pdf\" target=\"_blank\">Download<\/a>\r\n                                    <\/div>\r\n                    <\/div>\r\n    <\/div>\r\n<\/section>\r\n\r\n\n\n<section id=\"ImageTextV2-block_0dadf6407bc944575e85bb98b841b641\" class=\"ImageTextV2\">\r\n\r\n    <div class=\"upcoming v2\">\r\n        <div class=\"container\">\r\n            <div class=\"upcoming_text\">\r\n                <div class=\"upcoming_title\">\r\n                    <p class=''>Bereit f\u00fcr gemeinsame Erfolge?<\/p>\n                <\/div>\r\n                <div class=\"upcoming_kicker\">\r\n                                    <\/div>\r\n            <\/div>\r\n            <div class=\"upcoming_media\">\r\n                <a class=\"button button-primary button-icon\" href=\"https:\/\/aurenweb-stg.servidortemporal.net\/de\/kontakt\/\" target=\"\">Kontakt<\/a>\r\n                <span class=\"upcoming_media_bg\"><img loading=\"lazy\" decoding=\"async\" width=\"640\" height=\"419\" src=\"https:\/\/aurenweb-stg.servidortemporal.net\/de\/wp-content\/uploads\/2024\/12\/bg-upcoming-media-v2-1.webp\" class=\"\" alt=\"\" srcset=\"https:\/\/aurenweb-stg.servidortemporal.net\/de\/wp-content\/uploads\/2024\/12\/bg-upcoming-media-v2-1.webp 684w, https:\/\/aurenweb-stg.servidortemporal.net\/de\/wp-content\/uploads\/2024\/12\/bg-upcoming-media-v2-1-300x196.webp 300w\" sizes=\"auto, (max-width: 640px) 100vw, 640px\" \/><\/span>\r\n            <\/div>\r\n        <\/div>\r\n    <\/div>\r\n\r\n<\/section>\r\n","protected":false},"excerpt":{"rendered":"<p>Downloads<\/p>\n","protected":false},"author":3,"featured_media":0,"parent":75241,"menu_order":1,"comment_status":"closed","ping_status":"closed","template":"","meta":{"_acf_changed":false,"footnotes":""},"class_list":["post-85184","page","type-page","status-publish","hentry"],"acf":[],"yoast_head":"<!-- This site is optimized with the Yoast SEO plugin v24.3 - https:\/\/yoast.com\/wordpress\/plugins\/seo\/ -->\n<title>Global Mobility Services<\/title>\n<meta name=\"description\" content=\"Internationale Mitarbeitereins\u00e4tze sicher und effizient managen: Wir unterst\u00fctzen bei Arbeitsrecht, Steuern, Sozialversicherung, Immigration &amp; Payroll.\" \/>\n<meta name=\"robots\" content=\"noindex, follow, max-snippet:-1, max-image-preview:large, max-video-preview:-1\" \/>\n<meta property=\"og:locale\" content=\"de_DE\" \/>\n<meta property=\"og:type\" content=\"article\" \/>\n<meta property=\"og:title\" content=\"Global Mobility Services\" \/>\n<meta property=\"og:description\" content=\"Internationale Mitarbeitereins\u00e4tze sicher und effizient managen: Wir unterst\u00fctzen bei Arbeitsrecht, Steuern, Sozialversicherung, Immigration &amp; Payroll.\" \/>\n<meta property=\"og:url\" content=\"https:\/\/aurenweb-stg.servidortemporal.net\/de\/all-in-one-loesungen\/global-mobility-services\/\" \/>\n<meta property=\"og:site_name\" content=\"Auren Germany\" \/>\n<meta property=\"article:publisher\" content=\"https:\/\/www.facebook.com\/aurendeutschland\" \/>\n<meta property=\"article:modified_time\" content=\"2025-03-18T13:18:39+00:00\" \/>\n<meta name=\"twitter:card\" content=\"summary_large_image\" \/>\n<meta name=\"twitter:label1\" content=\"Gesch\u00e4tzte Lesezeit\" \/>\n\t<meta name=\"twitter:data1\" content=\"1\u00a0Minute\" \/>\n<script type=\"application\/ld+json\" class=\"yoast-schema-graph\">{\"@context\":\"https:\/\/schema.org\",\"@graph\":[{\"@type\":\"WebPage\",\"@id\":\"https:\/\/aurenweb-stg.servidortemporal.net\/de\/all-in-one-loesungen\/global-mobility-services\/\",\"url\":\"https:\/\/aurenweb-stg.servidortemporal.net\/de\/all-in-one-loesungen\/global-mobility-services\/\",\"name\":\"Global Mobility Services\",\"isPartOf\":{\"@id\":\"https:\/\/aurenweb-stg.servidortemporal.net\/de\/#website\"},\"datePublished\":\"2025-03-13T07:53:36+00:00\",\"dateModified\":\"2025-03-18T13:18:39+00:00\",\"description\":\"Internationale Mitarbeitereins\u00e4tze sicher und effizient managen: Wir unterst\u00fctzen bei Arbeitsrecht, Steuern, Sozialversicherung, Immigration & Payroll.\",\"breadcrumb\":{\"@id\":\"https:\/\/aurenweb-stg.servidortemporal.net\/de\/all-in-one-loesungen\/global-mobility-services\/#breadcrumb\"},\"inLanguage\":\"de\",\"potentialAction\":[{\"@type\":\"ReadAction\",\"target\":[\"https:\/\/aurenweb-stg.servidortemporal.net\/de\/all-in-one-loesungen\/global-mobility-services\/\"]}]},{\"@type\":\"BreadcrumbList\",\"@id\":\"https:\/\/aurenweb-stg.servidortemporal.net\/de\/all-in-one-loesungen\/global-mobility-services\/#breadcrumb\",\"itemListElement\":[{\"@type\":\"ListItem\",\"position\":1,\"name\":\"Home\",\"item\":\"https:\/\/aurenweb-stg.servidortemporal.net\/de\/\"},{\"@type\":\"ListItem\",\"position\":2,\"name\":\"All-in-One L\u00f6sungen\",\"item\":\"https:\/\/aurenweb-stg.servidortemporal.net\/de\/all-in-one-loesungen\/\"},{\"@type\":\"ListItem\",\"position\":3,\"name\":\"Global Mobility Services\"}]},{\"@type\":\"WebSite\",\"@id\":\"https:\/\/aurenweb-stg.servidortemporal.net\/de\/#website\",\"url\":\"https:\/\/aurenweb-stg.servidortemporal.net\/de\/\",\"name\":\"Auren\",\"description\":\"\",\"publisher\":{\"@id\":\"https:\/\/aurenweb-stg.servidortemporal.net\/de\/#organization\"},\"alternateName\":\"Auren\",\"potentialAction\":[{\"@type\":\"SearchAction\",\"target\":{\"@type\":\"EntryPoint\",\"urlTemplate\":\"https:\/\/aurenweb-stg.servidortemporal.net\/de\/?s={search_term_string}\"},\"query-input\":{\"@type\":\"PropertyValueSpecification\",\"valueRequired\":true,\"valueName\":\"search_term_string\"}}],\"inLanguage\":\"de\"},{\"@type\":\"Organization\",\"@id\":\"https:\/\/aurenweb-stg.servidortemporal.net\/de\/#organization\",\"name\":\"Auren Deutschland\",\"url\":\"https:\/\/aurenweb-stg.servidortemporal.net\/de\/\",\"logo\":{\"@type\":\"ImageObject\",\"inLanguage\":\"de\",\"@id\":\"https:\/\/aurenweb-stg.servidortemporal.net\/de\/#\/schema\/logo\/image\/\",\"url\":\"https:\/\/aurenweb-stg.servidortemporal.net\/de\/wp-content\/uploads\/2025\/01\/cropped-cropped-favicon-Auren.png\",\"contentUrl\":\"https:\/\/aurenweb-stg.servidortemporal.net\/de\/wp-content\/uploads\/2025\/01\/cropped-cropped-favicon-Auren.png\",\"width\":512,\"height\":512,\"caption\":\"Auren Deutschland\"},\"image\":{\"@id\":\"https:\/\/aurenweb-stg.servidortemporal.net\/de\/#\/schema\/logo\/image\/\"},\"sameAs\":[\"https:\/\/www.facebook.com\/aurendeutschland\",\"https:\/\/de.linkedin.com\/organization-guest\/company\/auren-deutschland\",\"https:\/\/www.youtube.com\/@aurendeutschland\",\"https:\/\/www.instagram.com\/aurendeutschland\/\"]}]}<\/script>\n<!-- \/ Yoast SEO plugin. -->","yoast_head_json":{"title":"Global Mobility Services","description":"Internationale Mitarbeitereins\u00e4tze sicher und effizient managen: Wir unterst\u00fctzen bei Arbeitsrecht, Steuern, Sozialversicherung, Immigration & Payroll.","robots":{"index":"noindex","follow":"follow","max-snippet":"max-snippet:-1","max-image-preview":"max-image-preview:large","max-video-preview":"max-video-preview:-1"},"og_locale":"de_DE","og_type":"article","og_title":"Global Mobility Services","og_description":"Internationale Mitarbeitereins\u00e4tze sicher und effizient managen: Wir unterst\u00fctzen bei Arbeitsrecht, Steuern, Sozialversicherung, Immigration & Payroll.","og_url":"https:\/\/aurenweb-stg.servidortemporal.net\/de\/all-in-one-loesungen\/global-mobility-services\/","og_site_name":"Auren Germany","article_publisher":"https:\/\/www.facebook.com\/aurendeutschland","article_modified_time":"2025-03-18T13:18:39+00:00","twitter_card":"summary_large_image","twitter_misc":{"Gesch\u00e4tzte Lesezeit":"1\u00a0Minute"},"schema":{"@context":"https:\/\/schema.org","@graph":[{"@type":"WebPage","@id":"https:\/\/aurenweb-stg.servidortemporal.net\/de\/all-in-one-loesungen\/global-mobility-services\/","url":"https:\/\/aurenweb-stg.servidortemporal.net\/de\/all-in-one-loesungen\/global-mobility-services\/","name":"Global Mobility Services","isPartOf":{"@id":"https:\/\/aurenweb-stg.servidortemporal.net\/de\/#website"},"datePublished":"2025-03-13T07:53:36+00:00","dateModified":"2025-03-18T13:18:39+00:00","description":"Internationale Mitarbeitereins\u00e4tze sicher und effizient managen: Wir unterst\u00fctzen bei Arbeitsrecht, Steuern, Sozialversicherung, Immigration & Payroll.","breadcrumb":{"@id":"https:\/\/aurenweb-stg.servidortemporal.net\/de\/all-in-one-loesungen\/global-mobility-services\/#breadcrumb"},"inLanguage":"de","potentialAction":[{"@type":"ReadAction","target":["https:\/\/aurenweb-stg.servidortemporal.net\/de\/all-in-one-loesungen\/global-mobility-services\/"]}]},{"@type":"BreadcrumbList","@id":"https:\/\/aurenweb-stg.servidortemporal.net\/de\/all-in-one-loesungen\/global-mobility-services\/#breadcrumb","itemListElement":[{"@type":"ListItem","position":1,"name":"Home","item":"https:\/\/aurenweb-stg.servidortemporal.net\/de\/"},{"@type":"ListItem","position":2,"name":"All-in-One L\u00f6sungen","item":"https:\/\/aurenweb-stg.servidortemporal.net\/de\/all-in-one-loesungen\/"},{"@type":"ListItem","position":3,"name":"Global Mobility Services"}]},{"@type":"WebSite","@id":"https:\/\/aurenweb-stg.servidortemporal.net\/de\/#website","url":"https:\/\/aurenweb-stg.servidortemporal.net\/de\/","name":"Auren","description":"","publisher":{"@id":"https:\/\/aurenweb-stg.servidortemporal.net\/de\/#organization"},"alternateName":"Auren","potentialAction":[{"@type":"SearchAction","target":{"@type":"EntryPoint","urlTemplate":"https:\/\/aurenweb-stg.servidortemporal.net\/de\/?s={search_term_string}"},"query-input":{"@type":"PropertyValueSpecification","valueRequired":true,"valueName":"search_term_string"}}],"inLanguage":"de"},{"@type":"Organization","@id":"https:\/\/aurenweb-stg.servidortemporal.net\/de\/#organization","name":"Auren Deutschland","url":"https:\/\/aurenweb-stg.servidortemporal.net\/de\/","logo":{"@type":"ImageObject","inLanguage":"de","@id":"https:\/\/aurenweb-stg.servidortemporal.net\/de\/#\/schema\/logo\/image\/","url":"https:\/\/aurenweb-stg.servidortemporal.net\/de\/wp-content\/uploads\/2025\/01\/cropped-cropped-favicon-Auren.png","contentUrl":"https:\/\/aurenweb-stg.servidortemporal.net\/de\/wp-content\/uploads\/2025\/01\/cropped-cropped-favicon-Auren.png","width":512,"height":512,"caption":"Auren Deutschland"},"image":{"@id":"https:\/\/aurenweb-stg.servidortemporal.net\/de\/#\/schema\/logo\/image\/"},"sameAs":["https:\/\/www.facebook.com\/aurendeutschland","https:\/\/de.linkedin.com\/organization-guest\/company\/auren-deutschland","https:\/\/www.youtube.com\/@aurendeutschland","https:\/\/www.instagram.com\/aurendeutschland\/"]}]}},"_links":{"self":[{"href":"https:\/\/aurenweb-stg.servidortemporal.net\/de\/wp-json\/wp\/v2\/pages\/85184","targetHints":{"allow":["GET"]}}],"collection":[{"href":"https:\/\/aurenweb-stg.servidortemporal.net\/de\/wp-json\/wp\/v2\/pages"}],"about":[{"href":"https:\/\/aurenweb-stg.servidortemporal.net\/de\/wp-json\/wp\/v2\/types\/page"}],"author":[{"embeddable":true,"href":"https:\/\/aurenweb-stg.servidortemporal.net\/de\/wp-json\/wp\/v2\/users\/3"}],"replies":[{"embeddable":true,"href":"https:\/\/aurenweb-stg.servidortemporal.net\/de\/wp-json\/wp\/v2\/comments?post=85184"}],"version-history":[{"count":8,"href":"https:\/\/aurenweb-stg.servidortemporal.net\/de\/wp-json\/wp\/v2\/pages\/85184\/revisions"}],"predecessor-version":[{"id":102186,"href":"https:\/\/aurenweb-stg.servidortemporal.net\/de\/wp-json\/wp\/v2\/pages\/85184\/revisions\/102186"}],"up":[{"embeddable":true,"href":"https:\/\/aurenweb-stg.servidortemporal.net\/de\/wp-json\/wp\/v2\/pages\/75241"}],"wp:attachment":[{"href":"https:\/\/aurenweb-stg.servidortemporal.net\/de\/wp-json\/wp\/v2\/media?parent=85184"}],"curies":[{"name":"wp","href":"https:\/\/api.w.org\/{rel}","templated":true}]}}