{"id":85500,"date":"2025-03-14T14:58:18","date_gmt":"2025-03-14T13:58:18","guid":{"rendered":"https:\/\/auren.com\/de\/?page_id=85500"},"modified":"2025-03-18T14:17:35","modified_gmt":"2025-03-18T13:17:35","slug":"integrated-deal-advisory-services","status":"publish","type":"page","link":"https:\/\/aurenweb-stg.servidortemporal.net\/de\/all-in-one-loesungen\/integrated-deal-advisory-services\/","title":{"rendered":"Integrated Deal Advisory Services"},"content":{"rendered":"<section id=\"Header-block_db93b9c45107212eaf69fb80a5973a7e\" class=\"Header\">\r\n\r\n    <div class=\"hero\">\r\n                <div class=\"container\">\r\n            <div class=\"hero_header\">\r\n                                \r\n                <div class=\"hero_header_title\">\r\n                    <p class=''>Integrated Deal Advisory Services<\/p>\n                <\/div>\r\n\r\n                                                \r\n                <div class=\"hero_header_subtitle\">\r\n                                    <\/div>\r\n\r\n                                \r\n            <\/div>\r\n        <\/div>\r\n        \r\n                <picture>\r\n            <source srcset=\"https:\/\/aurenweb-stg.servidortemporal.net\/de\/wp-content\/uploads\/2025\/03\/All-in-One-Loesungen.webp\"\r\n                media=\"(min-width: 1200px)\" \/>\r\n            <img loading=\"lazy\" decoding=\"async\" class=\"hero_bg\"\r\n                <img loading=\"lazy\" decoding=\"async\" width=\"640\" height=\"379\" src=\"https:\/\/aurenweb-stg.servidortemporal.net\/de\/wp-content\/uploads\/2025\/03\/All-in-One-Loesungen-1024x607.webp\" class=\"hero_bg\" alt=\"All-in-One-L\u00f6sungen\" srcset=\"https:\/\/aurenweb-stg.servidortemporal.net\/de\/wp-content\/uploads\/2025\/03\/All-in-One-Loesungen-1024x607.webp 1024w, https:\/\/aurenweb-stg.servidortemporal.net\/de\/wp-content\/uploads\/2025\/03\/All-in-One-Loesungen-300x178.webp 300w, https:\/\/aurenweb-stg.servidortemporal.net\/de\/wp-content\/uploads\/2025\/03\/All-in-One-Loesungen-768x455.webp 768w, https:\/\/aurenweb-stg.servidortemporal.net\/de\/wp-content\/uploads\/2025\/03\/All-in-One-Loesungen-1536x911.webp 1536w, https:\/\/aurenweb-stg.servidortemporal.net\/de\/wp-content\/uploads\/2025\/03\/All-in-One-Loesungen-2048x1214.webp 2048w\" sizes=\"auto, (max-width: 640px) 100vw, 640px\" \/>>\r\n        <\/picture>\r\n        \r\n                        <p class=\"hero_scroll\"><strong>Mehr erfahren<\/strong> Nach unten bl\u00e4ttern<\/p>\r\n                    <\/div>\r\n\r\n<\/section>\n\n\r\n<section id=\"Breadcrumbs-block_d4a80ff4a42c7e9a17de8c5c7622e3f6\" class=\"Breadcrumbs\">\r\n    \r\n        <nav class=\"breads\" aria-label=\"Breadcrumb\">\r\n            <ul class=\"container\">\r\n                <li><a href=\"https:\/\/aurenweb-stg.servidortemporal.net\/de\">Home<\/a><\/li>\r\n                <li><span aria-current=\"page\">Integrated Deal Advisory Services<\/span><\/li>            <\/ul>\r\n        <\/nav>\r\n\r\n                                                                                     \r\n    \r\n<\/section>\r\n\n\n\r\n<section id=\"ImageText-block_d1c53a98fdf31bc63412b2cf6186030c\" class=\"ImageText\">\r\n\r\n    <section class=\"info \">\r\n        <div class=\"container\">\r\n            <div class=\"info_text\">\r\n                <div class=\"info_title\">\r\n                    <p class=''>Strukturierte M&amp;A-Beratung aus einer Hand<\/p>\n                <\/div>\r\n                <div class=\"info_description\">\r\n                    <p>Unternehmenstransaktionen sind komplex und erfordern eine pr\u00e4zise Abstimmung zwischen Finanz-, Steuer- und Rechtsexperten. Mit unseren Integrated Deal Advisory Services begleiten wir Sie entlang des gesamten M&amp;A-Prozesses \u2013 von der Identifikation geeigneter K\u00e4ufer oder Targets \u00fcber die Due Diligence und Vertragsgestaltung bis hin zur Post-Deal-Integration.<\/p>\n<p>Ihr pers\u00f6nlicher Ansprechpartner koordiniert alle involvierten Fachbereiche und sorgt f\u00fcr eine reibungslose Umsetzung ohne Abstimmungsaufwand f\u00fcr Sie. Durch unsere ganzheitliche Beratung aus einer Hand sowie unsere spezielle Expertise im Mittelstand identifizieren wir fr\u00fchzeitig Risiken, optimieren Transaktionsstrukturen und erm\u00f6glichen effiziente Entscheidungsprozesse \u2013 f\u00fcr eine sichere und erfolgreiche Unternehmenstransaktion.<\/p>\n                <\/div>\r\n            <\/div>\r\n            <div class=\"info_media\">\r\n                <div class=\"info_media_item info_media_item-1\">\r\n                    <div class=\"info_media_item_text\"><span class=\"title\"><\/span><\/div>\r\n                    <div class=\"info_media_item_text_claim\"><\/div>\r\n                    <span class=\"info_media_item_bg\">\r\n                                                    <img loading=\"lazy\" decoding=\"async\" width=\"574\" height=\"1024\" src=\"https:\/\/aurenweb-stg.servidortemporal.net\/de\/wp-content\/uploads\/2024\/12\/image-text-13-574x1024.webp\" class=\"attachment-large size-large\" alt=\"\" srcset=\"https:\/\/aurenweb-stg.servidortemporal.net\/de\/wp-content\/uploads\/2024\/12\/image-text-13-574x1024.webp 574w, https:\/\/aurenweb-stg.servidortemporal.net\/de\/wp-content\/uploads\/2024\/12\/image-text-13-168x300.webp 168w, https:\/\/aurenweb-stg.servidortemporal.net\/de\/wp-content\/uploads\/2024\/12\/image-text-13-768x1370.webp 768w, https:\/\/aurenweb-stg.servidortemporal.net\/de\/wp-content\/uploads\/2024\/12\/image-text-13-861x1536.webp 861w, https:\/\/aurenweb-stg.servidortemporal.net\/de\/wp-content\/uploads\/2024\/12\/image-text-13-1148x2048.webp 1148w, https:\/\/aurenweb-stg.servidortemporal.net\/de\/wp-content\/uploads\/2024\/12\/image-text-13-scaled.webp 1435w\" sizes=\"auto, (max-width: 574px) 100vw, 574px\" \/>                                            <\/span>\r\n                                            <img loading=\"lazy\" decoding=\"async\" width=\"168\" height=\"168\" src=\"https:\/\/aurenweb-stg.servidortemporal.net\/de\/wp-content\/uploads\/2024\/12\/ico-info-media-2-1.webp\" class=\"info_media_item_ico\" alt=\"\" srcset=\"https:\/\/aurenweb-stg.servidortemporal.net\/de\/wp-content\/uploads\/2024\/12\/ico-info-media-2-1.webp 168w, https:\/\/aurenweb-stg.servidortemporal.net\/de\/wp-content\/uploads\/2024\/12\/ico-info-media-2-1-150x150.webp 150w\" sizes=\"auto, (max-width: 168px) 100vw, 168px\" \/>                                                        <\/div>\r\n                <div class=\"info_media_claim\">\r\n                                    <\/div>\r\n                <div class=\"info_media_item info_media_item-2\">\r\n                    <div class=\"info_media_item_text\"><span class=\"title\"><\/span><\/div>\r\n                    <div class=\"info_media_item_text_claim\"><\/div>\r\n                    <span class=\"info_media_item_bg\">\r\n                                                    <img loading=\"lazy\" decoding=\"async\" width=\"640\" height=\"533\" src=\"https:\/\/aurenweb-stg.servidortemporal.net\/de\/wp-content\/uploads\/2025\/03\/All-in-One-Bild-1-1024x853.webp\" class=\"attachment-large size-large\" alt=\"\" srcset=\"https:\/\/aurenweb-stg.servidortemporal.net\/de\/wp-content\/uploads\/2025\/03\/All-in-One-Bild-1-1024x853.webp 1024w, https:\/\/aurenweb-stg.servidortemporal.net\/de\/wp-content\/uploads\/2025\/03\/All-in-One-Bild-1-300x250.webp 300w, https:\/\/aurenweb-stg.servidortemporal.net\/de\/wp-content\/uploads\/2025\/03\/All-in-One-Bild-1-768x640.webp 768w, https:\/\/aurenweb-stg.servidortemporal.net\/de\/wp-content\/uploads\/2025\/03\/All-in-One-Bild-1.webp 1200w\" sizes=\"auto, (max-width: 640px) 100vw, 640px\" \/>                                            <\/span>\r\n                                                        <\/div>\r\n            <\/div>\r\n        <\/div>\r\n    <\/section>\r\n\r\n<\/section>\r\n\r\n\n\n<section id=\"Catalog-block_7bdbefbfa444ee2b53360c9365e077bd\" class=\"Catalog\">\r\n\r\n    <section class=\"catalog\">\r\n        <div class=\"container\">\r\n            <div class=\"catalog_wrapper\">\r\n                <div class=\"catalog_content\">\r\n                    <div class=\"catalog_title\">\r\n                        <p class=''>Ihre Vorteile<\/p>\n                    <\/div>\r\n                    <div class=\"catalog_text\">\r\n                        <ol>\n<li>Ganzheitliche Betreuung<\/li>\n<li>Pers\u00f6nliche Betreuung aus einer Hand durch einen Ansprechpartner<\/li>\n<li>Umfassendes Fachwissen f\u00fcr den Mittelstand<\/li>\n<li>Nachhaltige Partnerschaften und langfristiges Vertrauen<\/li>\n<\/ol>\n                    <\/div>\r\n                <\/div>\r\n                <div class=\"catalog_media\">\r\n                    <img loading=\"lazy\" decoding=\"async\" width=\"640\" height=\"360\" src=\"https:\/\/aurenweb-stg.servidortemporal.net\/de\/wp-content\/uploads\/2025\/03\/abstract-background-design-rough-warm-alphabet-red-color-1024x576.webp\" class=\"catalog_media_image\" alt=\"\" srcset=\"https:\/\/aurenweb-stg.servidortemporal.net\/de\/wp-content\/uploads\/2025\/03\/abstract-background-design-rough-warm-alphabet-red-color-1024x576.webp 1024w, https:\/\/aurenweb-stg.servidortemporal.net\/de\/wp-content\/uploads\/2025\/03\/abstract-background-design-rough-warm-alphabet-red-color-300x169.webp 300w, https:\/\/aurenweb-stg.servidortemporal.net\/de\/wp-content\/uploads\/2025\/03\/abstract-background-design-rough-warm-alphabet-red-color-768x432.webp 768w, https:\/\/aurenweb-stg.servidortemporal.net\/de\/wp-content\/uploads\/2025\/03\/abstract-background-design-rough-warm-alphabet-red-color-1536x864.webp 1536w, https:\/\/aurenweb-stg.servidortemporal.net\/de\/wp-content\/uploads\/2025\/03\/abstract-background-design-rough-warm-alphabet-red-color-2048x1152.webp 2048w\" sizes=\"auto, (max-width: 640px) 100vw, 640px\" \/>                <\/div>\r\n            <\/div>\r\n        <\/div>\r\n    <\/section>\r\n    \r\n<\/section>\r\n\n\n<div id=\"TitleSubtitleText-block_0836b9c70961326a5ae125d5fa5d94a9\" class=\"TitleSubtitleText\">\n\n    <section class=\"headlines v1\">\n        <div class=\"container\">\n                        <div class=\"headlines_title\">\n                <p class=''>Unsere Leistungsbereiche<\/p>\n            <\/div>\n                                <\/div>\n    <\/section>\n\n<\/div>\n\n\n<div id=\"Accordion-block_8137942b82278dc38b41147d318ed1a6\" class=\"Accordion\">\n\n    <section class=\"accordion v2\">\n        <div class=\"container\">\n                        <div class=\"accordion_item\">\n                <a class=\"accordion_item_header\" href=\"#\">M &#038; A<\/a>\n                <div class=\"accordion_item_content\">\n                    <div class=\"accordion_item_content_text\">\n                        <p>Ihr pers\u00f6nlicher Ansprechpartner begleitet Sie durch den gesamten Transaktionsprozess und koordiniert alle beteiligten Experten. Wir unterst\u00fctzen Sie bei der Identifikation potenzieller K\u00e4ufer oder Targets, der Optimierung der Unternehmensbewertung und der strategischen Vorbereitung auf die Verhandlungen.<\/p>\n                    <\/div>\n                <\/div>\n            <\/div>\n                        <div class=\"accordion_item\">\n                <a class=\"accordion_item_header\" href=\"#\">Tax &#038; Legal Advisory<\/a>\n                <div class=\"accordion_item_content\">\n                    <div class=\"accordion_item_content_text\">\n                        <p>Steuerliche und rechtliche Aspekte sind entscheidend f\u00fcr den Erfolg einer Unternehmenstransaktion. Unser Team entwickelt optimale steuerliche Strukturen, f\u00fchrt Tax Due Diligence durch und sorgt f\u00fcr eine rechtssichere Vertragsgestaltung \u2013 stets mit dem Ziel, steuerliche und rechtliche Risiken zu minimieren.<\/p>\n                    <\/div>\n                <\/div>\n            <\/div>\n                        <div class=\"accordion_item\">\n                <a class=\"accordion_item_header\" href=\"#\">Due Diligence<\/a>\n                <div class=\"accordion_item_content\">\n                    <div class=\"accordion_item_content_text\">\n                        <p>Eine fundierte Due Diligence ist essenziell, um Chancen und Risiken einer Transaktion transparent zu bewerten. Wir analysieren Ihr Zielunternehmen umfassend in den Bereichen Tax, Legal und Financial Due Diligence und begleiten Sie bei der Aufbereitung relevanter Unternehmensinformationen.<\/p>\n                    <\/div>\n                <\/div>\n            <\/div>\n                        <div class=\"accordion_item\">\n                <a class=\"accordion_item_header\" href=\"#\">Valuation<\/a>\n                <div class=\"accordion_item_content\">\n                    <div class=\"accordion_item_content_text\">\n                        <p>Die richtige Bewertung ist der Schl\u00fcssel zu erfolgreichen Kaufpreisverhandlungen. Wir unterst\u00fctzen Sie bei der Unternehmensbewertung, erstellen Fairness Opinions und f\u00fchren Kaufpreisallokationen (PPA) durch, um eine fundierte Entscheidungsgrundlage zu schaffen.<\/p>\n                    <\/div>\n                <\/div>\n            <\/div>\n                        <div class=\"accordion_item\">\n                <a class=\"accordion_item_header\" href=\"#\">Transaction Accounting<\/a>\n                <div class=\"accordion_item_content\">\n                    <div class=\"accordion_item_content_text\">\n                        <p>Transaktionen haben erhebliche Auswirkungen auf die Rechnungslegung und den Konzernabschluss. Wir helfen Ihnen bei der bilanziellen Abbildung von Unternehmensk\u00e4ufen und -verk\u00e4ufen und erstellen bspw. Closing Accounts und begleiten Sie bei der GAAP-Conversion.<\/p>\n                    <\/div>\n                <\/div>\n            <\/div>\n                        <div class=\"accordion_item\">\n                <a class=\"accordion_item_header\" href=\"#\">Post-Deal Integration<\/a>\n                <div class=\"accordion_item_content\">\n                    <div class=\"accordion_item_content_text\">\n                        <p>Nach der Transaktion beginnt die entscheidende Phase der Integration. Wir unterst\u00fctzen Sie dabei, Finanz-, IT- und Personalstrukturen effizient anzugleichen, Rechnungslegungsprozesse zu harmonisieren und die Unternehmensintegration reibungslos zu gestalten.<\/p>\n                    <\/div>\n                <\/div>\n            <\/div>\n                    <\/div>\n    <\/section>\n\n<\/div>\n\n\n\n<h2 class=\"wp-block-heading has-text-align-center\"><br><br>Downloads<\/h2>\n\n\n\r\n<section id=\"Files-block_61297329342d6dd569551e61fc04eeea\" class=\"Files aligncenter\">\r\n    <div class=\"container\">\r\n        <div class=\"fileCtn\">\r\n                            <div class=\"file\">\r\n                                                                <div class=\"logo\">\r\n                            <img decoding=\"async\" src=\"https:\/\/aurenweb-stg.servidortemporal.net\/de\/wp-content\/themes\/auren\/assets\/icons\/ico-file-document.webp\" alt=\"logo\">\r\n                        <\/div>\r\n                                        <div class=\"title\"><p>Integrated Deal Advisory Services Brosch\u00fcre<\/p>\n<\/div>\r\n                    <!--<div class=\"subtitle\"><\/div>-->\r\n                                            <a class=\"button button-primary link\" href=\"https:\/\/aurenweb-stg.servidortemporal.net\/de\/wp-content\/uploads\/2025\/03\/Integrated-Deal-Advisory-Services-Germany.pdf\" target=\"_blank\">Download<\/a>\r\n                                    <\/div>\r\n                    <\/div>\r\n    <\/div>\r\n<\/section>\r\n\r\n\n\n<section id=\"ImageTextV2-block_63a55afd3a1eb43d7d2675955aa1dfea\" class=\"ImageTextV2\">\r\n\r\n    <div class=\"upcoming v2\">\r\n        <div class=\"container\">\r\n            <div class=\"upcoming_text\">\r\n                <div class=\"upcoming_title\">\r\n                    <div class=\"upcoming_title\">\n<h3 class=''>Bereit f\u00fcr gemeinsame Erfolge?<\/h3>\n<\/div>\n                <\/div>\r\n                <div class=\"upcoming_kicker\">\r\n                                    <\/div>\r\n            <\/div>\r\n            <div class=\"upcoming_media\">\r\n                <a class=\"button button-primary button-icon\" href=\"https:\/\/aurenweb-stg.servidortemporal.net\/de\/kontakt\/\" target=\"\">Kontakt<\/a>\r\n                <span class=\"upcoming_media_bg\"><img loading=\"lazy\" decoding=\"async\" width=\"640\" height=\"419\" src=\"https:\/\/aurenweb-stg.servidortemporal.net\/de\/wp-content\/uploads\/2024\/12\/bg-upcoming-media-v2-1.webp\" class=\"\" alt=\"\" srcset=\"https:\/\/aurenweb-stg.servidortemporal.net\/de\/wp-content\/uploads\/2024\/12\/bg-upcoming-media-v2-1.webp 684w, https:\/\/aurenweb-stg.servidortemporal.net\/de\/wp-content\/uploads\/2024\/12\/bg-upcoming-media-v2-1-300x196.webp 300w\" sizes=\"auto, (max-width: 640px) 100vw, 640px\" \/><\/span>\r\n            <\/div>\r\n        <\/div>\r\n    <\/div>\r\n\r\n<\/section>\r\n","protected":false},"excerpt":{"rendered":"<p>Downloads<\/p>\n","protected":false},"author":3,"featured_media":0,"parent":75241,"menu_order":3,"comment_status":"closed","ping_status":"closed","template":"","meta":{"_acf_changed":false,"footnotes":""},"class_list":["post-85500","page","type-page","status-publish","hentry"],"acf":[],"yoast_head":"<!-- This site is optimized with the Yoast SEO plugin v24.3 - https:\/\/yoast.com\/wordpress\/plugins\/seo\/ -->\n<title>Integrated Deal Advisory Services<\/title>\n<meta name=\"description\" content=\"Ganzheitliche M&amp;A-Beratung aus einer Hand: Wir begleiten Unternehmen bei Unternehmensk\u00e4ufen &amp; -verk\u00e4ufen \u2013 von Due Diligence bis zur Post-Deal-Integration.\" \/>\n<meta name=\"robots\" content=\"noindex, follow, max-snippet:-1, max-image-preview:large, max-video-preview:-1\" \/>\n<meta property=\"og:locale\" content=\"de_DE\" \/>\n<meta property=\"og:type\" content=\"article\" \/>\n<meta property=\"og:title\" content=\"Integrated Deal Advisory Services\" \/>\n<meta property=\"og:description\" content=\"Ganzheitliche M&amp;A-Beratung aus einer Hand: Wir begleiten Unternehmen bei Unternehmensk\u00e4ufen &amp; -verk\u00e4ufen \u2013 von Due Diligence bis zur Post-Deal-Integration.\" \/>\n<meta property=\"og:url\" content=\"https:\/\/aurenweb-stg.servidortemporal.net\/de\/all-in-one-loesungen\/integrated-deal-advisory-services\/\" \/>\n<meta property=\"og:site_name\" content=\"Auren Germany\" \/>\n<meta property=\"article:publisher\" content=\"https:\/\/www.facebook.com\/aurendeutschland\" \/>\n<meta property=\"article:modified_time\" content=\"2025-03-18T13:17:35+00:00\" \/>\n<meta name=\"twitter:card\" content=\"summary_large_image\" \/>\n<meta name=\"twitter:label1\" content=\"Gesch\u00e4tzte Lesezeit\" \/>\n\t<meta name=\"twitter:data1\" content=\"1\u00a0Minute\" \/>\n<script type=\"application\/ld+json\" class=\"yoast-schema-graph\">{\"@context\":\"https:\/\/schema.org\",\"@graph\":[{\"@type\":\"WebPage\",\"@id\":\"https:\/\/aurenweb-stg.servidortemporal.net\/de\/all-in-one-loesungen\/integrated-deal-advisory-services\/\",\"url\":\"https:\/\/aurenweb-stg.servidortemporal.net\/de\/all-in-one-loesungen\/integrated-deal-advisory-services\/\",\"name\":\"Integrated Deal Advisory Services\",\"isPartOf\":{\"@id\":\"https:\/\/aurenweb-stg.servidortemporal.net\/de\/#website\"},\"datePublished\":\"2025-03-14T13:58:18+00:00\",\"dateModified\":\"2025-03-18T13:17:35+00:00\",\"description\":\"Ganzheitliche M&A-Beratung aus einer Hand: Wir begleiten Unternehmen bei Unternehmensk\u00e4ufen & -verk\u00e4ufen \u2013 von Due Diligence bis zur Post-Deal-Integration.\",\"breadcrumb\":{\"@id\":\"https:\/\/aurenweb-stg.servidortemporal.net\/de\/all-in-one-loesungen\/integrated-deal-advisory-services\/#breadcrumb\"},\"inLanguage\":\"de\",\"potentialAction\":[{\"@type\":\"ReadAction\",\"target\":[\"https:\/\/aurenweb-stg.servidortemporal.net\/de\/all-in-one-loesungen\/integrated-deal-advisory-services\/\"]}]},{\"@type\":\"BreadcrumbList\",\"@id\":\"https:\/\/aurenweb-stg.servidortemporal.net\/de\/all-in-one-loesungen\/integrated-deal-advisory-services\/#breadcrumb\",\"itemListElement\":[{\"@type\":\"ListItem\",\"position\":1,\"name\":\"Home\",\"item\":\"https:\/\/aurenweb-stg.servidortemporal.net\/de\/\"},{\"@type\":\"ListItem\",\"position\":2,\"name\":\"All-in-One L\u00f6sungen\",\"item\":\"https:\/\/aurenweb-stg.servidortemporal.net\/de\/all-in-one-loesungen\/\"},{\"@type\":\"ListItem\",\"position\":3,\"name\":\"Integrated Deal Advisory Services\"}]},{\"@type\":\"WebSite\",\"@id\":\"https:\/\/aurenweb-stg.servidortemporal.net\/de\/#website\",\"url\":\"https:\/\/aurenweb-stg.servidortemporal.net\/de\/\",\"name\":\"Auren\",\"description\":\"\",\"publisher\":{\"@id\":\"https:\/\/aurenweb-stg.servidortemporal.net\/de\/#organization\"},\"alternateName\":\"Auren\",\"potentialAction\":[{\"@type\":\"SearchAction\",\"target\":{\"@type\":\"EntryPoint\",\"urlTemplate\":\"https:\/\/aurenweb-stg.servidortemporal.net\/de\/?s={search_term_string}\"},\"query-input\":{\"@type\":\"PropertyValueSpecification\",\"valueRequired\":true,\"valueName\":\"search_term_string\"}}],\"inLanguage\":\"de\"},{\"@type\":\"Organization\",\"@id\":\"https:\/\/aurenweb-stg.servidortemporal.net\/de\/#organization\",\"name\":\"Auren Deutschland\",\"url\":\"https:\/\/aurenweb-stg.servidortemporal.net\/de\/\",\"logo\":{\"@type\":\"ImageObject\",\"inLanguage\":\"de\",\"@id\":\"https:\/\/aurenweb-stg.servidortemporal.net\/de\/#\/schema\/logo\/image\/\",\"url\":\"https:\/\/aurenweb-stg.servidortemporal.net\/de\/wp-content\/uploads\/2025\/01\/cropped-cropped-favicon-Auren.png\",\"contentUrl\":\"https:\/\/aurenweb-stg.servidortemporal.net\/de\/wp-content\/uploads\/2025\/01\/cropped-cropped-favicon-Auren.png\",\"width\":512,\"height\":512,\"caption\":\"Auren Deutschland\"},\"image\":{\"@id\":\"https:\/\/aurenweb-stg.servidortemporal.net\/de\/#\/schema\/logo\/image\/\"},\"sameAs\":[\"https:\/\/www.facebook.com\/aurendeutschland\",\"https:\/\/de.linkedin.com\/organization-guest\/company\/auren-deutschland\",\"https:\/\/www.youtube.com\/@aurendeutschland\",\"https:\/\/www.instagram.com\/aurendeutschland\/\"]}]}<\/script>\n<!-- \/ Yoast SEO plugin. -->","yoast_head_json":{"title":"Integrated Deal Advisory Services","description":"Ganzheitliche M&A-Beratung aus einer Hand: Wir begleiten Unternehmen bei Unternehmensk\u00e4ufen & -verk\u00e4ufen \u2013 von Due Diligence bis zur Post-Deal-Integration.","robots":{"index":"noindex","follow":"follow","max-snippet":"max-snippet:-1","max-image-preview":"max-image-preview:large","max-video-preview":"max-video-preview:-1"},"og_locale":"de_DE","og_type":"article","og_title":"Integrated Deal Advisory Services","og_description":"Ganzheitliche M&A-Beratung aus einer Hand: Wir begleiten Unternehmen bei Unternehmensk\u00e4ufen & -verk\u00e4ufen \u2013 von Due Diligence bis zur Post-Deal-Integration.","og_url":"https:\/\/aurenweb-stg.servidortemporal.net\/de\/all-in-one-loesungen\/integrated-deal-advisory-services\/","og_site_name":"Auren Germany","article_publisher":"https:\/\/www.facebook.com\/aurendeutschland","article_modified_time":"2025-03-18T13:17:35+00:00","twitter_card":"summary_large_image","twitter_misc":{"Gesch\u00e4tzte Lesezeit":"1\u00a0Minute"},"schema":{"@context":"https:\/\/schema.org","@graph":[{"@type":"WebPage","@id":"https:\/\/aurenweb-stg.servidortemporal.net\/de\/all-in-one-loesungen\/integrated-deal-advisory-services\/","url":"https:\/\/aurenweb-stg.servidortemporal.net\/de\/all-in-one-loesungen\/integrated-deal-advisory-services\/","name":"Integrated Deal Advisory Services","isPartOf":{"@id":"https:\/\/aurenweb-stg.servidortemporal.net\/de\/#website"},"datePublished":"2025-03-14T13:58:18+00:00","dateModified":"2025-03-18T13:17:35+00:00","description":"Ganzheitliche M&A-Beratung aus einer Hand: Wir begleiten Unternehmen bei Unternehmensk\u00e4ufen & -verk\u00e4ufen \u2013 von Due Diligence bis zur Post-Deal-Integration.","breadcrumb":{"@id":"https:\/\/aurenweb-stg.servidortemporal.net\/de\/all-in-one-loesungen\/integrated-deal-advisory-services\/#breadcrumb"},"inLanguage":"de","potentialAction":[{"@type":"ReadAction","target":["https:\/\/aurenweb-stg.servidortemporal.net\/de\/all-in-one-loesungen\/integrated-deal-advisory-services\/"]}]},{"@type":"BreadcrumbList","@id":"https:\/\/aurenweb-stg.servidortemporal.net\/de\/all-in-one-loesungen\/integrated-deal-advisory-services\/#breadcrumb","itemListElement":[{"@type":"ListItem","position":1,"name":"Home","item":"https:\/\/aurenweb-stg.servidortemporal.net\/de\/"},{"@type":"ListItem","position":2,"name":"All-in-One L\u00f6sungen","item":"https:\/\/aurenweb-stg.servidortemporal.net\/de\/all-in-one-loesungen\/"},{"@type":"ListItem","position":3,"name":"Integrated Deal Advisory Services"}]},{"@type":"WebSite","@id":"https:\/\/aurenweb-stg.servidortemporal.net\/de\/#website","url":"https:\/\/aurenweb-stg.servidortemporal.net\/de\/","name":"Auren","description":"","publisher":{"@id":"https:\/\/aurenweb-stg.servidortemporal.net\/de\/#organization"},"alternateName":"Auren","potentialAction":[{"@type":"SearchAction","target":{"@type":"EntryPoint","urlTemplate":"https:\/\/aurenweb-stg.servidortemporal.net\/de\/?s={search_term_string}"},"query-input":{"@type":"PropertyValueSpecification","valueRequired":true,"valueName":"search_term_string"}}],"inLanguage":"de"},{"@type":"Organization","@id":"https:\/\/aurenweb-stg.servidortemporal.net\/de\/#organization","name":"Auren Deutschland","url":"https:\/\/aurenweb-stg.servidortemporal.net\/de\/","logo":{"@type":"ImageObject","inLanguage":"de","@id":"https:\/\/aurenweb-stg.servidortemporal.net\/de\/#\/schema\/logo\/image\/","url":"https:\/\/aurenweb-stg.servidortemporal.net\/de\/wp-content\/uploads\/2025\/01\/cropped-cropped-favicon-Auren.png","contentUrl":"https:\/\/aurenweb-stg.servidortemporal.net\/de\/wp-content\/uploads\/2025\/01\/cropped-cropped-favicon-Auren.png","width":512,"height":512,"caption":"Auren Deutschland"},"image":{"@id":"https:\/\/aurenweb-stg.servidortemporal.net\/de\/#\/schema\/logo\/image\/"},"sameAs":["https:\/\/www.facebook.com\/aurendeutschland","https:\/\/de.linkedin.com\/organization-guest\/company\/auren-deutschland","https:\/\/www.youtube.com\/@aurendeutschland","https:\/\/www.instagram.com\/aurendeutschland\/"]}]}},"_links":{"self":[{"href":"https:\/\/aurenweb-stg.servidortemporal.net\/de\/wp-json\/wp\/v2\/pages\/85500","targetHints":{"allow":["GET"]}}],"collection":[{"href":"https:\/\/aurenweb-stg.servidortemporal.net\/de\/wp-json\/wp\/v2\/pages"}],"about":[{"href":"https:\/\/aurenweb-stg.servidortemporal.net\/de\/wp-json\/wp\/v2\/types\/page"}],"author":[{"embeddable":true,"href":"https:\/\/aurenweb-stg.servidortemporal.net\/de\/wp-json\/wp\/v2\/users\/3"}],"replies":[{"embeddable":true,"href":"https:\/\/aurenweb-stg.servidortemporal.net\/de\/wp-json\/wp\/v2\/comments?post=85500"}],"version-history":[{"count":12,"href":"https:\/\/aurenweb-stg.servidortemporal.net\/de\/wp-json\/wp\/v2\/pages\/85500\/revisions"}],"predecessor-version":[{"id":102154,"href":"https:\/\/aurenweb-stg.servidortemporal.net\/de\/wp-json\/wp\/v2\/pages\/85500\/revisions\/102154"}],"up":[{"embeddable":true,"href":"https:\/\/aurenweb-stg.servidortemporal.net\/de\/wp-json\/wp\/v2\/pages\/75241"}],"wp:attachment":[{"href":"https:\/\/aurenweb-stg.servidortemporal.net\/de\/wp-json\/wp\/v2\/media?parent=85500"}],"curies":[{"name":"wp","href":"https:\/\/api.w.org\/{rel}","templated":true}]}}