{"id":85717,"date":"2025-03-14T14:55:22","date_gmt":"2025-03-14T13:55:22","guid":{"rendered":"https:\/\/auren.com\/de\/?page_id=85717"},"modified":"2025-03-18T14:16:33","modified_gmt":"2025-03-18T13:16:33","slug":"personalwesen","status":"publish","type":"page","link":"https:\/\/aurenweb-stg.servidortemporal.net\/de\/all-in-one-loesungen\/personalwesen\/","title":{"rendered":"Personalwesen"},"content":{"rendered":"<section id=\"Header-block_4e054f971d83ea1cc8372339e7b89a3f\" class=\"Header\">\r\n\r\n    <div class=\"hero\">\r\n                <div class=\"container\">\r\n            <div class=\"hero_header\">\r\n                                \r\n                <div class=\"hero_header_title\">\r\n                    <p class=''>Personalwesen<\/p>\n                <\/div>\r\n\r\n                                                \r\n                <div class=\"hero_header_subtitle\">\r\n                                    <\/div>\r\n\r\n                                \r\n            <\/div>\r\n        <\/div>\r\n        \r\n                <picture>\r\n            <source srcset=\"https:\/\/aurenweb-stg.servidortemporal.net\/de\/wp-content\/uploads\/2025\/03\/All-in-One-Loesungen.webp\"\r\n                media=\"(min-width: 1200px)\" \/>\r\n            <img loading=\"lazy\" decoding=\"async\" class=\"hero_bg\"\r\n                <img loading=\"lazy\" decoding=\"async\" width=\"640\" height=\"379\" src=\"https:\/\/aurenweb-stg.servidortemporal.net\/de\/wp-content\/uploads\/2025\/03\/All-in-One-Loesungen-1024x607.webp\" class=\"hero_bg\" alt=\"All-in-One-L\u00f6sungen\" srcset=\"https:\/\/aurenweb-stg.servidortemporal.net\/de\/wp-content\/uploads\/2025\/03\/All-in-One-Loesungen-1024x607.webp 1024w, https:\/\/aurenweb-stg.servidortemporal.net\/de\/wp-content\/uploads\/2025\/03\/All-in-One-Loesungen-300x178.webp 300w, https:\/\/aurenweb-stg.servidortemporal.net\/de\/wp-content\/uploads\/2025\/03\/All-in-One-Loesungen-768x455.webp 768w, https:\/\/aurenweb-stg.servidortemporal.net\/de\/wp-content\/uploads\/2025\/03\/All-in-One-Loesungen-1536x911.webp 1536w, https:\/\/aurenweb-stg.servidortemporal.net\/de\/wp-content\/uploads\/2025\/03\/All-in-One-Loesungen-2048x1214.webp 2048w\" sizes=\"auto, (max-width: 640px) 100vw, 640px\" \/>>\r\n        <\/picture>\r\n        \r\n                        <p class=\"hero_scroll\"><strong>Mehr erfahren<\/strong> Nach unten bl\u00e4ttern<\/p>\r\n                    <\/div>\r\n\r\n<\/section>\n\n\r\n<section id=\"Breadcrumbs-block_7e56b3f477844025a5cc420c2c0fba35\" class=\"Breadcrumbs\">\r\n    \r\n        <nav class=\"breads\" aria-label=\"Breadcrumb\">\r\n            <ul class=\"container\">\r\n                <li><a href=\"https:\/\/aurenweb-stg.servidortemporal.net\/de\">Home<\/a><\/li>\r\n                <li><span aria-current=\"page\">Personalwesen<\/span><\/li>            <\/ul>\r\n        <\/nav>\r\n\r\n                                                                                     \r\n    \r\n<\/section>\r\n\n\n\r\n<section id=\"ImageText-block_a061c90d54ecf2d3297030de0c9b1892\" class=\"ImageText\">\r\n\r\n    <section class=\"info \">\r\n        <div class=\"container\">\r\n            <div class=\"info_text\">\r\n                <div class=\"info_title\">\r\n                    <p class=''>Ganzheitliche Betreuung f\u00fcr Ihre Personalarbeit<\/p>\n                <\/div>\r\n                <div class=\"info_description\">\r\n                    <p>Die Anforderungen an moderne Personalarbeit wachsen stetig \u2013 von komplexen arbeitsrechtlichen Vorgaben \u00fcber die Lohn- und Gehaltsabrechnung bis hin zur strategischen Personalplanung. Wir bieten Ihnen eine ganzheitliche Betreuung aus einer Hand und unterst\u00fctzen Sie genau dort, wo Sie Entlastung ben\u00f6tigen.<\/p>\n<p>Ihr pers\u00f6nlicher Ansprechpartner koordiniert alle relevanten Fachbereiche \u2013 von HR-Strategen und Gehaltsabrechnungsspezialisten bis hin zu Fachanw\u00e4lten f\u00fcr Arbeitsrecht. Mit unserer umfassenden Expertise f\u00fcr den Mittelstand sorgen wir f\u00fcr effiziente Prozesse, rechtssichere L\u00f6sungen und eine professionelle Mitarbeiterbetreuung. So gewinnen Sie wertvolle Freir\u00e4ume f\u00fcr Ihr Kerngesch\u00e4ft und stellen Ihr Unternehmen optimal f\u00fcr die Zukunft auf.<\/p>\n                <\/div>\r\n            <\/div>\r\n            <div class=\"info_media\">\r\n                <div class=\"info_media_item info_media_item-1\">\r\n                    <div class=\"info_media_item_text\"><span class=\"title\"><\/span><\/div>\r\n                    <div class=\"info_media_item_text_claim\"><\/div>\r\n                    <span class=\"info_media_item_bg\">\r\n                                                    <img loading=\"lazy\" decoding=\"async\" width=\"574\" height=\"1024\" src=\"https:\/\/aurenweb-stg.servidortemporal.net\/de\/wp-content\/uploads\/2024\/12\/image-text-13-574x1024.webp\" class=\"attachment-large size-large\" alt=\"\" srcset=\"https:\/\/aurenweb-stg.servidortemporal.net\/de\/wp-content\/uploads\/2024\/12\/image-text-13-574x1024.webp 574w, https:\/\/aurenweb-stg.servidortemporal.net\/de\/wp-content\/uploads\/2024\/12\/image-text-13-168x300.webp 168w, https:\/\/aurenweb-stg.servidortemporal.net\/de\/wp-content\/uploads\/2024\/12\/image-text-13-768x1370.webp 768w, https:\/\/aurenweb-stg.servidortemporal.net\/de\/wp-content\/uploads\/2024\/12\/image-text-13-861x1536.webp 861w, https:\/\/aurenweb-stg.servidortemporal.net\/de\/wp-content\/uploads\/2024\/12\/image-text-13-1148x2048.webp 1148w, https:\/\/aurenweb-stg.servidortemporal.net\/de\/wp-content\/uploads\/2024\/12\/image-text-13-scaled.webp 1435w\" sizes=\"auto, (max-width: 574px) 100vw, 574px\" \/>                                            <\/span>\r\n                                            <img loading=\"lazy\" decoding=\"async\" width=\"168\" height=\"168\" src=\"https:\/\/aurenweb-stg.servidortemporal.net\/de\/wp-content\/uploads\/2024\/12\/ico-info-media-2-1.webp\" class=\"info_media_item_ico\" alt=\"\" srcset=\"https:\/\/aurenweb-stg.servidortemporal.net\/de\/wp-content\/uploads\/2024\/12\/ico-info-media-2-1.webp 168w, https:\/\/aurenweb-stg.servidortemporal.net\/de\/wp-content\/uploads\/2024\/12\/ico-info-media-2-1-150x150.webp 150w\" sizes=\"auto, (max-width: 168px) 100vw, 168px\" \/>                                                        <\/div>\r\n                <div class=\"info_media_claim\">\r\n                                    <\/div>\r\n                <div class=\"info_media_item info_media_item-2\">\r\n                    <div class=\"info_media_item_text\"><span class=\"title\"><\/span><\/div>\r\n                    <div class=\"info_media_item_text_claim\"><\/div>\r\n                    <span class=\"info_media_item_bg\">\r\n                                                    <img loading=\"lazy\" decoding=\"async\" width=\"640\" height=\"533\" src=\"https:\/\/aurenweb-stg.servidortemporal.net\/de\/wp-content\/uploads\/2025\/03\/All-in-One-Bild-1-1024x853.webp\" class=\"attachment-large size-large\" alt=\"\" srcset=\"https:\/\/aurenweb-stg.servidortemporal.net\/de\/wp-content\/uploads\/2025\/03\/All-in-One-Bild-1-1024x853.webp 1024w, https:\/\/aurenweb-stg.servidortemporal.net\/de\/wp-content\/uploads\/2025\/03\/All-in-One-Bild-1-300x250.webp 300w, https:\/\/aurenweb-stg.servidortemporal.net\/de\/wp-content\/uploads\/2025\/03\/All-in-One-Bild-1-768x640.webp 768w, https:\/\/aurenweb-stg.servidortemporal.net\/de\/wp-content\/uploads\/2025\/03\/All-in-One-Bild-1.webp 1200w\" sizes=\"auto, (max-width: 640px) 100vw, 640px\" \/>                                            <\/span>\r\n                                                        <\/div>\r\n            <\/div>\r\n        <\/div>\r\n    <\/section>\r\n\r\n<\/section>\r\n\r\n\n\n<section id=\"Catalog-block_380bed6c8c7483e4f6c87e57680b0f06\" class=\"Catalog\">\r\n\r\n    <section class=\"catalog\">\r\n        <div class=\"container\">\r\n            <div class=\"catalog_wrapper\">\r\n                <div class=\"catalog_content\">\r\n                    <div class=\"catalog_title\">\r\n                        <p class=''>Ihre Vorteile<\/p>\n                    <\/div>\r\n                    <div class=\"catalog_text\">\r\n                        <ol>\n<li>Ganzheitliche Betreuung<\/li>\n<li>Pers\u00f6nliche Betreuung aus einer Hand durch einen Ansprechpartner<\/li>\n<li>Umfassendes Fachwissen f\u00fcr den Mittelstand<\/li>\n<li>Nachhaltige Partnerschaften und langfristiges Vertrauen<\/li>\n<\/ol>\n                    <\/div>\r\n                <\/div>\r\n                <div class=\"catalog_media\">\r\n                    <img loading=\"lazy\" decoding=\"async\" width=\"640\" height=\"360\" src=\"https:\/\/aurenweb-stg.servidortemporal.net\/de\/wp-content\/uploads\/2025\/03\/abstract-background-design-rough-warm-alphabet-red-color-1024x576.webp\" class=\"catalog_media_image\" alt=\"\" srcset=\"https:\/\/aurenweb-stg.servidortemporal.net\/de\/wp-content\/uploads\/2025\/03\/abstract-background-design-rough-warm-alphabet-red-color-1024x576.webp 1024w, https:\/\/aurenweb-stg.servidortemporal.net\/de\/wp-content\/uploads\/2025\/03\/abstract-background-design-rough-warm-alphabet-red-color-300x169.webp 300w, https:\/\/aurenweb-stg.servidortemporal.net\/de\/wp-content\/uploads\/2025\/03\/abstract-background-design-rough-warm-alphabet-red-color-768x432.webp 768w, https:\/\/aurenweb-stg.servidortemporal.net\/de\/wp-content\/uploads\/2025\/03\/abstract-background-design-rough-warm-alphabet-red-color-1536x864.webp 1536w, https:\/\/aurenweb-stg.servidortemporal.net\/de\/wp-content\/uploads\/2025\/03\/abstract-background-design-rough-warm-alphabet-red-color-2048x1152.webp 2048w\" sizes=\"auto, (max-width: 640px) 100vw, 640px\" \/>                <\/div>\r\n            <\/div>\r\n        <\/div>\r\n    <\/section>\r\n    \r\n<\/section>\r\n\n\n<div id=\"TitleSubtitleText-block_580090d0b58a1bac4f0343277cebc772\" class=\"TitleSubtitleText\">\n\n    <section class=\"headlines v1\">\n        <div class=\"container\">\n                        <div class=\"headlines_title\">\n                <p class=''>Unsere Leistungsbereiche<\/p>\n            <\/div>\n                                <\/div>\n    <\/section>\n\n<\/div>\n\n\n<div id=\"Accordion-block_51a0c6009636558307bbd7b7ad3edccc\" class=\"Accordion\">\n\n    <section class=\"accordion v2\">\n        <div class=\"container\">\n                        <div class=\"accordion_item\">\n                <a class=\"accordion_item_header\" href=\"#\">Lohn und Gehalt<\/a>\n                <div class=\"accordion_item_content\">\n                    <div class=\"accordion_item_content_text\">\n                        <p>Eine fehlerfreie und rechtssichere Lohn- und Gehaltsabrechnung ist essenziell, um Haftungsrisiken zu vermeiden und Kosten zu optimieren. Ihr pers\u00f6nlicher Ansprechpartner koordiniert alle Prozesse \u2013 von der Nettoentgeltoptimierung bis zur sicheren Datenverarbeitung \u2013 und stellt sicher, dass alle arbeits-, steuer- und sozialversicherungsrechtlichen Vorgaben eingehalten werden.<\/p>\n                    <\/div>\n                <\/div>\n            <\/div>\n                        <div class=\"accordion_item\">\n                <a class=\"accordion_item_header\" href=\"#\">Personalbetreuung und -verwaltung<\/a>\n                <div class=\"accordion_item_content\">\n                    <div class=\"accordion_item_content_text\">\n                        <p>Die administrativen Anforderungen im HR-Bereich wachsen stetig und erfordern fundierte Fachkenntnisse. Wir \u00fcbernehmen f\u00fcr Sie vor Ort oder remote die komplette Personalverwaltung, erstellen Arbeitsvertr\u00e4ge, Zeugnisse und K\u00fcndigungen, f\u00fchren den Schriftverkehr mit Beh\u00f6rden und beraten F\u00fchrungskr\u00e4fte sowie Mitarbeiter in allen personalbezogenen Fragen.<\/p>\n                    <\/div>\n                <\/div>\n            <\/div>\n                        <div class=\"accordion_item\">\n                <a class=\"accordion_item_header\" href=\"#\">Personalsuche<\/a>\n                <div class=\"accordion_item_content\">\n                    <div class=\"accordion_item_content_text\">\n                        <p>Die gezielte Rekrutierung von Fach- und F\u00fchrungskr\u00e4ften erfordert Erfahrung, Marktkenntnis und eine professionelle Bewerberauswahl. Wir \u00fcbernehmen f\u00fcr Sie den gesamten Suchprozess \u2013 von der Stellenausschreibung \u00fcber die Bewerberkommunikation bis zur finalen Auswahl passender Kandidaten \u2013 und sorgen so f\u00fcr eine effiziente und treffsichere Besetzung.<\/p>\n                    <\/div>\n                <\/div>\n            <\/div>\n                        <div class=\"accordion_item\">\n                <a class=\"accordion_item_header\" href=\"#\">Personalsysteme<\/a>\n                <div class=\"accordion_item_content\">\n                    <div class=\"accordion_item_content_text\">\n                        <p>Moderne HR-Softwarel\u00f6sungen erleichtern die Verwaltung von Mitarbeitenden und optimieren interne Prozesse. Wir unterst\u00fctzen Sie bei der Auswahl und Implementierung ma\u00dfgeschneiderter Systeme f\u00fcr Bewerbermanagement, Mitarbeiterverwaltung, Qualifikationsmanagement und Zielvereinbarungen. Erg\u00e4nzend bieten wir digitale L\u00f6sungen f\u00fcr ein effizientes Abwesenheitsmanagement sowie die Einf\u00fchrung einer revisionssicheren elektronischen Personalakte \u2013 f\u00fcr mehr Transparenz, weniger Verwaltungsaufwand und eine reibungslose HR-Organisation.<\/p>\n                    <\/div>\n                <\/div>\n            <\/div>\n                        <div class=\"accordion_item\">\n                <a class=\"accordion_item_header\" href=\"#\">Arbeitsrechtliche Beratung<\/a>\n                <div class=\"accordion_item_content\">\n                    <div class=\"accordion_item_content_text\">\n                        <p>Arbeitsrechtliche Fragestellungen sind oft komplex und bergen hohe Risiken. Unsere Fachanw\u00e4lte f\u00fcr Arbeitsrecht beraten Sie individuell, gestalten rechtssichere Arbeitsvertr\u00e4ge und begleiten Sie bei K\u00fcndigungen, Betriebsvereinbarungen oder Verhandlungen mit dem Betriebsrat \u2013 f\u00fcr maximale Rechtssicherheit und Planungssicherheit.<\/p>\n                    <\/div>\n                <\/div>\n            <\/div>\n                    <\/div>\n    <\/section>\n\n<\/div>\n\n\n\n<h2 class=\"wp-block-heading has-text-align-center\"><br><br>Downloads<\/h2>\n\n\n\r\n<section id=\"Files-block_c373d652765539deec5ae116bcbb367f\" class=\"Files aligncenter\">\r\n    <div class=\"container\">\r\n        <div class=\"fileCtn\">\r\n                            <div class=\"file\">\r\n                                                                <div class=\"logo\">\r\n                            <img decoding=\"async\" src=\"https:\/\/aurenweb-stg.servidortemporal.net\/de\/wp-content\/themes\/auren\/assets\/icons\/ico-file-document.webp\" alt=\"logo\">\r\n                        <\/div>\r\n                                        <div class=\"title\"><p>Personalwesen Brosch\u00fcre<\/p>\n<\/div>\r\n                    <!--<div class=\"subtitle\"><\/div>-->\r\n                                            <a class=\"button button-primary link\" href=\"https:\/\/aurenweb-stg.servidortemporal.net\/de\/wp-content\/uploads\/2025\/03\/Personalwesen-HR_Germany.pdf\" target=\"_blank\">Download<\/a>\r\n                                    <\/div>\r\n                    <\/div>\r\n    <\/div>\r\n<\/section>\r\n\r\n\n\n<section id=\"ImageTextV2-block_175879cb569d15cf0eb4ee01de6805b5\" class=\"ImageTextV2\">\r\n\r\n    <div class=\"upcoming v2\">\r\n        <div class=\"container\">\r\n            <div class=\"upcoming_text\">\r\n                <div class=\"upcoming_title\">\r\n                    <p class=''>Bereit f\u00fcr gemeinsame Erfolge?<\/p>\n                <\/div>\r\n                <div class=\"upcoming_kicker\">\r\n                                    <\/div>\r\n            <\/div>\r\n            <div class=\"upcoming_media\">\r\n                <a class=\"button button-primary button-icon\" href=\"https:\/\/aurenweb-stg.servidortemporal.net\/de\/kontakt\/\" target=\"\">Kontakt<\/a>\r\n                <span class=\"upcoming_media_bg\"><img loading=\"lazy\" decoding=\"async\" width=\"640\" height=\"419\" src=\"https:\/\/aurenweb-stg.servidortemporal.net\/de\/wp-content\/uploads\/2024\/12\/bg-upcoming-media-v2-1.webp\" class=\"\" alt=\"\" srcset=\"https:\/\/aurenweb-stg.servidortemporal.net\/de\/wp-content\/uploads\/2024\/12\/bg-upcoming-media-v2-1.webp 684w, https:\/\/aurenweb-stg.servidortemporal.net\/de\/wp-content\/uploads\/2024\/12\/bg-upcoming-media-v2-1-300x196.webp 300w\" sizes=\"auto, (max-width: 640px) 100vw, 640px\" \/><\/span>\r\n            <\/div>\r\n        <\/div>\r\n    <\/div>\r\n\r\n<\/section>\r\n","protected":false},"excerpt":{"rendered":"<p>Downloads<\/p>\n","protected":false},"author":3,"featured_media":0,"parent":75241,"menu_order":5,"comment_status":"closed","ping_status":"closed","template":"","meta":{"_acf_changed":false,"footnotes":""},"class_list":["post-85717","page","type-page","status-publish","hentry"],"acf":[],"yoast_head":"<!-- This site is optimized with the Yoast SEO plugin v24.3 - https:\/\/yoast.com\/wordpress\/plugins\/seo\/ -->\n<title>Personalwesen - Auren Germany<\/title>\n<meta name=\"description\" content=\"Effiziente HR-L\u00f6sungen f\u00fcr Unternehmen: Wir \u00fcbernehmen Lohnabrechnung, Personalverwaltung, Recruiting &amp; digitale HR-Systeme. Alles aus einer Hand.\" \/>\n<meta name=\"robots\" content=\"noindex, follow, max-snippet:-1, max-image-preview:large, max-video-preview:-1\" \/>\n<meta property=\"og:locale\" content=\"de_DE\" \/>\n<meta property=\"og:type\" content=\"article\" \/>\n<meta property=\"og:title\" content=\"Personalwesen - Auren Germany\" \/>\n<meta property=\"og:description\" content=\"Effiziente HR-L\u00f6sungen f\u00fcr Unternehmen: Wir \u00fcbernehmen Lohnabrechnung, Personalverwaltung, Recruiting &amp; digitale HR-Systeme. Alles aus einer Hand.\" \/>\n<meta property=\"og:url\" content=\"https:\/\/aurenweb-stg.servidortemporal.net\/de\/all-in-one-loesungen\/personalwesen\/\" \/>\n<meta property=\"og:site_name\" content=\"Auren Germany\" \/>\n<meta property=\"article:publisher\" content=\"https:\/\/www.facebook.com\/aurendeutschland\" \/>\n<meta property=\"article:modified_time\" content=\"2025-03-18T13:16:33+00:00\" \/>\n<meta name=\"twitter:card\" content=\"summary_large_image\" \/>\n<meta name=\"twitter:label1\" content=\"Gesch\u00e4tzte Lesezeit\" \/>\n\t<meta name=\"twitter:data1\" content=\"1\u00a0Minute\" \/>\n<script type=\"application\/ld+json\" class=\"yoast-schema-graph\">{\"@context\":\"https:\/\/schema.org\",\"@graph\":[{\"@type\":\"WebPage\",\"@id\":\"https:\/\/aurenweb-stg.servidortemporal.net\/de\/all-in-one-loesungen\/personalwesen\/\",\"url\":\"https:\/\/aurenweb-stg.servidortemporal.net\/de\/all-in-one-loesungen\/personalwesen\/\",\"name\":\"Personalwesen - Auren Germany\",\"isPartOf\":{\"@id\":\"https:\/\/aurenweb-stg.servidortemporal.net\/de\/#website\"},\"datePublished\":\"2025-03-14T13:55:22+00:00\",\"dateModified\":\"2025-03-18T13:16:33+00:00\",\"description\":\"Effiziente HR-L\u00f6sungen f\u00fcr Unternehmen: Wir \u00fcbernehmen Lohnabrechnung, Personalverwaltung, Recruiting & digitale HR-Systeme. Alles aus einer Hand.\",\"breadcrumb\":{\"@id\":\"https:\/\/aurenweb-stg.servidortemporal.net\/de\/all-in-one-loesungen\/personalwesen\/#breadcrumb\"},\"inLanguage\":\"de\",\"potentialAction\":[{\"@type\":\"ReadAction\",\"target\":[\"https:\/\/aurenweb-stg.servidortemporal.net\/de\/all-in-one-loesungen\/personalwesen\/\"]}]},{\"@type\":\"BreadcrumbList\",\"@id\":\"https:\/\/aurenweb-stg.servidortemporal.net\/de\/all-in-one-loesungen\/personalwesen\/#breadcrumb\",\"itemListElement\":[{\"@type\":\"ListItem\",\"position\":1,\"name\":\"Home\",\"item\":\"https:\/\/aurenweb-stg.servidortemporal.net\/de\/\"},{\"@type\":\"ListItem\",\"position\":2,\"name\":\"All-in-One L\u00f6sungen\",\"item\":\"https:\/\/aurenweb-stg.servidortemporal.net\/de\/all-in-one-loesungen\/\"},{\"@type\":\"ListItem\",\"position\":3,\"name\":\"Personalwesen\"}]},{\"@type\":\"WebSite\",\"@id\":\"https:\/\/aurenweb-stg.servidortemporal.net\/de\/#website\",\"url\":\"https:\/\/aurenweb-stg.servidortemporal.net\/de\/\",\"name\":\"Auren\",\"description\":\"\",\"publisher\":{\"@id\":\"https:\/\/aurenweb-stg.servidortemporal.net\/de\/#organization\"},\"alternateName\":\"Auren\",\"potentialAction\":[{\"@type\":\"SearchAction\",\"target\":{\"@type\":\"EntryPoint\",\"urlTemplate\":\"https:\/\/aurenweb-stg.servidortemporal.net\/de\/?s={search_term_string}\"},\"query-input\":{\"@type\":\"PropertyValueSpecification\",\"valueRequired\":true,\"valueName\":\"search_term_string\"}}],\"inLanguage\":\"de\"},{\"@type\":\"Organization\",\"@id\":\"https:\/\/aurenweb-stg.servidortemporal.net\/de\/#organization\",\"name\":\"Auren Deutschland\",\"url\":\"https:\/\/aurenweb-stg.servidortemporal.net\/de\/\",\"logo\":{\"@type\":\"ImageObject\",\"inLanguage\":\"de\",\"@id\":\"https:\/\/aurenweb-stg.servidortemporal.net\/de\/#\/schema\/logo\/image\/\",\"url\":\"https:\/\/aurenweb-stg.servidortemporal.net\/de\/wp-content\/uploads\/2025\/01\/cropped-cropped-favicon-Auren.png\",\"contentUrl\":\"https:\/\/aurenweb-stg.servidortemporal.net\/de\/wp-content\/uploads\/2025\/01\/cropped-cropped-favicon-Auren.png\",\"width\":512,\"height\":512,\"caption\":\"Auren Deutschland\"},\"image\":{\"@id\":\"https:\/\/aurenweb-stg.servidortemporal.net\/de\/#\/schema\/logo\/image\/\"},\"sameAs\":[\"https:\/\/www.facebook.com\/aurendeutschland\",\"https:\/\/de.linkedin.com\/organization-guest\/company\/auren-deutschland\",\"https:\/\/www.youtube.com\/@aurendeutschland\",\"https:\/\/www.instagram.com\/aurendeutschland\/\"]}]}<\/script>\n<!-- \/ Yoast SEO plugin. -->","yoast_head_json":{"title":"Personalwesen - Auren Germany","description":"Effiziente HR-L\u00f6sungen f\u00fcr Unternehmen: Wir \u00fcbernehmen Lohnabrechnung, Personalverwaltung, Recruiting & digitale HR-Systeme. Alles aus einer Hand.","robots":{"index":"noindex","follow":"follow","max-snippet":"max-snippet:-1","max-image-preview":"max-image-preview:large","max-video-preview":"max-video-preview:-1"},"og_locale":"de_DE","og_type":"article","og_title":"Personalwesen - Auren Germany","og_description":"Effiziente HR-L\u00f6sungen f\u00fcr Unternehmen: Wir \u00fcbernehmen Lohnabrechnung, Personalverwaltung, Recruiting & digitale HR-Systeme. Alles aus einer Hand.","og_url":"https:\/\/aurenweb-stg.servidortemporal.net\/de\/all-in-one-loesungen\/personalwesen\/","og_site_name":"Auren Germany","article_publisher":"https:\/\/www.facebook.com\/aurendeutschland","article_modified_time":"2025-03-18T13:16:33+00:00","twitter_card":"summary_large_image","twitter_misc":{"Gesch\u00e4tzte Lesezeit":"1\u00a0Minute"},"schema":{"@context":"https:\/\/schema.org","@graph":[{"@type":"WebPage","@id":"https:\/\/aurenweb-stg.servidortemporal.net\/de\/all-in-one-loesungen\/personalwesen\/","url":"https:\/\/aurenweb-stg.servidortemporal.net\/de\/all-in-one-loesungen\/personalwesen\/","name":"Personalwesen - Auren Germany","isPartOf":{"@id":"https:\/\/aurenweb-stg.servidortemporal.net\/de\/#website"},"datePublished":"2025-03-14T13:55:22+00:00","dateModified":"2025-03-18T13:16:33+00:00","description":"Effiziente HR-L\u00f6sungen f\u00fcr Unternehmen: Wir \u00fcbernehmen Lohnabrechnung, Personalverwaltung, Recruiting & digitale HR-Systeme. Alles aus einer Hand.","breadcrumb":{"@id":"https:\/\/aurenweb-stg.servidortemporal.net\/de\/all-in-one-loesungen\/personalwesen\/#breadcrumb"},"inLanguage":"de","potentialAction":[{"@type":"ReadAction","target":["https:\/\/aurenweb-stg.servidortemporal.net\/de\/all-in-one-loesungen\/personalwesen\/"]}]},{"@type":"BreadcrumbList","@id":"https:\/\/aurenweb-stg.servidortemporal.net\/de\/all-in-one-loesungen\/personalwesen\/#breadcrumb","itemListElement":[{"@type":"ListItem","position":1,"name":"Home","item":"https:\/\/aurenweb-stg.servidortemporal.net\/de\/"},{"@type":"ListItem","position":2,"name":"All-in-One L\u00f6sungen","item":"https:\/\/aurenweb-stg.servidortemporal.net\/de\/all-in-one-loesungen\/"},{"@type":"ListItem","position":3,"name":"Personalwesen"}]},{"@type":"WebSite","@id":"https:\/\/aurenweb-stg.servidortemporal.net\/de\/#website","url":"https:\/\/aurenweb-stg.servidortemporal.net\/de\/","name":"Auren","description":"","publisher":{"@id":"https:\/\/aurenweb-stg.servidortemporal.net\/de\/#organization"},"alternateName":"Auren","potentialAction":[{"@type":"SearchAction","target":{"@type":"EntryPoint","urlTemplate":"https:\/\/aurenweb-stg.servidortemporal.net\/de\/?s={search_term_string}"},"query-input":{"@type":"PropertyValueSpecification","valueRequired":true,"valueName":"search_term_string"}}],"inLanguage":"de"},{"@type":"Organization","@id":"https:\/\/aurenweb-stg.servidortemporal.net\/de\/#organization","name":"Auren Deutschland","url":"https:\/\/aurenweb-stg.servidortemporal.net\/de\/","logo":{"@type":"ImageObject","inLanguage":"de","@id":"https:\/\/aurenweb-stg.servidortemporal.net\/de\/#\/schema\/logo\/image\/","url":"https:\/\/aurenweb-stg.servidortemporal.net\/de\/wp-content\/uploads\/2025\/01\/cropped-cropped-favicon-Auren.png","contentUrl":"https:\/\/aurenweb-stg.servidortemporal.net\/de\/wp-content\/uploads\/2025\/01\/cropped-cropped-favicon-Auren.png","width":512,"height":512,"caption":"Auren Deutschland"},"image":{"@id":"https:\/\/aurenweb-stg.servidortemporal.net\/de\/#\/schema\/logo\/image\/"},"sameAs":["https:\/\/www.facebook.com\/aurendeutschland","https:\/\/de.linkedin.com\/organization-guest\/company\/auren-deutschland","https:\/\/www.youtube.com\/@aurendeutschland","https:\/\/www.instagram.com\/aurendeutschland\/"]}]}},"_links":{"self":[{"href":"https:\/\/aurenweb-stg.servidortemporal.net\/de\/wp-json\/wp\/v2\/pages\/85717","targetHints":{"allow":["GET"]}}],"collection":[{"href":"https:\/\/aurenweb-stg.servidortemporal.net\/de\/wp-json\/wp\/v2\/pages"}],"about":[{"href":"https:\/\/aurenweb-stg.servidortemporal.net\/de\/wp-json\/wp\/v2\/types\/page"}],"author":[{"embeddable":true,"href":"https:\/\/aurenweb-stg.servidortemporal.net\/de\/wp-json\/wp\/v2\/users\/3"}],"replies":[{"embeddable":true,"href":"https:\/\/aurenweb-stg.servidortemporal.net\/de\/wp-json\/wp\/v2\/comments?post=85717"}],"version-history":[{"count":5,"href":"https:\/\/aurenweb-stg.servidortemporal.net\/de\/wp-json\/wp\/v2\/pages\/85717\/revisions"}],"predecessor-version":[{"id":102124,"href":"https:\/\/aurenweb-stg.servidortemporal.net\/de\/wp-json\/wp\/v2\/pages\/85717\/revisions\/102124"}],"up":[{"embeddable":true,"href":"https:\/\/aurenweb-stg.servidortemporal.net\/de\/wp-json\/wp\/v2\/pages\/75241"}],"wp:attachment":[{"href":"https:\/\/aurenweb-stg.servidortemporal.net\/de\/wp-json\/wp\/v2\/media?parent=85717"}],"curies":[{"name":"wp","href":"https:\/\/api.w.org\/{rel}","templated":true}]}}