{"id":93686,"date":"2025-03-14T15:48:09","date_gmt":"2025-03-14T14:48:09","guid":{"rendered":"https:\/\/auren.com\/de\/?page_id=93686"},"modified":"2025-03-20T12:10:30","modified_gmt":"2025-03-20T11:10:30","slug":"international-desks","status":"publish","type":"page","link":"https:\/\/aurenweb-stg.servidortemporal.net\/de\/all-in-one-loesungen\/international-desks\/","title":{"rendered":"International Desks"},"content":{"rendered":"<section id=\"Header-block_d42e91a684e76df342756847a9b689c3\" class=\"Header\">\r\n\r\n    <div class=\"hero\">\r\n                <div class=\"container\">\r\n            <div class=\"hero_header\">\r\n                                \r\n                <div class=\"hero_header_title\">\r\n                    <p class=''>International Desks<\/p>\n                <\/div>\r\n\r\n                                                \r\n                <div class=\"hero_header_subtitle\">\r\n                                    <\/div>\r\n\r\n                                \r\n            <\/div>\r\n        <\/div>\r\n        \r\n                <picture>\r\n            <source srcset=\"https:\/\/aurenweb-stg.servidortemporal.net\/de\/wp-content\/uploads\/2025\/03\/All-in-One-Loesungen.webp\"\r\n                media=\"(min-width: 1200px)\" \/>\r\n            <img loading=\"lazy\" decoding=\"async\" class=\"hero_bg\"\r\n                <img loading=\"lazy\" decoding=\"async\" width=\"640\" height=\"379\" src=\"https:\/\/aurenweb-stg.servidortemporal.net\/de\/wp-content\/uploads\/2025\/03\/All-in-One-Loesungen-1024x607.webp\" class=\"hero_bg\" alt=\"All-in-One-L\u00f6sungen\" srcset=\"https:\/\/aurenweb-stg.servidortemporal.net\/de\/wp-content\/uploads\/2025\/03\/All-in-One-Loesungen-1024x607.webp 1024w, https:\/\/aurenweb-stg.servidortemporal.net\/de\/wp-content\/uploads\/2025\/03\/All-in-One-Loesungen-300x178.webp 300w, https:\/\/aurenweb-stg.servidortemporal.net\/de\/wp-content\/uploads\/2025\/03\/All-in-One-Loesungen-768x455.webp 768w, https:\/\/aurenweb-stg.servidortemporal.net\/de\/wp-content\/uploads\/2025\/03\/All-in-One-Loesungen-1536x911.webp 1536w, https:\/\/aurenweb-stg.servidortemporal.net\/de\/wp-content\/uploads\/2025\/03\/All-in-One-Loesungen-2048x1214.webp 2048w\" sizes=\"auto, (max-width: 640px) 100vw, 640px\" \/>>\r\n        <\/picture>\r\n        \r\n                        <p class=\"hero_scroll\"><strong>Mehr erfahren<\/strong> Nach unten bl\u00e4ttern<\/p>\r\n                    <\/div>\r\n\r\n<\/section>\n\n\r\n<section id=\"Breadcrumbs-block_dfe18913e05dc9e18a65af61b84b7bd4\" class=\"Breadcrumbs\">\r\n    \r\n        <nav class=\"breads\" aria-label=\"Breadcrumb\">\r\n            <ul class=\"container\">\r\n                <li><a href=\"https:\/\/aurenweb-stg.servidortemporal.net\/de\">Home<\/a><\/li>\r\n                <li><span aria-current=\"page\">International Desks<\/span><\/li>            <\/ul>\r\n        <\/nav>\r\n\r\n                                                                                     \r\n    \r\n<\/section>\r\n\n\n\r\n<section id=\"ImageText-block_fc48367ca508bd4a5f536e64131e2b1b\" class=\"ImageText\">\r\n\r\n    <section class=\"info \">\r\n        <div class=\"container\">\r\n            <div class=\"info_text\">\r\n                <div class=\"info_title\">\r\n                    <p class=''>Internationale Beratung aus einer Hand<\/p>\n                <\/div>\r\n                <div class=\"info_description\">\r\n                    <p data-start=\"59\" data-end=\"400\">Unsere International Desks unterst\u00fctzen Unternehmen gezielt bei ihrem internationalen Markteintritt und der Expansion in neue M\u00e4rkte. Mit tiefgehendem kulturellen Verst\u00e4ndnis und fundierter Expertise in grenz\u00fcberschreitenden Projekten begleiten wir Sie in allen rechtlichen, steuerlichen, wirtschaftlichen und finanziellen Fragestellungen.<\/p>\n<p data-start=\"402\" data-end=\"686\">Ein zentraler Projektmanager sorgt in beiden L\u00e4ndern f\u00fcr eine reibungslose Koordination und Kommunikation mit den jeweiligen Experten vor Ort. So gew\u00e4hrleisten wir praxisnahe, flexible L\u00f6sungen und eine pers\u00f6nliche Betreuung, die auf Ihre spezifischen Bed\u00fcrfnisse zugeschnitten ist.<\/p>\n                <\/div>\r\n            <\/div>\r\n            <div class=\"info_media\">\r\n                <div class=\"info_media_item info_media_item-1\">\r\n                    <div class=\"info_media_item_text\"><span class=\"title\"><\/span><\/div>\r\n                    <div class=\"info_media_item_text_claim\"><\/div>\r\n                    <span class=\"info_media_item_bg\">\r\n                                                    <img loading=\"lazy\" decoding=\"async\" width=\"574\" height=\"1024\" src=\"https:\/\/aurenweb-stg.servidortemporal.net\/de\/wp-content\/uploads\/2024\/12\/image-text-13-574x1024.webp\" class=\"attachment-large size-large\" alt=\"\" srcset=\"https:\/\/aurenweb-stg.servidortemporal.net\/de\/wp-content\/uploads\/2024\/12\/image-text-13-574x1024.webp 574w, https:\/\/aurenweb-stg.servidortemporal.net\/de\/wp-content\/uploads\/2024\/12\/image-text-13-168x300.webp 168w, https:\/\/aurenweb-stg.servidortemporal.net\/de\/wp-content\/uploads\/2024\/12\/image-text-13-768x1370.webp 768w, https:\/\/aurenweb-stg.servidortemporal.net\/de\/wp-content\/uploads\/2024\/12\/image-text-13-861x1536.webp 861w, https:\/\/aurenweb-stg.servidortemporal.net\/de\/wp-content\/uploads\/2024\/12\/image-text-13-1148x2048.webp 1148w, https:\/\/aurenweb-stg.servidortemporal.net\/de\/wp-content\/uploads\/2024\/12\/image-text-13-scaled.webp 1435w\" sizes=\"auto, (max-width: 574px) 100vw, 574px\" \/>                                            <\/span>\r\n                                            <img loading=\"lazy\" decoding=\"async\" width=\"168\" height=\"168\" src=\"https:\/\/aurenweb-stg.servidortemporal.net\/de\/wp-content\/uploads\/2024\/12\/ico-info-media-2-1.webp\" class=\"info_media_item_ico\" alt=\"\" srcset=\"https:\/\/aurenweb-stg.servidortemporal.net\/de\/wp-content\/uploads\/2024\/12\/ico-info-media-2-1.webp 168w, https:\/\/aurenweb-stg.servidortemporal.net\/de\/wp-content\/uploads\/2024\/12\/ico-info-media-2-1-150x150.webp 150w\" sizes=\"auto, (max-width: 168px) 100vw, 168px\" \/>                                                        <\/div>\r\n                <div class=\"info_media_claim\">\r\n                                    <\/div>\r\n                <div class=\"info_media_item info_media_item-2\">\r\n                    <div class=\"info_media_item_text\"><span class=\"title\"><\/span><\/div>\r\n                    <div class=\"info_media_item_text_claim\"><\/div>\r\n                    <span class=\"info_media_item_bg\">\r\n                                                    <img loading=\"lazy\" decoding=\"async\" width=\"640\" height=\"533\" src=\"https:\/\/aurenweb-stg.servidortemporal.net\/de\/wp-content\/uploads\/2025\/03\/All-in-One-Bild-1-1024x853.webp\" class=\"attachment-large size-large\" alt=\"\" srcset=\"https:\/\/aurenweb-stg.servidortemporal.net\/de\/wp-content\/uploads\/2025\/03\/All-in-One-Bild-1-1024x853.webp 1024w, https:\/\/aurenweb-stg.servidortemporal.net\/de\/wp-content\/uploads\/2025\/03\/All-in-One-Bild-1-300x250.webp 300w, https:\/\/aurenweb-stg.servidortemporal.net\/de\/wp-content\/uploads\/2025\/03\/All-in-One-Bild-1-768x640.webp 768w, https:\/\/aurenweb-stg.servidortemporal.net\/de\/wp-content\/uploads\/2025\/03\/All-in-One-Bild-1.webp 1200w\" sizes=\"auto, (max-width: 640px) 100vw, 640px\" \/>                                            <\/span>\r\n                                                        <\/div>\r\n            <\/div>\r\n        <\/div>\r\n    <\/section>\r\n\r\n<\/section>\r\n\r\n\n\n<section id=\"Catalog-block_2f11ca56f8ec03ffb5c6e984c8884ea9\" class=\"Catalog\">\r\n\r\n    <section class=\"catalog\">\r\n        <div class=\"container\">\r\n            <div class=\"catalog_wrapper\">\r\n                <div class=\"catalog_content\">\r\n                    <div class=\"catalog_title\">\r\n                        <p class=''>Ihre Vorteile<\/p>\n                    <\/div>\r\n                    <div class=\"catalog_text\">\r\n                        <ol>\n<li>Ganzheitliche Betreuung<\/li>\n<li>Pers\u00f6nliche Betreuung aus einer Hand durch einen Ansprechpartner<\/li>\n<li>Umfassendes Fachwissen f\u00fcr den Mittelstand<\/li>\n<li>Nachhaltige Partnerschaften und langfristiges Vertrauen<\/li>\n<\/ol>\n                    <\/div>\r\n                <\/div>\r\n                <div class=\"catalog_media\">\r\n                    <img loading=\"lazy\" decoding=\"async\" width=\"640\" height=\"360\" src=\"https:\/\/aurenweb-stg.servidortemporal.net\/de\/wp-content\/uploads\/2025\/03\/abstract-background-design-rough-warm-alphabet-red-color-1024x576.webp\" class=\"catalog_media_image\" alt=\"\" srcset=\"https:\/\/aurenweb-stg.servidortemporal.net\/de\/wp-content\/uploads\/2025\/03\/abstract-background-design-rough-warm-alphabet-red-color-1024x576.webp 1024w, https:\/\/aurenweb-stg.servidortemporal.net\/de\/wp-content\/uploads\/2025\/03\/abstract-background-design-rough-warm-alphabet-red-color-300x169.webp 300w, https:\/\/aurenweb-stg.servidortemporal.net\/de\/wp-content\/uploads\/2025\/03\/abstract-background-design-rough-warm-alphabet-red-color-768x432.webp 768w, https:\/\/aurenweb-stg.servidortemporal.net\/de\/wp-content\/uploads\/2025\/03\/abstract-background-design-rough-warm-alphabet-red-color-1536x864.webp 1536w, https:\/\/aurenweb-stg.servidortemporal.net\/de\/wp-content\/uploads\/2025\/03\/abstract-background-design-rough-warm-alphabet-red-color-2048x1152.webp 2048w\" sizes=\"auto, (max-width: 640px) 100vw, 640px\" \/>                <\/div>\r\n            <\/div>\r\n        <\/div>\r\n    <\/section>\r\n    \r\n<\/section>\r\n\n\n<div id=\"TitleSubtitleText-block_29a4f81f6120050b91f521e99cff7db9\" class=\"TitleSubtitleText\">\n\n    <section class=\"headlines v1\">\n        <div class=\"container\">\n                        <div class=\"headlines_title\">\n                <p class=''>Unsere Leistungsbereiche<\/p>\n            <\/div>\n                                <\/div>\n    <\/section>\n\n<\/div>\n\n\n<div id=\"Accordion-block_91a08b3766ac0cfc4ff33f09cf0a7e98\" class=\"Accordion\">\n\n    <section class=\"accordion v2\">\n        <div class=\"container\">\n                        <div class=\"accordion_item\">\n                <a class=\"accordion_item_header\" href=\"#\">Gesch\u00e4ftst\u00e4tigkeit im Ausland<\/a>\n                <div class=\"accordion_item_content\">\n                    <div class=\"accordion_item_content_text\">\n                        <p>Beratung zu rechtlichen und steuerlichen Rahmenbedingungen, Unterst\u00fctzung bei notwendigen Registrierungen und Deklarationen.<\/p>\n                    <\/div>\n                <\/div>\n            <\/div>\n                        <div class=\"accordion_item\">\n                <a class=\"accordion_item_header\" href=\"#\">E-Commerce-Aktivit\u00e4ten<\/a>\n                <div class=\"accordion_item_content\">\n                    <div class=\"accordion_item_content_text\">\n                        <p>Spezialisierte Beratung zur rechtlichen und steuerlichen Gestaltung von Online-Gesch\u00e4ften im internationalen Kontext.<\/p>\n                    <\/div>\n                <\/div>\n            <\/div>\n                        <div class=\"accordion_item\">\n                <a class=\"accordion_item_header\" href=\"#\">Errichtung von Betriebsst\u00e4tten oder Zweigniederlassungen<\/a>\n                <div class=\"accordion_item_content\">\n                    <div class=\"accordion_item_content_text\">\n                        <p>Analyse und Unterst\u00fctzung bei der Einrichtung von Betriebsst\u00e4tten oder Zweigniederlassungen im Ausland, einschlie\u00dflich rechtlicher und steuerlicher Aspekte.<\/p>\n                    <\/div>\n                <\/div>\n            <\/div>\n                        <div class=\"accordion_item\">\n                <a class=\"accordion_item_header\" href=\"#\">Gr\u00fcndung von Tochtergesellschaften<\/a>\n                <div class=\"accordion_item_content\">\n                    <div class=\"accordion_item_content_text\">\n                        <p>Beratung bei der Gr\u00fcndung von Auslandsgesellschaften, einschlie\u00dflich Auswahl der Rechtsform, Erstellung von Gr\u00fcndungsunterlagen und Koordination des gesamten Prozesses.<\/p>\n                    <\/div>\n                <\/div>\n            <\/div>\n                        <div class=\"accordion_item\">\n                <a class=\"accordion_item_header\" href=\"#\">Joint Ventures mit lokalen Partnern<\/a>\n                <div class=\"accordion_item_content\">\n                    <div class=\"accordion_item_content_text\">\n                        <p>Unterst\u00fctzung bei der Gr\u00fcndung von Gemeinschaftsunternehmen mit lokalen Partnern, einschlie\u00dflich rechtlicher und steuerlicher Beratung.<\/p>\n                    <\/div>\n                <\/div>\n            <\/div>\n                        <div class=\"accordion_item\">\n                <a class=\"accordion_item_header\" href=\"#\">Unternehmenskauf im Ausland<\/a>\n                <div class=\"accordion_item_content\">\n                    <div class=\"accordion_item_content_text\">\n                        <p>Begleitung beim Erwerb bestehender Unternehmen im Zielland, einschlie\u00dflich Due Diligence, Vertragsgestaltung und Integration.<\/p>\n                    <\/div>\n                <\/div>\n            <\/div>\n                        <div class=\"accordion_item\">\n                <a class=\"accordion_item_header\" href=\"#\">Entsendung von Mitarbeitern<\/a>\n                <div class=\"accordion_item_content\">\n                    <div class=\"accordion_item_content_text\">\n                        <p>Beratung und Unterst\u00fctzung bei der Entsendung von Mitarbeitern ins Ausland, einschlie\u00dflich arbeitsrechtlicher Vereinbarungen, Visafragen, Lohnabrechnung und steuerlicher Aspekte.<\/p>\n                    <\/div>\n                <\/div>\n            <\/div>\n                    <\/div>\n    <\/section>\n\n<\/div>\n\n\n<section id=\"ImageTextV2-block_f92e671bfbc1294a469caf4158c7bf5a\" class=\"ImageTextV2\">\r\n\r\n    <div class=\"upcoming v2\">\r\n        <div class=\"container\">\r\n            <div class=\"upcoming_text\">\r\n                <div class=\"upcoming_title\">\r\n                    <p class=''>Bereit f\u00fcr gemeinsame Erfolge?<\/p>\n                <\/div>\r\n                <div class=\"upcoming_kicker\">\r\n                                    <\/div>\r\n            <\/div>\r\n            <div class=\"upcoming_media\">\r\n                <a class=\"button button-primary button-icon\" href=\"https:\/\/aurenweb-stg.servidortemporal.net\/de\/kontakt\/\" target=\"\">Kontakt<\/a>\r\n                <span class=\"upcoming_media_bg\"><img loading=\"lazy\" decoding=\"async\" width=\"640\" height=\"419\" src=\"https:\/\/aurenweb-stg.servidortemporal.net\/de\/wp-content\/uploads\/2024\/12\/bg-upcoming-media-v2-1.webp\" class=\"\" alt=\"\" srcset=\"https:\/\/aurenweb-stg.servidortemporal.net\/de\/wp-content\/uploads\/2024\/12\/bg-upcoming-media-v2-1.webp 684w, https:\/\/aurenweb-stg.servidortemporal.net\/de\/wp-content\/uploads\/2024\/12\/bg-upcoming-media-v2-1-300x196.webp 300w\" sizes=\"auto, (max-width: 640px) 100vw, 640px\" \/><\/span>\r\n            <\/div>\r\n        <\/div>\r\n    <\/div>\r\n\r\n<\/section>\r\n","protected":false},"excerpt":{"rendered":"","protected":false},"author":3,"featured_media":0,"parent":75241,"menu_order":4,"comment_status":"closed","ping_status":"closed","template":"","meta":{"_acf_changed":false,"footnotes":""},"class_list":["post-93686","page","type-page","status-publish","hentry"],"acf":[],"yoast_head":"<!-- This site is optimized with the Yoast SEO plugin v24.3 - https:\/\/yoast.com\/wordpress\/plugins\/seo\/ -->\n<title>International Desks<\/title>\n<meta name=\"description\" content=\"Unsere International Desks unterst\u00fctzen Unternehmen bei Markteintritt, Steuer- &amp; Rechtsberatung, Unternehmensgr\u00fcndung &amp; grenz\u00fcberschreitenden Transaktionen.\" \/>\n<meta name=\"robots\" content=\"noindex, follow, max-snippet:-1, max-image-preview:large, max-video-preview:-1\" \/>\n<meta property=\"og:locale\" content=\"de_DE\" \/>\n<meta property=\"og:type\" content=\"article\" \/>\n<meta property=\"og:title\" content=\"International Desks\" \/>\n<meta property=\"og:description\" content=\"Unsere International Desks unterst\u00fctzen Unternehmen bei Markteintritt, Steuer- &amp; Rechtsberatung, Unternehmensgr\u00fcndung &amp; grenz\u00fcberschreitenden Transaktionen.\" \/>\n<meta property=\"og:url\" content=\"https:\/\/aurenweb-stg.servidortemporal.net\/de\/all-in-one-loesungen\/international-desks\/\" \/>\n<meta property=\"og:site_name\" content=\"Auren Germany\" \/>\n<meta property=\"article:publisher\" content=\"https:\/\/www.facebook.com\/aurendeutschland\" \/>\n<meta property=\"article:modified_time\" content=\"2025-03-20T11:10:30+00:00\" \/>\n<meta name=\"twitter:card\" content=\"summary_large_image\" \/>\n<script type=\"application\/ld+json\" class=\"yoast-schema-graph\">{\"@context\":\"https:\/\/schema.org\",\"@graph\":[{\"@type\":\"WebPage\",\"@id\":\"https:\/\/aurenweb-stg.servidortemporal.net\/de\/all-in-one-loesungen\/international-desks\/\",\"url\":\"https:\/\/aurenweb-stg.servidortemporal.net\/de\/all-in-one-loesungen\/international-desks\/\",\"name\":\"International Desks\",\"isPartOf\":{\"@id\":\"https:\/\/aurenweb-stg.servidortemporal.net\/de\/#website\"},\"datePublished\":\"2025-03-14T14:48:09+00:00\",\"dateModified\":\"2025-03-20T11:10:30+00:00\",\"description\":\"Unsere International Desks unterst\u00fctzen Unternehmen bei Markteintritt, Steuer- & Rechtsberatung, Unternehmensgr\u00fcndung & grenz\u00fcberschreitenden Transaktionen.\",\"breadcrumb\":{\"@id\":\"https:\/\/aurenweb-stg.servidortemporal.net\/de\/all-in-one-loesungen\/international-desks\/#breadcrumb\"},\"inLanguage\":\"de\",\"potentialAction\":[{\"@type\":\"ReadAction\",\"target\":[\"https:\/\/aurenweb-stg.servidortemporal.net\/de\/all-in-one-loesungen\/international-desks\/\"]}]},{\"@type\":\"BreadcrumbList\",\"@id\":\"https:\/\/aurenweb-stg.servidortemporal.net\/de\/all-in-one-loesungen\/international-desks\/#breadcrumb\",\"itemListElement\":[{\"@type\":\"ListItem\",\"position\":1,\"name\":\"Home\",\"item\":\"https:\/\/aurenweb-stg.servidortemporal.net\/de\/\"},{\"@type\":\"ListItem\",\"position\":2,\"name\":\"All-in-One L\u00f6sungen\",\"item\":\"https:\/\/aurenweb-stg.servidortemporal.net\/de\/all-in-one-loesungen\/\"},{\"@type\":\"ListItem\",\"position\":3,\"name\":\"International Desks\"}]},{\"@type\":\"WebSite\",\"@id\":\"https:\/\/aurenweb-stg.servidortemporal.net\/de\/#website\",\"url\":\"https:\/\/aurenweb-stg.servidortemporal.net\/de\/\",\"name\":\"Auren\",\"description\":\"\",\"publisher\":{\"@id\":\"https:\/\/aurenweb-stg.servidortemporal.net\/de\/#organization\"},\"alternateName\":\"Auren\",\"potentialAction\":[{\"@type\":\"SearchAction\",\"target\":{\"@type\":\"EntryPoint\",\"urlTemplate\":\"https:\/\/aurenweb-stg.servidortemporal.net\/de\/?s={search_term_string}\"},\"query-input\":{\"@type\":\"PropertyValueSpecification\",\"valueRequired\":true,\"valueName\":\"search_term_string\"}}],\"inLanguage\":\"de\"},{\"@type\":\"Organization\",\"@id\":\"https:\/\/aurenweb-stg.servidortemporal.net\/de\/#organization\",\"name\":\"Auren Deutschland\",\"url\":\"https:\/\/aurenweb-stg.servidortemporal.net\/de\/\",\"logo\":{\"@type\":\"ImageObject\",\"inLanguage\":\"de\",\"@id\":\"https:\/\/aurenweb-stg.servidortemporal.net\/de\/#\/schema\/logo\/image\/\",\"url\":\"https:\/\/aurenweb-stg.servidortemporal.net\/de\/wp-content\/uploads\/2025\/01\/cropped-cropped-favicon-Auren.png\",\"contentUrl\":\"https:\/\/aurenweb-stg.servidortemporal.net\/de\/wp-content\/uploads\/2025\/01\/cropped-cropped-favicon-Auren.png\",\"width\":512,\"height\":512,\"caption\":\"Auren Deutschland\"},\"image\":{\"@id\":\"https:\/\/aurenweb-stg.servidortemporal.net\/de\/#\/schema\/logo\/image\/\"},\"sameAs\":[\"https:\/\/www.facebook.com\/aurendeutschland\",\"https:\/\/de.linkedin.com\/organization-guest\/company\/auren-deutschland\",\"https:\/\/www.youtube.com\/@aurendeutschland\",\"https:\/\/www.instagram.com\/aurendeutschland\/\"]}]}<\/script>\n<!-- \/ Yoast SEO plugin. -->","yoast_head_json":{"title":"International Desks","description":"Unsere International Desks unterst\u00fctzen Unternehmen bei Markteintritt, Steuer- & Rechtsberatung, Unternehmensgr\u00fcndung & grenz\u00fcberschreitenden Transaktionen.","robots":{"index":"noindex","follow":"follow","max-snippet":"max-snippet:-1","max-image-preview":"max-image-preview:large","max-video-preview":"max-video-preview:-1"},"og_locale":"de_DE","og_type":"article","og_title":"International Desks","og_description":"Unsere International Desks unterst\u00fctzen Unternehmen bei Markteintritt, Steuer- & Rechtsberatung, Unternehmensgr\u00fcndung & grenz\u00fcberschreitenden Transaktionen.","og_url":"https:\/\/aurenweb-stg.servidortemporal.net\/de\/all-in-one-loesungen\/international-desks\/","og_site_name":"Auren Germany","article_publisher":"https:\/\/www.facebook.com\/aurendeutschland","article_modified_time":"2025-03-20T11:10:30+00:00","twitter_card":"summary_large_image","schema":{"@context":"https:\/\/schema.org","@graph":[{"@type":"WebPage","@id":"https:\/\/aurenweb-stg.servidortemporal.net\/de\/all-in-one-loesungen\/international-desks\/","url":"https:\/\/aurenweb-stg.servidortemporal.net\/de\/all-in-one-loesungen\/international-desks\/","name":"International Desks","isPartOf":{"@id":"https:\/\/aurenweb-stg.servidortemporal.net\/de\/#website"},"datePublished":"2025-03-14T14:48:09+00:00","dateModified":"2025-03-20T11:10:30+00:00","description":"Unsere International Desks unterst\u00fctzen Unternehmen bei Markteintritt, Steuer- & Rechtsberatung, Unternehmensgr\u00fcndung & grenz\u00fcberschreitenden Transaktionen.","breadcrumb":{"@id":"https:\/\/aurenweb-stg.servidortemporal.net\/de\/all-in-one-loesungen\/international-desks\/#breadcrumb"},"inLanguage":"de","potentialAction":[{"@type":"ReadAction","target":["https:\/\/aurenweb-stg.servidortemporal.net\/de\/all-in-one-loesungen\/international-desks\/"]}]},{"@type":"BreadcrumbList","@id":"https:\/\/aurenweb-stg.servidortemporal.net\/de\/all-in-one-loesungen\/international-desks\/#breadcrumb","itemListElement":[{"@type":"ListItem","position":1,"name":"Home","item":"https:\/\/aurenweb-stg.servidortemporal.net\/de\/"},{"@type":"ListItem","position":2,"name":"All-in-One L\u00f6sungen","item":"https:\/\/aurenweb-stg.servidortemporal.net\/de\/all-in-one-loesungen\/"},{"@type":"ListItem","position":3,"name":"International Desks"}]},{"@type":"WebSite","@id":"https:\/\/aurenweb-stg.servidortemporal.net\/de\/#website","url":"https:\/\/aurenweb-stg.servidortemporal.net\/de\/","name":"Auren","description":"","publisher":{"@id":"https:\/\/aurenweb-stg.servidortemporal.net\/de\/#organization"},"alternateName":"Auren","potentialAction":[{"@type":"SearchAction","target":{"@type":"EntryPoint","urlTemplate":"https:\/\/aurenweb-stg.servidortemporal.net\/de\/?s={search_term_string}"},"query-input":{"@type":"PropertyValueSpecification","valueRequired":true,"valueName":"search_term_string"}}],"inLanguage":"de"},{"@type":"Organization","@id":"https:\/\/aurenweb-stg.servidortemporal.net\/de\/#organization","name":"Auren Deutschland","url":"https:\/\/aurenweb-stg.servidortemporal.net\/de\/","logo":{"@type":"ImageObject","inLanguage":"de","@id":"https:\/\/aurenweb-stg.servidortemporal.net\/de\/#\/schema\/logo\/image\/","url":"https:\/\/aurenweb-stg.servidortemporal.net\/de\/wp-content\/uploads\/2025\/01\/cropped-cropped-favicon-Auren.png","contentUrl":"https:\/\/aurenweb-stg.servidortemporal.net\/de\/wp-content\/uploads\/2025\/01\/cropped-cropped-favicon-Auren.png","width":512,"height":512,"caption":"Auren Deutschland"},"image":{"@id":"https:\/\/aurenweb-stg.servidortemporal.net\/de\/#\/schema\/logo\/image\/"},"sameAs":["https:\/\/www.facebook.com\/aurendeutschland","https:\/\/de.linkedin.com\/organization-guest\/company\/auren-deutschland","https:\/\/www.youtube.com\/@aurendeutschland","https:\/\/www.instagram.com\/aurendeutschland\/"]}]}},"_links":{"self":[{"href":"https:\/\/aurenweb-stg.servidortemporal.net\/de\/wp-json\/wp\/v2\/pages\/93686","targetHints":{"allow":["GET"]}}],"collection":[{"href":"https:\/\/aurenweb-stg.servidortemporal.net\/de\/wp-json\/wp\/v2\/pages"}],"about":[{"href":"https:\/\/aurenweb-stg.servidortemporal.net\/de\/wp-json\/wp\/v2\/types\/page"}],"author":[{"embeddable":true,"href":"https:\/\/aurenweb-stg.servidortemporal.net\/de\/wp-json\/wp\/v2\/users\/3"}],"replies":[{"embeddable":true,"href":"https:\/\/aurenweb-stg.servidortemporal.net\/de\/wp-json\/wp\/v2\/comments?post=93686"}],"version-history":[{"count":13,"href":"https:\/\/aurenweb-stg.servidortemporal.net\/de\/wp-json\/wp\/v2\/pages\/93686\/revisions"}],"predecessor-version":[{"id":106297,"href":"https:\/\/aurenweb-stg.servidortemporal.net\/de\/wp-json\/wp\/v2\/pages\/93686\/revisions\/106297"}],"up":[{"embeddable":true,"href":"https:\/\/aurenweb-stg.servidortemporal.net\/de\/wp-json\/wp\/v2\/pages\/75241"}],"wp:attachment":[{"href":"https:\/\/aurenweb-stg.servidortemporal.net\/de\/wp-json\/wp\/v2\/media?parent=93686"}],"curies":[{"name":"wp","href":"https:\/\/api.w.org\/{rel}","templated":true}]}}