{"id":11893,"date":"2025-01-10T11:49:48","date_gmt":"2025-01-10T10:49:48","guid":{"rendered":"https:\/\/aurenweb-stg.servidortemporal.net\/es\/?page_id=11893"},"modified":"2025-01-24T12:02:35","modified_gmt":"2025-01-24T11:02:35","slug":"proposito-vision-y-valores","status":"publish","type":"page","link":"https:\/\/aurenweb-stg.servidortemporal.net\/es\/conoce-auren\/proposito-vision-y-valores\/","title":{"rendered":"Prop\u00f3sito, Visi\u00f3n y Valores"},"content":{"rendered":"<section id=\"Header-block_de82778e85b3e33b2187b7520216b344\" class=\"Header\">\r\n\r\n    <div class=\"hero\">\r\n                <div class=\"container\">\r\n            <div class=\"hero_header\">\r\n                                \r\n                <div class=\"hero_header_title\">\r\n                    <p class=''>Prop\u00f3sito, Visi\u00f3n y<\/p>\n                <\/div>\r\n\r\n                                                \r\n                <div class=\"hero_header_title\">\r\n                    <p class='' style=\"text-align: right;\"><strong>Valores<\/strong><\/p>\n                <\/div>\r\n\r\n                                                \r\n                <div class=\"hero_header_subtitle\">\r\n                    <p style=\"text-align: right;\">En nuestra cultura son esenciales la honestidad, la transparencia y el cuidado de las personas<\/p>\n                <\/div>\r\n\r\n                                \r\n            <\/div>\r\n        <\/div>\r\n        \r\n                <picture>\r\n            <source data-srcset=\"https:\/\/aurenweb-stg.servidortemporal.net\/es\/wp-content\/uploads\/2024\/11\/bg-hero-aboutus-values-d.webp\"\r\n                media=\"(min-width: 1200px)\" \/>\r\n            <img decoding=\"async\" class=\"hero_bg lazyload\"\r\n                <img decoding=\"async\" width=\"640\" height=\"383\" data-src=\"https:\/\/aurenweb-stg.servidortemporal.net\/es\/wp-content\/uploads\/2024\/11\/bg-hero-aboutus-values-d-1024x612.webp\" class=\"hero_bg lazyload\" alt=\"\" data-srcset=\"https:\/\/aurenweb-stg.servidortemporal.net\/es\/wp-content\/uploads\/2024\/11\/bg-hero-aboutus-values-d-1024x612.webp 1024w, https:\/\/aurenweb-stg.servidortemporal.net\/es\/wp-content\/uploads\/2024\/11\/bg-hero-aboutus-values-d-300x179.webp 300w, https:\/\/aurenweb-stg.servidortemporal.net\/es\/wp-content\/uploads\/2024\/11\/bg-hero-aboutus-values-d-768x459.webp 768w, https:\/\/aurenweb-stg.servidortemporal.net\/es\/wp-content\/uploads\/2024\/11\/bg-hero-aboutus-values-d.webp 1200w\" data-sizes=\"auto\" src=\"data:image\/svg+xml;base64,PHN2ZyB3aWR0aD0iMSIgaGVpZ2h0PSIxIiB4bWxucz0iaHR0cDovL3d3dy53My5vcmcvMjAwMC9zdmciPjwvc3ZnPg==\" style=\"--smush-placeholder-width: 640px; --smush-placeholder-aspect-ratio: 640\/383;\" data-original-sizes=\"(max-width: 640px) 100vw, 640px\" \/>>\r\n        <\/picture>\r\n        \r\n                        <p class=\"hero_scroll\"><strong>Explorar m\u00e1s<\/strong> Despl\u00e1zate hacia abajo<\/p>\r\n                    <\/div>\r\n\r\n<\/section>\n\n\r\n<section id=\"Breadcrumbs-block_9ed2c4e7a0c5aebd64cbb17ebb0fa6e7\" class=\"Breadcrumbs\">\r\n    \r\n        <nav class=\"breads\" aria-label=\"Breadcrumb\">\r\n            <ul class=\"container\">\r\n                <li><a href=\"https:\/\/aurenweb-stg.servidortemporal.net\/es\">Home<\/a><\/li>\r\n                <li><span aria-current=\"page\">Prop\u00f3sito, Visi\u00f3n y Valores<\/span><\/li>            <\/ul>\r\n        <\/nav>\r\n\r\n                                                                                     \r\n    \r\n<\/section>\r\n\n\n<div id=\"TitleSubtitleText-block_b8e9a91be443a73f30f823a89ec68a7c\" class=\"TitleSubtitleText\">\n\n    <section class=\"headlines v2\">\n        <div class=\"container\">\n                        <div class=\"headlines_title\">\n                <p class=''>Experiencia, Integridad y Sostenibilidad<\/p>\n            <\/div>\n                                    <div class=\"headlines_content\">\n                                <div class=\"headlines_subtitle\">\n                    <p>Nuestros valores<\/p>\n                <\/div>\n                                                <div class=\"headlines_description\">\n                    <p>Defendemos que los servicios profesionales se pueden prestar con <strong>conciencia, humanidad e implicaci\u00f3n<\/strong>.<\/p>\n<p>Destacamos por nuestra <strong>cercan\u00eda<\/strong>, profesionalidad, capacidad de adaptaci\u00f3n y <strong>esp\u00edritu emprendedor<\/strong>. Somos empresarios al servicio de empresarios, siempre enfocados en ayudar a nuestros clientes a alcanzar su \u00e9xito.<\/p>\n                <\/div>\n                                            <\/div>\n                    <\/div>\n    <\/section>\n\n<\/div>\n\n\n\r\n<section id=\"Goals-block_ad541d5397a728b8cd607693249466b0\" class=\"Goals\">\r\n\r\n    \r\n    <section class=\"goals\">\r\n        <div class=\"container\">\r\n            <div class=\"goals_content\">\r\n                <ul class=\"goals_list \">\r\n                    \r\n            <li class=\"goals_list_item\">\r\n                <div class=\"goals_list_item_title\">\r\n                    <h3>Cercan\u00eda<\/h3>\r\n                <\/div>\r\n                <div class=\"goals_list_item_text\">\r\n                    <p>Estamos pr\u00f3ximos a los clientes y somos cercanos. Mantenemos con ellos un <strong>compromiso proactivo<\/strong>. Nos caracterizamos por la flexibilidad y disponibilidad permanente.<\/p>\n\r\n                <\/div>\r\n            <\/li>\r\n        \r\n            <li class=\"goals_list_item\">\r\n                <div class=\"goals_list_item_title\">\r\n                    <h3>Calidad<\/h3>\r\n                <\/div>\r\n                <div class=\"goals_list_item_text\">\r\n                    <p>La experiencia y especializaci\u00f3n de nuestros profesionales, as\u00ed como una actitud de <strong>escucha activa<\/strong> y una eficaz metodolog\u00eda de trabajo, garantizan nuestra excelencia.<\/p>\n\r\n                <\/div>\r\n            <\/li>\r\n        \r\n            <li class=\"goals_list_item\">\r\n                <div class=\"goals_list_item_title\">\r\n                    <h3>Innovaci\u00f3n<\/h3>\r\n                <\/div>\r\n                <div class=\"goals_list_item_text\">\r\n                    <p>Nuestro modelo de negocio, basado en el <strong>crecimiento<\/strong> constante, asegura la <strong>innovaci\u00f3n<\/strong> en la prestaci\u00f3n de servicios para cubrir todos los proyectos de nuestros clientes. Sabemos que el mundo est\u00e1 en continuo cambio y nos adaptamos.<\/p>\n\r\n                <\/div>\r\n            <\/li>\r\n        \r\n            <li class=\"goals_list_item\">\r\n                <div class=\"goals_list_item_title\">\r\n                    <h3>\u00c9tica profesional<\/h3>\r\n                <\/div>\r\n                <div class=\"goals_list_item_text\">\r\n                    <p>Todas nuestras actuaciones est\u00e1n presididas por la <strong>objetividad, la transparencia y la confidencialidad<\/strong>. El c\u00f3digo de conducta representa un compromiso y garant\u00eda de la honestidad de la que parte nuestra cultura.<\/p>\n\r\n                <\/div>\r\n            <\/li>\r\n        \r\n            <li class=\"goals_list_item\">\r\n                <div class=\"goals_list_item_title\">\r\n                    <h3>Esp\u00edritu emprendedor<\/h3>\r\n                <\/div>\r\n                <div class=\"goals_list_item_text\">\r\n                    <p>Somos empresarios al servicio de empresarios. Ayudamos a <strong>todo tipo de clientes<\/strong>. Con equipos especializados en diferentes sectores y tipos de organizaciones, abordamos cada reto desde una perspectiva <strong>multidisciplinar<\/strong>.<\/p>\n\r\n                <\/div>\r\n            <\/li>\r\n        \r\n            <li class=\"goals_list_item\">\r\n                <div class=\"goals_list_item_title\">\r\n                    <h3>Soluciones a medida<\/h3>\r\n                <\/div>\r\n                <div class=\"goals_list_item_text\">\r\n                    <p>Aportamos un valor diferencial a nuestros clientes al ofrecer <strong>soluciones personalizadas<\/strong> que optimizan sus operaciones y fomentan su crecimiento sostenible.<\/p>\n\r\n                <\/div>\r\n            <\/li>\r\n                        <\/ul>\r\n                <div class=\"goals_media\">\r\n                    <img decoding=\"async\" class=\"goals_media_image\" src=\"\" alt=\"\">                <\/div>\r\n            <\/div>\r\n        <\/div>\r\n    <\/section>\r\n\r\n        \r\n<\/section>\r\n\r\n\n\n<div id=\"TitleSubtitleText-block_266bde91c21850e98971ab423f140503\" class=\"TitleSubtitleText\">\n\n    <section class=\"headlines v1\">\n        <div class=\"container\">\n                        <div class=\"headlines_title\">\n                <p class=''>Innovaci\u00f3n, cultura humanista y sostenibilidad<\/p>\n            <\/div>\n                                    <div class=\"headlines_content\">\n                                                <div class=\"headlines_description\">\n                    <p>Nuestra visi\u00f3n es ser l\u00edderes mundiales en servicios profesionales, impulsando el \u00e9xito empresarial y fomentando al mismo tiempo el <strong>desarrollo sostenible<\/strong>. Nos esforzamos por ser un socio de confianza para las organizaciones que buscan soluciones innovadoras en un mundo que cambia r\u00e1pidamente. A trav\u00e9s de nuestro compromiso con la<strong> \u00e9tica y la responsabilidad social<\/strong>, aspiramos a crear un impacto positivo duradero.<\/p>\n<p><span data-teams=\"true\">\u00a0<\/span><\/p>\n                <\/div>\n                                            <\/div>\n                    <\/div>\n    <\/section>\n\n<\/div>\n\n\n\r\n<section id=\"AccordionCards-block_87e5979de7a040e98cd11da3b62c710c\" class=\"AccordionCards\">\r\n\r\n    \r\n    <section class=\"vision\">\r\n        <div class=\"container\"><ul class=\"vision_accordion\">\r\n            <li class=\"vision_accordion_item active\">\r\n                <div class=\"vision_accordion_item_title\">\r\n                    <p>Prop\u00f3sito<\/p>\r\n                <\/div>\r\n                <div class=\"vision_accordion_item_text\">\r\n                    <p><p>A trav\u00e9s de nuestro conocimiento, pasi\u00f3n y valores, contribuimos al desarrollo sostenible de las personas, las organizaciones y la sociedad.<\/p>\n<\/p>\r\n                <\/div>\r\n                <div class=\"vision_accordion_item_image\">\r\n                    <picture>\r\n                        <source data-srcset=\"https:\/\/aurenweb-stg.servidortemporal.net\/es\/wp-content\/uploads\/2025\/01\/bg-vision-1.webp\" media=\"(min-width: 1200px)\" \/>\r\n                        <img decoding=\"async\" width=\"692\" height=\"506\" data-src=\"https:\/\/aurenweb-stg.servidortemporal.net\/es\/wp-content\/uploads\/2025\/01\/bg-vision-1.webp\" class=\"attachment-full size-full lazyload\" alt=\"\" data-srcset=\"https:\/\/aurenweb-stg.servidortemporal.net\/es\/wp-content\/uploads\/2025\/01\/bg-vision-1.webp 692w, https:\/\/aurenweb-stg.servidortemporal.net\/es\/wp-content\/uploads\/2025\/01\/bg-vision-1-300x219.webp 300w\" data-sizes=\"auto\" src=\"data:image\/svg+xml;base64,PHN2ZyB3aWR0aD0iMSIgaGVpZ2h0PSIxIiB4bWxucz0iaHR0cDovL3d3dy53My5vcmcvMjAwMC9zdmciPjwvc3ZnPg==\" style=\"--smush-placeholder-width: 692px; --smush-placeholder-aspect-ratio: 692\/506;\" data-original-sizes=\"(max-width: 692px) 100vw, 692px\" \/>\r\n                    <\/picture>\r\n                <\/div>\r\n            <\/li>\r\n        \r\n            <li class=\"vision_accordion_item \">\r\n                <div class=\"vision_accordion_item_title\">\r\n                    <p>Visi\u00f3n<\/p>\r\n                <\/div>\r\n                <div class=\"vision_accordion_item_text\">\r\n                    <p><div>\n<div>Ser una firma de servicios profesionales internacional con una cultura humanista, reconocida como el mejor socio para todo tipo de empresas y personas.<\/div>\n<\/div>\n<\/p>\r\n                <\/div>\r\n                <div class=\"vision_accordion_item_image\">\r\n                    <picture>\r\n                        <source data-srcset=\"https:\/\/aurenweb-stg.servidortemporal.net\/es\/wp-content\/uploads\/2025\/01\/bg-vision-2.webp\" media=\"(min-width: 1200px)\" \/>\r\n                        <img decoding=\"async\" width=\"692\" height=\"506\" data-src=\"https:\/\/aurenweb-stg.servidortemporal.net\/es\/wp-content\/uploads\/2025\/01\/bg-vision-2.webp\" class=\"attachment-full size-full lazyload\" alt=\"\" data-srcset=\"https:\/\/aurenweb-stg.servidortemporal.net\/es\/wp-content\/uploads\/2025\/01\/bg-vision-2.webp 692w, https:\/\/aurenweb-stg.servidortemporal.net\/es\/wp-content\/uploads\/2025\/01\/bg-vision-2-300x219.webp 300w\" data-sizes=\"auto\" src=\"data:image\/svg+xml;base64,PHN2ZyB3aWR0aD0iMSIgaGVpZ2h0PSIxIiB4bWxucz0iaHR0cDovL3d3dy53My5vcmcvMjAwMC9zdmciPjwvc3ZnPg==\" style=\"--smush-placeholder-width: 692px; --smush-placeholder-aspect-ratio: 692\/506;\" data-original-sizes=\"(max-width: 692px) 100vw, 692px\" \/>\r\n                    <\/picture>\r\n                <\/div>\r\n            <\/li>\r\n        \r\n            <li class=\"vision_accordion_item \">\r\n                <div class=\"vision_accordion_item_title\">\r\n                    <p>Misi\u00f3n<\/p>\r\n                <\/div>\r\n                <div class=\"vision_accordion_item_text\">\r\n                    <p><div>\n<div>Proporcionar soluciones de negocio innovadoras y que generen valor para nuestros clientes a nivel global. Estamos comprometidos con la sociedad, y con nuestro equipo para que logre sus objetivos personales y encuentre su bienestar.<\/div>\n<\/div>\n<\/p>\r\n                <\/div>\r\n                <div class=\"vision_accordion_item_image\">\r\n                    <picture>\r\n                        <source data-srcset=\"https:\/\/aurenweb-stg.servidortemporal.net\/es\/wp-content\/uploads\/2025\/01\/bg-vision-3.webp\" media=\"(min-width: 1200px)\" \/>\r\n                        <img decoding=\"async\" width=\"692\" height=\"506\" data-src=\"https:\/\/aurenweb-stg.servidortemporal.net\/es\/wp-content\/uploads\/2025\/01\/bg-vision-3.webp\" class=\"attachment-full size-full lazyload\" alt=\"\" data-srcset=\"https:\/\/aurenweb-stg.servidortemporal.net\/es\/wp-content\/uploads\/2025\/01\/bg-vision-3.webp 692w, https:\/\/aurenweb-stg.servidortemporal.net\/es\/wp-content\/uploads\/2025\/01\/bg-vision-3-300x219.webp 300w\" data-sizes=\"auto\" src=\"data:image\/svg+xml;base64,PHN2ZyB3aWR0aD0iMSIgaGVpZ2h0PSIxIiB4bWxucz0iaHR0cDovL3d3dy53My5vcmcvMjAwMC9zdmciPjwvc3ZnPg==\" style=\"--smush-placeholder-width: 692px; --smush-placeholder-aspect-ratio: 692\/506;\" data-original-sizes=\"(max-width: 692px) 100vw, 692px\" \/>\r\n                    <\/picture>\r\n                <\/div>\r\n            <\/li>\r\n        <\/ul><\/div>\r\n    <\/section>\r\n\r\n        \r\n<\/section>\r\n\r\n\n\n\r\n<section id=\"Collaborators-block_42af7aa1e72a1ac78ace3a51ffce8fb1\" class=\"Collaborators\">\r\n\r\n    \r\n    <section class=\"collaborators\">\r\n        <div class=\"container\">\r\n            <div class=\"collaborators_content\">\r\n                                <div class=\"collaborators_title\">\r\n                    <h4 class=''>Certificaciones y reconocimientos<\/h4>\n                <\/div>\r\n                \r\n                                <div class=\"collaborators_description\">\r\n                    <p>A trav\u00e9s de la colaboraci\u00f3n permanente, creamos relaciones duraderas basadas en la confianza. <strong>No hay cliente peque\u00f1o, cada proyecto es \u00fanico.<\/strong><\/p>\n<p>Trabajamos para entender tus necesidades, aportar soluciones y ayudarte a <strong>cumplir tus objetivos<\/strong>.<\/p>\n<p>Nuestro mayor logro es la satisfacci\u00f3n de los clientes. Cada d\u00eda ayudamos a los <strong>m\u00e1s de 20.000 clientes<\/strong> que tenemos en todo el mundo a alcanzar sus metas.<\/p>\n                <\/div>\r\n                            <\/div>\r\n            <div class=\"collaborators_media\">\r\n                <span class=\"collaborators_media_item\"><img decoding=\"async\" data-src=\"https:\/\/aurenweb-stg.servidortemporal.net\/es\/wp-content\/uploads\/2025\/01\/example-logo-forum.svg\" class=\"attachment-full size-full lazyload\" alt=\"\" src=\"data:image\/svg+xml;base64,PHN2ZyB3aWR0aD0iMSIgaGVpZ2h0PSIxIiB4bWxucz0iaHR0cDovL3d3dy53My5vcmcvMjAwMC9zdmciPjwvc3ZnPg==\" \/><\/span><span class=\"collaborators_media_item\"><img decoding=\"async\" data-src=\"https:\/\/aurenweb-stg.servidortemporal.net\/es\/wp-content\/uploads\/2025\/01\/example-logo-goals.svg\" class=\"attachment-full size-full lazyload\" alt=\"\" src=\"data:image\/svg+xml;base64,PHN2ZyB3aWR0aD0iMSIgaGVpZ2h0PSIxIiB4bWxucz0iaHR0cDovL3d3dy53My5vcmcvMjAwMC9zdmciPjwvc3ZnPg==\" \/><\/span><span class=\"collaborators_media_item\"><img decoding=\"async\" data-src=\"https:\/\/aurenweb-stg.servidortemporal.net\/es\/wp-content\/uploads\/2025\/01\/example-logo-antea.svg\" class=\"attachment-full size-full lazyload\" alt=\"\" src=\"data:image\/svg+xml;base64,PHN2ZyB3aWR0aD0iMSIgaGVpZ2h0PSIxIiB4bWxucz0iaHR0cDovL3d3dy53My5vcmcvMjAwMC9zdmciPjwvc3ZnPg==\" \/><\/span><span class=\"collaborators_media_item\"><img decoding=\"async\" data-src=\"https:\/\/aurenweb-stg.servidortemporal.net\/es\/wp-content\/uploads\/2025\/01\/example-logo-legal.svg\" class=\"attachment-full size-full lazyload\" alt=\"\" src=\"data:image\/svg+xml;base64,PHN2ZyB3aWR0aD0iMSIgaGVpZ2h0PSIxIiB4bWxucz0iaHR0cDovL3d3dy53My5vcmcvMjAwMC9zdmciPjwvc3ZnPg==\" \/><\/span>            <\/div>\r\n        <\/div>\r\n    <\/section>\r\n\r\n        \r\n<\/section>\r\n\r\n","protected":false},"excerpt":{"rendered":"","protected":false},"author":2,"featured_media":0,"parent":11861,"menu_order":8,"comment_status":"closed","ping_status":"closed","template":"","meta":{"_acf_changed":false,"footnotes":""},"class_list":["post-11893","page","type-page","status-publish","hentry"],"acf":[],"yoast_head":"<!-- This site is optimized with the Yoast SEO plugin v27.0 - https:\/\/yoast.com\/product\/yoast-seo-wordpress\/ -->\n<title>Prop\u00f3sito, Visi\u00f3n y Valores - Auren<\/title>\n<meta name=\"robots\" content=\"noindex, follow, max-snippet:-1, max-image-preview:large, max-video-preview:-1\" \/>\n<meta property=\"og:locale\" content=\"es_ES\" \/>\n<meta property=\"og:type\" content=\"article\" \/>\n<meta property=\"og:title\" content=\"Prop\u00f3sito, Visi\u00f3n y Valores - Auren\" \/>\n<meta property=\"og:url\" content=\"https:\/\/aurenweb-stg.servidortemporal.net\/es\/conoce-auren\/proposito-vision-y-valores\/\" \/>\n<meta property=\"og:site_name\" content=\"Auren\" \/>\n<meta property=\"article:modified_time\" content=\"2025-01-24T11:02:35+00:00\" \/>\n<meta name=\"twitter:card\" content=\"summary_large_image\" \/>\n<meta name=\"twitter:site\" content=\"@auren_spain\" \/>\n<script type=\"application\/ld+json\" class=\"yoast-schema-graph\">{\"@context\":\"https:\/\/schema.org\",\"@graph\":[{\"@type\":\"WebPage\",\"@id\":\"https:\/\/aurenweb-stg.servidortemporal.net\/es\/conoce-auren\/proposito-vision-y-valores\/\",\"url\":\"https:\/\/aurenweb-stg.servidortemporal.net\/es\/conoce-auren\/proposito-vision-y-valores\/\",\"name\":\"Prop\u00f3sito, Visi\u00f3n y Valores - Auren\",\"isPartOf\":{\"@id\":\"https:\/\/aurenweb-stg.servidortemporal.net\/es\/#website\"},\"datePublished\":\"2025-01-10T10:49:48+00:00\",\"dateModified\":\"2025-01-24T11:02:35+00:00\",\"breadcrumb\":{\"@id\":\"https:\/\/aurenweb-stg.servidortemporal.net\/es\/conoce-auren\/proposito-vision-y-valores\/#breadcrumb\"},\"inLanguage\":\"es\",\"potentialAction\":[{\"@type\":\"ReadAction\",\"target\":[\"https:\/\/aurenweb-stg.servidortemporal.net\/es\/conoce-auren\/proposito-vision-y-valores\/\"]}]},{\"@type\":\"BreadcrumbList\",\"@id\":\"https:\/\/aurenweb-stg.servidortemporal.net\/es\/conoce-auren\/proposito-vision-y-valores\/#breadcrumb\",\"itemListElement\":[{\"@type\":\"ListItem\",\"position\":1,\"name\":\"Portada\",\"item\":\"https:\/\/aurenweb-stg.servidortemporal.net\/es\/\"},{\"@type\":\"ListItem\",\"position\":2,\"name\":\"Conoce Auren\",\"item\":\"https:\/\/aurenweb-stg.servidortemporal.net\/es\/conoce-auren\/\"},{\"@type\":\"ListItem\",\"position\":3,\"name\":\"Prop\u00f3sito, Visi\u00f3n y Valores\"}]},{\"@type\":\"WebSite\",\"@id\":\"https:\/\/aurenweb-stg.servidortemporal.net\/es\/#website\",\"url\":\"https:\/\/aurenweb-stg.servidortemporal.net\/es\/\",\"name\":\"Auren\",\"description\":\"\",\"publisher\":{\"@id\":\"https:\/\/aurenweb-stg.servidortemporal.net\/es\/#organization\"},\"alternateName\":\"Auren\",\"potentialAction\":[{\"@type\":\"SearchAction\",\"target\":{\"@type\":\"EntryPoint\",\"urlTemplate\":\"https:\/\/aurenweb-stg.servidortemporal.net\/es\/?s={search_term_string}\"},\"query-input\":{\"@type\":\"PropertyValueSpecification\",\"valueRequired\":true,\"valueName\":\"search_term_string\"}}],\"inLanguage\":\"es\"},{\"@type\":\"Organization\",\"@id\":\"https:\/\/aurenweb-stg.servidortemporal.net\/es\/#organization\",\"name\":\"Auren\",\"alternateName\":\"Auren\",\"url\":\"https:\/\/aurenweb-stg.servidortemporal.net\/es\/\",\"logo\":{\"@type\":\"ImageObject\",\"inLanguage\":\"es\",\"@id\":\"https:\/\/aurenweb-stg.servidortemporal.net\/es\/#\/schema\/logo\/image\/\",\"url\":\"https:\/\/aurenweb-stg.servidortemporal.net\/es\/wp-content\/uploads\/2025\/01\/cropped-cropped-favicon-Auren.png\",\"contentUrl\":\"https:\/\/aurenweb-stg.servidortemporal.net\/es\/wp-content\/uploads\/2025\/01\/cropped-cropped-favicon-Auren.png\",\"width\":512,\"height\":512,\"caption\":\"Auren\"},\"image\":{\"@id\":\"https:\/\/aurenweb-stg.servidortemporal.net\/es\/#\/schema\/logo\/image\/\"},\"sameAs\":[\"https:\/\/x.com\/auren_spain\",\"https:\/\/www.linkedin.com\/company\/aurenspainserviciosprofesionales\",\"https:\/\/www.youtube.com\/@AurenEsp\",\"https:\/\/www.instagram.com\/auren_spain\"]}]}<\/script>\n<!-- \/ Yoast SEO plugin. -->","yoast_head_json":{"title":"Prop\u00f3sito, Visi\u00f3n y Valores - Auren","robots":{"index":"noindex","follow":"follow","max-snippet":"max-snippet:-1","max-image-preview":"max-image-preview:large","max-video-preview":"max-video-preview:-1"},"og_locale":"es_ES","og_type":"article","og_title":"Prop\u00f3sito, Visi\u00f3n y Valores - Auren","og_url":"https:\/\/aurenweb-stg.servidortemporal.net\/es\/conoce-auren\/proposito-vision-y-valores\/","og_site_name":"Auren","article_modified_time":"2025-01-24T11:02:35+00:00","twitter_card":"summary_large_image","twitter_site":"@auren_spain","schema":{"@context":"https:\/\/schema.org","@graph":[{"@type":"WebPage","@id":"https:\/\/aurenweb-stg.servidortemporal.net\/es\/conoce-auren\/proposito-vision-y-valores\/","url":"https:\/\/aurenweb-stg.servidortemporal.net\/es\/conoce-auren\/proposito-vision-y-valores\/","name":"Prop\u00f3sito, Visi\u00f3n y Valores - Auren","isPartOf":{"@id":"https:\/\/aurenweb-stg.servidortemporal.net\/es\/#website"},"datePublished":"2025-01-10T10:49:48+00:00","dateModified":"2025-01-24T11:02:35+00:00","breadcrumb":{"@id":"https:\/\/aurenweb-stg.servidortemporal.net\/es\/conoce-auren\/proposito-vision-y-valores\/#breadcrumb"},"inLanguage":"es","potentialAction":[{"@type":"ReadAction","target":["https:\/\/aurenweb-stg.servidortemporal.net\/es\/conoce-auren\/proposito-vision-y-valores\/"]}]},{"@type":"BreadcrumbList","@id":"https:\/\/aurenweb-stg.servidortemporal.net\/es\/conoce-auren\/proposito-vision-y-valores\/#breadcrumb","itemListElement":[{"@type":"ListItem","position":1,"name":"Portada","item":"https:\/\/aurenweb-stg.servidortemporal.net\/es\/"},{"@type":"ListItem","position":2,"name":"Conoce Auren","item":"https:\/\/aurenweb-stg.servidortemporal.net\/es\/conoce-auren\/"},{"@type":"ListItem","position":3,"name":"Prop\u00f3sito, Visi\u00f3n y Valores"}]},{"@type":"WebSite","@id":"https:\/\/aurenweb-stg.servidortemporal.net\/es\/#website","url":"https:\/\/aurenweb-stg.servidortemporal.net\/es\/","name":"Auren","description":"","publisher":{"@id":"https:\/\/aurenweb-stg.servidortemporal.net\/es\/#organization"},"alternateName":"Auren","potentialAction":[{"@type":"SearchAction","target":{"@type":"EntryPoint","urlTemplate":"https:\/\/aurenweb-stg.servidortemporal.net\/es\/?s={search_term_string}"},"query-input":{"@type":"PropertyValueSpecification","valueRequired":true,"valueName":"search_term_string"}}],"inLanguage":"es"},{"@type":"Organization","@id":"https:\/\/aurenweb-stg.servidortemporal.net\/es\/#organization","name":"Auren","alternateName":"Auren","url":"https:\/\/aurenweb-stg.servidortemporal.net\/es\/","logo":{"@type":"ImageObject","inLanguage":"es","@id":"https:\/\/aurenweb-stg.servidortemporal.net\/es\/#\/schema\/logo\/image\/","url":"https:\/\/aurenweb-stg.servidortemporal.net\/es\/wp-content\/uploads\/2025\/01\/cropped-cropped-favicon-Auren.png","contentUrl":"https:\/\/aurenweb-stg.servidortemporal.net\/es\/wp-content\/uploads\/2025\/01\/cropped-cropped-favicon-Auren.png","width":512,"height":512,"caption":"Auren"},"image":{"@id":"https:\/\/aurenweb-stg.servidortemporal.net\/es\/#\/schema\/logo\/image\/"},"sameAs":["https:\/\/x.com\/auren_spain","https:\/\/www.linkedin.com\/company\/aurenspainserviciosprofesionales","https:\/\/www.youtube.com\/@AurenEsp","https:\/\/www.instagram.com\/auren_spain"]}]}},"_links":{"self":[{"href":"https:\/\/aurenweb-stg.servidortemporal.net\/es\/wp-json\/wp\/v2\/pages\/11893","targetHints":{"allow":["GET"]}}],"collection":[{"href":"https:\/\/aurenweb-stg.servidortemporal.net\/es\/wp-json\/wp\/v2\/pages"}],"about":[{"href":"https:\/\/aurenweb-stg.servidortemporal.net\/es\/wp-json\/wp\/v2\/types\/page"}],"author":[{"embeddable":true,"href":"https:\/\/aurenweb-stg.servidortemporal.net\/es\/wp-json\/wp\/v2\/users\/2"}],"replies":[{"embeddable":true,"href":"https:\/\/aurenweb-stg.servidortemporal.net\/es\/wp-json\/wp\/v2\/comments?post=11893"}],"version-history":[{"count":0,"href":"https:\/\/aurenweb-stg.servidortemporal.net\/es\/wp-json\/wp\/v2\/pages\/11893\/revisions"}],"up":[{"embeddable":true,"href":"https:\/\/aurenweb-stg.servidortemporal.net\/es\/wp-json\/wp\/v2\/pages\/11861"}],"wp:attachment":[{"href":"https:\/\/aurenweb-stg.servidortemporal.net\/es\/wp-json\/wp\/v2\/media?parent=11893"}],"curies":[{"name":"wp","href":"https:\/\/api.w.org\/{rel}","templated":true}]}}