{"id":11913,"date":"2025-01-10T11:58:06","date_gmt":"2025-01-10T10:58:06","guid":{"rendered":"https:\/\/aurenweb-stg.servidortemporal.net\/es\/?page_id=11913"},"modified":"2025-01-27T18:47:48","modified_gmt":"2025-01-27T17:47:48","slug":"responsabilidad-corporativa","status":"publish","type":"page","link":"https:\/\/aurenweb-stg.servidortemporal.net\/es\/conoce-auren\/responsabilidad-corporativa\/","title":{"rendered":"Responsabilidad corporativa"},"content":{"rendered":"<section id=\"Header-block_5c92e36655c6b8b9939f038745f65838\" class=\"Header\">\r\n\r\n    <div class=\"hero\">\r\n                <div class=\"container\">\r\n            <div class=\"hero_header\">\r\n                                \r\n                <div class=\"hero_header_title\">\r\n                    <p class=''><strong>Responsabilidad<\/strong><\/p>\n                <\/div>\r\n\r\n                                                \r\n                <div class=\"hero_header_title\">\r\n                    <p class='' style=\"text-align: right;\">Corporativa<\/p>\n                <\/div>\r\n\r\n                                                \r\n                <div class=\"hero_header_subtitle\">\r\n                    <p style=\"text-align: right;\">Contribuimos al Bienestar de la sociedad<\/p>\n                <\/div>\r\n\r\n                                \r\n            <\/div>\r\n        <\/div>\r\n        \r\n                <picture>\r\n            <source data-srcset=\"https:\/\/aurenweb-stg.servidortemporal.net\/es\/wp-content\/uploads\/2024\/11\/bg-hero-aboutus-corporate-d.webp\"\r\n                media=\"(min-width: 1200px)\" \/>\r\n            <img decoding=\"async\" class=\"hero_bg lazyload\"\r\n                <img decoding=\"async\" width=\"640\" height=\"383\" data-src=\"https:\/\/aurenweb-stg.servidortemporal.net\/es\/wp-content\/uploads\/2024\/11\/bg-hero-aboutus-corporate-d-1024x612.webp\" class=\"hero_bg lazyload\" alt=\"\" data-srcset=\"https:\/\/aurenweb-stg.servidortemporal.net\/es\/wp-content\/uploads\/2024\/11\/bg-hero-aboutus-corporate-d-1024x612.webp 1024w, https:\/\/aurenweb-stg.servidortemporal.net\/es\/wp-content\/uploads\/2024\/11\/bg-hero-aboutus-corporate-d-300x179.webp 300w, https:\/\/aurenweb-stg.servidortemporal.net\/es\/wp-content\/uploads\/2024\/11\/bg-hero-aboutus-corporate-d-768x459.webp 768w, https:\/\/aurenweb-stg.servidortemporal.net\/es\/wp-content\/uploads\/2024\/11\/bg-hero-aboutus-corporate-d.webp 1200w\" data-sizes=\"auto\" src=\"data:image\/svg+xml;base64,PHN2ZyB3aWR0aD0iMSIgaGVpZ2h0PSIxIiB4bWxucz0iaHR0cDovL3d3dy53My5vcmcvMjAwMC9zdmciPjwvc3ZnPg==\" style=\"--smush-placeholder-width: 640px; --smush-placeholder-aspect-ratio: 640\/383;\" data-original-sizes=\"(max-width: 640px) 100vw, 640px\" \/>>\r\n        <\/picture>\r\n        \r\n                        <p class=\"hero_scroll\"><strong>Explorar m\u00e1s<\/strong> Despl\u00e1zate hacia abajo<\/p>\r\n                    <\/div>\r\n\r\n<\/section>\n\n\r\n<section id=\"Breadcrumbs-block_c06eed136315e0406cf1bebdd42b0906\" class=\"Breadcrumbs\">\r\n    \r\n        <nav class=\"breads\" aria-label=\"Breadcrumb\">\r\n            <ul class=\"container\">\r\n                <li><a href=\"https:\/\/aurenweb-stg.servidortemporal.net\/es\">Home<\/a><\/li>\r\n                <li><span aria-current=\"page\">Responsabilidad corporativa<\/span><\/li>            <\/ul>\r\n        <\/nav>\r\n\r\n                                                                                     \r\n    \r\n<\/section>\r\n\n\n\r\n<section id=\"ImageText-block_41dc73b90042ea4345ff59083862ff06\" class=\"ImageText\">\r\n\r\n    <section class=\"info \">\r\n        <div class=\"container\">\r\n            <div class=\"info_text\">\r\n                <div class=\"info_title\">\r\n                    <p class=''>Impulsando el cambio<\/p>\n                <\/div>\r\n                <div class=\"info_description\">\r\n                    <p>La responsabilidad social est\u00e1 en nuestro ADN; es fundamental en nuestra cultura corporativa, siendo adem\u00e1s un valor compartido por todos nuestros profesionales. Estamos comprometidos en generar un i<strong>mpacto positivo en la sociedad<\/strong> y fomentar pr\u00e1cticas \u00e9ticas.<\/p>\n<p>Promover la responsabilidad social corporativa y las pr\u00e1cticas comerciales sostenibles es una de nuestras prioridades, as\u00ed como <strong>fomentar la inclusi\u00f3n y la diversidad<\/strong> en nuestra organizaci\u00f3n.<\/p>\n<p>Somos <strong>socialmente responsables<\/strong> al ser sostenibles y ayudamos a nuestros clientes tambi\u00e9n a serlo.<\/p>\n                <\/div>\r\n            <\/div>\r\n            <div class=\"info_media\">\r\n                <div class=\"info_media_item info_media_item-1\">\r\n                    <div class=\"info_media_item_text\"><span class=\"title\"><\/span><\/div>\r\n                    <div class=\"info_media_item_text_claim\"><\/div>\r\n                    <span class=\"info_media_item_bg\">\r\n                                                    <img decoding=\"async\" width=\"640\" height=\"366\" data-src=\"https:\/\/aurenweb-stg.servidortemporal.net\/es\/wp-content\/uploads\/2025\/01\/international-auren-media-banner-3-scaled-1-1024x585.webp\" class=\"attachment-large size-large lazyload\" alt=\"\" data-srcset=\"https:\/\/aurenweb-stg.servidortemporal.net\/es\/wp-content\/uploads\/2025\/01\/international-auren-media-banner-3-scaled-1-1024x585.webp 1024w, https:\/\/aurenweb-stg.servidortemporal.net\/es\/wp-content\/uploads\/2025\/01\/international-auren-media-banner-3-scaled-1-300x171.webp 300w, https:\/\/aurenweb-stg.servidortemporal.net\/es\/wp-content\/uploads\/2025\/01\/international-auren-media-banner-3-scaled-1-768x439.webp 768w, https:\/\/aurenweb-stg.servidortemporal.net\/es\/wp-content\/uploads\/2025\/01\/international-auren-media-banner-3-scaled-1-1536x878.webp 1536w, https:\/\/aurenweb-stg.servidortemporal.net\/es\/wp-content\/uploads\/2025\/01\/international-auren-media-banner-3-scaled-1-2048x1170.webp 2048w\" data-sizes=\"auto\" src=\"data:image\/svg+xml;base64,PHN2ZyB3aWR0aD0iMSIgaGVpZ2h0PSIxIiB4bWxucz0iaHR0cDovL3d3dy53My5vcmcvMjAwMC9zdmciPjwvc3ZnPg==\" style=\"--smush-placeholder-width: 640px; --smush-placeholder-aspect-ratio: 640\/366;\" data-original-sizes=\"(max-width: 640px) 100vw, 640px\" \/>                                            <\/span>\r\n                                                        <\/div>\r\n                <div class=\"info_media_claim\">\r\n                                    <\/div>\r\n                <div class=\"info_media_item info_media_item-2\">\r\n                    <div class=\"info_media_item_text\"><span class=\"title\"><\/span><\/div>\r\n                    <div class=\"info_media_item_text_claim\"><\/div>\r\n                    <span class=\"info_media_item_bg\">\r\n                                                    <img decoding=\"async\" width=\"640\" height=\"354\" data-src=\"https:\/\/aurenweb-stg.servidortemporal.net\/es\/wp-content\/uploads\/2025\/01\/image-text-5-scaled-1-1024x567.webp\" class=\"attachment-large size-large lazyload\" alt=\"\" data-srcset=\"https:\/\/aurenweb-stg.servidortemporal.net\/es\/wp-content\/uploads\/2025\/01\/image-text-5-scaled-1-1024x567.webp 1024w, https:\/\/aurenweb-stg.servidortemporal.net\/es\/wp-content\/uploads\/2025\/01\/image-text-5-scaled-1-300x166.webp 300w, https:\/\/aurenweb-stg.servidortemporal.net\/es\/wp-content\/uploads\/2025\/01\/image-text-5-scaled-1-768x425.webp 768w, https:\/\/aurenweb-stg.servidortemporal.net\/es\/wp-content\/uploads\/2025\/01\/image-text-5-scaled-1-1536x851.webp 1536w, https:\/\/aurenweb-stg.servidortemporal.net\/es\/wp-content\/uploads\/2025\/01\/image-text-5-scaled-1-2048x1134.webp 2048w\" data-sizes=\"auto\" src=\"data:image\/svg+xml;base64,PHN2ZyB3aWR0aD0iMSIgaGVpZ2h0PSIxIiB4bWxucz0iaHR0cDovL3d3dy53My5vcmcvMjAwMC9zdmciPjwvc3ZnPg==\" style=\"--smush-placeholder-width: 640px; --smush-placeholder-aspect-ratio: 640\/354;\" data-original-sizes=\"(max-width: 640px) 100vw, 640px\" \/>                                            <\/span>\r\n                                                        <\/div>\r\n            <\/div>\r\n        <\/div>\r\n    <\/section>\r\n\r\n<\/section>\r\n\r\n\n\n<div id=\"TitleSubtitleText-block_2566b944ce068d7ed3bd0f21d7bcb224\" class=\"TitleSubtitleText\">\n\n    <section class=\"headlines v2\">\n        <div class=\"container\">\n                        <div class=\"headlines_title\">\n                <p class=''>Servicios Profesionales con un Enfoque Humano<\/p>\n            <\/div>\n                                    <div class=\"headlines_content\">\n                                                <div class=\"headlines_description\">\n                    <p>Estamos convencidos de que las firmas profesionales desempe\u00f1an un papel clave para el progreso de la sociedad. Nos comprometemos a desarrollar una econom\u00eda \u00e9tica que promueva el bienestar poniendo siempre a las <strong>personas en el centro<\/strong> de todas las decisiones.<\/p>\n<p>Nuestra misi\u00f3n es construir una <strong>sociedad m\u00e1s pr\u00f3spera, justa y sostenible<\/strong>, respetando siempre la dignidad humana. Trabajamos para que las pr\u00e1cticas empresariales responsables impulsen el progreso y la gesti\u00f3n ambiental, generando un impacto positivo en la sociedad.<\/p>\n                <\/div>\n                                            <\/div>\n                    <\/div>\n    <\/section>\n\n<\/div>\n\n\n<div id=\"TitleSubtitleText-block_bcb546a768fad82ef2dc62fd2b743cff\" class=\"TitleSubtitleText\">\n\n    <section class=\"headlines v1\">\n        <div class=\"container\">\n                        <div class=\"headlines_title\">\n                <p class=''>Nuestro impacto directo<\/p>\n            <\/div>\n                                    <div class=\"headlines_content\">\n                                                <div class=\"headlines_description\">\n                    <div class=\"flex-shrink-0 flex flex-col relative items-end\">\n<div>\n<div class=\"pt-0\">\n<div class=\"gizmo-bot-avatar flex h-8 w-8 items-center justify-center overflow-hidden rounded-full\">\n<div class=\"relative p-1 rounded-sm flex items-center justify-center bg-token-main-surface-primary text-token-text-primary h-8 w-8\">En Auren, nuestro compromiso con el desarrollo social y empresarial se materializa a trav\u00e9s de dos iniciativas clave:<\/div>\n<\/div>\n<\/div>\n<\/div>\n<\/div>\n<div class=\"group\/conversation-turn relative flex w-full min-w-0 flex-col agent-turn\">\n<div class=\"flex-col gap-1 md:gap-3\">\n<div class=\"flex max-w-full flex-col flex-grow\">\n<div class=\"min-h-8 text-message flex w-full flex-col items-end gap-2 whitespace-normal break-words text-start [.text-message+&amp;]:mt-5\" dir=\"auto\" data-message-author-role=\"assistant\" data-message-id=\"1a3ac65c-12e3-42e6-a5e6-e81a21861ef2\" data-message-model-slug=\"gpt-4o\">\n<div class=\"flex w-full flex-col gap-1 empty:hidden first:pt-[3px]\">\n<div class=\"markdown prose w-full break-words dark:prose-invert light\">\n<p><a href=\"https:\/\/aurenfundacion.com\/\" target=\"_blank\" rel=\"noopener\"><strong>Fundaci\u00f3n Auren<\/strong><\/a>: tiene el objetivo de contribuir al desarrollo sostenible de la sociedad, facilitar el bienestar y la dignidad de las personas y la conservaci\u00f3n del entorno. Todo ello a trav\u00e9s de la promoci\u00f3n de la eficiencia y la responsabilidad de las organizaciones tanto p\u00fablicas como privadas, respetando y fomentando valores c\u00edvicos universales, humanos, culturales y sociales.<\/p>\n<p><a href=\"https:\/\/www.fundacionpersonasyempresas.org\/\" target=\"_blank\" rel=\"noopener\"><strong>Fundaci\u00f3n Personas y Empresas<\/strong><\/a>: tiene como misi\u00f3n crear un tejido empresarial comprometido con el desarrollo integral de las personas, fomentando el talento, la formaci\u00f3n y el bienestar en organizaciones.<\/p>\n<\/div>\n<\/div>\n<\/div>\n<\/div>\n<\/div>\n<\/div>\n                <\/div>\n                                            <\/div>\n                    <\/div>\n    <\/section>\n\n<\/div>\n\n\n<div id=\"CoverBanner-block_c8620d860e442797b82e9792d9bd35b4\" class=\"CoverBanner\">\n\n    <section class=\"cover\">\n        <div class=\"container\">\n            <div class=\"cover_content lazyload\" style=\"background-image:inherit;\" data-bg-image=\"url(&#039;https:\/\/aurenweb-stg.servidortemporal.net\/es\/wp-content\/uploads\/2025\/01\/example-cover.webp&#039;)\">\n                <div class=\"cover_title\">\n                    <h3 class=''>Comprometidos con la sociedad<\/h3>\n                <\/div>\n                <div class=\"cover_subtitle\">\n                    <h3 class=''>Impacto positivo<\/h3>\n                <\/div>\n                <div class=\"cover_description\">\n                    <p class=''>En nuestro trabajo diario, consideramos los intereses de nuestros socios, empleados, clientes y proveedores.<\/p>\n<p class=''>Nuestro objetivo es tener un impacto positivo en la sociedad y reforzar el bien com\u00fan, buscando el equilibrio entre las personas y su entorno.<\/p>\n                <\/div>\n            <\/div>\n        <\/div>\n    <\/section>\n\n<\/div>\n\n\n<section id=\"Newsletters-block_0e524f246a32989788044376cda19874\" class=\"Newsletters\">\r\n    <div class=\"newsletters\">\r\n        <div class=\"container\" data-per-page=\"6\" data-pagination=\"0\">\r\n            \r\n            <div class=\"newsletters_title\">\r\n                <h3 class=''>Peque\u00f1as acciones, gran impacto<\/h3>\n            <\/div>\r\n\r\n            <div class=\"newsletters_description\">\r\n                <p>Contribuimos al desarrollo de la sociedad para crear un mundo m\u00e1s pr\u00f3spero, justo y sostenible en el que sumamos todos. Estamos comprometidos con los 17 Objetivos de Desarrollo Sostenible de la ONU para un futuro mejor, tal como establece la Agenda 2030.<\/p>\n            <\/div>\r\n\r\n            <div class=\"newsletters_posts\"><\/div>\r\n\r\n            \r\n            \r\n            \r\n        <\/div>\r\n    <\/div>\r\n<\/section>\r\n","protected":false},"excerpt":{"rendered":"","protected":false},"author":2,"featured_media":0,"parent":11861,"menu_order":7,"comment_status":"closed","ping_status":"closed","template":"","meta":{"_acf_changed":false,"footnotes":""},"class_list":["post-11913","page","type-page","status-publish","hentry"],"acf":[],"yoast_head":"<!-- This site is optimized with the Yoast SEO plugin v27.0 - https:\/\/yoast.com\/product\/yoast-seo-wordpress\/ -->\n<title>Responsabilidad corporativa - Auren<\/title>\n<meta name=\"robots\" content=\"noindex, follow, max-snippet:-1, max-image-preview:large, max-video-preview:-1\" \/>\n<meta property=\"og:locale\" content=\"es_ES\" \/>\n<meta property=\"og:type\" content=\"article\" \/>\n<meta property=\"og:title\" content=\"Responsabilidad corporativa - Auren\" \/>\n<meta property=\"og:url\" content=\"https:\/\/aurenweb-stg.servidortemporal.net\/es\/conoce-auren\/responsabilidad-corporativa\/\" \/>\n<meta property=\"og:site_name\" content=\"Auren\" \/>\n<meta property=\"article:modified_time\" content=\"2025-01-27T17:47:48+00:00\" \/>\n<meta name=\"twitter:card\" content=\"summary_large_image\" \/>\n<meta name=\"twitter:site\" content=\"@auren_spain\" \/>\n<script type=\"application\/ld+json\" class=\"yoast-schema-graph\">{\"@context\":\"https:\/\/schema.org\",\"@graph\":[{\"@type\":\"WebPage\",\"@id\":\"https:\/\/aurenweb-stg.servidortemporal.net\/es\/conoce-auren\/responsabilidad-corporativa\/\",\"url\":\"https:\/\/aurenweb-stg.servidortemporal.net\/es\/conoce-auren\/responsabilidad-corporativa\/\",\"name\":\"Responsabilidad corporativa - Auren\",\"isPartOf\":{\"@id\":\"https:\/\/aurenweb-stg.servidortemporal.net\/es\/#website\"},\"datePublished\":\"2025-01-10T10:58:06+00:00\",\"dateModified\":\"2025-01-27T17:47:48+00:00\",\"breadcrumb\":{\"@id\":\"https:\/\/aurenweb-stg.servidortemporal.net\/es\/conoce-auren\/responsabilidad-corporativa\/#breadcrumb\"},\"inLanguage\":\"es\",\"potentialAction\":[{\"@type\":\"ReadAction\",\"target\":[\"https:\/\/aurenweb-stg.servidortemporal.net\/es\/conoce-auren\/responsabilidad-corporativa\/\"]}]},{\"@type\":\"BreadcrumbList\",\"@id\":\"https:\/\/aurenweb-stg.servidortemporal.net\/es\/conoce-auren\/responsabilidad-corporativa\/#breadcrumb\",\"itemListElement\":[{\"@type\":\"ListItem\",\"position\":1,\"name\":\"Portada\",\"item\":\"https:\/\/aurenweb-stg.servidortemporal.net\/es\/\"},{\"@type\":\"ListItem\",\"position\":2,\"name\":\"Conoce Auren\",\"item\":\"https:\/\/aurenweb-stg.servidortemporal.net\/es\/conoce-auren\/\"},{\"@type\":\"ListItem\",\"position\":3,\"name\":\"Responsabilidad corporativa\"}]},{\"@type\":\"WebSite\",\"@id\":\"https:\/\/aurenweb-stg.servidortemporal.net\/es\/#website\",\"url\":\"https:\/\/aurenweb-stg.servidortemporal.net\/es\/\",\"name\":\"Auren\",\"description\":\"\",\"publisher\":{\"@id\":\"https:\/\/aurenweb-stg.servidortemporal.net\/es\/#organization\"},\"alternateName\":\"Auren\",\"potentialAction\":[{\"@type\":\"SearchAction\",\"target\":{\"@type\":\"EntryPoint\",\"urlTemplate\":\"https:\/\/aurenweb-stg.servidortemporal.net\/es\/?s={search_term_string}\"},\"query-input\":{\"@type\":\"PropertyValueSpecification\",\"valueRequired\":true,\"valueName\":\"search_term_string\"}}],\"inLanguage\":\"es\"},{\"@type\":\"Organization\",\"@id\":\"https:\/\/aurenweb-stg.servidortemporal.net\/es\/#organization\",\"name\":\"Auren\",\"alternateName\":\"Auren\",\"url\":\"https:\/\/aurenweb-stg.servidortemporal.net\/es\/\",\"logo\":{\"@type\":\"ImageObject\",\"inLanguage\":\"es\",\"@id\":\"https:\/\/aurenweb-stg.servidortemporal.net\/es\/#\/schema\/logo\/image\/\",\"url\":\"https:\/\/aurenweb-stg.servidortemporal.net\/es\/wp-content\/uploads\/2025\/01\/cropped-cropped-favicon-Auren.png\",\"contentUrl\":\"https:\/\/aurenweb-stg.servidortemporal.net\/es\/wp-content\/uploads\/2025\/01\/cropped-cropped-favicon-Auren.png\",\"width\":512,\"height\":512,\"caption\":\"Auren\"},\"image\":{\"@id\":\"https:\/\/aurenweb-stg.servidortemporal.net\/es\/#\/schema\/logo\/image\/\"},\"sameAs\":[\"https:\/\/x.com\/auren_spain\",\"https:\/\/www.linkedin.com\/company\/aurenspainserviciosprofesionales\",\"https:\/\/www.youtube.com\/@AurenEsp\",\"https:\/\/www.instagram.com\/auren_spain\"]}]}<\/script>\n<!-- \/ Yoast SEO plugin. -->","yoast_head_json":{"title":"Responsabilidad corporativa - Auren","robots":{"index":"noindex","follow":"follow","max-snippet":"max-snippet:-1","max-image-preview":"max-image-preview:large","max-video-preview":"max-video-preview:-1"},"og_locale":"es_ES","og_type":"article","og_title":"Responsabilidad corporativa - Auren","og_url":"https:\/\/aurenweb-stg.servidortemporal.net\/es\/conoce-auren\/responsabilidad-corporativa\/","og_site_name":"Auren","article_modified_time":"2025-01-27T17:47:48+00:00","twitter_card":"summary_large_image","twitter_site":"@auren_spain","schema":{"@context":"https:\/\/schema.org","@graph":[{"@type":"WebPage","@id":"https:\/\/aurenweb-stg.servidortemporal.net\/es\/conoce-auren\/responsabilidad-corporativa\/","url":"https:\/\/aurenweb-stg.servidortemporal.net\/es\/conoce-auren\/responsabilidad-corporativa\/","name":"Responsabilidad corporativa - Auren","isPartOf":{"@id":"https:\/\/aurenweb-stg.servidortemporal.net\/es\/#website"},"datePublished":"2025-01-10T10:58:06+00:00","dateModified":"2025-01-27T17:47:48+00:00","breadcrumb":{"@id":"https:\/\/aurenweb-stg.servidortemporal.net\/es\/conoce-auren\/responsabilidad-corporativa\/#breadcrumb"},"inLanguage":"es","potentialAction":[{"@type":"ReadAction","target":["https:\/\/aurenweb-stg.servidortemporal.net\/es\/conoce-auren\/responsabilidad-corporativa\/"]}]},{"@type":"BreadcrumbList","@id":"https:\/\/aurenweb-stg.servidortemporal.net\/es\/conoce-auren\/responsabilidad-corporativa\/#breadcrumb","itemListElement":[{"@type":"ListItem","position":1,"name":"Portada","item":"https:\/\/aurenweb-stg.servidortemporal.net\/es\/"},{"@type":"ListItem","position":2,"name":"Conoce Auren","item":"https:\/\/aurenweb-stg.servidortemporal.net\/es\/conoce-auren\/"},{"@type":"ListItem","position":3,"name":"Responsabilidad corporativa"}]},{"@type":"WebSite","@id":"https:\/\/aurenweb-stg.servidortemporal.net\/es\/#website","url":"https:\/\/aurenweb-stg.servidortemporal.net\/es\/","name":"Auren","description":"","publisher":{"@id":"https:\/\/aurenweb-stg.servidortemporal.net\/es\/#organization"},"alternateName":"Auren","potentialAction":[{"@type":"SearchAction","target":{"@type":"EntryPoint","urlTemplate":"https:\/\/aurenweb-stg.servidortemporal.net\/es\/?s={search_term_string}"},"query-input":{"@type":"PropertyValueSpecification","valueRequired":true,"valueName":"search_term_string"}}],"inLanguage":"es"},{"@type":"Organization","@id":"https:\/\/aurenweb-stg.servidortemporal.net\/es\/#organization","name":"Auren","alternateName":"Auren","url":"https:\/\/aurenweb-stg.servidortemporal.net\/es\/","logo":{"@type":"ImageObject","inLanguage":"es","@id":"https:\/\/aurenweb-stg.servidortemporal.net\/es\/#\/schema\/logo\/image\/","url":"https:\/\/aurenweb-stg.servidortemporal.net\/es\/wp-content\/uploads\/2025\/01\/cropped-cropped-favicon-Auren.png","contentUrl":"https:\/\/aurenweb-stg.servidortemporal.net\/es\/wp-content\/uploads\/2025\/01\/cropped-cropped-favicon-Auren.png","width":512,"height":512,"caption":"Auren"},"image":{"@id":"https:\/\/aurenweb-stg.servidortemporal.net\/es\/#\/schema\/logo\/image\/"},"sameAs":["https:\/\/x.com\/auren_spain","https:\/\/www.linkedin.com\/company\/aurenspainserviciosprofesionales","https:\/\/www.youtube.com\/@AurenEsp","https:\/\/www.instagram.com\/auren_spain"]}]}},"_links":{"self":[{"href":"https:\/\/aurenweb-stg.servidortemporal.net\/es\/wp-json\/wp\/v2\/pages\/11913","targetHints":{"allow":["GET"]}}],"collection":[{"href":"https:\/\/aurenweb-stg.servidortemporal.net\/es\/wp-json\/wp\/v2\/pages"}],"about":[{"href":"https:\/\/aurenweb-stg.servidortemporal.net\/es\/wp-json\/wp\/v2\/types\/page"}],"author":[{"embeddable":true,"href":"https:\/\/aurenweb-stg.servidortemporal.net\/es\/wp-json\/wp\/v2\/users\/2"}],"replies":[{"embeddable":true,"href":"https:\/\/aurenweb-stg.servidortemporal.net\/es\/wp-json\/wp\/v2\/comments?post=11913"}],"version-history":[{"count":0,"href":"https:\/\/aurenweb-stg.servidortemporal.net\/es\/wp-json\/wp\/v2\/pages\/11913\/revisions"}],"up":[{"embeddable":true,"href":"https:\/\/aurenweb-stg.servidortemporal.net\/es\/wp-json\/wp\/v2\/pages\/11861"}],"wp:attachment":[{"href":"https:\/\/aurenweb-stg.servidortemporal.net\/es\/wp-json\/wp\/v2\/media?parent=11913"}],"curies":[{"name":"wp","href":"https:\/\/api.w.org\/{rel}","templated":true}]}}