{"id":5843,"date":"2025-01-05T16:39:58","date_gmt":"2025-01-05T15:39:58","guid":{"rendered":"https:\/\/auren.com\/mx\/?page_id=5843"},"modified":"2025-01-25T13:14:53","modified_gmt":"2025-01-25T12:14:53","slug":"news","status":"publish","type":"page","link":"https:\/\/aurenweb-stg.servidortemporal.net\/mx\/en\/trends\/news\/","title":{"rendered":"News"},"content":{"rendered":"<section id=\"Header-block_585b20ab45134adaaddd1b2de8ba9480\" class=\"Header\">\r\n\r\n    <div class=\"hero\">\r\n                <div class=\"container\">\r\n            <div class=\"hero_header\">\r\n                                \r\n                <div class=\"hero_header_title\">\r\n                    <h1 class=''>TRENDS<\/h1>\n                <\/div>\r\n\r\n                                                \r\n                <div class=\"hero_header_subtitle\">\r\n                    <p>IN OUR BLOG, YOU WILL FIND ARTICLES OF INTEREST ON OUR VARIOUS AREAS OF EXPERTISE.<\/p>\n                <\/div>\r\n\r\n                                \r\n            <\/div>\r\n        <\/div>\r\n        \r\n                <picture>\r\n            <source data-srcset=\"https:\/\/aurenweb-stg.servidortemporal.net\/mx\/wp-content\/uploads\/2025\/01\/news-banner.webp\"\r\n                media=\"(min-width: 1200px)\" \/>\r\n            <img decoding=\"async\" class=\"hero_bg lazyload\"\r\n                <img decoding=\"async\" width=\"640\" height=\"386\" data-src=\"https:\/\/aurenweb-stg.servidortemporal.net\/mx\/wp-content\/uploads\/2025\/01\/news-banner-1024x617.webp\" class=\"hero_bg lazyload\" alt=\"\" data-srcset=\"https:\/\/aurenweb-stg.servidortemporal.net\/mx\/wp-content\/uploads\/2025\/01\/news-banner-1024x617.webp 1024w, https:\/\/aurenweb-stg.servidortemporal.net\/mx\/wp-content\/uploads\/2025\/01\/news-banner-300x181.webp 300w, https:\/\/aurenweb-stg.servidortemporal.net\/mx\/wp-content\/uploads\/2025\/01\/news-banner-768x462.webp 768w, https:\/\/aurenweb-stg.servidortemporal.net\/mx\/wp-content\/uploads\/2025\/01\/news-banner-1536x925.webp 1536w, https:\/\/aurenweb-stg.servidortemporal.net\/mx\/wp-content\/uploads\/2025\/01\/news-banner.webp 1913w\" data-sizes=\"(max-width: 640px) 100vw, 640px\" src=\"data:image\/svg+xml;base64,PHN2ZyB3aWR0aD0iMSIgaGVpZ2h0PSIxIiB4bWxucz0iaHR0cDovL3d3dy53My5vcmcvMjAwMC9zdmciPjwvc3ZnPg==\" style=\"--smush-placeholder-width: 640px; --smush-placeholder-aspect-ratio: 640\/386;\" \/>>\r\n        <\/picture>\r\n        \r\n                        <p class=\"hero_scroll\"><strong>Explore More<\/strong> Scroll down<\/p>\r\n                    <\/div>\r\n\r\n<\/section>\n\n\r\n<section id=\"Breadcrumbs-block_6f884aa946088c44295465b5c6fd8600\" class=\"Breadcrumbs\">\r\n    \r\n        <nav class=\"breads\" aria-label=\"Breadcrumb\">\r\n            <ul class=\"container\">\r\n                <li><a href=\"https:\/\/aurenweb-stg.servidortemporal.net\/mx\/en\/\">Home<\/a><\/li>\r\n                <li><span aria-current=\"page\">News<\/span><\/li>            <\/ul>\r\n        <\/nav>\r\n\r\n                                                                                     \r\n    \r\n<\/section>\r\n\n\n<div id=\"TitleSubtitleText-block_ba306400ed04ef63c9cf61068be5cf3d\" class=\"TitleSubtitleText\">\n\n    <section class=\"headlines \">\n        <div class=\"container\">\n                        <div class=\"headlines_title\">\n                <h2 class=''>BOOST YOUR BUSINESS WITH EXPERT TIPS<\/h2>\n            <\/div>\n                                    <div class=\"headlines_content\">\n                                                <div class=\"headlines_description\">\n                    <p>Here is the information about different disciplines that will help you in your business and about the current market trends.<\/p>\n                <\/div>\n                                            <\/div>\n                    <\/div>\n    <\/section>\n\n<\/div>\n\n\n<div id=\"TrendsDistributive-block_f40ab9ca51cb2feeb7d32b417500649e\" class=\"TrendsDistributive\" data-per-page=\"9\" data-type=\"new\" data-tags=\"show\">\n\n    \n    <div class=\"categories\">\n        <div class=\"container\">\n            <div class=\"categories_title\">\n                <h2 class=''>CATEGORIES NEWS<\/h2>\n            <\/div>\n            <div class=\"categories_nav\">\n                <a class=\"categories_nav_button\" href=\"#\">Sort By Category<\/a>\n                <div class=\"categories_nav_content\">\n                    <div class=\"categories_nav_tags\">\n                        <span class=\"categories_nav_tags_item\">Blog<\/span>\n                    <\/div>\n                    <div class=\"categories_nav_list\">\n                        <label class=\"categories_nav_list_item\"><input class=\"categories_nav_list_check\" type=\"checkbox\" data-type=\"\" data-value=\"all\" checked><span class=\"categories_nav_list_text\">All Categories<\/span><\/label>\n                                            <\/div>\n                <\/div>\n            <\/div>\n        <\/div>\n    <\/div>\n        <div class=\"articles\">\n\n        <div class=\"container\">\n            \n            \n            \n        <\/div>\n    <\/div>\n\n    <div class=\"filters\">\n\n        <div class=\"container\">\n            <div class=\"filters_title\">\n                <h4 class=\"active\">News<\/h4>\n                            <\/div>\n            <div class=\"filters_nav\">\n\n                <div id=\"filters-search-panel\" class=\"filters_search\" role=\"search\" hidden>\n                    <input\n                            type=\"text\"\n                            class=\"filters_search_input\"\n                            placeholder=\"Buscar...\"\n                            value=\"\"\n                            aria-label=\"Buscar\"\n                    \/>\n                    <button type=\"button\" class=\"filters_search_clear\" aria-label=\"Limpiar b\u00fasqueda\"><\/button>\n                <\/div>\n                <button type=\"button\"\n                        class=\"filters_search_toggle\"\n                        aria-expanded=\"false\"\n                        aria-controls=\"filters-search-panel\"\n                        aria-label=\"Abrir buscador\">\n                <\/button>\n                <a class=\"filters_nav_button\" href=\"#\">Sort By<\/a>\n\n                <!-- Aqu\u00ed la lupa para buscar -->\n                <div class=\"filters_nav_content\">\n                    <div class=\"filters_nav_list\">\n                        <p class=\"filters_nav_list_title\">News<\/p>\n                        <label class=\"filters_nav_list_item\"><input class=\"filters_nav_list_check\" type=\"checkbox\" data-type=\"new\" checked><span class=\"filters_nav_list_text\">Newest<\/span><\/label>\n                        <label class=\"filters_nav_list_item\"><input class=\"filters_nav_list_check\" type=\"checkbox\" data-type=\"old\"><span class=\"filters_nav_list_text\">Oldest<\/span><\/label>\n                        <label class=\"filters_nav_list_item\"><input class=\"filters_nav_list_check\" type=\"checkbox\" data-type=\"a-z\"><span class=\"filters_nav_list_text\">A-Z<\/span><\/label>\n                        <label class=\"filters_nav_list_item\"><input class=\"filters_nav_list_check\" type=\"checkbox\" data-type=\"z-a\"><span class=\"filters_nav_list_text\">Z-A<\/span><\/label>\n                    <\/div>\n                <\/div>\n            <\/div>\n        <\/div>\n    <\/div>\n\n    <div class=\"articles\">\n        <div class=\"cards_loading\" hidden aria-hidden=\"true\">\n            <span class=\"spinner\" aria-label=\"Cargando\"><\/span>\n        <\/div>\n        <div class=\"container list\">\n            \n        <\/div>\n    <\/div>\n\n    <\/div>\n\n\n\r\n<section id=\"ContactForm-block_36e6b9076c542b4fd397f18cc9c7c756\" class=\"ContactForm\">\r\n\r\n    <div class=\"subscribe\">\r\n        <div class=\"container\">\r\n            <div class=\"subscribe_header lazyload\" style=\"background-image:inherit\" data-bg-image=\"url(&#039;https:\/\/aurenweb-stg.servidortemporal.net\/mx\/wp-content\/uploads\/2025\/01\/subscribe-image-1024x585.webp&#039;)\">\r\n                <div class=\"subscribe_header_title\">\r\n                    <h3>Don\u2019t miss our updates. Subscribe!<\/h3>\n                <\/div>\r\n                <div class=\"subscribe_header_kicker\">\r\n                    <span>BLOG<\/span>\r\n                <\/div>\r\n            <\/div>\r\n            <div class=\"subscribe_text\">\r\n                \n<div class=\"wpcf7 no-js\" id=\"wpcf7-f8440-o1\" lang=\"en-US\" dir=\"ltr\" data-wpcf7-id=\"8440\">\n<div class=\"screen-reader-response\"><p role=\"status\" aria-live=\"polite\" aria-atomic=\"true\"><\/p> <ul><\/ul><\/div>\n<form action=\"\/mx\/en\/wp-json\/wp\/v2\/pages\/5843#wpcf7-f8440-o1\" method=\"post\" class=\"wpcf7-form init\" aria-label=\"Contact form\" novalidate=\"novalidate\" data-status=\"init\">\n<fieldset class=\"hidden-fields-container\"><input type=\"hidden\" name=\"_wpcf7\" value=\"8440\" \/><input type=\"hidden\" name=\"_wpcf7_version\" value=\"6.1.4\" \/><input type=\"hidden\" name=\"_wpcf7_locale\" value=\"en_US\" \/><input type=\"hidden\" name=\"_wpcf7_unit_tag\" value=\"wpcf7-f8440-o1\" \/><input type=\"hidden\" name=\"_wpcf7_container_post\" value=\"0\" \/><input type=\"hidden\" name=\"_wpcf7_posted_data_hash\" value=\"\" \/><input type=\"hidden\" name=\"_wpcf7dtx_version\" value=\"5.0.4\" \/>\n<\/fieldset>\n<span class=\"wpcf7-form-control-wrap your-subject\" data-name=\"your-subject\"><input type=\"hidden\" name=\"your-subject\" class=\"wpcf7-form-control wpcf7-hidden wpcf7dtx wpcf7dtx-hidden\" aria-invalid=\"false\" value=\"Auren Mexico - Newsletter subscription\"><\/span>\n<p><input type=\"hidden\" name=\"token\" id=\"token\" \/>\n<\/p>\n<div class=\"subscribe_field subscribe_field-placeholder\">\n\t<p><span class=\"wpcf7-form-control-wrap\" data-name=\"name\"><input size=\"40\" maxlength=\"400\" class=\"wpcf7-form-control wpcf7-text wpcf7-validates-as-required\" id=\"name\" autocomplete=\"name\" aria-required=\"true\" aria-invalid=\"false\" value=\"\" type=\"text\" name=\"name\" \/><\/span><label for=\"name\">Nombre completo<span>*<\/span><\/label>\n\t<\/p>\n<\/div>\n<div class=\"subscribe_field subscribe_field-placeholder\">\n\t<p><span class=\"wpcf7-form-control-wrap\" data-name=\"validate_email\"><input size=\"40\" maxlength=\"400\" class=\"wpcf7-form-control wpcf7-email wpcf7-validates-as-required wpcf7-text wpcf7-validates-as-email\" id=\"validate_email\" autocomplete=\"email\" aria-required=\"true\" aria-invalid=\"false\" value=\"\" type=\"email\" name=\"validate_email\" \/><\/span><label for=\"validate_email\">Email<span>*<\/span><\/label>\n\t<\/p>\n<\/div>\n<div class=\"subscribe_field subscribe_field-select\">\n\t<p><label for=\"services\">Servicios<\/label><span class=\"wpcf7-form-control-wrap\" data-name=\"services\"><span class=\"wpcf7-form-control wpcf7-checkbox wpcf7-validates-as-required\"><span class=\"wpcf7-list-item first\"><label><input type=\"checkbox\" name=\"services[]\" value=\"5443\" \/><span class=\"wpcf7-list-item-label\">Audit<\/span><\/label><\/span><span class=\"wpcf7-list-item\"><label><input type=\"checkbox\" name=\"services[]\" value=\"5480\" \/><span class=\"wpcf7-list-item-label\">Consulting<\/span><\/label><\/span><span class=\"wpcf7-list-item\"><label><input type=\"checkbox\" name=\"services[]\" value=\"5502\" \/><span class=\"wpcf7-list-item-label\">Legal<\/span><\/label><\/span><span class=\"wpcf7-list-item last\"><label><input type=\"checkbox\" name=\"services[]\" value=\"5524\" \/><span class=\"wpcf7-list-item-label\">Taxes<\/span><\/label><\/span><\/span><\/span>\n\t<\/p>\n<\/div>\n<div class=\"subscribe_field subscribe_field-check\">\n\t<p><span class=\"wpcf7-form-control-wrap\" data-name=\"privacy\"><span class=\"wpcf7-form-control wpcf7-acceptance\"><span class=\"wpcf7-list-item\"><label><input type=\"checkbox\" name=\"privacy\" value=\"1\" aria-invalid=\"false\" \/><span class=\"wpcf7-list-item-label\">He le\u00eddo y acepto el\u00a0\u00a0<a href=\"https:\/\/aurenweb-stg.servidortemporal.net\/mx\/aviso-legal\/\">aviso legal<\/a>\u00a0y la\u00a0<a href=\"https:\/\/aurenweb-stg.servidortemporal.net\/mx\/politica-de-privacidad\/\">Pol\u00edtica de Privacidad.<\/a><span>*<\/span><\/span><\/label><\/span><\/span><\/span>\n\t<\/p>\n<\/div>\n<div class=\"subscribe_note\">\n\t<p>Mediante la marcaci\u00f3n de la casilla \u201cHe le\u00eddo y acepto el aviso legal y la Pol\u00edtica de Privacidad\u201d y haciendo clic en el bot\u00f3n \u201cenviar\u201d usted est\u00e1 prestando su consentimiento expreso e inequ\u00edvoco para que sus datos sean tratados por Auren con el objeto de dar respuesta a su mensaje y\/o gestionar su consulta. Sus datos no ser\u00e1n cedidos terceros ajenos al Grupo Auren y ser\u00e1n conservados mientras dure la finalidad para la que fueron remitidos. En cualquier caso, podr\u00e1 consultar m\u00e1s informaci\u00f3n acerca del ejercicio de los derechos de acceso, rectificaci\u00f3n, supresi\u00f3n, portabilidad, limitaci\u00f3n y oposici\u00f3n al tratamiento de sus datos personales y sobre el tratamiento de sus datos en nuestra\u202f<a href=\"https:\/\/aurenweb-stg.servidortemporal.net\/mx\/politica-de-privacidad\/\">Pol\u00edtica de Privacidad.<\/a>\n\t<\/p>\n<\/div>\n<div>\n\t<p><button type=\"submit\" class=\"wpcf7-form-control wpcf7-submit button button-primary button-icon\">Suscribirse<\/button>\n\t<\/p>\n<\/div><div class=\"wpcf7-response-output\" aria-hidden=\"true\"><\/div>\n<\/form>\n<\/div>\n            <\/div>\r\n        <\/div>\r\n    <\/div>\r\n\r\n<\/section>\n\n<div id=\"Share-block_a615560f5ce9261b9727c14960af00d0\" class=\"Share\">\n    <div class=\"sharer\">\n        <div class=\"container center\">\n            <h3 class='sharer_text'>Follow us on our international social media channels.<\/h3>\n            <nav class=\"sharer_nav\">\n                                                <a class=\"sharer_nav_item share_nav_item_0\" href=\"https:\/\/www.linkedin.com\/company\/auren-m%C3%A9xico\"\n                    target=\"_blank\">Linkedin<\/a>\n                <style>\n                .Share .share_nav_item_0 {\n                    background-image: url(https:\/\/aurenweb-stg.servidortemporal.net\/mx\/wp-content\/uploads\/2025\/01\/linkedin_icon.svg);\n                }\n\n                .Share .share_nav_item_0:hover {\n                    background-image: url(https:\/\/aurenweb-stg.servidortemporal.net\/mx\/wp-content\/uploads\/2025\/01\/linkedin_icon_white.svg);\n                }\n                <\/style>\n                \n                                                <a class=\"sharer_nav_item share_nav_item_1\" href=\"https:\/\/www.youtube.com\/channel\/UCcXaG4Mj_-dazS7WAz2qvKQ\"\n                    target=\"_blank\">Youtube<\/a>\n                <style>\n                .Share .share_nav_item_1 {\n                    background-image: url(https:\/\/aurenweb-stg.servidortemporal.net\/mx\/wp-content\/uploads\/2025\/01\/ico-youtube-contrast.svg);\n                }\n\n                .Share .share_nav_item_1:hover {\n                    background-image: url(https:\/\/aurenweb-stg.servidortemporal.net\/mx\/wp-content\/uploads\/2025\/01\/ico-youtube.svg);\n                }\n                <\/style>\n                \n                                                <a class=\"sharer_nav_item share_nav_item_2\" href=\"https:\/\/www.facebook.com\/AurenMexico\/\"\n                    target=\"_blank\">Facebook<\/a>\n                <style>\n                .Share .share_nav_item_2 {\n                    background-image: url(https:\/\/aurenweb-stg.servidortemporal.net\/mx\/wp-content\/uploads\/2025\/01\/ico-facebook-contrast.svg);\n                }\n\n                .Share .share_nav_item_2:hover {\n                    background-image: url(https:\/\/aurenweb-stg.servidortemporal.net\/mx\/wp-content\/uploads\/2025\/01\/ico-facebook.svg);\n                }\n                <\/style>\n                \n                            <\/nav>\n        <\/div>\n    <\/div>\n<\/div>","protected":false},"excerpt":{"rendered":"","protected":false},"author":2,"featured_media":0,"parent":5833,"menu_order":0,"comment_status":"closed","ping_status":"closed","template":"","meta":{"_acf_changed":false,"footnotes":""},"class_list":["post-5843","page","type-page","status-publish","hentry"],"acf":[],"yoast_head":"<!-- This site is optimized with the Yoast SEO plugin v26.7 - https:\/\/yoast.com\/wordpress\/plugins\/seo\/ -->\n<title>News - Auren M\u00e9xico<\/title>\n<meta name=\"robots\" content=\"noindex, follow, max-snippet:-1, max-image-preview:large, max-video-preview:-1\" \/>\n<meta property=\"og:locale\" content=\"en_US\" \/>\n<meta property=\"og:type\" content=\"article\" \/>\n<meta property=\"og:title\" content=\"News - Auren M\u00e9xico\" \/>\n<meta property=\"og:url\" content=\"https:\/\/aurenweb-stg.servidortemporal.net\/mx\/en\/trends\/news\/\" \/>\n<meta property=\"og:site_name\" content=\"Auren M\u00e9xico\" \/>\n<meta property=\"article:publisher\" content=\"https:\/\/www.facebook.com\/AurenMexico\/\" \/>\n<meta property=\"article:modified_time\" content=\"2025-01-25T12:14:53+00:00\" \/>\n<meta name=\"twitter:card\" content=\"summary_large_image\" \/>\n<meta name=\"twitter:site\" content=\"@Auren_Mexico\" \/>\n<script type=\"application\/ld+json\" class=\"yoast-schema-graph\">{\"@context\":\"https:\/\/schema.org\",\"@graph\":[{\"@type\":\"WebPage\",\"@id\":\"https:\/\/aurenweb-stg.servidortemporal.net\/mx\/en\/trends\/news\/\",\"url\":\"https:\/\/aurenweb-stg.servidortemporal.net\/mx\/en\/trends\/news\/\",\"name\":\"News - Auren M\u00e9xico\",\"isPartOf\":{\"@id\":\"https:\/\/aurenweb-stg.servidortemporal.net\/mx\/en\/#website\"},\"datePublished\":\"2025-01-05T15:39:58+00:00\",\"dateModified\":\"2025-01-25T12:14:53+00:00\",\"breadcrumb\":{\"@id\":\"https:\/\/aurenweb-stg.servidortemporal.net\/mx\/en\/trends\/news\/#breadcrumb\"},\"inLanguage\":\"en-US\",\"potentialAction\":[{\"@type\":\"ReadAction\",\"target\":[\"https:\/\/aurenweb-stg.servidortemporal.net\/mx\/en\/trends\/news\/\"]}]},{\"@type\":\"BreadcrumbList\",\"@id\":\"https:\/\/aurenweb-stg.servidortemporal.net\/mx\/en\/trends\/news\/#breadcrumb\",\"itemListElement\":[{\"@type\":\"ListItem\",\"position\":1,\"name\":\"Portada\",\"item\":\"https:\/\/aurenweb-stg.servidortemporal.net\/mx\/en\/\"},{\"@type\":\"ListItem\",\"position\":2,\"name\":\"Trends\",\"item\":\"https:\/\/aurenweb-stg.servidortemporal.net\/mx\/en\/trends\/\"},{\"@type\":\"ListItem\",\"position\":3,\"name\":\"News\"}]},{\"@type\":\"WebSite\",\"@id\":\"https:\/\/aurenweb-stg.servidortemporal.net\/mx\/en\/#website\",\"url\":\"https:\/\/aurenweb-stg.servidortemporal.net\/mx\/en\/\",\"name\":\"Auren Mexico\",\"description\":\"\",\"publisher\":{\"@id\":\"https:\/\/aurenweb-stg.servidortemporal.net\/mx\/en\/#organization\"},\"potentialAction\":[{\"@type\":\"SearchAction\",\"target\":{\"@type\":\"EntryPoint\",\"urlTemplate\":\"https:\/\/aurenweb-stg.servidortemporal.net\/mx\/en\/?s={search_term_string}\"},\"query-input\":{\"@type\":\"PropertyValueSpecification\",\"valueRequired\":true,\"valueName\":\"search_term_string\"}}],\"inLanguage\":\"en-US\"},{\"@type\":\"Organization\",\"@id\":\"https:\/\/aurenweb-stg.servidortemporal.net\/mx\/en\/#organization\",\"name\":\"Auren Mexico\",\"url\":\"https:\/\/aurenweb-stg.servidortemporal.net\/mx\/en\/\",\"logo\":{\"@type\":\"ImageObject\",\"inLanguage\":\"en-US\",\"@id\":\"https:\/\/aurenweb-stg.servidortemporal.net\/mx\/en\/#\/schema\/logo\/image\/\",\"url\":\"https:\/\/aurenweb-stg.servidortemporal.net\/mx\/wp-content\/uploads\/2025\/01\/cropped-cropped-favicon-Auren.png\",\"contentUrl\":\"https:\/\/aurenweb-stg.servidortemporal.net\/mx\/wp-content\/uploads\/2025\/01\/cropped-cropped-favicon-Auren.png\",\"width\":512,\"height\":512,\"caption\":\"Auren Mexico\"},\"image\":{\"@id\":\"https:\/\/aurenweb-stg.servidortemporal.net\/mx\/en\/#\/schema\/logo\/image\/\"},\"sameAs\":[\"https:\/\/www.facebook.com\/AurenMexico\/\",\"https:\/\/x.com\/Auren_Mexico\",\"https:\/\/www.youtube.com\/channel\/UCcXaG4Mj_-dazS7WAz2qvKQ\",\"https:\/\/www.linkedin.com\/company\/auren-mxico\"]}]}<\/script>\n<!-- \/ Yoast SEO plugin. -->","yoast_head_json":{"title":"News - Auren M\u00e9xico","robots":{"index":"noindex","follow":"follow","max-snippet":"max-snippet:-1","max-image-preview":"max-image-preview:large","max-video-preview":"max-video-preview:-1"},"og_locale":"en_US","og_type":"article","og_title":"News - Auren M\u00e9xico","og_url":"https:\/\/aurenweb-stg.servidortemporal.net\/mx\/en\/trends\/news\/","og_site_name":"Auren M\u00e9xico","article_publisher":"https:\/\/www.facebook.com\/AurenMexico\/","article_modified_time":"2025-01-25T12:14:53+00:00","twitter_card":"summary_large_image","twitter_site":"@Auren_Mexico","schema":{"@context":"https:\/\/schema.org","@graph":[{"@type":"WebPage","@id":"https:\/\/aurenweb-stg.servidortemporal.net\/mx\/en\/trends\/news\/","url":"https:\/\/aurenweb-stg.servidortemporal.net\/mx\/en\/trends\/news\/","name":"News - Auren M\u00e9xico","isPartOf":{"@id":"https:\/\/aurenweb-stg.servidortemporal.net\/mx\/en\/#website"},"datePublished":"2025-01-05T15:39:58+00:00","dateModified":"2025-01-25T12:14:53+00:00","breadcrumb":{"@id":"https:\/\/aurenweb-stg.servidortemporal.net\/mx\/en\/trends\/news\/#breadcrumb"},"inLanguage":"en-US","potentialAction":[{"@type":"ReadAction","target":["https:\/\/aurenweb-stg.servidortemporal.net\/mx\/en\/trends\/news\/"]}]},{"@type":"BreadcrumbList","@id":"https:\/\/aurenweb-stg.servidortemporal.net\/mx\/en\/trends\/news\/#breadcrumb","itemListElement":[{"@type":"ListItem","position":1,"name":"Portada","item":"https:\/\/aurenweb-stg.servidortemporal.net\/mx\/en\/"},{"@type":"ListItem","position":2,"name":"Trends","item":"https:\/\/aurenweb-stg.servidortemporal.net\/mx\/en\/trends\/"},{"@type":"ListItem","position":3,"name":"News"}]},{"@type":"WebSite","@id":"https:\/\/aurenweb-stg.servidortemporal.net\/mx\/en\/#website","url":"https:\/\/aurenweb-stg.servidortemporal.net\/mx\/en\/","name":"Auren Mexico","description":"","publisher":{"@id":"https:\/\/aurenweb-stg.servidortemporal.net\/mx\/en\/#organization"},"potentialAction":[{"@type":"SearchAction","target":{"@type":"EntryPoint","urlTemplate":"https:\/\/aurenweb-stg.servidortemporal.net\/mx\/en\/?s={search_term_string}"},"query-input":{"@type":"PropertyValueSpecification","valueRequired":true,"valueName":"search_term_string"}}],"inLanguage":"en-US"},{"@type":"Organization","@id":"https:\/\/aurenweb-stg.servidortemporal.net\/mx\/en\/#organization","name":"Auren Mexico","url":"https:\/\/aurenweb-stg.servidortemporal.net\/mx\/en\/","logo":{"@type":"ImageObject","inLanguage":"en-US","@id":"https:\/\/aurenweb-stg.servidortemporal.net\/mx\/en\/#\/schema\/logo\/image\/","url":"https:\/\/aurenweb-stg.servidortemporal.net\/mx\/wp-content\/uploads\/2025\/01\/cropped-cropped-favicon-Auren.png","contentUrl":"https:\/\/aurenweb-stg.servidortemporal.net\/mx\/wp-content\/uploads\/2025\/01\/cropped-cropped-favicon-Auren.png","width":512,"height":512,"caption":"Auren Mexico"},"image":{"@id":"https:\/\/aurenweb-stg.servidortemporal.net\/mx\/en\/#\/schema\/logo\/image\/"},"sameAs":["https:\/\/www.facebook.com\/AurenMexico\/","https:\/\/x.com\/Auren_Mexico","https:\/\/www.youtube.com\/channel\/UCcXaG4Mj_-dazS7WAz2qvKQ","https:\/\/www.linkedin.com\/company\/auren-mxico"]}]}},"_links":{"self":[{"href":"https:\/\/aurenweb-stg.servidortemporal.net\/mx\/en\/wp-json\/wp\/v2\/pages\/5843","targetHints":{"allow":["GET"]}}],"collection":[{"href":"https:\/\/aurenweb-stg.servidortemporal.net\/mx\/en\/wp-json\/wp\/v2\/pages"}],"about":[{"href":"https:\/\/aurenweb-stg.servidortemporal.net\/mx\/en\/wp-json\/wp\/v2\/types\/page"}],"author":[{"embeddable":true,"href":"https:\/\/aurenweb-stg.servidortemporal.net\/mx\/en\/wp-json\/wp\/v2\/users\/2"}],"replies":[{"embeddable":true,"href":"https:\/\/aurenweb-stg.servidortemporal.net\/mx\/en\/wp-json\/wp\/v2\/comments?post=5843"}],"version-history":[{"count":2,"href":"https:\/\/aurenweb-stg.servidortemporal.net\/mx\/en\/wp-json\/wp\/v2\/pages\/5843\/revisions"}],"predecessor-version":[{"id":8456,"href":"https:\/\/aurenweb-stg.servidortemporal.net\/mx\/en\/wp-json\/wp\/v2\/pages\/5843\/revisions\/8456"}],"up":[{"embeddable":true,"href":"https:\/\/aurenweb-stg.servidortemporal.net\/mx\/en\/wp-json\/wp\/v2\/pages\/5833"}],"wp:attachment":[{"href":"https:\/\/aurenweb-stg.servidortemporal.net\/mx\/en\/wp-json\/wp\/v2\/media?parent=5843"}],"curies":[{"name":"wp","href":"https:\/\/api.w.org\/{rel}","templated":true}]}}