{"id":5704,"date":"2025-01-05T15:43:21","date_gmt":"2025-01-05T14:43:21","guid":{"rendered":"https:\/\/auren.com\/mx\/?page_id=5704"},"modified":"2025-01-11T16:31:11","modified_gmt":"2025-01-11T15:31:11","slug":"eventos","status":"publish","type":"page","link":"https:\/\/aurenweb-stg.servidortemporal.net\/mx\/eventos\/","title":{"rendered":"Eventos"},"content":{"rendered":"<section id=\"Header-block_6a615c9ba378a1e39b7b7c15c4b44d94\" class=\"Header\">\r\n\r\n    <div class=\"hero\">\r\n                <div class=\"container\">\r\n            <div class=\"hero_header\">\r\n                                \r\n                <div class=\"hero_header_title\">\r\n                    <h1 class=''>\u00bfdesea actualizar<br \/>\nsus conocimientos?<\/h1>\n                <\/div>\r\n\r\n                                                \r\n                <div class=\"hero_header_subtitle\">\r\n                    <p style=\"text-align: right;\">VISITE AUREN EVENTOS<\/p>\n                <\/div>\r\n\r\n                                \r\n            <\/div>\r\n        <\/div>\r\n        \r\n                <picture>\r\n            <source data-srcset=\"https:\/\/aurenweb-stg.servidortemporal.net\/mx\/wp-content\/uploads\/2025\/01\/bg-hero-events-d.webp\"\r\n                media=\"(min-width: 1200px)\" \/>\r\n            <img decoding=\"async\" class=\"hero_bg lazyload\"\r\n                <img decoding=\"async\" width=\"640\" height=\"382\" data-src=\"https:\/\/aurenweb-stg.servidortemporal.net\/mx\/wp-content\/uploads\/2025\/01\/bg-hero-events-d-1024x611.webp\" class=\"hero_bg lazyload\" alt=\"\" data-srcset=\"https:\/\/aurenweb-stg.servidortemporal.net\/mx\/wp-content\/uploads\/2025\/01\/bg-hero-events-d-1024x611.webp 1024w, https:\/\/aurenweb-stg.servidortemporal.net\/mx\/wp-content\/uploads\/2025\/01\/bg-hero-events-d-300x179.webp 300w, https:\/\/aurenweb-stg.servidortemporal.net\/mx\/wp-content\/uploads\/2025\/01\/bg-hero-events-d-768x459.webp 768w, https:\/\/aurenweb-stg.servidortemporal.net\/mx\/wp-content\/uploads\/2025\/01\/bg-hero-events-d-1536x917.webp 1536w, https:\/\/aurenweb-stg.servidortemporal.net\/mx\/wp-content\/uploads\/2025\/01\/bg-hero-events-d.webp 1916w\" data-sizes=\"(max-width: 640px) 100vw, 640px\" src=\"data:image\/svg+xml;base64,PHN2ZyB3aWR0aD0iMSIgaGVpZ2h0PSIxIiB4bWxucz0iaHR0cDovL3d3dy53My5vcmcvMjAwMC9zdmciPjwvc3ZnPg==\" style=\"--smush-placeholder-width: 640px; --smush-placeholder-aspect-ratio: 640\/382;\" \/>>\r\n        <\/picture>\r\n        \r\n                        <p class=\"hero_scroll\"><strong>Explorar m\u00e1s<\/strong> Despl\u00e1cese hacia abajo<\/p>\r\n                    <\/div>\r\n\r\n<\/section>\n\n\r\n<section id=\"Breadcrumbs-block_864bf3bb393394aec9c8aee51abb7e1f\" class=\"Breadcrumbs\">\r\n    \r\n        <nav class=\"breads\" aria-label=\"Breadcrumb\">\r\n            <ul class=\"container\">\r\n                <li><a href=\"https:\/\/aurenweb-stg.servidortemporal.net\/mx\">Home<\/a><\/li>\r\n                <li><span aria-current=\"page\">Eventos<\/span><\/li>            <\/ul>\r\n        <\/nav>\r\n\r\n                                                                                     \r\n    \r\n<\/section>\r\n\n\n\r\n<section id=\"ImageText-block_6e10721f3d39a4352cdb5e9a1e78e5aa\" class=\"ImageText\">\r\n\r\n    <section class=\"info \">\r\n        <div class=\"container\">\r\n            <div class=\"info_text\">\r\n                <div class=\"info_title\">\r\n                    <h2 class=''>Nuestros<br \/>\neventos<\/h2>\n                <\/div>\r\n                <div class=\"info_description\">\r\n                    <p>Organizamos sesiones informativas y eventos adaptados a nuestros clientes, que abarcan una amplia gama de temas empresariales de actualidad y \u00e1reas de inter\u00e9s para las organizaciones. Nuestro objetivo es proporcionar informaci\u00f3n valiosa y fomentar el intercambio de conocimientos, ayudando a nuestros clientes a mantenerse informados y a la vanguardia en un panorama empresarial en constante evoluci\u00f3n.<\/p>\n                <\/div>\r\n            <\/div>\r\n            <div class=\"info_media\">\r\n                <div class=\"info_media_item info_media_item-1\">\r\n                    <div class=\"info_media_item_text\"><span class=\"title\"><\/span><\/div>\r\n                    <div class=\"info_media_item_text_claim\"><\/div>\r\n                    <span class=\"info_media_item_bg\">\r\n                                                    <img decoding=\"async\" width=\"640\" height=\"461\" data-src=\"https:\/\/aurenweb-stg.servidortemporal.net\/mx\/wp-content\/uploads\/2025\/01\/image-text-16-1-1024x737.webp\" class=\"attachment-large size-large lazyload\" alt=\"\" data-srcset=\"https:\/\/aurenweb-stg.servidortemporal.net\/mx\/wp-content\/uploads\/2025\/01\/image-text-16-1-1024x737.webp 1024w, https:\/\/aurenweb-stg.servidortemporal.net\/mx\/wp-content\/uploads\/2025\/01\/image-text-16-1-300x216.webp 300w, https:\/\/aurenweb-stg.servidortemporal.net\/mx\/wp-content\/uploads\/2025\/01\/image-text-16-1-768x553.webp 768w, https:\/\/aurenweb-stg.servidortemporal.net\/mx\/wp-content\/uploads\/2025\/01\/image-text-16-1-1536x1106.webp 1536w, https:\/\/aurenweb-stg.servidortemporal.net\/mx\/wp-content\/uploads\/2025\/01\/image-text-16-1-2048x1475.webp 2048w\" data-sizes=\"(max-width: 640px) 100vw, 640px\" src=\"data:image\/svg+xml;base64,PHN2ZyB3aWR0aD0iMSIgaGVpZ2h0PSIxIiB4bWxucz0iaHR0cDovL3d3dy53My5vcmcvMjAwMC9zdmciPjwvc3ZnPg==\" style=\"--smush-placeholder-width: 640px; --smush-placeholder-aspect-ratio: 640\/461;\" \/>                                            <\/span>\r\n                                                        <\/div>\r\n                <div class=\"info_media_claim\">\r\n                    <p>Le invitamos a asistir a cualquiera de los pr\u00f3ximos actos<\/p>\n                <\/div>\r\n                <div class=\"info_media_item info_media_item-2\">\r\n                    <div class=\"info_media_item_text\"><span class=\"title\"><\/span><\/div>\r\n                    <div class=\"info_media_item_text_claim\"><\/div>\r\n                    <span class=\"info_media_item_bg\">\r\n                                                    <img decoding=\"async\" width=\"640\" height=\"354\" data-src=\"https:\/\/aurenweb-stg.servidortemporal.net\/mx\/wp-content\/uploads\/2025\/01\/image-text-9-1-1024x567.webp\" class=\"attachment-large size-large lazyload\" alt=\"\" data-srcset=\"https:\/\/aurenweb-stg.servidortemporal.net\/mx\/wp-content\/uploads\/2025\/01\/image-text-9-1-1024x567.webp 1024w, https:\/\/aurenweb-stg.servidortemporal.net\/mx\/wp-content\/uploads\/2025\/01\/image-text-9-1-300x166.webp 300w, https:\/\/aurenweb-stg.servidortemporal.net\/mx\/wp-content\/uploads\/2025\/01\/image-text-9-1-768x425.webp 768w, https:\/\/aurenweb-stg.servidortemporal.net\/mx\/wp-content\/uploads\/2025\/01\/image-text-9-1-1536x851.webp 1536w, https:\/\/aurenweb-stg.servidortemporal.net\/mx\/wp-content\/uploads\/2025\/01\/image-text-9-1-2048x1134.webp 2048w\" data-sizes=\"(max-width: 640px) 100vw, 640px\" src=\"data:image\/svg+xml;base64,PHN2ZyB3aWR0aD0iMSIgaGVpZ2h0PSIxIiB4bWxucz0iaHR0cDovL3d3dy53My5vcmcvMjAwMC9zdmciPjwvc3ZnPg==\" style=\"--smush-placeholder-width: 640px; --smush-placeholder-aspect-ratio: 640\/354;\" \/>                                            <\/span>\r\n                                                        <\/div>\r\n            <\/div>\r\n        <\/div>\r\n    <\/section>\r\n\r\n<\/section>\r\n\r\n\n\n\n\n<section id=\"ImageTextV2-block_f220d93a77a4adb392a9549eb16fd7e5\" class=\"ImageTextV2\">\r\n\r\n    <div class=\"upcoming \">\r\n        <div class=\"container\">\r\n            <div class=\"upcoming_text\">\r\n                <div class=\"upcoming_title\">\r\n                    <h3 class=''>Mant\u00e9ngase al tanto de las novedades y los pr\u00f3ximos eventos.<\/h3>\n                <\/div>\r\n                <div class=\"upcoming_kicker\">\r\n                    <p>NUESTROS EVENTOS<\/p>\n                <\/div>\r\n            <\/div>\r\n            <div class=\"upcoming_media\">\r\n                <a class=\"button button-primary button-icon\" href=\"https:\/\/aurenweb-stg.servidortemporal.net\/mx\/subscribe\/\" target=\"\">Contacto<\/a>\r\n                <span class=\"upcoming_media_bg\"><img decoding=\"async\" width=\"640\" height=\"428\" data-src=\"https:\/\/aurenweb-stg.servidortemporal.net\/mx\/wp-content\/uploads\/2025\/01\/image-text-12-2-1024x684.webp\" alt=\"\" data-srcset=\"https:\/\/aurenweb-stg.servidortemporal.net\/mx\/wp-content\/uploads\/2025\/01\/image-text-12-2-1024x684.webp 1024w, https:\/\/aurenweb-stg.servidortemporal.net\/mx\/wp-content\/uploads\/2025\/01\/image-text-12-2-300x200.webp 300w, https:\/\/aurenweb-stg.servidortemporal.net\/mx\/wp-content\/uploads\/2025\/01\/image-text-12-2-768x513.webp 768w, https:\/\/aurenweb-stg.servidortemporal.net\/mx\/wp-content\/uploads\/2025\/01\/image-text-12-2-1536x1025.webp 1536w, https:\/\/aurenweb-stg.servidortemporal.net\/mx\/wp-content\/uploads\/2025\/01\/image-text-12-2-2048x1367.webp 2048w\" data-sizes=\"(max-width: 640px) 100vw, 640px\" src=\"data:image\/svg+xml;base64,PHN2ZyB3aWR0aD0iMSIgaGVpZ2h0PSIxIiB4bWxucz0iaHR0cDovL3d3dy53My5vcmcvMjAwMC9zdmciPjwvc3ZnPg==\" class=\"lazyload\" style=\"--smush-placeholder-width: 640px; --smush-placeholder-aspect-ratio: 640\/428;\" \/><\/span>\r\n            <\/div>\r\n        <\/div>\r\n    <\/div>\r\n\r\n<\/section>\r\n\n\n","protected":false},"excerpt":{"rendered":"","protected":false},"author":2,"featured_media":0,"parent":0,"menu_order":0,"comment_status":"closed","ping_status":"closed","template":"","meta":{"_acf_changed":false,"footnotes":""},"class_list":["post-5704","page","type-page","status-publish","hentry"],"acf":[],"yoast_head":"<!-- This site is optimized with the Yoast SEO plugin v26.7 - https:\/\/yoast.com\/wordpress\/plugins\/seo\/ -->\n<title>Eventos - Auren Mexico<\/title>\n<meta name=\"robots\" content=\"noindex, follow, max-snippet:-1, max-image-preview:large, max-video-preview:-1\" \/>\n<meta property=\"og:locale\" content=\"es_ES\" \/>\n<meta property=\"og:type\" content=\"article\" \/>\n<meta property=\"og:title\" content=\"Eventos - Auren Mexico\" \/>\n<meta property=\"og:url\" content=\"https:\/\/aurenweb-stg.servidortemporal.net\/mx\/eventos\/\" \/>\n<meta property=\"og:site_name\" content=\"Auren Mexico\" \/>\n<meta property=\"article:publisher\" content=\"https:\/\/www.facebook.com\/AurenMexico\/\" \/>\n<meta property=\"article:modified_time\" content=\"2025-01-11T15:31:11+00:00\" \/>\n<meta name=\"twitter:card\" content=\"summary_large_image\" \/>\n<meta name=\"twitter:site\" content=\"@Auren_Mexico\" \/>\n<script type=\"application\/ld+json\" class=\"yoast-schema-graph\">{\"@context\":\"https:\/\/schema.org\",\"@graph\":[{\"@type\":\"WebPage\",\"@id\":\"https:\/\/aurenweb-stg.servidortemporal.net\/mx\/eventos\/\",\"url\":\"https:\/\/aurenweb-stg.servidortemporal.net\/mx\/eventos\/\",\"name\":\"Eventos - Auren Mexico\",\"isPartOf\":{\"@id\":\"https:\/\/aurenweb-stg.servidortemporal.net\/mx\/#website\"},\"datePublished\":\"2025-01-05T14:43:21+00:00\",\"dateModified\":\"2025-01-11T15:31:11+00:00\",\"breadcrumb\":{\"@id\":\"https:\/\/aurenweb-stg.servidortemporal.net\/mx\/eventos\/#breadcrumb\"},\"inLanguage\":\"es\",\"potentialAction\":[{\"@type\":\"ReadAction\",\"target\":[\"https:\/\/aurenweb-stg.servidortemporal.net\/mx\/eventos\/\"]}]},{\"@type\":\"BreadcrumbList\",\"@id\":\"https:\/\/aurenweb-stg.servidortemporal.net\/mx\/eventos\/#breadcrumb\",\"itemListElement\":[{\"@type\":\"ListItem\",\"position\":1,\"name\":\"Portada\",\"item\":\"https:\/\/aurenweb-stg.servidortemporal.net\/mx\/\"},{\"@type\":\"ListItem\",\"position\":2,\"name\":\"Eventos\"}]},{\"@type\":\"WebSite\",\"@id\":\"https:\/\/aurenweb-stg.servidortemporal.net\/mx\/#website\",\"url\":\"https:\/\/aurenweb-stg.servidortemporal.net\/mx\/\",\"name\":\"Auren Mexico\",\"description\":\"\",\"publisher\":{\"@id\":\"https:\/\/aurenweb-stg.servidortemporal.net\/mx\/#organization\"},\"potentialAction\":[{\"@type\":\"SearchAction\",\"target\":{\"@type\":\"EntryPoint\",\"urlTemplate\":\"https:\/\/aurenweb-stg.servidortemporal.net\/mx\/?s={search_term_string}\"},\"query-input\":{\"@type\":\"PropertyValueSpecification\",\"valueRequired\":true,\"valueName\":\"search_term_string\"}}],\"inLanguage\":\"es\"},{\"@type\":\"Organization\",\"@id\":\"https:\/\/aurenweb-stg.servidortemporal.net\/mx\/#organization\",\"name\":\"Auren Mexico\",\"url\":\"https:\/\/aurenweb-stg.servidortemporal.net\/mx\/\",\"logo\":{\"@type\":\"ImageObject\",\"inLanguage\":\"es\",\"@id\":\"https:\/\/aurenweb-stg.servidortemporal.net\/mx\/#\/schema\/logo\/image\/\",\"url\":\"https:\/\/aurenweb-stg.servidortemporal.net\/mx\/wp-content\/uploads\/2025\/01\/cropped-cropped-favicon-Auren.png\",\"contentUrl\":\"https:\/\/aurenweb-stg.servidortemporal.net\/mx\/wp-content\/uploads\/2025\/01\/cropped-cropped-favicon-Auren.png\",\"width\":512,\"height\":512,\"caption\":\"Auren Mexico\"},\"image\":{\"@id\":\"https:\/\/aurenweb-stg.servidortemporal.net\/mx\/#\/schema\/logo\/image\/\"},\"sameAs\":[\"https:\/\/www.facebook.com\/AurenMexico\/\",\"https:\/\/x.com\/Auren_Mexico\",\"https:\/\/www.youtube.com\/channel\/UCcXaG4Mj_-dazS7WAz2qvKQ\",\"https:\/\/www.linkedin.com\/company\/auren-mxico\"]}]}<\/script>\n<!-- \/ Yoast SEO plugin. -->","yoast_head_json":{"title":"Eventos - Auren Mexico","robots":{"index":"noindex","follow":"follow","max-snippet":"max-snippet:-1","max-image-preview":"max-image-preview:large","max-video-preview":"max-video-preview:-1"},"og_locale":"es_ES","og_type":"article","og_title":"Eventos - Auren Mexico","og_url":"https:\/\/aurenweb-stg.servidortemporal.net\/mx\/eventos\/","og_site_name":"Auren Mexico","article_publisher":"https:\/\/www.facebook.com\/AurenMexico\/","article_modified_time":"2025-01-11T15:31:11+00:00","twitter_card":"summary_large_image","twitter_site":"@Auren_Mexico","schema":{"@context":"https:\/\/schema.org","@graph":[{"@type":"WebPage","@id":"https:\/\/aurenweb-stg.servidortemporal.net\/mx\/eventos\/","url":"https:\/\/aurenweb-stg.servidortemporal.net\/mx\/eventos\/","name":"Eventos - Auren Mexico","isPartOf":{"@id":"https:\/\/aurenweb-stg.servidortemporal.net\/mx\/#website"},"datePublished":"2025-01-05T14:43:21+00:00","dateModified":"2025-01-11T15:31:11+00:00","breadcrumb":{"@id":"https:\/\/aurenweb-stg.servidortemporal.net\/mx\/eventos\/#breadcrumb"},"inLanguage":"es","potentialAction":[{"@type":"ReadAction","target":["https:\/\/aurenweb-stg.servidortemporal.net\/mx\/eventos\/"]}]},{"@type":"BreadcrumbList","@id":"https:\/\/aurenweb-stg.servidortemporal.net\/mx\/eventos\/#breadcrumb","itemListElement":[{"@type":"ListItem","position":1,"name":"Portada","item":"https:\/\/aurenweb-stg.servidortemporal.net\/mx\/"},{"@type":"ListItem","position":2,"name":"Eventos"}]},{"@type":"WebSite","@id":"https:\/\/aurenweb-stg.servidortemporal.net\/mx\/#website","url":"https:\/\/aurenweb-stg.servidortemporal.net\/mx\/","name":"Auren Mexico","description":"","publisher":{"@id":"https:\/\/aurenweb-stg.servidortemporal.net\/mx\/#organization"},"potentialAction":[{"@type":"SearchAction","target":{"@type":"EntryPoint","urlTemplate":"https:\/\/aurenweb-stg.servidortemporal.net\/mx\/?s={search_term_string}"},"query-input":{"@type":"PropertyValueSpecification","valueRequired":true,"valueName":"search_term_string"}}],"inLanguage":"es"},{"@type":"Organization","@id":"https:\/\/aurenweb-stg.servidortemporal.net\/mx\/#organization","name":"Auren Mexico","url":"https:\/\/aurenweb-stg.servidortemporal.net\/mx\/","logo":{"@type":"ImageObject","inLanguage":"es","@id":"https:\/\/aurenweb-stg.servidortemporal.net\/mx\/#\/schema\/logo\/image\/","url":"https:\/\/aurenweb-stg.servidortemporal.net\/mx\/wp-content\/uploads\/2025\/01\/cropped-cropped-favicon-Auren.png","contentUrl":"https:\/\/aurenweb-stg.servidortemporal.net\/mx\/wp-content\/uploads\/2025\/01\/cropped-cropped-favicon-Auren.png","width":512,"height":512,"caption":"Auren Mexico"},"image":{"@id":"https:\/\/aurenweb-stg.servidortemporal.net\/mx\/#\/schema\/logo\/image\/"},"sameAs":["https:\/\/www.facebook.com\/AurenMexico\/","https:\/\/x.com\/Auren_Mexico","https:\/\/www.youtube.com\/channel\/UCcXaG4Mj_-dazS7WAz2qvKQ","https:\/\/www.linkedin.com\/company\/auren-mxico"]}]}},"_links":{"self":[{"href":"https:\/\/aurenweb-stg.servidortemporal.net\/mx\/wp-json\/wp\/v2\/pages\/5704","targetHints":{"allow":["GET"]}}],"collection":[{"href":"https:\/\/aurenweb-stg.servidortemporal.net\/mx\/wp-json\/wp\/v2\/pages"}],"about":[{"href":"https:\/\/aurenweb-stg.servidortemporal.net\/mx\/wp-json\/wp\/v2\/types\/page"}],"author":[{"embeddable":true,"href":"https:\/\/aurenweb-stg.servidortemporal.net\/mx\/wp-json\/wp\/v2\/users\/2"}],"replies":[{"embeddable":true,"href":"https:\/\/aurenweb-stg.servidortemporal.net\/mx\/wp-json\/wp\/v2\/comments?post=5704"}],"version-history":[{"count":2,"href":"https:\/\/aurenweb-stg.servidortemporal.net\/mx\/wp-json\/wp\/v2\/pages\/5704\/revisions"}],"predecessor-version":[{"id":6346,"href":"https:\/\/aurenweb-stg.servidortemporal.net\/mx\/wp-json\/wp\/v2\/pages\/5704\/revisions\/6346"}],"wp:attachment":[{"href":"https:\/\/aurenweb-stg.servidortemporal.net\/mx\/wp-json\/wp\/v2\/media?parent=5704"}],"curies":[{"name":"wp","href":"https:\/\/api.w.org\/{rel}","templated":true}]}}