{"id":5732,"date":"2025-01-05T15:52:56","date_gmt":"2025-01-05T14:52:56","guid":{"rendered":"https:\/\/auren.com\/mx\/?page_id=5732"},"modified":"2025-10-29T00:06:09","modified_gmt":"2025-10-28T23:06:09","slug":"conoce-auren","status":"publish","type":"page","link":"https:\/\/aurenweb-stg.servidortemporal.net\/mx\/conoce-auren\/","title":{"rendered":"Conoce Auren"},"content":{"rendered":"<section id=\"Header-block_a614ccc398e8185a06a0e4c2ce6583d4\" class=\"Header\">\r\n\r\n    <div class=\"hero\">\r\n                <div class=\"container\">\r\n            <div class=\"hero_header\">\r\n                                \r\n                <div class=\"hero_header_title\">\r\n                    <h1 class='' style=\"text-align: right;\"><strong>Conoce Auren<\/strong><\/h1>\n                <\/div>\r\n\r\n                                                \r\n                <div class=\"hero_header_subtitle\">\r\n                    <p style=\"text-align: right;\">Descubre la historia y la esencia de Auren.<\/p>\n                <\/div>\r\n\r\n                                \r\n            <\/div>\r\n        <\/div>\r\n        \r\n                <picture>\r\n            <source data-srcset=\"https:\/\/aurenweb-stg.servidortemporal.net\/mx\/wp-content\/uploads\/2024\/11\/bg-hero-aboutus-d.webp\"\r\n                media=\"(min-width: 1200px)\" \/>\r\n            <img decoding=\"async\" class=\"hero_bg lazyload\"\r\n                <img decoding=\"async\" width=\"640\" height=\"382\" data-src=\"https:\/\/aurenweb-stg.servidortemporal.net\/mx\/wp-content\/uploads\/2024\/11\/bg-hero-aboutus-d-1024x611.webp\" class=\"hero_bg lazyload\" alt=\"\" data-srcset=\"https:\/\/aurenweb-stg.servidortemporal.net\/mx\/wp-content\/uploads\/2024\/11\/bg-hero-aboutus-d-1024x611.webp 1024w, https:\/\/aurenweb-stg.servidortemporal.net\/mx\/wp-content\/uploads\/2024\/11\/bg-hero-aboutus-d-300x179.webp 300w, https:\/\/aurenweb-stg.servidortemporal.net\/mx\/wp-content\/uploads\/2024\/11\/bg-hero-aboutus-d-768x459.webp 768w, https:\/\/aurenweb-stg.servidortemporal.net\/mx\/wp-content\/uploads\/2024\/11\/bg-hero-aboutus-d-1536x917.webp 1536w, https:\/\/aurenweb-stg.servidortemporal.net\/mx\/wp-content\/uploads\/2024\/11\/bg-hero-aboutus-d.webp 1916w\" data-sizes=\"(max-width: 640px) 100vw, 640px\" src=\"data:image\/svg+xml;base64,PHN2ZyB3aWR0aD0iMSIgaGVpZ2h0PSIxIiB4bWxucz0iaHR0cDovL3d3dy53My5vcmcvMjAwMC9zdmciPjwvc3ZnPg==\" style=\"--smush-placeholder-width: 640px; --smush-placeholder-aspect-ratio: 640\/382;\" \/>>\r\n        <\/picture>\r\n        \r\n                        <p class=\"hero_scroll\"><strong>Explorar m\u00e1s<\/strong> Despl\u00e1cese hacia abajo<\/p>\r\n                    <\/div>\r\n\r\n<\/section>\n\n\r\n<section id=\"Breadcrumbs-block_589fbe542ec0695f913df4d51cc08cac\" class=\"Breadcrumbs\">\r\n    \r\n        <nav class=\"breads\" aria-label=\"Breadcrumb\">\r\n            <ul class=\"container\">\r\n                <li><a href=\"https:\/\/aurenweb-stg.servidortemporal.net\/mx\">Home<\/a><\/li>\r\n                <li><span aria-current=\"page\">Conoce Auren<\/span><\/li>            <\/ul>\r\n        <\/nav>\r\n\r\n                                                                                     \r\n    \r\n<\/section>\r\n\n\n\r\n<section id=\"ImageText-block_1cad291d3b0dcb8284f0529724f03e95\" class=\"ImageText\">\r\n\r\n    <section class=\"info \">\r\n        <div class=\"container\">\r\n            <div class=\"info_text\">\r\n                <div class=\"info_title\">\r\n                    <h2 class=''>Experiencia, valores y humanidad.<\/h2>\n                <\/div>\r\n                <div class=\"info_description\">\r\n                    <p>Nuestra cultura humanista y el esp\u00edritu emprendedor inspiran nuestro d\u00eda a d\u00eda. Nos comprometemos con los clientes, con equipos y con toda la sociedad. Somos empresarios al servicio de empresarios. Con equipos estables, construimos relaciones s\u00f3lidas y duraderas con nuestros clientes.<\/p>\n                <\/div>\r\n            <\/div>\r\n            <div class=\"info_media\">\r\n                <div class=\"info_media_item info_media_item-1\">\r\n                    <div class=\"info_media_item_text\"><span class=\"title\"><\/span><\/div>\r\n                    <div class=\"info_media_item_text_claim\"><\/div>\r\n                    <span class=\"info_media_item_bg\">\r\n                                                    <img decoding=\"async\" width=\"640\" height=\"412\" data-src=\"https:\/\/aurenweb-stg.servidortemporal.net\/mx\/wp-content\/uploads\/2025\/01\/example-info-1-mask.webp\" class=\"attachment-large size-large lazyload\" alt=\"\" data-srcset=\"https:\/\/aurenweb-stg.servidortemporal.net\/mx\/wp-content\/uploads\/2025\/01\/example-info-1-mask.webp 902w, https:\/\/aurenweb-stg.servidortemporal.net\/mx\/wp-content\/uploads\/2025\/01\/example-info-1-mask-300x193.webp 300w, https:\/\/aurenweb-stg.servidortemporal.net\/mx\/wp-content\/uploads\/2025\/01\/example-info-1-mask-768x494.webp 768w\" data-sizes=\"(max-width: 640px) 100vw, 640px\" src=\"data:image\/svg+xml;base64,PHN2ZyB3aWR0aD0iMSIgaGVpZ2h0PSIxIiB4bWxucz0iaHR0cDovL3d3dy53My5vcmcvMjAwMC9zdmciPjwvc3ZnPg==\" style=\"--smush-placeholder-width: 640px; --smush-placeholder-aspect-ratio: 640\/412;\" \/>                                            <\/span>\r\n                                                        <\/div>\r\n                <div class=\"info_media_claim\">\r\n                    <p>Comprometidos con la calidad, guiados por nuestros valores.<\/p>\n                <\/div>\r\n                <div class=\"info_media_item info_media_item-2\">\r\n                    <div class=\"info_media_item_text\"><span class=\"title\"><\/span><\/div>\r\n                    <div class=\"info_media_item_text_claim\"><\/div>\r\n                    <span class=\"info_media_item_bg\">\r\n                                                    <img decoding=\"async\" width=\"640\" height=\"412\" data-src=\"https:\/\/aurenweb-stg.servidortemporal.net\/mx\/wp-content\/uploads\/2025\/01\/example-info-2-mask.webp\" class=\"attachment-large size-large lazyload\" alt=\"\" data-srcset=\"https:\/\/aurenweb-stg.servidortemporal.net\/mx\/wp-content\/uploads\/2025\/01\/example-info-2-mask.webp 902w, https:\/\/aurenweb-stg.servidortemporal.net\/mx\/wp-content\/uploads\/2025\/01\/example-info-2-mask-300x193.webp 300w, https:\/\/aurenweb-stg.servidortemporal.net\/mx\/wp-content\/uploads\/2025\/01\/example-info-2-mask-768x494.webp 768w\" data-sizes=\"(max-width: 640px) 100vw, 640px\" src=\"data:image\/svg+xml;base64,PHN2ZyB3aWR0aD0iMSIgaGVpZ2h0PSIxIiB4bWxucz0iaHR0cDovL3d3dy53My5vcmcvMjAwMC9zdmciPjwvc3ZnPg==\" style=\"--smush-placeholder-width: 640px; --smush-placeholder-aspect-ratio: 640\/412;\" \/>                                            <\/span>\r\n                                                        <\/div>\r\n            <\/div>\r\n        <\/div>\r\n    <\/section>\r\n\r\n<\/section>\r\n\r\n\n\n\r\n<div id=\"CardsCustom-block_cc31f7e813d7b9d6ed1df0b2b51a85bf\" class=\"CardsCustom\">\r\n\r\n    <section class=\"services\">\r\n        <div class=\"container\">\r\n            <div class=\"services_title\">\r\n                <h2 class=''>Servicios profesionales con un enfoque humano.<\/h2>\n            <\/div>\r\n            <div class=\"services_description\">\r\n                <p>Nuestro equipo multidisciplinar de profesionales te ofrece la excelencia en cada proyecto, gracias a su amplia experiencia, enfoque metodol\u00f3gico y gran implicaci\u00f3n. Nuestra presencia internacional, combinada con un profundo conocimiento local, te brinda el apoyo necesario para lograr el \u00e9xito en entornos complejos y cambiantes.<\/p>\n            <\/div>\r\n\r\n            <nav class=\"services_nav\">\r\n                                <a class=\"services_nav_item services_nav_item-0\" href=\"https:\/\/aurenweb-stg.servidortemporal.net\/mx\/conoce-auren\/proposito-vision-y-valores\/\">\r\n                    <span class=\"services_nav_item_text\">Prop\u00f3sito, Visi\u00f3n y Valores<\/span>\r\n                    <span class=\"services_nav_item_image\">\r\n                                                    <img decoding=\"async\" width=\"640\" height=\"475\" data-src=\"https:\/\/aurenweb-stg.servidortemporal.net\/mx\/wp-content\/uploads\/2025\/01\/example-about-service-1-1024x760.webp\" class=\"attachment-large size-large lazyload\" alt=\"\" data-srcset=\"https:\/\/aurenweb-stg.servidortemporal.net\/mx\/wp-content\/uploads\/2025\/01\/example-about-service-1-1024x760.webp 1024w, https:\/\/aurenweb-stg.servidortemporal.net\/mx\/wp-content\/uploads\/2025\/01\/example-about-service-1-300x223.webp 300w, https:\/\/aurenweb-stg.servidortemporal.net\/mx\/wp-content\/uploads\/2025\/01\/example-about-service-1-768x570.webp 768w, https:\/\/aurenweb-stg.servidortemporal.net\/mx\/wp-content\/uploads\/2025\/01\/example-about-service-1.webp 1038w\" data-sizes=\"(max-width: 640px) 100vw, 640px\" src=\"data:image\/svg+xml;base64,PHN2ZyB3aWR0aD0iMSIgaGVpZ2h0PSIxIiB4bWxucz0iaHR0cDovL3d3dy53My5vcmcvMjAwMC9zdmciPjwvc3ZnPg==\" style=\"--smush-placeholder-width: 640px; --smush-placeholder-aspect-ratio: 640\/475;\" \/>                                            <\/span>\r\n                <\/a>\r\n                                <a class=\"services_nav_item services_nav_item-1\" href=\"https:\/\/aurenweb-stg.servidortemporal.net\/mx\/conoce-auren\/responsabilidad-corporativa\/\">\r\n                    <span class=\"services_nav_item_text\">Responsabilidad corporativa<\/span>\r\n                    <span class=\"services_nav_item_image\">\r\n                                                    <img decoding=\"async\" width=\"640\" height=\"475\" data-src=\"https:\/\/aurenweb-stg.servidortemporal.net\/mx\/wp-content\/uploads\/2025\/01\/example-about-service-2-1024x760.webp\" class=\"attachment-large size-large lazyload\" alt=\"\" data-srcset=\"https:\/\/aurenweb-stg.servidortemporal.net\/mx\/wp-content\/uploads\/2025\/01\/example-about-service-2-1024x760.webp 1024w, https:\/\/aurenweb-stg.servidortemporal.net\/mx\/wp-content\/uploads\/2025\/01\/example-about-service-2-300x223.webp 300w, https:\/\/aurenweb-stg.servidortemporal.net\/mx\/wp-content\/uploads\/2025\/01\/example-about-service-2-768x570.webp 768w, https:\/\/aurenweb-stg.servidortemporal.net\/mx\/wp-content\/uploads\/2025\/01\/example-about-service-2.webp 1038w\" data-sizes=\"(max-width: 640px) 100vw, 640px\" src=\"data:image\/svg+xml;base64,PHN2ZyB3aWR0aD0iMSIgaGVpZ2h0PSIxIiB4bWxucz0iaHR0cDovL3d3dy53My5vcmcvMjAwMC9zdmciPjwvc3ZnPg==\" style=\"--smush-placeholder-width: 640px; --smush-placeholder-aspect-ratio: 640\/475;\" \/>                                            <\/span>\r\n                <\/a>\r\n                                <a class=\"services_nav_item services_nav_item-2\" href=\"https:\/\/aurenweb-stg.servidortemporal.net\/mx\/conoce-auren\/nuestro-enfoque-global\/\">\r\n                    <span class=\"services_nav_item_text\">Nuestro enfoque global<\/span>\r\n                    <span class=\"services_nav_item_image\">\r\n                                                    <img decoding=\"async\" width=\"640\" height=\"475\" data-src=\"https:\/\/aurenweb-stg.servidortemporal.net\/mx\/wp-content\/uploads\/2025\/01\/example-about-service-3-1024x760.webp\" class=\"attachment-large size-large lazyload\" alt=\"\" data-srcset=\"https:\/\/aurenweb-stg.servidortemporal.net\/mx\/wp-content\/uploads\/2025\/01\/example-about-service-3-1024x760.webp 1024w, https:\/\/aurenweb-stg.servidortemporal.net\/mx\/wp-content\/uploads\/2025\/01\/example-about-service-3-300x223.webp 300w, https:\/\/aurenweb-stg.servidortemporal.net\/mx\/wp-content\/uploads\/2025\/01\/example-about-service-3-768x570.webp 768w, https:\/\/aurenweb-stg.servidortemporal.net\/mx\/wp-content\/uploads\/2025\/01\/example-about-service-3.webp 1038w\" data-sizes=\"(max-width: 640px) 100vw, 640px\" src=\"data:image\/svg+xml;base64,PHN2ZyB3aWR0aD0iMSIgaGVpZ2h0PSIxIiB4bWxucz0iaHR0cDovL3d3dy53My5vcmcvMjAwMC9zdmciPjwvc3ZnPg==\" style=\"--smush-placeholder-width: 640px; --smush-placeholder-aspect-ratio: 640\/475;\" \/>                                            <\/span>\r\n                <\/a>\r\n                            <\/nav>\r\n        <\/div>\r\n    <\/section>\r\n\r\n<\/div>\r\n\n\n<div id=\"Discover-block_c1b19bec37440abb1a0beb9f2b89a9c8\" class=\"Discover\">\r\n\r\n    <section class=\"discover\" id=\"discover\">\r\n        <div class=\"container\">\r\n            <div class=\"discover_wrapper\">\r\n                                <picture>\r\n                    <source data-srcset=\"https:\/\/aurenweb-stg.servidortemporal.net\/mx\/wp-content\/uploads\/2025\/01\/bg-discover-d.webp\" media=\"(min-width: 1200px)\" \/>\r\n                    <img decoding=\"async\" class=\"discover_bg lazyload\" data-src=\"https:\/\/aurenweb-stg.servidortemporal.net\/mx\/wp-content\/uploads\/2025\/01\/bg-discover-d.webp\" alt=\"\" src=\"data:image\/svg+xml;base64,PHN2ZyB3aWR0aD0iMSIgaGVpZ2h0PSIxIiB4bWxucz0iaHR0cDovL3d3dy53My5vcmcvMjAwMC9zdmciPjwvc3ZnPg==\" style=\"--smush-placeholder-width: 1628px; --smush-placeholder-aspect-ratio: 1628\/297;\">\r\n                <\/picture>\r\n                                <div class=\"discover_content\">\r\n                    <div class=\"discover_text\">\r\n                        <div class=\"discover_title\">\r\n                            <h2 class=''>D\u00f3nde estamos<\/h2>\n                        <\/div>\r\n                        <div class=\"discover_description\">\r\n                            <p>Auren es una firma multidisciplinar que ofrece servicios profesionales integrales en auditor\u00eda, asesoramiento legal, consultor\u00eda y corporate.<\/p>\n<p>Con una cultura humanista enfocada en el cuidado de sus equipos y de las personas con las que se relaciona, Auren acompa\u00f1a a sus clientes en todas sus necesidades de negocio en cualquier parte del mundo.<\/p>\n<p>Auren cuenta con m\u00e1s de 2,344 profesionales en 11 pa\u00edses.<\/p>\n<p>Creemos que los servicios profesionales se pueden prestar con conciencia, humanidad e implicaci\u00f3n.<\/p>\n                        <\/div>\r\n                                                <a class=\"button button-contrast-red button-icon\" href=\"https:\/\/aurenweb-stg.servidortemporal.net\/mx\/carrera-profesional\/\" target=\"\">Oportunidades profesionales<\/a>\r\n                                            <\/div>\r\n                    <ul class=\"discover_numbers\">\r\n                                                    <li class=\"discover_numbers_item\">\r\n                                <strong><span class=\"js-counterup\" data-end=\"11\" data-speed=\"100\">0<\/span><\/strong>\r\n                                pa\u00edses                            <\/li>\r\n                                                    <li class=\"discover_numbers_item\">\r\n                                M\u00e1s de<strong><span class=\"js-counterup\" data-end=\"2\" data-speed=\"100\">0<\/span>.344<\/strong>\r\n                                profesionales                            <\/li>\r\n                                                    <li class=\"discover_numbers_item\">\r\n                                <strong><span class=\"js-counterup\" data-end=\"64\" data-speed=\"100\">0<\/span><\/strong>\r\n                                oficinas                            <\/li>\r\n                                            <\/ul>\r\n                <\/div>\r\n            <\/div>\r\n        <\/div>\r\n    <\/section>\r\n\r\n<\/div>\r\n\n\n<section id=\"ImageTextV2-block_e313fbe7b0a95f8b79523bd26567741c\" class=\"ImageTextV2\">\r\n\r\n    <div class=\"upcoming v2\">\r\n        <div class=\"container\">\r\n            <div class=\"upcoming_text\">\r\n                <div class=\"upcoming_title\">\r\n                    <h2 class=''>\u00bfPreparado para trabajar con nosotros?<\/h2>\n                <\/div>\r\n                <div class=\"upcoming_kicker\">\r\n                    <p>CONECTEMOS AHORA<\/p>\n                <\/div>\r\n            <\/div>\r\n            <div class=\"upcoming_media\">\r\n                <a class=\"button button-primary button-icon\" href=\"https:\/\/aurenweb-stg.servidortemporal.net\/mx\/contacto\/\" target=\"\">Contacto<\/a>\r\n                <span class=\"upcoming_media_bg\"><img decoding=\"async\" width=\"640\" height=\"419\" data-src=\"https:\/\/aurenweb-stg.servidortemporal.net\/mx\/wp-content\/uploads\/2025\/01\/bg-upcoming-media-v2-1.webp\" alt=\"\" data-srcset=\"https:\/\/aurenweb-stg.servidortemporal.net\/mx\/wp-content\/uploads\/2025\/01\/bg-upcoming-media-v2-1.webp 684w, https:\/\/aurenweb-stg.servidortemporal.net\/mx\/wp-content\/uploads\/2025\/01\/bg-upcoming-media-v2-1-300x196.webp 300w\" data-sizes=\"(max-width: 640px) 100vw, 640px\" src=\"data:image\/svg+xml;base64,PHN2ZyB3aWR0aD0iMSIgaGVpZ2h0PSIxIiB4bWxucz0iaHR0cDovL3d3dy53My5vcmcvMjAwMC9zdmciPjwvc3ZnPg==\" class=\"lazyload\" style=\"--smush-placeholder-width: 640px; --smush-placeholder-aspect-ratio: 640\/419;\" \/><\/span>\r\n            <\/div>\r\n        <\/div>\r\n    <\/div>\r\n\r\n<\/section>\r\n","protected":false},"excerpt":{"rendered":"","protected":false},"author":2,"featured_media":0,"parent":0,"menu_order":0,"comment_status":"closed","ping_status":"closed","template":"","meta":{"_acf_changed":false,"footnotes":""},"class_list":["post-5732","page","type-page","status-publish","hentry"],"acf":[],"yoast_head":"<!-- This site is optimized with the Yoast SEO plugin v26.7 - https:\/\/yoast.com\/wordpress\/plugins\/seo\/ -->\n<title>Conoce Auren - Auren Mexico<\/title>\n<meta name=\"robots\" content=\"noindex, follow, max-snippet:-1, max-image-preview:large, max-video-preview:-1\" \/>\n<meta property=\"og:locale\" content=\"es_ES\" \/>\n<meta property=\"og:type\" content=\"article\" \/>\n<meta property=\"og:title\" content=\"Conoce Auren - Auren Mexico\" \/>\n<meta property=\"og:url\" content=\"https:\/\/aurenweb-stg.servidortemporal.net\/mx\/conoce-auren\/\" \/>\n<meta property=\"og:site_name\" content=\"Auren Mexico\" \/>\n<meta property=\"article:publisher\" content=\"https:\/\/www.facebook.com\/AurenMexico\/\" \/>\n<meta property=\"article:modified_time\" content=\"2025-10-28T23:06:09+00:00\" \/>\n<meta name=\"twitter:card\" content=\"summary_large_image\" \/>\n<meta name=\"twitter:site\" content=\"@Auren_Mexico\" \/>\n<script type=\"application\/ld+json\" class=\"yoast-schema-graph\">{\"@context\":\"https:\/\/schema.org\",\"@graph\":[{\"@type\":\"WebPage\",\"@id\":\"https:\/\/aurenweb-stg.servidortemporal.net\/mx\/conoce-auren\/\",\"url\":\"https:\/\/aurenweb-stg.servidortemporal.net\/mx\/conoce-auren\/\",\"name\":\"Conoce Auren - Auren Mexico\",\"isPartOf\":{\"@id\":\"https:\/\/aurenweb-stg.servidortemporal.net\/mx\/#website\"},\"datePublished\":\"2025-01-05T14:52:56+00:00\",\"dateModified\":\"2025-10-28T23:06:09+00:00\",\"breadcrumb\":{\"@id\":\"https:\/\/aurenweb-stg.servidortemporal.net\/mx\/conoce-auren\/#breadcrumb\"},\"inLanguage\":\"es\",\"potentialAction\":[{\"@type\":\"ReadAction\",\"target\":[\"https:\/\/aurenweb-stg.servidortemporal.net\/mx\/conoce-auren\/\"]}]},{\"@type\":\"BreadcrumbList\",\"@id\":\"https:\/\/aurenweb-stg.servidortemporal.net\/mx\/conoce-auren\/#breadcrumb\",\"itemListElement\":[{\"@type\":\"ListItem\",\"position\":1,\"name\":\"Portada\",\"item\":\"https:\/\/aurenweb-stg.servidortemporal.net\/mx\/\"},{\"@type\":\"ListItem\",\"position\":2,\"name\":\"Conoce Auren\"}]},{\"@type\":\"WebSite\",\"@id\":\"https:\/\/aurenweb-stg.servidortemporal.net\/mx\/#website\",\"url\":\"https:\/\/aurenweb-stg.servidortemporal.net\/mx\/\",\"name\":\"Auren Mexico\",\"description\":\"\",\"publisher\":{\"@id\":\"https:\/\/aurenweb-stg.servidortemporal.net\/mx\/#organization\"},\"potentialAction\":[{\"@type\":\"SearchAction\",\"target\":{\"@type\":\"EntryPoint\",\"urlTemplate\":\"https:\/\/aurenweb-stg.servidortemporal.net\/mx\/?s={search_term_string}\"},\"query-input\":{\"@type\":\"PropertyValueSpecification\",\"valueRequired\":true,\"valueName\":\"search_term_string\"}}],\"inLanguage\":\"es\"},{\"@type\":\"Organization\",\"@id\":\"https:\/\/aurenweb-stg.servidortemporal.net\/mx\/#organization\",\"name\":\"Auren Mexico\",\"url\":\"https:\/\/aurenweb-stg.servidortemporal.net\/mx\/\",\"logo\":{\"@type\":\"ImageObject\",\"inLanguage\":\"es\",\"@id\":\"https:\/\/aurenweb-stg.servidortemporal.net\/mx\/#\/schema\/logo\/image\/\",\"url\":\"https:\/\/aurenweb-stg.servidortemporal.net\/mx\/wp-content\/uploads\/2025\/01\/cropped-cropped-favicon-Auren.png\",\"contentUrl\":\"https:\/\/aurenweb-stg.servidortemporal.net\/mx\/wp-content\/uploads\/2025\/01\/cropped-cropped-favicon-Auren.png\",\"width\":512,\"height\":512,\"caption\":\"Auren Mexico\"},\"image\":{\"@id\":\"https:\/\/aurenweb-stg.servidortemporal.net\/mx\/#\/schema\/logo\/image\/\"},\"sameAs\":[\"https:\/\/www.facebook.com\/AurenMexico\/\",\"https:\/\/x.com\/Auren_Mexico\",\"https:\/\/www.youtube.com\/channel\/UCcXaG4Mj_-dazS7WAz2qvKQ\",\"https:\/\/www.linkedin.com\/company\/auren-mxico\"]}]}<\/script>\n<!-- \/ Yoast SEO plugin. -->","yoast_head_json":{"title":"Conoce Auren - Auren Mexico","robots":{"index":"noindex","follow":"follow","max-snippet":"max-snippet:-1","max-image-preview":"max-image-preview:large","max-video-preview":"max-video-preview:-1"},"og_locale":"es_ES","og_type":"article","og_title":"Conoce Auren - Auren Mexico","og_url":"https:\/\/aurenweb-stg.servidortemporal.net\/mx\/conoce-auren\/","og_site_name":"Auren Mexico","article_publisher":"https:\/\/www.facebook.com\/AurenMexico\/","article_modified_time":"2025-10-28T23:06:09+00:00","twitter_card":"summary_large_image","twitter_site":"@Auren_Mexico","schema":{"@context":"https:\/\/schema.org","@graph":[{"@type":"WebPage","@id":"https:\/\/aurenweb-stg.servidortemporal.net\/mx\/conoce-auren\/","url":"https:\/\/aurenweb-stg.servidortemporal.net\/mx\/conoce-auren\/","name":"Conoce Auren - Auren Mexico","isPartOf":{"@id":"https:\/\/aurenweb-stg.servidortemporal.net\/mx\/#website"},"datePublished":"2025-01-05T14:52:56+00:00","dateModified":"2025-10-28T23:06:09+00:00","breadcrumb":{"@id":"https:\/\/aurenweb-stg.servidortemporal.net\/mx\/conoce-auren\/#breadcrumb"},"inLanguage":"es","potentialAction":[{"@type":"ReadAction","target":["https:\/\/aurenweb-stg.servidortemporal.net\/mx\/conoce-auren\/"]}]},{"@type":"BreadcrumbList","@id":"https:\/\/aurenweb-stg.servidortemporal.net\/mx\/conoce-auren\/#breadcrumb","itemListElement":[{"@type":"ListItem","position":1,"name":"Portada","item":"https:\/\/aurenweb-stg.servidortemporal.net\/mx\/"},{"@type":"ListItem","position":2,"name":"Conoce Auren"}]},{"@type":"WebSite","@id":"https:\/\/aurenweb-stg.servidortemporal.net\/mx\/#website","url":"https:\/\/aurenweb-stg.servidortemporal.net\/mx\/","name":"Auren Mexico","description":"","publisher":{"@id":"https:\/\/aurenweb-stg.servidortemporal.net\/mx\/#organization"},"potentialAction":[{"@type":"SearchAction","target":{"@type":"EntryPoint","urlTemplate":"https:\/\/aurenweb-stg.servidortemporal.net\/mx\/?s={search_term_string}"},"query-input":{"@type":"PropertyValueSpecification","valueRequired":true,"valueName":"search_term_string"}}],"inLanguage":"es"},{"@type":"Organization","@id":"https:\/\/aurenweb-stg.servidortemporal.net\/mx\/#organization","name":"Auren Mexico","url":"https:\/\/aurenweb-stg.servidortemporal.net\/mx\/","logo":{"@type":"ImageObject","inLanguage":"es","@id":"https:\/\/aurenweb-stg.servidortemporal.net\/mx\/#\/schema\/logo\/image\/","url":"https:\/\/aurenweb-stg.servidortemporal.net\/mx\/wp-content\/uploads\/2025\/01\/cropped-cropped-favicon-Auren.png","contentUrl":"https:\/\/aurenweb-stg.servidortemporal.net\/mx\/wp-content\/uploads\/2025\/01\/cropped-cropped-favicon-Auren.png","width":512,"height":512,"caption":"Auren Mexico"},"image":{"@id":"https:\/\/aurenweb-stg.servidortemporal.net\/mx\/#\/schema\/logo\/image\/"},"sameAs":["https:\/\/www.facebook.com\/AurenMexico\/","https:\/\/x.com\/Auren_Mexico","https:\/\/www.youtube.com\/channel\/UCcXaG4Mj_-dazS7WAz2qvKQ","https:\/\/www.linkedin.com\/company\/auren-mxico"]}]}},"_links":{"self":[{"href":"https:\/\/aurenweb-stg.servidortemporal.net\/mx\/wp-json\/wp\/v2\/pages\/5732","targetHints":{"allow":["GET"]}}],"collection":[{"href":"https:\/\/aurenweb-stg.servidortemporal.net\/mx\/wp-json\/wp\/v2\/pages"}],"about":[{"href":"https:\/\/aurenweb-stg.servidortemporal.net\/mx\/wp-json\/wp\/v2\/types\/page"}],"author":[{"embeddable":true,"href":"https:\/\/aurenweb-stg.servidortemporal.net\/mx\/wp-json\/wp\/v2\/users\/2"}],"replies":[{"embeddable":true,"href":"https:\/\/aurenweb-stg.servidortemporal.net\/mx\/wp-json\/wp\/v2\/comments?post=5732"}],"version-history":[{"count":6,"href":"https:\/\/aurenweb-stg.servidortemporal.net\/mx\/wp-json\/wp\/v2\/pages\/5732\/revisions"}],"predecessor-version":[{"id":11518,"href":"https:\/\/aurenweb-stg.servidortemporal.net\/mx\/wp-json\/wp\/v2\/pages\/5732\/revisions\/11518"}],"wp:attachment":[{"href":"https:\/\/aurenweb-stg.servidortemporal.net\/mx\/wp-json\/wp\/v2\/media?parent=5732"}],"curies":[{"name":"wp","href":"https:\/\/api.w.org\/{rel}","templated":true}]}}