{"id":5756,"date":"2025-01-05T16:00:54","date_gmt":"2025-01-05T15:00:54","guid":{"rendered":"https:\/\/auren.com\/mx\/?page_id=5756"},"modified":"2025-01-24T13:59:14","modified_gmt":"2025-01-24T12:59:14","slug":"responsabilidad-corporativa","status":"publish","type":"page","link":"https:\/\/aurenweb-stg.servidortemporal.net\/mx\/conoce-auren\/responsabilidad-corporativa\/","title":{"rendered":"Responsabilidad corporativa"},"content":{"rendered":"<section id=\"Header-block_8eb0f6e0a7e6b2b7202c1714539cf566\" class=\"Header\">\r\n\r\n    <div class=\"hero\">\r\n                <div class=\"container\">\r\n            <div class=\"hero_header\">\r\n                                \r\n                <div class=\"hero_header_title\">\r\n                    <p class=''>Responsabilidad<\/p>\n                <\/div>\r\n\r\n                                                \r\n                <div class=\"hero_header_title\">\r\n                    <p class='' style=\"text-align: right;\"><strong>Corporativa:<\/strong><\/p>\n                <\/div>\r\n\r\n                                                \r\n                <div class=\"hero_header_subtitle\">\r\n                    <p style=\"text-align: right;\">Contribuimos al bienestar general de la sociedad<\/p>\n                <\/div>\r\n\r\n                                \r\n            <\/div>\r\n        <\/div>\r\n        \r\n                <picture>\r\n            <source data-srcset=\"https:\/\/aurenweb-stg.servidortemporal.net\/mx\/wp-content\/uploads\/2024\/11\/bg-hero-aboutus-corporate-d.webp\"\r\n                media=\"(min-width: 1200px)\" \/>\r\n            <img decoding=\"async\" class=\"hero_bg lazyload\"\r\n                <img decoding=\"async\" width=\"640\" height=\"383\" data-src=\"https:\/\/aurenweb-stg.servidortemporal.net\/mx\/wp-content\/uploads\/2024\/11\/bg-hero-aboutus-corporate-d-1024x612.webp\" class=\"hero_bg lazyload\" alt=\"\" data-srcset=\"https:\/\/aurenweb-stg.servidortemporal.net\/mx\/wp-content\/uploads\/2024\/11\/bg-hero-aboutus-corporate-d-1024x612.webp 1024w, https:\/\/aurenweb-stg.servidortemporal.net\/mx\/wp-content\/uploads\/2024\/11\/bg-hero-aboutus-corporate-d-300x179.webp 300w, https:\/\/aurenweb-stg.servidortemporal.net\/mx\/wp-content\/uploads\/2024\/11\/bg-hero-aboutus-corporate-d-768x459.webp 768w, https:\/\/aurenweb-stg.servidortemporal.net\/mx\/wp-content\/uploads\/2024\/11\/bg-hero-aboutus-corporate-d.webp 1200w\" data-sizes=\"(max-width: 640px) 100vw, 640px\" src=\"data:image\/svg+xml;base64,PHN2ZyB3aWR0aD0iMSIgaGVpZ2h0PSIxIiB4bWxucz0iaHR0cDovL3d3dy53My5vcmcvMjAwMC9zdmciPjwvc3ZnPg==\" style=\"--smush-placeholder-width: 640px; --smush-placeholder-aspect-ratio: 640\/383;\" \/>>\r\n        <\/picture>\r\n        \r\n                        <p class=\"hero_scroll\"><strong>Explorar m\u00e1s<\/strong> Despl\u00e1cese hacia abajo<\/p>\r\n                    <\/div>\r\n\r\n<\/section>\n\n\r\n<section id=\"Breadcrumbs-block_6508a0857beb051929359bb4a465e431\" class=\"Breadcrumbs\">\r\n    \r\n        <nav class=\"breads\" aria-label=\"Breadcrumb\">\r\n            <ul class=\"container\">\r\n                <li><a href=\"https:\/\/aurenweb-stg.servidortemporal.net\/mx\">Home<\/a><\/li>\r\n                <li><span aria-current=\"page\">Responsabilidad corporativa<\/span><\/li>            <\/ul>\r\n        <\/nav>\r\n\r\n                                                                                     \r\n    \r\n<\/section>\r\n\n\n\r\n<section id=\"ImageText-block_5d6c49267553c3430a5f64902f373994\" class=\"ImageText\">\r\n\r\n    <section class=\"info \">\r\n        <div class=\"container\">\r\n            <div class=\"info_text\">\r\n                <div class=\"info_title\">\r\n                    <p class=''>Impulsando un Cambio Positivo<\/p>\n                <\/div>\r\n                <div class=\"info_description\">\r\n                    <p>La responsabilidad social est\u00e1 en el ADN de Auren desde sus or\u00edgenes; es fundamental en nuestra cultura corporativa, siendo adem\u00e1s un valor compartido por todos nuestros profesionales. Estamos comprometidos en generar un impacto positivo en la sociedad y en fomentar pr\u00e1cticas \u00e9ticas que contribuyan al bienestar social.<\/p>\n<p>Promover la responsabilidad social corporativa y las pr\u00e1cticas comerciales sostenibles es una de nuestras prioridades, as\u00ed como fomentar la inclusi\u00f3n y la diversidad en nuestra organizaci\u00f3n.<\/p>\n<p>Somos socialmente responsables al ser sostenibles y al ayudar a nuestros clientes a serlo.<\/p>\n                <\/div>\r\n            <\/div>\r\n            <div class=\"info_media\">\r\n                <div class=\"info_media_item info_media_item-1\">\r\n                    <div class=\"info_media_item_text\"><span class=\"title\"><\/span><\/div>\r\n                    <div class=\"info_media_item_text_claim\"><\/div>\r\n                    <span class=\"info_media_item_bg\">\r\n                                                    <img decoding=\"async\" width=\"640\" height=\"366\" data-src=\"https:\/\/aurenweb-stg.servidortemporal.net\/mx\/wp-content\/uploads\/2025\/01\/international-auren-media-banner-3-1024x585.webp\" class=\"attachment-large size-large lazyload\" alt=\"\" data-srcset=\"https:\/\/aurenweb-stg.servidortemporal.net\/mx\/wp-content\/uploads\/2025\/01\/international-auren-media-banner-3-1024x585.webp 1024w, https:\/\/aurenweb-stg.servidortemporal.net\/mx\/wp-content\/uploads\/2025\/01\/international-auren-media-banner-3-300x171.webp 300w, https:\/\/aurenweb-stg.servidortemporal.net\/mx\/wp-content\/uploads\/2025\/01\/international-auren-media-banner-3-768x439.webp 768w, https:\/\/aurenweb-stg.servidortemporal.net\/mx\/wp-content\/uploads\/2025\/01\/international-auren-media-banner-3-1536x878.webp 1536w, https:\/\/aurenweb-stg.servidortemporal.net\/mx\/wp-content\/uploads\/2025\/01\/international-auren-media-banner-3-2048x1171.webp 2048w\" data-sizes=\"(max-width: 640px) 100vw, 640px\" src=\"data:image\/svg+xml;base64,PHN2ZyB3aWR0aD0iMSIgaGVpZ2h0PSIxIiB4bWxucz0iaHR0cDovL3d3dy53My5vcmcvMjAwMC9zdmciPjwvc3ZnPg==\" style=\"--smush-placeholder-width: 640px; --smush-placeholder-aspect-ratio: 640\/366;\" \/>                                            <\/span>\r\n                                                        <\/div>\r\n                <div class=\"info_media_claim\">\r\n                    <p>Auren con la sostenibilidad<\/p>\n                <\/div>\r\n                <div class=\"info_media_item info_media_item-2\">\r\n                    <div class=\"info_media_item_text\"><span class=\"title\"><\/span><\/div>\r\n                    <div class=\"info_media_item_text_claim\"><\/div>\r\n                    <span class=\"info_media_item_bg\">\r\n                                                    <img decoding=\"async\" width=\"640\" height=\"354\" data-src=\"https:\/\/aurenweb-stg.servidortemporal.net\/mx\/wp-content\/uploads\/2025\/01\/image-text-5-1-1024x567.webp\" class=\"attachment-large size-large lazyload\" alt=\"\" data-srcset=\"https:\/\/aurenweb-stg.servidortemporal.net\/mx\/wp-content\/uploads\/2025\/01\/image-text-5-1-1024x567.webp 1024w, https:\/\/aurenweb-stg.servidortemporal.net\/mx\/wp-content\/uploads\/2025\/01\/image-text-5-1-300x166.webp 300w, https:\/\/aurenweb-stg.servidortemporal.net\/mx\/wp-content\/uploads\/2025\/01\/image-text-5-1-768x425.webp 768w, https:\/\/aurenweb-stg.servidortemporal.net\/mx\/wp-content\/uploads\/2025\/01\/image-text-5-1-1536x851.webp 1536w, https:\/\/aurenweb-stg.servidortemporal.net\/mx\/wp-content\/uploads\/2025\/01\/image-text-5-1-2048x1134.webp 2048w\" data-sizes=\"(max-width: 640px) 100vw, 640px\" src=\"data:image\/svg+xml;base64,PHN2ZyB3aWR0aD0iMSIgaGVpZ2h0PSIxIiB4bWxucz0iaHR0cDovL3d3dy53My5vcmcvMjAwMC9zdmciPjwvc3ZnPg==\" style=\"--smush-placeholder-width: 640px; --smush-placeholder-aspect-ratio: 640\/354;\" \/>                                            <\/span>\r\n                                                        <\/div>\r\n            <\/div>\r\n        <\/div>\r\n    <\/section>\r\n\r\n<\/section>\r\n\r\n\n\n<div id=\"TitleSubtitleText-block_7e67bc5e186d700fa09e190e9589718e\" class=\"TitleSubtitleText\">\n\n    <section class=\"headlines v2\">\n        <div class=\"container\">\n                        <div class=\"headlines_title\">\n                <p class=''>Servicios profesionales con un enfoque humano<\/p>\n            <\/div>\n                                    <div class=\"headlines_content\">\n                                <div class=\"headlines_subtitle\">\n                    <p>Impulsando el Cambio<\/p>\n                <\/div>\n                                                <div class=\"headlines_description\">\n                    <p>En Auren, estamos convencidos de que las firmas profesionales desempe\u00f1an un papel clave para el progreso de la sociedad. Nos comprometemos a desarrollar una econom\u00eda \u00e9tica que promueva el bienestar de la sociedad poniendo siempre a las personas en el centro de todas las decisiones.<\/p>\n<p>Nuestra misi\u00f3n es construir una sociedad m\u00e1s pr\u00f3spera, justa y sostenible, respetando siempre la dignidad humana. Trabajamos para que las pr\u00e1cticas empresariales responsables impulsen el progreso social y la gesti\u00f3n ambiental, generando un impacto positivo en el conjunto de la sociedad.<\/p>\n                <\/div>\n                                            <\/div>\n                    <\/div>\n    <\/section>\n\n<\/div>\n\n\n<div id=\"CoverBanner-block_c53a47248c93583155a0f95e6e7d894c\" class=\"CoverBanner\">\n\n    <section class=\"cover\">\n        <div class=\"container\">\n            <div class=\"cover_content lazyload\" style=\"background-image:inherit;\" data-bg-image=\"url(&#039;https:\/\/aurenweb-stg.servidortemporal.net\/mx\/wp-content\/uploads\/2025\/01\/example-cover-1.webp&#039;)\">\n                <div class=\"cover_title\">\n                    <h3 class=''>Comprometidos con la sociedad.<\/h3>\n                <\/div>\n                <div class=\"cover_subtitle\">\n                    <h3 class=''>Impacto positivo<\/h3>\n                <\/div>\n                <div class=\"cover_description\">\n                    <p class=''>En nuestro trabajo diario, consideramos los intereses de nuestros socios, empleados, clientes, proveedores y otros grupos de inter\u00e9s. Nuestro objetivo es tener un impacto positivo en la sociedad y reforzar el bien com\u00fan, buscando el desarrollo equilibrado de las personas y su entorno.<\/p>\n                <\/div>\n            <\/div>\n        <\/div>\n    <\/section>\n\n<\/div>\n\n\n","protected":false},"excerpt":{"rendered":"","protected":false},"author":2,"featured_media":0,"parent":5732,"menu_order":0,"comment_status":"closed","ping_status":"closed","template":"","meta":{"_acf_changed":false,"footnotes":""},"class_list":["post-5756","page","type-page","status-publish","hentry"],"acf":[],"yoast_head":"<!-- This site is optimized with the Yoast SEO plugin v26.7 - https:\/\/yoast.com\/wordpress\/plugins\/seo\/ -->\n<title>Responsabilidad corporativa - Auren Mexico<\/title>\n<meta name=\"robots\" content=\"noindex, follow, max-snippet:-1, max-image-preview:large, max-video-preview:-1\" \/>\n<meta property=\"og:locale\" content=\"es_ES\" \/>\n<meta property=\"og:type\" content=\"article\" \/>\n<meta property=\"og:title\" content=\"Responsabilidad corporativa - Auren Mexico\" \/>\n<meta property=\"og:url\" content=\"https:\/\/aurenweb-stg.servidortemporal.net\/mx\/conoce-auren\/responsabilidad-corporativa\/\" \/>\n<meta property=\"og:site_name\" content=\"Auren Mexico\" \/>\n<meta property=\"article:publisher\" content=\"https:\/\/www.facebook.com\/AurenMexico\/\" \/>\n<meta property=\"article:modified_time\" content=\"2025-01-24T12:59:14+00:00\" \/>\n<meta name=\"twitter:card\" content=\"summary_large_image\" \/>\n<meta name=\"twitter:site\" content=\"@Auren_Mexico\" \/>\n<script type=\"application\/ld+json\" class=\"yoast-schema-graph\">{\"@context\":\"https:\/\/schema.org\",\"@graph\":[{\"@type\":\"WebPage\",\"@id\":\"https:\/\/aurenweb-stg.servidortemporal.net\/mx\/conoce-auren\/responsabilidad-corporativa\/\",\"url\":\"https:\/\/aurenweb-stg.servidortemporal.net\/mx\/conoce-auren\/responsabilidad-corporativa\/\",\"name\":\"Responsabilidad corporativa - Auren Mexico\",\"isPartOf\":{\"@id\":\"https:\/\/aurenweb-stg.servidortemporal.net\/mx\/#website\"},\"datePublished\":\"2025-01-05T15:00:54+00:00\",\"dateModified\":\"2025-01-24T12:59:14+00:00\",\"breadcrumb\":{\"@id\":\"https:\/\/aurenweb-stg.servidortemporal.net\/mx\/conoce-auren\/responsabilidad-corporativa\/#breadcrumb\"},\"inLanguage\":\"es\",\"potentialAction\":[{\"@type\":\"ReadAction\",\"target\":[\"https:\/\/aurenweb-stg.servidortemporal.net\/mx\/conoce-auren\/responsabilidad-corporativa\/\"]}]},{\"@type\":\"BreadcrumbList\",\"@id\":\"https:\/\/aurenweb-stg.servidortemporal.net\/mx\/conoce-auren\/responsabilidad-corporativa\/#breadcrumb\",\"itemListElement\":[{\"@type\":\"ListItem\",\"position\":1,\"name\":\"Portada\",\"item\":\"https:\/\/aurenweb-stg.servidortemporal.net\/mx\/\"},{\"@type\":\"ListItem\",\"position\":2,\"name\":\"Conoce Auren\",\"item\":\"https:\/\/aurenweb-stg.servidortemporal.net\/mx\/conoce-auren\/\"},{\"@type\":\"ListItem\",\"position\":3,\"name\":\"Responsabilidad corporativa\"}]},{\"@type\":\"WebSite\",\"@id\":\"https:\/\/aurenweb-stg.servidortemporal.net\/mx\/#website\",\"url\":\"https:\/\/aurenweb-stg.servidortemporal.net\/mx\/\",\"name\":\"Auren Mexico\",\"description\":\"\",\"publisher\":{\"@id\":\"https:\/\/aurenweb-stg.servidortemporal.net\/mx\/#organization\"},\"potentialAction\":[{\"@type\":\"SearchAction\",\"target\":{\"@type\":\"EntryPoint\",\"urlTemplate\":\"https:\/\/aurenweb-stg.servidortemporal.net\/mx\/?s={search_term_string}\"},\"query-input\":{\"@type\":\"PropertyValueSpecification\",\"valueRequired\":true,\"valueName\":\"search_term_string\"}}],\"inLanguage\":\"es\"},{\"@type\":\"Organization\",\"@id\":\"https:\/\/aurenweb-stg.servidortemporal.net\/mx\/#organization\",\"name\":\"Auren Mexico\",\"url\":\"https:\/\/aurenweb-stg.servidortemporal.net\/mx\/\",\"logo\":{\"@type\":\"ImageObject\",\"inLanguage\":\"es\",\"@id\":\"https:\/\/aurenweb-stg.servidortemporal.net\/mx\/#\/schema\/logo\/image\/\",\"url\":\"https:\/\/aurenweb-stg.servidortemporal.net\/mx\/wp-content\/uploads\/2025\/01\/cropped-cropped-favicon-Auren.png\",\"contentUrl\":\"https:\/\/aurenweb-stg.servidortemporal.net\/mx\/wp-content\/uploads\/2025\/01\/cropped-cropped-favicon-Auren.png\",\"width\":512,\"height\":512,\"caption\":\"Auren Mexico\"},\"image\":{\"@id\":\"https:\/\/aurenweb-stg.servidortemporal.net\/mx\/#\/schema\/logo\/image\/\"},\"sameAs\":[\"https:\/\/www.facebook.com\/AurenMexico\/\",\"https:\/\/x.com\/Auren_Mexico\",\"https:\/\/www.youtube.com\/channel\/UCcXaG4Mj_-dazS7WAz2qvKQ\",\"https:\/\/www.linkedin.com\/company\/auren-mxico\"]}]}<\/script>\n<!-- \/ Yoast SEO plugin. -->","yoast_head_json":{"title":"Responsabilidad corporativa - Auren Mexico","robots":{"index":"noindex","follow":"follow","max-snippet":"max-snippet:-1","max-image-preview":"max-image-preview:large","max-video-preview":"max-video-preview:-1"},"og_locale":"es_ES","og_type":"article","og_title":"Responsabilidad corporativa - Auren Mexico","og_url":"https:\/\/aurenweb-stg.servidortemporal.net\/mx\/conoce-auren\/responsabilidad-corporativa\/","og_site_name":"Auren Mexico","article_publisher":"https:\/\/www.facebook.com\/AurenMexico\/","article_modified_time":"2025-01-24T12:59:14+00:00","twitter_card":"summary_large_image","twitter_site":"@Auren_Mexico","schema":{"@context":"https:\/\/schema.org","@graph":[{"@type":"WebPage","@id":"https:\/\/aurenweb-stg.servidortemporal.net\/mx\/conoce-auren\/responsabilidad-corporativa\/","url":"https:\/\/aurenweb-stg.servidortemporal.net\/mx\/conoce-auren\/responsabilidad-corporativa\/","name":"Responsabilidad corporativa - Auren Mexico","isPartOf":{"@id":"https:\/\/aurenweb-stg.servidortemporal.net\/mx\/#website"},"datePublished":"2025-01-05T15:00:54+00:00","dateModified":"2025-01-24T12:59:14+00:00","breadcrumb":{"@id":"https:\/\/aurenweb-stg.servidortemporal.net\/mx\/conoce-auren\/responsabilidad-corporativa\/#breadcrumb"},"inLanguage":"es","potentialAction":[{"@type":"ReadAction","target":["https:\/\/aurenweb-stg.servidortemporal.net\/mx\/conoce-auren\/responsabilidad-corporativa\/"]}]},{"@type":"BreadcrumbList","@id":"https:\/\/aurenweb-stg.servidortemporal.net\/mx\/conoce-auren\/responsabilidad-corporativa\/#breadcrumb","itemListElement":[{"@type":"ListItem","position":1,"name":"Portada","item":"https:\/\/aurenweb-stg.servidortemporal.net\/mx\/"},{"@type":"ListItem","position":2,"name":"Conoce Auren","item":"https:\/\/aurenweb-stg.servidortemporal.net\/mx\/conoce-auren\/"},{"@type":"ListItem","position":3,"name":"Responsabilidad corporativa"}]},{"@type":"WebSite","@id":"https:\/\/aurenweb-stg.servidortemporal.net\/mx\/#website","url":"https:\/\/aurenweb-stg.servidortemporal.net\/mx\/","name":"Auren Mexico","description":"","publisher":{"@id":"https:\/\/aurenweb-stg.servidortemporal.net\/mx\/#organization"},"potentialAction":[{"@type":"SearchAction","target":{"@type":"EntryPoint","urlTemplate":"https:\/\/aurenweb-stg.servidortemporal.net\/mx\/?s={search_term_string}"},"query-input":{"@type":"PropertyValueSpecification","valueRequired":true,"valueName":"search_term_string"}}],"inLanguage":"es"},{"@type":"Organization","@id":"https:\/\/aurenweb-stg.servidortemporal.net\/mx\/#organization","name":"Auren Mexico","url":"https:\/\/aurenweb-stg.servidortemporal.net\/mx\/","logo":{"@type":"ImageObject","inLanguage":"es","@id":"https:\/\/aurenweb-stg.servidortemporal.net\/mx\/#\/schema\/logo\/image\/","url":"https:\/\/aurenweb-stg.servidortemporal.net\/mx\/wp-content\/uploads\/2025\/01\/cropped-cropped-favicon-Auren.png","contentUrl":"https:\/\/aurenweb-stg.servidortemporal.net\/mx\/wp-content\/uploads\/2025\/01\/cropped-cropped-favicon-Auren.png","width":512,"height":512,"caption":"Auren Mexico"},"image":{"@id":"https:\/\/aurenweb-stg.servidortemporal.net\/mx\/#\/schema\/logo\/image\/"},"sameAs":["https:\/\/www.facebook.com\/AurenMexico\/","https:\/\/x.com\/Auren_Mexico","https:\/\/www.youtube.com\/channel\/UCcXaG4Mj_-dazS7WAz2qvKQ","https:\/\/www.linkedin.com\/company\/auren-mxico"]}]}},"_links":{"self":[{"href":"https:\/\/aurenweb-stg.servidortemporal.net\/mx\/wp-json\/wp\/v2\/pages\/5756","targetHints":{"allow":["GET"]}}],"collection":[{"href":"https:\/\/aurenweb-stg.servidortemporal.net\/mx\/wp-json\/wp\/v2\/pages"}],"about":[{"href":"https:\/\/aurenweb-stg.servidortemporal.net\/mx\/wp-json\/wp\/v2\/types\/page"}],"author":[{"embeddable":true,"href":"https:\/\/aurenweb-stg.servidortemporal.net\/mx\/wp-json\/wp\/v2\/users\/2"}],"replies":[{"embeddable":true,"href":"https:\/\/aurenweb-stg.servidortemporal.net\/mx\/wp-json\/wp\/v2\/comments?post=5756"}],"version-history":[{"count":2,"href":"https:\/\/aurenweb-stg.servidortemporal.net\/mx\/wp-json\/wp\/v2\/pages\/5756\/revisions"}],"predecessor-version":[{"id":8409,"href":"https:\/\/aurenweb-stg.servidortemporal.net\/mx\/wp-json\/wp\/v2\/pages\/5756\/revisions\/8409"}],"up":[{"embeddable":true,"href":"https:\/\/aurenweb-stg.servidortemporal.net\/mx\/wp-json\/wp\/v2\/pages\/5732"}],"wp:attachment":[{"href":"https:\/\/aurenweb-stg.servidortemporal.net\/mx\/wp-json\/wp\/v2\/media?parent=5756"}],"curies":[{"name":"wp","href":"https:\/\/api.w.org\/{rel}","templated":true}]}}