{"id":5098,"date":"2025-01-07T12:39:14","date_gmt":"2025-01-07T11:39:14","guid":{"rendered":"https:\/\/aurenweb-stg.servidortemporal.net\/pt\/?page_id=5098"},"modified":"2025-01-25T15:38:08","modified_gmt":"2025-01-25T14:38:08","slug":"blog","status":"publish","type":"page","link":"https:\/\/aurenweb-stg.servidortemporal.net\/pt\/es\/tendencias\/blog\/","title":{"rendered":"Blog"},"content":{"rendered":"<section id=\"Header-block_af72d6fad646bd5503a35ee5a6d0b70b\" class=\"Header\">\r\n\r\n    <div class=\"hero\">\r\n                <div class=\"container\">\r\n            <div class=\"hero_header\">\r\n                                \r\n                <div class=\"hero_header_title\">\r\n                    <h1 class=''>TENDENCIAS<\/h1>\n                <\/div>\r\n\r\n                                                \r\n                <div class=\"hero_header_subtitle\">\r\n                    <p>EN NUESTRO BLOG, ENCONTRAR\u00c1 ART\u00cdCULOS DE INTER\u00c9S SOBRE NUESTRAS DIVERSAS \u00c1REAS DE ESPECIALIZACI\u00d3N.<\/p>\n                <\/div>\r\n\r\n                                \r\n            <\/div>\r\n        <\/div>\r\n        \r\n                <picture>\r\n            <source srcset=\"https:\/\/aurenweb-stg.servidortemporal.net\/pt\/wp-content\/uploads\/2025\/01\/bg-hero-trends-country-d.webp\"\r\n                media=\"(min-width: 1200px)\" \/>\r\n            <img loading=\"lazy\" decoding=\"async\" class=\"hero_bg\"\r\n                <img loading=\"lazy\" decoding=\"async\" width=\"640\" height=\"383\" src=\"https:\/\/aurenweb-stg.servidortemporal.net\/pt\/wp-content\/uploads\/2025\/01\/bg-hero-trends-country-d-1024x612.webp\" class=\"hero_bg\" alt=\"\" srcset=\"https:\/\/aurenweb-stg.servidortemporal.net\/pt\/wp-content\/uploads\/2025\/01\/bg-hero-trends-country-d-1024x612.webp 1024w, https:\/\/aurenweb-stg.servidortemporal.net\/pt\/wp-content\/uploads\/2025\/01\/bg-hero-trends-country-d-300x179.webp 300w, https:\/\/aurenweb-stg.servidortemporal.net\/pt\/wp-content\/uploads\/2025\/01\/bg-hero-trends-country-d-768x459.webp 768w, https:\/\/aurenweb-stg.servidortemporal.net\/pt\/wp-content\/uploads\/2025\/01\/bg-hero-trends-country-d.webp 1200w\" sizes=\"auto, (max-width: 640px) 100vw, 640px\" \/>>\r\n        <\/picture>\r\n        \r\n                        <p class=\"hero_scroll\"><strong>Explorar m\u00e1s<\/strong> Despl\u00e1cese hacia abajo<\/p>\r\n                    <\/div>\r\n\r\n<\/section>\n\n\r\n<section id=\"Breadcrumbs-block_53dbfc0dcf7a83a902891a480bf89915\" class=\"Breadcrumbs\">\r\n    \r\n        <nav class=\"breads\" aria-label=\"Breadcrumb\">\r\n            <ul class=\"container\">\r\n                <li><a href=\"https:\/\/aurenweb-stg.servidortemporal.net\/pt\/es\/\">Home<\/a><\/li>\r\n                <li><span aria-current=\"page\">Blog<\/span><\/li>            <\/ul>\r\n        <\/nav>\r\n\r\n                                                                                     \r\n    \r\n<\/section>\r\n\n\n<div id=\"TitleSubtitleText-block_ff742b327fce962de6672f4bdce29c26\" class=\"TitleSubtitleText\">\n\n    <section class=\"headlines v1\">\n        <div class=\"container\">\n                        <div class=\"headlines_title\">\n                <h2 class=''>IMPULSE SU NEGOCIO CON CONSEJOS DE EXPERTOS<\/h2>\n            <\/div>\n                                    <div class=\"headlines_content\">\n                                                <div class=\"headlines_description\">\n                    <p>Aqu\u00ed encontrar\u00e1 informaci\u00f3n sobre diferentes disciplinas que le ayudar\u00e1n en su negocio y sobre las tendencias actuales del mercado.<\/p>\n                <\/div>\n                                            <\/div>\n                    <\/div>\n    <\/section>\n\n<\/div>\n\n\n<div id=\"TrendsDistributive-block_a4ae153d56723db1a3dbabf9a861d9ab\" class=\"TrendsDistributive\" data-per-page=\"9\" data-type=\"blog\" data-tags=\"show\">\n\n    \n    <div class=\"categories\">\n        <div class=\"container\">\n            <div class=\"categories_title\">\n                <h1 class=''>CATEGOR\u00cdAS BLOG<\/h1>\n            <\/div>\n            <div class=\"categories_nav\">\n                <a class=\"categories_nav_button\" href=\"#\">Sort By Category<\/a>\n                <div class=\"categories_nav_content\">\n                    <div class=\"categories_nav_tags\">\n                        <span class=\"categories_nav_tags_item\">Blog<\/span>\n                    <\/div>\n                    <div class=\"categories_nav_list\">\n                        <label class=\"categories_nav_list_item\"><input class=\"categories_nav_list_check\" type=\"checkbox\" data-type=\"\" data-value=\"all\" checked><span class=\"categories_nav_list_text\">Todas las categor\u00edas<\/span><\/label>\n                                            <\/div>\n                <\/div>\n            <\/div>\n        <\/div>\n    <\/div>\n        <div class=\"articles\">\n\n        <div class=\"container\">\n            \n            \n            \n        <\/div>\n    <\/div>\n\n    <div class=\"filters\">\n\n        <div class=\"container\">\n            <div class=\"filters_title\">\n                <h4 class=\"active\">Blog<\/h4>\n                            <\/div>\n            <div class=\"filters_nav\">\n\n                <div id=\"filters-search-panel\" class=\"filters_search\" role=\"search\" hidden>\n                    <input\n                            type=\"text\"\n                            class=\"filters_search_input\"\n                            placeholder=\"Buscar...\"\n                            value=\"\"\n                            aria-label=\"Buscar\"\n                    \/>\n                    <button type=\"button\" class=\"filters_search_clear\" aria-label=\"Limpiar b\u00fasqueda\"><\/button>\n                <\/div>\n                <button type=\"button\"\n                        class=\"filters_search_toggle\"\n                        aria-expanded=\"false\"\n                        aria-controls=\"filters-search-panel\"\n                        aria-label=\"Abrir buscador\">\n                <\/button>\n                <a class=\"filters_nav_button\" href=\"#\">Ordenar por<\/a>\n\n                <!-- Aqu\u00ed la lupa para buscar -->\n                <div class=\"filters_nav_content\">\n                    <div class=\"filters_nav_list\">\n                        <p class=\"filters_nav_list_title\">Blog<\/p>\n                        <label class=\"filters_nav_list_item\"><input class=\"filters_nav_list_check\" type=\"checkbox\" data-type=\"new\" checked><span class=\"filters_nav_list_text\">Nuevos<\/span><\/label>\n                        <label class=\"filters_nav_list_item\"><input class=\"filters_nav_list_check\" type=\"checkbox\" data-type=\"old\"><span class=\"filters_nav_list_text\">Antiguos<\/span><\/label>\n                        <label class=\"filters_nav_list_item\"><input class=\"filters_nav_list_check\" type=\"checkbox\" data-type=\"a-z\"><span class=\"filters_nav_list_text\">A-Z<\/span><\/label>\n                        <label class=\"filters_nav_list_item\"><input class=\"filters_nav_list_check\" type=\"checkbox\" data-type=\"z-a\"><span class=\"filters_nav_list_text\">Z-A<\/span><\/label>\n                    <\/div>\n                <\/div>\n            <\/div>\n        <\/div>\n    <\/div>\n\n    <div class=\"articles\">\n        <div class=\"cards_loading\" hidden aria-hidden=\"true\">\n            <span class=\"spinner\" aria-label=\"Cargando\"><\/span>\n        <\/div>\n        <div class=\"container list\">\n            \n        <\/div>\n    <\/div>\n\n    <\/div>\n\n\n\r\n<section id=\"ContactForm-block_1ecb221a9e255631abb036e41f97abf4\" class=\"ContactForm\">\r\n\r\n    <div class=\"subscribe\">\r\n        <div class=\"container\">\r\n            <div class=\"subscribe_header\" style=\"background-image: url('https:\/\/aurenweb-stg.servidortemporal.net\/pt\/wp-content\/uploads\/2025\/01\/subscribe-image-1-1024x585.webp')\">\r\n                <div class=\"subscribe_header_title\">\r\n                    <h3>No te pierdas nuestras actualizaciones. Suscr\u00edbete.<\/h3>\n                <\/div>\r\n                <div class=\"subscribe_header_kicker\">\r\n                    <span>BLOG<\/span>\r\n                <\/div>\r\n            <\/div>\r\n            <div class=\"subscribe_text\">\r\n                \n<div class=\"wpcf7 no-js\" id=\"wpcf7-f10413-o1\" lang=\"es-ES\" dir=\"ltr\" data-wpcf7-id=\"10413\">\n<div class=\"screen-reader-response\"><p role=\"status\" aria-live=\"polite\" aria-atomic=\"true\"><\/p> <ul><\/ul><\/div>\n<form action=\"\/pt\/es\/wp-json\/wp\/v2\/pages\/5098#wpcf7-f10413-o1\" method=\"post\" class=\"wpcf7-form init\" aria-label=\"Formulario de contacto\" novalidate=\"novalidate\" data-status=\"init\">\n<div style=\"display: none;\">\n<input type=\"hidden\" name=\"_wpcf7\" value=\"10413\" \/>\n<input type=\"hidden\" name=\"_wpcf7_version\" value=\"6.0\" \/>\n<input type=\"hidden\" name=\"_wpcf7_locale\" value=\"es_ES\" \/>\n<input type=\"hidden\" name=\"_wpcf7_unit_tag\" value=\"wpcf7-f10413-o1\" \/>\n<input type=\"hidden\" name=\"_wpcf7_container_post\" value=\"0\" \/>\n<input type=\"hidden\" name=\"_wpcf7_posted_data_hash\" value=\"\" \/>\n<\/div>\n<p><input type=\"hidden\" name=\"token\" id=\"token\" \/>\n<\/p>\n<div class=\"subscribe_field subscribe_field-placeholder\">\n\t<p><span class=\"wpcf7-form-control-wrap\" data-name=\"name\"><input size=\"40\" maxlength=\"400\" class=\"wpcf7-form-control wpcf7-text wpcf7-validates-as-required\" id=\"name\" autocomplete=\"name\" aria-required=\"true\" aria-invalid=\"false\" value=\"\" type=\"text\" name=\"name\" \/><\/span><label for=\"name\">Nombre completo<span>*<\/span><\/label>\n\t<\/p>\n<\/div>\n<div class=\"subscribe_field subscribe_field-placeholder\">\n\t<p><span class=\"wpcf7-form-control-wrap\" data-name=\"validate_email\"><input size=\"40\" maxlength=\"400\" class=\"wpcf7-form-control wpcf7-email wpcf7-validates-as-required wpcf7-text wpcf7-validates-as-email\" id=\"validate_email\" autocomplete=\"email\" aria-required=\"true\" aria-invalid=\"false\" value=\"\" type=\"email\" name=\"validate_email\" \/><\/span><label for=\"validate_email\">Email<span>*<\/span><\/label>\n\t<\/p>\n<\/div>\n<div class=\"subscribe_field subscribe_field-select\">\n\t<p><label for=\"services\">Servicios<\/label><span class=\"wpcf7-form-control-wrap\" data-name=\"services\"><span class=\"wpcf7-form-control wpcf7-checkbox wpcf7-validates-as-required\"><span class=\"wpcf7-list-item first\"><label><input type=\"checkbox\" name=\"services[]\" value=\"3653\" \/><span class=\"wpcf7-list-item-label\">Auditor\u00eda financiera<\/span><\/label><\/span><span class=\"wpcf7-list-item\"><label><input type=\"checkbox\" name=\"services[]\" value=\"3695\" \/><span class=\"wpcf7-list-item-label\">Asesor\u00eda<\/span><\/label><\/span><span class=\"wpcf7-list-item\"><label><input type=\"checkbox\" name=\"services[]\" value=\"3717\" \/><span class=\"wpcf7-list-item-label\">Consultor\u00eda de Gesti\u00f3n<\/span><\/label><\/span><span class=\"wpcf7-list-item last\"><label><input type=\"checkbox\" name=\"services[]\" value=\"3785\" \/><span class=\"wpcf7-list-item-label\">Corporate Finance<\/span><\/label><\/span><\/span><\/span>\n\t<\/p>\n<\/div>\n<div class=\"subscribe_field subscribe_field-check\">\n\t<p><span class=\"wpcf7-form-control-wrap\" data-name=\"privacy\"><span class=\"wpcf7-form-control wpcf7-acceptance\"><span class=\"wpcf7-list-item\"><label><input type=\"checkbox\" name=\"privacy\" value=\"1\" aria-invalid=\"false\" \/><span class=\"wpcf7-list-item-label\">He le\u00eddo y acepto el  <a href=\"https:\/\/aurenweb-stg.servidortemporal.net\/pt\/es\/legal-advice\/\">aviso legal<\/a> y la <a href=\"https:\/\/aurenweb-stg.servidortemporal.net\/pt\/es\/privacy-policy\/\">Pol\u00edtica de Privacidad.<\/a><span>*<\/span><\/span><\/label><\/span><\/span><\/span>\n\t<\/p>\n<\/div>\n<div class=\"subscribe_note\">\n\t<p>Al marcar la casilla que indica \u201cHe le\u00eddo y acepto el Aviso Legal y Pol\u00edtica de Privacidad\u201d y pulsar el bot\u00f3n \u201cenviar\u201d, est\u00e1s dando tu consentimiento expreso e inequ\u00edvoco para que tus datos sean tratados por el responsable del tratamiento, con la finalidad de responderte. a tu mensaje. Tus datos no ser\u00e1n compartidos con terceros ajenos al Grupo Auren y ser\u00e1n eliminados tan pronto como te enviemos nuestra respuesta. En cualquier caso, podr\u00e1 consultar m\u00e1s informaci\u00f3n sobre el ejercicio de sus derechos de acceso, rectificaci\u00f3n, supresi\u00f3n, portabilidad, limitaci\u00f3n, oposici\u00f3n al tratamiento de sus datos personales y otra informaci\u00f3n relacionada en el \u00e1mbito de nuestra \u202f<a href=\"https:\/\/aurenweb-stg.servidortemporal.net\/pt\/es\/privacy-policy\/\">Pol\u00edtica de Privacidad<\/a>.\n\t<\/p>\n<\/div>\n<div>\n\t<p><button type=\"submit\" class=\"wpcf7-form-control wpcf7-submit button button-primary button-icon\">Suscribirse<\/button>\n\t<\/p>\n<\/div><div class=\"wpcf7-response-output\" aria-hidden=\"true\"><\/div>\n<\/form>\n<\/div>\n            <\/div>\r\n        <\/div>\r\n    <\/div>\r\n\r\n<\/section>\n\n<div id=\"Share-block_a16f32668561c1025c64d4eca6d03f7c\" class=\"Share\">\n    <div class=\"sharer\">\n        <div class=\"container center\">\n            <h3 class='sharer_text'>S\u00edganos en nuestras redes sociales internacionales.<\/h3>\n            <nav class=\"sharer_nav\">\n                                                <a class=\"sharer_nav_item share_nav_item_0\" href=\"https:\/\/www.linkedin.com\/company\/auren-auditores-&#038;-consultores\"\n                    target=\"_blank\">Instagram<\/a>\n                <style>\n                .Share .share_nav_item_0 {\n                    background-image: url(https:\/\/aurenweb-stg.servidortemporal.net\/pt\/wp-content\/uploads\/2025\/01\/linkedin.svg);\n                }\n\n                .Share .share_nav_item_0:hover {\n                    background-image: url(https:\/\/aurenweb-stg.servidortemporal.net\/pt\/wp-content\/uploads\/2025\/01\/linkedin-hover.svg);\n                }\n                <\/style>\n                \n                                                <a class=\"sharer_nav_item share_nav_item_1\" href=\"https:\/\/www.facebook.com\/AurenPortugal\"\n                    target=\"_blank\">Facebook<\/a>\n                <style>\n                .Share .share_nav_item_1 {\n                    background-image: url(https:\/\/aurenweb-stg.servidortemporal.net\/pt\/wp-content\/uploads\/2025\/01\/ico-facebook-contrast.svg);\n                }\n\n                .Share .share_nav_item_1:hover {\n                    background-image: url(https:\/\/aurenweb-stg.servidortemporal.net\/pt\/wp-content\/uploads\/2025\/01\/ico-facebook.svg);\n                }\n                <\/style>\n                \n                            <\/nav>\n        <\/div>\n    <\/div>\n<\/div>","protected":false},"excerpt":{"rendered":"","protected":false},"author":2,"featured_media":0,"parent":5062,"menu_order":0,"comment_status":"closed","ping_status":"closed","template":"","meta":{"_acf_changed":false,"footnotes":""},"class_list":["post-5098","page","type-page","status-publish","hentry"],"acf":[],"_links":{"self":[{"href":"https:\/\/aurenweb-stg.servidortemporal.net\/pt\/es\/wp-json\/wp\/v2\/pages\/5098","targetHints":{"allow":["GET"]}}],"collection":[{"href":"https:\/\/aurenweb-stg.servidortemporal.net\/pt\/es\/wp-json\/wp\/v2\/pages"}],"about":[{"href":"https:\/\/aurenweb-stg.servidortemporal.net\/pt\/es\/wp-json\/wp\/v2\/types\/page"}],"author":[{"embeddable":true,"href":"https:\/\/aurenweb-stg.servidortemporal.net\/pt\/es\/wp-json\/wp\/v2\/users\/2"}],"replies":[{"embeddable":true,"href":"https:\/\/aurenweb-stg.servidortemporal.net\/pt\/es\/wp-json\/wp\/v2\/comments?post=5098"}],"version-history":[{"count":2,"href":"https:\/\/aurenweb-stg.servidortemporal.net\/pt\/es\/wp-json\/wp\/v2\/pages\/5098\/revisions"}],"predecessor-version":[{"id":10434,"href":"https:\/\/aurenweb-stg.servidortemporal.net\/pt\/es\/wp-json\/wp\/v2\/pages\/5098\/revisions\/10434"}],"up":[{"embeddable":true,"href":"https:\/\/aurenweb-stg.servidortemporal.net\/pt\/es\/wp-json\/wp\/v2\/pages\/5062"}],"wp:attachment":[{"href":"https:\/\/aurenweb-stg.servidortemporal.net\/pt\/es\/wp-json\/wp\/v2\/media?parent=5098"}],"curies":[{"name":"wp","href":"https:\/\/api.w.org\/{rel}","templated":true}]}}