{"id":10207,"date":"2025-01-21T11:50:53","date_gmt":"2025-01-21T10:50:53","guid":{"rendered":"https:\/\/aurenweb-stg.servidortemporal.net\/pt\/?page_id=10207"},"modified":"2025-01-24T09:50:57","modified_gmt":"2025-01-24T08:50:57","slug":"videos-podcast","status":"publish","type":"page","link":"https:\/\/aurenweb-stg.servidortemporal.net\/pt\/tendencias-internacionais\/videos-podcast\/","title":{"rendered":"V\u00eddeos &amp; Podcast"},"content":{"rendered":"<section id=\"Header-block_b780af3e6d275e69d0346fe9302ed711\" class=\"Header\">\r\n\r\n    <div class=\"hero\">\r\n                <div class=\"container\">\r\n            <div class=\"hero_header\">\r\n                                \r\n                <div class=\"hero_header_title\">\r\n                    <h1 class='' style=\"text-align: right;\">Auren Media<\/h1>\n                <\/div>\r\n\r\n                                                \r\n                <div class=\"hero_header_subtitle\">\r\n                    <p>Descubra as \u00faltimas not\u00edcias e publica\u00e7\u00f5es da Auren International.<\/p>\n                <\/div>\r\n\r\n                                \r\n            <\/div>\r\n        <\/div>\r\n        \r\n                <picture>\r\n            <source srcset=\"https:\/\/aurenweb-stg.servidortemporal.net\/pt\/wp-content\/uploads\/2025\/01\/Videos.webp\"\r\n                media=\"(min-width: 1200px)\" \/>\r\n            <img loading=\"lazy\" decoding=\"async\" class=\"hero_bg\"\r\n                <img loading=\"lazy\" decoding=\"async\" width=\"640\" height=\"386\" src=\"https:\/\/aurenweb-stg.servidortemporal.net\/pt\/wp-content\/uploads\/2025\/01\/Videos-1024x617.webp\" class=\"hero_bg\" alt=\"\" srcset=\"https:\/\/aurenweb-stg.servidortemporal.net\/pt\/wp-content\/uploads\/2025\/01\/Videos-1024x617.webp 1024w, https:\/\/aurenweb-stg.servidortemporal.net\/pt\/wp-content\/uploads\/2025\/01\/Videos-300x181.webp 300w, https:\/\/aurenweb-stg.servidortemporal.net\/pt\/wp-content\/uploads\/2025\/01\/Videos-768x462.webp 768w, https:\/\/aurenweb-stg.servidortemporal.net\/pt\/wp-content\/uploads\/2025\/01\/Videos-1536x925.webp 1536w, https:\/\/aurenweb-stg.servidortemporal.net\/pt\/wp-content\/uploads\/2025\/01\/Videos.webp 1913w\" sizes=\"auto, (max-width: 640px) 100vw, 640px\" \/>>\r\n        <\/picture>\r\n        \r\n                        <p class=\"hero_scroll\"><strong>Explorar mais<\/strong> Role para baixo<\/p>\r\n                    <\/div>\r\n\r\n<\/section>\n\n\r\n<section id=\"Breadcrumbs-block_d7505a6c7b4a746a749cfa5560576ef8\" class=\"Breadcrumbs\">\r\n    \r\n        <nav class=\"breads\" aria-label=\"Breadcrumb\">\r\n            <ul class=\"container\">\r\n                <li><a href=\"https:\/\/aurenweb-stg.servidortemporal.net\/pt\">Home<\/a><\/li>\r\n                <li><span aria-current=\"page\">V\u00eddeos &amp; Podcast<\/span><\/li>            <\/ul>\r\n        <\/nav>\r\n\r\n                                                                                     \r\n    \r\n<\/section>\r\n\n\n<div id=\"TitleSubtitleText-block_c22bc11856d3c329b376b99cd83a60d4\" class=\"TitleSubtitleText\">\n\n    <section class=\"headlines v1\">\n        <div class=\"container\">\n                        <div class=\"headlines_title\">\n                <h2 class=''>IMPULSIONE O SEU NEG\u00d3CIO COM CONSELHOS DE ESPECIALISTAS<\/h2>\n            <\/div>\n                                    <div class=\"headlines_content\">\n                                                <div class=\"headlines_description\">\n                    <p>Aqui encontrar\u00e1 informa\u00e7\u00f5es sobre diferentes disciplinas que o ajudar\u00e3o na sua atividade e sobre as tend\u00eancias actuais do mercado.<\/p>\n                <\/div>\n                                            <\/div>\n                    <\/div>\n    <\/section>\n\n<\/div>\n\n\n<div id=\"TrendsDistributive-block_ead58e7492141bad33eb10ab67207e2a\" class=\"TrendsDistributive\" data-per-page=\"9\" data-type=\"global-video-podcast\" data-tags=\"show\">\n\n    \n    <div class=\"categories\">\n        <div class=\"container\">\n            <div class=\"categories_title\">\n                <h2 class=''>CATEGORIAS DE V\u00cdDEO &amp; PODCAST<\/h2>\n            <\/div>\n            <div class=\"categories_nav\">\n                <a class=\"categories_nav_button\" href=\"#\">Sort By Category<\/a>\n                <div class=\"categories_nav_content\">\n                    <div class=\"categories_nav_tags\">\n                        <span class=\"categories_nav_tags_item\">Blog<\/span>\n                    <\/div>\n                    <div class=\"categories_nav_list\">\n                        <label class=\"categories_nav_list_item\"><input class=\"categories_nav_list_check\" type=\"checkbox\" data-type=\"\" data-value=\"all\" checked><span class=\"categories_nav_list_text\">Todas as categorias<\/span><\/label>\n                                            <\/div>\n                <\/div>\n            <\/div>\n        <\/div>\n    <\/div>\n        <div class=\"articles\">\n\n        <div class=\"container\">\n            \n            <a class=\"article article-featured active\" data-value=\"all\" href=\"https:\/\/aurenweb-stg.servidortemporal.net\/pt\/global-video-podcast\/auren-wishes-you-a-happy-2025-for-you-and-for-everyone\/\">\r\n    <span class=\"article_text\">\r\n        <span class=\"article_meta\">\r\n\r\n                        \r\n            <span class=\"article_date\">05.12.2024<\/span>\r\n        <\/span>\r\n        <span class=\"article_title\">Auren wishes you a happy 2025, for you and for everyone<\/span>\r\n        <span class=\"article_description\"><\/span>\r\n                    <span class=\"article_button\">Assista ao v\u00eddeo<\/span>\r\n            <\/span>\r\n    <span class=\"article_media\">\r\n                    <\/span>\r\n<\/a>\r\n\n            \n        <\/div>\n    <\/div>\n\n    <div class=\"filters\">\n\n        <div class=\"container\">\n            <div class=\"filters_title\">\n                <h4 class=\"active\">Global Videos &amp; Podcasts <\/h4>\n                            <\/div>\n            <div class=\"filters_nav\">\n\n                <div id=\"filters-search-panel\" class=\"filters_search\" role=\"search\" hidden>\n                    <input\n                            type=\"text\"\n                            class=\"filters_search_input\"\n                            placeholder=\"Buscar...\"\n                            value=\"\"\n                            aria-label=\"Buscar\"\n                    \/>\n                    <button type=\"button\" class=\"filters_search_clear\" aria-label=\"Limpiar b\u00fasqueda\"><\/button>\n                <\/div>\n                <button type=\"button\"\n                        class=\"filters_search_toggle\"\n                        aria-expanded=\"false\"\n                        aria-controls=\"filters-search-panel\"\n                        aria-label=\"Abrir buscador\">\n                <\/button>\n                <a class=\"filters_nav_button\" href=\"#\">Ordenar por<\/a>\n\n                <!-- Aqu\u00ed la lupa para buscar -->\n                <div class=\"filters_nav_content\">\n                    <div class=\"filters_nav_list\">\n                        <p class=\"filters_nav_list_title\">Global Videos &amp; Podcasts <\/p>\n                        <label class=\"filters_nav_list_item\"><input class=\"filters_nav_list_check\" type=\"checkbox\" data-type=\"new\" checked><span class=\"filters_nav_list_text\">Novo<\/span><\/label>\n                        <label class=\"filters_nav_list_item\"><input class=\"filters_nav_list_check\" type=\"checkbox\" data-type=\"old\"><span class=\"filters_nav_list_text\">Antigo<\/span><\/label>\n                        <label class=\"filters_nav_list_item\"><input class=\"filters_nav_list_check\" type=\"checkbox\" data-type=\"a-z\"><span class=\"filters_nav_list_text\">A-Z<\/span><\/label>\n                        <label class=\"filters_nav_list_item\"><input class=\"filters_nav_list_check\" type=\"checkbox\" data-type=\"z-a\"><span class=\"filters_nav_list_text\">Z-A<\/span><\/label>\n                    <\/div>\n                <\/div>\n            <\/div>\n        <\/div>\n    <\/div>\n\n    <div class=\"articles\">\n        <div class=\"cards_loading\" hidden aria-hidden=\"true\">\n            <span class=\"spinner\" aria-label=\"Cargando\"><\/span>\n        <\/div>\n        <div class=\"container list\">\n            <a href=\"https:\/\/aurenweb-stg.servidortemporal.net\/pt\/global-video-podcast\/auren-wishes-you-a-happy-2025-for-you-and-for-everyone\/\" class=\"article\">\r\n    <div class=\"article_text\">\r\n        <div class=\"article_meta\">\r\n\r\n                                    <div class=\"article_date\">\r\n                <p>05.12.2024<\/p>\r\n            <\/div>\r\n        <\/div>\r\n        <div class=\"article_title\">\r\n            <h3>Auren wishes you a happy 2025, for you and for everyone<\/h3>\r\n        <\/div>\r\n        <div class=\"article_description\">\r\n            <p><\/p>\r\n        <\/div>\r\n                    <span class=\"article_button\">Assista ao v\u00eddeo<\/span>\r\n        \r\n    <\/div>\r\n    <figure class=\"article_media\">\r\n                    <\/figure>\r\n    <\/a>\r\n<a href=\"https:\/\/aurenweb-stg.servidortemporal.net\/pt\/global-video-podcast\/auren-te-desea-un-feliz-2025-para-ti-y-para-todos\/\" class=\"article\">\r\n    <div class=\"article_text\">\r\n        <div class=\"article_meta\">\r\n\r\n                                    <div class=\"article_date\">\r\n                <p>05.12.2024<\/p>\r\n            <\/div>\r\n        <\/div>\r\n        <div class=\"article_title\">\r\n            <h3>Auren te desea un feliz 2025, para ti y para todos<\/h3>\r\n        <\/div>\r\n        <div class=\"article_description\">\r\n            <p><\/p>\r\n        <\/div>\r\n                    <span class=\"article_button\">Assista ao v\u00eddeo<\/span>\r\n        \r\n    <\/div>\r\n    <figure class=\"article_media\">\r\n                <img fetchpriority=\"high\" decoding=\"async\" width=\"640\" height=\"427\" src=\"https:\/\/aurenweb-stg.servidortemporal.net\/pt\/wp-content\/uploads\/global\/2024\/12\/2025-2.jpg\" class=\"article_media_image wp-post-image\" alt=\"V\u00eddeos &amp; Podcast\" title=\"V\u00eddeos &amp; Podcast\" loading=\"eager\" srcset=\"https:\/\/aurenweb-stg.servidortemporal.net\/pt\/wp-content\/uploads\/global\/2024\/12\/2025-2.jpg 761w, https:\/\/aurenweb-stg.servidortemporal.net\/pt\/wp-content\/uploads\/global\/2024\/12\/2025-2-300x200.jpg 300w\" sizes=\"(max-width: 640px) 100vw, 640px\" \/>    <\/figure>\r\n    <\/a>\r\n<a href=\"https:\/\/aurenweb-stg.servidortemporal.net\/pt\/global-video-podcast\/in-the-world-we-can-celebrate-the-arrival-of-the-new-year-in-different-ways\/\" class=\"article\">\r\n    <div class=\"article_text\">\r\n        <div class=\"article_meta\">\r\n\r\n                                    <div class=\"article_date\">\r\n                <p>05.12.2023<\/p>\r\n            <\/div>\r\n        <\/div>\r\n        <div class=\"article_title\">\r\n            <h3>In the world we can celebrate the arrival of the New Year in different ways<\/h3>\r\n        <\/div>\r\n        <div class=\"article_description\">\r\n            <p><\/p>\r\n        <\/div>\r\n                    <span class=\"article_button\">Assista ao v\u00eddeo<\/span>\r\n        \r\n    <\/div>\r\n    <figure class=\"article_media\">\r\n        <img decoding=\"async\" class=\"article_media_image\" src=\"https:\/\/img.youtube.com\/vi\/EiyKqnYZQYU\/hqdefault.jpg\" title=\"In the world we can celebrate the arrival of the New Year in different ways\">            <\/figure>\r\n    <\/a>\r\n<a href=\"https:\/\/aurenweb-stg.servidortemporal.net\/pt\/global-video-podcast\/en-el-mundo-hay-diferentes-formas-de-celebrar-la-llegada-del-ano-nuevo\/\" class=\"article\">\r\n    <div class=\"article_text\">\r\n        <div class=\"article_meta\">\r\n\r\n                                    <div class=\"article_date\">\r\n                <p>05.12.2023<\/p>\r\n            <\/div>\r\n        <\/div>\r\n        <div class=\"article_title\">\r\n            <h3>En el mundo, hay diferentes formas de celebrar la llegada del a\u00f1o nuevo<\/h3>\r\n        <\/div>\r\n        <div class=\"article_description\">\r\n            <p><\/p>\r\n        <\/div>\r\n                    <span class=\"article_button\">Assista ao v\u00eddeo<\/span>\r\n        \r\n    <\/div>\r\n    <figure class=\"article_media\">\r\n        <img decoding=\"async\" class=\"article_media_image\" src=\"https:\/\/img.youtube.com\/vi\/LmObdBh4VUM\/hqdefault.jpg\" title=\"En el mundo, hay diferentes formas de celebrar la llegada del a\u00f1o nuevo\">            <\/figure>\r\n    <\/a>\r\n<a href=\"https:\/\/aurenweb-stg.servidortemporal.net\/pt\/global-video-podcast\/saca-el-nino-que-llevas-dentro\/\" class=\"article\">\r\n    <div class=\"article_text\">\r\n        <div class=\"article_meta\">\r\n\r\n                                    <div class=\"article_date\">\r\n                <p>14.12.2022<\/p>\r\n            <\/div>\r\n        <\/div>\r\n        <div class=\"article_title\">\r\n            <h3>Saca el ni\u00f1o que llevas dentro<\/h3>\r\n        <\/div>\r\n        <div class=\"article_description\">\r\n            <p><\/p>\r\n        <\/div>\r\n                    <span class=\"article_button\">Assista ao v\u00eddeo<\/span>\r\n        \r\n    <\/div>\r\n    <figure class=\"article_media\">\r\n                <img decoding=\"async\" width=\"640\" height=\"331\" src=\"https:\/\/aurenweb-stg.servidortemporal.net\/pt\/wp-content\/uploads\/global\/2022\/12\/video-espanol-2.jpg\" class=\"article_media_image wp-post-image\" alt=\"V\u00eddeos &amp; Podcast\" title=\"V\u00eddeos &amp; Podcast\" loading=\"eager\" srcset=\"https:\/\/aurenweb-stg.servidortemporal.net\/pt\/wp-content\/uploads\/global\/2022\/12\/video-espanol-2.jpg 945w, https:\/\/aurenweb-stg.servidortemporal.net\/pt\/wp-content\/uploads\/global\/2022\/12\/video-espanol-2-300x155.jpg 300w, https:\/\/aurenweb-stg.servidortemporal.net\/pt\/wp-content\/uploads\/global\/2022\/12\/video-espanol-2-768x397.jpg 768w\" sizes=\"(max-width: 640px) 100vw, 640px\" \/>    <\/figure>\r\n    <\/a>\r\n<a href=\"https:\/\/aurenweb-stg.servidortemporal.net\/pt\/global-video-podcast\/bring-out-your-inner-child\/\" class=\"article\">\r\n    <div class=\"article_text\">\r\n        <div class=\"article_meta\">\r\n\r\n                                    <div class=\"article_date\">\r\n                <p>14.12.2022<\/p>\r\n            <\/div>\r\n        <\/div>\r\n        <div class=\"article_title\">\r\n            <h3>Bring out your inner child<\/h3>\r\n        <\/div>\r\n        <div class=\"article_description\">\r\n            <p><\/p>\r\n        <\/div>\r\n                    <span class=\"article_button\">Assista ao v\u00eddeo<\/span>\r\n        \r\n    <\/div>\r\n    <figure class=\"article_media\">\r\n                <img decoding=\"async\" width=\"640\" height=\"434\" src=\"https:\/\/aurenweb-stg.servidortemporal.net\/pt\/wp-content\/uploads\/global\/2022\/12\/video-2-1024x695.jpg\" class=\"article_media_image wp-post-image\" alt=\"V\u00eddeos &amp; Podcast\" title=\"V\u00eddeos &amp; Podcast\" loading=\"eager\" srcset=\"https:\/\/aurenweb-stg.servidortemporal.net\/pt\/wp-content\/uploads\/global\/2022\/12\/video-2-1024x695.jpg 1024w, https:\/\/aurenweb-stg.servidortemporal.net\/pt\/wp-content\/uploads\/global\/2022\/12\/video-2-300x204.jpg 300w, https:\/\/aurenweb-stg.servidortemporal.net\/pt\/wp-content\/uploads\/global\/2022\/12\/video-2-768x521.jpg 768w, https:\/\/aurenweb-stg.servidortemporal.net\/pt\/wp-content\/uploads\/global\/2022\/12\/video-2.jpg 1093w\" sizes=\"(max-width: 640px) 100vw, 640px\" \/>    <\/figure>\r\n    <\/a>\r\n<a href=\"https:\/\/aurenweb-stg.servidortemporal.net\/pt\/global-video-podcast\/algo-muy-especial\/\" class=\"article\">\r\n    <div class=\"article_text\">\r\n        <div class=\"article_meta\">\r\n\r\n                                    <div class=\"article_date\">\r\n                <p>03.12.2021<\/p>\r\n            <\/div>\r\n        <\/div>\r\n        <div class=\"article_title\">\r\n            <h3>Algo muy especial&#8230;<\/h3>\r\n        <\/div>\r\n        <div class=\"article_description\">\r\n            <p><\/p>\r\n        <\/div>\r\n                    <span class=\"article_button\">Assista ao v\u00eddeo<\/span>\r\n        \r\n    <\/div>\r\n    <figure class=\"article_media\">\r\n        <img decoding=\"async\" class=\"article_media_image\" src=\"https:\/\/img.youtube.com\/vi\/P1JTflnpHEQ\/hqdefault.jpg\" title=\"Algo muy especial&#8230;\">            <\/figure>\r\n    <\/a>\r\n<a href=\"https:\/\/aurenweb-stg.servidortemporal.net\/pt\/global-video-podcast\/a-very-special-gift\/\" class=\"article\">\r\n    <div class=\"article_text\">\r\n        <div class=\"article_meta\">\r\n\r\n                                    <div class=\"article_date\">\r\n                <p>03.12.2021<\/p>\r\n            <\/div>\r\n        <\/div>\r\n        <div class=\"article_title\">\r\n            <h3>A very special gift&#8230;<\/h3>\r\n        <\/div>\r\n        <div class=\"article_description\">\r\n            <p><\/p>\r\n        <\/div>\r\n                    <span class=\"article_button\">Assista ao v\u00eddeo<\/span>\r\n        \r\n    <\/div>\r\n    <figure class=\"article_media\">\r\n        <img decoding=\"async\" class=\"article_media_image\" src=\"https:\/\/img.youtube.com\/vi\/ft2UtZsVWos\/hqdefault.jpg\" title=\"A very special gift&#8230;\">            <\/figure>\r\n    <\/a>\r\n<a href=\"https:\/\/aurenweb-stg.servidortemporal.net\/pt\/global-video-podcast\/our-people-our-values\/\" class=\"article\">\r\n    <div class=\"article_text\">\r\n        <div class=\"article_meta\">\r\n\r\n                                    <div class=\"article_date\">\r\n                <p>14.12.2020<\/p>\r\n            <\/div>\r\n        <\/div>\r\n        <div class=\"article_title\">\r\n            <h3>Our people, our values<\/h3>\r\n        <\/div>\r\n        <div class=\"article_description\">\r\n            <p><\/p>\r\n        <\/div>\r\n                    <span class=\"article_button\">Assista ao v\u00eddeo<\/span>\r\n        \r\n    <\/div>\r\n    <figure class=\"article_media\">\r\n        <img decoding=\"async\" class=\"article_media_image\" src=\"https:\/\/img.youtube.com\/vi\/3ZwClaWnaCY\/hqdefault.jpg\" title=\"Our people, our values\">            <\/figure>\r\n    <\/a>\r\n<div class=\"articles_pagination\"><a class=\"articles_pagination_prev disabled\" href=\"#\"><\/a><a class=\"articles_pagination_number current\" data-page=\"1\">1<\/a><a class=\"articles_pagination_number \" data-page=\"2\">2<\/a><a class=\"articles_pagination_next\" data-page=\"2\"><\/a><\/div>\n        <\/div>\n    <\/div>\n\n    <\/div>\n\n\n<div id=\"Share-block_1c3a0a78ec82869391f407e1f7202d33\" class=\"Share\">\n    <div class=\"sharer\">\n        <div class=\"container center\">\n            <h3 class='sharer_text'>Siga-nos nas nossas redes sociais internacionais.<\/h3>\n            <nav class=\"sharer_nav\">\n                                                <a class=\"sharer_nav_item share_nav_item_0\" href=\"https:\/\/www.linkedin.com\/company\/auren-auditores-&#038;-consultores\"\n                    target=\"_blank\">Instagram<\/a>\n                <style>\n                .Share .share_nav_item_0 {\n                    background-image: url(https:\/\/aurenweb-stg.servidortemporal.net\/pt\/wp-content\/uploads\/2025\/01\/linkedin.svg);\n                }\n\n                .Share .share_nav_item_0:hover {\n                    background-image: url(https:\/\/aurenweb-stg.servidortemporal.net\/pt\/wp-content\/uploads\/2025\/01\/linkedin-hover.svg);\n                }\n                <\/style>\n                \n                                                <a class=\"sharer_nav_item share_nav_item_1\" href=\"https:\/\/www.facebook.com\/AurenPortugal\"\n                    target=\"_blank\">Facebook<\/a>\n                <style>\n                .Share .share_nav_item_1 {\n                    background-image: url(https:\/\/aurenweb-stg.servidortemporal.net\/pt\/wp-content\/uploads\/2025\/01\/ico-facebook-contrast.svg);\n                }\n\n                .Share .share_nav_item_1:hover {\n                    background-image: url(https:\/\/aurenweb-stg.servidortemporal.net\/pt\/wp-content\/uploads\/2025\/01\/ico-facebook.svg);\n                }\n                <\/style>\n                \n                            <\/nav>\n        <\/div>\n    <\/div>\n<\/div>","protected":false},"excerpt":{"rendered":"","protected":false},"author":2,"featured_media":0,"parent":10047,"menu_order":0,"comment_status":"closed","ping_status":"closed","template":"","meta":{"_acf_changed":false,"footnotes":""},"class_list":["post-10207","page","type-page","status-publish","hentry"],"acf":[],"_links":{"self":[{"href":"https:\/\/aurenweb-stg.servidortemporal.net\/pt\/wp-json\/wp\/v2\/pages\/10207","targetHints":{"allow":["GET"]}}],"collection":[{"href":"https:\/\/aurenweb-stg.servidortemporal.net\/pt\/wp-json\/wp\/v2\/pages"}],"about":[{"href":"https:\/\/aurenweb-stg.servidortemporal.net\/pt\/wp-json\/wp\/v2\/types\/page"}],"author":[{"embeddable":true,"href":"https:\/\/aurenweb-stg.servidortemporal.net\/pt\/wp-json\/wp\/v2\/users\/2"}],"replies":[{"embeddable":true,"href":"https:\/\/aurenweb-stg.servidortemporal.net\/pt\/wp-json\/wp\/v2\/comments?post=10207"}],"version-history":[{"count":2,"href":"https:\/\/aurenweb-stg.servidortemporal.net\/pt\/wp-json\/wp\/v2\/pages\/10207\/revisions"}],"predecessor-version":[{"id":10254,"href":"https:\/\/aurenweb-stg.servidortemporal.net\/pt\/wp-json\/wp\/v2\/pages\/10207\/revisions\/10254"}],"up":[{"embeddable":true,"href":"https:\/\/aurenweb-stg.servidortemporal.net\/pt\/wp-json\/wp\/v2\/pages\/10047"}],"wp:attachment":[{"href":"https:\/\/aurenweb-stg.servidortemporal.net\/pt\/wp-json\/wp\/v2\/media?parent=10207"}],"curies":[{"name":"wp","href":"https:\/\/api.w.org\/{rel}","templated":true}]}}