{"id":5076,"date":"2025-01-07T12:25:13","date_gmt":"2025-01-07T11:25:13","guid":{"rendered":"https:\/\/aurenweb-stg.servidortemporal.net\/pt\/?page_id=5076"},"modified":"2025-01-25T15:36:00","modified_gmt":"2025-01-25T14:36:00","slug":"videos-podcast","status":"publish","type":"page","link":"https:\/\/aurenweb-stg.servidortemporal.net\/pt\/tendencias\/videos-podcast\/","title":{"rendered":"Videos &amp; Podcast"},"content":{"rendered":"<section id=\"Header-block_7246f3c0a6534ff166974e41af6066b7\" class=\"Header\">\r\n\r\n    <div class=\"hero\">\r\n                <div class=\"container\">\r\n            <div class=\"hero_header\">\r\n                                \r\n                <div class=\"hero_header_title\">\r\n                    <h1 class=''>TEND\u00caNCIAS<\/h1>\n                <\/div>\r\n\r\n                                                \r\n                <div class=\"hero_header_subtitle\">\r\n                    <p>NO NOSSO BLOGUE, ENCONTRAR\u00c1 ARTIGOS DE INTERESSE SOBRE AS NOSSAS DIFERENTES \u00c1REAS DE ESPECIALIZA\u00c7\u00c3O.<\/p>\n                <\/div>\r\n\r\n                                \r\n            <\/div>\r\n        <\/div>\r\n        \r\n                <picture>\r\n            <source srcset=\"https:\/\/aurenweb-stg.servidortemporal.net\/pt\/wp-content\/uploads\/2025\/01\/video-podcast-banner.webp\"\r\n                media=\"(min-width: 1200px)\" \/>\r\n            <img loading=\"lazy\" decoding=\"async\" class=\"hero_bg\"\r\n                <img loading=\"lazy\" decoding=\"async\" width=\"640\" height=\"386\" src=\"https:\/\/aurenweb-stg.servidortemporal.net\/pt\/wp-content\/uploads\/2025\/01\/video-podcast-banner-1024x617.webp\" class=\"hero_bg\" alt=\"\" srcset=\"https:\/\/aurenweb-stg.servidortemporal.net\/pt\/wp-content\/uploads\/2025\/01\/video-podcast-banner-1024x617.webp 1024w, https:\/\/aurenweb-stg.servidortemporal.net\/pt\/wp-content\/uploads\/2025\/01\/video-podcast-banner-300x181.webp 300w, https:\/\/aurenweb-stg.servidortemporal.net\/pt\/wp-content\/uploads\/2025\/01\/video-podcast-banner-768x462.webp 768w, https:\/\/aurenweb-stg.servidortemporal.net\/pt\/wp-content\/uploads\/2025\/01\/video-podcast-banner-1536x925.webp 1536w, https:\/\/aurenweb-stg.servidortemporal.net\/pt\/wp-content\/uploads\/2025\/01\/video-podcast-banner.webp 1913w\" sizes=\"auto, (max-width: 640px) 100vw, 640px\" \/>>\r\n        <\/picture>\r\n        \r\n                        <p class=\"hero_scroll\"><strong>Explorar mais<\/strong> Role para baixo<\/p>\r\n                    <\/div>\r\n\r\n<\/section>\n\n\r\n<section id=\"Breadcrumbs-block_48773b28fa54d27a1fc9ce5789256216\" class=\"Breadcrumbs\">\r\n    \r\n        <nav class=\"breads\" aria-label=\"Breadcrumb\">\r\n            <ul class=\"container\">\r\n                <li><a href=\"https:\/\/aurenweb-stg.servidortemporal.net\/pt\">Home<\/a><\/li>\r\n                <li><span aria-current=\"page\">Videos &amp; Podcast<\/span><\/li>            <\/ul>\r\n        <\/nav>\r\n\r\n                                                                                     \r\n    \r\n<\/section>\r\n\n\n<div id=\"TitleSubtitleText-block_ee7ae38c12e50cbfb346f3fbd32399d8\" class=\"TitleSubtitleText\">\n\n    <section class=\"headlines v1\">\n        <div class=\"container\">\n                        <div class=\"headlines_title\">\n                <h2 class=''>IMPULSIONE O SEU NEG\u00d3CIO COM DICAS DE ESPECIALISTAS<\/h2>\n            <\/div>\n                                    <div class=\"headlines_content\">\n                                                <div class=\"headlines_description\">\n                    <p>Aqui est\u00e3o as informa\u00e7\u00f5es sobre as diferentes disciplinas que o ajudar\u00e3o na sua atividade e sobre as tend\u00eancias actuais do mercado.<\/p>\n                <\/div>\n                                            <\/div>\n                    <\/div>\n    <\/section>\n\n<\/div>\n\n\n<div id=\"TrendsDistributive-block_e5bf66598218bea742237ef6a438edb1\" class=\"TrendsDistributive\" data-per-page=\"9\" data-type=\"video-podcast\" data-tags=\"show\">\n\n    \n    <div class=\"categories\">\n        <div class=\"container\">\n            <div class=\"categories_title\">\n                <h2 class=''>CATEGORIAS VIDEOS &amp; PODCAST<\/h2>\n            <\/div>\n            <div class=\"categories_nav\">\n                <a class=\"categories_nav_button\" href=\"#\">Sort By Category<\/a>\n                <div class=\"categories_nav_content\">\n                    <div class=\"categories_nav_tags\">\n                        <span class=\"categories_nav_tags_item\">Blog<\/span>\n                    <\/div>\n                    <div class=\"categories_nav_list\">\n                        <label class=\"categories_nav_list_item\"><input class=\"categories_nav_list_check\" type=\"checkbox\" data-type=\"\" data-value=\"all\" checked><span class=\"categories_nav_list_text\">Todas as categorias<\/span><\/label>\n                                            <\/div>\n                <\/div>\n            <\/div>\n        <\/div>\n    <\/div>\n        <div class=\"articles\">\n\n        <div class=\"container\">\n            \n            <a class=\"article article-featured active\" data-value=\"all\" href=\"https:\/\/aurenweb-stg.servidortemporal.net\/pt\/videos\/conoce-mas-de-auren-mexico\/\">\r\n    <span class=\"article_text\">\r\n        <span class=\"article_meta\">\r\n\r\n                        \r\n            <span class=\"article_date\">11.02.2020<\/span>\r\n        <\/span>\r\n        <span class=\"article_title\">Conoce m\u00e1s de Auren M\u00e9xico<\/span>\r\n        <span class=\"article_description\"><\/span>\r\n                    <span class=\"article_button\">Assista ao v\u00eddeo<\/span>\r\n            <\/span>\r\n    <span class=\"article_media\">\r\n                    <\/span>\r\n<\/a>\r\n\n            \n        <\/div>\n    <\/div>\n\n    <div class=\"filters\">\n\n        <div class=\"container\">\n            <div class=\"filters_title\">\n                <h4 class=\"active\">Videos<\/h4>\n                            <\/div>\n            <div class=\"filters_nav\">\n\n                <div id=\"filters-search-panel\" class=\"filters_search\" role=\"search\" hidden>\n                    <input\n                            type=\"text\"\n                            class=\"filters_search_input\"\n                            placeholder=\"Buscar...\"\n                            value=\"\"\n                            aria-label=\"Buscar\"\n                    \/>\n                    <button type=\"button\" class=\"filters_search_clear\" aria-label=\"Limpiar b\u00fasqueda\"><\/button>\n                <\/div>\n                <button type=\"button\"\n                        class=\"filters_search_toggle\"\n                        aria-expanded=\"false\"\n                        aria-controls=\"filters-search-panel\"\n                        aria-label=\"Abrir buscador\">\n                <\/button>\n                <a class=\"filters_nav_button\" href=\"#\">Ordenar por<\/a>\n\n                <!-- Aqu\u00ed la lupa para buscar -->\n                <div class=\"filters_nav_content\">\n                    <div class=\"filters_nav_list\">\n                        <p class=\"filters_nav_list_title\">Videos<\/p>\n                        <label class=\"filters_nav_list_item\"><input class=\"filters_nav_list_check\" type=\"checkbox\" data-type=\"new\" checked><span class=\"filters_nav_list_text\">Novo<\/span><\/label>\n                        <label class=\"filters_nav_list_item\"><input class=\"filters_nav_list_check\" type=\"checkbox\" data-type=\"old\"><span class=\"filters_nav_list_text\">Antigo<\/span><\/label>\n                        <label class=\"filters_nav_list_item\"><input class=\"filters_nav_list_check\" type=\"checkbox\" data-type=\"a-z\"><span class=\"filters_nav_list_text\">A-Z<\/span><\/label>\n                        <label class=\"filters_nav_list_item\"><input class=\"filters_nav_list_check\" type=\"checkbox\" data-type=\"z-a\"><span class=\"filters_nav_list_text\">Z-A<\/span><\/label>\n                    <\/div>\n                <\/div>\n            <\/div>\n        <\/div>\n    <\/div>\n\n    <div class=\"articles\">\n        <div class=\"cards_loading\" hidden aria-hidden=\"true\">\n            <span class=\"spinner\" aria-label=\"Cargando\"><\/span>\n        <\/div>\n        <div class=\"container list\">\n            <a href=\"https:\/\/aurenweb-stg.servidortemporal.net\/pt\/videos\/conoce-mas-de-auren-mexico\/\" class=\"article\">\r\n    <div class=\"article_text\">\r\n        <div class=\"article_meta\">\r\n\r\n                                    <div class=\"article_date\">\r\n                <p>11.02.2020<\/p>\r\n            <\/div>\r\n        <\/div>\r\n        <div class=\"article_title\">\r\n            <h3>Conoce m\u00e1s de Auren M\u00e9xico<\/h3>\r\n        <\/div>\r\n        <div class=\"article_description\">\r\n            <p><\/p>\r\n        <\/div>\r\n                    <span class=\"article_button\">Assista ao v\u00eddeo<\/span>\r\n        \r\n    <\/div>\r\n    <figure class=\"article_media\">\r\n                    <\/figure>\r\n    <\/a>\r\n<a href=\"https:\/\/aurenweb-stg.servidortemporal.net\/pt\/videos\/auren-mexico-quienes-somos\/\" class=\"article\">\r\n    <div class=\"article_text\">\r\n        <div class=\"article_meta\">\r\n\r\n                                    <div class=\"article_date\">\r\n                <p>11.02.2020<\/p>\r\n            <\/div>\r\n        <\/div>\r\n        <div class=\"article_title\">\r\n            <h3>Auren M\u00e9xico &#8211; \u00bfQui\u00e9nes somos?<\/h3>\r\n        <\/div>\r\n        <div class=\"article_description\">\r\n            <p><\/p>\r\n        <\/div>\r\n                    <span class=\"article_button\">Assista ao v\u00eddeo<\/span>\r\n        \r\n    <\/div>\r\n    <figure class=\"article_media\">\r\n                    <\/figure>\r\n    <\/a>\r\n<a href=\"https:\/\/aurenweb-stg.servidortemporal.net\/pt\/videos\/cual-es-el-limite-a-la-libertad-de-expresion-en-redes-sociales-jose-ignacio-gomez-santano\/\" class=\"article\">\r\n    <div class=\"article_text\">\r\n        <div class=\"article_meta\">\r\n\r\n                                    <div class=\"article_date\">\r\n                <p>05.11.2019<\/p>\r\n            <\/div>\r\n        <\/div>\r\n        <div class=\"article_title\">\r\n            <h3>\u00bfCu\u00e1l es el l\u00edmite a la libertad de expresi\u00f3n en redes sociales? | Jos\u00e9 Ignacio G\u00f3mez Santano<\/h3>\r\n        <\/div>\r\n        <div class=\"article_description\">\r\n            <p><\/p>\r\n        <\/div>\r\n                    <span class=\"article_button\">Assista ao v\u00eddeo<\/span>\r\n        \r\n    <\/div>\r\n    <figure class=\"article_media\">\r\n                    <\/figure>\r\n    <\/a>\r\n<a href=\"https:\/\/aurenweb-stg.servidortemporal.net\/pt\/videos\/mario-alonso-canal-ceo\/\" class=\"article\">\r\n    <div class=\"article_text\">\r\n        <div class=\"article_meta\">\r\n\r\n                                    <div class=\"article_date\">\r\n                <p>05.11.2019<\/p>\r\n            <\/div>\r\n        <\/div>\r\n        <div class=\"article_title\">\r\n            <h3>MARIO ALONSO CANAL CEO<\/h3>\r\n        <\/div>\r\n        <div class=\"article_description\">\r\n            <p><\/p>\r\n        <\/div>\r\n                    <span class=\"article_button\">Assista ao v\u00eddeo<\/span>\r\n        \r\n    <\/div>\r\n    <figure class=\"article_media\">\r\n                    <\/figure>\r\n    <\/a>\r\n<a href=\"https:\/\/aurenweb-stg.servidortemporal.net\/pt\/videos\/auren-te-desea-un-feliz-ano-2016\/\" class=\"article\">\r\n    <div class=\"article_text\">\r\n        <div class=\"article_meta\">\r\n\r\n                                    <div class=\"article_date\">\r\n                <p>05.11.2019<\/p>\r\n            <\/div>\r\n        <\/div>\r\n        <div class=\"article_title\">\r\n            <h3>Auren te desea un Feliz A\u00f1o 2016<\/h3>\r\n        <\/div>\r\n        <div class=\"article_description\">\r\n            <p><\/p>\r\n        <\/div>\r\n                    <span class=\"article_button\">Assista ao v\u00eddeo<\/span>\r\n        \r\n    <\/div>\r\n    <figure class=\"article_media\">\r\n                    <\/figure>\r\n    <\/a>\r\n<a href=\"https:\/\/aurenweb-stg.servidortemporal.net\/pt\/videos\/video-presentacion-governa-altavoz-17\/\" class=\"article\">\r\n    <div class=\"article_text\">\r\n        <div class=\"article_meta\">\r\n\r\n                                    <div class=\"article_date\">\r\n                <p>05.11.2019<\/p>\r\n            <\/div>\r\n        <\/div>\r\n        <div class=\"article_title\">\r\n            <h3>V\u00eddeo presentaci\u00f3n Governa: Altavoz 17<\/h3>\r\n        <\/div>\r\n        <div class=\"article_description\">\r\n            <p><\/p>\r\n        <\/div>\r\n                    <span class=\"article_button\">Assista ao v\u00eddeo<\/span>\r\n        \r\n    <\/div>\r\n    <figure class=\"article_media\">\r\n                    <\/figure>\r\n    <\/a>\r\n<a href=\"https:\/\/aurenweb-stg.servidortemporal.net\/pt\/videos\/nada-es-fortuito\/\" class=\"article\">\r\n    <div class=\"article_text\">\r\n        <div class=\"article_meta\">\r\n\r\n                                    <div class=\"article_date\">\r\n                <p>05.11.2019<\/p>\r\n            <\/div>\r\n        <\/div>\r\n        <div class=\"article_title\">\r\n            <h3>Nada es fortuito<\/h3>\r\n        <\/div>\r\n        <div class=\"article_description\">\r\n            <p><\/p>\r\n        <\/div>\r\n                    <span class=\"article_button\">Assista ao v\u00eddeo<\/span>\r\n        \r\n    <\/div>\r\n    <figure class=\"article_media\">\r\n                    <\/figure>\r\n    <\/a>\r\n<a href=\"https:\/\/aurenweb-stg.servidortemporal.net\/pt\/videos\/la-ciberseguridad-y-su-integracion-en-la-cultura-corporativa-jose-miguel-cardona-pastor\/\" class=\"article\">\r\n    <div class=\"article_text\">\r\n        <div class=\"article_meta\">\r\n\r\n                                    <div class=\"article_date\">\r\n                <p>05.11.2019<\/p>\r\n            <\/div>\r\n        <\/div>\r\n        <div class=\"article_title\">\r\n            <h3>La ciberseguridad y su integraci\u00f3n en la cultura corporativa | Jos\u00e9 Miguel Cardona Pastor<\/h3>\r\n        <\/div>\r\n        <div class=\"article_description\">\r\n            <p><\/p>\r\n        <\/div>\r\n                    <span class=\"article_button\">Assista ao v\u00eddeo<\/span>\r\n        \r\n    <\/div>\r\n    <figure class=\"article_media\">\r\n                    <\/figure>\r\n    <\/a>\r\n<a href=\"https:\/\/aurenweb-stg.servidortemporal.net\/pt\/videos\/la-internacionalizacion-de-las-empresas\/\" class=\"article\">\r\n    <div class=\"article_text\">\r\n        <div class=\"article_meta\">\r\n\r\n                                    <div class=\"article_date\">\r\n                <p>05.11.2019<\/p>\r\n            <\/div>\r\n        <\/div>\r\n        <div class=\"article_title\">\r\n            <h3>La internacionalizaci\u00f3n de las empresas<\/h3>\r\n        <\/div>\r\n        <div class=\"article_description\">\r\n            <p><\/p>\r\n        <\/div>\r\n                    <span class=\"article_button\">Assista ao v\u00eddeo<\/span>\r\n        \r\n    <\/div>\r\n    <figure class=\"article_media\">\r\n                    <\/figure>\r\n    <\/a>\r\n<div class=\"articles_pagination\"><a class=\"articles_pagination_prev disabled\" href=\"#\"><\/a><a class=\"articles_pagination_number current\" data-page=\"1\">1<\/a><a class=\"articles_pagination_number \" data-page=\"2\">2<\/a><a class=\"articles_pagination_next\" data-page=\"2\"><\/a><\/div>\n        <\/div>\n    <\/div>\n\n    <\/div>\n\n\n\r\n<section id=\"ContactForm-block_5362a1d9d17678785a257de961cf29fb\" class=\"ContactForm\">\r\n\r\n    <div class=\"subscribe\">\r\n        <div class=\"container\">\r\n            <div class=\"subscribe_header\" style=\"background-image: url('https:\/\/aurenweb-stg.servidortemporal.net\/pt\/wp-content\/uploads\/2025\/01\/subscribe-image-1-1024x585.webp')\">\r\n                <div class=\"subscribe_header_title\">\r\n                    <h3>N\u00e3o perca as nossas actualiza\u00e7\u00f5es. Subscrever!<\/h3>\n                <\/div>\r\n                <div class=\"subscribe_header_kicker\">\r\n                    <span>BLOG<\/span>\r\n                <\/div>\r\n            <\/div>\r\n            <div class=\"subscribe_text\">\r\n                \n<div class=\"wpcf7 no-js\" id=\"wpcf7-f10411-o1\" lang=\"pt-PT\" dir=\"ltr\" data-wpcf7-id=\"10411\">\n<div class=\"screen-reader-response\"><p role=\"status\" aria-live=\"polite\" aria-atomic=\"true\"><\/p> <ul><\/ul><\/div>\n<form action=\"\/pt\/wp-json\/wp\/v2\/pages\/5076#wpcf7-f10411-o1\" method=\"post\" class=\"wpcf7-form init\" aria-label=\"Formul\u00e1rio de contacto\" novalidate=\"novalidate\" data-status=\"init\">\n<div style=\"display: none;\">\n<input type=\"hidden\" name=\"_wpcf7\" value=\"10411\" \/>\n<input type=\"hidden\" name=\"_wpcf7_version\" value=\"6.0\" \/>\n<input type=\"hidden\" name=\"_wpcf7_locale\" value=\"pt_PT\" \/>\n<input type=\"hidden\" name=\"_wpcf7_unit_tag\" value=\"wpcf7-f10411-o1\" \/>\n<input type=\"hidden\" name=\"_wpcf7_container_post\" value=\"0\" \/>\n<input type=\"hidden\" name=\"_wpcf7_posted_data_hash\" value=\"\" \/>\n<\/div>\n<p><input type=\"hidden\" name=\"token\" id=\"token\" \/>\n<\/p>\n<div class=\"subscribe_field subscribe_field-placeholder\">\n\t<p><span class=\"wpcf7-form-control-wrap\" data-name=\"name\"><input size=\"40\" maxlength=\"400\" class=\"wpcf7-form-control wpcf7-text wpcf7-validates-as-required\" id=\"name\" autocomplete=\"name\" aria-required=\"true\" aria-invalid=\"false\" value=\"\" type=\"text\" name=\"name\" \/><\/span><label for=\"name\">Nome completo<span>*<\/span><\/label>\n\t<\/p>\n<\/div>\n<div class=\"subscribe_field subscribe_field-placeholder\">\n\t<p><span class=\"wpcf7-form-control-wrap\" data-name=\"validate_email\"><input size=\"40\" maxlength=\"400\" class=\"wpcf7-form-control wpcf7-email wpcf7-validates-as-required wpcf7-text wpcf7-validates-as-email\" id=\"validate_email\" autocomplete=\"email\" aria-required=\"true\" aria-invalid=\"false\" value=\"\" type=\"email\" name=\"validate_email\" \/><\/span><label for=\"validate_email\">Email<span>*<\/span><\/label>\n\t<\/p>\n<\/div>\n<div class=\"subscribe_field subscribe_field-select\">\n\t<p><label for=\"services\">Servi\u00e7os<\/label><span class=\"wpcf7-form-control-wrap\" data-name=\"services\"><span class=\"wpcf7-form-control wpcf7-checkbox wpcf7-validates-as-required\"><span class=\"wpcf7-list-item first\"><label><input type=\"checkbox\" name=\"services[]\" value=\"3651\" \/><span class=\"wpcf7-list-item-label\">Auditoria Financeira<\/span><\/label><\/span><span class=\"wpcf7-list-item\"><label><input type=\"checkbox\" name=\"services[]\" value=\"3693\" \/><span class=\"wpcf7-list-item-label\">Assessoria<\/span><\/label><\/span><span class=\"wpcf7-list-item\"><label><input type=\"checkbox\" name=\"services[]\" value=\"3715\" \/><span class=\"wpcf7-list-item-label\">Consultoria de Gest\u00e3o<\/span><\/label><\/span><span class=\"wpcf7-list-item last\"><label><input type=\"checkbox\" name=\"services[]\" value=\"3782\" \/><span class=\"wpcf7-list-item-label\">Corporate Finance<\/span><\/label><\/span><\/span><\/span>\n\t<\/p>\n<\/div>\n<div class=\"subscribe_field subscribe_field-check\">\n\t<p><span class=\"wpcf7-form-control-wrap\" data-name=\"privacy\"><span class=\"wpcf7-form-control wpcf7-acceptance\"><span class=\"wpcf7-list-item\"><label><input type=\"checkbox\" name=\"privacy\" value=\"1\" aria-invalid=\"false\" \/><span class=\"wpcf7-list-item-label\">Li e aceito o <a href=\"https:\/\/aurenweb-stg.servidortemporal.net\/pt\/legal-advice\/\">aviso legal<\/a> e o <a href=\"https:\/\/aurenweb-stg.servidortemporal.net\/pt\/privacy-policy\/\">Pol\u00edtica de Privacidade.<\/a><span>*<\/span><\/span><\/label><\/span><\/span><\/span>\n\t<\/p>\n<\/div>\n<div class=\"subscribe_note\">\n\t<p>Ao assinalar a caixa indicando &#8220;Li e concordo com o Aviso Legal e a Pol\u00edtica de Privacidade&#8221; e clicar no bot\u00e3o &#8220;enviar&#8221;, est\u00e1 a dar o seu consentimento expresso e inequ\u00edvoco para que os seus dados sejam tratados pelo respons\u00e1vel pelo tratamento, com o objetivo de responder \u00e0 sua mensagem. Os seus dados n\u00e3o ser\u00e3o partilhados com terceiros n\u00e3o relacionados com o Grupo Auren e ser\u00e3o eliminados assim que lhe enviarmos a nossa resposta. Em qualquer caso, poder\u00e1 consultar mais informa\u00e7\u00f5es sobre o exerc\u00edcio dos seus direitos de acesso, retifica\u00e7\u00e3o, apagamento, portabilidade, limita\u00e7\u00e3o, oposi\u00e7\u00e3o ao tratamento dos seus dados pessoais e demais informa\u00e7\u00f5es relacionadas no \u00e2mbito da nossa <a href=\"https:\/\/aurenweb-stg.servidortemporal.net\/pt\/privacy-policy\/\">Pol\u00edtica de Privacidade.<\/a>\n\t<\/p>\n<\/div>\n<p><button type=\"submit\" class=\"wpcf7-form-control wpcf7-submit button button-primary button-icon\">Inscrever-se<\/button>\n<\/p><div class=\"wpcf7-response-output\" aria-hidden=\"true\"><\/div>\n<\/form>\n<\/div>\n            <\/div>\r\n        <\/div>\r\n    <\/div>\r\n\r\n<\/section>\n\n<div id=\"Share-block_bc596efbff0427650f6734c28799315d\" class=\"Share\">\n    <div class=\"sharer\">\n        <div class=\"container center\">\n            <h3 class='sharer_text'>Siga-nos nos nossos canais internacionais nas redes sociais.<\/h3>\n            <nav class=\"sharer_nav\">\n                                                <a class=\"sharer_nav_item share_nav_item_0\" href=\"https:\/\/www.linkedin.com\/company\/auren-auditores-&#038;-consultores\"\n                    target=\"_blank\">Instagram<\/a>\n                <style>\n                .Share .share_nav_item_0 {\n                    background-image: url(https:\/\/aurenweb-stg.servidortemporal.net\/pt\/wp-content\/uploads\/2025\/01\/linkedin.svg);\n                }\n\n                .Share .share_nav_item_0:hover {\n                    background-image: url(https:\/\/aurenweb-stg.servidortemporal.net\/pt\/wp-content\/uploads\/2025\/01\/linkedin-hover.svg);\n                }\n                <\/style>\n                \n                                                <a class=\"sharer_nav_item share_nav_item_1\" href=\"https:\/\/www.facebook.com\/AurenPortugal\"\n                    target=\"_blank\">Facebook<\/a>\n                <style>\n                .Share .share_nav_item_1 {\n                    background-image: url(https:\/\/aurenweb-stg.servidortemporal.net\/pt\/wp-content\/uploads\/2025\/01\/ico-facebook-contrast.svg);\n                }\n\n                .Share .share_nav_item_1:hover {\n                    background-image: url(https:\/\/aurenweb-stg.servidortemporal.net\/pt\/wp-content\/uploads\/2025\/01\/ico-facebook.svg);\n                }\n                <\/style>\n                \n                            <\/nav>\n        <\/div>\n    <\/div>\n<\/div>","protected":false},"excerpt":{"rendered":"","protected":false},"author":2,"featured_media":0,"parent":5024,"menu_order":0,"comment_status":"closed","ping_status":"closed","template":"","meta":{"_acf_changed":false,"footnotes":""},"class_list":["post-5076","page","type-page","status-publish","hentry"],"acf":[],"_links":{"self":[{"href":"https:\/\/aurenweb-stg.servidortemporal.net\/pt\/wp-json\/wp\/v2\/pages\/5076","targetHints":{"allow":["GET"]}}],"collection":[{"href":"https:\/\/aurenweb-stg.servidortemporal.net\/pt\/wp-json\/wp\/v2\/pages"}],"about":[{"href":"https:\/\/aurenweb-stg.servidortemporal.net\/pt\/wp-json\/wp\/v2\/types\/page"}],"author":[{"embeddable":true,"href":"https:\/\/aurenweb-stg.servidortemporal.net\/pt\/wp-json\/wp\/v2\/users\/2"}],"replies":[{"embeddable":true,"href":"https:\/\/aurenweb-stg.servidortemporal.net\/pt\/wp-json\/wp\/v2\/comments?post=5076"}],"version-history":[{"count":2,"href":"https:\/\/aurenweb-stg.servidortemporal.net\/pt\/wp-json\/wp\/v2\/pages\/5076\/revisions"}],"predecessor-version":[{"id":10426,"href":"https:\/\/aurenweb-stg.servidortemporal.net\/pt\/wp-json\/wp\/v2\/pages\/5076\/revisions\/10426"}],"up":[{"embeddable":true,"href":"https:\/\/aurenweb-stg.servidortemporal.net\/pt\/wp-json\/wp\/v2\/pages\/5024"}],"wp:attachment":[{"href":"https:\/\/aurenweb-stg.servidortemporal.net\/pt\/wp-json\/wp\/v2\/media?parent=5076"}],"curies":[{"name":"wp","href":"https:\/\/api.w.org\/{rel}","templated":true}]}}