{"id":7161,"date":"2025-01-09T17:04:35","date_gmt":"2025-01-09T16:04:35","guid":{"rendered":"https:\/\/aurenweb-stg.servidortemporal.net\/pt\/?page_id=7161"},"modified":"2025-01-24T19:41:58","modified_gmt":"2025-01-24T18:41:58","slug":"industrias","status":"publish","type":"page","link":"https:\/\/aurenweb-stg.servidortemporal.net\/pt\/industrias\/","title":{"rendered":"Industrias"},"content":{"rendered":"<section id=\"Header-block_719878d70d95458d995bf153684572db\" class=\"Header\">\r\n\r\n    <div class=\"hero\">\r\n                <div class=\"container\">\r\n            <div class=\"hero_header\">\r\n                                \r\n                <div class=\"hero_header_title\">\r\n                    <p class=''>O seu prop\u00f3sito,<\/p>\n                <\/div>\r\n\r\n                                                \r\n                <div class=\"hero_header_title\">\r\n                    <p class='' style=\"text-align: right;\">o nosso expertise<\/p>\n                <\/div>\r\n\r\n                                                \r\n                <div class=\"hero_header_subtitle\">\r\n                    <p style=\"text-align: right;\">Oferecemos solu\u00e7\u00f5es personalizadas para o seu neg\u00f3cio<\/p>\n                <\/div>\r\n\r\n                                \r\n            <\/div>\r\n        <\/div>\r\n        \r\n                <picture>\r\n            <source srcset=\"https:\/\/aurenweb-stg.servidortemporal.net\/pt\/wp-content\/uploads\/2025\/01\/bg-hero-industries-d.webp\"\r\n                media=\"(min-width: 1200px)\" \/>\r\n            <img loading=\"lazy\" decoding=\"async\" class=\"hero_bg\"\r\n                <img loading=\"lazy\" decoding=\"async\" width=\"640\" height=\"383\" src=\"https:\/\/aurenweb-stg.servidortemporal.net\/pt\/wp-content\/uploads\/2025\/01\/bg-hero-industries-d.webp\" class=\"hero_bg\" alt=\"\" srcset=\"https:\/\/aurenweb-stg.servidortemporal.net\/pt\/wp-content\/uploads\/2025\/01\/bg-hero-industries-d.webp 1000w, https:\/\/aurenweb-stg.servidortemporal.net\/pt\/wp-content\/uploads\/2025\/01\/bg-hero-industries-d-300x179.webp 300w, https:\/\/aurenweb-stg.servidortemporal.net\/pt\/wp-content\/uploads\/2025\/01\/bg-hero-industries-d-768x459.webp 768w\" sizes=\"auto, (max-width: 640px) 100vw, 640px\" \/>>\r\n        <\/picture>\r\n        \r\n                        <p class=\"hero_scroll\"><strong>Explorar mais<\/strong> Role para baixo<\/p>\r\n                    <\/div>\r\n\r\n<\/section>\n\n\r\n<section id=\"Breadcrumbs-block_14bca69e7a0f0edbcdffd3562de7b978\" class=\"Breadcrumbs\">\r\n    \r\n        <nav class=\"breads\" aria-label=\"Breadcrumb\">\r\n            <ul class=\"container\">\r\n                <li><a href=\"https:\/\/aurenweb-stg.servidortemporal.net\/pt\">Home<\/a><\/li>\r\n                <li><span aria-current=\"page\">Industrias<\/span><\/li>            <\/ul>\r\n        <\/nav>\r\n\r\n                                                                                     \r\n    \r\n<\/section>\r\n\n\n\r\n<section id=\"ImageText-block_2c48304ce8b0e925771b47b6f7e00923\" class=\"ImageText\">\r\n\r\n    <section class=\"info \">\r\n        <div class=\"container\">\r\n            <div class=\"info_text\">\r\n                <div class=\"info_title\">\r\n                    <p class=''>Cada setor tem as suas pr\u00f3prias caracter\u00edsticas.<\/p>\n                <\/div>\r\n                <div class=\"info_description\">\r\n                    <p>A especializa\u00e7\u00e3o \u00e9 a chave para o sucesso de qualquer empresa, e na Auren, estamos comprometidos em oferecer solu\u00e7\u00f5es personalizadas em diversos setores e pa\u00edses. Reconhecemos as caracter\u00edsticas \u00fanicas de cada ind\u00fastria e alocamos estrategicamente os nossos recursos para fornecer a experi\u00eancia e o conhecimento de que necessita.<\/p>\n<p>Entendemos que cada setor, seja ele a ind\u00fastria, o turismo, as finan\u00e7as, a sa\u00fade ou a tecnologia, apresenta os seus pr\u00f3prios desafios e oportunidades. Com a nossa abordagem multidisciplinar, garantimos um apoio abrangente que considera todos os fatores que podem ter impacto nas suas opera\u00e7\u00f5es. Com a Auren ao seu lado, ter\u00e1 o apoio especializado de que necessita num ambiente empresarial em constante evolu\u00e7\u00e3o.<\/p>\n                <\/div>\r\n            <\/div>\r\n            <div class=\"info_media\">\r\n                <div class=\"info_media_item info_media_item-1\">\r\n                    <div class=\"info_media_item_text\"><span class=\"title\"><\/span>Especialistas em diferentes ind\u00fastrias\n<\/div>\r\n                    <div class=\"info_media_item_text_claim\"><\/div>\r\n                    <span class=\"info_media_item_bg\">\r\n                                                    <img loading=\"lazy\" decoding=\"async\" width=\"640\" height=\"379\" src=\"https:\/\/aurenweb-stg.servidortemporal.net\/pt\/wp-content\/uploads\/2025\/01\/bg-hero-solutions-d-1024x607.webp\" class=\"attachment-large size-large\" alt=\"\" srcset=\"https:\/\/aurenweb-stg.servidortemporal.net\/pt\/wp-content\/uploads\/2025\/01\/bg-hero-solutions-d-1024x607.webp 1024w, https:\/\/aurenweb-stg.servidortemporal.net\/pt\/wp-content\/uploads\/2025\/01\/bg-hero-solutions-d-300x178.webp 300w, https:\/\/aurenweb-stg.servidortemporal.net\/pt\/wp-content\/uploads\/2025\/01\/bg-hero-solutions-d-768x455.webp 768w, https:\/\/aurenweb-stg.servidortemporal.net\/pt\/wp-content\/uploads\/2025\/01\/bg-hero-solutions-d.webp 1200w\" sizes=\"auto, (max-width: 640px) 100vw, 640px\" \/>                                            <\/span>\r\n                                                        <\/div>\r\n                <div class=\"info_media_claim\">\r\n                    <p>Oferecemos solu\u00e7\u00f5es personalizadas para o seu neg\u00f3cio<\/p>\n                <\/div>\r\n                <div class=\"info_media_item info_media_item-2\">\r\n                    <div class=\"info_media_item_text\"><span class=\"title\"><\/span><\/div>\r\n                    <div class=\"info_media_item_text_claim\"><\/div>\r\n                    <span class=\"info_media_item_bg\">\r\n                                                    <img loading=\"lazy\" decoding=\"async\" width=\"640\" height=\"493\" src=\"https:\/\/aurenweb-stg.servidortemporal.net\/pt\/wp-content\/uploads\/2025\/01\/bg-info-media-2-j.webp\" class=\"attachment-large size-large\" alt=\"\" srcset=\"https:\/\/aurenweb-stg.servidortemporal.net\/pt\/wp-content\/uploads\/2025\/01\/bg-info-media-2-j.webp 948w, https:\/\/aurenweb-stg.servidortemporal.net\/pt\/wp-content\/uploads\/2025\/01\/bg-info-media-2-j-300x231.webp 300w, https:\/\/aurenweb-stg.servidortemporal.net\/pt\/wp-content\/uploads\/2025\/01\/bg-info-media-2-j-768x591.webp 768w\" sizes=\"auto, (max-width: 640px) 100vw, 640px\" \/>                                            <\/span>\r\n                                                        <\/div>\r\n            <\/div>\r\n        <\/div>\r\n    <\/section>\r\n\r\n<\/section>\r\n\r\n\n\n<section id=\"IndustriesListV2-block_2fcbc30f97d26bbc37570ddbbbdfb402\" class=\"IndustriesListV2\">\r\n\r\n<section class=\"offers v2\">\r\n        <div class=\"container\">\r\n            <div class=\"offers_wrapper\">\r\n                <div class=\"offers_title\">\r\n                    <p class=''>O nosso objetivo \u00e9 o seu sucesso<\/p>\n                <\/div>\r\n                <div class=\"offers_text\">\r\n                    <div class=\"offers_subtitle\">\r\n                        <p class=''>Descubra a nossa experi\u00eancia no seu setor<\/p>\n                    <\/div>    \r\n                    <a class=\"button button-icon\" href=\"https:\/\/aurenweb-stg.servidortemporal.net\/pt\/industrias\/\">As nossas ofertas<\/a>\r\n                <\/div>\r\n                <nav class=\"offers_nav\"><a class=\"offers_nav_item\" href=\"https:\/\/aurenweb-stg.servidortemporal.net\/pt\/industrias\/civil-engineering\/\">\r\n                    <strong class=\"offers_nav_item_text\">Contru\u00e7\u00e3o Civil<\/strong>\r\n                    <img loading=\"lazy\" decoding=\"async\" width=\"448\" height=\"284\" src=\"https:\/\/aurenweb-stg.servidortemporal.net\/pt\/wp-content\/uploads\/2025\/01\/example-offers-3.webp\" class=\"offers_nav_item_image\" alt=\"\" srcset=\"https:\/\/aurenweb-stg.servidortemporal.net\/pt\/wp-content\/uploads\/2025\/01\/example-offers-3.webp 448w, https:\/\/aurenweb-stg.servidortemporal.net\/pt\/wp-content\/uploads\/2025\/01\/example-offers-3-300x190.webp 300w\" sizes=\"auto, (max-width: 448px) 100vw, 448px\" \/>\r\n                <\/a><a class=\"offers_nav_item\" href=\"https:\/\/aurenweb-stg.servidortemporal.net\/pt\/industrias\/retail\/\">\r\n                    <strong class=\"offers_nav_item_text\">Retalho<\/strong>\r\n                    <img loading=\"lazy\" decoding=\"async\" width=\"448\" height=\"284\" src=\"https:\/\/aurenweb-stg.servidortemporal.net\/pt\/wp-content\/uploads\/2025\/01\/example-offers-5.webp\" class=\"offers_nav_item_image\" alt=\"\" srcset=\"https:\/\/aurenweb-stg.servidortemporal.net\/pt\/wp-content\/uploads\/2025\/01\/example-offers-5.webp 448w, https:\/\/aurenweb-stg.servidortemporal.net\/pt\/wp-content\/uploads\/2025\/01\/example-offers-5-300x190.webp 300w\" sizes=\"auto, (max-width: 448px) 100vw, 448px\" \/>\r\n                <\/a><a class=\"offers_nav_item\" href=\"https:\/\/aurenweb-stg.servidortemporal.net\/pt\/industrias\/information-technology\/\">\r\n                    <strong class=\"offers_nav_item_text\">Tecnologia da Informa\u00e7\u00e3o<\/strong>\r\n                    <img loading=\"lazy\" decoding=\"async\" width=\"448\" height=\"284\" src=\"https:\/\/aurenweb-stg.servidortemporal.net\/pt\/wp-content\/uploads\/2025\/01\/example-offers-6.webp\" class=\"offers_nav_item_image\" alt=\"\" srcset=\"https:\/\/aurenweb-stg.servidortemporal.net\/pt\/wp-content\/uploads\/2025\/01\/example-offers-6.webp 448w, https:\/\/aurenweb-stg.servidortemporal.net\/pt\/wp-content\/uploads\/2025\/01\/example-offers-6-300x190.webp 300w\" sizes=\"auto, (max-width: 448px) 100vw, 448px\" \/>\r\n                <\/a><a class=\"offers_nav_item\" href=\"https:\/\/aurenweb-stg.servidortemporal.net\/pt\/industrias\/banking-and-insurance\/\">\r\n                    <strong class=\"offers_nav_item_text\">Banca e Seguros<\/strong>\r\n                    <img loading=\"lazy\" decoding=\"async\" width=\"448\" height=\"284\" src=\"https:\/\/aurenweb-stg.servidortemporal.net\/pt\/wp-content\/uploads\/2025\/01\/example-offers-2.webp\" class=\"offers_nav_item_image\" alt=\"\" srcset=\"https:\/\/aurenweb-stg.servidortemporal.net\/pt\/wp-content\/uploads\/2025\/01\/example-offers-2.webp 448w, https:\/\/aurenweb-stg.servidortemporal.net\/pt\/wp-content\/uploads\/2025\/01\/example-offers-2-300x190.webp 300w\" sizes=\"auto, (max-width: 448px) 100vw, 448px\" \/>\r\n                <\/a><a class=\"offers_nav_item\" href=\"https:\/\/aurenweb-stg.servidortemporal.net\/pt\/industrias\/telecommunications-and-media\/\">\r\n                    <strong class=\"offers_nav_item_text\">Telecomunica\u00e7\u00f5es e Media<\/strong>\r\n                    <img loading=\"lazy\" decoding=\"async\" width=\"448\" height=\"284\" src=\"https:\/\/aurenweb-stg.servidortemporal.net\/pt\/wp-content\/uploads\/2025\/01\/example-offers-1.webp\" class=\"offers_nav_item_image\" alt=\"\" srcset=\"https:\/\/aurenweb-stg.servidortemporal.net\/pt\/wp-content\/uploads\/2025\/01\/example-offers-1.webp 448w, https:\/\/aurenweb-stg.servidortemporal.net\/pt\/wp-content\/uploads\/2025\/01\/example-offers-1-300x190.webp 300w\" sizes=\"auto, (max-width: 448px) 100vw, 448px\" \/>\r\n                <\/a><a class=\"offers_nav_item\" href=\"https:\/\/aurenweb-stg.servidortemporal.net\/pt\/industrias\/property-investment\/\">\r\n                    <strong class=\"offers_nav_item_text\">Investimento Imobili\u00e1rio<\/strong>\r\n                    <img loading=\"lazy\" decoding=\"async\" width=\"448\" height=\"284\" src=\"https:\/\/aurenweb-stg.servidortemporal.net\/pt\/wp-content\/uploads\/2025\/01\/example-offers-4.webp\" class=\"offers_nav_item_image\" alt=\"\" srcset=\"https:\/\/aurenweb-stg.servidortemporal.net\/pt\/wp-content\/uploads\/2025\/01\/example-offers-4.webp 448w, https:\/\/aurenweb-stg.servidortemporal.net\/pt\/wp-content\/uploads\/2025\/01\/example-offers-4-300x190.webp 300w\" sizes=\"auto, (max-width: 448px) 100vw, 448px\" \/>\r\n                <\/a><a class=\"offers_nav_item\" href=\"https:\/\/aurenweb-stg.servidortemporal.net\/pt\/industrias\/agro-food\/\">\r\n                    <strong class=\"offers_nav_item_text\">Agroalimentar<\/strong>\r\n                    <img loading=\"lazy\" decoding=\"async\" width=\"448\" height=\"284\" src=\"https:\/\/aurenweb-stg.servidortemporal.net\/pt\/wp-content\/uploads\/2025\/01\/example-offers-1.webp\" class=\"offers_nav_item_image\" alt=\"\" srcset=\"https:\/\/aurenweb-stg.servidortemporal.net\/pt\/wp-content\/uploads\/2025\/01\/example-offers-1.webp 448w, https:\/\/aurenweb-stg.servidortemporal.net\/pt\/wp-content\/uploads\/2025\/01\/example-offers-1-300x190.webp 300w\" sizes=\"auto, (max-width: 448px) 100vw, 448px\" \/>\r\n                <\/a><\/nav>            <\/div>\r\n        <\/div>\r\n    <\/section>\r\n    \r\n<\/section>\r\n\r\n\n\n<section id=\"ImageTextV2-block_d4ee5fdb6297c9e90ebdc29a84452212\" class=\"ImageTextV2\">\r\n\r\n    <div class=\"upcoming v2\">\r\n        <div class=\"container\">\r\n            <div class=\"upcoming_text\">\r\n                <div class=\"upcoming_title\">\r\n                    <p class=''>Pronto para trabalhar connosco?<\/p>\n                <\/div>\r\n                <div class=\"upcoming_kicker\">\r\n                    <p>VAMOS LIGAR-NOS AGORA<\/p>\n                <\/div>\r\n            <\/div>\r\n            <div class=\"upcoming_media\">\r\n                <a class=\"button button-primary button-icon\" href=\"https:\/\/aurenweb-stg.servidortemporal.net\/pt\/contacto\/\" target=\"\">Get in Touch<\/a>\r\n                <span class=\"upcoming_media_bg\"><img loading=\"lazy\" decoding=\"async\" width=\"640\" height=\"419\" src=\"https:\/\/aurenweb-stg.servidortemporal.net\/pt\/wp-content\/uploads\/2025\/01\/bg-upcoming-media-v2-1.webp\" class=\"\" alt=\"\" srcset=\"https:\/\/aurenweb-stg.servidortemporal.net\/pt\/wp-content\/uploads\/2025\/01\/bg-upcoming-media-v2-1.webp 684w, https:\/\/aurenweb-stg.servidortemporal.net\/pt\/wp-content\/uploads\/2025\/01\/bg-upcoming-media-v2-1-300x196.webp 300w\" sizes=\"auto, (max-width: 640px) 100vw, 640px\" \/><\/span>\r\n            <\/div>\r\n        <\/div>\r\n    <\/div>\r\n\r\n<\/section>\r\n","protected":false},"excerpt":{"rendered":"","protected":false},"author":2,"featured_media":0,"parent":0,"menu_order":0,"comment_status":"closed","ping_status":"closed","template":"","meta":{"_acf_changed":false,"footnotes":""},"class_list":["post-7161","page","type-page","status-publish","hentry"],"acf":[],"_links":{"self":[{"href":"https:\/\/aurenweb-stg.servidortemporal.net\/pt\/wp-json\/wp\/v2\/pages\/7161","targetHints":{"allow":["GET"]}}],"collection":[{"href":"https:\/\/aurenweb-stg.servidortemporal.net\/pt\/wp-json\/wp\/v2\/pages"}],"about":[{"href":"https:\/\/aurenweb-stg.servidortemporal.net\/pt\/wp-json\/wp\/v2\/types\/page"}],"author":[{"embeddable":true,"href":"https:\/\/aurenweb-stg.servidortemporal.net\/pt\/wp-json\/wp\/v2\/users\/2"}],"replies":[{"embeddable":true,"href":"https:\/\/aurenweb-stg.servidortemporal.net\/pt\/wp-json\/wp\/v2\/comments?post=7161"}],"version-history":[{"count":8,"href":"https:\/\/aurenweb-stg.servidortemporal.net\/pt\/wp-json\/wp\/v2\/pages\/7161\/revisions"}],"predecessor-version":[{"id":7427,"href":"https:\/\/aurenweb-stg.servidortemporal.net\/pt\/wp-json\/wp\/v2\/pages\/7161\/revisions\/7427"}],"wp:attachment":[{"href":"https:\/\/aurenweb-stg.servidortemporal.net\/pt\/wp-json\/wp\/v2\/media?parent=7161"}],"curies":[{"name":"wp","href":"https:\/\/api.w.org\/{rel}","templated":true}]}}