{"id":7767,"date":"2024-12-30T13:57:38","date_gmt":"2024-12-30T12:57:38","guid":{"rendered":"https:\/\/aurenweb-stg.servidortemporal.net\/uy\/?page_id=7767"},"modified":"2025-01-25T13:28:29","modified_gmt":"2025-01-25T12:28:29","slug":"publications","status":"publish","type":"page","link":"https:\/\/aurenweb-stg.servidortemporal.net\/uy\/en\/trends\/publications\/","title":{"rendered":"Publications"},"content":{"rendered":"<section id=\"Header-block_09eec79fcd90d09efb602c15d5a71de1\" class=\"Header\">\r\n\r\n    <div class=\"hero\">\r\n                <div class=\"container\">\r\n            <div class=\"hero_header\">\r\n                                \r\n                <div class=\"hero_header_title\">\r\n                    <h1 class=''>TRENDS<\/h1>\n                <\/div>\r\n\r\n                                                \r\n                <div class=\"hero_header_subtitle\">\r\n                    <p>IN OUR BLOG, YOU WILL FIND ARTICLES OF INTEREST ON OUR VARIOUS AREAS OF EXPERTISE.<\/p>\n                <\/div>\r\n\r\n                                \r\n            <\/div>\r\n        <\/div>\r\n        \r\n                <picture>\r\n            <source srcset=\"https:\/\/aurenweb-stg.servidortemporal.net\/uy\/wp-content\/uploads\/2024\/12\/publications-banner.webp\"\r\n                media=\"(min-width: 1200px)\" \/>\r\n            <img loading=\"lazy\" decoding=\"async\" class=\"hero_bg\"\r\n                <img loading=\"lazy\" decoding=\"async\" width=\"640\" height=\"386\" src=\"https:\/\/aurenweb-stg.servidortemporal.net\/uy\/wp-content\/uploads\/2024\/12\/publications-banner-1024x617.webp\" class=\"hero_bg\" alt=\"\" srcset=\"https:\/\/aurenweb-stg.servidortemporal.net\/uy\/wp-content\/uploads\/2024\/12\/publications-banner-1024x617.webp 1024w, https:\/\/aurenweb-stg.servidortemporal.net\/uy\/wp-content\/uploads\/2024\/12\/publications-banner-300x181.webp 300w, https:\/\/aurenweb-stg.servidortemporal.net\/uy\/wp-content\/uploads\/2024\/12\/publications-banner-768x462.webp 768w, https:\/\/aurenweb-stg.servidortemporal.net\/uy\/wp-content\/uploads\/2024\/12\/publications-banner-1536x925.webp 1536w, https:\/\/aurenweb-stg.servidortemporal.net\/uy\/wp-content\/uploads\/2024\/12\/publications-banner.webp 1913w\" sizes=\"auto, (max-width: 640px) 100vw, 640px\" \/>>\r\n        <\/picture>\r\n        \r\n                        <p class=\"hero_scroll\"><strong>Explore More<\/strong> Scroll down<\/p>\r\n                    <\/div>\r\n\r\n<\/section>\n\n\r\n<section id=\"Breadcrumbs-block_af471a8979ccf386230236063fef6e30\" class=\"Breadcrumbs\">\r\n    \r\n        <nav class=\"breads\" aria-label=\"Breadcrumb\">\r\n            <ul class=\"container\">\r\n                <li><a href=\"https:\/\/aurenweb-stg.servidortemporal.net\/uy\/en\/\">Home<\/a><\/li>\r\n                <li><span aria-current=\"page\">Publications<\/span><\/li>            <\/ul>\r\n        <\/nav>\r\n\r\n                                                                                     \r\n    \r\n<\/section>\r\n\n\n<div id=\"TitleSubtitleText-block_73954f52c0433d2db7cd469efeef370c\" class=\"TitleSubtitleText\">\n\n    <section class=\"headlines \">\n        <div class=\"container\">\n                        <div class=\"headlines_title\">\n                <h2 class=''>BOOST YOUR BUSINESS WITH EXPERT TIPS<\/h2>\n            <\/div>\n                                    <div class=\"headlines_content\">\n                                                <div class=\"headlines_description\">\n                    <p>Here is the information about different disciplines that will help you in your business and about the current market trends.<\/p>\n                <\/div>\n                                            <\/div>\n                    <\/div>\n    <\/section>\n\n<\/div>\n\n\n<div id=\"TrendsDistributive-block_41442263e2a771093656ca706cff9000\" class=\"TrendsDistributive\" data-per-page=\"9\" data-type=\"publication\" data-tags=\"show\">\n\n    \n    <div class=\"categories\">\n        <div class=\"container\">\n            <div class=\"categories_title\">\n                <h2 class=''>CATEGORIES PUBLICATIONS<\/h2>\n            <\/div>\n            <div class=\"categories_nav\">\n                <a class=\"categories_nav_button\" href=\"#\">Sort By Category<\/a>\n                <div class=\"categories_nav_content\">\n                    <div class=\"categories_nav_tags\">\n                        <span class=\"categories_nav_tags_item\">Blog<\/span>\n                    <\/div>\n                    <div class=\"categories_nav_list\">\n                        <label class=\"categories_nav_list_item\"><input class=\"categories_nav_list_check\" type=\"checkbox\" data-type=\"\" data-value=\"all\" checked><span class=\"categories_nav_list_text\">All Categories<\/span><\/label>\n                                            <\/div>\n                <\/div>\n            <\/div>\n        <\/div>\n    <\/div>\n        <div class=\"articles\">\n\n        <div class=\"container\">\n            \n            \n            \n        <\/div>\n    <\/div>\n\n    <div class=\"filters\">\n\n        <div class=\"container\">\n            <div class=\"filters_title\">\n                <h4 class=\"active\">Publications<\/h4>\n                            <\/div>\n            <div class=\"filters_nav\">\n\n                <div id=\"filters-search-panel\" class=\"filters_search\" role=\"search\" hidden>\n                    <input\n                            type=\"text\"\n                            class=\"filters_search_input\"\n                            placeholder=\"Buscar...\"\n                            value=\"\"\n                            aria-label=\"Buscar\"\n                    \/>\n                    <button type=\"button\" class=\"filters_search_clear\" aria-label=\"Limpiar b\u00fasqueda\"><\/button>\n                <\/div>\n                <button type=\"button\"\n                        class=\"filters_search_toggle\"\n                        aria-expanded=\"false\"\n                        aria-controls=\"filters-search-panel\"\n                        aria-label=\"Abrir buscador\">\n                <\/button>\n                <a class=\"filters_nav_button\" href=\"#\">Sort By<\/a>\n\n                <!-- Aqu\u00ed la lupa para buscar -->\n                <div class=\"filters_nav_content\">\n                    <div class=\"filters_nav_list\">\n                        <p class=\"filters_nav_list_title\">Publications<\/p>\n                        <label class=\"filters_nav_list_item\"><input class=\"filters_nav_list_check\" type=\"checkbox\" data-type=\"new\" checked><span class=\"filters_nav_list_text\">Newest<\/span><\/label>\n                        <label class=\"filters_nav_list_item\"><input class=\"filters_nav_list_check\" type=\"checkbox\" data-type=\"old\"><span class=\"filters_nav_list_text\">Oldest<\/span><\/label>\n                        <label class=\"filters_nav_list_item\"><input class=\"filters_nav_list_check\" type=\"checkbox\" data-type=\"a-z\"><span class=\"filters_nav_list_text\">A-Z<\/span><\/label>\n                        <label class=\"filters_nav_list_item\"><input class=\"filters_nav_list_check\" type=\"checkbox\" data-type=\"z-a\"><span class=\"filters_nav_list_text\">Z-A<\/span><\/label>\n                    <\/div>\n                <\/div>\n            <\/div>\n        <\/div>\n    <\/div>\n\n    <div class=\"articles\">\n        <div class=\"cards_loading\" hidden aria-hidden=\"true\">\n            <span class=\"spinner\" aria-label=\"Cargando\"><\/span>\n        <\/div>\n        <div class=\"container list\">\n            \n        <\/div>\n    <\/div>\n\n    <\/div>\n\n\n\r\n<section id=\"ContactForm-block_78eea96b103d926775720805d3fda376\" class=\"ContactForm\">\r\n\r\n    <div class=\"subscribe\">\r\n        <div class=\"container\">\r\n            <div class=\"subscribe_header\" style=\"background-image: url('https:\/\/aurenweb-stg.servidortemporal.net\/uy\/wp-content\/uploads\/2024\/12\/subscribe-image-1024x585.webp')\">\r\n                <div class=\"subscribe_header_title\">\r\n                    <h3>Don\u2019t miss our updates. Subscribe!<\/h3>\n                <\/div>\r\n                <div class=\"subscribe_header_kicker\">\r\n                    <span>BLOG<\/span>\r\n                <\/div>\r\n            <\/div>\r\n            <div class=\"subscribe_text\">\r\n                \n<div class=\"wpcf7 no-js\" id=\"wpcf7-f14227-o1\" lang=\"en-US\" dir=\"ltr\" data-wpcf7-id=\"14227\">\n<div class=\"screen-reader-response\"><p role=\"status\" aria-live=\"polite\" aria-atomic=\"true\"><\/p> <ul><\/ul><\/div>\n<form action=\"\/uy\/en\/wp-json\/wp\/v2\/pages\/7767#wpcf7-f14227-o1\" method=\"post\" class=\"wpcf7-form init\" aria-label=\"Contact form\" novalidate=\"novalidate\" data-status=\"init\">\n<div style=\"display: none;\">\n<input type=\"hidden\" name=\"_wpcf7\" value=\"14227\" \/>\n<input type=\"hidden\" name=\"_wpcf7_version\" value=\"6.0.2\" \/>\n<input type=\"hidden\" name=\"_wpcf7_locale\" value=\"en_US\" \/>\n<input type=\"hidden\" name=\"_wpcf7_unit_tag\" value=\"wpcf7-f14227-o1\" \/>\n<input type=\"hidden\" name=\"_wpcf7_container_post\" value=\"0\" \/>\n<input type=\"hidden\" name=\"_wpcf7_posted_data_hash\" value=\"\" \/>\n<\/div>\n<p><input type=\"hidden\" name=\"token\" id=\"token\" \/>\n<\/p>\n<div class=\"subscribe_field subscribe_field-placeholder\">\n\t<p><span class=\"wpcf7-form-control-wrap\" data-name=\"name\"><input size=\"40\" maxlength=\"400\" class=\"wpcf7-form-control wpcf7-text wpcf7-validates-as-required\" id=\"name\" autocomplete=\"name\" aria-required=\"true\" aria-invalid=\"false\" value=\"\" type=\"text\" name=\"name\" \/><\/span><label for=\"name\">Nombre completo<span>*<\/span><\/label>\n\t<\/p>\n<\/div>\n<div class=\"subscribe_field subscribe_field-placeholder\">\n\t<p><span class=\"wpcf7-form-control-wrap\" data-name=\"validate_email\"><input size=\"40\" maxlength=\"400\" class=\"wpcf7-form-control wpcf7-email wpcf7-validates-as-required wpcf7-text wpcf7-validates-as-email\" id=\"validate_email\" autocomplete=\"email\" aria-required=\"true\" aria-invalid=\"false\" value=\"\" type=\"email\" name=\"validate_email\" \/><\/span><label for=\"validate_email\">Email<span>*<\/span><\/label>\n\t<\/p>\n<\/div>\n<div class=\"subscribe_field subscribe_field-select\">\n\t<p><label for=\"services\">Servicios<\/label><span class=\"wpcf7-form-control-wrap\" data-name=\"services\"><span class=\"wpcf7-form-control wpcf7-checkbox wpcf7-validates-as-required\"><span class=\"wpcf7-list-item first\"><label><input type=\"checkbox\" name=\"services[]\" value=\"3634\" \/><span class=\"wpcf7-list-item-label\">Consulting<\/span><\/label><\/span><span class=\"wpcf7-list-item\"><label><input type=\"checkbox\" name=\"services[]\" value=\"3637\" \/><span class=\"wpcf7-list-item-label\">Information technology<\/span><\/label><\/span><span class=\"wpcf7-list-item\"><label><input type=\"checkbox\" name=\"services[]\" value=\"3645\" \/><span class=\"wpcf7-list-item-label\">Human Management Consulting<\/span><\/label><\/span><span class=\"wpcf7-list-item last\"><label><input type=\"checkbox\" name=\"services[]\" value=\"3651\" \/><span class=\"wpcf7-list-item-label\">Auditing and Assurance<\/span><\/label><\/span><\/span><\/span>\n\t<\/p>\n<\/div>\n<div class=\"subscribe_field subscribe_field-check\">\n\t<p><span class=\"wpcf7-form-control-wrap\" data-name=\"privacy\"><span class=\"wpcf7-form-control wpcf7-acceptance\"><span class=\"wpcf7-list-item\"><label><input type=\"checkbox\" name=\"privacy\" value=\"1\" aria-invalid=\"false\" \/><span class=\"wpcf7-list-item-label\">He le\u00eddo y acepto el\u00a0\u00a0<a href=\"https:\/\/aurenweb-stg.servidortemporal.net\/uy\/aviso-legal\/\">aviso legal<\/a>\u00a0y la\u00a0<a href=\"https:\/\/aurenweb-stg.servidortemporal.net\/uy\/politica-de-privacidad\/\">Pol\u00edtica de Privacidad.<\/a><span>*<\/span><\/span><\/label><\/span><\/span><\/span>\n\t<\/p>\n<\/div>\n<div class=\"subscribe_note\">\n\t<p>Por el hecho de marcar la casilla que indica \u201cHe le\u00eddo y acepto la Pol\u00edtica de Privacidad\u201d y hacer clic en el bot\u00f3n \u201cenviar\u201d, usted est\u00e1 prestando su consentimiento expreso e inequ\u00edvoco para que sus datos sean tratados por los responsables del tratamiento con el objeto de dar respuesta a su mensaje. Sus datos no ser\u00e1n cedidos a terceros ajenos al Grupo Auren y ser\u00e1n eliminados una vez le remitamos nuestra respuesta. En cualquier caso, podr\u00e1 consultar m\u00e1s informaci\u00f3n acerca del ejercicio de los derechos de acceso, rectificaci\u00f3n, supresi\u00f3n, portabilidad, limitaci\u00f3n y oposici\u00f3n al tratamiento de sus datos personales y sobre el tratamiento de sus datos en nuestra\u202f<a href=\"https:\/\/aurenweb-stg.servidortemporal.net\/uy\/politica-de-privacidad\/\">Pol\u00edtica de Privacidad.<\/a>\n\t<\/p>\n<\/div>\n<div>\n\t<p><button type=\"submit\" class=\"wpcf7-form-control wpcf7-submit button button-primary button-icon\">Suscribirse<\/button>\n\t<\/p>\n<\/div><div class=\"wpcf7-response-output\" aria-hidden=\"true\"><\/div>\n<\/form>\n<\/div>\n            <\/div>\r\n        <\/div>\r\n    <\/div>\r\n\r\n<\/section>\n\n<div id=\"Share-block_358e8a68aa163a165db7ed93324bf7b1\" class=\"Share\">\n    <div class=\"sharer\">\n        <div class=\"container center\">\n            <h3 class='sharer_text'>Follow us on our international social media channels.<\/h3>\n            <nav class=\"sharer_nav\">\n                                                <a class=\"sharer_nav_item share_nav_item_0\" href=\"https:\/\/www.linkedin.com\/company\/auren-uruguay\"\n                    target=\"_blank\">Linkedin<\/a>\n                <style>\n                .Share .share_nav_item_0 {\n                    background-image: url(https:\/\/aurenweb-stg.servidortemporal.net\/uy\/wp-content\/uploads\/2025\/01\/linkedin_icon.svg);\n                }\n\n                .Share .share_nav_item_0:hover {\n                    background-image: url(https:\/\/aurenweb-stg.servidortemporal.net\/uy\/wp-content\/uploads\/2025\/01\/linkedin_icon_white.svg);\n                }\n                <\/style>\n                \n                                                <a class=\"sharer_nav_item share_nav_item_1\" href=\"https:\/\/www.youtube.com\/channel\/UClkpSYFfsAuqdTaVF5whedQ\"\n                    target=\"_blank\">Youtube<\/a>\n                <style>\n                .Share .share_nav_item_1 {\n                    background-image: url(https:\/\/aurenweb-stg.servidortemporal.net\/uy\/wp-content\/uploads\/2024\/12\/ico-youtube-contrast.svg);\n                }\n\n                .Share .share_nav_item_1:hover {\n                    background-image: url(https:\/\/aurenweb-stg.servidortemporal.net\/uy\/wp-content\/uploads\/2024\/12\/ico-youtube.svg);\n                }\n                <\/style>\n                \n                                                <a class=\"sharer_nav_item share_nav_item_2\" href=\"https:\/\/www.facebook.com\/aurenuruguay\"\n                    target=\"_blank\">Facebook<\/a>\n                <style>\n                .Share .share_nav_item_2 {\n                    background-image: url(https:\/\/aurenweb-stg.servidortemporal.net\/uy\/wp-content\/uploads\/2024\/12\/ico-facebook-contrast.svg);\n                }\n\n                .Share .share_nav_item_2:hover {\n                    background-image: url(https:\/\/aurenweb-stg.servidortemporal.net\/uy\/wp-content\/uploads\/2024\/12\/ico-facebook.svg);\n                }\n                <\/style>\n                \n                                                <a class=\"sharer_nav_item share_nav_item_3\" href=\"https:\/\/www.instagram.com\/aurenuruguay\/\"\n                    target=\"_blank\">Instagram<\/a>\n                <style>\n                .Share .share_nav_item_3 {\n                    background-image: url(https:\/\/aurenweb-stg.servidortemporal.net\/uy\/wp-content\/uploads\/2024\/12\/ico-instagram-contrast.svg);\n                }\n\n                .Share .share_nav_item_3:hover {\n                    background-image: url(https:\/\/aurenweb-stg.servidortemporal.net\/uy\/wp-content\/uploads\/2024\/12\/ico-instagram.svg);\n                }\n                <\/style>\n                \n                                                <a class=\"sharer_nav_item share_nav_item_4\" href=\"https:\/\/twitter.com\/AurenUruguay?lang=es\"\n                    target=\"_blank\">X<\/a>\n                <style>\n                .Share .share_nav_item_4 {\n                    background-image: url(https:\/\/aurenweb-stg.servidortemporal.net\/uy\/wp-content\/uploads\/2024\/12\/ico-x-contrast.svg);\n                }\n\n                .Share .share_nav_item_4:hover {\n                    background-image: url(https:\/\/aurenweb-stg.servidortemporal.net\/uy\/wp-content\/uploads\/2024\/12\/ico-x.svg);\n                }\n                <\/style>\n                \n                            <\/nav>\n        <\/div>\n    <\/div>\n<\/div>","protected":false},"excerpt":{"rendered":"","protected":false},"author":2,"featured_media":0,"parent":7759,"menu_order":0,"comment_status":"closed","ping_status":"closed","template":"","meta":{"_acf_changed":false,"footnotes":""},"class_list":["post-7767","page","type-page","status-publish","hentry"],"acf":[],"_links":{"self":[{"href":"https:\/\/aurenweb-stg.servidortemporal.net\/uy\/en\/wp-json\/wp\/v2\/pages\/7767","targetHints":{"allow":["GET"]}}],"collection":[{"href":"https:\/\/aurenweb-stg.servidortemporal.net\/uy\/en\/wp-json\/wp\/v2\/pages"}],"about":[{"href":"https:\/\/aurenweb-stg.servidortemporal.net\/uy\/en\/wp-json\/wp\/v2\/types\/page"}],"author":[{"embeddable":true,"href":"https:\/\/aurenweb-stg.servidortemporal.net\/uy\/en\/wp-json\/wp\/v2\/users\/2"}],"replies":[{"embeddable":true,"href":"https:\/\/aurenweb-stg.servidortemporal.net\/uy\/en\/wp-json\/wp\/v2\/comments?post=7767"}],"version-history":[{"count":2,"href":"https:\/\/aurenweb-stg.servidortemporal.net\/uy\/en\/wp-json\/wp\/v2\/pages\/7767\/revisions"}],"predecessor-version":[{"id":14241,"href":"https:\/\/aurenweb-stg.servidortemporal.net\/uy\/en\/wp-json\/wp\/v2\/pages\/7767\/revisions\/14241"}],"up":[{"embeddable":true,"href":"https:\/\/aurenweb-stg.servidortemporal.net\/uy\/en\/wp-json\/wp\/v2\/pages\/7759"}],"wp:attachment":[{"href":"https:\/\/aurenweb-stg.servidortemporal.net\/uy\/en\/wp-json\/wp\/v2\/media?parent=7767"}],"curies":[{"name":"wp","href":"https:\/\/api.w.org\/{rel}","templated":true}]}}