{"id":7771,"date":"2024-12-30T13:54:02","date_gmt":"2024-12-30T12:54:02","guid":{"rendered":"https:\/\/aurenweb-stg.servidortemporal.net\/uy\/?page_id=7771"},"modified":"2025-01-25T13:28:52","modified_gmt":"2025-01-25T12:28:52","slug":"discover-the-latest-trends","status":"publish","type":"page","link":"https:\/\/aurenweb-stg.servidortemporal.net\/uy\/en\/trends\/discover-the-latest-trends\/","title":{"rendered":"Discover the latest trends"},"content":{"rendered":"<section id=\"Header-block_6f7ff152d0b2b0a84dd89c5b95e4be6d\" class=\"Header\">\r\n\r\n    <div class=\"hero\">\r\n                <div class=\"container\">\r\n            <div class=\"hero_header\">\r\n                                \r\n                <div class=\"hero_header_title\">\r\n                    <h1 class=''>DISCOVER THE<\/h1>\n                <\/div>\r\n\r\n                                                \r\n                <div class=\"hero_header_title\">\r\n                    <h2 class='' style=\"text-align: right;\"><strong>LATEST TRENDS<\/strong><\/h2>\n                <\/div>\r\n\r\n                                                \r\n                <div class=\"hero_header_subtitle\">\r\n                    <p style=\"text-align: right;\">SHAPING THE INDUSTRY TODAY<\/p>\n                <\/div>\r\n\r\n                                \r\n            <\/div>\r\n        <\/div>\r\n        \r\n                <picture>\r\n            <source srcset=\"https:\/\/aurenweb-stg.servidortemporal.net\/uy\/wp-content\/uploads\/2024\/11\/bg-hero-trends.webp\"\r\n                media=\"(min-width: 1200px)\" \/>\r\n            <img loading=\"lazy\" decoding=\"async\" class=\"hero_bg\"\r\n                <img loading=\"lazy\" decoding=\"async\" width=\"640\" height=\"383\" src=\"https:\/\/aurenweb-stg.servidortemporal.net\/uy\/wp-content\/uploads\/2024\/11\/bg-hero-trends-1024x612.webp\" class=\"hero_bg\" alt=\"\" srcset=\"https:\/\/aurenweb-stg.servidortemporal.net\/uy\/wp-content\/uploads\/2024\/11\/bg-hero-trends-1024x612.webp 1024w, https:\/\/aurenweb-stg.servidortemporal.net\/uy\/wp-content\/uploads\/2024\/11\/bg-hero-trends-300x179.webp 300w, https:\/\/aurenweb-stg.servidortemporal.net\/uy\/wp-content\/uploads\/2024\/11\/bg-hero-trends-768x459.webp 768w, https:\/\/aurenweb-stg.servidortemporal.net\/uy\/wp-content\/uploads\/2024\/11\/bg-hero-trends.webp 1200w\" sizes=\"auto, (max-width: 640px) 100vw, 640px\" \/>>\r\n        <\/picture>\r\n        \r\n                        <p class=\"hero_scroll\"><strong>Explore More<\/strong> Scroll down<\/p>\r\n                    <\/div>\r\n\r\n<\/section>\n\n\r\n<section id=\"Breadcrumbs-block_773dd18d273a84c41b497f3ec7e394bf\" class=\"Breadcrumbs\">\r\n    \r\n        <nav class=\"breads\" aria-label=\"Breadcrumb\">\r\n            <ul class=\"container\">\r\n                <li><a href=\"https:\/\/aurenweb-stg.servidortemporal.net\/uy\/en\/\">Home<\/a><\/li>\r\n                <li><span aria-current=\"page\">Discover the latest trends<\/span><\/li>            <\/ul>\r\n        <\/nav>\r\n\r\n                                                                                     \r\n    \r\n<\/section>\r\n\n\n<div id=\"TitleSubtitleText-block_b45ddfb68c38a3ebd49d56cbfc7ceca0\" class=\"TitleSubtitleText\">\n\n    <section class=\"headlines v1\">\n        <div class=\"container\">\n                        <div class=\"headlines_title\">\n                <h2 class=''>BOOST YOUR BUSINESS WITH EXPERT TIPS<\/h2>\n            <\/div>\n                                    <div class=\"headlines_content\">\n                                                <div class=\"headlines_description\">\n                    <p>Here is the information about different disciplines that will help you in your business and about the current market trends.<\/p>\n                <\/div>\n                                            <\/div>\n                    <\/div>\n    <\/section>\n\n<\/div>\n\n\n<div id=\"TrendsDistributive-block_d5fb2baf633e45a45563bb4e4ed9f439\" class=\"TrendsDistributive\" data-per-page=\"9\" data-type=\"all\" data-tags=\"show\">\n\n    \n    <div class=\"categories\">\n        <div class=\"container\">\n            <div class=\"categories_title\">\n                <h3 class=''>TRENDS<\/h3>\n            <\/div>\n            <div class=\"categories_nav\">\n                <a class=\"categories_nav_button\" href=\"#\">Sort By Category<\/a>\n                <div class=\"categories_nav_content\">\n                    <div class=\"categories_nav_tags\">\n                        <span class=\"categories_nav_tags_item\">Blog<\/span>\n                    <\/div>\n                    <div class=\"categories_nav_list\">\n                        <label class=\"categories_nav_list_item\"><input class=\"categories_nav_list_check\" type=\"checkbox\" data-type=\"post\" data-value=\"all\" checked><span class=\"categories_nav_list_text\">All Categories<\/span><\/label>\n                                            <\/div>\n                <\/div>\n            <\/div>\n        <\/div>\n    <\/div>\n        <div class=\"articles\">\n\n        <div class=\"container\">\n            \n            \n            \n        <\/div>\n    <\/div>\n\n    <div class=\"filters\">\n\n        <div class=\"container\">\n            <div class=\"filters_title\">\n                <h4 class=\"active\">ALL ARTICLES<\/h4>\n                                <h4 class=\"\">News<\/h4>\n                                <h4 class=\"\">Blog<\/h4>\n                                <h4 class=\"\">Publications<\/h4>\n                                <h4 class=\"\">Videos<\/h4>\n                            <\/div>\n            <div class=\"filters_nav\">\n\n                <div id=\"filters-search-panel\" class=\"filters_search\" role=\"search\" hidden>\n                    <input\n                            type=\"text\"\n                            class=\"filters_search_input\"\n                            placeholder=\"Buscar...\"\n                            value=\"\"\n                            aria-label=\"Buscar\"\n                    \/>\n                    <button type=\"button\" class=\"filters_search_clear\" aria-label=\"Limpiar b\u00fasqueda\"><\/button>\n                <\/div>\n                <button type=\"button\"\n                        class=\"filters_search_toggle\"\n                        aria-expanded=\"false\"\n                        aria-controls=\"filters-search-panel\"\n                        aria-label=\"Abrir buscador\">\n                <\/button>\n                <a class=\"filters_nav_button\" href=\"#\">Sort By<\/a>\n\n                <!-- Aqu\u00ed la lupa para buscar -->\n                <div class=\"filters_nav_content\">\n                    <div class=\"filters_nav_list\">\n                        <p class=\"filters_nav_list_title\">ALL ARTICLES<\/p>\n                        <label class=\"filters_nav_list_item\"><input class=\"filters_nav_list_check\" type=\"checkbox\" data-type=\"new\" checked><span class=\"filters_nav_list_text\">Newest<\/span><\/label>\n                        <label class=\"filters_nav_list_item\"><input class=\"filters_nav_list_check\" type=\"checkbox\" data-type=\"old\"><span class=\"filters_nav_list_text\">Oldest<\/span><\/label>\n                        <label class=\"filters_nav_list_item\"><input class=\"filters_nav_list_check\" type=\"checkbox\" data-type=\"a-z\"><span class=\"filters_nav_list_text\">A-Z<\/span><\/label>\n                        <label class=\"filters_nav_list_item\"><input class=\"filters_nav_list_check\" type=\"checkbox\" data-type=\"z-a\"><span class=\"filters_nav_list_text\">Z-A<\/span><\/label>\n                    <\/div>\n                <\/div>\n            <\/div>\n        <\/div>\n    <\/div>\n\n    <div class=\"articles\">\n        <div class=\"cards_loading\" hidden aria-hidden=\"true\">\n            <span class=\"spinner\" aria-label=\"Cargando\"><\/span>\n        <\/div>\n        <div class=\"container list\">\n            \n        <\/div>\n    <\/div>\n\n    <\/div>\n\n\n\r\n<section id=\"ContactForm-block_7896801dd9691b35589655a64c6b8747\" class=\"ContactForm\">\r\n\r\n    <div class=\"subscribe\">\r\n        <div class=\"container\">\r\n            <div class=\"subscribe_header\" style=\"background-image: url('https:\/\/aurenweb-stg.servidortemporal.net\/uy\/wp-content\/uploads\/2024\/12\/subscribe-image-1024x585.webp')\">\r\n                <div class=\"subscribe_header_title\">\r\n                    <h3>Don\u2019t miss our updates. Subscribe!<\/h3>\n                <\/div>\r\n                <div class=\"subscribe_header_kicker\">\r\n                    <span>BLOG<\/span>\r\n                <\/div>\r\n            <\/div>\r\n            <div class=\"subscribe_text\">\r\n                \n<div class=\"wpcf7 no-js\" id=\"wpcf7-f14227-o1\" lang=\"en-US\" dir=\"ltr\" data-wpcf7-id=\"14227\">\n<div class=\"screen-reader-response\"><p role=\"status\" aria-live=\"polite\" aria-atomic=\"true\"><\/p> <ul><\/ul><\/div>\n<form action=\"\/uy\/en\/wp-json\/wp\/v2\/pages\/7771#wpcf7-f14227-o1\" method=\"post\" class=\"wpcf7-form init\" aria-label=\"Contact form\" novalidate=\"novalidate\" data-status=\"init\">\n<div style=\"display: none;\">\n<input type=\"hidden\" name=\"_wpcf7\" value=\"14227\" \/>\n<input type=\"hidden\" name=\"_wpcf7_version\" value=\"6.0.2\" \/>\n<input type=\"hidden\" name=\"_wpcf7_locale\" value=\"en_US\" \/>\n<input type=\"hidden\" name=\"_wpcf7_unit_tag\" value=\"wpcf7-f14227-o1\" \/>\n<input type=\"hidden\" name=\"_wpcf7_container_post\" value=\"0\" \/>\n<input type=\"hidden\" name=\"_wpcf7_posted_data_hash\" value=\"\" \/>\n<\/div>\n<p><input type=\"hidden\" name=\"token\" id=\"token\" \/>\n<\/p>\n<div class=\"subscribe_field subscribe_field-placeholder\">\n\t<p><span class=\"wpcf7-form-control-wrap\" data-name=\"name\"><input size=\"40\" maxlength=\"400\" class=\"wpcf7-form-control wpcf7-text wpcf7-validates-as-required\" id=\"name\" autocomplete=\"name\" aria-required=\"true\" aria-invalid=\"false\" value=\"\" type=\"text\" name=\"name\" \/><\/span><label for=\"name\">Nombre completo<span>*<\/span><\/label>\n\t<\/p>\n<\/div>\n<div class=\"subscribe_field subscribe_field-placeholder\">\n\t<p><span class=\"wpcf7-form-control-wrap\" data-name=\"validate_email\"><input size=\"40\" maxlength=\"400\" class=\"wpcf7-form-control wpcf7-email wpcf7-validates-as-required wpcf7-text wpcf7-validates-as-email\" id=\"validate_email\" autocomplete=\"email\" aria-required=\"true\" aria-invalid=\"false\" value=\"\" type=\"email\" name=\"validate_email\" \/><\/span><label for=\"validate_email\">Email<span>*<\/span><\/label>\n\t<\/p>\n<\/div>\n<div class=\"subscribe_field subscribe_field-select\">\n\t<p><label for=\"services\">Servicios<\/label><span class=\"wpcf7-form-control-wrap\" data-name=\"services\"><span class=\"wpcf7-form-control wpcf7-checkbox wpcf7-validates-as-required\"><span class=\"wpcf7-list-item first\"><label><input type=\"checkbox\" name=\"services[]\" value=\"3634\" \/><span class=\"wpcf7-list-item-label\">Consulting<\/span><\/label><\/span><span class=\"wpcf7-list-item\"><label><input type=\"checkbox\" name=\"services[]\" value=\"3637\" \/><span class=\"wpcf7-list-item-label\">Information technology<\/span><\/label><\/span><span class=\"wpcf7-list-item\"><label><input type=\"checkbox\" name=\"services[]\" value=\"3645\" \/><span class=\"wpcf7-list-item-label\">Human Management Consulting<\/span><\/label><\/span><span class=\"wpcf7-list-item last\"><label><input type=\"checkbox\" name=\"services[]\" value=\"3651\" \/><span class=\"wpcf7-list-item-label\">Auditing and Assurance<\/span><\/label><\/span><\/span><\/span>\n\t<\/p>\n<\/div>\n<div class=\"subscribe_field subscribe_field-check\">\n\t<p><span class=\"wpcf7-form-control-wrap\" data-name=\"privacy\"><span class=\"wpcf7-form-control wpcf7-acceptance\"><span class=\"wpcf7-list-item\"><label><input type=\"checkbox\" name=\"privacy\" value=\"1\" aria-invalid=\"false\" \/><span class=\"wpcf7-list-item-label\">He le\u00eddo y acepto el\u00a0\u00a0<a href=\"https:\/\/aurenweb-stg.servidortemporal.net\/uy\/aviso-legal\/\">aviso legal<\/a>\u00a0y la\u00a0<a href=\"https:\/\/aurenweb-stg.servidortemporal.net\/uy\/politica-de-privacidad\/\">Pol\u00edtica de Privacidad.<\/a><span>*<\/span><\/span><\/label><\/span><\/span><\/span>\n\t<\/p>\n<\/div>\n<div class=\"subscribe_note\">\n\t<p>Por el hecho de marcar la casilla que indica \u201cHe le\u00eddo y acepto la Pol\u00edtica de Privacidad\u201d y hacer clic en el bot\u00f3n \u201cenviar\u201d, usted est\u00e1 prestando su consentimiento expreso e inequ\u00edvoco para que sus datos sean tratados por los responsables del tratamiento con el objeto de dar respuesta a su mensaje. Sus datos no ser\u00e1n cedidos a terceros ajenos al Grupo Auren y ser\u00e1n eliminados una vez le remitamos nuestra respuesta. En cualquier caso, podr\u00e1 consultar m\u00e1s informaci\u00f3n acerca del ejercicio de los derechos de acceso, rectificaci\u00f3n, supresi\u00f3n, portabilidad, limitaci\u00f3n y oposici\u00f3n al tratamiento de sus datos personales y sobre el tratamiento de sus datos en nuestra\u202f<a href=\"https:\/\/aurenweb-stg.servidortemporal.net\/uy\/politica-de-privacidad\/\">Pol\u00edtica de Privacidad.<\/a>\n\t<\/p>\n<\/div>\n<div>\n\t<p><button type=\"submit\" class=\"wpcf7-form-control wpcf7-submit button button-primary button-icon\">Suscribirse<\/button>\n\t<\/p>\n<\/div><div class=\"wpcf7-response-output\" aria-hidden=\"true\"><\/div>\n<\/form>\n<\/div>\n            <\/div>\r\n        <\/div>\r\n    <\/div>\r\n\r\n<\/section>","protected":false},"excerpt":{"rendered":"","protected":false},"author":2,"featured_media":0,"parent":7759,"menu_order":0,"comment_status":"closed","ping_status":"closed","template":"","meta":{"_acf_changed":false,"footnotes":""},"class_list":["post-7771","page","type-page","status-publish","hentry"],"acf":[],"_links":{"self":[{"href":"https:\/\/aurenweb-stg.servidortemporal.net\/uy\/en\/wp-json\/wp\/v2\/pages\/7771","targetHints":{"allow":["GET"]}}],"collection":[{"href":"https:\/\/aurenweb-stg.servidortemporal.net\/uy\/en\/wp-json\/wp\/v2\/pages"}],"about":[{"href":"https:\/\/aurenweb-stg.servidortemporal.net\/uy\/en\/wp-json\/wp\/v2\/types\/page"}],"author":[{"embeddable":true,"href":"https:\/\/aurenweb-stg.servidortemporal.net\/uy\/en\/wp-json\/wp\/v2\/users\/2"}],"replies":[{"embeddable":true,"href":"https:\/\/aurenweb-stg.servidortemporal.net\/uy\/en\/wp-json\/wp\/v2\/comments?post=7771"}],"version-history":[{"count":2,"href":"https:\/\/aurenweb-stg.servidortemporal.net\/uy\/en\/wp-json\/wp\/v2\/pages\/7771\/revisions"}],"predecessor-version":[{"id":14243,"href":"https:\/\/aurenweb-stg.servidortemporal.net\/uy\/en\/wp-json\/wp\/v2\/pages\/7771\/revisions\/14243"}],"up":[{"embeddable":true,"href":"https:\/\/aurenweb-stg.servidortemporal.net\/uy\/en\/wp-json\/wp\/v2\/pages\/7759"}],"wp:attachment":[{"href":"https:\/\/aurenweb-stg.servidortemporal.net\/uy\/en\/wp-json\/wp\/v2\/media?parent=7771"}],"curies":[{"name":"wp","href":"https:\/\/api.w.org\/{rel}","templated":true}]}}