{"id":4451,"date":"2024-12-30T15:12:14","date_gmt":"2024-12-30T14:12:14","guid":{"rendered":"https:\/\/aurenweb-stg.servidortemporal.net\/uy\/?page_id=4451"},"modified":"2025-01-25T13:23:13","modified_gmt":"2025-01-25T12:23:13","slug":"subscribe","status":"publish","type":"page","link":"https:\/\/aurenweb-stg.servidortemporal.net\/uy\/subscribe\/","title":{"rendered":"Subscribe"},"content":{"rendered":"<section id=\"SubscribeForm-block_86b5d602ec152c09b59dc89defc0c5ce\" class=\"subscribe SubscribeForm v2\">\n    \n    <div class=\"container\">\n        <div class=\"subscribe_header\">\n            <div class=\"subscribe_header_title\">\n                <h1>SUSCR\u00cdBETE A<br \/>\nNUESTRAS NOVEDADES<\/h1>\n            <\/div>\n            <div class=\"subscribe_header_kicker\">\n                <p style=\"text-align: right;\">MANT\u00c9NGASE AL D\u00cdA DE LAS NOVEDADES<br \/>\nY PR\u00d3XIMOS EVENTOS.<\/p>\n            <\/div>\n        <\/div>\n        <div class=\"subscribe_text\">\n            \n<div class=\"wpcf7 no-js\" id=\"wpcf7-f14226-o1\" lang=\"es-ES\" dir=\"ltr\" data-wpcf7-id=\"14226\">\n<div class=\"screen-reader-response\"><p role=\"status\" aria-live=\"polite\" aria-atomic=\"true\"><\/p> <ul><\/ul><\/div>\n<form action=\"\/uy\/wp-json\/wp\/v2\/pages\/4451#wpcf7-f14226-o1\" method=\"post\" class=\"wpcf7-form init\" aria-label=\"Formulario de contacto\" novalidate=\"novalidate\" data-status=\"init\">\n<div style=\"display: none;\">\n<input type=\"hidden\" name=\"_wpcf7\" value=\"14226\" \/>\n<input type=\"hidden\" name=\"_wpcf7_version\" value=\"6.0.2\" \/>\n<input type=\"hidden\" name=\"_wpcf7_locale\" value=\"es_ES\" \/>\n<input type=\"hidden\" name=\"_wpcf7_unit_tag\" value=\"wpcf7-f14226-o1\" \/>\n<input type=\"hidden\" name=\"_wpcf7_container_post\" value=\"0\" \/>\n<input type=\"hidden\" name=\"_wpcf7_posted_data_hash\" value=\"\" \/>\n<\/div>\n<p><input type=\"hidden\" name=\"token\" id=\"token\" \/>\n<\/p>\n<div class=\"subscribe_field subscribe_field-placeholder\">\n\t<p><span class=\"wpcf7-form-control-wrap\" data-name=\"name\"><input size=\"40\" maxlength=\"400\" class=\"wpcf7-form-control wpcf7-text wpcf7-validates-as-required\" id=\"name\" autocomplete=\"name\" aria-required=\"true\" aria-invalid=\"false\" value=\"\" type=\"text\" name=\"name\" \/><\/span><label for=\"name\">Nombre completo<span>*<\/span><\/label>\n\t<\/p>\n<\/div>\n<div class=\"subscribe_field subscribe_field-placeholder\">\n\t<p><span class=\"wpcf7-form-control-wrap\" data-name=\"validate_email\"><input size=\"40\" maxlength=\"400\" class=\"wpcf7-form-control wpcf7-email wpcf7-validates-as-required wpcf7-text wpcf7-validates-as-email\" id=\"validate_email\" autocomplete=\"email\" aria-required=\"true\" aria-invalid=\"false\" value=\"\" type=\"email\" name=\"validate_email\" \/><\/span><label for=\"validate_email\">Email<span>*<\/span><\/label>\n\t<\/p>\n<\/div>\n<div class=\"subscribe_field subscribe_field-select\">\n\t<p><label for=\"services\">Servicios<\/label><span class=\"wpcf7-form-control-wrap\" data-name=\"services\"><span class=\"wpcf7-form-control wpcf7-checkbox wpcf7-validates-as-required\"><span class=\"wpcf7-list-item first\"><label><input type=\"checkbox\" name=\"services[]\" value=\"3612\" \/><span class=\"wpcf7-list-item-label\">Consultor\u00eda<\/span><\/label><\/span><span class=\"wpcf7-list-item\"><label><input type=\"checkbox\" name=\"services[]\" value=\"3613\" \/><span class=\"wpcf7-list-item-label\">Tecnolog\u00eda de la informaci\u00f3n<\/span><\/label><\/span><span class=\"wpcf7-list-item\"><label><input type=\"checkbox\" name=\"services[]\" value=\"3617\" \/><span class=\"wpcf7-list-item-label\">Consultor\u00eda en Gesti\u00f3n Humana<\/span><\/label><\/span><span class=\"wpcf7-list-item last\"><label><input type=\"checkbox\" name=\"services[]\" value=\"3618\" \/><span class=\"wpcf7-list-item-label\">Auditor\u00eda y Assurance<\/span><\/label><\/span><\/span><\/span>\n\t<\/p>\n<\/div>\n<div class=\"subscribe_field subscribe_field-check\">\n\t<p><span class=\"wpcf7-form-control-wrap\" data-name=\"privacy\"><span class=\"wpcf7-form-control wpcf7-acceptance\"><span class=\"wpcf7-list-item\"><label><input type=\"checkbox\" name=\"privacy\" value=\"1\" aria-invalid=\"false\" \/><span class=\"wpcf7-list-item-label\">He le\u00eddo y acepto el\u00a0\u00a0<a href=\"https:\/\/aurenweb-stg.servidortemporal.net\/uy\/aviso-legal\/\">aviso legal<\/a>\u00a0y la\u00a0<a href=\"https:\/\/aurenweb-stg.servidortemporal.net\/uy\/politica-de-privacidad\/\">Pol\u00edtica de Privacidad.<\/a><span>*<\/span><\/span><\/label><\/span><\/span><\/span>\n\t<\/p>\n<\/div>\n<div class=\"subscribe_note\">\n\t<p>Por el hecho de marcar la casilla que indica \u201cHe le\u00eddo y acepto la Pol\u00edtica de Privacidad\u201d y hacer clic en el bot\u00f3n \u201cenviar\u201d, usted est\u00e1 prestando su consentimiento expreso e inequ\u00edvoco para que sus datos sean tratados por los responsables del tratamiento con el objeto de dar respuesta a su mensaje. Sus datos no ser\u00e1n cedidos a terceros ajenos al Grupo Auren y ser\u00e1n eliminados una vez le remitamos nuestra respuesta. En cualquier caso, podr\u00e1 consultar m\u00e1s informaci\u00f3n acerca del ejercicio de los derechos de acceso, rectificaci\u00f3n, supresi\u00f3n, portabilidad, limitaci\u00f3n y oposici\u00f3n al tratamiento de sus datos personales y sobre el tratamiento de sus datos en nuestra\u202f<a href=\"https:\/\/aurenweb-stg.servidortemporal.net\/uy\/politica-de-privacidad\/\">Pol\u00edtica de Privacidad.<\/a>\n\t<\/p>\n<\/div>\n<div>\n\t<p><button type=\"submit\" class=\"wpcf7-form-control wpcf7-submit button button-primary button-icon\">Suscribirse<\/button>\n\t<\/p>\n<\/div><div class=\"wpcf7-response-output\" aria-hidden=\"true\"><\/div>\n<\/form>\n<\/div>\n        <\/div>\n    <\/div>\n\n    \n\n\n\n<\/section>\n","protected":false},"excerpt":{"rendered":"","protected":false},"author":2,"featured_media":0,"parent":0,"menu_order":0,"comment_status":"closed","ping_status":"closed","template":"","meta":{"_acf_changed":false,"footnotes":""},"class_list":["post-4451","page","type-page","status-publish","hentry"],"acf":[],"_links":{"self":[{"href":"https:\/\/aurenweb-stg.servidortemporal.net\/uy\/wp-json\/wp\/v2\/pages\/4451","targetHints":{"allow":["GET"]}}],"collection":[{"href":"https:\/\/aurenweb-stg.servidortemporal.net\/uy\/wp-json\/wp\/v2\/pages"}],"about":[{"href":"https:\/\/aurenweb-stg.servidortemporal.net\/uy\/wp-json\/wp\/v2\/types\/page"}],"author":[{"embeddable":true,"href":"https:\/\/aurenweb-stg.servidortemporal.net\/uy\/wp-json\/wp\/v2\/users\/2"}],"replies":[{"embeddable":true,"href":"https:\/\/aurenweb-stg.servidortemporal.net\/uy\/wp-json\/wp\/v2\/comments?post=4451"}],"version-history":[{"count":2,"href":"https:\/\/aurenweb-stg.servidortemporal.net\/uy\/wp-json\/wp\/v2\/pages\/4451\/revisions"}],"predecessor-version":[{"id":14229,"href":"https:\/\/aurenweb-stg.servidortemporal.net\/uy\/wp-json\/wp\/v2\/pages\/4451\/revisions\/14229"}],"wp:attachment":[{"href":"https:\/\/aurenweb-stg.servidortemporal.net\/uy\/wp-json\/wp\/v2\/media?parent=4451"}],"curies":[{"name":"wp","href":"https:\/\/api.w.org\/{rel}","templated":true}]}}